{"id":50314,"date":"2025-01-07T17:32:19","date_gmt":"2025-01-07T17:32:19","guid":{"rendered":"https:\/\/hairdeluxe.ee\/?post_type=product&#038;p=50314"},"modified":"2025-03-18T19:22:18","modified_gmt":"2025-03-18T19:22:18","slug":"balmain-hair-juukseklamber-krabi-imperiale-velvet-burgundy-xl-pince-imperiale-velvet-burgundy-xl","status":"publish","type":"product","link":"https:\/\/hairdeluxe.ee\/en\/product\/balmain-hair-juukseklamber-krabi-imperiale-velvet-burgundy-xl-pince-imperiale-velvet-burgundy-xl\/","title":{"rendered":"BALMAIN HAIR juukseklamber krabi Imperiale Velvet Burgundy XL \/ Pince Imperiale Velvet Burgundy XL"},"content":{"rendered":"","protected":false},"excerpt":{"rendered":"<p>K\u00e4sit\u00f6\u00f6na loodud XL juukseklamber on kasutatud vastupidavast ja keskkonnas\u00f5bralikust bioplastikust. Bioplastiku looduslik koostis ei erita m\u00fcrgiseid \u00fchendeid meie organismi. Juukseklamber on burgundia punases sametises toonis ning sellel on Balmain Hair 18K kullatud \u201cB\u201d logo. Pince \u00e0 Cheveux Imperiale sobib suurep\u00e4raselt elegantselt sassis krunni v\u00f5i k\u00f5rge hobusesaba kinnitamiseks ning on spetsiaalselt loodud pikkadele ja paksudele juuste kinnitamisesks kaunisse soengusse.<br \/>\nLimiteeritud v\u00e4ljaandega Pince \u00e0 Cheveux Imp\u00e9riale Velvet Burgundy juuksekalmber on inspireeritud Muse D\u2019Amour kollektsioonist ning tabab kaunilt moodsa muusa elegantsi ja romantikat. Sellel traditsioonilisi tehnikaid kasutades k\u00e4sitsi valmistatud peenel juukseaksessuaaril on vapustav sametine burgundia toon, mis kehastab ajatut ilu ja tugevust.<br \/>\nJuukseklambril on revolutsiooniline mehhanism Juukseklambri sees olev ainulaadne elastne kinnituss\u00fcsteem tagab juukseklambri kindla p\u00fcsivuse soengus, ilma juustest v\u00e4lja libisemiseta. Seet\u00f5ttu sobib see juukseklamber k\u00f5ikidele juukset\u00fc\u00fcpidele- nii \u00f5hukestele kui paksudele. Kogu kinnituss\u00fcsteem on elegantselt varjatud ja n\u00e4htamatu.<\/p>\n<p>\u2013 Juukseklambri ainulaadne soengusse kinnituss\u00fcsteem<br \/>\n\u2013 18K kullaga kaetud BALMAIN B-logo<br \/>\n\u2013 Hoiab 3x rohkem juukseid elegantselt soengus<br \/>\n\u2013 Pikkadele ja paksudele juustele soengus hoidmiseks<br \/>\n\u2013 Keskkonnale s\u00f5bralik<br \/>\n\u2013 Allergiavaba<\/p>\n","protected":false},"featured_media":50319,"template":"","meta":[],"product_brand":[464],"product_cat":[96,266,268,121,192],"product_tag":[],"class_list":{"0":"post-50314","1":"product","2":"type-product","3":"status-publish","4":"has-post-thumbnail","6":"product_brand-balmain-hair","7":"product_cat-aksessuaarid","8":"product_cat-balmain-hair","9":"product_cat-juukseklambrid","10":"product_cat-koik-tooted","11":"product_cat-uued-tooted","13":"first","14":"instock","15":"taxable","16":"shipping-taxable","17":"purchasable","18":"product-type-simple","19":"add-to-wishlist-after_add_to_cart"},"yoast_head":"<!-- This site is optimized with the Yoast SEO plugin v27.5 - https:\/\/yoast.com\/product\/yoast-seo-wordpress\/ -->\n<title>BALMAIN HAIR juukseklamber krabi Imperiale Velvet Burgundy XL \/ Pince Imperiale Velvet Burgundy XL - Hair Deluxe<\/title>\n<meta name=\"description\" content=\"K\u00e4sit\u00f6\u00f6na loodud XL juukseklamber Pince \u00e0 Cheveux Imperiale on spetsiaalselt loodud pikkadele ja paksudele juuste kinnitamisesks kaunisse soengusse\" \/>\n<meta name=\"robots\" content=\"index, follow, max-snippet:-1, max-image-preview:large, max-video-preview:-1\" \/>\n<link rel=\"canonical\" href=\"https:\/\/hairdeluxe.ee\/en\/product\/balmain-hair-juukseklamber-krabi-imperiale-velvet-burgundy-xl-pince-imperiale-velvet-burgundy-xl\/\" \/>\n<meta property=\"og:locale\" content=\"en_US\" \/>\n<meta property=\"og:type\" content=\"article\" \/>\n<meta property=\"og:title\" content=\"BALMAIN HAIR juukseklamber krabi Imperiale Velvet Burgundy XL \/ Pince Imperiale Velvet Burgundy XL - Hair Deluxe\" \/>\n<meta property=\"og:description\" content=\"K\u00e4sit\u00f6\u00f6na loodud XL juukseklamber Pince \u00e0 Cheveux Imperiale on spetsiaalselt loodud pikkadele ja paksudele juuste kinnitamisesks kaunisse soengusse\" \/>\n<meta property=\"og:url\" content=\"https:\/\/hairdeluxe.ee\/en\/product\/balmain-hair-juukseklamber-krabi-imperiale-velvet-burgundy-xl-pince-imperiale-velvet-burgundy-xl\/\" \/>\n<meta property=\"og:site_name\" content=\"Hair Deluxe\" \/>\n<meta property=\"article:publisher\" content=\"https:\/\/www.facebook.com\/blowbartallinn\" \/>\n<meta property=\"article:modified_time\" content=\"2025-03-18T19:22:18+00:00\" \/>\n<meta property=\"og:image\" content=\"https:\/\/hairdeluxe.ee\/wp-content\/uploads\/2025\/01\/BalmainHair_Accessories_LimitedEdition_PinceACheveux_Imperiale_VelvetBurgundy_LE_HJ_CA_PIN_IM_M_VB_C1_25_1200x1200.jpg\" \/>\n\t<meta property=\"og:image:width\" content=\"1200\" \/>\n\t<meta property=\"og:image:height\" content=\"1200\" \/>\n\t<meta property=\"og:image:type\" content=\"image\/jpeg\" \/>\n<meta name=\"twitter:card\" content=\"summary_large_image\" \/>\n<meta name=\"twitter:label1\" content=\"Est. reading time\" \/>\n\t<meta name=\"twitter:data1\" content=\"1 minute\" \/>\n<script type=\"application\/ld+json\" class=\"yoast-schema-graph\">{\"@context\":\"https:\\\/\\\/schema.org\",\"@graph\":[{\"@type\":\"WebPage\",\"@id\":\"https:\\\/\\\/hairdeluxe.ee\\\/en\\\/product\\\/balmain-hair-juukseklamber-krabi-imperiale-velvet-burgundy-xl-pince-imperiale-velvet-burgundy-xl\\\/\",\"url\":\"https:\\\/\\\/hairdeluxe.ee\\\/en\\\/product\\\/balmain-hair-juukseklamber-krabi-imperiale-velvet-burgundy-xl-pince-imperiale-velvet-burgundy-xl\\\/\",\"name\":\"BALMAIN HAIR juukseklamber krabi Imperiale Velvet Burgundy XL \\\/ Pince Imperiale Velvet Burgundy XL - Hair Deluxe\",\"isPartOf\":{\"@id\":\"https:\\\/\\\/hairdeluxe.ee\\\/en\\\/#website\"},\"primaryImageOfPage\":{\"@id\":\"https:\\\/\\\/hairdeluxe.ee\\\/en\\\/product\\\/balmain-hair-juukseklamber-krabi-imperiale-velvet-burgundy-xl-pince-imperiale-velvet-burgundy-xl\\\/#primaryimage\"},\"image\":{\"@id\":\"https:\\\/\\\/hairdeluxe.ee\\\/en\\\/product\\\/balmain-hair-juukseklamber-krabi-imperiale-velvet-burgundy-xl-pince-imperiale-velvet-burgundy-xl\\\/#primaryimage\"},\"thumbnailUrl\":\"https:\\\/\\\/hairdeluxe.ee\\\/wp-content\\\/uploads\\\/2025\\\/01\\\/BalmainHair_Accessories_LimitedEdition_PinceACheveux_Imperiale_VelvetBurgundy_LE_HJ_CA_PIN_IM_M_VB_C1_25_1200x1200.jpg\",\"datePublished\":\"2025-01-07T17:32:19+00:00\",\"dateModified\":\"2025-03-18T19:22:18+00:00\",\"description\":\"K\u00e4sit\u00f6\u00f6na loodud XL juukseklamber Pince \u00e0 Cheveux Imperiale on spetsiaalselt loodud pikkadele ja paksudele juuste kinnitamisesks kaunisse soengusse\",\"breadcrumb\":{\"@id\":\"https:\\\/\\\/hairdeluxe.ee\\\/en\\\/product\\\/balmain-hair-juukseklamber-krabi-imperiale-velvet-burgundy-xl-pince-imperiale-velvet-burgundy-xl\\\/#breadcrumb\"},\"inLanguage\":\"en-US\",\"potentialAction\":[{\"@type\":\"ReadAction\",\"target\":[\"https:\\\/\\\/hairdeluxe.ee\\\/en\\\/product\\\/balmain-hair-juukseklamber-krabi-imperiale-velvet-burgundy-xl-pince-imperiale-velvet-burgundy-xl\\\/\"]}]},{\"@type\":\"ImageObject\",\"inLanguage\":\"en-US\",\"@id\":\"https:\\\/\\\/hairdeluxe.ee\\\/en\\\/product\\\/balmain-hair-juukseklamber-krabi-imperiale-velvet-burgundy-xl-pince-imperiale-velvet-burgundy-xl\\\/#primaryimage\",\"url\":\"https:\\\/\\\/hairdeluxe.ee\\\/wp-content\\\/uploads\\\/2025\\\/01\\\/BalmainHair_Accessories_LimitedEdition_PinceACheveux_Imperiale_VelvetBurgundy_LE_HJ_CA_PIN_IM_M_VB_C1_25_1200x1200.jpg\",\"contentUrl\":\"https:\\\/\\\/hairdeluxe.ee\\\/wp-content\\\/uploads\\\/2025\\\/01\\\/BalmainHair_Accessories_LimitedEdition_PinceACheveux_Imperiale_VelvetBurgundy_LE_HJ_CA_PIN_IM_M_VB_C1_25_1200x1200.jpg\",\"width\":1200,\"height\":1200},{\"@type\":\"BreadcrumbList\",\"@id\":\"https:\\\/\\\/hairdeluxe.ee\\\/en\\\/product\\\/balmain-hair-juukseklamber-krabi-imperiale-velvet-burgundy-xl-pince-imperiale-velvet-burgundy-xl\\\/#breadcrumb\",\"itemListElement\":[{\"@type\":\"ListItem\",\"position\":1,\"name\":\"Home\",\"item\":\"https:\\\/\\\/hairdeluxe.ee\\\/en\\\/\"},{\"@type\":\"ListItem\",\"position\":2,\"name\":\"Shop\",\"item\":\"https:\\\/\\\/hairdeluxe.ee\\\/en\\\/shop\\\/\"},{\"@type\":\"ListItem\",\"position\":3,\"name\":\"BALMAIN HAIR juukseklamber krabi Imperiale Velvet Burgundy XL \\\/ Pince Imperiale Velvet Burgundy XL\"}]},{\"@type\":\"WebSite\",\"@id\":\"https:\\\/\\\/hairdeluxe.ee\\\/en\\\/#website\",\"url\":\"https:\\\/\\\/hairdeluxe.ee\\\/en\\\/\",\"name\":\"Hair Deluxe\",\"description\":\"Highlight your natural beauty\",\"publisher\":{\"@id\":\"https:\\\/\\\/hairdeluxe.ee\\\/en\\\/#organization\"},\"potentialAction\":[{\"@type\":\"SearchAction\",\"target\":{\"@type\":\"EntryPoint\",\"urlTemplate\":\"https:\\\/\\\/hairdeluxe.ee\\\/en\\\/?s={search_term_string}\"},\"query-input\":{\"@type\":\"PropertyValueSpecification\",\"valueRequired\":true,\"valueName\":\"search_term_string\"}}],\"inLanguage\":\"en-US\"},{\"@type\":\"Organization\",\"@id\":\"https:\\\/\\\/hairdeluxe.ee\\\/en\\\/#organization\",\"name\":\"Hair Deluxe\",\"url\":\"https:\\\/\\\/hairdeluxe.ee\\\/en\\\/\",\"logo\":{\"@type\":\"ImageObject\",\"inLanguage\":\"en-US\",\"@id\":\"https:\\\/\\\/hairdeluxe.ee\\\/en\\\/#\\\/schema\\\/logo\\\/image\\\/\",\"url\":\"https:\\\/\\\/hairdeluxe.ee\\\/wp-content\\\/uploads\\\/2024\\\/06\\\/Hair-Deluxe-Logo-Dark-font.png\",\"contentUrl\":\"https:\\\/\\\/hairdeluxe.ee\\\/wp-content\\\/uploads\\\/2024\\\/06\\\/Hair-Deluxe-Logo-Dark-font.png\",\"width\":467,\"height\":177,\"caption\":\"Hair Deluxe\"},\"image\":{\"@id\":\"https:\\\/\\\/hairdeluxe.ee\\\/en\\\/#\\\/schema\\\/logo\\\/image\\\/\"},\"sameAs\":[\"https:\\\/\\\/www.facebook.com\\\/blowbartallinn\",\"https:\\\/\\\/www.instagram.com\\\/blowbar_tallinn\"]}]}<\/script>\n<!-- \/ Yoast SEO plugin. -->","yoast_head_json":{"title":"BALMAIN HAIR juukseklamber krabi Imperiale Velvet Burgundy XL \/ Pince Imperiale Velvet Burgundy XL - Hair Deluxe","description":"K\u00e4sit\u00f6\u00f6na loodud XL juukseklamber Pince \u00e0 Cheveux Imperiale on spetsiaalselt loodud pikkadele ja paksudele juuste kinnitamisesks kaunisse soengusse","robots":{"index":"index","follow":"follow","max-snippet":"max-snippet:-1","max-image-preview":"max-image-preview:large","max-video-preview":"max-video-preview:-1"},"canonical":"https:\/\/hairdeluxe.ee\/en\/product\/balmain-hair-juukseklamber-krabi-imperiale-velvet-burgundy-xl-pince-imperiale-velvet-burgundy-xl\/","og_locale":"en_US","og_type":"article","og_title":"BALMAIN HAIR juukseklamber krabi Imperiale Velvet Burgundy XL \/ Pince Imperiale Velvet Burgundy XL - Hair Deluxe","og_description":"K\u00e4sit\u00f6\u00f6na loodud XL juukseklamber Pince \u00e0 Cheveux Imperiale on spetsiaalselt loodud pikkadele ja paksudele juuste kinnitamisesks kaunisse soengusse","og_url":"https:\/\/hairdeluxe.ee\/en\/product\/balmain-hair-juukseklamber-krabi-imperiale-velvet-burgundy-xl-pince-imperiale-velvet-burgundy-xl\/","og_site_name":"Hair Deluxe","article_publisher":"https:\/\/www.facebook.com\/blowbartallinn","article_modified_time":"2025-03-18T19:22:18+00:00","og_image":[{"width":1200,"height":1200,"url":"https:\/\/hairdeluxe.ee\/wp-content\/uploads\/2025\/01\/BalmainHair_Accessories_LimitedEdition_PinceACheveux_Imperiale_VelvetBurgundy_LE_HJ_CA_PIN_IM_M_VB_C1_25_1200x1200.jpg","type":"image\/jpeg"}],"twitter_card":"summary_large_image","twitter_misc":{"Est. reading time":"1 minute"},"schema":{"@context":"https:\/\/schema.org","@graph":[{"@type":"WebPage","@id":"https:\/\/hairdeluxe.ee\/en\/product\/balmain-hair-juukseklamber-krabi-imperiale-velvet-burgundy-xl-pince-imperiale-velvet-burgundy-xl\/","url":"https:\/\/hairdeluxe.ee\/en\/product\/balmain-hair-juukseklamber-krabi-imperiale-velvet-burgundy-xl-pince-imperiale-velvet-burgundy-xl\/","name":"BALMAIN HAIR juukseklamber krabi Imperiale Velvet Burgundy XL \/ Pince Imperiale Velvet Burgundy XL - Hair Deluxe","isPartOf":{"@id":"https:\/\/hairdeluxe.ee\/en\/#website"},"primaryImageOfPage":{"@id":"https:\/\/hairdeluxe.ee\/en\/product\/balmain-hair-juukseklamber-krabi-imperiale-velvet-burgundy-xl-pince-imperiale-velvet-burgundy-xl\/#primaryimage"},"image":{"@id":"https:\/\/hairdeluxe.ee\/en\/product\/balmain-hair-juukseklamber-krabi-imperiale-velvet-burgundy-xl-pince-imperiale-velvet-burgundy-xl\/#primaryimage"},"thumbnailUrl":"https:\/\/hairdeluxe.ee\/wp-content\/uploads\/2025\/01\/BalmainHair_Accessories_LimitedEdition_PinceACheveux_Imperiale_VelvetBurgundy_LE_HJ_CA_PIN_IM_M_VB_C1_25_1200x1200.jpg","datePublished":"2025-01-07T17:32:19+00:00","dateModified":"2025-03-18T19:22:18+00:00","description":"K\u00e4sit\u00f6\u00f6na loodud XL juukseklamber Pince \u00e0 Cheveux Imperiale on spetsiaalselt loodud pikkadele ja paksudele juuste kinnitamisesks kaunisse soengusse","breadcrumb":{"@id":"https:\/\/hairdeluxe.ee\/en\/product\/balmain-hair-juukseklamber-krabi-imperiale-velvet-burgundy-xl-pince-imperiale-velvet-burgundy-xl\/#breadcrumb"},"inLanguage":"en-US","potentialAction":[{"@type":"ReadAction","target":["https:\/\/hairdeluxe.ee\/en\/product\/balmain-hair-juukseklamber-krabi-imperiale-velvet-burgundy-xl-pince-imperiale-velvet-burgundy-xl\/"]}]},{"@type":"ImageObject","inLanguage":"en-US","@id":"https:\/\/hairdeluxe.ee\/en\/product\/balmain-hair-juukseklamber-krabi-imperiale-velvet-burgundy-xl-pince-imperiale-velvet-burgundy-xl\/#primaryimage","url":"https:\/\/hairdeluxe.ee\/wp-content\/uploads\/2025\/01\/BalmainHair_Accessories_LimitedEdition_PinceACheveux_Imperiale_VelvetBurgundy_LE_HJ_CA_PIN_IM_M_VB_C1_25_1200x1200.jpg","contentUrl":"https:\/\/hairdeluxe.ee\/wp-content\/uploads\/2025\/01\/BalmainHair_Accessories_LimitedEdition_PinceACheveux_Imperiale_VelvetBurgundy_LE_HJ_CA_PIN_IM_M_VB_C1_25_1200x1200.jpg","width":1200,"height":1200},{"@type":"BreadcrumbList","@id":"https:\/\/hairdeluxe.ee\/en\/product\/balmain-hair-juukseklamber-krabi-imperiale-velvet-burgundy-xl-pince-imperiale-velvet-burgundy-xl\/#breadcrumb","itemListElement":[{"@type":"ListItem","position":1,"name":"Home","item":"https:\/\/hairdeluxe.ee\/en\/"},{"@type":"ListItem","position":2,"name":"Shop","item":"https:\/\/hairdeluxe.ee\/en\/shop\/"},{"@type":"ListItem","position":3,"name":"BALMAIN HAIR juukseklamber krabi Imperiale Velvet Burgundy XL \/ Pince Imperiale Velvet Burgundy XL"}]},{"@type":"WebSite","@id":"https:\/\/hairdeluxe.ee\/en\/#website","url":"https:\/\/hairdeluxe.ee\/en\/","name":"Hair Deluxe","description":"Highlight your natural beauty","publisher":{"@id":"https:\/\/hairdeluxe.ee\/en\/#organization"},"potentialAction":[{"@type":"SearchAction","target":{"@type":"EntryPoint","urlTemplate":"https:\/\/hairdeluxe.ee\/en\/?s={search_term_string}"},"query-input":{"@type":"PropertyValueSpecification","valueRequired":true,"valueName":"search_term_string"}}],"inLanguage":"en-US"},{"@type":"Organization","@id":"https:\/\/hairdeluxe.ee\/en\/#organization","name":"Hair Deluxe","url":"https:\/\/hairdeluxe.ee\/en\/","logo":{"@type":"ImageObject","inLanguage":"en-US","@id":"https:\/\/hairdeluxe.ee\/en\/#\/schema\/logo\/image\/","url":"https:\/\/hairdeluxe.ee\/wp-content\/uploads\/2024\/06\/Hair-Deluxe-Logo-Dark-font.png","contentUrl":"https:\/\/hairdeluxe.ee\/wp-content\/uploads\/2024\/06\/Hair-Deluxe-Logo-Dark-font.png","width":467,"height":177,"caption":"Hair Deluxe"},"image":{"@id":"https:\/\/hairdeluxe.ee\/en\/#\/schema\/logo\/image\/"},"sameAs":["https:\/\/www.facebook.com\/blowbartallinn","https:\/\/www.instagram.com\/blowbar_tallinn"]}]}},"_links":{"self":[{"href":"https:\/\/hairdeluxe.ee\/en\/wp-json\/wp\/v2\/product\/50314","targetHints":{"allow":["GET"]}}],"collection":[{"href":"https:\/\/hairdeluxe.ee\/en\/wp-json\/wp\/v2\/product"}],"about":[{"href":"https:\/\/hairdeluxe.ee\/en\/wp-json\/wp\/v2\/types\/product"}],"wp:featuredmedia":[{"embeddable":true,"href":"https:\/\/hairdeluxe.ee\/en\/wp-json\/wp\/v2\/media\/50319"}],"wp:attachment":[{"href":"https:\/\/hairdeluxe.ee\/en\/wp-json\/wp\/v2\/media?parent=50314"}],"wp:term":[{"taxonomy":"product_brand","embeddable":true,"href":"https:\/\/hairdeluxe.ee\/en\/wp-json\/wp\/v2\/product_brand?post=50314"},{"taxonomy":"product_cat","embeddable":true,"href":"https:\/\/hairdeluxe.ee\/en\/wp-json\/wp\/v2\/product_cat?post=50314"},{"taxonomy":"product_tag","embeddable":true,"href":"https:\/\/hairdeluxe.ee\/en\/wp-json\/wp\/v2\/product_tag?post=50314"}],"curies":[{"name":"wp","href":"https:\/\/api.w.org\/{rel}","templated":true}]}}