{"id":51925,"date":"2025-05-28T05:56:11","date_gmt":"2025-05-28T05:56:11","guid":{"rendered":"https:\/\/hairdeluxe.ee\/?post_type=product&#038;p=51925"},"modified":"2025-11-13T19:13:14","modified_gmt":"2025-11-13T19:13:14","slug":"niisutav-juuste-viimistlusvahend-100ml-2","status":"publish","type":"product","link":"https:\/\/hairdeluxe.ee\/en\/product\/niisutav-juuste-viimistlusvahend-100ml-2\/","title":{"rendered":"EAU de Hamptons Niisutav juuste viimistlusvahend 100ml"},"content":{"rendered":"<p>T\u00e4idetud The Hamptons\u2019i linnade olemusega, viib see juukseparf\u00fc\u00fcm sind ranniku luksusesse ja peenesse puhkekohtadesse. Kujutle end luksuslike villade ja aedade vahel, kus ookeani soolane maitse seguneb \u00f5itsvate hortensiate magusa l\u00f5hnaga. Iga pihustusega kujuta ette rahulikke jalutusk\u00e4ike m\u00f6\u00f6da puhtaid randu, kuldne p\u00e4ikesevalgus paitamas sinu juukseid ja nahka. EAU de Hamptons haarab East Coast\u2019i luksuse t\u00f5e, kiirgades rahulikku rafineeritust ja tagasihoidlikku v\u00f5lu.<\/p>\n","protected":false},"excerpt":{"rendered":"<p>Mitmek\u00fclgne juuste viimistlusvahend. Olgu tegemist juuste f\u00f6\u00f6nitamisega, lokkide viimistlusega v\u00f5i niiskuse lukustamisega juustesse, selle toote kerge koostis tagab suurep\u00e4rase ja juukses\u00f5braliku tulemuse. Silikoonivaba ja vegan-toode toidab juukseid, kaitstes neid kammimise v\u00f5i kuumuse kahjustuste eest. Sobib k\u00f5ikidele juukset\u00fc\u00fcpidele, pakkudes kerget hoidvust, v\u00e4hendades staatilist elektrit ning suurendades juustes vol\u00fc\u00fcmi ja andes siledust ning s\u00e4ra.\u202f\u202fSisaldab EAU de Hamptons signatuurl\u00f5hna.<\/p>\n","protected":false},"featured_media":51788,"template":"","meta":[],"product_brand":[465],"product_cat":[471,475,192],"product_tag":[468],"class_list":{"0":"post-51925","1":"product","2":"type-product","3":"status-publish","4":"has-post-thumbnail","6":"product_brand-eaude1974","7":"product_cat-eau-de-hamptons","8":"product_cat-eaude1974","9":"product_cat-uued-tooted","10":"product_tag-hair-care","12":"first","13":"instock","14":"taxable","15":"shipping-taxable","16":"purchasable","17":"product-type-simple","18":"add-to-wishlist-after_add_to_cart"},"yoast_head":"<!-- This site is optimized with the Yoast SEO plugin v27.4 - https:\/\/yoast.com\/product\/yoast-seo-wordpress\/ -->\n<title>EAU de Hamptons Niisutav juuste viimistlusvahend 100ml - Hair Deluxe<\/title>\n<meta name=\"description\" content=\"Mitmek\u00fclgne juuste viimistlusvahend. Olgu tegemist juuste f\u00f6\u00f6nitamisega, lokkide viimistlusega v\u00f5i niiskuse lukustamisega juustesse, selle toote kerge koostis tagab suurep\u00e4rase ja juukses\u00f5braliku tulemuse. Silikoonivaba ja vegan-toode toidab juukseid, kaitstes neid kammimise v\u00f5i kuumuse kahjustuste eest.\" \/>\n<meta name=\"robots\" content=\"index, follow, max-snippet:-1, max-image-preview:large, max-video-preview:-1\" \/>\n<link rel=\"canonical\" href=\"https:\/\/hairdeluxe.ee\/en\/product\/niisutav-juuste-viimistlusvahend-100ml-2\/\" \/>\n<meta property=\"og:locale\" content=\"en_US\" \/>\n<meta property=\"og:type\" content=\"article\" \/>\n<meta property=\"og:title\" content=\"EAU de Hamptons Niisutav juuste viimistlusvahend 100ml - Hair Deluxe\" \/>\n<meta property=\"og:description\" content=\"Mitmek\u00fclgne juuste viimistlusvahend. Olgu tegemist juuste f\u00f6\u00f6nitamisega, lokkide viimistlusega v\u00f5i niiskuse lukustamisega juustesse, selle toote kerge koostis tagab suurep\u00e4rase ja juukses\u00f5braliku tulemuse. Silikoonivaba ja vegan-toode toidab juukseid, kaitstes neid kammimise v\u00f5i kuumuse kahjustuste eest.\" \/>\n<meta property=\"og:url\" content=\"https:\/\/hairdeluxe.ee\/en\/product\/niisutav-juuste-viimistlusvahend-100ml-2\/\" \/>\n<meta property=\"og:site_name\" content=\"Hair Deluxe\" \/>\n<meta property=\"article:publisher\" content=\"https:\/\/www.facebook.com\/blowbartallinn\" \/>\n<meta property=\"article:modified_time\" content=\"2025-11-13T19:13:14+00:00\" \/>\n<meta property=\"og:image\" content=\"https:\/\/hairdeluxe.ee\/wp-content\/uploads\/2025\/06\/EAUde1974_packshots_web_size_HydrateShape_Hamptons.png\" \/>\n\t<meta property=\"og:image:width\" content=\"1458\" \/>\n\t<meta property=\"og:image:height\" content=\"1458\" \/>\n\t<meta property=\"og:image:type\" content=\"image\/png\" \/>\n<meta name=\"twitter:card\" content=\"summary_large_image\" \/>\n<meta name=\"twitter:label1\" content=\"Est. reading time\" \/>\n\t<meta name=\"twitter:data1\" content=\"1 minute\" \/>\n<script type=\"application\/ld+json\" class=\"yoast-schema-graph\">{\"@context\":\"https:\\\/\\\/schema.org\",\"@graph\":[{\"@type\":\"WebPage\",\"@id\":\"https:\\\/\\\/hairdeluxe.ee\\\/en\\\/product\\\/niisutav-juuste-viimistlusvahend-100ml-2\\\/\",\"url\":\"https:\\\/\\\/hairdeluxe.ee\\\/en\\\/product\\\/niisutav-juuste-viimistlusvahend-100ml-2\\\/\",\"name\":\"EAU de Hamptons Niisutav juuste viimistlusvahend 100ml - Hair Deluxe\",\"isPartOf\":{\"@id\":\"https:\\\/\\\/hairdeluxe.ee\\\/en\\\/#website\"},\"primaryImageOfPage\":{\"@id\":\"https:\\\/\\\/hairdeluxe.ee\\\/en\\\/product\\\/niisutav-juuste-viimistlusvahend-100ml-2\\\/#primaryimage\"},\"image\":{\"@id\":\"https:\\\/\\\/hairdeluxe.ee\\\/en\\\/product\\\/niisutav-juuste-viimistlusvahend-100ml-2\\\/#primaryimage\"},\"thumbnailUrl\":\"https:\\\/\\\/hairdeluxe.ee\\\/wp-content\\\/uploads\\\/2025\\\/06\\\/EAUde1974_packshots_web_size_HydrateShape_Hamptons.png\",\"datePublished\":\"2025-05-28T05:56:11+00:00\",\"dateModified\":\"2025-11-13T19:13:14+00:00\",\"description\":\"Mitmek\u00fclgne juuste viimistlusvahend. Olgu tegemist juuste f\u00f6\u00f6nitamisega, lokkide viimistlusega v\u00f5i niiskuse lukustamisega juustesse, selle toote kerge koostis tagab suurep\u00e4rase ja juukses\u00f5braliku tulemuse. Silikoonivaba ja vegan-toode toidab juukseid, kaitstes neid kammimise v\u00f5i kuumuse kahjustuste eest.\",\"breadcrumb\":{\"@id\":\"https:\\\/\\\/hairdeluxe.ee\\\/en\\\/product\\\/niisutav-juuste-viimistlusvahend-100ml-2\\\/#breadcrumb\"},\"inLanguage\":\"en-US\",\"potentialAction\":[{\"@type\":\"ReadAction\",\"target\":[\"https:\\\/\\\/hairdeluxe.ee\\\/en\\\/product\\\/niisutav-juuste-viimistlusvahend-100ml-2\\\/\"]}]},{\"@type\":\"ImageObject\",\"inLanguage\":\"en-US\",\"@id\":\"https:\\\/\\\/hairdeluxe.ee\\\/en\\\/product\\\/niisutav-juuste-viimistlusvahend-100ml-2\\\/#primaryimage\",\"url\":\"https:\\\/\\\/hairdeluxe.ee\\\/wp-content\\\/uploads\\\/2025\\\/06\\\/EAUde1974_packshots_web_size_HydrateShape_Hamptons.png\",\"contentUrl\":\"https:\\\/\\\/hairdeluxe.ee\\\/wp-content\\\/uploads\\\/2025\\\/06\\\/EAUde1974_packshots_web_size_HydrateShape_Hamptons.png\",\"width\":1458,\"height\":1458},{\"@type\":\"BreadcrumbList\",\"@id\":\"https:\\\/\\\/hairdeluxe.ee\\\/en\\\/product\\\/niisutav-juuste-viimistlusvahend-100ml-2\\\/#breadcrumb\",\"itemListElement\":[{\"@type\":\"ListItem\",\"position\":1,\"name\":\"Home\",\"item\":\"https:\\\/\\\/hairdeluxe.ee\\\/en\\\/\"},{\"@type\":\"ListItem\",\"position\":2,\"name\":\"Shop\",\"item\":\"https:\\\/\\\/hairdeluxe.ee\\\/en\\\/shop\\\/\"},{\"@type\":\"ListItem\",\"position\":3,\"name\":\"EAU de Hamptons Niisutav juuste viimistlusvahend 100ml\"}]},{\"@type\":\"WebSite\",\"@id\":\"https:\\\/\\\/hairdeluxe.ee\\\/en\\\/#website\",\"url\":\"https:\\\/\\\/hairdeluxe.ee\\\/en\\\/\",\"name\":\"Hair Deluxe\",\"description\":\"Highlight your natural beauty\",\"publisher\":{\"@id\":\"https:\\\/\\\/hairdeluxe.ee\\\/en\\\/#organization\"},\"potentialAction\":[{\"@type\":\"SearchAction\",\"target\":{\"@type\":\"EntryPoint\",\"urlTemplate\":\"https:\\\/\\\/hairdeluxe.ee\\\/en\\\/?s={search_term_string}\"},\"query-input\":{\"@type\":\"PropertyValueSpecification\",\"valueRequired\":true,\"valueName\":\"search_term_string\"}}],\"inLanguage\":\"en-US\"},{\"@type\":\"Organization\",\"@id\":\"https:\\\/\\\/hairdeluxe.ee\\\/en\\\/#organization\",\"name\":\"Hair Deluxe\",\"url\":\"https:\\\/\\\/hairdeluxe.ee\\\/en\\\/\",\"logo\":{\"@type\":\"ImageObject\",\"inLanguage\":\"en-US\",\"@id\":\"https:\\\/\\\/hairdeluxe.ee\\\/en\\\/#\\\/schema\\\/logo\\\/image\\\/\",\"url\":\"https:\\\/\\\/hairdeluxe.ee\\\/wp-content\\\/uploads\\\/2024\\\/06\\\/Hair-Deluxe-Logo-Dark-font.png\",\"contentUrl\":\"https:\\\/\\\/hairdeluxe.ee\\\/wp-content\\\/uploads\\\/2024\\\/06\\\/Hair-Deluxe-Logo-Dark-font.png\",\"width\":467,\"height\":177,\"caption\":\"Hair Deluxe\"},\"image\":{\"@id\":\"https:\\\/\\\/hairdeluxe.ee\\\/en\\\/#\\\/schema\\\/logo\\\/image\\\/\"},\"sameAs\":[\"https:\\\/\\\/www.facebook.com\\\/blowbartallinn\",\"https:\\\/\\\/www.instagram.com\\\/blowbar_tallinn\"]}]}<\/script>\n<!-- \/ Yoast SEO plugin. -->","yoast_head_json":{"title":"EAU de Hamptons Niisutav juuste viimistlusvahend 100ml - Hair Deluxe","description":"Mitmek\u00fclgne juuste viimistlusvahend. Olgu tegemist juuste f\u00f6\u00f6nitamisega, lokkide viimistlusega v\u00f5i niiskuse lukustamisega juustesse, selle toote kerge koostis tagab suurep\u00e4rase ja juukses\u00f5braliku tulemuse. Silikoonivaba ja vegan-toode toidab juukseid, kaitstes neid kammimise v\u00f5i kuumuse kahjustuste eest.","robots":{"index":"index","follow":"follow","max-snippet":"max-snippet:-1","max-image-preview":"max-image-preview:large","max-video-preview":"max-video-preview:-1"},"canonical":"https:\/\/hairdeluxe.ee\/en\/product\/niisutav-juuste-viimistlusvahend-100ml-2\/","og_locale":"en_US","og_type":"article","og_title":"EAU de Hamptons Niisutav juuste viimistlusvahend 100ml - Hair Deluxe","og_description":"Mitmek\u00fclgne juuste viimistlusvahend. Olgu tegemist juuste f\u00f6\u00f6nitamisega, lokkide viimistlusega v\u00f5i niiskuse lukustamisega juustesse, selle toote kerge koostis tagab suurep\u00e4rase ja juukses\u00f5braliku tulemuse. Silikoonivaba ja vegan-toode toidab juukseid, kaitstes neid kammimise v\u00f5i kuumuse kahjustuste eest.","og_url":"https:\/\/hairdeluxe.ee\/en\/product\/niisutav-juuste-viimistlusvahend-100ml-2\/","og_site_name":"Hair Deluxe","article_publisher":"https:\/\/www.facebook.com\/blowbartallinn","article_modified_time":"2025-11-13T19:13:14+00:00","og_image":[{"width":1458,"height":1458,"url":"https:\/\/hairdeluxe.ee\/wp-content\/uploads\/2025\/06\/EAUde1974_packshots_web_size_HydrateShape_Hamptons.png","type":"image\/png"}],"twitter_card":"summary_large_image","twitter_misc":{"Est. reading time":"1 minute"},"schema":{"@context":"https:\/\/schema.org","@graph":[{"@type":"WebPage","@id":"https:\/\/hairdeluxe.ee\/en\/product\/niisutav-juuste-viimistlusvahend-100ml-2\/","url":"https:\/\/hairdeluxe.ee\/en\/product\/niisutav-juuste-viimistlusvahend-100ml-2\/","name":"EAU de Hamptons Niisutav juuste viimistlusvahend 100ml - Hair Deluxe","isPartOf":{"@id":"https:\/\/hairdeluxe.ee\/en\/#website"},"primaryImageOfPage":{"@id":"https:\/\/hairdeluxe.ee\/en\/product\/niisutav-juuste-viimistlusvahend-100ml-2\/#primaryimage"},"image":{"@id":"https:\/\/hairdeluxe.ee\/en\/product\/niisutav-juuste-viimistlusvahend-100ml-2\/#primaryimage"},"thumbnailUrl":"https:\/\/hairdeluxe.ee\/wp-content\/uploads\/2025\/06\/EAUde1974_packshots_web_size_HydrateShape_Hamptons.png","datePublished":"2025-05-28T05:56:11+00:00","dateModified":"2025-11-13T19:13:14+00:00","description":"Mitmek\u00fclgne juuste viimistlusvahend. Olgu tegemist juuste f\u00f6\u00f6nitamisega, lokkide viimistlusega v\u00f5i niiskuse lukustamisega juustesse, selle toote kerge koostis tagab suurep\u00e4rase ja juukses\u00f5braliku tulemuse. Silikoonivaba ja vegan-toode toidab juukseid, kaitstes neid kammimise v\u00f5i kuumuse kahjustuste eest.","breadcrumb":{"@id":"https:\/\/hairdeluxe.ee\/en\/product\/niisutav-juuste-viimistlusvahend-100ml-2\/#breadcrumb"},"inLanguage":"en-US","potentialAction":[{"@type":"ReadAction","target":["https:\/\/hairdeluxe.ee\/en\/product\/niisutav-juuste-viimistlusvahend-100ml-2\/"]}]},{"@type":"ImageObject","inLanguage":"en-US","@id":"https:\/\/hairdeluxe.ee\/en\/product\/niisutav-juuste-viimistlusvahend-100ml-2\/#primaryimage","url":"https:\/\/hairdeluxe.ee\/wp-content\/uploads\/2025\/06\/EAUde1974_packshots_web_size_HydrateShape_Hamptons.png","contentUrl":"https:\/\/hairdeluxe.ee\/wp-content\/uploads\/2025\/06\/EAUde1974_packshots_web_size_HydrateShape_Hamptons.png","width":1458,"height":1458},{"@type":"BreadcrumbList","@id":"https:\/\/hairdeluxe.ee\/en\/product\/niisutav-juuste-viimistlusvahend-100ml-2\/#breadcrumb","itemListElement":[{"@type":"ListItem","position":1,"name":"Home","item":"https:\/\/hairdeluxe.ee\/en\/"},{"@type":"ListItem","position":2,"name":"Shop","item":"https:\/\/hairdeluxe.ee\/en\/shop\/"},{"@type":"ListItem","position":3,"name":"EAU de Hamptons Niisutav juuste viimistlusvahend 100ml"}]},{"@type":"WebSite","@id":"https:\/\/hairdeluxe.ee\/en\/#website","url":"https:\/\/hairdeluxe.ee\/en\/","name":"Hair Deluxe","description":"Highlight your natural beauty","publisher":{"@id":"https:\/\/hairdeluxe.ee\/en\/#organization"},"potentialAction":[{"@type":"SearchAction","target":{"@type":"EntryPoint","urlTemplate":"https:\/\/hairdeluxe.ee\/en\/?s={search_term_string}"},"query-input":{"@type":"PropertyValueSpecification","valueRequired":true,"valueName":"search_term_string"}}],"inLanguage":"en-US"},{"@type":"Organization","@id":"https:\/\/hairdeluxe.ee\/en\/#organization","name":"Hair Deluxe","url":"https:\/\/hairdeluxe.ee\/en\/","logo":{"@type":"ImageObject","inLanguage":"en-US","@id":"https:\/\/hairdeluxe.ee\/en\/#\/schema\/logo\/image\/","url":"https:\/\/hairdeluxe.ee\/wp-content\/uploads\/2024\/06\/Hair-Deluxe-Logo-Dark-font.png","contentUrl":"https:\/\/hairdeluxe.ee\/wp-content\/uploads\/2024\/06\/Hair-Deluxe-Logo-Dark-font.png","width":467,"height":177,"caption":"Hair Deluxe"},"image":{"@id":"https:\/\/hairdeluxe.ee\/en\/#\/schema\/logo\/image\/"},"sameAs":["https:\/\/www.facebook.com\/blowbartallinn","https:\/\/www.instagram.com\/blowbar_tallinn"]}]}},"_links":{"self":[{"href":"https:\/\/hairdeluxe.ee\/en\/wp-json\/wp\/v2\/product\/51925","targetHints":{"allow":["GET"]}}],"collection":[{"href":"https:\/\/hairdeluxe.ee\/en\/wp-json\/wp\/v2\/product"}],"about":[{"href":"https:\/\/hairdeluxe.ee\/en\/wp-json\/wp\/v2\/types\/product"}],"wp:featuredmedia":[{"embeddable":true,"href":"https:\/\/hairdeluxe.ee\/en\/wp-json\/wp\/v2\/media\/51788"}],"wp:attachment":[{"href":"https:\/\/hairdeluxe.ee\/en\/wp-json\/wp\/v2\/media?parent=51925"}],"wp:term":[{"taxonomy":"product_brand","embeddable":true,"href":"https:\/\/hairdeluxe.ee\/en\/wp-json\/wp\/v2\/product_brand?post=51925"},{"taxonomy":"product_cat","embeddable":true,"href":"https:\/\/hairdeluxe.ee\/en\/wp-json\/wp\/v2\/product_cat?post=51925"},{"taxonomy":"product_tag","embeddable":true,"href":"https:\/\/hairdeluxe.ee\/en\/wp-json\/wp\/v2\/product_tag?post=51925"}],"curies":[{"name":"wp","href":"https:\/\/api.w.org\/{rel}","templated":true}]}}