{"id":52121,"date":"2025-08-08T20:56:00","date_gmt":"2025-08-08T20:56:00","guid":{"rendered":"https:\/\/hairdeluxe.ee\/?post_type=product&#038;p=52121"},"modified":"2025-10-07T03:55:25","modified_gmt":"2025-10-07T03:55:25","slug":"balmain-hair-komplekt-varvitud-juustele-massaazi-harjaga-couleurs-couture-care-with-massage-brushset","status":"publish","type":"product","link":"https:\/\/hairdeluxe.ee\/en\/product\/balmain-hair-komplekt-varvitud-juustele-massaazi-harjaga-couleurs-couture-care-with-massage-brushset\/","title":{"rendered":"BALMAIN HAIR komplekt v\u00e4rvitud juustele massaa\u017ei harjaga \/ Couleurs Couture Care with Massage BrushSet"},"content":{"rendered":"<p><strong>Couleurs Couture Shampoo<\/strong><br \/>\nCouleurs Couture shampoon on suurep\u00e4rane taastav hooldustoode, mis on loodud v\u00e4rvitud, kahjustatud ja \u00fclet\u00f6\u00f6deldud juustele. See pikendab v\u00e4rvi pikaealisust ning parandab, tugevdab ja taaselustab juukseid s\u00fcgavalt seestpoolt. Argaania eliksiiri, siidivalgu, ka\u0161miirivalgu, kinoaseemne\u00f5li ja kookos\u00f5li ainulaadne koostis tugevdab ja niisutab juukseid p\u00f5hjalikult, j\u00e4ttes need uskumatult pehmeks ja kergesti lahti harutatavaks.<\/p>\n<p><strong>Couleurs Couture Conditioner<\/strong><br \/>\nCouleurs Couture palsam niisutab intensiivselt v\u00e4rvitud, kahjustatud ja \u00fclet\u00f6\u00f6deldud juukseid. See toidab ja tugevdab juukseid s\u00fcgavalt seestpoolt, rikastades ainulaadse argaaniaeliksiiri, siidi- ja ka\u0161miirivalgu seguga.<\/p>\n<p><strong>Couleurs Couture Mask<\/strong><br \/>\nCouleurs Couture mask on rikkalik hooldus v\u00e4rvitud, kahjustatud ja \u00fclet\u00f6\u00f6deldud juustele. Rikastatud merevaikhappe, argaaniaeliksiiri, siidi- ja ka\u0161miirivalgu v\u00f5imsa seguga, tugevdab ja kaitseb juuksestruktuuri. Mask pikendab v\u00e4rvi pikaealisust ja j\u00e4tab juuksed uskumatult pehmeks.<\/p>\n","protected":false},"excerpt":{"rendered":"<p>Colour Care Collection toodetel on t\u00e4iustatud koostis, mis taastab juuste loomuliku tasakaalu ja sobib ideaalselt v\u00e4rvitud, kahjustatud ja \u00fclet\u00f6\u00f6deldud juustele. Rikkalik koostis tugevdab ja niisutab juukseid s\u00fcgavuti. Ainulaadne argaanieliksiiri, siidi-, ka\u0161miirivalgu ja kinoaseemne\u00f5li segu annab teile pehmed l\u00e4ikivad ja taastatud juuksed.<br \/>\n\u00dcks meie enimm\u00fc\u00fcdud hooldussarjadest on n\u00fc\u00fcd saadaval hoolduskomplektina. See komplekt on spetsiaalselt loodud v\u00e4rvitud, kahjustatud ja \u00fclet\u00f6\u00f6deldud juuste taastamiseks. Sisaldab Couleurs Couture shampooni, palsamit, maski ja peanaha massaa\u017eit\u00f6\u00f6riista.<br \/>\n\u2013 Kolm t\u00e4issuuruses toodet<br \/>\n\u2013 V\u00e4rvikaitse<br \/>\n\u2013 Lisatud peanaha massaa\u017eit\u00f6\u00f6riist<\/p>\n","protected":false},"featured_media":52126,"template":"","meta":[],"product_brand":[464],"product_cat":[266,265,208,129,130,213,121,217,218,227,192,280],"product_tag":[],"class_list":{"0":"post-52121","1":"product","2":"type-product","3":"status-publish","4":"has-post-thumbnail","6":"product_brand-balmain-hair","7":"product_cat-balmain-hair","8":"product_cat-brandid","9":"product_cat-juuksehooldus","10":"product_cat-kingitused","11":"product_cat-kinkekomplektid","12":"product_cat-kohevus","13":"product_cat-koik-tooted","14":"product_cat-maskid-ja-hooldus","15":"product_cat-palsamid","16":"product_cat-shampoonid","17":"product_cat-uued-tooted","18":"product_cat-voluumi-andev-volume","20":"first","21":"instock","22":"taxable","23":"shipping-taxable","24":"purchasable","25":"product-type-simple","26":"add-to-wishlist-after_add_to_cart"},"yoast_head":"<!-- This site is optimized with the Yoast SEO plugin v27.3 - https:\/\/yoast.com\/product\/yoast-seo-wordpress\/ -->\n<title>BALMAIN HAIR komplekt v\u00e4rvitud juustele massaa\u017ei harjaga \/ Couleurs Couture Care with Massage BrushSet - Hair Deluxe<\/title>\n<meta name=\"description\" content=\"\u00dcks meie enimm\u00fc\u00fcdud hooldussarjadest on n\u00fc\u00fcd saadaval hoolduskomplektina. See komplekt on spetsiaalselt loodud v\u00e4rvitud, kahjustatud ja \u00fclet\u00f6\u00f6deldud juuste taastamiseks.\" \/>\n<meta name=\"robots\" content=\"index, follow, max-snippet:-1, max-image-preview:large, max-video-preview:-1\" \/>\n<link rel=\"canonical\" href=\"https:\/\/hairdeluxe.ee\/en\/product\/balmain-hair-komplekt-varvitud-juustele-massaazi-harjaga-couleurs-couture-care-with-massage-brushset\/\" \/>\n<meta property=\"og:locale\" content=\"en_US\" \/>\n<meta property=\"og:type\" content=\"article\" \/>\n<meta property=\"og:title\" content=\"BALMAIN HAIR komplekt v\u00e4rvitud juustele massaa\u017ei harjaga \/ Couleurs Couture Care with Massage BrushSet - Hair Deluxe\" \/>\n<meta property=\"og:description\" content=\"\u00dcks meie enimm\u00fc\u00fcdud hooldussarjadest on n\u00fc\u00fcd saadaval hoolduskomplektina. See komplekt on spetsiaalselt loodud v\u00e4rvitud, kahjustatud ja \u00fclet\u00f6\u00f6deldud juuste taastamiseks.\" \/>\n<meta property=\"og:url\" content=\"https:\/\/hairdeluxe.ee\/en\/product\/balmain-hair-komplekt-varvitud-juustele-massaazi-harjaga-couleurs-couture-care-with-massage-brushset\/\" \/>\n<meta property=\"og:site_name\" content=\"Hair Deluxe\" \/>\n<meta property=\"article:publisher\" content=\"https:\/\/www.facebook.com\/blowbartallinn\" \/>\n<meta property=\"article:modified_time\" content=\"2025-10-07T03:55:25+00:00\" \/>\n<meta property=\"og:image\" content=\"https:\/\/hairdeluxe.ee\/wp-content\/uploads\/2025\/08\/balmainhair_care_couleurscouturecareset_scalpmassager_box_cs_s_care_set_cc_01_8_bb82-510x510-1.jpg\" \/>\n\t<meta property=\"og:image:width\" content=\"510\" \/>\n\t<meta property=\"og:image:height\" content=\"510\" \/>\n\t<meta property=\"og:image:type\" content=\"image\/jpeg\" \/>\n<meta name=\"twitter:card\" content=\"summary_large_image\" \/>\n<meta name=\"twitter:label1\" content=\"Est. reading time\" \/>\n\t<meta name=\"twitter:data1\" content=\"1 minute\" \/>\n<script type=\"application\/ld+json\" class=\"yoast-schema-graph\">{\"@context\":\"https:\\\/\\\/schema.org\",\"@graph\":[{\"@type\":\"WebPage\",\"@id\":\"https:\\\/\\\/hairdeluxe.ee\\\/en\\\/product\\\/balmain-hair-komplekt-varvitud-juustele-massaazi-harjaga-couleurs-couture-care-with-massage-brushset\\\/\",\"url\":\"https:\\\/\\\/hairdeluxe.ee\\\/en\\\/product\\\/balmain-hair-komplekt-varvitud-juustele-massaazi-harjaga-couleurs-couture-care-with-massage-brushset\\\/\",\"name\":\"BALMAIN HAIR komplekt v\u00e4rvitud juustele massaa\u017ei harjaga \\\/ Couleurs Couture Care with Massage BrushSet - Hair Deluxe\",\"isPartOf\":{\"@id\":\"https:\\\/\\\/hairdeluxe.ee\\\/en\\\/#website\"},\"primaryImageOfPage\":{\"@id\":\"https:\\\/\\\/hairdeluxe.ee\\\/en\\\/product\\\/balmain-hair-komplekt-varvitud-juustele-massaazi-harjaga-couleurs-couture-care-with-massage-brushset\\\/#primaryimage\"},\"image\":{\"@id\":\"https:\\\/\\\/hairdeluxe.ee\\\/en\\\/product\\\/balmain-hair-komplekt-varvitud-juustele-massaazi-harjaga-couleurs-couture-care-with-massage-brushset\\\/#primaryimage\"},\"thumbnailUrl\":\"https:\\\/\\\/hairdeluxe.ee\\\/wp-content\\\/uploads\\\/2025\\\/08\\\/balmainhair_care_couleurscouturecareset_scalpmassager_box_cs_s_care_set_cc_01_8_bb82-510x510-1.jpg\",\"datePublished\":\"2025-08-08T20:56:00+00:00\",\"dateModified\":\"2025-10-07T03:55:25+00:00\",\"description\":\"\u00dcks meie enimm\u00fc\u00fcdud hooldussarjadest on n\u00fc\u00fcd saadaval hoolduskomplektina. See komplekt on spetsiaalselt loodud v\u00e4rvitud, kahjustatud ja \u00fclet\u00f6\u00f6deldud juuste taastamiseks.\",\"breadcrumb\":{\"@id\":\"https:\\\/\\\/hairdeluxe.ee\\\/en\\\/product\\\/balmain-hair-komplekt-varvitud-juustele-massaazi-harjaga-couleurs-couture-care-with-massage-brushset\\\/#breadcrumb\"},\"inLanguage\":\"en-US\",\"potentialAction\":[{\"@type\":\"ReadAction\",\"target\":[\"https:\\\/\\\/hairdeluxe.ee\\\/en\\\/product\\\/balmain-hair-komplekt-varvitud-juustele-massaazi-harjaga-couleurs-couture-care-with-massage-brushset\\\/\"]}]},{\"@type\":\"ImageObject\",\"inLanguage\":\"en-US\",\"@id\":\"https:\\\/\\\/hairdeluxe.ee\\\/en\\\/product\\\/balmain-hair-komplekt-varvitud-juustele-massaazi-harjaga-couleurs-couture-care-with-massage-brushset\\\/#primaryimage\",\"url\":\"https:\\\/\\\/hairdeluxe.ee\\\/wp-content\\\/uploads\\\/2025\\\/08\\\/balmainhair_care_couleurscouturecareset_scalpmassager_box_cs_s_care_set_cc_01_8_bb82-510x510-1.jpg\",\"contentUrl\":\"https:\\\/\\\/hairdeluxe.ee\\\/wp-content\\\/uploads\\\/2025\\\/08\\\/balmainhair_care_couleurscouturecareset_scalpmassager_box_cs_s_care_set_cc_01_8_bb82-510x510-1.jpg\",\"width\":510,\"height\":510},{\"@type\":\"BreadcrumbList\",\"@id\":\"https:\\\/\\\/hairdeluxe.ee\\\/en\\\/product\\\/balmain-hair-komplekt-varvitud-juustele-massaazi-harjaga-couleurs-couture-care-with-massage-brushset\\\/#breadcrumb\",\"itemListElement\":[{\"@type\":\"ListItem\",\"position\":1,\"name\":\"Home\",\"item\":\"https:\\\/\\\/hairdeluxe.ee\\\/en\\\/\"},{\"@type\":\"ListItem\",\"position\":2,\"name\":\"Shop\",\"item\":\"https:\\\/\\\/hairdeluxe.ee\\\/en\\\/shop\\\/\"},{\"@type\":\"ListItem\",\"position\":3,\"name\":\"BALMAIN HAIR komplekt v\u00e4rvitud juustele massaa\u017ei harjaga \\\/ Couleurs Couture Care with Massage BrushSet\"}]},{\"@type\":\"WebSite\",\"@id\":\"https:\\\/\\\/hairdeluxe.ee\\\/en\\\/#website\",\"url\":\"https:\\\/\\\/hairdeluxe.ee\\\/en\\\/\",\"name\":\"Hair Deluxe\",\"description\":\"Highlight your natural beauty\",\"publisher\":{\"@id\":\"https:\\\/\\\/hairdeluxe.ee\\\/en\\\/#organization\"},\"potentialAction\":[{\"@type\":\"SearchAction\",\"target\":{\"@type\":\"EntryPoint\",\"urlTemplate\":\"https:\\\/\\\/hairdeluxe.ee\\\/en\\\/?s={search_term_string}\"},\"query-input\":{\"@type\":\"PropertyValueSpecification\",\"valueRequired\":true,\"valueName\":\"search_term_string\"}}],\"inLanguage\":\"en-US\"},{\"@type\":\"Organization\",\"@id\":\"https:\\\/\\\/hairdeluxe.ee\\\/en\\\/#organization\",\"name\":\"Hair Deluxe\",\"url\":\"https:\\\/\\\/hairdeluxe.ee\\\/en\\\/\",\"logo\":{\"@type\":\"ImageObject\",\"inLanguage\":\"en-US\",\"@id\":\"https:\\\/\\\/hairdeluxe.ee\\\/en\\\/#\\\/schema\\\/logo\\\/image\\\/\",\"url\":\"https:\\\/\\\/hairdeluxe.ee\\\/wp-content\\\/uploads\\\/2024\\\/06\\\/Hair-Deluxe-Logo-Dark-font.png\",\"contentUrl\":\"https:\\\/\\\/hairdeluxe.ee\\\/wp-content\\\/uploads\\\/2024\\\/06\\\/Hair-Deluxe-Logo-Dark-font.png\",\"width\":467,\"height\":177,\"caption\":\"Hair Deluxe\"},\"image\":{\"@id\":\"https:\\\/\\\/hairdeluxe.ee\\\/en\\\/#\\\/schema\\\/logo\\\/image\\\/\"},\"sameAs\":[\"https:\\\/\\\/www.facebook.com\\\/blowbartallinn\",\"https:\\\/\\\/www.instagram.com\\\/blowbar_tallinn\"]}]}<\/script>\n<!-- \/ Yoast SEO plugin. -->","yoast_head_json":{"title":"BALMAIN HAIR komplekt v\u00e4rvitud juustele massaa\u017ei harjaga \/ Couleurs Couture Care with Massage BrushSet - Hair Deluxe","description":"\u00dcks meie enimm\u00fc\u00fcdud hooldussarjadest on n\u00fc\u00fcd saadaval hoolduskomplektina. See komplekt on spetsiaalselt loodud v\u00e4rvitud, kahjustatud ja \u00fclet\u00f6\u00f6deldud juuste taastamiseks.","robots":{"index":"index","follow":"follow","max-snippet":"max-snippet:-1","max-image-preview":"max-image-preview:large","max-video-preview":"max-video-preview:-1"},"canonical":"https:\/\/hairdeluxe.ee\/en\/product\/balmain-hair-komplekt-varvitud-juustele-massaazi-harjaga-couleurs-couture-care-with-massage-brushset\/","og_locale":"en_US","og_type":"article","og_title":"BALMAIN HAIR komplekt v\u00e4rvitud juustele massaa\u017ei harjaga \/ Couleurs Couture Care with Massage BrushSet - Hair Deluxe","og_description":"\u00dcks meie enimm\u00fc\u00fcdud hooldussarjadest on n\u00fc\u00fcd saadaval hoolduskomplektina. See komplekt on spetsiaalselt loodud v\u00e4rvitud, kahjustatud ja \u00fclet\u00f6\u00f6deldud juuste taastamiseks.","og_url":"https:\/\/hairdeluxe.ee\/en\/product\/balmain-hair-komplekt-varvitud-juustele-massaazi-harjaga-couleurs-couture-care-with-massage-brushset\/","og_site_name":"Hair Deluxe","article_publisher":"https:\/\/www.facebook.com\/blowbartallinn","article_modified_time":"2025-10-07T03:55:25+00:00","og_image":[{"width":510,"height":510,"url":"https:\/\/hairdeluxe.ee\/wp-content\/uploads\/2025\/08\/balmainhair_care_couleurscouturecareset_scalpmassager_box_cs_s_care_set_cc_01_8_bb82-510x510-1.jpg","type":"image\/jpeg"}],"twitter_card":"summary_large_image","twitter_misc":{"Est. reading time":"1 minute"},"schema":{"@context":"https:\/\/schema.org","@graph":[{"@type":"WebPage","@id":"https:\/\/hairdeluxe.ee\/en\/product\/balmain-hair-komplekt-varvitud-juustele-massaazi-harjaga-couleurs-couture-care-with-massage-brushset\/","url":"https:\/\/hairdeluxe.ee\/en\/product\/balmain-hair-komplekt-varvitud-juustele-massaazi-harjaga-couleurs-couture-care-with-massage-brushset\/","name":"BALMAIN HAIR komplekt v\u00e4rvitud juustele massaa\u017ei harjaga \/ Couleurs Couture Care with Massage BrushSet - Hair Deluxe","isPartOf":{"@id":"https:\/\/hairdeluxe.ee\/en\/#website"},"primaryImageOfPage":{"@id":"https:\/\/hairdeluxe.ee\/en\/product\/balmain-hair-komplekt-varvitud-juustele-massaazi-harjaga-couleurs-couture-care-with-massage-brushset\/#primaryimage"},"image":{"@id":"https:\/\/hairdeluxe.ee\/en\/product\/balmain-hair-komplekt-varvitud-juustele-massaazi-harjaga-couleurs-couture-care-with-massage-brushset\/#primaryimage"},"thumbnailUrl":"https:\/\/hairdeluxe.ee\/wp-content\/uploads\/2025\/08\/balmainhair_care_couleurscouturecareset_scalpmassager_box_cs_s_care_set_cc_01_8_bb82-510x510-1.jpg","datePublished":"2025-08-08T20:56:00+00:00","dateModified":"2025-10-07T03:55:25+00:00","description":"\u00dcks meie enimm\u00fc\u00fcdud hooldussarjadest on n\u00fc\u00fcd saadaval hoolduskomplektina. See komplekt on spetsiaalselt loodud v\u00e4rvitud, kahjustatud ja \u00fclet\u00f6\u00f6deldud juuste taastamiseks.","breadcrumb":{"@id":"https:\/\/hairdeluxe.ee\/en\/product\/balmain-hair-komplekt-varvitud-juustele-massaazi-harjaga-couleurs-couture-care-with-massage-brushset\/#breadcrumb"},"inLanguage":"en-US","potentialAction":[{"@type":"ReadAction","target":["https:\/\/hairdeluxe.ee\/en\/product\/balmain-hair-komplekt-varvitud-juustele-massaazi-harjaga-couleurs-couture-care-with-massage-brushset\/"]}]},{"@type":"ImageObject","inLanguage":"en-US","@id":"https:\/\/hairdeluxe.ee\/en\/product\/balmain-hair-komplekt-varvitud-juustele-massaazi-harjaga-couleurs-couture-care-with-massage-brushset\/#primaryimage","url":"https:\/\/hairdeluxe.ee\/wp-content\/uploads\/2025\/08\/balmainhair_care_couleurscouturecareset_scalpmassager_box_cs_s_care_set_cc_01_8_bb82-510x510-1.jpg","contentUrl":"https:\/\/hairdeluxe.ee\/wp-content\/uploads\/2025\/08\/balmainhair_care_couleurscouturecareset_scalpmassager_box_cs_s_care_set_cc_01_8_bb82-510x510-1.jpg","width":510,"height":510},{"@type":"BreadcrumbList","@id":"https:\/\/hairdeluxe.ee\/en\/product\/balmain-hair-komplekt-varvitud-juustele-massaazi-harjaga-couleurs-couture-care-with-massage-brushset\/#breadcrumb","itemListElement":[{"@type":"ListItem","position":1,"name":"Home","item":"https:\/\/hairdeluxe.ee\/en\/"},{"@type":"ListItem","position":2,"name":"Shop","item":"https:\/\/hairdeluxe.ee\/en\/shop\/"},{"@type":"ListItem","position":3,"name":"BALMAIN HAIR komplekt v\u00e4rvitud juustele massaa\u017ei harjaga \/ Couleurs Couture Care with Massage BrushSet"}]},{"@type":"WebSite","@id":"https:\/\/hairdeluxe.ee\/en\/#website","url":"https:\/\/hairdeluxe.ee\/en\/","name":"Hair Deluxe","description":"Highlight your natural beauty","publisher":{"@id":"https:\/\/hairdeluxe.ee\/en\/#organization"},"potentialAction":[{"@type":"SearchAction","target":{"@type":"EntryPoint","urlTemplate":"https:\/\/hairdeluxe.ee\/en\/?s={search_term_string}"},"query-input":{"@type":"PropertyValueSpecification","valueRequired":true,"valueName":"search_term_string"}}],"inLanguage":"en-US"},{"@type":"Organization","@id":"https:\/\/hairdeluxe.ee\/en\/#organization","name":"Hair Deluxe","url":"https:\/\/hairdeluxe.ee\/en\/","logo":{"@type":"ImageObject","inLanguage":"en-US","@id":"https:\/\/hairdeluxe.ee\/en\/#\/schema\/logo\/image\/","url":"https:\/\/hairdeluxe.ee\/wp-content\/uploads\/2024\/06\/Hair-Deluxe-Logo-Dark-font.png","contentUrl":"https:\/\/hairdeluxe.ee\/wp-content\/uploads\/2024\/06\/Hair-Deluxe-Logo-Dark-font.png","width":467,"height":177,"caption":"Hair Deluxe"},"image":{"@id":"https:\/\/hairdeluxe.ee\/en\/#\/schema\/logo\/image\/"},"sameAs":["https:\/\/www.facebook.com\/blowbartallinn","https:\/\/www.instagram.com\/blowbar_tallinn"]}]}},"_links":{"self":[{"href":"https:\/\/hairdeluxe.ee\/en\/wp-json\/wp\/v2\/product\/52121","targetHints":{"allow":["GET"]}}],"collection":[{"href":"https:\/\/hairdeluxe.ee\/en\/wp-json\/wp\/v2\/product"}],"about":[{"href":"https:\/\/hairdeluxe.ee\/en\/wp-json\/wp\/v2\/types\/product"}],"wp:featuredmedia":[{"embeddable":true,"href":"https:\/\/hairdeluxe.ee\/en\/wp-json\/wp\/v2\/media\/52126"}],"wp:attachment":[{"href":"https:\/\/hairdeluxe.ee\/en\/wp-json\/wp\/v2\/media?parent=52121"}],"wp:term":[{"taxonomy":"product_brand","embeddable":true,"href":"https:\/\/hairdeluxe.ee\/en\/wp-json\/wp\/v2\/product_brand?post=52121"},{"taxonomy":"product_cat","embeddable":true,"href":"https:\/\/hairdeluxe.ee\/en\/wp-json\/wp\/v2\/product_cat?post=52121"},{"taxonomy":"product_tag","embeddable":true,"href":"https:\/\/hairdeluxe.ee\/en\/wp-json\/wp\/v2\/product_tag?post=52121"}],"curies":[{"name":"wp","href":"https:\/\/api.w.org\/{rel}","templated":true}]}}