{"id":52207,"date":"2025-09-20T20:21:17","date_gmt":"2025-09-20T20:21:17","guid":{"rendered":"https:\/\/hairdeluxe.ee\/?post_type=product&#038;p=52207"},"modified":"2025-10-07T03:55:25","modified_gmt":"2025-10-07T03:55:25","slug":"balmain-hair-hobedane-mini-juuksehari-mini-silver-spa-brush","status":"publish","type":"product","link":"https:\/\/hairdeluxe.ee\/en\/product\/balmain-hair-hobedane-mini-juuksehari-mini-silver-spa-brush\/","title":{"rendered":"BALMAIN HAIR h\u00f5bedane mini juuksehari \/ Mini Silver Spa Brush"},"content":{"rendered":"","protected":false},"excerpt":{"rendered":"<p>Balmain Hair poolt limiteeritud kollektsiooni raames loodud h\u00f5bedane mini juuksehari.<\/p>\n<p>See imeline toode sobib ka juuksepikenduste harjamiseks.<\/p>\n<p>Juukseharja erineva pikkusega pehmed harjased kammivad juukseid \u00f5rnalt, ilma kiskumata ja kahjustamata.<\/p>\n<p>Korjab juustest kokku tolmu.<\/p>\n<p>Sobib kasutamiseks igap\u00e4evaselt.\u00a0<strong><\/p>\n<p>Ideaalne juuksepikenduste kandjatele, hoides juuksed pusavabad ja s\u00e4ravad.<\/strong><\/p>\n<p>Soovitatav on alustada juuste kammimist juusteotstest, liikudes j\u00e4rk-j\u00e4rgult aina juuksejuurele l\u00e4hemale.<\/p>\n<p>&#8211; Kaetud reaalse h\u00f5bedaga<\/p>\n<p>&#8211; Ovaalne kuju<\/p>\n<p>&#8211; Massaa\u017ei efekt<\/p>\n<p>&#8211; Sobib ridik\u00fclli v\u00f5i v\u00e4ikesesse k\u00e4ekotti<\/p>\n<p>&#8211; Erineva pikkusega harjased<\/p>\n<p>&#8211; Pehmed harjased, mis ei kahjusta juukseid<\/p>\n<p>&#8211; Naturaalsed harjased, mis koguvad juustest tolmu<\/p>\n<p>&#8211; Juuksed j\u00e4\u00e4vad pehmed ja s\u00e4ravad<\/p>\n<p>&#8211; Limiteeritud kollektsioon<\/p>\n","protected":false},"featured_media":52264,"template":"","meta":[],"product_brand":[],"product_cat":[129,192],"product_tag":[],"class_list":{"0":"post-52207","1":"product","2":"type-product","3":"status-publish","4":"has-post-thumbnail","6":"product_cat-kingitused","7":"product_cat-uued-tooted","9":"first","10":"instock","11":"taxable","12":"shipping-taxable","13":"purchasable","14":"product-type-simple","15":"add-to-wishlist-after_add_to_cart"},"yoast_head":"<!-- This site is optimized with the Yoast SEO plugin v27.3 - https:\/\/yoast.com\/product\/yoast-seo-wordpress\/ -->\n<title>BALMAIN HAIR h\u00f5bedane mini juuksehari \/ Mini Silver Spa Brush - Hair Deluxe<\/title>\n<meta name=\"robots\" content=\"index, follow, max-snippet:-1, max-image-preview:large, max-video-preview:-1\" \/>\n<link rel=\"canonical\" href=\"https:\/\/hairdeluxe.ee\/en\/product\/balmain-hair-hobedane-mini-juuksehari-mini-silver-spa-brush\/\" \/>\n<meta property=\"og:locale\" content=\"en_US\" \/>\n<meta property=\"og:type\" content=\"article\" \/>\n<meta property=\"og:title\" content=\"BALMAIN HAIR h\u00f5bedane mini juuksehari \/ Mini Silver Spa Brush - Hair Deluxe\" \/>\n<meta property=\"og:description\" content=\"Balmain Hair poolt limiteeritud kollektsiooni raames loodud h\u00f5bedane mini juuksehari. See imeline toode sobib ka juuksepikenduste harjamiseks. Juukseharja erineva pikkusega pehmed harjased kammivad juukseid \u00f5rnalt, ilma kiskumata ja kahjustamata. Korjab juustest kokku tolmu. Sobib kasutamiseks igap\u00e4evaselt.\u00a0 Ideaalne juuksepikenduste kandjatele, hoides juuksed pusavabad ja s\u00e4ravad. Soovitatav on alustada juuste kammimist juusteotstest, liikudes j\u00e4rk-j\u00e4rgult aina juuksejuurele l\u00e4hemale.  - Kaetud reaalse h\u00f5bedaga - Ovaalne kuju - Massaa\u017ei efekt - Sobib ridik\u00fclli v\u00f5i v\u00e4ikesesse k\u00e4ekotti - Erineva pikkusega harjased - Pehmed harjased, mis ei kahjusta juukseid - Naturaalsed harjased, mis koguvad juustest tolmu - Juuksed j\u00e4\u00e4vad pehmed ja s\u00e4ravad - Limiteeritud kollektsioon\" \/>\n<meta property=\"og:url\" content=\"https:\/\/hairdeluxe.ee\/en\/product\/balmain-hair-hobedane-mini-juuksehari-mini-silver-spa-brush\/\" \/>\n<meta property=\"og:site_name\" content=\"Hair Deluxe\" \/>\n<meta property=\"article:publisher\" content=\"https:\/\/www.facebook.com\/blowbartallinn\" \/>\n<meta property=\"article:modified_time\" content=\"2025-10-07T03:55:25+00:00\" \/>\n<meta property=\"og:image\" content=\"https:\/\/hairdeluxe.ee\/wp-content\/uploads\/2025\/09\/spasilvermini.jpg\" \/>\n\t<meta property=\"og:image:width\" content=\"390\" \/>\n\t<meta property=\"og:image:height\" content=\"585\" \/>\n\t<meta property=\"og:image:type\" content=\"image\/jpeg\" \/>\n<meta name=\"twitter:card\" content=\"summary_large_image\" \/>\n<script type=\"application\/ld+json\" class=\"yoast-schema-graph\">{\"@context\":\"https:\\\/\\\/schema.org\",\"@graph\":[{\"@type\":\"WebPage\",\"@id\":\"https:\\\/\\\/hairdeluxe.ee\\\/en\\\/product\\\/balmain-hair-hobedane-mini-juuksehari-mini-silver-spa-brush\\\/\",\"url\":\"https:\\\/\\\/hairdeluxe.ee\\\/en\\\/product\\\/balmain-hair-hobedane-mini-juuksehari-mini-silver-spa-brush\\\/\",\"name\":\"BALMAIN HAIR h\u00f5bedane mini juuksehari \\\/ Mini Silver Spa Brush - Hair Deluxe\",\"isPartOf\":{\"@id\":\"https:\\\/\\\/hairdeluxe.ee\\\/en\\\/#website\"},\"primaryImageOfPage\":{\"@id\":\"https:\\\/\\\/hairdeluxe.ee\\\/en\\\/product\\\/balmain-hair-hobedane-mini-juuksehari-mini-silver-spa-brush\\\/#primaryimage\"},\"image\":{\"@id\":\"https:\\\/\\\/hairdeluxe.ee\\\/en\\\/product\\\/balmain-hair-hobedane-mini-juuksehari-mini-silver-spa-brush\\\/#primaryimage\"},\"thumbnailUrl\":\"https:\\\/\\\/hairdeluxe.ee\\\/wp-content\\\/uploads\\\/2025\\\/09\\\/spasilvermini.jpg\",\"datePublished\":\"2025-09-20T20:21:17+00:00\",\"dateModified\":\"2025-10-07T03:55:25+00:00\",\"breadcrumb\":{\"@id\":\"https:\\\/\\\/hairdeluxe.ee\\\/en\\\/product\\\/balmain-hair-hobedane-mini-juuksehari-mini-silver-spa-brush\\\/#breadcrumb\"},\"inLanguage\":\"en-US\",\"potentialAction\":[{\"@type\":\"ReadAction\",\"target\":[\"https:\\\/\\\/hairdeluxe.ee\\\/en\\\/product\\\/balmain-hair-hobedane-mini-juuksehari-mini-silver-spa-brush\\\/\"]}]},{\"@type\":\"ImageObject\",\"inLanguage\":\"en-US\",\"@id\":\"https:\\\/\\\/hairdeluxe.ee\\\/en\\\/product\\\/balmain-hair-hobedane-mini-juuksehari-mini-silver-spa-brush\\\/#primaryimage\",\"url\":\"https:\\\/\\\/hairdeluxe.ee\\\/wp-content\\\/uploads\\\/2025\\\/09\\\/spasilvermini.jpg\",\"contentUrl\":\"https:\\\/\\\/hairdeluxe.ee\\\/wp-content\\\/uploads\\\/2025\\\/09\\\/spasilvermini.jpg\",\"width\":390,\"height\":585},{\"@type\":\"BreadcrumbList\",\"@id\":\"https:\\\/\\\/hairdeluxe.ee\\\/en\\\/product\\\/balmain-hair-hobedane-mini-juuksehari-mini-silver-spa-brush\\\/#breadcrumb\",\"itemListElement\":[{\"@type\":\"ListItem\",\"position\":1,\"name\":\"Home\",\"item\":\"https:\\\/\\\/hairdeluxe.ee\\\/en\\\/\"},{\"@type\":\"ListItem\",\"position\":2,\"name\":\"Shop\",\"item\":\"https:\\\/\\\/hairdeluxe.ee\\\/en\\\/shop\\\/\"},{\"@type\":\"ListItem\",\"position\":3,\"name\":\"BALMAIN HAIR h\u00f5bedane mini juuksehari \\\/ Mini Silver Spa Brush\"}]},{\"@type\":\"WebSite\",\"@id\":\"https:\\\/\\\/hairdeluxe.ee\\\/en\\\/#website\",\"url\":\"https:\\\/\\\/hairdeluxe.ee\\\/en\\\/\",\"name\":\"Hair Deluxe\",\"description\":\"Highlight your natural beauty\",\"publisher\":{\"@id\":\"https:\\\/\\\/hairdeluxe.ee\\\/en\\\/#organization\"},\"potentialAction\":[{\"@type\":\"SearchAction\",\"target\":{\"@type\":\"EntryPoint\",\"urlTemplate\":\"https:\\\/\\\/hairdeluxe.ee\\\/en\\\/?s={search_term_string}\"},\"query-input\":{\"@type\":\"PropertyValueSpecification\",\"valueRequired\":true,\"valueName\":\"search_term_string\"}}],\"inLanguage\":\"en-US\"},{\"@type\":\"Organization\",\"@id\":\"https:\\\/\\\/hairdeluxe.ee\\\/en\\\/#organization\",\"name\":\"Hair Deluxe\",\"url\":\"https:\\\/\\\/hairdeluxe.ee\\\/en\\\/\",\"logo\":{\"@type\":\"ImageObject\",\"inLanguage\":\"en-US\",\"@id\":\"https:\\\/\\\/hairdeluxe.ee\\\/en\\\/#\\\/schema\\\/logo\\\/image\\\/\",\"url\":\"https:\\\/\\\/hairdeluxe.ee\\\/wp-content\\\/uploads\\\/2024\\\/06\\\/Hair-Deluxe-Logo-Dark-font.png\",\"contentUrl\":\"https:\\\/\\\/hairdeluxe.ee\\\/wp-content\\\/uploads\\\/2024\\\/06\\\/Hair-Deluxe-Logo-Dark-font.png\",\"width\":467,\"height\":177,\"caption\":\"Hair Deluxe\"},\"image\":{\"@id\":\"https:\\\/\\\/hairdeluxe.ee\\\/en\\\/#\\\/schema\\\/logo\\\/image\\\/\"},\"sameAs\":[\"https:\\\/\\\/www.facebook.com\\\/blowbartallinn\",\"https:\\\/\\\/www.instagram.com\\\/blowbar_tallinn\"]}]}<\/script>\n<!-- \/ Yoast SEO plugin. -->","yoast_head_json":{"title":"BALMAIN HAIR h\u00f5bedane mini juuksehari \/ Mini Silver Spa Brush - Hair Deluxe","robots":{"index":"index","follow":"follow","max-snippet":"max-snippet:-1","max-image-preview":"max-image-preview:large","max-video-preview":"max-video-preview:-1"},"canonical":"https:\/\/hairdeluxe.ee\/en\/product\/balmain-hair-hobedane-mini-juuksehari-mini-silver-spa-brush\/","og_locale":"en_US","og_type":"article","og_title":"BALMAIN HAIR h\u00f5bedane mini juuksehari \/ Mini Silver Spa Brush - Hair Deluxe","og_description":"Balmain Hair poolt limiteeritud kollektsiooni raames loodud h\u00f5bedane mini juuksehari. See imeline toode sobib ka juuksepikenduste harjamiseks. Juukseharja erineva pikkusega pehmed harjased kammivad juukseid \u00f5rnalt, ilma kiskumata ja kahjustamata. Korjab juustest kokku tolmu. Sobib kasutamiseks igap\u00e4evaselt.\u00a0 Ideaalne juuksepikenduste kandjatele, hoides juuksed pusavabad ja s\u00e4ravad. Soovitatav on alustada juuste kammimist juusteotstest, liikudes j\u00e4rk-j\u00e4rgult aina juuksejuurele l\u00e4hemale.  - Kaetud reaalse h\u00f5bedaga - Ovaalne kuju - Massaa\u017ei efekt - Sobib ridik\u00fclli v\u00f5i v\u00e4ikesesse k\u00e4ekotti - Erineva pikkusega harjased - Pehmed harjased, mis ei kahjusta juukseid - Naturaalsed harjased, mis koguvad juustest tolmu - Juuksed j\u00e4\u00e4vad pehmed ja s\u00e4ravad - Limiteeritud kollektsioon","og_url":"https:\/\/hairdeluxe.ee\/en\/product\/balmain-hair-hobedane-mini-juuksehari-mini-silver-spa-brush\/","og_site_name":"Hair Deluxe","article_publisher":"https:\/\/www.facebook.com\/blowbartallinn","article_modified_time":"2025-10-07T03:55:25+00:00","og_image":[{"width":390,"height":585,"url":"https:\/\/hairdeluxe.ee\/wp-content\/uploads\/2025\/09\/spasilvermini.jpg","type":"image\/jpeg"}],"twitter_card":"summary_large_image","schema":{"@context":"https:\/\/schema.org","@graph":[{"@type":"WebPage","@id":"https:\/\/hairdeluxe.ee\/en\/product\/balmain-hair-hobedane-mini-juuksehari-mini-silver-spa-brush\/","url":"https:\/\/hairdeluxe.ee\/en\/product\/balmain-hair-hobedane-mini-juuksehari-mini-silver-spa-brush\/","name":"BALMAIN HAIR h\u00f5bedane mini juuksehari \/ Mini Silver Spa Brush - Hair Deluxe","isPartOf":{"@id":"https:\/\/hairdeluxe.ee\/en\/#website"},"primaryImageOfPage":{"@id":"https:\/\/hairdeluxe.ee\/en\/product\/balmain-hair-hobedane-mini-juuksehari-mini-silver-spa-brush\/#primaryimage"},"image":{"@id":"https:\/\/hairdeluxe.ee\/en\/product\/balmain-hair-hobedane-mini-juuksehari-mini-silver-spa-brush\/#primaryimage"},"thumbnailUrl":"https:\/\/hairdeluxe.ee\/wp-content\/uploads\/2025\/09\/spasilvermini.jpg","datePublished":"2025-09-20T20:21:17+00:00","dateModified":"2025-10-07T03:55:25+00:00","breadcrumb":{"@id":"https:\/\/hairdeluxe.ee\/en\/product\/balmain-hair-hobedane-mini-juuksehari-mini-silver-spa-brush\/#breadcrumb"},"inLanguage":"en-US","potentialAction":[{"@type":"ReadAction","target":["https:\/\/hairdeluxe.ee\/en\/product\/balmain-hair-hobedane-mini-juuksehari-mini-silver-spa-brush\/"]}]},{"@type":"ImageObject","inLanguage":"en-US","@id":"https:\/\/hairdeluxe.ee\/en\/product\/balmain-hair-hobedane-mini-juuksehari-mini-silver-spa-brush\/#primaryimage","url":"https:\/\/hairdeluxe.ee\/wp-content\/uploads\/2025\/09\/spasilvermini.jpg","contentUrl":"https:\/\/hairdeluxe.ee\/wp-content\/uploads\/2025\/09\/spasilvermini.jpg","width":390,"height":585},{"@type":"BreadcrumbList","@id":"https:\/\/hairdeluxe.ee\/en\/product\/balmain-hair-hobedane-mini-juuksehari-mini-silver-spa-brush\/#breadcrumb","itemListElement":[{"@type":"ListItem","position":1,"name":"Home","item":"https:\/\/hairdeluxe.ee\/en\/"},{"@type":"ListItem","position":2,"name":"Shop","item":"https:\/\/hairdeluxe.ee\/en\/shop\/"},{"@type":"ListItem","position":3,"name":"BALMAIN HAIR h\u00f5bedane mini juuksehari \/ Mini Silver Spa Brush"}]},{"@type":"WebSite","@id":"https:\/\/hairdeluxe.ee\/en\/#website","url":"https:\/\/hairdeluxe.ee\/en\/","name":"Hair Deluxe","description":"Highlight your natural beauty","publisher":{"@id":"https:\/\/hairdeluxe.ee\/en\/#organization"},"potentialAction":[{"@type":"SearchAction","target":{"@type":"EntryPoint","urlTemplate":"https:\/\/hairdeluxe.ee\/en\/?s={search_term_string}"},"query-input":{"@type":"PropertyValueSpecification","valueRequired":true,"valueName":"search_term_string"}}],"inLanguage":"en-US"},{"@type":"Organization","@id":"https:\/\/hairdeluxe.ee\/en\/#organization","name":"Hair Deluxe","url":"https:\/\/hairdeluxe.ee\/en\/","logo":{"@type":"ImageObject","inLanguage":"en-US","@id":"https:\/\/hairdeluxe.ee\/en\/#\/schema\/logo\/image\/","url":"https:\/\/hairdeluxe.ee\/wp-content\/uploads\/2024\/06\/Hair-Deluxe-Logo-Dark-font.png","contentUrl":"https:\/\/hairdeluxe.ee\/wp-content\/uploads\/2024\/06\/Hair-Deluxe-Logo-Dark-font.png","width":467,"height":177,"caption":"Hair Deluxe"},"image":{"@id":"https:\/\/hairdeluxe.ee\/en\/#\/schema\/logo\/image\/"},"sameAs":["https:\/\/www.facebook.com\/blowbartallinn","https:\/\/www.instagram.com\/blowbar_tallinn"]}]}},"_links":{"self":[{"href":"https:\/\/hairdeluxe.ee\/en\/wp-json\/wp\/v2\/product\/52207","targetHints":{"allow":["GET"]}}],"collection":[{"href":"https:\/\/hairdeluxe.ee\/en\/wp-json\/wp\/v2\/product"}],"about":[{"href":"https:\/\/hairdeluxe.ee\/en\/wp-json\/wp\/v2\/types\/product"}],"wp:featuredmedia":[{"embeddable":true,"href":"https:\/\/hairdeluxe.ee\/en\/wp-json\/wp\/v2\/media\/52264"}],"wp:attachment":[{"href":"https:\/\/hairdeluxe.ee\/en\/wp-json\/wp\/v2\/media?parent=52207"}],"wp:term":[{"taxonomy":"product_brand","embeddable":true,"href":"https:\/\/hairdeluxe.ee\/en\/wp-json\/wp\/v2\/product_brand?post=52207"},{"taxonomy":"product_cat","embeddable":true,"href":"https:\/\/hairdeluxe.ee\/en\/wp-json\/wp\/v2\/product_cat?post=52207"},{"taxonomy":"product_tag","embeddable":true,"href":"https:\/\/hairdeluxe.ee\/en\/wp-json\/wp\/v2\/product_tag?post=52207"}],"curies":[{"name":"wp","href":"https:\/\/api.w.org\/{rel}","templated":true}]}}