{"id":52212,"date":"2025-09-20T20:21:20","date_gmt":"2025-09-20T20:21:20","guid":{"rendered":"https:\/\/hairdeluxe.ee\/?post_type=product&#038;p=52212"},"modified":"2025-10-07T03:55:25","modified_gmt":"2025-10-07T03:55:25","slug":"balmain-hair-nahast-juukseklamber-valge-printemps-leather-snap-hair-clip-white","status":"publish","type":"product","link":"https:\/\/hairdeluxe.ee\/en\/product\/balmain-hair-nahast-juukseklamber-valge-printemps-leather-snap-hair-clip-white\/","title":{"rendered":"BALMAIN HAIR nahast juukseklamber valge \/ Printemps Leather Snap Hair Clip White"},"content":{"rendered":"","protected":false},"excerpt":{"rendered":"<div>Piiratud v\u00e4ljaandega Printemps Leather Snap juukseklamber on valmistatud kvaliteetsest Napa nahast ja kaunistatud 18K kaetud BALMAIN B-logoga.<\/div>\n<div><\/div>\n<div>Kevadisest loodusmaailmast inspireeritud juukseklamber kehastab t\u00e4rkava taimestiku elegantsi ja keerukust, peegeldades \u00f5ite ning lehtede \u00f5rna ilu.<\/p>\n<p>See juukseklamber on loodud nii stiilseks kandmiseks juukseehtena kui ka funktsionaalne ja praktiline kandmine, saavutades kingla ja elehantse juuste hoidvuse.<\/p><\/div>\n<div>Juukseklambrit on v\u00e4ga lihtne ja mugav paigaldada soengusse &#8211; Lihtsalt kl\u00f5psake see oma kohale ja nautige kindlat hoidmist.<\/div>\n<div><\/div>\n<div>M\u00f5\u00f5dud: Pikkus: 7,10 cm \/ Laius: 0,50 cm \/ K\u00f5rgus: 3 cm<\/div>\n","protected":false},"featured_media":52316,"template":"","meta":[],"product_brand":[],"product_cat":[96,192],"product_tag":[],"class_list":{"0":"post-52212","1":"product","2":"type-product","3":"status-publish","4":"has-post-thumbnail","6":"product_cat-aksessuaarid","7":"product_cat-uued-tooted","9":"first","10":"instock","11":"taxable","12":"shipping-taxable","13":"purchasable","14":"product-type-simple","15":"add-to-wishlist-after_add_to_cart"},"yoast_head":"<!-- This site is optimized with the Yoast SEO plugin v27.4 - https:\/\/yoast.com\/product\/yoast-seo-wordpress\/ -->\n<title>BALMAIN HAIR nahast juukseklamber valge \/ Printemps Leather Snap Hair Clip White - Hair Deluxe<\/title>\n<meta name=\"robots\" content=\"index, follow, max-snippet:-1, max-image-preview:large, max-video-preview:-1\" \/>\n<link rel=\"canonical\" href=\"https:\/\/hairdeluxe.ee\/en\/product\/balmain-hair-nahast-juukseklamber-valge-printemps-leather-snap-hair-clip-white\/\" \/>\n<meta property=\"og:locale\" content=\"en_US\" \/>\n<meta property=\"og:type\" content=\"article\" \/>\n<meta property=\"og:title\" content=\"BALMAIN HAIR nahast juukseklamber valge \/ Printemps Leather Snap Hair Clip White - Hair Deluxe\" \/>\n<meta property=\"og:description\" content=\"Piiratud v\u00e4ljaandega Printemps Leather Snap juukseklamber on valmistatud kvaliteetsest Napa nahast ja kaunistatud 18K kaetud BALMAIN B-logoga.  Kevadisest loodusmaailmast inspireeritud juukseklamber kehastab t\u00e4rkava taimestiku elegantsi ja keerukust, peegeldades \u00f5ite ning lehtede \u00f5rna ilu. See juukseklamber on loodud nii stiilseks kandmiseks juukseehtena kui ka funktsionaalne ja praktiline kandmine, saavutades kingla ja elehantse juuste hoidvuse. Juukseklambrit on v\u00e4ga lihtne ja mugav paigaldada soengusse - Lihtsalt kl\u00f5psake see oma kohale ja nautige kindlat hoidmist.  M\u00f5\u00f5dud: Pikkus: 7,10 cm \/ Laius: 0,50 cm \/ K\u00f5rgus: 3 cm\" \/>\n<meta property=\"og:url\" content=\"https:\/\/hairdeluxe.ee\/en\/product\/balmain-hair-nahast-juukseklamber-valge-printemps-leather-snap-hair-clip-white\/\" \/>\n<meta property=\"og:site_name\" content=\"Hair Deluxe\" \/>\n<meta property=\"article:publisher\" content=\"https:\/\/www.facebook.com\/blowbartallinn\" \/>\n<meta property=\"article:modified_time\" content=\"2025-10-07T03:55:25+00:00\" \/>\n<meta property=\"og:image\" content=\"https:\/\/hairdeluxe.ee\/wp-content\/uploads\/2025\/09\/balmainhair_accessoires_limitededition_printemps_leather_snap_hair_clip_le_hj_pt_s_clip_ss25_01-scaled-1.jpg\" \/>\n\t<meta property=\"og:image:width\" content=\"2560\" \/>\n\t<meta property=\"og:image:height\" content=\"2560\" \/>\n\t<meta property=\"og:image:type\" content=\"image\/jpeg\" \/>\n<meta name=\"twitter:card\" content=\"summary_large_image\" \/>\n<script type=\"application\/ld+json\" class=\"yoast-schema-graph\">{\"@context\":\"https:\\\/\\\/schema.org\",\"@graph\":[{\"@type\":\"WebPage\",\"@id\":\"https:\\\/\\\/hairdeluxe.ee\\\/en\\\/product\\\/balmain-hair-nahast-juukseklamber-valge-printemps-leather-snap-hair-clip-white\\\/\",\"url\":\"https:\\\/\\\/hairdeluxe.ee\\\/en\\\/product\\\/balmain-hair-nahast-juukseklamber-valge-printemps-leather-snap-hair-clip-white\\\/\",\"name\":\"BALMAIN HAIR nahast juukseklamber valge \\\/ Printemps Leather Snap Hair Clip White - Hair Deluxe\",\"isPartOf\":{\"@id\":\"https:\\\/\\\/hairdeluxe.ee\\\/en\\\/#website\"},\"primaryImageOfPage\":{\"@id\":\"https:\\\/\\\/hairdeluxe.ee\\\/en\\\/product\\\/balmain-hair-nahast-juukseklamber-valge-printemps-leather-snap-hair-clip-white\\\/#primaryimage\"},\"image\":{\"@id\":\"https:\\\/\\\/hairdeluxe.ee\\\/en\\\/product\\\/balmain-hair-nahast-juukseklamber-valge-printemps-leather-snap-hair-clip-white\\\/#primaryimage\"},\"thumbnailUrl\":\"https:\\\/\\\/hairdeluxe.ee\\\/wp-content\\\/uploads\\\/2025\\\/09\\\/balmainhair_accessoires_limitededition_printemps_leather_snap_hair_clip_le_hj_pt_s_clip_ss25_01-scaled-1.jpg\",\"datePublished\":\"2025-09-20T20:21:20+00:00\",\"dateModified\":\"2025-10-07T03:55:25+00:00\",\"breadcrumb\":{\"@id\":\"https:\\\/\\\/hairdeluxe.ee\\\/en\\\/product\\\/balmain-hair-nahast-juukseklamber-valge-printemps-leather-snap-hair-clip-white\\\/#breadcrumb\"},\"inLanguage\":\"en-US\",\"potentialAction\":[{\"@type\":\"ReadAction\",\"target\":[\"https:\\\/\\\/hairdeluxe.ee\\\/en\\\/product\\\/balmain-hair-nahast-juukseklamber-valge-printemps-leather-snap-hair-clip-white\\\/\"]}]},{\"@type\":\"ImageObject\",\"inLanguage\":\"en-US\",\"@id\":\"https:\\\/\\\/hairdeluxe.ee\\\/en\\\/product\\\/balmain-hair-nahast-juukseklamber-valge-printemps-leather-snap-hair-clip-white\\\/#primaryimage\",\"url\":\"https:\\\/\\\/hairdeluxe.ee\\\/wp-content\\\/uploads\\\/2025\\\/09\\\/balmainhair_accessoires_limitededition_printemps_leather_snap_hair_clip_le_hj_pt_s_clip_ss25_01-scaled-1.jpg\",\"contentUrl\":\"https:\\\/\\\/hairdeluxe.ee\\\/wp-content\\\/uploads\\\/2025\\\/09\\\/balmainhair_accessoires_limitededition_printemps_leather_snap_hair_clip_le_hj_pt_s_clip_ss25_01-scaled-1.jpg\",\"width\":2560,\"height\":2560},{\"@type\":\"BreadcrumbList\",\"@id\":\"https:\\\/\\\/hairdeluxe.ee\\\/en\\\/product\\\/balmain-hair-nahast-juukseklamber-valge-printemps-leather-snap-hair-clip-white\\\/#breadcrumb\",\"itemListElement\":[{\"@type\":\"ListItem\",\"position\":1,\"name\":\"Home\",\"item\":\"https:\\\/\\\/hairdeluxe.ee\\\/en\\\/\"},{\"@type\":\"ListItem\",\"position\":2,\"name\":\"Shop\",\"item\":\"https:\\\/\\\/hairdeluxe.ee\\\/en\\\/shop\\\/\"},{\"@type\":\"ListItem\",\"position\":3,\"name\":\"BALMAIN HAIR nahast juukseklamber valge \\\/ Printemps Leather Snap Hair Clip White\"}]},{\"@type\":\"WebSite\",\"@id\":\"https:\\\/\\\/hairdeluxe.ee\\\/en\\\/#website\",\"url\":\"https:\\\/\\\/hairdeluxe.ee\\\/en\\\/\",\"name\":\"Hair Deluxe\",\"description\":\"Highlight your natural beauty\",\"publisher\":{\"@id\":\"https:\\\/\\\/hairdeluxe.ee\\\/en\\\/#organization\"},\"potentialAction\":[{\"@type\":\"SearchAction\",\"target\":{\"@type\":\"EntryPoint\",\"urlTemplate\":\"https:\\\/\\\/hairdeluxe.ee\\\/en\\\/?s={search_term_string}\"},\"query-input\":{\"@type\":\"PropertyValueSpecification\",\"valueRequired\":true,\"valueName\":\"search_term_string\"}}],\"inLanguage\":\"en-US\"},{\"@type\":\"Organization\",\"@id\":\"https:\\\/\\\/hairdeluxe.ee\\\/en\\\/#organization\",\"name\":\"Hair Deluxe\",\"url\":\"https:\\\/\\\/hairdeluxe.ee\\\/en\\\/\",\"logo\":{\"@type\":\"ImageObject\",\"inLanguage\":\"en-US\",\"@id\":\"https:\\\/\\\/hairdeluxe.ee\\\/en\\\/#\\\/schema\\\/logo\\\/image\\\/\",\"url\":\"https:\\\/\\\/hairdeluxe.ee\\\/wp-content\\\/uploads\\\/2024\\\/06\\\/Hair-Deluxe-Logo-Dark-font.png\",\"contentUrl\":\"https:\\\/\\\/hairdeluxe.ee\\\/wp-content\\\/uploads\\\/2024\\\/06\\\/Hair-Deluxe-Logo-Dark-font.png\",\"width\":467,\"height\":177,\"caption\":\"Hair Deluxe\"},\"image\":{\"@id\":\"https:\\\/\\\/hairdeluxe.ee\\\/en\\\/#\\\/schema\\\/logo\\\/image\\\/\"},\"sameAs\":[\"https:\\\/\\\/www.facebook.com\\\/blowbartallinn\",\"https:\\\/\\\/www.instagram.com\\\/blowbar_tallinn\"]}]}<\/script>\n<!-- \/ Yoast SEO plugin. -->","yoast_head_json":{"title":"BALMAIN HAIR nahast juukseklamber valge \/ Printemps Leather Snap Hair Clip White - Hair Deluxe","robots":{"index":"index","follow":"follow","max-snippet":"max-snippet:-1","max-image-preview":"max-image-preview:large","max-video-preview":"max-video-preview:-1"},"canonical":"https:\/\/hairdeluxe.ee\/en\/product\/balmain-hair-nahast-juukseklamber-valge-printemps-leather-snap-hair-clip-white\/","og_locale":"en_US","og_type":"article","og_title":"BALMAIN HAIR nahast juukseklamber valge \/ Printemps Leather Snap Hair Clip White - Hair Deluxe","og_description":"Piiratud v\u00e4ljaandega Printemps Leather Snap juukseklamber on valmistatud kvaliteetsest Napa nahast ja kaunistatud 18K kaetud BALMAIN B-logoga.  Kevadisest loodusmaailmast inspireeritud juukseklamber kehastab t\u00e4rkava taimestiku elegantsi ja keerukust, peegeldades \u00f5ite ning lehtede \u00f5rna ilu. See juukseklamber on loodud nii stiilseks kandmiseks juukseehtena kui ka funktsionaalne ja praktiline kandmine, saavutades kingla ja elehantse juuste hoidvuse. Juukseklambrit on v\u00e4ga lihtne ja mugav paigaldada soengusse - Lihtsalt kl\u00f5psake see oma kohale ja nautige kindlat hoidmist.  M\u00f5\u00f5dud: Pikkus: 7,10 cm \/ Laius: 0,50 cm \/ K\u00f5rgus: 3 cm","og_url":"https:\/\/hairdeluxe.ee\/en\/product\/balmain-hair-nahast-juukseklamber-valge-printemps-leather-snap-hair-clip-white\/","og_site_name":"Hair Deluxe","article_publisher":"https:\/\/www.facebook.com\/blowbartallinn","article_modified_time":"2025-10-07T03:55:25+00:00","og_image":[{"width":2560,"height":2560,"url":"https:\/\/hairdeluxe.ee\/wp-content\/uploads\/2025\/09\/balmainhair_accessoires_limitededition_printemps_leather_snap_hair_clip_le_hj_pt_s_clip_ss25_01-scaled-1.jpg","type":"image\/jpeg"}],"twitter_card":"summary_large_image","schema":{"@context":"https:\/\/schema.org","@graph":[{"@type":"WebPage","@id":"https:\/\/hairdeluxe.ee\/en\/product\/balmain-hair-nahast-juukseklamber-valge-printemps-leather-snap-hair-clip-white\/","url":"https:\/\/hairdeluxe.ee\/en\/product\/balmain-hair-nahast-juukseklamber-valge-printemps-leather-snap-hair-clip-white\/","name":"BALMAIN HAIR nahast juukseklamber valge \/ Printemps Leather Snap Hair Clip White - Hair Deluxe","isPartOf":{"@id":"https:\/\/hairdeluxe.ee\/en\/#website"},"primaryImageOfPage":{"@id":"https:\/\/hairdeluxe.ee\/en\/product\/balmain-hair-nahast-juukseklamber-valge-printemps-leather-snap-hair-clip-white\/#primaryimage"},"image":{"@id":"https:\/\/hairdeluxe.ee\/en\/product\/balmain-hair-nahast-juukseklamber-valge-printemps-leather-snap-hair-clip-white\/#primaryimage"},"thumbnailUrl":"https:\/\/hairdeluxe.ee\/wp-content\/uploads\/2025\/09\/balmainhair_accessoires_limitededition_printemps_leather_snap_hair_clip_le_hj_pt_s_clip_ss25_01-scaled-1.jpg","datePublished":"2025-09-20T20:21:20+00:00","dateModified":"2025-10-07T03:55:25+00:00","breadcrumb":{"@id":"https:\/\/hairdeluxe.ee\/en\/product\/balmain-hair-nahast-juukseklamber-valge-printemps-leather-snap-hair-clip-white\/#breadcrumb"},"inLanguage":"en-US","potentialAction":[{"@type":"ReadAction","target":["https:\/\/hairdeluxe.ee\/en\/product\/balmain-hair-nahast-juukseklamber-valge-printemps-leather-snap-hair-clip-white\/"]}]},{"@type":"ImageObject","inLanguage":"en-US","@id":"https:\/\/hairdeluxe.ee\/en\/product\/balmain-hair-nahast-juukseklamber-valge-printemps-leather-snap-hair-clip-white\/#primaryimage","url":"https:\/\/hairdeluxe.ee\/wp-content\/uploads\/2025\/09\/balmainhair_accessoires_limitededition_printemps_leather_snap_hair_clip_le_hj_pt_s_clip_ss25_01-scaled-1.jpg","contentUrl":"https:\/\/hairdeluxe.ee\/wp-content\/uploads\/2025\/09\/balmainhair_accessoires_limitededition_printemps_leather_snap_hair_clip_le_hj_pt_s_clip_ss25_01-scaled-1.jpg","width":2560,"height":2560},{"@type":"BreadcrumbList","@id":"https:\/\/hairdeluxe.ee\/en\/product\/balmain-hair-nahast-juukseklamber-valge-printemps-leather-snap-hair-clip-white\/#breadcrumb","itemListElement":[{"@type":"ListItem","position":1,"name":"Home","item":"https:\/\/hairdeluxe.ee\/en\/"},{"@type":"ListItem","position":2,"name":"Shop","item":"https:\/\/hairdeluxe.ee\/en\/shop\/"},{"@type":"ListItem","position":3,"name":"BALMAIN HAIR nahast juukseklamber valge \/ Printemps Leather Snap Hair Clip White"}]},{"@type":"WebSite","@id":"https:\/\/hairdeluxe.ee\/en\/#website","url":"https:\/\/hairdeluxe.ee\/en\/","name":"Hair Deluxe","description":"Highlight your natural beauty","publisher":{"@id":"https:\/\/hairdeluxe.ee\/en\/#organization"},"potentialAction":[{"@type":"SearchAction","target":{"@type":"EntryPoint","urlTemplate":"https:\/\/hairdeluxe.ee\/en\/?s={search_term_string}"},"query-input":{"@type":"PropertyValueSpecification","valueRequired":true,"valueName":"search_term_string"}}],"inLanguage":"en-US"},{"@type":"Organization","@id":"https:\/\/hairdeluxe.ee\/en\/#organization","name":"Hair Deluxe","url":"https:\/\/hairdeluxe.ee\/en\/","logo":{"@type":"ImageObject","inLanguage":"en-US","@id":"https:\/\/hairdeluxe.ee\/en\/#\/schema\/logo\/image\/","url":"https:\/\/hairdeluxe.ee\/wp-content\/uploads\/2024\/06\/Hair-Deluxe-Logo-Dark-font.png","contentUrl":"https:\/\/hairdeluxe.ee\/wp-content\/uploads\/2024\/06\/Hair-Deluxe-Logo-Dark-font.png","width":467,"height":177,"caption":"Hair Deluxe"},"image":{"@id":"https:\/\/hairdeluxe.ee\/en\/#\/schema\/logo\/image\/"},"sameAs":["https:\/\/www.facebook.com\/blowbartallinn","https:\/\/www.instagram.com\/blowbar_tallinn"]}]}},"_links":{"self":[{"href":"https:\/\/hairdeluxe.ee\/en\/wp-json\/wp\/v2\/product\/52212","targetHints":{"allow":["GET"]}}],"collection":[{"href":"https:\/\/hairdeluxe.ee\/en\/wp-json\/wp\/v2\/product"}],"about":[{"href":"https:\/\/hairdeluxe.ee\/en\/wp-json\/wp\/v2\/types\/product"}],"wp:featuredmedia":[{"embeddable":true,"href":"https:\/\/hairdeluxe.ee\/en\/wp-json\/wp\/v2\/media\/52316"}],"wp:attachment":[{"href":"https:\/\/hairdeluxe.ee\/en\/wp-json\/wp\/v2\/media?parent=52212"}],"wp:term":[{"taxonomy":"product_brand","embeddable":true,"href":"https:\/\/hairdeluxe.ee\/en\/wp-json\/wp\/v2\/product_brand?post=52212"},{"taxonomy":"product_cat","embeddable":true,"href":"https:\/\/hairdeluxe.ee\/en\/wp-json\/wp\/v2\/product_cat?post=52212"},{"taxonomy":"product_tag","embeddable":true,"href":"https:\/\/hairdeluxe.ee\/en\/wp-json\/wp\/v2\/product_tag?post=52212"}],"curies":[{"name":"wp","href":"https:\/\/api.w.org\/{rel}","templated":true}]}}