{"id":52215,"date":"2025-09-20T20:21:21","date_gmt":"2025-09-20T20:21:21","guid":{"rendered":"https:\/\/hairdeluxe.ee\/?post_type=product&#038;p=52215"},"modified":"2025-10-07T03:55:25","modified_gmt":"2025-10-07T03:55:25","slug":"balmain-hair-suvine-juustehoolduse-kinkekomplekt-muse-du-printemst-summer-hair-care-gift-set","status":"publish","type":"product","link":"https:\/\/hairdeluxe.ee\/en\/product\/balmain-hair-suvine-juustehoolduse-kinkekomplekt-muse-du-printemst-summer-hair-care-gift-set\/","title":{"rendered":"BALMAIN HAIR suvine juustehoolduse kinkekomplekt \/ Muse du Printemst Summer Hair Care Gift Set"},"content":{"rendered":"","protected":false},"excerpt":{"rendered":"<div>Kevade s\u00fcdames, kui maailm \u00e4rkab talveunest, ilmub Muse du Printemps.<\/div>\n<div>Ta kehastab selle s\u00e4rava aastaaja vaimu \u2013 muutumise, enesekindluse ja eluaja.<\/div>\n<div>Tema kohalolek mitte ainult ei t\u00e4hista aastaaegade vaheldust, vaid inspireerib ka vapustavat uut kollektsiooni.<\/div>\n<div><\/div>\n<div>Hoolitse oma juuste eest l\u00e4bi kogu suve.<\/div>\n<div>Balmain Hair Muse du Printems suvinse juuste hoolduse komplekti kuuluvad tooted v\u00f5imaldavad sul seda k\u00f5ike teha lihtsalt ja kergelt.<\/div>\n<div>tagades sinu juuste ja soengu terve v\u00e4ljana\u00e4gemise, s\u00e4ara ja kergelt kammitavuse.<\/div>\n<div><\/div>\n<div>Ideaalne kingitus sulle v\u00f5i sinu l\u00e4hedastele<\/div>\n<div><\/div>\n<div>Elegantses kinkekarbis komplekt sisaldab:<\/div>\n<div>&#8211; SUN Protection Spray, 200ml<\/div>\n<div>&#8211; Texturizing Salt Spray, 200ml<\/div>\n<div>&#8211; Argan Alixir, 100ml<\/div>\n","protected":false},"featured_media":52368,"template":"","meta":[],"product_brand":[],"product_cat":[130,192],"product_tag":[],"class_list":{"0":"post-52215","1":"product","2":"type-product","3":"status-publish","4":"has-post-thumbnail","6":"product_cat-kinkekomplektid","7":"product_cat-uued-tooted","9":"first","10":"instock","11":"taxable","12":"shipping-taxable","13":"purchasable","14":"product-type-simple","15":"add-to-wishlist-after_add_to_cart"},"yoast_head":"<!-- This site is optimized with the Yoast SEO plugin v27.4 - https:\/\/yoast.com\/product\/yoast-seo-wordpress\/ -->\n<title>BALMAIN HAIR suvine juustehoolduse kinkekomplekt \/ Muse du Printemst Summer Hair Care Gift Set - Hair Deluxe<\/title>\n<meta name=\"robots\" content=\"index, follow, max-snippet:-1, max-image-preview:large, max-video-preview:-1\" \/>\n<link rel=\"canonical\" href=\"https:\/\/hairdeluxe.ee\/en\/product\/balmain-hair-suvine-juustehoolduse-kinkekomplekt-muse-du-printemst-summer-hair-care-gift-set\/\" \/>\n<meta property=\"og:locale\" content=\"en_US\" \/>\n<meta property=\"og:type\" content=\"article\" \/>\n<meta property=\"og:title\" content=\"BALMAIN HAIR suvine juustehoolduse kinkekomplekt \/ Muse du Printemst Summer Hair Care Gift Set - Hair Deluxe\" \/>\n<meta property=\"og:description\" content=\"Kevade s\u00fcdames, kui maailm \u00e4rkab talveunest, ilmub Muse du Printemps. Ta kehastab selle s\u00e4rava aastaaja vaimu \u2013 muutumise, enesekindluse ja eluaja. Tema kohalolek mitte ainult ei t\u00e4hista aastaaegade vaheldust, vaid inspireerib ka vapustavat uut kollektsiooni.  Hoolitse oma juuste eest l\u00e4bi kogu suve. Balmain Hair Muse du Printems suvinse juuste hoolduse komplekti kuuluvad tooted v\u00f5imaldavad sul seda k\u00f5ike teha lihtsalt ja kergelt. tagades sinu juuste ja soengu terve v\u00e4ljana\u00e4gemise, s\u00e4ara ja kergelt kammitavuse.  Ideaalne kingitus sulle v\u00f5i sinu l\u00e4hedastele  Elegantses kinkekarbis komplekt sisaldab: - SUN Protection Spray, 200ml - Texturizing Salt Spray, 200ml - Argan Alixir, 100ml\" \/>\n<meta property=\"og:url\" content=\"https:\/\/hairdeluxe.ee\/en\/product\/balmain-hair-suvine-juustehoolduse-kinkekomplekt-muse-du-printemst-summer-hair-care-gift-set\/\" \/>\n<meta property=\"og:site_name\" content=\"Hair Deluxe\" \/>\n<meta property=\"article:publisher\" content=\"https:\/\/www.facebook.com\/blowbartallinn\" \/>\n<meta property=\"article:modified_time\" content=\"2025-10-07T03:55:25+00:00\" \/>\n<meta property=\"og:image\" content=\"https:\/\/hairdeluxe.ee\/wp-content\/uploads\/2025\/09\/balmainhair_pr_sales_kit_c2_2025_le_pos_pr_kit_ss25_02-scaled-1.jpg\" \/>\n\t<meta property=\"og:image:width\" content=\"2560\" \/>\n\t<meta property=\"og:image:height\" content=\"2560\" \/>\n\t<meta property=\"og:image:type\" content=\"image\/jpeg\" \/>\n<meta name=\"twitter:card\" content=\"summary_large_image\" \/>\n<script type=\"application\/ld+json\" class=\"yoast-schema-graph\">{\"@context\":\"https:\\\/\\\/schema.org\",\"@graph\":[{\"@type\":\"WebPage\",\"@id\":\"https:\\\/\\\/hairdeluxe.ee\\\/en\\\/product\\\/balmain-hair-suvine-juustehoolduse-kinkekomplekt-muse-du-printemst-summer-hair-care-gift-set\\\/\",\"url\":\"https:\\\/\\\/hairdeluxe.ee\\\/en\\\/product\\\/balmain-hair-suvine-juustehoolduse-kinkekomplekt-muse-du-printemst-summer-hair-care-gift-set\\\/\",\"name\":\"BALMAIN HAIR suvine juustehoolduse kinkekomplekt \\\/ Muse du Printemst Summer Hair Care Gift Set - Hair Deluxe\",\"isPartOf\":{\"@id\":\"https:\\\/\\\/hairdeluxe.ee\\\/en\\\/#website\"},\"primaryImageOfPage\":{\"@id\":\"https:\\\/\\\/hairdeluxe.ee\\\/en\\\/product\\\/balmain-hair-suvine-juustehoolduse-kinkekomplekt-muse-du-printemst-summer-hair-care-gift-set\\\/#primaryimage\"},\"image\":{\"@id\":\"https:\\\/\\\/hairdeluxe.ee\\\/en\\\/product\\\/balmain-hair-suvine-juustehoolduse-kinkekomplekt-muse-du-printemst-summer-hair-care-gift-set\\\/#primaryimage\"},\"thumbnailUrl\":\"https:\\\/\\\/hairdeluxe.ee\\\/wp-content\\\/uploads\\\/2025\\\/09\\\/balmainhair_pr_sales_kit_c2_2025_le_pos_pr_kit_ss25_02-scaled-1.jpg\",\"datePublished\":\"2025-09-20T20:21:21+00:00\",\"dateModified\":\"2025-10-07T03:55:25+00:00\",\"breadcrumb\":{\"@id\":\"https:\\\/\\\/hairdeluxe.ee\\\/en\\\/product\\\/balmain-hair-suvine-juustehoolduse-kinkekomplekt-muse-du-printemst-summer-hair-care-gift-set\\\/#breadcrumb\"},\"inLanguage\":\"en-US\",\"potentialAction\":[{\"@type\":\"ReadAction\",\"target\":[\"https:\\\/\\\/hairdeluxe.ee\\\/en\\\/product\\\/balmain-hair-suvine-juustehoolduse-kinkekomplekt-muse-du-printemst-summer-hair-care-gift-set\\\/\"]}]},{\"@type\":\"ImageObject\",\"inLanguage\":\"en-US\",\"@id\":\"https:\\\/\\\/hairdeluxe.ee\\\/en\\\/product\\\/balmain-hair-suvine-juustehoolduse-kinkekomplekt-muse-du-printemst-summer-hair-care-gift-set\\\/#primaryimage\",\"url\":\"https:\\\/\\\/hairdeluxe.ee\\\/wp-content\\\/uploads\\\/2025\\\/09\\\/balmainhair_pr_sales_kit_c2_2025_le_pos_pr_kit_ss25_02-scaled-1.jpg\",\"contentUrl\":\"https:\\\/\\\/hairdeluxe.ee\\\/wp-content\\\/uploads\\\/2025\\\/09\\\/balmainhair_pr_sales_kit_c2_2025_le_pos_pr_kit_ss25_02-scaled-1.jpg\",\"width\":2560,\"height\":2560},{\"@type\":\"BreadcrumbList\",\"@id\":\"https:\\\/\\\/hairdeluxe.ee\\\/en\\\/product\\\/balmain-hair-suvine-juustehoolduse-kinkekomplekt-muse-du-printemst-summer-hair-care-gift-set\\\/#breadcrumb\",\"itemListElement\":[{\"@type\":\"ListItem\",\"position\":1,\"name\":\"Home\",\"item\":\"https:\\\/\\\/hairdeluxe.ee\\\/en\\\/\"},{\"@type\":\"ListItem\",\"position\":2,\"name\":\"Shop\",\"item\":\"https:\\\/\\\/hairdeluxe.ee\\\/en\\\/shop\\\/\"},{\"@type\":\"ListItem\",\"position\":3,\"name\":\"BALMAIN HAIR suvine juustehoolduse kinkekomplekt \\\/ Muse du Printemst Summer Hair Care Gift Set\"}]},{\"@type\":\"WebSite\",\"@id\":\"https:\\\/\\\/hairdeluxe.ee\\\/en\\\/#website\",\"url\":\"https:\\\/\\\/hairdeluxe.ee\\\/en\\\/\",\"name\":\"Hair Deluxe\",\"description\":\"Highlight your natural beauty\",\"publisher\":{\"@id\":\"https:\\\/\\\/hairdeluxe.ee\\\/en\\\/#organization\"},\"potentialAction\":[{\"@type\":\"SearchAction\",\"target\":{\"@type\":\"EntryPoint\",\"urlTemplate\":\"https:\\\/\\\/hairdeluxe.ee\\\/en\\\/?s={search_term_string}\"},\"query-input\":{\"@type\":\"PropertyValueSpecification\",\"valueRequired\":true,\"valueName\":\"search_term_string\"}}],\"inLanguage\":\"en-US\"},{\"@type\":\"Organization\",\"@id\":\"https:\\\/\\\/hairdeluxe.ee\\\/en\\\/#organization\",\"name\":\"Hair Deluxe\",\"url\":\"https:\\\/\\\/hairdeluxe.ee\\\/en\\\/\",\"logo\":{\"@type\":\"ImageObject\",\"inLanguage\":\"en-US\",\"@id\":\"https:\\\/\\\/hairdeluxe.ee\\\/en\\\/#\\\/schema\\\/logo\\\/image\\\/\",\"url\":\"https:\\\/\\\/hairdeluxe.ee\\\/wp-content\\\/uploads\\\/2024\\\/06\\\/Hair-Deluxe-Logo-Dark-font.png\",\"contentUrl\":\"https:\\\/\\\/hairdeluxe.ee\\\/wp-content\\\/uploads\\\/2024\\\/06\\\/Hair-Deluxe-Logo-Dark-font.png\",\"width\":467,\"height\":177,\"caption\":\"Hair Deluxe\"},\"image\":{\"@id\":\"https:\\\/\\\/hairdeluxe.ee\\\/en\\\/#\\\/schema\\\/logo\\\/image\\\/\"},\"sameAs\":[\"https:\\\/\\\/www.facebook.com\\\/blowbartallinn\",\"https:\\\/\\\/www.instagram.com\\\/blowbar_tallinn\"]}]}<\/script>\n<!-- \/ Yoast SEO plugin. -->","yoast_head_json":{"title":"BALMAIN HAIR suvine juustehoolduse kinkekomplekt \/ Muse du Printemst Summer Hair Care Gift Set - Hair Deluxe","robots":{"index":"index","follow":"follow","max-snippet":"max-snippet:-1","max-image-preview":"max-image-preview:large","max-video-preview":"max-video-preview:-1"},"canonical":"https:\/\/hairdeluxe.ee\/en\/product\/balmain-hair-suvine-juustehoolduse-kinkekomplekt-muse-du-printemst-summer-hair-care-gift-set\/","og_locale":"en_US","og_type":"article","og_title":"BALMAIN HAIR suvine juustehoolduse kinkekomplekt \/ Muse du Printemst Summer Hair Care Gift Set - Hair Deluxe","og_description":"Kevade s\u00fcdames, kui maailm \u00e4rkab talveunest, ilmub Muse du Printemps. Ta kehastab selle s\u00e4rava aastaaja vaimu \u2013 muutumise, enesekindluse ja eluaja. Tema kohalolek mitte ainult ei t\u00e4hista aastaaegade vaheldust, vaid inspireerib ka vapustavat uut kollektsiooni.  Hoolitse oma juuste eest l\u00e4bi kogu suve. Balmain Hair Muse du Printems suvinse juuste hoolduse komplekti kuuluvad tooted v\u00f5imaldavad sul seda k\u00f5ike teha lihtsalt ja kergelt. tagades sinu juuste ja soengu terve v\u00e4ljana\u00e4gemise, s\u00e4ara ja kergelt kammitavuse.  Ideaalne kingitus sulle v\u00f5i sinu l\u00e4hedastele  Elegantses kinkekarbis komplekt sisaldab: - SUN Protection Spray, 200ml - Texturizing Salt Spray, 200ml - Argan Alixir, 100ml","og_url":"https:\/\/hairdeluxe.ee\/en\/product\/balmain-hair-suvine-juustehoolduse-kinkekomplekt-muse-du-printemst-summer-hair-care-gift-set\/","og_site_name":"Hair Deluxe","article_publisher":"https:\/\/www.facebook.com\/blowbartallinn","article_modified_time":"2025-10-07T03:55:25+00:00","og_image":[{"width":2560,"height":2560,"url":"https:\/\/hairdeluxe.ee\/wp-content\/uploads\/2025\/09\/balmainhair_pr_sales_kit_c2_2025_le_pos_pr_kit_ss25_02-scaled-1.jpg","type":"image\/jpeg"}],"twitter_card":"summary_large_image","schema":{"@context":"https:\/\/schema.org","@graph":[{"@type":"WebPage","@id":"https:\/\/hairdeluxe.ee\/en\/product\/balmain-hair-suvine-juustehoolduse-kinkekomplekt-muse-du-printemst-summer-hair-care-gift-set\/","url":"https:\/\/hairdeluxe.ee\/en\/product\/balmain-hair-suvine-juustehoolduse-kinkekomplekt-muse-du-printemst-summer-hair-care-gift-set\/","name":"BALMAIN HAIR suvine juustehoolduse kinkekomplekt \/ Muse du Printemst Summer Hair Care Gift Set - Hair Deluxe","isPartOf":{"@id":"https:\/\/hairdeluxe.ee\/en\/#website"},"primaryImageOfPage":{"@id":"https:\/\/hairdeluxe.ee\/en\/product\/balmain-hair-suvine-juustehoolduse-kinkekomplekt-muse-du-printemst-summer-hair-care-gift-set\/#primaryimage"},"image":{"@id":"https:\/\/hairdeluxe.ee\/en\/product\/balmain-hair-suvine-juustehoolduse-kinkekomplekt-muse-du-printemst-summer-hair-care-gift-set\/#primaryimage"},"thumbnailUrl":"https:\/\/hairdeluxe.ee\/wp-content\/uploads\/2025\/09\/balmainhair_pr_sales_kit_c2_2025_le_pos_pr_kit_ss25_02-scaled-1.jpg","datePublished":"2025-09-20T20:21:21+00:00","dateModified":"2025-10-07T03:55:25+00:00","breadcrumb":{"@id":"https:\/\/hairdeluxe.ee\/en\/product\/balmain-hair-suvine-juustehoolduse-kinkekomplekt-muse-du-printemst-summer-hair-care-gift-set\/#breadcrumb"},"inLanguage":"en-US","potentialAction":[{"@type":"ReadAction","target":["https:\/\/hairdeluxe.ee\/en\/product\/balmain-hair-suvine-juustehoolduse-kinkekomplekt-muse-du-printemst-summer-hair-care-gift-set\/"]}]},{"@type":"ImageObject","inLanguage":"en-US","@id":"https:\/\/hairdeluxe.ee\/en\/product\/balmain-hair-suvine-juustehoolduse-kinkekomplekt-muse-du-printemst-summer-hair-care-gift-set\/#primaryimage","url":"https:\/\/hairdeluxe.ee\/wp-content\/uploads\/2025\/09\/balmainhair_pr_sales_kit_c2_2025_le_pos_pr_kit_ss25_02-scaled-1.jpg","contentUrl":"https:\/\/hairdeluxe.ee\/wp-content\/uploads\/2025\/09\/balmainhair_pr_sales_kit_c2_2025_le_pos_pr_kit_ss25_02-scaled-1.jpg","width":2560,"height":2560},{"@type":"BreadcrumbList","@id":"https:\/\/hairdeluxe.ee\/en\/product\/balmain-hair-suvine-juustehoolduse-kinkekomplekt-muse-du-printemst-summer-hair-care-gift-set\/#breadcrumb","itemListElement":[{"@type":"ListItem","position":1,"name":"Home","item":"https:\/\/hairdeluxe.ee\/en\/"},{"@type":"ListItem","position":2,"name":"Shop","item":"https:\/\/hairdeluxe.ee\/en\/shop\/"},{"@type":"ListItem","position":3,"name":"BALMAIN HAIR suvine juustehoolduse kinkekomplekt \/ Muse du Printemst Summer Hair Care Gift Set"}]},{"@type":"WebSite","@id":"https:\/\/hairdeluxe.ee\/en\/#website","url":"https:\/\/hairdeluxe.ee\/en\/","name":"Hair Deluxe","description":"Highlight your natural beauty","publisher":{"@id":"https:\/\/hairdeluxe.ee\/en\/#organization"},"potentialAction":[{"@type":"SearchAction","target":{"@type":"EntryPoint","urlTemplate":"https:\/\/hairdeluxe.ee\/en\/?s={search_term_string}"},"query-input":{"@type":"PropertyValueSpecification","valueRequired":true,"valueName":"search_term_string"}}],"inLanguage":"en-US"},{"@type":"Organization","@id":"https:\/\/hairdeluxe.ee\/en\/#organization","name":"Hair Deluxe","url":"https:\/\/hairdeluxe.ee\/en\/","logo":{"@type":"ImageObject","inLanguage":"en-US","@id":"https:\/\/hairdeluxe.ee\/en\/#\/schema\/logo\/image\/","url":"https:\/\/hairdeluxe.ee\/wp-content\/uploads\/2024\/06\/Hair-Deluxe-Logo-Dark-font.png","contentUrl":"https:\/\/hairdeluxe.ee\/wp-content\/uploads\/2024\/06\/Hair-Deluxe-Logo-Dark-font.png","width":467,"height":177,"caption":"Hair Deluxe"},"image":{"@id":"https:\/\/hairdeluxe.ee\/en\/#\/schema\/logo\/image\/"},"sameAs":["https:\/\/www.facebook.com\/blowbartallinn","https:\/\/www.instagram.com\/blowbar_tallinn"]}]}},"_links":{"self":[{"href":"https:\/\/hairdeluxe.ee\/en\/wp-json\/wp\/v2\/product\/52215","targetHints":{"allow":["GET"]}}],"collection":[{"href":"https:\/\/hairdeluxe.ee\/en\/wp-json\/wp\/v2\/product"}],"about":[{"href":"https:\/\/hairdeluxe.ee\/en\/wp-json\/wp\/v2\/types\/product"}],"wp:featuredmedia":[{"embeddable":true,"href":"https:\/\/hairdeluxe.ee\/en\/wp-json\/wp\/v2\/media\/52368"}],"wp:attachment":[{"href":"https:\/\/hairdeluxe.ee\/en\/wp-json\/wp\/v2\/media?parent=52215"}],"wp:term":[{"taxonomy":"product_brand","embeddable":true,"href":"https:\/\/hairdeluxe.ee\/en\/wp-json\/wp\/v2\/product_brand?post=52215"},{"taxonomy":"product_cat","embeddable":true,"href":"https:\/\/hairdeluxe.ee\/en\/wp-json\/wp\/v2\/product_cat?post=52215"},{"taxonomy":"product_tag","embeddable":true,"href":"https:\/\/hairdeluxe.ee\/en\/wp-json\/wp\/v2\/product_tag?post=52215"}],"curies":[{"name":"wp","href":"https:\/\/api.w.org\/{rel}","templated":true}]}}