{"id":52219,"date":"2025-09-20T20:21:22","date_gmt":"2025-09-20T20:21:22","guid":{"rendered":"https:\/\/hairdeluxe.ee\/?post_type=product&#038;p=52219"},"modified":"2025-10-07T03:55:25","modified_gmt":"2025-10-07T03:55:25","slug":"balmain-hair-2-1-ponisaba-double-style-2in1-ponytail-memory-hair","status":"publish","type":"product","link":"https:\/\/hairdeluxe.ee\/en\/product\/balmain-hair-2-1-ponisaba-double-style-2in1-ponytail-memory-hair\/","title":{"rendered":"BALMAIN HAIR 2-1 ponisaba \/ Double Style 2in1 Ponytail Memory Hair"},"content":{"rendered":"<p><strong>2 in 1 lahendus sinu soengule!<\/strong><br \/>\nMiks leppida ainult \u00fche soengustiiliga v\u00f5i juuste pikkusega, kui on olemas kohselt 2 valikuv\u00f5imalust?<br \/>\nDoubleStyle ponisaba v\u00f5imaldab kohest soengu ja stiili vahetust lihtsa juuksepikenduse klembri p\u00f6\u00f6ramisega.<br \/>\n&#8211; Kihiline soengustiil:<br \/>\nLoodud kohese vol\u00fc\u00fcmi ja tekstuuri lisamiseks d\u00fcnaamilisema ning t\u00e4idlasema efekti saavutamiseks.<br \/>\n&#8211; Sile ja sirge soengustiil:<br \/>\n\u00dcmber p\u00f6\u00f6ratud klember, mis loob soengule poleeritud, sileda viimistluse.<\/p>\n<p><strong>Memory\u00aeHair loomuliku v\u00e4limuse ja tunde saavutamiseks.<\/strong><br \/>\n&#8211; Patendeeritud Memory\u00aeHair ponisaba juuksepikendus on loodud v\u00e4lja n\u00e4gema nagu p\u00e4ris juuksed, lisamata sinu soengule raskust ning ebamugavust.<br \/>\nSeda juuksepikendust on uskumatult kerge ja mugav kanda, s\u00e4ilitades juuksepikenduse v\u00e4rvi erksuse kogu kandmise aja.<br \/>\n&#8211; Kuumt\u00f6\u00f6tlus on v\u00f5imalik kuni 160 \u00b0C juures (320 \u00b0F), mis v\u00f5imaldab mitmek\u00fclgset stiliseerimist \u2013 olgu see lokkis v\u00f5i laineline, sile v\u00f5i sirge.<br \/>\n&#8211; Parima tulemuse saavutamiseks laske juuksepikendustel enne harjamist v\u00e4hemalt 30 sekundit soovitud kujus jahtuda, toetades neid k\u00e4e v\u00f5i klambriga, et v\u00e4ltida gravitatsiooni.<br \/>\nN\u00fc\u00fcd &#8220;m\u00e4letab&#8221; Memory\u00aeHair juuksepikendus sinu poolt loodud viimast stiili p\u00e4rast kuumt\u00f6\u00f6tlust.<\/p>\n<p>See mitmek\u00fclgne ponisaba juuksepikendus on ideaalne nii p\u00e4evasteks kui ka \u00f5htusteks songu ja stiili muutusteks ning on h\u00e4davajalik, et saaksite vaevata oma stiilseid soenguid lihtsalt ja elegantselt t\u00e4iendada.<\/p>\n<p>1. Koguge oma juuksed ponisabaks v\u00f5i krunniks sobivale k\u00f5rgusele, kuhu soovite DoubleStyle ponisaba juuksepikenduse kinnitada.<\/p>\n<p>2. Kinnitage DoubleStyle ponisaba juuksepikendus kindlalt oma ponisaba v\u00f5i krunni k\u00fclge juuksepikendusega kaasasoleva suure klambri abil.<\/p>\n<p>3. Valige soovitud soengustiil &#8211; kihiline vol\u00fc\u00fcmi andev v\u00f5i sile sirge soengustiil.<\/p>\n<p>Need soengustiilid saate saavutada lihtsal p\u00f6\u00f6rates juuksepikenduseklambrit ning paigutades DoubleStyle ponisaba soovitud asendisse v\u00f5i k\u00f5rgusele.<\/p>\n<p>4. Soovi korral stiliseerige soengut kuumt\u00f6\u00f6tlusega (kuni 160\u00b0C).<\/p>\n<p>Laske 30 sekundit juuksepikendustel jahtuda, et loodud songu kuju fikseerida.<\/p>\n<p>Toetage samal ajal lokke k\u00e4ega v\u00f5i klambriga, et v\u00e4ltida gravitatsiooni.<\/p>\n","protected":false},"excerpt":{"rendered":"<div>\n<p><strong>DoubleStyle hobusesaba &#8211; Kaks v\u00e4limust \u00fches soengus<br \/>\n<\/strong><span style=\"color: #333333;\">Lihtne ja pilkup\u00fc\u00fcdev soengumuudatus m\u00f5ne sekundiga!<\/span><\/p>\n<\/div>\n<div>Seda k\u00f5ike saate teha vaid hetkega, kasutades BLAMAIN HAIR uut DoubleStyle ponisaba juuksepikenduste lahendust.<\/div>\n<div>&#8211; DoubleStyle ponisaba on \u00fcliluksuslik juuksepikendus, mis annab koheselt tugeva vol\u00fc\u00fcmi ja soovitud pikkuse sinu soengule.<\/div>\n<div>&#8211; See ponisaba juuksepikendus sobib ideaalselt igap\u00e4evasele soengustiilile v\u00f5i eriliseks s\u00fcndmuseks vapustava v\u00e4limuse loomiseks, muutes sinu soengu ja v\u00e4limuse muutmise lihtsamaks kui kunagi varem.<\/div>\n<div>Lihtsalt kinnitage juuksepikenduse suur klamber oma soengusse sobivale k\u00f5rgusele ja uus soeng ongi valmis.<\/div>\n<div>\n<p><strong>Valikus on 3 pikkust, mida saab vastavalt klambri p\u00f6\u00f6ramisele muuta:<\/strong><\/p>\n<p>30cm \/ 35cm &#8211; 129g<br \/>\n45cm \/ 50cm &#8211; 179g<br \/>\n55cm \/ 60cm &#8211; 210g<\/p>\n<\/div>\n","protected":false},"featured_media":52396,"template":"","meta":[],"product_brand":[464],"product_cat":[266,202,488,203,126,145,167,192],"product_tag":[],"class_list":{"0":"post-52219","1":"product","2":"type-product","3":"status-publish","4":"has-post-thumbnail","6":"product_brand-balmain-hair","7":"product_cat-balmain-hair","8":"product_cat-catwalk-ponisabad","9":"product_cat-catwalk-ponisabad-mh","10":"product_cat-clip-in-pikendused","11":"product_cat-juuksepikendused","12":"product_cat-memory-hair","13":"product_cat-ready-to-wear","14":"product_cat-uued-tooted","16":"first","17":"instock","18":"taxable","19":"shipping-taxable","20":"purchasable","21":"product-type-variable","22":"add-to-wishlist-after_add_to_cart"},"yoast_head":"<!-- This site is optimized with the Yoast SEO plugin v27.5 - https:\/\/yoast.com\/product\/yoast-seo-wordpress\/ -->\n<title>BALMAIN HAIR 2-1 ponisaba \/ Double Style 2in1 Ponytail Memory Hair - Hair Deluxe<\/title>\n<meta name=\"robots\" content=\"index, follow, max-snippet:-1, max-image-preview:large, max-video-preview:-1\" \/>\n<link rel=\"canonical\" href=\"https:\/\/hairdeluxe.ee\/en\/product\/balmain-hair-2-1-ponisaba-double-style-2in1-ponytail-memory-hair\/\" \/>\n<meta property=\"og:locale\" content=\"en_US\" \/>\n<meta property=\"og:type\" content=\"article\" \/>\n<meta property=\"og:title\" content=\"BALMAIN HAIR 2-1 ponisaba \/ Double Style 2in1 Ponytail Memory Hair - Hair Deluxe\" \/>\n<meta property=\"og:description\" content=\"DoubleStyle hobusesaba - Kaks v\u00e4limust \u00fches soengus Lihtne ja pilkup\u00fc\u00fcdev soengumuudatus m\u00f5ne sekundiga!   Seda k\u00f5ike saate teha vaid hetkega, kasutades BLAMAIN HAIR uut DoubleStyle ponisaba juuksepikenduste lahendust. - DoubleStyle ponisaba on \u00fcliluksuslik juuksepikendus, mis annab koheselt tugeva vol\u00fc\u00fcmi ja soovitud pikkuse sinu soengule. - See ponisaba juuksepikendus sobib ideaalselt igap\u00e4evasele soengustiilile v\u00f5i eriliseks s\u00fcndmuseks vapustava v\u00e4limuse loomiseks, muutes sinu soengu ja v\u00e4limuse muutmise lihtsamaks kui kunagi varem. Lihtsalt kinnitage juuksepikenduse suur klamber oma soengusse sobivale k\u00f5rgusele ja uus soeng ongi valmis.   Valikus on 3 pikkust, mida saab vastavalt klambri p\u00f6\u00f6ramisele muuta:  30cm \/ 35cm - 129g 45cm \/ 50cm - 179g 55cm \/ 60cm - 210g\" \/>\n<meta property=\"og:url\" content=\"https:\/\/hairdeluxe.ee\/en\/product\/balmain-hair-2-1-ponisaba-double-style-2in1-ponytail-memory-hair\/\" \/>\n<meta property=\"og:site_name\" content=\"Hair Deluxe\" \/>\n<meta property=\"article:publisher\" content=\"https:\/\/www.facebook.com\/blowbartallinn\" \/>\n<meta property=\"article:modified_time\" content=\"2025-10-07T03:55:25+00:00\" \/>\n<meta property=\"og:image\" content=\"https:\/\/hairdeluxe.ee\/wp-content\/uploads\/2025\/09\/double-ponytail.jpg\" \/>\n\t<meta property=\"og:image:width\" content=\"797\" \/>\n\t<meta property=\"og:image:height\" content=\"796\" \/>\n\t<meta property=\"og:image:type\" content=\"image\/jpeg\" \/>\n<meta name=\"twitter:card\" content=\"summary_large_image\" \/>\n<meta name=\"twitter:label1\" content=\"Est. reading time\" \/>\n\t<meta name=\"twitter:data1\" content=\"2 minutes\" \/>\n<script type=\"application\/ld+json\" class=\"yoast-schema-graph\">{\"@context\":\"https:\\\/\\\/schema.org\",\"@graph\":[{\"@type\":\"WebPage\",\"@id\":\"https:\\\/\\\/hairdeluxe.ee\\\/en\\\/product\\\/balmain-hair-2-1-ponisaba-double-style-2in1-ponytail-memory-hair\\\/\",\"url\":\"https:\\\/\\\/hairdeluxe.ee\\\/en\\\/product\\\/balmain-hair-2-1-ponisaba-double-style-2in1-ponytail-memory-hair\\\/\",\"name\":\"BALMAIN HAIR 2-1 ponisaba \\\/ Double Style 2in1 Ponytail Memory Hair - Hair Deluxe\",\"isPartOf\":{\"@id\":\"https:\\\/\\\/hairdeluxe.ee\\\/en\\\/#website\"},\"primaryImageOfPage\":{\"@id\":\"https:\\\/\\\/hairdeluxe.ee\\\/en\\\/product\\\/balmain-hair-2-1-ponisaba-double-style-2in1-ponytail-memory-hair\\\/#primaryimage\"},\"image\":{\"@id\":\"https:\\\/\\\/hairdeluxe.ee\\\/en\\\/product\\\/balmain-hair-2-1-ponisaba-double-style-2in1-ponytail-memory-hair\\\/#primaryimage\"},\"thumbnailUrl\":\"https:\\\/\\\/hairdeluxe.ee\\\/wp-content\\\/uploads\\\/2025\\\/09\\\/double-ponytail.jpg\",\"datePublished\":\"2025-09-20T20:21:22+00:00\",\"dateModified\":\"2025-10-07T03:55:25+00:00\",\"breadcrumb\":{\"@id\":\"https:\\\/\\\/hairdeluxe.ee\\\/en\\\/product\\\/balmain-hair-2-1-ponisaba-double-style-2in1-ponytail-memory-hair\\\/#breadcrumb\"},\"inLanguage\":\"en-US\",\"potentialAction\":[{\"@type\":\"ReadAction\",\"target\":[\"https:\\\/\\\/hairdeluxe.ee\\\/en\\\/product\\\/balmain-hair-2-1-ponisaba-double-style-2in1-ponytail-memory-hair\\\/\"]}]},{\"@type\":\"ImageObject\",\"inLanguage\":\"en-US\",\"@id\":\"https:\\\/\\\/hairdeluxe.ee\\\/en\\\/product\\\/balmain-hair-2-1-ponisaba-double-style-2in1-ponytail-memory-hair\\\/#primaryimage\",\"url\":\"https:\\\/\\\/hairdeluxe.ee\\\/wp-content\\\/uploads\\\/2025\\\/09\\\/double-ponytail.jpg\",\"contentUrl\":\"https:\\\/\\\/hairdeluxe.ee\\\/wp-content\\\/uploads\\\/2025\\\/09\\\/double-ponytail.jpg\",\"width\":797,\"height\":796},{\"@type\":\"BreadcrumbList\",\"@id\":\"https:\\\/\\\/hairdeluxe.ee\\\/en\\\/product\\\/balmain-hair-2-1-ponisaba-double-style-2in1-ponytail-memory-hair\\\/#breadcrumb\",\"itemListElement\":[{\"@type\":\"ListItem\",\"position\":1,\"name\":\"Home\",\"item\":\"https:\\\/\\\/hairdeluxe.ee\\\/en\\\/\"},{\"@type\":\"ListItem\",\"position\":2,\"name\":\"Shop\",\"item\":\"https:\\\/\\\/hairdeluxe.ee\\\/en\\\/shop\\\/\"},{\"@type\":\"ListItem\",\"position\":3,\"name\":\"BALMAIN HAIR 2-1 ponisaba \\\/ Double Style 2in1 Ponytail Memory Hair\"}]},{\"@type\":\"WebSite\",\"@id\":\"https:\\\/\\\/hairdeluxe.ee\\\/en\\\/#website\",\"url\":\"https:\\\/\\\/hairdeluxe.ee\\\/en\\\/\",\"name\":\"Hair Deluxe\",\"description\":\"Highlight your natural beauty\",\"publisher\":{\"@id\":\"https:\\\/\\\/hairdeluxe.ee\\\/en\\\/#organization\"},\"potentialAction\":[{\"@type\":\"SearchAction\",\"target\":{\"@type\":\"EntryPoint\",\"urlTemplate\":\"https:\\\/\\\/hairdeluxe.ee\\\/en\\\/?s={search_term_string}\"},\"query-input\":{\"@type\":\"PropertyValueSpecification\",\"valueRequired\":true,\"valueName\":\"search_term_string\"}}],\"inLanguage\":\"en-US\"},{\"@type\":\"Organization\",\"@id\":\"https:\\\/\\\/hairdeluxe.ee\\\/en\\\/#organization\",\"name\":\"Hair Deluxe\",\"url\":\"https:\\\/\\\/hairdeluxe.ee\\\/en\\\/\",\"logo\":{\"@type\":\"ImageObject\",\"inLanguage\":\"en-US\",\"@id\":\"https:\\\/\\\/hairdeluxe.ee\\\/en\\\/#\\\/schema\\\/logo\\\/image\\\/\",\"url\":\"https:\\\/\\\/hairdeluxe.ee\\\/wp-content\\\/uploads\\\/2024\\\/06\\\/Hair-Deluxe-Logo-Dark-font.png\",\"contentUrl\":\"https:\\\/\\\/hairdeluxe.ee\\\/wp-content\\\/uploads\\\/2024\\\/06\\\/Hair-Deluxe-Logo-Dark-font.png\",\"width\":467,\"height\":177,\"caption\":\"Hair Deluxe\"},\"image\":{\"@id\":\"https:\\\/\\\/hairdeluxe.ee\\\/en\\\/#\\\/schema\\\/logo\\\/image\\\/\"},\"sameAs\":[\"https:\\\/\\\/www.facebook.com\\\/blowbartallinn\",\"https:\\\/\\\/www.instagram.com\\\/blowbar_tallinn\"]}]}<\/script>\n<!-- \/ Yoast SEO plugin. -->","yoast_head_json":{"title":"BALMAIN HAIR 2-1 ponisaba \/ Double Style 2in1 Ponytail Memory Hair - Hair Deluxe","robots":{"index":"index","follow":"follow","max-snippet":"max-snippet:-1","max-image-preview":"max-image-preview:large","max-video-preview":"max-video-preview:-1"},"canonical":"https:\/\/hairdeluxe.ee\/en\/product\/balmain-hair-2-1-ponisaba-double-style-2in1-ponytail-memory-hair\/","og_locale":"en_US","og_type":"article","og_title":"BALMAIN HAIR 2-1 ponisaba \/ Double Style 2in1 Ponytail Memory Hair - Hair Deluxe","og_description":"DoubleStyle hobusesaba - Kaks v\u00e4limust \u00fches soengus Lihtne ja pilkup\u00fc\u00fcdev soengumuudatus m\u00f5ne sekundiga!   Seda k\u00f5ike saate teha vaid hetkega, kasutades BLAMAIN HAIR uut DoubleStyle ponisaba juuksepikenduste lahendust. - DoubleStyle ponisaba on \u00fcliluksuslik juuksepikendus, mis annab koheselt tugeva vol\u00fc\u00fcmi ja soovitud pikkuse sinu soengule. - See ponisaba juuksepikendus sobib ideaalselt igap\u00e4evasele soengustiilile v\u00f5i eriliseks s\u00fcndmuseks vapustava v\u00e4limuse loomiseks, muutes sinu soengu ja v\u00e4limuse muutmise lihtsamaks kui kunagi varem. Lihtsalt kinnitage juuksepikenduse suur klamber oma soengusse sobivale k\u00f5rgusele ja uus soeng ongi valmis.   Valikus on 3 pikkust, mida saab vastavalt klambri p\u00f6\u00f6ramisele muuta:  30cm \/ 35cm - 129g 45cm \/ 50cm - 179g 55cm \/ 60cm - 210g","og_url":"https:\/\/hairdeluxe.ee\/en\/product\/balmain-hair-2-1-ponisaba-double-style-2in1-ponytail-memory-hair\/","og_site_name":"Hair Deluxe","article_publisher":"https:\/\/www.facebook.com\/blowbartallinn","article_modified_time":"2025-10-07T03:55:25+00:00","og_image":[{"width":797,"height":796,"url":"https:\/\/hairdeluxe.ee\/wp-content\/uploads\/2025\/09\/double-ponytail.jpg","type":"image\/jpeg"}],"twitter_card":"summary_large_image","twitter_misc":{"Est. reading time":"2 minutes"},"schema":{"@context":"https:\/\/schema.org","@graph":[{"@type":"WebPage","@id":"https:\/\/hairdeluxe.ee\/en\/product\/balmain-hair-2-1-ponisaba-double-style-2in1-ponytail-memory-hair\/","url":"https:\/\/hairdeluxe.ee\/en\/product\/balmain-hair-2-1-ponisaba-double-style-2in1-ponytail-memory-hair\/","name":"BALMAIN HAIR 2-1 ponisaba \/ Double Style 2in1 Ponytail Memory Hair - Hair Deluxe","isPartOf":{"@id":"https:\/\/hairdeluxe.ee\/en\/#website"},"primaryImageOfPage":{"@id":"https:\/\/hairdeluxe.ee\/en\/product\/balmain-hair-2-1-ponisaba-double-style-2in1-ponytail-memory-hair\/#primaryimage"},"image":{"@id":"https:\/\/hairdeluxe.ee\/en\/product\/balmain-hair-2-1-ponisaba-double-style-2in1-ponytail-memory-hair\/#primaryimage"},"thumbnailUrl":"https:\/\/hairdeluxe.ee\/wp-content\/uploads\/2025\/09\/double-ponytail.jpg","datePublished":"2025-09-20T20:21:22+00:00","dateModified":"2025-10-07T03:55:25+00:00","breadcrumb":{"@id":"https:\/\/hairdeluxe.ee\/en\/product\/balmain-hair-2-1-ponisaba-double-style-2in1-ponytail-memory-hair\/#breadcrumb"},"inLanguage":"en-US","potentialAction":[{"@type":"ReadAction","target":["https:\/\/hairdeluxe.ee\/en\/product\/balmain-hair-2-1-ponisaba-double-style-2in1-ponytail-memory-hair\/"]}]},{"@type":"ImageObject","inLanguage":"en-US","@id":"https:\/\/hairdeluxe.ee\/en\/product\/balmain-hair-2-1-ponisaba-double-style-2in1-ponytail-memory-hair\/#primaryimage","url":"https:\/\/hairdeluxe.ee\/wp-content\/uploads\/2025\/09\/double-ponytail.jpg","contentUrl":"https:\/\/hairdeluxe.ee\/wp-content\/uploads\/2025\/09\/double-ponytail.jpg","width":797,"height":796},{"@type":"BreadcrumbList","@id":"https:\/\/hairdeluxe.ee\/en\/product\/balmain-hair-2-1-ponisaba-double-style-2in1-ponytail-memory-hair\/#breadcrumb","itemListElement":[{"@type":"ListItem","position":1,"name":"Home","item":"https:\/\/hairdeluxe.ee\/en\/"},{"@type":"ListItem","position":2,"name":"Shop","item":"https:\/\/hairdeluxe.ee\/en\/shop\/"},{"@type":"ListItem","position":3,"name":"BALMAIN HAIR 2-1 ponisaba \/ Double Style 2in1 Ponytail Memory Hair"}]},{"@type":"WebSite","@id":"https:\/\/hairdeluxe.ee\/en\/#website","url":"https:\/\/hairdeluxe.ee\/en\/","name":"Hair Deluxe","description":"Highlight your natural beauty","publisher":{"@id":"https:\/\/hairdeluxe.ee\/en\/#organization"},"potentialAction":[{"@type":"SearchAction","target":{"@type":"EntryPoint","urlTemplate":"https:\/\/hairdeluxe.ee\/en\/?s={search_term_string}"},"query-input":{"@type":"PropertyValueSpecification","valueRequired":true,"valueName":"search_term_string"}}],"inLanguage":"en-US"},{"@type":"Organization","@id":"https:\/\/hairdeluxe.ee\/en\/#organization","name":"Hair Deluxe","url":"https:\/\/hairdeluxe.ee\/en\/","logo":{"@type":"ImageObject","inLanguage":"en-US","@id":"https:\/\/hairdeluxe.ee\/en\/#\/schema\/logo\/image\/","url":"https:\/\/hairdeluxe.ee\/wp-content\/uploads\/2024\/06\/Hair-Deluxe-Logo-Dark-font.png","contentUrl":"https:\/\/hairdeluxe.ee\/wp-content\/uploads\/2024\/06\/Hair-Deluxe-Logo-Dark-font.png","width":467,"height":177,"caption":"Hair Deluxe"},"image":{"@id":"https:\/\/hairdeluxe.ee\/en\/#\/schema\/logo\/image\/"},"sameAs":["https:\/\/www.facebook.com\/blowbartallinn","https:\/\/www.instagram.com\/blowbar_tallinn"]}]}},"_links":{"self":[{"href":"https:\/\/hairdeluxe.ee\/en\/wp-json\/wp\/v2\/product\/52219","targetHints":{"allow":["GET"]}}],"collection":[{"href":"https:\/\/hairdeluxe.ee\/en\/wp-json\/wp\/v2\/product"}],"about":[{"href":"https:\/\/hairdeluxe.ee\/en\/wp-json\/wp\/v2\/types\/product"}],"wp:featuredmedia":[{"embeddable":true,"href":"https:\/\/hairdeluxe.ee\/en\/wp-json\/wp\/v2\/media\/52396"}],"wp:attachment":[{"href":"https:\/\/hairdeluxe.ee\/en\/wp-json\/wp\/v2\/media?parent=52219"}],"wp:term":[{"taxonomy":"product_brand","embeddable":true,"href":"https:\/\/hairdeluxe.ee\/en\/wp-json\/wp\/v2\/product_brand?post=52219"},{"taxonomy":"product_cat","embeddable":true,"href":"https:\/\/hairdeluxe.ee\/en\/wp-json\/wp\/v2\/product_cat?post=52219"},{"taxonomy":"product_tag","embeddable":true,"href":"https:\/\/hairdeluxe.ee\/en\/wp-json\/wp\/v2\/product_tag?post=52219"}],"curies":[{"name":"wp","href":"https:\/\/api.w.org\/{rel}","templated":true}]}}