{"id":52220,"date":"2025-09-20T20:21:23","date_gmt":"2025-09-20T20:21:23","guid":{"rendered":"https:\/\/hairdeluxe.ee\/?post_type=product&#038;p=52220"},"modified":"2025-10-07T03:55:24","modified_gmt":"2025-10-07T03:55:24","slug":"balmain-hair-varvitud-juustele-reisikomplekt-shampoon-mask-palsam-couleurs-couture-travel-set-50ml","status":"publish","type":"product","link":"https:\/\/hairdeluxe.ee\/en\/product\/balmain-hair-varvitud-juustele-reisikomplekt-shampoon-mask-palsam-couleurs-couture-travel-set-50ml\/","title":{"rendered":"BALMAIN HAIR v\u00e4rvitud juustele reisikomplekt, shampoon, mask, palsam \/ Couleurs Couture Travel Set 50ml"},"content":{"rendered":"<div>Reisisuuruses juuksehooldustooted pakuvad enneolematut mugavust liikvel olevatele inimestele, olgu tegemist \u00e4rireisiga, n\u00e4dalavahetuse puhkusega v\u00f5i suvepuhkusega. Kompaktsed ja kerged tooted mahuvad ideaalselt k\u00e4sipagasisse v\u00f5i k\u00e4ekotti, tagades, et saate oma juuksehooldusrutiini s\u00e4ilitada k\u00f5ikjal, kuhu teie seiklused teid viivad.<\/div>\n<div>Piiratud v\u00e4ljaande Muse de L\u2019\u00e9t\u00e9 reisikomplekt sisaldab Couleurs Couture Care \u0161ampooni ja maski ning kingituseks palsamit.<\/p>\n<p>Rikastatud argaaniaeliksiiri, siidiproteiini ja ka\u0161miirproteiiniga. Tooted kaitsevad v\u00e4rvi UV-filtritega, tugevdavad juukseid ning muudavad need l\u00e4ikivaks ja kergesti k\u00e4sitletavaks.<\/p><\/div>\n<div><\/div>\n<div><strong>Couleurs Couture \u0161ampoon:<\/strong><\/div>\n<div><\/div>\n<div>T\u00e4iuslik taastav \u0161ampoon v\u00e4rvitud, kahjustatud ja \u00fclet\u00f6\u00f6deldud juustele. See pikendab juuksev\u00e4rvi p\u00fcsivust, parandades, tugevdades ja uuendades juukseid seestpoolt. Terved, taastatud juuksed hoiavad v\u00e4rvi kauem. Pikaajaline kasu tuleneb hoolikalt valitud p\u00f5hikoostisosadest nagu argaaniaeliksiiri, siidi- ja ka\u0161miirproteiinide, kinoa seemnete ja kookos\u00f5li kasutamine. See ainulaadne kombinatsioon tugevdab ja niisutab juukseid seestpoolt v\u00e4ljapoole.<\/div>\n<div><\/div>\n<div><strong>Couleurs Couture mask:<\/strong><\/div>\n<div>Couleurs Couture mask pakub ideaalset juuksehooldust, mis on spetsiaalselt loodud v\u00e4rvitud, kahjustatud ja \u00fclet\u00f6\u00f6deldud juustele.<\/p>\n<p>Valem on rikastatud merevaikhappe, argaaniaeliksiiri ning siidi- ja ka\u0161miiriproteiinidega, mida on veelgi rikastatud kinoa seemnete ja kookos\u00f5liga. Need aktiivsed koostisosad kaitsevad ja tugevdavad juuste struktuuri, soodustavad kauap\u00fcsivat v\u00e4rvi ning j\u00e4tavad juuksed s\u00fcgavalt toidetuks ja pehmeks.<\/p><\/div>\n<div><\/div>\n<div><strong>Niisutav palsam:<\/strong><\/div>\n<div>Kerge palsam, mis on rikastatud puhta orgaanilise argaania\u00f5liga juuste pehmendamiseks.<\/p>\n<p>Algselt Marokost p\u00e4rit argaania\u00f5li ekstraheeritakse argaaniapuu viljadest. See imendub kiiresti, lisab l\u00e4iget ja kaitseb kahjustatud juukseid. Rikkalik koostis toidab juukseid ilma neid raskeks muutmata, j\u00e4ttes need pehmeks, kergesti k\u00e4sitletavaks ja pusadeta, aidates samal ajal v\u00e4ltida murdumist.<\/p><\/div>\n<div><\/div>\n<div>\n<p>Provitamiin B5-ga rikastatud palsam, mis parandab niiskuse s\u00e4ilitamist ja elastsust, annab l\u00e4iget ja annab vitamiinilaksu, mis toetab tervete juuste kasvu.<\/p>\n<p><strong>Ingrediendid<\/strong>:<\/p>\n<p><strong>Couleurs Couture Shampoo Travel Size 50ml:<\/strong>\u00a0Aqua, Sodium Laureth Sulfate, Cocamidopropyl, Hydroxysultaine, Cocamidopropyl Betaine, Polysorbate 20, Glycerin, Sodium Lauroyl Methyl Isethionate, Glycol Distearate, Betaine, PEG-40 Hydrogenated Castor Oil, Hydrolyzed Keratin, Silk Amino Acids, Argania Spinosa Kernel Oil, Helianthus Annuus Seed Oil, Macadamia Ternifolia Seed Oil, Cocos Nucifera Oil, Glycine Soja Oil, Gardenia Tahitensis Flower Extract, Rosmarinus Officinalis Leaf Extract, Chenopodium Quinoa Seed Extract, Tocopherol, Aloe Barbadensis Leaf Juice, Sodium Hyaluronate, Tocopheryl Acetate, Panthenol, Pantolactone, Allantoin, Guar Hydroxypropyltrimonium Chloride, Polyquaternium-53, Amodimethicone\/Morpholinomethyl Silsesquioxane, Trideceth-5, Dimethylpabamidopropyl Lauryldimonium Tosylate, Benzophenone-4, Parfum, Phenoxyethanol, Sodium Benzoate, Benzoic Acid, Acrylates Crosspolymer-4, PEG\/PPG-15\/15 Dimethicone, Iodopropynyl Butylcarbamate, Trisodium Ethylenediamine Disuccinate, PEG-150 Pentaerythrityl Tetrastearate, PEG-6 Caprylic\/Capric Glycerides, Sodium Chloride, Sodium Hydroxide, Lactic Acid, Laureth 4, Sorbic Acid, Dimethicone, PCA Dimethicone Crosspolymer, Butylene Glycol, Caprylyl Clycol, Hexylene Glycol, Citric Acid.<\/p>\n<p><strong>Couleurs Couture Mask Travel Size 50ml:\u00a0<\/strong>Aqua, Sodium Laureth Sulfate, Cocamidopropyl Hydroxysultaine, Cocamidopropyl Betaine, Polysorbate 20, Glycerin, Sodium Lauroyl Methyl Isethionate, Glycol Distearate, Betaine, PEG-40 Hydrogenated Castor Oil, Hydrolyzed Keratin, Silk Amino Acids, Argania Spinosa Kernel Oil, Helianthus Annuus Seed Oil, Macadamia Ternifolia Seed Oil, Cocos Nucifera Oil, Glycine Soja Oil, Gardenia Tahitensis Flower Extract, Rosmarinus Officinalis Leaf Extract, Chenopodium Quinoa Seed Extract, Tocopherol, Aloe Barbadensis Leaf Juice, Sodium Hyaluronate, Tocopheryl Acetate, Panthenol, Pantolactone, Allantoin, Guar Hydroxypropyltrimonium Chloride, Polyquaternium-53, Amodimethicone\/Morpholinomethyl Silsesquioxane Copolymer, Trideceth-5, Dimethylpabamidopropyl Laurdimonium Tosylate, Benzophenone-4, Parfum, Phenoxyethanol, Sodium Benzoate, Benzoic Acid, Acrylates Crosspolymer-4, PEG\/PPG-15\/15 Dimethicone, Iodopropynyl Butylcarbamate, Trisodium Ethylenediamine Disuccinate, PEG-150 Pentaerythrityl Tetrastearate, PEG-6 Caprylic\/Capric Glycerides, Sodium Chloride, Sodium Hydroxide, Lactic Acid, Laureth-4, Sorbic Acid, Dimethicone, PCA Dimethicone Crosspolymer, Butylene Glycol, Caprylyl Glycol, Hexylene Glycol, Citric Acid.<\/p>\n<p><strong>Couleurs Couture Conditioner Travel Size 50ml:\u00a0<\/strong>Aqua, Cetyl Alcohol, Glycerin, Behentrimonium Chloride, Betaine, Ethylhexyl Palmitate, Hydrolyzed Keratin, Silk Amino Acids, Argania Spinosa Kernel Oil, Helianthus Annuus Seed Oil, Macadamia Ternifolia Seed Oil, Cocos Nucifera Oil, Glycine Soja Oil, Gardenia Tahitensis Flower Extract, Rosmarinus Officinalis Leaf Extract, Chenopodium Quinoa Seed Extract, Tocopherol, Aloe Barbadensis Leaf Juice, Sodium Hyaluronate, Tocopheryl Acetate, Panthenol, Silicone Quaternium-16, Isopropyl Alcohol, Undeceth-11, Butyloctanol, Undeceth-5, Iodopropynyl Butylcarbamate, Polyquaternium-53, Dipropylene Glycol, Polysilicone-19, Ethylhexyl Methoxycinnamate, Hydroxyethylcellulose, Phenoxyethanol, Ethylhexylglycerin, Lactic Acid, Benzoic Acid, Sodium Benzoate, Parfum, Pantolactone, Allantoin, Citric Acid, Sorbic Acid.<\/p>\n<\/div>\n","protected":false},"excerpt":{"rendered":"<div>Piiratud v\u00e4ljaande Muse de L\u2019\u00e9t\u00e9 reisikomplekt sisaldab Couleurs Couture \u0161ampooni ja maski ning kingituseks on kaasas palsam.<\/p>\n<p>Need kompaktsed tooted sobivad ideaalselt nii reisijaile kui ka seiklejatele, tagades, et teie juuksed p\u00fcsivad erksad, toidetud ja kaunilt soengusse seatud k\u00f5ikjal, kuhu l\u00e4hete.<\/p><\/div>\n<div><\/div>\n<ul>\n<li>V\u00e4rvikaitse ja taastamine<\/li>\n<li>Toitev ja s\u00e4rav ilma juukseid raskeks muutmata<\/li>\n<li>Kingitus: Couleurs Couture palsam reisisuuruses<\/li>\n<\/ul>\n","protected":false},"featured_media":52516,"template":"","meta":[],"product_brand":[],"product_cat":[129,130,170,192],"product_tag":[],"class_list":{"0":"post-52220","1":"product","2":"type-product","3":"status-publish","4":"has-post-thumbnail","6":"product_cat-kingitused","7":"product_cat-kinkekomplektid","8":"product_cat-reisile","9":"product_cat-uued-tooted","11":"first","12":"instock","13":"taxable","14":"shipping-taxable","15":"purchasable","16":"product-type-simple","17":"add-to-wishlist-after_add_to_cart"},"yoast_head":"<!-- This site is optimized with the Yoast SEO plugin v27.5 - https:\/\/yoast.com\/product\/yoast-seo-wordpress\/ -->\n<title>BALMAIN HAIR v\u00e4rvitud juustele reisikomplekt, shampoon, mask, palsam \/ Couleurs Couture Travel Set 50ml - Hair Deluxe<\/title>\n<meta name=\"robots\" content=\"index, follow, max-snippet:-1, max-image-preview:large, max-video-preview:-1\" \/>\n<link rel=\"canonical\" href=\"https:\/\/hairdeluxe.ee\/en\/product\/balmain-hair-varvitud-juustele-reisikomplekt-shampoon-mask-palsam-couleurs-couture-travel-set-50ml\/\" \/>\n<meta property=\"og:locale\" content=\"en_US\" \/>\n<meta property=\"og:type\" content=\"article\" \/>\n<meta property=\"og:title\" content=\"BALMAIN HAIR v\u00e4rvitud juustele reisikomplekt, shampoon, mask, palsam \/ Couleurs Couture Travel Set 50ml - Hair Deluxe\" \/>\n<meta property=\"og:description\" content=\"Piiratud v\u00e4ljaande Muse de L\u2019\u00e9t\u00e9 reisikomplekt sisaldab Couleurs Couture \u0161ampooni ja maski ning kingituseks on kaasas palsam. Need kompaktsed tooted sobivad ideaalselt nii reisijaile kui ka seiklejatele, tagades, et teie juuksed p\u00fcsivad erksad, toidetud ja kaunilt soengusse seatud k\u00f5ikjal, kuhu l\u00e4hete.    V\u00e4rvikaitse ja taastamine  Toitev ja s\u00e4rav ilma juukseid raskeks muutmata  Kingitus: Couleurs Couture palsam reisisuuruses\" \/>\n<meta property=\"og:url\" content=\"https:\/\/hairdeluxe.ee\/en\/product\/balmain-hair-varvitud-juustele-reisikomplekt-shampoon-mask-palsam-couleurs-couture-travel-set-50ml\/\" \/>\n<meta property=\"og:site_name\" content=\"Hair Deluxe\" \/>\n<meta property=\"article:publisher\" content=\"https:\/\/www.facebook.com\/blowbartallinn\" \/>\n<meta property=\"article:modified_time\" content=\"2025-10-07T03:55:24+00:00\" \/>\n<meta property=\"og:image\" content=\"https:\/\/hairdeluxe.ee\/wp-content\/uploads\/2025\/09\/travel-set.jpg\" \/>\n\t<meta property=\"og:image:width\" content=\"582\" \/>\n\t<meta property=\"og:image:height\" content=\"572\" \/>\n\t<meta property=\"og:image:type\" content=\"image\/jpeg\" \/>\n<meta name=\"twitter:card\" content=\"summary_large_image\" \/>\n<meta name=\"twitter:label1\" content=\"Est. reading time\" \/>\n\t<meta name=\"twitter:data1\" content=\"3 minutes\" \/>\n<script type=\"application\/ld+json\" class=\"yoast-schema-graph\">{\"@context\":\"https:\\\/\\\/schema.org\",\"@graph\":[{\"@type\":\"WebPage\",\"@id\":\"https:\\\/\\\/hairdeluxe.ee\\\/en\\\/product\\\/balmain-hair-varvitud-juustele-reisikomplekt-shampoon-mask-palsam-couleurs-couture-travel-set-50ml\\\/\",\"url\":\"https:\\\/\\\/hairdeluxe.ee\\\/en\\\/product\\\/balmain-hair-varvitud-juustele-reisikomplekt-shampoon-mask-palsam-couleurs-couture-travel-set-50ml\\\/\",\"name\":\"BALMAIN HAIR v\u00e4rvitud juustele reisikomplekt, shampoon, mask, palsam \\\/ Couleurs Couture Travel Set 50ml - Hair Deluxe\",\"isPartOf\":{\"@id\":\"https:\\\/\\\/hairdeluxe.ee\\\/en\\\/#website\"},\"primaryImageOfPage\":{\"@id\":\"https:\\\/\\\/hairdeluxe.ee\\\/en\\\/product\\\/balmain-hair-varvitud-juustele-reisikomplekt-shampoon-mask-palsam-couleurs-couture-travel-set-50ml\\\/#primaryimage\"},\"image\":{\"@id\":\"https:\\\/\\\/hairdeluxe.ee\\\/en\\\/product\\\/balmain-hair-varvitud-juustele-reisikomplekt-shampoon-mask-palsam-couleurs-couture-travel-set-50ml\\\/#primaryimage\"},\"thumbnailUrl\":\"https:\\\/\\\/hairdeluxe.ee\\\/wp-content\\\/uploads\\\/2025\\\/09\\\/travel-set.jpg\",\"datePublished\":\"2025-09-20T20:21:23+00:00\",\"dateModified\":\"2025-10-07T03:55:24+00:00\",\"breadcrumb\":{\"@id\":\"https:\\\/\\\/hairdeluxe.ee\\\/en\\\/product\\\/balmain-hair-varvitud-juustele-reisikomplekt-shampoon-mask-palsam-couleurs-couture-travel-set-50ml\\\/#breadcrumb\"},\"inLanguage\":\"en-US\",\"potentialAction\":[{\"@type\":\"ReadAction\",\"target\":[\"https:\\\/\\\/hairdeluxe.ee\\\/en\\\/product\\\/balmain-hair-varvitud-juustele-reisikomplekt-shampoon-mask-palsam-couleurs-couture-travel-set-50ml\\\/\"]}]},{\"@type\":\"ImageObject\",\"inLanguage\":\"en-US\",\"@id\":\"https:\\\/\\\/hairdeluxe.ee\\\/en\\\/product\\\/balmain-hair-varvitud-juustele-reisikomplekt-shampoon-mask-palsam-couleurs-couture-travel-set-50ml\\\/#primaryimage\",\"url\":\"https:\\\/\\\/hairdeluxe.ee\\\/wp-content\\\/uploads\\\/2025\\\/09\\\/travel-set.jpg\",\"contentUrl\":\"https:\\\/\\\/hairdeluxe.ee\\\/wp-content\\\/uploads\\\/2025\\\/09\\\/travel-set.jpg\",\"width\":582,\"height\":572},{\"@type\":\"BreadcrumbList\",\"@id\":\"https:\\\/\\\/hairdeluxe.ee\\\/en\\\/product\\\/balmain-hair-varvitud-juustele-reisikomplekt-shampoon-mask-palsam-couleurs-couture-travel-set-50ml\\\/#breadcrumb\",\"itemListElement\":[{\"@type\":\"ListItem\",\"position\":1,\"name\":\"Home\",\"item\":\"https:\\\/\\\/hairdeluxe.ee\\\/en\\\/\"},{\"@type\":\"ListItem\",\"position\":2,\"name\":\"Shop\",\"item\":\"https:\\\/\\\/hairdeluxe.ee\\\/en\\\/shop\\\/\"},{\"@type\":\"ListItem\",\"position\":3,\"name\":\"BALMAIN HAIR v\u00e4rvitud juustele reisikomplekt, shampoon, mask, palsam \\\/ Couleurs Couture Travel Set 50ml\"}]},{\"@type\":\"WebSite\",\"@id\":\"https:\\\/\\\/hairdeluxe.ee\\\/en\\\/#website\",\"url\":\"https:\\\/\\\/hairdeluxe.ee\\\/en\\\/\",\"name\":\"Hair Deluxe\",\"description\":\"Highlight your natural beauty\",\"publisher\":{\"@id\":\"https:\\\/\\\/hairdeluxe.ee\\\/en\\\/#organization\"},\"potentialAction\":[{\"@type\":\"SearchAction\",\"target\":{\"@type\":\"EntryPoint\",\"urlTemplate\":\"https:\\\/\\\/hairdeluxe.ee\\\/en\\\/?s={search_term_string}\"},\"query-input\":{\"@type\":\"PropertyValueSpecification\",\"valueRequired\":true,\"valueName\":\"search_term_string\"}}],\"inLanguage\":\"en-US\"},{\"@type\":\"Organization\",\"@id\":\"https:\\\/\\\/hairdeluxe.ee\\\/en\\\/#organization\",\"name\":\"Hair Deluxe\",\"url\":\"https:\\\/\\\/hairdeluxe.ee\\\/en\\\/\",\"logo\":{\"@type\":\"ImageObject\",\"inLanguage\":\"en-US\",\"@id\":\"https:\\\/\\\/hairdeluxe.ee\\\/en\\\/#\\\/schema\\\/logo\\\/image\\\/\",\"url\":\"https:\\\/\\\/hairdeluxe.ee\\\/wp-content\\\/uploads\\\/2024\\\/06\\\/Hair-Deluxe-Logo-Dark-font.png\",\"contentUrl\":\"https:\\\/\\\/hairdeluxe.ee\\\/wp-content\\\/uploads\\\/2024\\\/06\\\/Hair-Deluxe-Logo-Dark-font.png\",\"width\":467,\"height\":177,\"caption\":\"Hair Deluxe\"},\"image\":{\"@id\":\"https:\\\/\\\/hairdeluxe.ee\\\/en\\\/#\\\/schema\\\/logo\\\/image\\\/\"},\"sameAs\":[\"https:\\\/\\\/www.facebook.com\\\/blowbartallinn\",\"https:\\\/\\\/www.instagram.com\\\/blowbar_tallinn\"]}]}<\/script>\n<!-- \/ Yoast SEO plugin. -->","yoast_head_json":{"title":"BALMAIN HAIR v\u00e4rvitud juustele reisikomplekt, shampoon, mask, palsam \/ Couleurs Couture Travel Set 50ml - Hair Deluxe","robots":{"index":"index","follow":"follow","max-snippet":"max-snippet:-1","max-image-preview":"max-image-preview:large","max-video-preview":"max-video-preview:-1"},"canonical":"https:\/\/hairdeluxe.ee\/en\/product\/balmain-hair-varvitud-juustele-reisikomplekt-shampoon-mask-palsam-couleurs-couture-travel-set-50ml\/","og_locale":"en_US","og_type":"article","og_title":"BALMAIN HAIR v\u00e4rvitud juustele reisikomplekt, shampoon, mask, palsam \/ Couleurs Couture Travel Set 50ml - Hair Deluxe","og_description":"Piiratud v\u00e4ljaande Muse de L\u2019\u00e9t\u00e9 reisikomplekt sisaldab Couleurs Couture \u0161ampooni ja maski ning kingituseks on kaasas palsam. Need kompaktsed tooted sobivad ideaalselt nii reisijaile kui ka seiklejatele, tagades, et teie juuksed p\u00fcsivad erksad, toidetud ja kaunilt soengusse seatud k\u00f5ikjal, kuhu l\u00e4hete.    V\u00e4rvikaitse ja taastamine  Toitev ja s\u00e4rav ilma juukseid raskeks muutmata  Kingitus: Couleurs Couture palsam reisisuuruses","og_url":"https:\/\/hairdeluxe.ee\/en\/product\/balmain-hair-varvitud-juustele-reisikomplekt-shampoon-mask-palsam-couleurs-couture-travel-set-50ml\/","og_site_name":"Hair Deluxe","article_publisher":"https:\/\/www.facebook.com\/blowbartallinn","article_modified_time":"2025-10-07T03:55:24+00:00","og_image":[{"width":582,"height":572,"url":"https:\/\/hairdeluxe.ee\/wp-content\/uploads\/2025\/09\/travel-set.jpg","type":"image\/jpeg"}],"twitter_card":"summary_large_image","twitter_misc":{"Est. reading time":"3 minutes"},"schema":{"@context":"https:\/\/schema.org","@graph":[{"@type":"WebPage","@id":"https:\/\/hairdeluxe.ee\/en\/product\/balmain-hair-varvitud-juustele-reisikomplekt-shampoon-mask-palsam-couleurs-couture-travel-set-50ml\/","url":"https:\/\/hairdeluxe.ee\/en\/product\/balmain-hair-varvitud-juustele-reisikomplekt-shampoon-mask-palsam-couleurs-couture-travel-set-50ml\/","name":"BALMAIN HAIR v\u00e4rvitud juustele reisikomplekt, shampoon, mask, palsam \/ Couleurs Couture Travel Set 50ml - Hair Deluxe","isPartOf":{"@id":"https:\/\/hairdeluxe.ee\/en\/#website"},"primaryImageOfPage":{"@id":"https:\/\/hairdeluxe.ee\/en\/product\/balmain-hair-varvitud-juustele-reisikomplekt-shampoon-mask-palsam-couleurs-couture-travel-set-50ml\/#primaryimage"},"image":{"@id":"https:\/\/hairdeluxe.ee\/en\/product\/balmain-hair-varvitud-juustele-reisikomplekt-shampoon-mask-palsam-couleurs-couture-travel-set-50ml\/#primaryimage"},"thumbnailUrl":"https:\/\/hairdeluxe.ee\/wp-content\/uploads\/2025\/09\/travel-set.jpg","datePublished":"2025-09-20T20:21:23+00:00","dateModified":"2025-10-07T03:55:24+00:00","breadcrumb":{"@id":"https:\/\/hairdeluxe.ee\/en\/product\/balmain-hair-varvitud-juustele-reisikomplekt-shampoon-mask-palsam-couleurs-couture-travel-set-50ml\/#breadcrumb"},"inLanguage":"en-US","potentialAction":[{"@type":"ReadAction","target":["https:\/\/hairdeluxe.ee\/en\/product\/balmain-hair-varvitud-juustele-reisikomplekt-shampoon-mask-palsam-couleurs-couture-travel-set-50ml\/"]}]},{"@type":"ImageObject","inLanguage":"en-US","@id":"https:\/\/hairdeluxe.ee\/en\/product\/balmain-hair-varvitud-juustele-reisikomplekt-shampoon-mask-palsam-couleurs-couture-travel-set-50ml\/#primaryimage","url":"https:\/\/hairdeluxe.ee\/wp-content\/uploads\/2025\/09\/travel-set.jpg","contentUrl":"https:\/\/hairdeluxe.ee\/wp-content\/uploads\/2025\/09\/travel-set.jpg","width":582,"height":572},{"@type":"BreadcrumbList","@id":"https:\/\/hairdeluxe.ee\/en\/product\/balmain-hair-varvitud-juustele-reisikomplekt-shampoon-mask-palsam-couleurs-couture-travel-set-50ml\/#breadcrumb","itemListElement":[{"@type":"ListItem","position":1,"name":"Home","item":"https:\/\/hairdeluxe.ee\/en\/"},{"@type":"ListItem","position":2,"name":"Shop","item":"https:\/\/hairdeluxe.ee\/en\/shop\/"},{"@type":"ListItem","position":3,"name":"BALMAIN HAIR v\u00e4rvitud juustele reisikomplekt, shampoon, mask, palsam \/ Couleurs Couture Travel Set 50ml"}]},{"@type":"WebSite","@id":"https:\/\/hairdeluxe.ee\/en\/#website","url":"https:\/\/hairdeluxe.ee\/en\/","name":"Hair Deluxe","description":"Highlight your natural beauty","publisher":{"@id":"https:\/\/hairdeluxe.ee\/en\/#organization"},"potentialAction":[{"@type":"SearchAction","target":{"@type":"EntryPoint","urlTemplate":"https:\/\/hairdeluxe.ee\/en\/?s={search_term_string}"},"query-input":{"@type":"PropertyValueSpecification","valueRequired":true,"valueName":"search_term_string"}}],"inLanguage":"en-US"},{"@type":"Organization","@id":"https:\/\/hairdeluxe.ee\/en\/#organization","name":"Hair Deluxe","url":"https:\/\/hairdeluxe.ee\/en\/","logo":{"@type":"ImageObject","inLanguage":"en-US","@id":"https:\/\/hairdeluxe.ee\/en\/#\/schema\/logo\/image\/","url":"https:\/\/hairdeluxe.ee\/wp-content\/uploads\/2024\/06\/Hair-Deluxe-Logo-Dark-font.png","contentUrl":"https:\/\/hairdeluxe.ee\/wp-content\/uploads\/2024\/06\/Hair-Deluxe-Logo-Dark-font.png","width":467,"height":177,"caption":"Hair Deluxe"},"image":{"@id":"https:\/\/hairdeluxe.ee\/en\/#\/schema\/logo\/image\/"},"sameAs":["https:\/\/www.facebook.com\/blowbartallinn","https:\/\/www.instagram.com\/blowbar_tallinn"]}]}},"_links":{"self":[{"href":"https:\/\/hairdeluxe.ee\/en\/wp-json\/wp\/v2\/product\/52220","targetHints":{"allow":["GET"]}}],"collection":[{"href":"https:\/\/hairdeluxe.ee\/en\/wp-json\/wp\/v2\/product"}],"about":[{"href":"https:\/\/hairdeluxe.ee\/en\/wp-json\/wp\/v2\/types\/product"}],"wp:featuredmedia":[{"embeddable":true,"href":"https:\/\/hairdeluxe.ee\/en\/wp-json\/wp\/v2\/media\/52516"}],"wp:attachment":[{"href":"https:\/\/hairdeluxe.ee\/en\/wp-json\/wp\/v2\/media?parent=52220"}],"wp:term":[{"taxonomy":"product_brand","embeddable":true,"href":"https:\/\/hairdeluxe.ee\/en\/wp-json\/wp\/v2\/product_brand?post=52220"},{"taxonomy":"product_cat","embeddable":true,"href":"https:\/\/hairdeluxe.ee\/en\/wp-json\/wp\/v2\/product_cat?post=52220"},{"taxonomy":"product_tag","embeddable":true,"href":"https:\/\/hairdeluxe.ee\/en\/wp-json\/wp\/v2\/product_tag?post=52220"}],"curies":[{"name":"wp","href":"https:\/\/api.w.org\/{rel}","templated":true}]}}