{"id":52222,"date":"2025-09-20T20:21:23","date_gmt":"2025-09-20T20:21:23","guid":{"rendered":"https:\/\/hairdeluxe.ee\/?post_type=product&#038;p=52222"},"modified":"2025-10-07T03:55:24","modified_gmt":"2025-10-07T03:55:24","slug":"superbrush-kahevarviline-pusadevastane-juuksehari-mini-detangling-brush-2-colors-small","status":"publish","type":"product","link":"https:\/\/hairdeluxe.ee\/en\/product\/superbrush-kahevarviline-pusadevastane-juuksehari-mini-detangling-brush-2-colors-small\/","title":{"rendered":"SUPERBRUSH kahev\u00e4rviline pusadevastane juuksehari MINI \/ Detangling Brush 2-colors SMALL"},"content":{"rendered":"<p>Superbrush pusadevastane juuksehari harutab \u00f5rnalt ja t\u00f5husalt lahti juustes olevad pusad t\u00e4nu pehmetele harjastele ning patenteeritud k\u00e4rgstruktuuriga \u00f5hutusavad tagavad \u00fclikiire juuste kuivamise.<\/p>\n<p>See juuksehari on ideaalne kasutamiseks du\u0161i all v\u00f5i niisketele juustele mugavaks lahti harjamiseks.<\/p>\n<p>Hari aitab levitada juustes maske, palsamit jne ja harutab pusad lahti vaid m\u00f5ne t\u00f5mbega.<\/p>\n<p>See on eriti vajalik laste \u00f5rnade juuste ja ka juuksepikenduste jaoks, sest selle juukseharja pehmed harjased harutavad juustes olevad pusad lahti \u00e4\u00e4rmise ettevaatlikkusega!<\/p>\n<p>Juukseharjal on patenteeritud k\u00e4rgstruktuuriga \u00f5hutusavad, mis suunavad t\u00e4nu oma koonusstruktuurile f\u00f6\u00f6nist tuleva \u00f5huvoo otse justele.<\/p>\n<p>Ainulaadne lahendus aitab hoida oluliselt kokku v\u00e4\u00e4rtuslikku aega juuste kuivatamisele.<\/p>\n<p><strong>T\u00e4nu oma ergonoomilisele ja kaalult kergele lahendusele on see juuksehari v\u00e4ga hinnatud t\u00f6\u00f6vahend ka juuksuritele.<\/strong><\/p>\n","protected":false},"excerpt":{"rendered":"<p><strong>KUIDAS KASUTADA:<\/p>\n<p><\/strong>Pusadevastast juukseharja soovitame kasutada kuivadel, niisketel v\u00f5i m\u00e4rgadel juustel.<\/p>\n<p>Oma spetsiaalelt v\u00e4ljat\u00f6\u00f6tatud tootedisiniga harutab see juuksehari lihtsalt lahti ka k\u00f5ige keerukamad pusad sinu juustes. Juuksehari ei kahjusta ega rebi juukseid.<\/p>\n<p>Soovitav eelnevalt juukseid t\u00f6\u00f6delda Balmain Hair Detangling Spray v\u00f5i Leave In Conditioneriga.<\/p>\n<p>Alustage juuste harjamisest keskpikkustest kuni otsteni v\u00e4ikeste osadena ja liikuge peanaha poole, et v\u00e4ltida juuste rebimist ja murdumist.<\/p>\n<p><strong>Pusadevastase juukseharja omadused:<\/p>\n<p><\/strong>\u2013 \u00dclipehmed ja painduvad piid<\/p>\n<p>\u2013 V\u00e4ga kerge<\/p>\n<p>\u2013 Sobib nii kuivadele kui m\u00e4rgadele juustele<\/p>\n<p>\u2013 Hoiab \u00e4ra juuste murdumise ja juuste kahjustamisest<\/p>\n<p>\u2013 \u00d5rna peanaha massaaziefektiga<\/p>\n<p>Pusadevastasel juukseharjal on pehmeid harjaseid, mis libisevad kergesti l\u00e4bi juuste ja harutavad lahti pusad ilma juukseid rebimata.<\/p>\n<p>Juuksehari on piisavalt tugev, et pusad t\u00f5husaltt l\u00e4bi harjata ja samas piisavalt elaststiline, et mitte kahjustada peanahka ja juuksekarvu.<\/p>\n<p>Juukseharjal on meeldivalt \u00f5rn peanaha massaziefekt.<\/p>\n<p>Regulaarne harjamine loob tugevad ja elastsed juuksed, tihendab juukseid ning loob kaunilt lahtiharutatud ja terve s\u00e4raga juuksed.<\/p>\n<p>T\u00e4nu painduvatele harjastele sobib see juuksehari ideaalselt ka pikendustega juustele.<\/p>\n<p>Pusadevastane juuksehari libiseb kergesti l\u00e4bi juuste ilma juuksepikenduste sidemeid kahjustamata.<\/p>\n","protected":false},"featured_media":52532,"template":"","meta":[],"product_brand":[],"product_cat":[121,192],"product_tag":[],"class_list":{"0":"post-52222","1":"product","2":"type-product","3":"status-publish","4":"has-post-thumbnail","6":"product_cat-koik-tooted","7":"product_cat-uued-tooted","9":"first","10":"instock","11":"taxable","12":"shipping-taxable","13":"purchasable","14":"product-type-variable","15":"has-default-attributes","16":"add-to-wishlist-after_add_to_cart"},"yoast_head":"<!-- This site is optimized with the Yoast SEO plugin v27.4 - https:\/\/yoast.com\/product\/yoast-seo-wordpress\/ -->\n<title>SUPERBRUSH kahev\u00e4rviline pusadevastane juuksehari MINI \/ Detangling Brush 2-colors SMALL - Hair Deluxe<\/title>\n<meta name=\"robots\" content=\"index, follow, max-snippet:-1, max-image-preview:large, max-video-preview:-1\" \/>\n<link rel=\"canonical\" href=\"https:\/\/hairdeluxe.ee\/en\/product\/superbrush-kahevarviline-pusadevastane-juuksehari-mini-detangling-brush-2-colors-small\/\" \/>\n<meta property=\"og:locale\" content=\"en_US\" \/>\n<meta property=\"og:type\" content=\"article\" \/>\n<meta property=\"og:title\" content=\"SUPERBRUSH kahev\u00e4rviline pusadevastane juuksehari MINI \/ Detangling Brush 2-colors SMALL - Hair Deluxe\" \/>\n<meta property=\"og:description\" content=\"KUIDAS KASUTADA: Pusadevastast juukseharja soovitame kasutada kuivadel, niisketel v\u00f5i m\u00e4rgadel juustel. Oma spetsiaalelt v\u00e4ljat\u00f6\u00f6tatud tootedisiniga harutab see juuksehari lihtsalt lahti ka k\u00f5ige keerukamad pusad sinu juustes. Juuksehari ei kahjusta ega rebi juukseid. Soovitav eelnevalt juukseid t\u00f6\u00f6delda Balmain Hair Detangling Spray v\u00f5i Leave In Conditioneriga. Alustage juuste harjamisest keskpikkustest kuni otsteni v\u00e4ikeste osadena ja liikuge peanaha poole, et v\u00e4ltida juuste rebimist ja murdumist.  Pusadevastase juukseharja omadused: \u2013 \u00dclipehmed ja painduvad piid \u2013 V\u00e4ga kerge \u2013 Sobib nii kuivadele kui m\u00e4rgadele juustele \u2013 Hoiab \u00e4ra juuste murdumise ja juuste kahjustamisest \u2013 \u00d5rna peanaha massaaziefektiga  Pusadevastasel juukseharjal on pehmeid harjaseid, mis libisevad kergesti l\u00e4bi juuste ja harutavad lahti pusad ilma juukseid rebimata. Juuksehari on piisavalt tugev, et pusad t\u00f5husaltt l\u00e4bi harjata ja samas piisavalt elaststiline, et mitte kahjustada peanahka ja juuksekarvu. Juukseharjal on meeldivalt \u00f5rn peanaha massaziefekt. Regulaarne harjamine loob tugevad ja elastsed juuksed, tihendab juukseid ning loob kaunilt lahtiharutatud ja terve s\u00e4raga juuksed. T\u00e4nu painduvatele harjastele sobib see juuksehari ideaalselt ka pikendustega juustele. Pusadevastane juuksehari libiseb kergesti l\u00e4bi juuste ilma juuksepikenduste sidemeid kahjustamata.\" \/>\n<meta property=\"og:url\" content=\"https:\/\/hairdeluxe.ee\/en\/product\/superbrush-kahevarviline-pusadevastane-juuksehari-mini-detangling-brush-2-colors-small\/\" \/>\n<meta property=\"og:site_name\" content=\"Hair Deluxe\" \/>\n<meta property=\"article:publisher\" content=\"https:\/\/www.facebook.com\/blowbartallinn\" \/>\n<meta property=\"article:modified_time\" content=\"2025-10-07T03:55:24+00:00\" \/>\n<meta property=\"og:image\" content=\"https:\/\/hairdeluxe.ee\/wp-content\/uploads\/2025\/09\/superbrush-1-1.jpg\" \/>\n\t<meta property=\"og:image:width\" content=\"1417\" \/>\n\t<meta property=\"og:image:height\" content=\"586\" \/>\n\t<meta property=\"og:image:type\" content=\"image\/jpeg\" \/>\n<meta name=\"twitter:card\" content=\"summary_large_image\" \/>\n<meta name=\"twitter:label1\" content=\"Est. reading time\" \/>\n\t<meta name=\"twitter:data1\" content=\"1 minute\" \/>\n<script type=\"application\/ld+json\" class=\"yoast-schema-graph\">{\"@context\":\"https:\\\/\\\/schema.org\",\"@graph\":[{\"@type\":\"WebPage\",\"@id\":\"https:\\\/\\\/hairdeluxe.ee\\\/en\\\/product\\\/superbrush-kahevarviline-pusadevastane-juuksehari-mini-detangling-brush-2-colors-small\\\/\",\"url\":\"https:\\\/\\\/hairdeluxe.ee\\\/en\\\/product\\\/superbrush-kahevarviline-pusadevastane-juuksehari-mini-detangling-brush-2-colors-small\\\/\",\"name\":\"SUPERBRUSH kahev\u00e4rviline pusadevastane juuksehari MINI \\\/ Detangling Brush 2-colors SMALL - Hair Deluxe\",\"isPartOf\":{\"@id\":\"https:\\\/\\\/hairdeluxe.ee\\\/en\\\/#website\"},\"primaryImageOfPage\":{\"@id\":\"https:\\\/\\\/hairdeluxe.ee\\\/en\\\/product\\\/superbrush-kahevarviline-pusadevastane-juuksehari-mini-detangling-brush-2-colors-small\\\/#primaryimage\"},\"image\":{\"@id\":\"https:\\\/\\\/hairdeluxe.ee\\\/en\\\/product\\\/superbrush-kahevarviline-pusadevastane-juuksehari-mini-detangling-brush-2-colors-small\\\/#primaryimage\"},\"thumbnailUrl\":\"https:\\\/\\\/hairdeluxe.ee\\\/wp-content\\\/uploads\\\/2025\\\/09\\\/superbrush-1-1.jpg\",\"datePublished\":\"2025-09-20T20:21:23+00:00\",\"dateModified\":\"2025-10-07T03:55:24+00:00\",\"breadcrumb\":{\"@id\":\"https:\\\/\\\/hairdeluxe.ee\\\/en\\\/product\\\/superbrush-kahevarviline-pusadevastane-juuksehari-mini-detangling-brush-2-colors-small\\\/#breadcrumb\"},\"inLanguage\":\"en-US\",\"potentialAction\":[{\"@type\":\"ReadAction\",\"target\":[\"https:\\\/\\\/hairdeluxe.ee\\\/en\\\/product\\\/superbrush-kahevarviline-pusadevastane-juuksehari-mini-detangling-brush-2-colors-small\\\/\"]}]},{\"@type\":\"ImageObject\",\"inLanguage\":\"en-US\",\"@id\":\"https:\\\/\\\/hairdeluxe.ee\\\/en\\\/product\\\/superbrush-kahevarviline-pusadevastane-juuksehari-mini-detangling-brush-2-colors-small\\\/#primaryimage\",\"url\":\"https:\\\/\\\/hairdeluxe.ee\\\/wp-content\\\/uploads\\\/2025\\\/09\\\/superbrush-1-1.jpg\",\"contentUrl\":\"https:\\\/\\\/hairdeluxe.ee\\\/wp-content\\\/uploads\\\/2025\\\/09\\\/superbrush-1-1.jpg\",\"width\":1417,\"height\":586},{\"@type\":\"BreadcrumbList\",\"@id\":\"https:\\\/\\\/hairdeluxe.ee\\\/en\\\/product\\\/superbrush-kahevarviline-pusadevastane-juuksehari-mini-detangling-brush-2-colors-small\\\/#breadcrumb\",\"itemListElement\":[{\"@type\":\"ListItem\",\"position\":1,\"name\":\"Home\",\"item\":\"https:\\\/\\\/hairdeluxe.ee\\\/en\\\/\"},{\"@type\":\"ListItem\",\"position\":2,\"name\":\"Shop\",\"item\":\"https:\\\/\\\/hairdeluxe.ee\\\/en\\\/shop\\\/\"},{\"@type\":\"ListItem\",\"position\":3,\"name\":\"SUPERBRUSH kahev\u00e4rviline pusadevastane juuksehari MINI \\\/ Detangling Brush 2-colors SMALL\"}]},{\"@type\":\"WebSite\",\"@id\":\"https:\\\/\\\/hairdeluxe.ee\\\/en\\\/#website\",\"url\":\"https:\\\/\\\/hairdeluxe.ee\\\/en\\\/\",\"name\":\"Hair Deluxe\",\"description\":\"Highlight your natural beauty\",\"publisher\":{\"@id\":\"https:\\\/\\\/hairdeluxe.ee\\\/en\\\/#organization\"},\"potentialAction\":[{\"@type\":\"SearchAction\",\"target\":{\"@type\":\"EntryPoint\",\"urlTemplate\":\"https:\\\/\\\/hairdeluxe.ee\\\/en\\\/?s={search_term_string}\"},\"query-input\":{\"@type\":\"PropertyValueSpecification\",\"valueRequired\":true,\"valueName\":\"search_term_string\"}}],\"inLanguage\":\"en-US\"},{\"@type\":\"Organization\",\"@id\":\"https:\\\/\\\/hairdeluxe.ee\\\/en\\\/#organization\",\"name\":\"Hair Deluxe\",\"url\":\"https:\\\/\\\/hairdeluxe.ee\\\/en\\\/\",\"logo\":{\"@type\":\"ImageObject\",\"inLanguage\":\"en-US\",\"@id\":\"https:\\\/\\\/hairdeluxe.ee\\\/en\\\/#\\\/schema\\\/logo\\\/image\\\/\",\"url\":\"https:\\\/\\\/hairdeluxe.ee\\\/wp-content\\\/uploads\\\/2024\\\/06\\\/Hair-Deluxe-Logo-Dark-font.png\",\"contentUrl\":\"https:\\\/\\\/hairdeluxe.ee\\\/wp-content\\\/uploads\\\/2024\\\/06\\\/Hair-Deluxe-Logo-Dark-font.png\",\"width\":467,\"height\":177,\"caption\":\"Hair Deluxe\"},\"image\":{\"@id\":\"https:\\\/\\\/hairdeluxe.ee\\\/en\\\/#\\\/schema\\\/logo\\\/image\\\/\"},\"sameAs\":[\"https:\\\/\\\/www.facebook.com\\\/blowbartallinn\",\"https:\\\/\\\/www.instagram.com\\\/blowbar_tallinn\"]}]}<\/script>\n<!-- \/ Yoast SEO plugin. -->","yoast_head_json":{"title":"SUPERBRUSH kahev\u00e4rviline pusadevastane juuksehari MINI \/ Detangling Brush 2-colors SMALL - Hair Deluxe","robots":{"index":"index","follow":"follow","max-snippet":"max-snippet:-1","max-image-preview":"max-image-preview:large","max-video-preview":"max-video-preview:-1"},"canonical":"https:\/\/hairdeluxe.ee\/en\/product\/superbrush-kahevarviline-pusadevastane-juuksehari-mini-detangling-brush-2-colors-small\/","og_locale":"en_US","og_type":"article","og_title":"SUPERBRUSH kahev\u00e4rviline pusadevastane juuksehari MINI \/ Detangling Brush 2-colors SMALL - Hair Deluxe","og_description":"KUIDAS KASUTADA: Pusadevastast juukseharja soovitame kasutada kuivadel, niisketel v\u00f5i m\u00e4rgadel juustel. Oma spetsiaalelt v\u00e4ljat\u00f6\u00f6tatud tootedisiniga harutab see juuksehari lihtsalt lahti ka k\u00f5ige keerukamad pusad sinu juustes. Juuksehari ei kahjusta ega rebi juukseid. Soovitav eelnevalt juukseid t\u00f6\u00f6delda Balmain Hair Detangling Spray v\u00f5i Leave In Conditioneriga. Alustage juuste harjamisest keskpikkustest kuni otsteni v\u00e4ikeste osadena ja liikuge peanaha poole, et v\u00e4ltida juuste rebimist ja murdumist.  Pusadevastase juukseharja omadused: \u2013 \u00dclipehmed ja painduvad piid \u2013 V\u00e4ga kerge \u2013 Sobib nii kuivadele kui m\u00e4rgadele juustele \u2013 Hoiab \u00e4ra juuste murdumise ja juuste kahjustamisest \u2013 \u00d5rna peanaha massaaziefektiga  Pusadevastasel juukseharjal on pehmeid harjaseid, mis libisevad kergesti l\u00e4bi juuste ja harutavad lahti pusad ilma juukseid rebimata. Juuksehari on piisavalt tugev, et pusad t\u00f5husaltt l\u00e4bi harjata ja samas piisavalt elaststiline, et mitte kahjustada peanahka ja juuksekarvu. Juukseharjal on meeldivalt \u00f5rn peanaha massaziefekt. Regulaarne harjamine loob tugevad ja elastsed juuksed, tihendab juukseid ning loob kaunilt lahtiharutatud ja terve s\u00e4raga juuksed. T\u00e4nu painduvatele harjastele sobib see juuksehari ideaalselt ka pikendustega juustele. Pusadevastane juuksehari libiseb kergesti l\u00e4bi juuste ilma juuksepikenduste sidemeid kahjustamata.","og_url":"https:\/\/hairdeluxe.ee\/en\/product\/superbrush-kahevarviline-pusadevastane-juuksehari-mini-detangling-brush-2-colors-small\/","og_site_name":"Hair Deluxe","article_publisher":"https:\/\/www.facebook.com\/blowbartallinn","article_modified_time":"2025-10-07T03:55:24+00:00","og_image":[{"width":1417,"height":586,"url":"https:\/\/hairdeluxe.ee\/wp-content\/uploads\/2025\/09\/superbrush-1-1.jpg","type":"image\/jpeg"}],"twitter_card":"summary_large_image","twitter_misc":{"Est. reading time":"1 minute"},"schema":{"@context":"https:\/\/schema.org","@graph":[{"@type":"WebPage","@id":"https:\/\/hairdeluxe.ee\/en\/product\/superbrush-kahevarviline-pusadevastane-juuksehari-mini-detangling-brush-2-colors-small\/","url":"https:\/\/hairdeluxe.ee\/en\/product\/superbrush-kahevarviline-pusadevastane-juuksehari-mini-detangling-brush-2-colors-small\/","name":"SUPERBRUSH kahev\u00e4rviline pusadevastane juuksehari MINI \/ Detangling Brush 2-colors SMALL - Hair Deluxe","isPartOf":{"@id":"https:\/\/hairdeluxe.ee\/en\/#website"},"primaryImageOfPage":{"@id":"https:\/\/hairdeluxe.ee\/en\/product\/superbrush-kahevarviline-pusadevastane-juuksehari-mini-detangling-brush-2-colors-small\/#primaryimage"},"image":{"@id":"https:\/\/hairdeluxe.ee\/en\/product\/superbrush-kahevarviline-pusadevastane-juuksehari-mini-detangling-brush-2-colors-small\/#primaryimage"},"thumbnailUrl":"https:\/\/hairdeluxe.ee\/wp-content\/uploads\/2025\/09\/superbrush-1-1.jpg","datePublished":"2025-09-20T20:21:23+00:00","dateModified":"2025-10-07T03:55:24+00:00","breadcrumb":{"@id":"https:\/\/hairdeluxe.ee\/en\/product\/superbrush-kahevarviline-pusadevastane-juuksehari-mini-detangling-brush-2-colors-small\/#breadcrumb"},"inLanguage":"en-US","potentialAction":[{"@type":"ReadAction","target":["https:\/\/hairdeluxe.ee\/en\/product\/superbrush-kahevarviline-pusadevastane-juuksehari-mini-detangling-brush-2-colors-small\/"]}]},{"@type":"ImageObject","inLanguage":"en-US","@id":"https:\/\/hairdeluxe.ee\/en\/product\/superbrush-kahevarviline-pusadevastane-juuksehari-mini-detangling-brush-2-colors-small\/#primaryimage","url":"https:\/\/hairdeluxe.ee\/wp-content\/uploads\/2025\/09\/superbrush-1-1.jpg","contentUrl":"https:\/\/hairdeluxe.ee\/wp-content\/uploads\/2025\/09\/superbrush-1-1.jpg","width":1417,"height":586},{"@type":"BreadcrumbList","@id":"https:\/\/hairdeluxe.ee\/en\/product\/superbrush-kahevarviline-pusadevastane-juuksehari-mini-detangling-brush-2-colors-small\/#breadcrumb","itemListElement":[{"@type":"ListItem","position":1,"name":"Home","item":"https:\/\/hairdeluxe.ee\/en\/"},{"@type":"ListItem","position":2,"name":"Shop","item":"https:\/\/hairdeluxe.ee\/en\/shop\/"},{"@type":"ListItem","position":3,"name":"SUPERBRUSH kahev\u00e4rviline pusadevastane juuksehari MINI \/ Detangling Brush 2-colors SMALL"}]},{"@type":"WebSite","@id":"https:\/\/hairdeluxe.ee\/en\/#website","url":"https:\/\/hairdeluxe.ee\/en\/","name":"Hair Deluxe","description":"Highlight your natural beauty","publisher":{"@id":"https:\/\/hairdeluxe.ee\/en\/#organization"},"potentialAction":[{"@type":"SearchAction","target":{"@type":"EntryPoint","urlTemplate":"https:\/\/hairdeluxe.ee\/en\/?s={search_term_string}"},"query-input":{"@type":"PropertyValueSpecification","valueRequired":true,"valueName":"search_term_string"}}],"inLanguage":"en-US"},{"@type":"Organization","@id":"https:\/\/hairdeluxe.ee\/en\/#organization","name":"Hair Deluxe","url":"https:\/\/hairdeluxe.ee\/en\/","logo":{"@type":"ImageObject","inLanguage":"en-US","@id":"https:\/\/hairdeluxe.ee\/en\/#\/schema\/logo\/image\/","url":"https:\/\/hairdeluxe.ee\/wp-content\/uploads\/2024\/06\/Hair-Deluxe-Logo-Dark-font.png","contentUrl":"https:\/\/hairdeluxe.ee\/wp-content\/uploads\/2024\/06\/Hair-Deluxe-Logo-Dark-font.png","width":467,"height":177,"caption":"Hair Deluxe"},"image":{"@id":"https:\/\/hairdeluxe.ee\/en\/#\/schema\/logo\/image\/"},"sameAs":["https:\/\/www.facebook.com\/blowbartallinn","https:\/\/www.instagram.com\/blowbar_tallinn"]}]}},"_links":{"self":[{"href":"https:\/\/hairdeluxe.ee\/en\/wp-json\/wp\/v2\/product\/52222","targetHints":{"allow":["GET"]}}],"collection":[{"href":"https:\/\/hairdeluxe.ee\/en\/wp-json\/wp\/v2\/product"}],"about":[{"href":"https:\/\/hairdeluxe.ee\/en\/wp-json\/wp\/v2\/types\/product"}],"wp:featuredmedia":[{"embeddable":true,"href":"https:\/\/hairdeluxe.ee\/en\/wp-json\/wp\/v2\/media\/52532"}],"wp:attachment":[{"href":"https:\/\/hairdeluxe.ee\/en\/wp-json\/wp\/v2\/media?parent=52222"}],"wp:term":[{"taxonomy":"product_brand","embeddable":true,"href":"https:\/\/hairdeluxe.ee\/en\/wp-json\/wp\/v2\/product_brand?post=52222"},{"taxonomy":"product_cat","embeddable":true,"href":"https:\/\/hairdeluxe.ee\/en\/wp-json\/wp\/v2\/product_cat?post=52222"},{"taxonomy":"product_tag","embeddable":true,"href":"https:\/\/hairdeluxe.ee\/en\/wp-json\/wp\/v2\/product_tag?post=52222"}],"curies":[{"name":"wp","href":"https:\/\/api.w.org\/{rel}","templated":true}]}}