{"id":52230,"date":"2025-09-20T20:21:26","date_gmt":"2025-09-20T20:21:26","guid":{"rendered":"https:\/\/hairdeluxe.ee\/?post_type=product&#038;p=52230"},"modified":"2025-10-07T03:55:24","modified_gmt":"2025-10-07T03:55:24","slug":"balmain-hair-peavoru-beez-limited-edition-acetate-headband-small-beige","status":"publish","type":"product","link":"https:\/\/hairdeluxe.ee\/en\/product\/balmain-hair-peavoru-beez-limited-edition-acetate-headband-small-beige\/","title":{"rendered":"BALMAIN HAIR peav\u00f5ru  beez \/ Limited Edition Acetate Headband Small Beige"},"content":{"rendered":"<div>Peav\u00f5ru beez atsetaatpeapael v\u00e4ike bee\u017e.<\/div>\n<div><\/div>\n<div>Nautige suve rahu on valmistatud vastupidavast tselluloosatsetaadist beez v\u00e4rviga peav\u00f5ru, mis on inspireeritud liiva rahulikest v\u00e4rvidest.<\/p>\n<p>Kvaliteetsest tselluloosatsetaadist k\u00e4sit\u00f6\u00f6na valmistatud elegantne bee\u017e aksessuaar kannab ikoonilist 18-karaadise kullatud Balmaini \u201eB\u201d logo.<\/p>\n<p>Kombineerides vastupidavuse ajatu disainiga, tagab see nii stiili kui ka mugavuse p\u00e4ikese all.<\/p>\n<p>Selle summutatud, maal\u00e4hedased toonid t\u00e4iendavad vaevata iga suvist komplekti, olenemata sellest, kas lebate basseini \u00e4\u00e4res v\u00f5i avastate p\u00e4ikesepaistelisi t\u00e4navaid.<\/p>\n<p>H\u00fcpoallergeenne ja \u00f5rn nii juustele kui ka peanahale, atsetaatpeapael mitte ainult ei lisa teie v\u00e4limusele elegantsi, vaid hoiab teie juuksed ka \u00f5rnalt ja kindlalt paigal.<\/p><\/div>\n<div><\/div>\n<div><strong>M\u00f5\u00f5tmed: Pikkus:<\/strong><\/p>\n<p>14 cm \/ Laius: 1 cm \/ K\u00f5rgus: 15 cm<\/p><\/div>\n","protected":false},"excerpt":{"rendered":"<div>V\u00e4ike k\u00e4sit\u00f6\u00f6na valminud bee\u017e peav\u00f5ru, mis on valmistatud vastupidavast tselluloosatsetaadist ja kaunistatud Balmaini signatuurse 18-karaadise kullatud \u201eB\u201d logoga.<\/p>\n<p>Tugev, kuid painduv materjal on h\u00fcpoallergeenne ning \u00f5rn nii juustele kui ka peanahale, pakkudes mugavat ja kindlat istuvust.<\/p><\/div>\n<div><\/div>\n<ul>\n<li>18-karaadine kullatud embleem<\/li>\n<li>\u00d5rn juustele ja peanahale<\/li>\n<li>Sobib ideaalselt igale juukset\u00fc\u00fcbile<\/li>\n<\/ul>\n","protected":false},"featured_media":52696,"template":"","meta":[],"product_brand":[],"product_cat":[96,192],"product_tag":[],"class_list":{"0":"post-52230","1":"product","2":"type-product","3":"status-publish","4":"has-post-thumbnail","6":"product_cat-aksessuaarid","7":"product_cat-uued-tooted","9":"first","10":"instock","11":"taxable","12":"shipping-taxable","13":"purchasable","14":"product-type-simple","15":"add-to-wishlist-after_add_to_cart"},"yoast_head":"<!-- This site is optimized with the Yoast SEO plugin v27.5 - https:\/\/yoast.com\/product\/yoast-seo-wordpress\/ -->\n<title>BALMAIN HAIR peav\u00f5ru beez \/ Limited Edition Acetate Headband Small Beige - Hair Deluxe<\/title>\n<meta name=\"robots\" content=\"index, follow, max-snippet:-1, max-image-preview:large, max-video-preview:-1\" \/>\n<link rel=\"canonical\" href=\"https:\/\/hairdeluxe.ee\/en\/product\/balmain-hair-peavoru-beez-limited-edition-acetate-headband-small-beige\/\" \/>\n<meta property=\"og:locale\" content=\"en_US\" \/>\n<meta property=\"og:type\" content=\"article\" \/>\n<meta property=\"og:title\" content=\"BALMAIN HAIR peav\u00f5ru beez \/ Limited Edition Acetate Headband Small Beige - Hair Deluxe\" \/>\n<meta property=\"og:description\" content=\"V\u00e4ike k\u00e4sit\u00f6\u00f6na valminud bee\u017e peav\u00f5ru, mis on valmistatud vastupidavast tselluloosatsetaadist ja kaunistatud Balmaini signatuurse 18-karaadise kullatud \u201eB\u201d logoga. Tugev, kuid painduv materjal on h\u00fcpoallergeenne ning \u00f5rn nii juustele kui ka peanahale, pakkudes mugavat ja kindlat istuvust.    18-karaadine kullatud embleem  \u00d5rn juustele ja peanahale  Sobib ideaalselt igale juukset\u00fc\u00fcbile\" \/>\n<meta property=\"og:url\" content=\"https:\/\/hairdeluxe.ee\/en\/product\/balmain-hair-peavoru-beez-limited-edition-acetate-headband-small-beige\/\" \/>\n<meta property=\"og:site_name\" content=\"Hair Deluxe\" \/>\n<meta property=\"article:publisher\" content=\"https:\/\/www.facebook.com\/blowbartallinn\" \/>\n<meta property=\"article:modified_time\" content=\"2025-10-07T03:55:24+00:00\" \/>\n<meta property=\"og:image\" content=\"https:\/\/hairdeluxe.ee\/wp-content\/uploads\/2025\/09\/headband-beex.jpg\" \/>\n\t<meta property=\"og:image:width\" content=\"755\" \/>\n\t<meta property=\"og:image:height\" content=\"818\" \/>\n\t<meta property=\"og:image:type\" content=\"image\/jpeg\" \/>\n<meta name=\"twitter:card\" content=\"summary_large_image\" \/>\n<meta name=\"twitter:label1\" content=\"Est. reading time\" \/>\n\t<meta name=\"twitter:data1\" content=\"1 minute\" \/>\n<script type=\"application\/ld+json\" class=\"yoast-schema-graph\">{\"@context\":\"https:\\\/\\\/schema.org\",\"@graph\":[{\"@type\":\"WebPage\",\"@id\":\"https:\\\/\\\/hairdeluxe.ee\\\/en\\\/product\\\/balmain-hair-peavoru-beez-limited-edition-acetate-headband-small-beige\\\/\",\"url\":\"https:\\\/\\\/hairdeluxe.ee\\\/en\\\/product\\\/balmain-hair-peavoru-beez-limited-edition-acetate-headband-small-beige\\\/\",\"name\":\"BALMAIN HAIR peav\u00f5ru beez \\\/ Limited Edition Acetate Headband Small Beige - Hair Deluxe\",\"isPartOf\":{\"@id\":\"https:\\\/\\\/hairdeluxe.ee\\\/en\\\/#website\"},\"primaryImageOfPage\":{\"@id\":\"https:\\\/\\\/hairdeluxe.ee\\\/en\\\/product\\\/balmain-hair-peavoru-beez-limited-edition-acetate-headband-small-beige\\\/#primaryimage\"},\"image\":{\"@id\":\"https:\\\/\\\/hairdeluxe.ee\\\/en\\\/product\\\/balmain-hair-peavoru-beez-limited-edition-acetate-headband-small-beige\\\/#primaryimage\"},\"thumbnailUrl\":\"https:\\\/\\\/hairdeluxe.ee\\\/wp-content\\\/uploads\\\/2025\\\/09\\\/headband-beex.jpg\",\"datePublished\":\"2025-09-20T20:21:26+00:00\",\"dateModified\":\"2025-10-07T03:55:24+00:00\",\"breadcrumb\":{\"@id\":\"https:\\\/\\\/hairdeluxe.ee\\\/en\\\/product\\\/balmain-hair-peavoru-beez-limited-edition-acetate-headband-small-beige\\\/#breadcrumb\"},\"inLanguage\":\"en-US\",\"potentialAction\":[{\"@type\":\"ReadAction\",\"target\":[\"https:\\\/\\\/hairdeluxe.ee\\\/en\\\/product\\\/balmain-hair-peavoru-beez-limited-edition-acetate-headband-small-beige\\\/\"]}]},{\"@type\":\"ImageObject\",\"inLanguage\":\"en-US\",\"@id\":\"https:\\\/\\\/hairdeluxe.ee\\\/en\\\/product\\\/balmain-hair-peavoru-beez-limited-edition-acetate-headband-small-beige\\\/#primaryimage\",\"url\":\"https:\\\/\\\/hairdeluxe.ee\\\/wp-content\\\/uploads\\\/2025\\\/09\\\/headband-beex.jpg\",\"contentUrl\":\"https:\\\/\\\/hairdeluxe.ee\\\/wp-content\\\/uploads\\\/2025\\\/09\\\/headband-beex.jpg\",\"width\":755,\"height\":818},{\"@type\":\"BreadcrumbList\",\"@id\":\"https:\\\/\\\/hairdeluxe.ee\\\/en\\\/product\\\/balmain-hair-peavoru-beez-limited-edition-acetate-headband-small-beige\\\/#breadcrumb\",\"itemListElement\":[{\"@type\":\"ListItem\",\"position\":1,\"name\":\"Home\",\"item\":\"https:\\\/\\\/hairdeluxe.ee\\\/en\\\/\"},{\"@type\":\"ListItem\",\"position\":2,\"name\":\"Shop\",\"item\":\"https:\\\/\\\/hairdeluxe.ee\\\/en\\\/shop\\\/\"},{\"@type\":\"ListItem\",\"position\":3,\"name\":\"BALMAIN HAIR peav\u00f5ru beez \\\/ Limited Edition Acetate Headband Small Beige\"}]},{\"@type\":\"WebSite\",\"@id\":\"https:\\\/\\\/hairdeluxe.ee\\\/en\\\/#website\",\"url\":\"https:\\\/\\\/hairdeluxe.ee\\\/en\\\/\",\"name\":\"Hair Deluxe\",\"description\":\"Highlight your natural beauty\",\"publisher\":{\"@id\":\"https:\\\/\\\/hairdeluxe.ee\\\/en\\\/#organization\"},\"potentialAction\":[{\"@type\":\"SearchAction\",\"target\":{\"@type\":\"EntryPoint\",\"urlTemplate\":\"https:\\\/\\\/hairdeluxe.ee\\\/en\\\/?s={search_term_string}\"},\"query-input\":{\"@type\":\"PropertyValueSpecification\",\"valueRequired\":true,\"valueName\":\"search_term_string\"}}],\"inLanguage\":\"en-US\"},{\"@type\":\"Organization\",\"@id\":\"https:\\\/\\\/hairdeluxe.ee\\\/en\\\/#organization\",\"name\":\"Hair Deluxe\",\"url\":\"https:\\\/\\\/hairdeluxe.ee\\\/en\\\/\",\"logo\":{\"@type\":\"ImageObject\",\"inLanguage\":\"en-US\",\"@id\":\"https:\\\/\\\/hairdeluxe.ee\\\/en\\\/#\\\/schema\\\/logo\\\/image\\\/\",\"url\":\"https:\\\/\\\/hairdeluxe.ee\\\/wp-content\\\/uploads\\\/2024\\\/06\\\/Hair-Deluxe-Logo-Dark-font.png\",\"contentUrl\":\"https:\\\/\\\/hairdeluxe.ee\\\/wp-content\\\/uploads\\\/2024\\\/06\\\/Hair-Deluxe-Logo-Dark-font.png\",\"width\":467,\"height\":177,\"caption\":\"Hair Deluxe\"},\"image\":{\"@id\":\"https:\\\/\\\/hairdeluxe.ee\\\/en\\\/#\\\/schema\\\/logo\\\/image\\\/\"},\"sameAs\":[\"https:\\\/\\\/www.facebook.com\\\/blowbartallinn\",\"https:\\\/\\\/www.instagram.com\\\/blowbar_tallinn\"]}]}<\/script>\n<!-- \/ Yoast SEO plugin. -->","yoast_head_json":{"title":"BALMAIN HAIR peav\u00f5ru beez \/ Limited Edition Acetate Headband Small Beige - Hair Deluxe","robots":{"index":"index","follow":"follow","max-snippet":"max-snippet:-1","max-image-preview":"max-image-preview:large","max-video-preview":"max-video-preview:-1"},"canonical":"https:\/\/hairdeluxe.ee\/en\/product\/balmain-hair-peavoru-beez-limited-edition-acetate-headband-small-beige\/","og_locale":"en_US","og_type":"article","og_title":"BALMAIN HAIR peav\u00f5ru beez \/ Limited Edition Acetate Headband Small Beige - Hair Deluxe","og_description":"V\u00e4ike k\u00e4sit\u00f6\u00f6na valminud bee\u017e peav\u00f5ru, mis on valmistatud vastupidavast tselluloosatsetaadist ja kaunistatud Balmaini signatuurse 18-karaadise kullatud \u201eB\u201d logoga. Tugev, kuid painduv materjal on h\u00fcpoallergeenne ning \u00f5rn nii juustele kui ka peanahale, pakkudes mugavat ja kindlat istuvust.    18-karaadine kullatud embleem  \u00d5rn juustele ja peanahale  Sobib ideaalselt igale juukset\u00fc\u00fcbile","og_url":"https:\/\/hairdeluxe.ee\/en\/product\/balmain-hair-peavoru-beez-limited-edition-acetate-headband-small-beige\/","og_site_name":"Hair Deluxe","article_publisher":"https:\/\/www.facebook.com\/blowbartallinn","article_modified_time":"2025-10-07T03:55:24+00:00","og_image":[{"width":755,"height":818,"url":"https:\/\/hairdeluxe.ee\/wp-content\/uploads\/2025\/09\/headband-beex.jpg","type":"image\/jpeg"}],"twitter_card":"summary_large_image","twitter_misc":{"Est. reading time":"1 minute"},"schema":{"@context":"https:\/\/schema.org","@graph":[{"@type":"WebPage","@id":"https:\/\/hairdeluxe.ee\/en\/product\/balmain-hair-peavoru-beez-limited-edition-acetate-headband-small-beige\/","url":"https:\/\/hairdeluxe.ee\/en\/product\/balmain-hair-peavoru-beez-limited-edition-acetate-headband-small-beige\/","name":"BALMAIN HAIR peav\u00f5ru beez \/ Limited Edition Acetate Headband Small Beige - Hair Deluxe","isPartOf":{"@id":"https:\/\/hairdeluxe.ee\/en\/#website"},"primaryImageOfPage":{"@id":"https:\/\/hairdeluxe.ee\/en\/product\/balmain-hair-peavoru-beez-limited-edition-acetate-headband-small-beige\/#primaryimage"},"image":{"@id":"https:\/\/hairdeluxe.ee\/en\/product\/balmain-hair-peavoru-beez-limited-edition-acetate-headband-small-beige\/#primaryimage"},"thumbnailUrl":"https:\/\/hairdeluxe.ee\/wp-content\/uploads\/2025\/09\/headband-beex.jpg","datePublished":"2025-09-20T20:21:26+00:00","dateModified":"2025-10-07T03:55:24+00:00","breadcrumb":{"@id":"https:\/\/hairdeluxe.ee\/en\/product\/balmain-hair-peavoru-beez-limited-edition-acetate-headband-small-beige\/#breadcrumb"},"inLanguage":"en-US","potentialAction":[{"@type":"ReadAction","target":["https:\/\/hairdeluxe.ee\/en\/product\/balmain-hair-peavoru-beez-limited-edition-acetate-headband-small-beige\/"]}]},{"@type":"ImageObject","inLanguage":"en-US","@id":"https:\/\/hairdeluxe.ee\/en\/product\/balmain-hair-peavoru-beez-limited-edition-acetate-headband-small-beige\/#primaryimage","url":"https:\/\/hairdeluxe.ee\/wp-content\/uploads\/2025\/09\/headband-beex.jpg","contentUrl":"https:\/\/hairdeluxe.ee\/wp-content\/uploads\/2025\/09\/headband-beex.jpg","width":755,"height":818},{"@type":"BreadcrumbList","@id":"https:\/\/hairdeluxe.ee\/en\/product\/balmain-hair-peavoru-beez-limited-edition-acetate-headband-small-beige\/#breadcrumb","itemListElement":[{"@type":"ListItem","position":1,"name":"Home","item":"https:\/\/hairdeluxe.ee\/en\/"},{"@type":"ListItem","position":2,"name":"Shop","item":"https:\/\/hairdeluxe.ee\/en\/shop\/"},{"@type":"ListItem","position":3,"name":"BALMAIN HAIR peav\u00f5ru beez \/ Limited Edition Acetate Headband Small Beige"}]},{"@type":"WebSite","@id":"https:\/\/hairdeluxe.ee\/en\/#website","url":"https:\/\/hairdeluxe.ee\/en\/","name":"Hair Deluxe","description":"Highlight your natural beauty","publisher":{"@id":"https:\/\/hairdeluxe.ee\/en\/#organization"},"potentialAction":[{"@type":"SearchAction","target":{"@type":"EntryPoint","urlTemplate":"https:\/\/hairdeluxe.ee\/en\/?s={search_term_string}"},"query-input":{"@type":"PropertyValueSpecification","valueRequired":true,"valueName":"search_term_string"}}],"inLanguage":"en-US"},{"@type":"Organization","@id":"https:\/\/hairdeluxe.ee\/en\/#organization","name":"Hair Deluxe","url":"https:\/\/hairdeluxe.ee\/en\/","logo":{"@type":"ImageObject","inLanguage":"en-US","@id":"https:\/\/hairdeluxe.ee\/en\/#\/schema\/logo\/image\/","url":"https:\/\/hairdeluxe.ee\/wp-content\/uploads\/2024\/06\/Hair-Deluxe-Logo-Dark-font.png","contentUrl":"https:\/\/hairdeluxe.ee\/wp-content\/uploads\/2024\/06\/Hair-Deluxe-Logo-Dark-font.png","width":467,"height":177,"caption":"Hair Deluxe"},"image":{"@id":"https:\/\/hairdeluxe.ee\/en\/#\/schema\/logo\/image\/"},"sameAs":["https:\/\/www.facebook.com\/blowbartallinn","https:\/\/www.instagram.com\/blowbar_tallinn"]}]}},"_links":{"self":[{"href":"https:\/\/hairdeluxe.ee\/en\/wp-json\/wp\/v2\/product\/52230","targetHints":{"allow":["GET"]}}],"collection":[{"href":"https:\/\/hairdeluxe.ee\/en\/wp-json\/wp\/v2\/product"}],"about":[{"href":"https:\/\/hairdeluxe.ee\/en\/wp-json\/wp\/v2\/types\/product"}],"wp:featuredmedia":[{"embeddable":true,"href":"https:\/\/hairdeluxe.ee\/en\/wp-json\/wp\/v2\/media\/52696"}],"wp:attachment":[{"href":"https:\/\/hairdeluxe.ee\/en\/wp-json\/wp\/v2\/media?parent=52230"}],"wp:term":[{"taxonomy":"product_brand","embeddable":true,"href":"https:\/\/hairdeluxe.ee\/en\/wp-json\/wp\/v2\/product_brand?post=52230"},{"taxonomy":"product_cat","embeddable":true,"href":"https:\/\/hairdeluxe.ee\/en\/wp-json\/wp\/v2\/product_cat?post=52230"},{"taxonomy":"product_tag","embeddable":true,"href":"https:\/\/hairdeluxe.ee\/en\/wp-json\/wp\/v2\/product_tag?post=52230"}],"curies":[{"name":"wp","href":"https:\/\/api.w.org\/{rel}","templated":true}]}}