{"id":52235,"date":"2025-09-20T20:21:27","date_gmt":"2025-09-20T20:21:27","guid":{"rendered":"https:\/\/hairdeluxe.ee\/?post_type=product&#038;p=52235"},"modified":"2025-10-07T21:06:45","modified_gmt":"2025-10-07T21:06:45","slug":"balmain-hair-juukseid-sugavtaastav-ja-saraandev-komplekt-overnight-repair-colour-mask-hair-care-gift-set","status":"publish","type":"product","link":"https:\/\/hairdeluxe.ee\/en\/product\/balmain-hair-juukseid-sugavtaastav-ja-saraandev-komplekt-overnight-repair-colour-mask-hair-care-gift-set\/","title":{"rendered":"BALMAIN HAIR juukseid s\u00fcgavtaastav ja s\u00e4raandev komplekt \/ Overnight Repair &#038; Colour Mask Hair Care Gift Set"},"content":{"rendered":"<div class=\"product-info-main is_stuck\">\n<div class=\"details\">\n<div class=\"product attribute product-attribute attribute-collapse description\">\n<div id=\"description\" class=\"attribute_value collapse show\">\n<p><strong>The set contains:<\/p>\n<p><\/strong>Overnight Repair Serum 30 ml<\/p>\n<p>Infused with natural oils and extracts, it nourishes hair from the inside out. Formulated to minimise signs of colouring and damage, it also protects against frizz and helps prevent split ends.<\/p>\n<p>Moisturizing Repair Mask 200 ml<\/p>\n<p>Enriched with Argan Oil and Provitamin B5, this luxurious\u00a0mask delivers intense nourishment, restoring hair elasticity and\u00a0flexibility. Specifically designed for hair in need of extra care, it\u00a0leaves it shiny and with a soft feeling from root to end.<\/p>\n<p><strong>Ingredients:<\/p>\n<p><\/strong>Overnight Repair Serum 30 ml:<\/p>\n<p>Argania Spinosa Kernel Oil, Helianthus Annuus Seed Oil, Salvia Hispanica Seed Oil (Chia Seed Oil), Macadamia Ternifolia Seed Oil, Glycine Soja Oil, Cocos Nucifera Oil, Chenopodium Quinoa Seed Extract, Gardenia Tahitensis Flower Extract, Rosmarinus Officinalis Leaf Extract, Tocopherol.<\/p>\n<p>Moisturizing Repair Mask 200 ml:<\/p>\n<p>Aqua, Cetearyl Alcohol, Glycerin, Argania Spinosa Kernel Oil, PPG-3 Myristyl Ether, Isopropyl Myristate, Amodimethicone\/Morpholinomethyl -Silsesquioxane -Co-polymer, Quaternium-91, Butyrospermum Parkii Butter, Trimethylsiloxyphenyl Dime-thi-cone, Betaine, Cetrimonium Methosulfate, Trideceth-5, Silk Amino Acids,-Toco&#8211;phe-rylAcetate, Panthenol, Ceteareth-20, Cetrimonium Chloride, Hydrolyzed -Vegetable Protein PG-propyl Silanetriol, Polyquaternium-53, Ethylhexyl Methoxy-cinnamate, Hydroxyethylcellulose, Polyquaternium-10, Parfum, Phenoxyethanol, Ethylhexylglycerin, Disodium EDTA, Potassium Sorbate, Lactic Acid.<\/p>\n<\/div>\n<\/div>\n<\/div>\n<\/div>\n","protected":false},"excerpt":{"rendered":"<div>Piiratud v\u00e4ljaande raames loodud \u00f6ine taastav juuste hoolduskomplekt taastava seerumi ja niisutava taastava juuksev\u00e4rvi maskiga, mis annab juustele eluj\u00f5udu ning s\u00fcgavniisutust.<\/div>\n<div><\/div>\n<div>Intensiivne niisutus ja elastsuse suurendamine<\/div>\n<div>S\u00fcgavhooldus kuivadele ja kahjustatud juustele<\/div>\n<div><\/div>\n<div>Piiratud v\u00e4ljaande \u00f6ine taastav hoolduskomplekt on eksklusiivne salongikvaliteediga hooldus, mis on loodud juuste taaselustamiseks. Mitmek\u00fclgne koostis v\u00f5imaldab seerumit maskiga segada, et neid intensiivselt toita, j\u00e4ttes juuksed siidiseks, s\u00e4ravaks ja s\u00fcgavalt taastatuks. T\u00e4iuslik kingitus ja t\u00f5eline hoolitsushetk.<\/div>\n<p data-start=\"880\" data-end=\"900\"><strong>Komplekt sisaldab:<\/strong><\/p>\n<ul>\n<li>Kingituskarp<\/li>\n<li data-start=\"920\" data-end=\"951\">Overnight Repair Serum, 30 ml<\/li>\n<li data-start=\"954\" data-end=\"988\">Moisturizing Repair Mask, 200 ml<\/li>\n<\/ul>\n","protected":false},"featured_media":52749,"template":"","meta":[],"product_brand":[464],"product_cat":[266,129,130,192],"product_tag":[],"class_list":{"0":"post-52235","1":"product","2":"type-product","3":"status-publish","4":"has-post-thumbnail","6":"product_brand-balmain-hair","7":"product_cat-balmain-hair","8":"product_cat-kingitused","9":"product_cat-kinkekomplektid","10":"product_cat-uued-tooted","12":"first","13":"instock","14":"taxable","15":"shipping-taxable","16":"purchasable","17":"product-type-simple","18":"add-to-wishlist-after_add_to_cart"},"yoast_head":"<!-- This site is optimized with the Yoast SEO plugin v27.5 - https:\/\/yoast.com\/product\/yoast-seo-wordpress\/ -->\n<title>BALMAIN HAIR juukseid s\u00fcgavtaastav ja s\u00e4raandev komplekt \/ Overnight Repair &amp; Colour Mask Hair Care Gift Set - Hair Deluxe<\/title>\n<meta name=\"robots\" content=\"index, follow, max-snippet:-1, max-image-preview:large, max-video-preview:-1\" \/>\n<link rel=\"canonical\" href=\"https:\/\/hairdeluxe.ee\/en\/product\/balmain-hair-juukseid-sugavtaastav-ja-saraandev-komplekt-overnight-repair-colour-mask-hair-care-gift-set\/\" \/>\n<meta property=\"og:locale\" content=\"en_US\" \/>\n<meta property=\"og:type\" content=\"article\" \/>\n<meta property=\"og:title\" content=\"BALMAIN HAIR juukseid s\u00fcgavtaastav ja s\u00e4raandev komplekt \/ Overnight Repair &amp; Colour Mask Hair Care Gift Set - Hair Deluxe\" \/>\n<meta property=\"og:description\" content=\"Piiratud v\u00e4ljaande raames loodud \u00f6ine taastav juuste hoolduskomplekt taastava seerumi ja niisutava taastava juuksev\u00e4rvi maskiga, mis annab juustele eluj\u00f5udu ning s\u00fcgavniisutust.  Intensiivne niisutus ja elastsuse suurendamine S\u00fcgavhooldus kuivadele ja kahjustatud juustele  Piiratud v\u00e4ljaande \u00f6ine taastav hoolduskomplekt on eksklusiivne salongikvaliteediga hooldus, mis on loodud juuste taaselustamiseks. Mitmek\u00fclgne koostis v\u00f5imaldab seerumit maskiga segada, et neid intensiivselt toita, j\u00e4ttes juuksed siidiseks, s\u00e4ravaks ja s\u00fcgavalt taastatuks. T\u00e4iuslik kingitus ja t\u00f5eline hoolitsushetk. Komplekt sisaldab:    Kingituskarp  Overnight Repair Serum, 30 ml  Moisturizing Repair Mask, 200 ml\" \/>\n<meta property=\"og:url\" content=\"https:\/\/hairdeluxe.ee\/en\/product\/balmain-hair-juukseid-sugavtaastav-ja-saraandev-komplekt-overnight-repair-colour-mask-hair-care-gift-set\/\" \/>\n<meta property=\"og:site_name\" content=\"Hair Deluxe\" \/>\n<meta property=\"article:publisher\" content=\"https:\/\/www.facebook.com\/blowbartallinn\" \/>\n<meta property=\"article:modified_time\" content=\"2025-10-07T21:06:45+00:00\" \/>\n<meta property=\"og:image\" content=\"https:\/\/hairdeluxe.ee\/wp-content\/uploads\/2025\/09\/balmainhair_care_limitededition_overnight_repair_care_set_le_cs_s_or_c_set_c4_25_mood_01_800x800.jpg\" \/>\n\t<meta property=\"og:image:width\" content=\"800\" \/>\n\t<meta property=\"og:image:height\" content=\"800\" \/>\n\t<meta property=\"og:image:type\" content=\"image\/jpeg\" \/>\n<meta name=\"twitter:card\" content=\"summary_large_image\" \/>\n<meta name=\"twitter:label1\" content=\"Est. reading time\" \/>\n\t<meta name=\"twitter:data1\" content=\"1 minute\" \/>\n<script type=\"application\/ld+json\" class=\"yoast-schema-graph\">{\"@context\":\"https:\\\/\\\/schema.org\",\"@graph\":[{\"@type\":\"WebPage\",\"@id\":\"https:\\\/\\\/hairdeluxe.ee\\\/en\\\/product\\\/balmain-hair-juukseid-sugavtaastav-ja-saraandev-komplekt-overnight-repair-colour-mask-hair-care-gift-set\\\/\",\"url\":\"https:\\\/\\\/hairdeluxe.ee\\\/en\\\/product\\\/balmain-hair-juukseid-sugavtaastav-ja-saraandev-komplekt-overnight-repair-colour-mask-hair-care-gift-set\\\/\",\"name\":\"BALMAIN HAIR juukseid s\u00fcgavtaastav ja s\u00e4raandev komplekt \\\/ Overnight Repair & Colour Mask Hair Care Gift Set - Hair Deluxe\",\"isPartOf\":{\"@id\":\"https:\\\/\\\/hairdeluxe.ee\\\/en\\\/#website\"},\"primaryImageOfPage\":{\"@id\":\"https:\\\/\\\/hairdeluxe.ee\\\/en\\\/product\\\/balmain-hair-juukseid-sugavtaastav-ja-saraandev-komplekt-overnight-repair-colour-mask-hair-care-gift-set\\\/#primaryimage\"},\"image\":{\"@id\":\"https:\\\/\\\/hairdeluxe.ee\\\/en\\\/product\\\/balmain-hair-juukseid-sugavtaastav-ja-saraandev-komplekt-overnight-repair-colour-mask-hair-care-gift-set\\\/#primaryimage\"},\"thumbnailUrl\":\"https:\\\/\\\/hairdeluxe.ee\\\/wp-content\\\/uploads\\\/2025\\\/09\\\/balmainhair_care_limitededition_overnight_repair_care_set_le_cs_s_or_c_set_c4_25_mood_01_800x800.jpg\",\"datePublished\":\"2025-09-20T20:21:27+00:00\",\"dateModified\":\"2025-10-07T21:06:45+00:00\",\"breadcrumb\":{\"@id\":\"https:\\\/\\\/hairdeluxe.ee\\\/en\\\/product\\\/balmain-hair-juukseid-sugavtaastav-ja-saraandev-komplekt-overnight-repair-colour-mask-hair-care-gift-set\\\/#breadcrumb\"},\"inLanguage\":\"en-US\",\"potentialAction\":[{\"@type\":\"ReadAction\",\"target\":[\"https:\\\/\\\/hairdeluxe.ee\\\/en\\\/product\\\/balmain-hair-juukseid-sugavtaastav-ja-saraandev-komplekt-overnight-repair-colour-mask-hair-care-gift-set\\\/\"]}]},{\"@type\":\"ImageObject\",\"inLanguage\":\"en-US\",\"@id\":\"https:\\\/\\\/hairdeluxe.ee\\\/en\\\/product\\\/balmain-hair-juukseid-sugavtaastav-ja-saraandev-komplekt-overnight-repair-colour-mask-hair-care-gift-set\\\/#primaryimage\",\"url\":\"https:\\\/\\\/hairdeluxe.ee\\\/wp-content\\\/uploads\\\/2025\\\/09\\\/balmainhair_care_limitededition_overnight_repair_care_set_le_cs_s_or_c_set_c4_25_mood_01_800x800.jpg\",\"contentUrl\":\"https:\\\/\\\/hairdeluxe.ee\\\/wp-content\\\/uploads\\\/2025\\\/09\\\/balmainhair_care_limitededition_overnight_repair_care_set_le_cs_s_or_c_set_c4_25_mood_01_800x800.jpg\",\"width\":800,\"height\":800},{\"@type\":\"BreadcrumbList\",\"@id\":\"https:\\\/\\\/hairdeluxe.ee\\\/en\\\/product\\\/balmain-hair-juukseid-sugavtaastav-ja-saraandev-komplekt-overnight-repair-colour-mask-hair-care-gift-set\\\/#breadcrumb\",\"itemListElement\":[{\"@type\":\"ListItem\",\"position\":1,\"name\":\"Home\",\"item\":\"https:\\\/\\\/hairdeluxe.ee\\\/en\\\/\"},{\"@type\":\"ListItem\",\"position\":2,\"name\":\"Shop\",\"item\":\"https:\\\/\\\/hairdeluxe.ee\\\/en\\\/shop\\\/\"},{\"@type\":\"ListItem\",\"position\":3,\"name\":\"BALMAIN HAIR juukseid s\u00fcgavtaastav ja s\u00e4raandev komplekt \\\/ Overnight Repair &#038; Colour Mask Hair Care Gift Set\"}]},{\"@type\":\"WebSite\",\"@id\":\"https:\\\/\\\/hairdeluxe.ee\\\/en\\\/#website\",\"url\":\"https:\\\/\\\/hairdeluxe.ee\\\/en\\\/\",\"name\":\"Hair Deluxe\",\"description\":\"Highlight your natural beauty\",\"publisher\":{\"@id\":\"https:\\\/\\\/hairdeluxe.ee\\\/en\\\/#organization\"},\"potentialAction\":[{\"@type\":\"SearchAction\",\"target\":{\"@type\":\"EntryPoint\",\"urlTemplate\":\"https:\\\/\\\/hairdeluxe.ee\\\/en\\\/?s={search_term_string}\"},\"query-input\":{\"@type\":\"PropertyValueSpecification\",\"valueRequired\":true,\"valueName\":\"search_term_string\"}}],\"inLanguage\":\"en-US\"},{\"@type\":\"Organization\",\"@id\":\"https:\\\/\\\/hairdeluxe.ee\\\/en\\\/#organization\",\"name\":\"Hair Deluxe\",\"url\":\"https:\\\/\\\/hairdeluxe.ee\\\/en\\\/\",\"logo\":{\"@type\":\"ImageObject\",\"inLanguage\":\"en-US\",\"@id\":\"https:\\\/\\\/hairdeluxe.ee\\\/en\\\/#\\\/schema\\\/logo\\\/image\\\/\",\"url\":\"https:\\\/\\\/hairdeluxe.ee\\\/wp-content\\\/uploads\\\/2024\\\/06\\\/Hair-Deluxe-Logo-Dark-font.png\",\"contentUrl\":\"https:\\\/\\\/hairdeluxe.ee\\\/wp-content\\\/uploads\\\/2024\\\/06\\\/Hair-Deluxe-Logo-Dark-font.png\",\"width\":467,\"height\":177,\"caption\":\"Hair Deluxe\"},\"image\":{\"@id\":\"https:\\\/\\\/hairdeluxe.ee\\\/en\\\/#\\\/schema\\\/logo\\\/image\\\/\"},\"sameAs\":[\"https:\\\/\\\/www.facebook.com\\\/blowbartallinn\",\"https:\\\/\\\/www.instagram.com\\\/blowbar_tallinn\"]}]}<\/script>\n<!-- \/ Yoast SEO plugin. -->","yoast_head_json":{"title":"BALMAIN HAIR juukseid s\u00fcgavtaastav ja s\u00e4raandev komplekt \/ Overnight Repair & Colour Mask Hair Care Gift Set - Hair Deluxe","robots":{"index":"index","follow":"follow","max-snippet":"max-snippet:-1","max-image-preview":"max-image-preview:large","max-video-preview":"max-video-preview:-1"},"canonical":"https:\/\/hairdeluxe.ee\/en\/product\/balmain-hair-juukseid-sugavtaastav-ja-saraandev-komplekt-overnight-repair-colour-mask-hair-care-gift-set\/","og_locale":"en_US","og_type":"article","og_title":"BALMAIN HAIR juukseid s\u00fcgavtaastav ja s\u00e4raandev komplekt \/ Overnight Repair & Colour Mask Hair Care Gift Set - Hair Deluxe","og_description":"Piiratud v\u00e4ljaande raames loodud \u00f6ine taastav juuste hoolduskomplekt taastava seerumi ja niisutava taastava juuksev\u00e4rvi maskiga, mis annab juustele eluj\u00f5udu ning s\u00fcgavniisutust.  Intensiivne niisutus ja elastsuse suurendamine S\u00fcgavhooldus kuivadele ja kahjustatud juustele  Piiratud v\u00e4ljaande \u00f6ine taastav hoolduskomplekt on eksklusiivne salongikvaliteediga hooldus, mis on loodud juuste taaselustamiseks. Mitmek\u00fclgne koostis v\u00f5imaldab seerumit maskiga segada, et neid intensiivselt toita, j\u00e4ttes juuksed siidiseks, s\u00e4ravaks ja s\u00fcgavalt taastatuks. T\u00e4iuslik kingitus ja t\u00f5eline hoolitsushetk. Komplekt sisaldab:    Kingituskarp  Overnight Repair Serum, 30 ml  Moisturizing Repair Mask, 200 ml","og_url":"https:\/\/hairdeluxe.ee\/en\/product\/balmain-hair-juukseid-sugavtaastav-ja-saraandev-komplekt-overnight-repair-colour-mask-hair-care-gift-set\/","og_site_name":"Hair Deluxe","article_publisher":"https:\/\/www.facebook.com\/blowbartallinn","article_modified_time":"2025-10-07T21:06:45+00:00","og_image":[{"width":800,"height":800,"url":"https:\/\/hairdeluxe.ee\/wp-content\/uploads\/2025\/09\/balmainhair_care_limitededition_overnight_repair_care_set_le_cs_s_or_c_set_c4_25_mood_01_800x800.jpg","type":"image\/jpeg"}],"twitter_card":"summary_large_image","twitter_misc":{"Est. reading time":"1 minute"},"schema":{"@context":"https:\/\/schema.org","@graph":[{"@type":"WebPage","@id":"https:\/\/hairdeluxe.ee\/en\/product\/balmain-hair-juukseid-sugavtaastav-ja-saraandev-komplekt-overnight-repair-colour-mask-hair-care-gift-set\/","url":"https:\/\/hairdeluxe.ee\/en\/product\/balmain-hair-juukseid-sugavtaastav-ja-saraandev-komplekt-overnight-repair-colour-mask-hair-care-gift-set\/","name":"BALMAIN HAIR juukseid s\u00fcgavtaastav ja s\u00e4raandev komplekt \/ Overnight Repair & Colour Mask Hair Care Gift Set - Hair Deluxe","isPartOf":{"@id":"https:\/\/hairdeluxe.ee\/en\/#website"},"primaryImageOfPage":{"@id":"https:\/\/hairdeluxe.ee\/en\/product\/balmain-hair-juukseid-sugavtaastav-ja-saraandev-komplekt-overnight-repair-colour-mask-hair-care-gift-set\/#primaryimage"},"image":{"@id":"https:\/\/hairdeluxe.ee\/en\/product\/balmain-hair-juukseid-sugavtaastav-ja-saraandev-komplekt-overnight-repair-colour-mask-hair-care-gift-set\/#primaryimage"},"thumbnailUrl":"https:\/\/hairdeluxe.ee\/wp-content\/uploads\/2025\/09\/balmainhair_care_limitededition_overnight_repair_care_set_le_cs_s_or_c_set_c4_25_mood_01_800x800.jpg","datePublished":"2025-09-20T20:21:27+00:00","dateModified":"2025-10-07T21:06:45+00:00","breadcrumb":{"@id":"https:\/\/hairdeluxe.ee\/en\/product\/balmain-hair-juukseid-sugavtaastav-ja-saraandev-komplekt-overnight-repair-colour-mask-hair-care-gift-set\/#breadcrumb"},"inLanguage":"en-US","potentialAction":[{"@type":"ReadAction","target":["https:\/\/hairdeluxe.ee\/en\/product\/balmain-hair-juukseid-sugavtaastav-ja-saraandev-komplekt-overnight-repair-colour-mask-hair-care-gift-set\/"]}]},{"@type":"ImageObject","inLanguage":"en-US","@id":"https:\/\/hairdeluxe.ee\/en\/product\/balmain-hair-juukseid-sugavtaastav-ja-saraandev-komplekt-overnight-repair-colour-mask-hair-care-gift-set\/#primaryimage","url":"https:\/\/hairdeluxe.ee\/wp-content\/uploads\/2025\/09\/balmainhair_care_limitededition_overnight_repair_care_set_le_cs_s_or_c_set_c4_25_mood_01_800x800.jpg","contentUrl":"https:\/\/hairdeluxe.ee\/wp-content\/uploads\/2025\/09\/balmainhair_care_limitededition_overnight_repair_care_set_le_cs_s_or_c_set_c4_25_mood_01_800x800.jpg","width":800,"height":800},{"@type":"BreadcrumbList","@id":"https:\/\/hairdeluxe.ee\/en\/product\/balmain-hair-juukseid-sugavtaastav-ja-saraandev-komplekt-overnight-repair-colour-mask-hair-care-gift-set\/#breadcrumb","itemListElement":[{"@type":"ListItem","position":1,"name":"Home","item":"https:\/\/hairdeluxe.ee\/en\/"},{"@type":"ListItem","position":2,"name":"Shop","item":"https:\/\/hairdeluxe.ee\/en\/shop\/"},{"@type":"ListItem","position":3,"name":"BALMAIN HAIR juukseid s\u00fcgavtaastav ja s\u00e4raandev komplekt \/ Overnight Repair &#038; Colour Mask Hair Care Gift Set"}]},{"@type":"WebSite","@id":"https:\/\/hairdeluxe.ee\/en\/#website","url":"https:\/\/hairdeluxe.ee\/en\/","name":"Hair Deluxe","description":"Highlight your natural beauty","publisher":{"@id":"https:\/\/hairdeluxe.ee\/en\/#organization"},"potentialAction":[{"@type":"SearchAction","target":{"@type":"EntryPoint","urlTemplate":"https:\/\/hairdeluxe.ee\/en\/?s={search_term_string}"},"query-input":{"@type":"PropertyValueSpecification","valueRequired":true,"valueName":"search_term_string"}}],"inLanguage":"en-US"},{"@type":"Organization","@id":"https:\/\/hairdeluxe.ee\/en\/#organization","name":"Hair Deluxe","url":"https:\/\/hairdeluxe.ee\/en\/","logo":{"@type":"ImageObject","inLanguage":"en-US","@id":"https:\/\/hairdeluxe.ee\/en\/#\/schema\/logo\/image\/","url":"https:\/\/hairdeluxe.ee\/wp-content\/uploads\/2024\/06\/Hair-Deluxe-Logo-Dark-font.png","contentUrl":"https:\/\/hairdeluxe.ee\/wp-content\/uploads\/2024\/06\/Hair-Deluxe-Logo-Dark-font.png","width":467,"height":177,"caption":"Hair Deluxe"},"image":{"@id":"https:\/\/hairdeluxe.ee\/en\/#\/schema\/logo\/image\/"},"sameAs":["https:\/\/www.facebook.com\/blowbartallinn","https:\/\/www.instagram.com\/blowbar_tallinn"]}]}},"_links":{"self":[{"href":"https:\/\/hairdeluxe.ee\/en\/wp-json\/wp\/v2\/product\/52235","targetHints":{"allow":["GET"]}}],"collection":[{"href":"https:\/\/hairdeluxe.ee\/en\/wp-json\/wp\/v2\/product"}],"about":[{"href":"https:\/\/hairdeluxe.ee\/en\/wp-json\/wp\/v2\/types\/product"}],"wp:featuredmedia":[{"embeddable":true,"href":"https:\/\/hairdeluxe.ee\/en\/wp-json\/wp\/v2\/media\/52749"}],"wp:attachment":[{"href":"https:\/\/hairdeluxe.ee\/en\/wp-json\/wp\/v2\/media?parent=52235"}],"wp:term":[{"taxonomy":"product_brand","embeddable":true,"href":"https:\/\/hairdeluxe.ee\/en\/wp-json\/wp\/v2\/product_brand?post=52235"},{"taxonomy":"product_cat","embeddable":true,"href":"https:\/\/hairdeluxe.ee\/en\/wp-json\/wp\/v2\/product_cat?post=52235"},{"taxonomy":"product_tag","embeddable":true,"href":"https:\/\/hairdeluxe.ee\/en\/wp-json\/wp\/v2\/product_tag?post=52235"}],"curies":[{"name":"wp","href":"https:\/\/api.w.org\/{rel}","templated":true}]}}