{"id":52304,"date":"2025-09-20T20:22:02","date_gmt":"2025-09-20T20:22:02","guid":{"rendered":"https:\/\/hairdeluxe.ee\/?post_type=product&#038;p=52304"},"modified":"2025-10-07T21:06:45","modified_gmt":"2025-10-07T21:06:45","slug":"balmain-hair-slik-soengu-loomise-komplekt-professional-styling-set","status":"publish","type":"product","link":"https:\/\/hairdeluxe.ee\/en\/product\/balmain-hair-slik-soengu-loomise-komplekt-professional-styling-set\/","title":{"rendered":"BALMAIN HAIR slik-soengu loomise komplekt \/ Professional Styling Set"},"content":{"rendered":"<div class=\"product-info-main is_stuck\">\n<div class=\"details\">\n<div class=\"product attribute product-attribute attribute-collapse description\">\n<div id=\"description\" class=\"attribute_value collapse show\">\n<p><strong>The set contains:<\/strong><\/p>\n<p>Moisturizing Styling Cream 150 ml<\/p>\n<p>This formula is the ultimate base for any hairstyle. Designed to reduce frizziness and blow-dry time, this cream works as a daily moisturizer for your hair. It gives perfect hold, while adding volume, shine and a reworkable hold.<\/p>\n<p>Styling Gel Maximum Hold 100 ml<\/p>\n<p>A high-performance styling gel with maximum hold, designed to create long-lasting looks on both wet and dry hair. Its lightweight, water-based formula enhances shine and rinses out effortlessly.<\/p>\n<p>Boar Hair Backcomb Brush<\/p>\n<p>A boar bristle brush designed to perfect sleek-back styles while caring for the hair. It gently distributes natural oils from root, helping smooth frizz, add shine, and restore moisture.<\/p>\n<p><strong>Ingredients:<\/strong><\/p>\n<p>Moisturizing Styling Cream 150ml:<\/p>\n<p>Aqua, Propylene Glycol, Cetyl Alcohol, Ethylhexyl Palmitate, Glyceryl Stearate, Ceteareth-20, Argania Spinosa Kernel Oil, Silk Amino Acids, Panthenol, Tocopheryl Acetate, Hydrolyzed Vegetable Protein PG-propyl Silanetriol, Cetrimonium Chloride, Polyquaternium-7, Ethylhexyl Methoxycinnamate, Dimethicone, Polyquaternium-37, Propylene Glycol Dicaprylate\/Dicaprate, PPG-1 Trideceth-6, Parfum, Phenoxyethanol, Ethylhexylglycerin, Potassium Sorbate, Disodium EDTA<\/p>\n<p>Styling Gel Maximum Hold 100ml:<\/p>\n<p>Aqua, Alcohol Denat, VP\/VA Copolymer, Polyquaternium-69, Propanediol, PVP, PEG-40 Hydrogenated Castor Oil, Argania Spinosa Kernel Oil, Silk Amino Acids, Panthenol, Polysorbate 20, Parfum, Pantolactone, Phenoxyethanol, Ethylhexylglycerin, Acrylates\/C10-30 Alkyl Acrylate Crosspolymer, Benzophenone-4, Benzoic Acid, Tetrasodium EDTA, Aminomethyl Propanol, Citric Acid.<\/p>\n<\/div>\n<\/div>\n<\/div>\n<\/div>\n","protected":false},"excerpt":{"rendered":"<div>Loo veatu, sile (slik) soeng piiratud v\u00e4ljaandega Muse de la F\u00eate professionaalse soengukomplektiga, mis sisaldab niisutavat soengukreemi, maksimaalse fikseerimisega juuksegeeli ja metsseakarvadega tupeerimise kammiharja.<\/div>\n<div>Juuksekreem ja juuksegeel koos tagavad pikaajalise kontrolli ja niisutuse sinu soengus, samas kui metsseakarvadega tupeerimishari silub juukseid teravate ja defineeritud joonte ning poleeritud viimistluse saavutamiseks.<\/div>\n<div><\/div>\n<div>Olenemata sellest, kas soovid siledat v\u00f5i m\u00e4rja efektiga soengut, sellel komplektil ei ole piire. Kanna soengu ettevalmistamiseks juustesse niisutavat soengukreemi ja viimistle soengu v\u00e4limus maksimaalset fikseeringut tagava soengugeeliga.<\/p>\n<p>\u00dckski soengu v\u00e4limus ei saa olla t\u00e4iuslik ilma tupeerimise kammiharjata, mis on komplektis kaasas. Professionaalse tulemuse tunnet pole kunagi varem nii lihtne iseseisvalt saavutada.<\/p><\/div>\n<p data-start=\"1244\" data-end=\"1264\"><strong>Komplekt sisaldab:<\/strong><\/p>\n<ul>\n<li>Moisturizing Styling Cream, 150 ml<\/li>\n<li data-start=\"1306\" data-end=\"1340\">Styling Gel Maximum Hold, 100 ml<\/li>\n<li data-start=\"1343\" data-end=\"1394\">Limited Professional Boar Hair Brush, Cosmic Blue<\/li>\n<\/ul>\n","protected":false},"featured_media":52757,"template":"","meta":[],"product_brand":[464],"product_cat":[266,129,130,192],"product_tag":[],"class_list":{"0":"post-52304","1":"product","2":"type-product","3":"status-publish","4":"has-post-thumbnail","6":"product_brand-balmain-hair","7":"product_cat-balmain-hair","8":"product_cat-kingitused","9":"product_cat-kinkekomplektid","10":"product_cat-uued-tooted","12":"first","13":"instock","14":"taxable","15":"shipping-taxable","16":"purchasable","17":"product-type-simple","18":"add-to-wishlist-after_add_to_cart"},"yoast_head":"<!-- This site is optimized with the Yoast SEO plugin v27.5 - https:\/\/yoast.com\/product\/yoast-seo-wordpress\/ -->\n<title>BALMAIN HAIR slik-soengu loomise komplekt \/ Professional Styling Set - Hair Deluxe<\/title>\n<meta name=\"robots\" content=\"index, follow, max-snippet:-1, max-image-preview:large, max-video-preview:-1\" \/>\n<link rel=\"canonical\" href=\"https:\/\/hairdeluxe.ee\/en\/product\/balmain-hair-slik-soengu-loomise-komplekt-professional-styling-set\/\" \/>\n<meta property=\"og:locale\" content=\"en_US\" \/>\n<meta property=\"og:type\" content=\"article\" \/>\n<meta property=\"og:title\" content=\"BALMAIN HAIR slik-soengu loomise komplekt \/ Professional Styling Set - Hair Deluxe\" \/>\n<meta property=\"og:description\" content=\"Loo veatu, sile (slik) soeng piiratud v\u00e4ljaandega Muse de la F\u00eate professionaalse soengukomplektiga, mis sisaldab niisutavat soengukreemi, maksimaalse fikseerimisega juuksegeeli ja metsseakarvadega tupeerimise kammiharja. Juuksekreem ja juuksegeel koos tagavad pikaajalise kontrolli ja niisutuse sinu soengus, samas kui metsseakarvadega tupeerimishari silub juukseid teravate ja defineeritud joonte ning poleeritud viimistluse saavutamiseks.  Olenemata sellest, kas soovid siledat v\u00f5i m\u00e4rja efektiga soengut, sellel komplektil ei ole piire. Kanna soengu ettevalmistamiseks juustesse niisutavat soengukreemi ja viimistle soengu v\u00e4limus maksimaalset fikseeringut tagava soengugeeliga. \u00dckski soengu v\u00e4limus ei saa olla t\u00e4iuslik ilma tupeerimise kammiharjata, mis on komplektis kaasas. Professionaalse tulemuse tunnet pole kunagi varem nii lihtne iseseisvalt saavutada. Komplekt sisaldab:    Moisturizing Styling Cream, 150 ml  Styling Gel Maximum Hold, 100 ml  Limited Professional Boar Hair Brush, Cosmic Blue\" \/>\n<meta property=\"og:url\" content=\"https:\/\/hairdeluxe.ee\/en\/product\/balmain-hair-slik-soengu-loomise-komplekt-professional-styling-set\/\" \/>\n<meta property=\"og:site_name\" content=\"Hair Deluxe\" \/>\n<meta property=\"article:publisher\" content=\"https:\/\/www.facebook.com\/blowbartallinn\" \/>\n<meta property=\"article:modified_time\" content=\"2025-10-07T21:06:45+00:00\" \/>\n<meta property=\"og:image\" content=\"https:\/\/hairdeluxe.ee\/wp-content\/uploads\/2025\/09\/balmainhair_carestyling_stylingset_le_cs_s_s_set_c4_25_01_800x800.jpg\" \/>\n\t<meta property=\"og:image:width\" content=\"800\" \/>\n\t<meta property=\"og:image:height\" content=\"800\" \/>\n\t<meta property=\"og:image:type\" content=\"image\/jpeg\" \/>\n<meta name=\"twitter:card\" content=\"summary_large_image\" \/>\n<meta name=\"twitter:label1\" content=\"Est. reading time\" \/>\n\t<meta name=\"twitter:data1\" content=\"1 minute\" \/>\n<script type=\"application\/ld+json\" class=\"yoast-schema-graph\">{\"@context\":\"https:\\\/\\\/schema.org\",\"@graph\":[{\"@type\":\"WebPage\",\"@id\":\"https:\\\/\\\/hairdeluxe.ee\\\/en\\\/product\\\/balmain-hair-slik-soengu-loomise-komplekt-professional-styling-set\\\/\",\"url\":\"https:\\\/\\\/hairdeluxe.ee\\\/en\\\/product\\\/balmain-hair-slik-soengu-loomise-komplekt-professional-styling-set\\\/\",\"name\":\"BALMAIN HAIR slik-soengu loomise komplekt \\\/ Professional Styling Set - Hair Deluxe\",\"isPartOf\":{\"@id\":\"https:\\\/\\\/hairdeluxe.ee\\\/en\\\/#website\"},\"primaryImageOfPage\":{\"@id\":\"https:\\\/\\\/hairdeluxe.ee\\\/en\\\/product\\\/balmain-hair-slik-soengu-loomise-komplekt-professional-styling-set\\\/#primaryimage\"},\"image\":{\"@id\":\"https:\\\/\\\/hairdeluxe.ee\\\/en\\\/product\\\/balmain-hair-slik-soengu-loomise-komplekt-professional-styling-set\\\/#primaryimage\"},\"thumbnailUrl\":\"https:\\\/\\\/hairdeluxe.ee\\\/wp-content\\\/uploads\\\/2025\\\/09\\\/balmainhair_carestyling_stylingset_le_cs_s_s_set_c4_25_01_800x800.jpg\",\"datePublished\":\"2025-09-20T20:22:02+00:00\",\"dateModified\":\"2025-10-07T21:06:45+00:00\",\"breadcrumb\":{\"@id\":\"https:\\\/\\\/hairdeluxe.ee\\\/en\\\/product\\\/balmain-hair-slik-soengu-loomise-komplekt-professional-styling-set\\\/#breadcrumb\"},\"inLanguage\":\"en-US\",\"potentialAction\":[{\"@type\":\"ReadAction\",\"target\":[\"https:\\\/\\\/hairdeluxe.ee\\\/en\\\/product\\\/balmain-hair-slik-soengu-loomise-komplekt-professional-styling-set\\\/\"]}]},{\"@type\":\"ImageObject\",\"inLanguage\":\"en-US\",\"@id\":\"https:\\\/\\\/hairdeluxe.ee\\\/en\\\/product\\\/balmain-hair-slik-soengu-loomise-komplekt-professional-styling-set\\\/#primaryimage\",\"url\":\"https:\\\/\\\/hairdeluxe.ee\\\/wp-content\\\/uploads\\\/2025\\\/09\\\/balmainhair_carestyling_stylingset_le_cs_s_s_set_c4_25_01_800x800.jpg\",\"contentUrl\":\"https:\\\/\\\/hairdeluxe.ee\\\/wp-content\\\/uploads\\\/2025\\\/09\\\/balmainhair_carestyling_stylingset_le_cs_s_s_set_c4_25_01_800x800.jpg\",\"width\":800,\"height\":800},{\"@type\":\"BreadcrumbList\",\"@id\":\"https:\\\/\\\/hairdeluxe.ee\\\/en\\\/product\\\/balmain-hair-slik-soengu-loomise-komplekt-professional-styling-set\\\/#breadcrumb\",\"itemListElement\":[{\"@type\":\"ListItem\",\"position\":1,\"name\":\"Home\",\"item\":\"https:\\\/\\\/hairdeluxe.ee\\\/en\\\/\"},{\"@type\":\"ListItem\",\"position\":2,\"name\":\"Shop\",\"item\":\"https:\\\/\\\/hairdeluxe.ee\\\/en\\\/shop\\\/\"},{\"@type\":\"ListItem\",\"position\":3,\"name\":\"BALMAIN HAIR slik-soengu loomise komplekt \\\/ Professional Styling Set\"}]},{\"@type\":\"WebSite\",\"@id\":\"https:\\\/\\\/hairdeluxe.ee\\\/en\\\/#website\",\"url\":\"https:\\\/\\\/hairdeluxe.ee\\\/en\\\/\",\"name\":\"Hair Deluxe\",\"description\":\"Highlight your natural beauty\",\"publisher\":{\"@id\":\"https:\\\/\\\/hairdeluxe.ee\\\/en\\\/#organization\"},\"potentialAction\":[{\"@type\":\"SearchAction\",\"target\":{\"@type\":\"EntryPoint\",\"urlTemplate\":\"https:\\\/\\\/hairdeluxe.ee\\\/en\\\/?s={search_term_string}\"},\"query-input\":{\"@type\":\"PropertyValueSpecification\",\"valueRequired\":true,\"valueName\":\"search_term_string\"}}],\"inLanguage\":\"en-US\"},{\"@type\":\"Organization\",\"@id\":\"https:\\\/\\\/hairdeluxe.ee\\\/en\\\/#organization\",\"name\":\"Hair Deluxe\",\"url\":\"https:\\\/\\\/hairdeluxe.ee\\\/en\\\/\",\"logo\":{\"@type\":\"ImageObject\",\"inLanguage\":\"en-US\",\"@id\":\"https:\\\/\\\/hairdeluxe.ee\\\/en\\\/#\\\/schema\\\/logo\\\/image\\\/\",\"url\":\"https:\\\/\\\/hairdeluxe.ee\\\/wp-content\\\/uploads\\\/2024\\\/06\\\/Hair-Deluxe-Logo-Dark-font.png\",\"contentUrl\":\"https:\\\/\\\/hairdeluxe.ee\\\/wp-content\\\/uploads\\\/2024\\\/06\\\/Hair-Deluxe-Logo-Dark-font.png\",\"width\":467,\"height\":177,\"caption\":\"Hair Deluxe\"},\"image\":{\"@id\":\"https:\\\/\\\/hairdeluxe.ee\\\/en\\\/#\\\/schema\\\/logo\\\/image\\\/\"},\"sameAs\":[\"https:\\\/\\\/www.facebook.com\\\/blowbartallinn\",\"https:\\\/\\\/www.instagram.com\\\/blowbar_tallinn\"]}]}<\/script>\n<!-- \/ Yoast SEO plugin. -->","yoast_head_json":{"title":"BALMAIN HAIR slik-soengu loomise komplekt \/ Professional Styling Set - Hair Deluxe","robots":{"index":"index","follow":"follow","max-snippet":"max-snippet:-1","max-image-preview":"max-image-preview:large","max-video-preview":"max-video-preview:-1"},"canonical":"https:\/\/hairdeluxe.ee\/en\/product\/balmain-hair-slik-soengu-loomise-komplekt-professional-styling-set\/","og_locale":"en_US","og_type":"article","og_title":"BALMAIN HAIR slik-soengu loomise komplekt \/ Professional Styling Set - Hair Deluxe","og_description":"Loo veatu, sile (slik) soeng piiratud v\u00e4ljaandega Muse de la F\u00eate professionaalse soengukomplektiga, mis sisaldab niisutavat soengukreemi, maksimaalse fikseerimisega juuksegeeli ja metsseakarvadega tupeerimise kammiharja. Juuksekreem ja juuksegeel koos tagavad pikaajalise kontrolli ja niisutuse sinu soengus, samas kui metsseakarvadega tupeerimishari silub juukseid teravate ja defineeritud joonte ning poleeritud viimistluse saavutamiseks.  Olenemata sellest, kas soovid siledat v\u00f5i m\u00e4rja efektiga soengut, sellel komplektil ei ole piire. Kanna soengu ettevalmistamiseks juustesse niisutavat soengukreemi ja viimistle soengu v\u00e4limus maksimaalset fikseeringut tagava soengugeeliga. \u00dckski soengu v\u00e4limus ei saa olla t\u00e4iuslik ilma tupeerimise kammiharjata, mis on komplektis kaasas. Professionaalse tulemuse tunnet pole kunagi varem nii lihtne iseseisvalt saavutada. Komplekt sisaldab:    Moisturizing Styling Cream, 150 ml  Styling Gel Maximum Hold, 100 ml  Limited Professional Boar Hair Brush, Cosmic Blue","og_url":"https:\/\/hairdeluxe.ee\/en\/product\/balmain-hair-slik-soengu-loomise-komplekt-professional-styling-set\/","og_site_name":"Hair Deluxe","article_publisher":"https:\/\/www.facebook.com\/blowbartallinn","article_modified_time":"2025-10-07T21:06:45+00:00","og_image":[{"width":800,"height":800,"url":"https:\/\/hairdeluxe.ee\/wp-content\/uploads\/2025\/09\/balmainhair_carestyling_stylingset_le_cs_s_s_set_c4_25_01_800x800.jpg","type":"image\/jpeg"}],"twitter_card":"summary_large_image","twitter_misc":{"Est. reading time":"1 minute"},"schema":{"@context":"https:\/\/schema.org","@graph":[{"@type":"WebPage","@id":"https:\/\/hairdeluxe.ee\/en\/product\/balmain-hair-slik-soengu-loomise-komplekt-professional-styling-set\/","url":"https:\/\/hairdeluxe.ee\/en\/product\/balmain-hair-slik-soengu-loomise-komplekt-professional-styling-set\/","name":"BALMAIN HAIR slik-soengu loomise komplekt \/ Professional Styling Set - Hair Deluxe","isPartOf":{"@id":"https:\/\/hairdeluxe.ee\/en\/#website"},"primaryImageOfPage":{"@id":"https:\/\/hairdeluxe.ee\/en\/product\/balmain-hair-slik-soengu-loomise-komplekt-professional-styling-set\/#primaryimage"},"image":{"@id":"https:\/\/hairdeluxe.ee\/en\/product\/balmain-hair-slik-soengu-loomise-komplekt-professional-styling-set\/#primaryimage"},"thumbnailUrl":"https:\/\/hairdeluxe.ee\/wp-content\/uploads\/2025\/09\/balmainhair_carestyling_stylingset_le_cs_s_s_set_c4_25_01_800x800.jpg","datePublished":"2025-09-20T20:22:02+00:00","dateModified":"2025-10-07T21:06:45+00:00","breadcrumb":{"@id":"https:\/\/hairdeluxe.ee\/en\/product\/balmain-hair-slik-soengu-loomise-komplekt-professional-styling-set\/#breadcrumb"},"inLanguage":"en-US","potentialAction":[{"@type":"ReadAction","target":["https:\/\/hairdeluxe.ee\/en\/product\/balmain-hair-slik-soengu-loomise-komplekt-professional-styling-set\/"]}]},{"@type":"ImageObject","inLanguage":"en-US","@id":"https:\/\/hairdeluxe.ee\/en\/product\/balmain-hair-slik-soengu-loomise-komplekt-professional-styling-set\/#primaryimage","url":"https:\/\/hairdeluxe.ee\/wp-content\/uploads\/2025\/09\/balmainhair_carestyling_stylingset_le_cs_s_s_set_c4_25_01_800x800.jpg","contentUrl":"https:\/\/hairdeluxe.ee\/wp-content\/uploads\/2025\/09\/balmainhair_carestyling_stylingset_le_cs_s_s_set_c4_25_01_800x800.jpg","width":800,"height":800},{"@type":"BreadcrumbList","@id":"https:\/\/hairdeluxe.ee\/en\/product\/balmain-hair-slik-soengu-loomise-komplekt-professional-styling-set\/#breadcrumb","itemListElement":[{"@type":"ListItem","position":1,"name":"Home","item":"https:\/\/hairdeluxe.ee\/en\/"},{"@type":"ListItem","position":2,"name":"Shop","item":"https:\/\/hairdeluxe.ee\/en\/shop\/"},{"@type":"ListItem","position":3,"name":"BALMAIN HAIR slik-soengu loomise komplekt \/ Professional Styling Set"}]},{"@type":"WebSite","@id":"https:\/\/hairdeluxe.ee\/en\/#website","url":"https:\/\/hairdeluxe.ee\/en\/","name":"Hair Deluxe","description":"Highlight your natural beauty","publisher":{"@id":"https:\/\/hairdeluxe.ee\/en\/#organization"},"potentialAction":[{"@type":"SearchAction","target":{"@type":"EntryPoint","urlTemplate":"https:\/\/hairdeluxe.ee\/en\/?s={search_term_string}"},"query-input":{"@type":"PropertyValueSpecification","valueRequired":true,"valueName":"search_term_string"}}],"inLanguage":"en-US"},{"@type":"Organization","@id":"https:\/\/hairdeluxe.ee\/en\/#organization","name":"Hair Deluxe","url":"https:\/\/hairdeluxe.ee\/en\/","logo":{"@type":"ImageObject","inLanguage":"en-US","@id":"https:\/\/hairdeluxe.ee\/en\/#\/schema\/logo\/image\/","url":"https:\/\/hairdeluxe.ee\/wp-content\/uploads\/2024\/06\/Hair-Deluxe-Logo-Dark-font.png","contentUrl":"https:\/\/hairdeluxe.ee\/wp-content\/uploads\/2024\/06\/Hair-Deluxe-Logo-Dark-font.png","width":467,"height":177,"caption":"Hair Deluxe"},"image":{"@id":"https:\/\/hairdeluxe.ee\/en\/#\/schema\/logo\/image\/"},"sameAs":["https:\/\/www.facebook.com\/blowbartallinn","https:\/\/www.instagram.com\/blowbar_tallinn"]}]}},"_links":{"self":[{"href":"https:\/\/hairdeluxe.ee\/en\/wp-json\/wp\/v2\/product\/52304","targetHints":{"allow":["GET"]}}],"collection":[{"href":"https:\/\/hairdeluxe.ee\/en\/wp-json\/wp\/v2\/product"}],"about":[{"href":"https:\/\/hairdeluxe.ee\/en\/wp-json\/wp\/v2\/types\/product"}],"wp:featuredmedia":[{"embeddable":true,"href":"https:\/\/hairdeluxe.ee\/en\/wp-json\/wp\/v2\/media\/52757"}],"wp:attachment":[{"href":"https:\/\/hairdeluxe.ee\/en\/wp-json\/wp\/v2\/media?parent=52304"}],"wp:term":[{"taxonomy":"product_brand","embeddable":true,"href":"https:\/\/hairdeluxe.ee\/en\/wp-json\/wp\/v2\/product_brand?post=52304"},{"taxonomy":"product_cat","embeddable":true,"href":"https:\/\/hairdeluxe.ee\/en\/wp-json\/wp\/v2\/product_cat?post=52304"},{"taxonomy":"product_tag","embeddable":true,"href":"https:\/\/hairdeluxe.ee\/en\/wp-json\/wp\/v2\/product_tag?post=52304"}],"curies":[{"name":"wp","href":"https:\/\/api.w.org\/{rel}","templated":true}]}}