{"id":52308,"date":"2025-09-20T20:22:03","date_gmt":"2025-09-20T20:22:03","guid":{"rendered":"https:\/\/hairdeluxe.ee\/?post_type=product&#038;p=52308"},"modified":"2025-10-07T21:06:45","modified_gmt":"2025-10-07T21:06:45","slug":"balmain-hair-juukseklamber-cosmic-shappire-m-barrette-cheveux-cosmic-sapphire-m","status":"publish","type":"product","link":"https:\/\/hairdeluxe.ee\/en\/product\/balmain-hair-juukseklamber-cosmic-shappire-m-barrette-cheveux-cosmic-sapphire-m\/","title":{"rendered":"BALMAIN HAIR juukseklamber Cosmic Shappire M \/ Barrette Cheveux Cosmic Sapphire M"},"content":{"rendered":"","protected":false},"excerpt":{"rendered":"<div>See k\u00e4sitsi valmistatud piiratud v\u00e4ljaandega Cosmic Sapphire juukseklamber on valmistatud h\u00fcpoallergeensest tselluloosatsetaadist ning seda kaunistab 18-karaadine kullatud logo ja see kinnitub kindlalt sinu soengusse erilise kuldse prantsuse lukuga.<\/div>\n<div><\/div>\n<div>\u00d6ise taeva \u00f5rnast l\u00e4ikest inspireeritud juukseklamber \u00fchendab moodsa disaini tagasihoidliku elegantsiga.<\/p>\n<p>Vastupidavast h\u00fcpoallergeensest tselluloosatsetaadist elegantses safiirsinises toonis valmistatud juukseklamber pakub p\u00fcsivat vastupidavust ja \u00f5rna s\u00e4ra.<\/p>\n<p>Sellel on elegantne kuldne lukustus, mis hoiab teie juuksed kindlalt paigal, ja seda kaunistab ikooniline 18-karaadine kullatud Balmaini &#8216;B&#8217; logo.<\/p><\/div>\n<div>Selle mitmek\u00fclgne safiirtoon sobib iga stiiliga, olgu see siis vabal ajal v\u00f5i ametlikus keskkonnas.<\/div>\n<div><\/div>\n<div>M\u00f5\u00f5tmed: Pikkus 1,70 cm \/ Laius: 9,20 cm \/ K\u00f5rgus: 1,20 cm<\/div>\n","protected":false},"featured_media":52829,"template":"","meta":[],"product_brand":[464],"product_cat":[96,266,206,129,192],"product_tag":[],"class_list":{"0":"post-52308","1":"product","2":"type-product","3":"status-publish","4":"has-post-thumbnail","6":"product_brand-balmain-hair","7":"product_cat-aksessuaarid","8":"product_cat-balmain-hair","9":"product_cat-erikollektsioonid","10":"product_cat-kingitused","11":"product_cat-uued-tooted","13":"first","14":"instock","15":"taxable","16":"shipping-taxable","17":"purchasable","18":"product-type-simple","19":"add-to-wishlist-after_add_to_cart"},"yoast_head":"<!-- This site is optimized with the Yoast SEO plugin v27.5 - https:\/\/yoast.com\/product\/yoast-seo-wordpress\/ -->\n<title>BALMAIN HAIR juukseklamber Cosmic Shappire M \/ Barrette Cheveux Cosmic Sapphire M - Hair Deluxe<\/title>\n<meta name=\"robots\" content=\"index, follow, max-snippet:-1, max-image-preview:large, max-video-preview:-1\" \/>\n<link rel=\"canonical\" href=\"https:\/\/hairdeluxe.ee\/en\/product\/balmain-hair-juukseklamber-cosmic-shappire-m-barrette-cheveux-cosmic-sapphire-m\/\" \/>\n<meta property=\"og:locale\" content=\"en_US\" \/>\n<meta property=\"og:type\" content=\"article\" \/>\n<meta property=\"og:title\" content=\"BALMAIN HAIR juukseklamber Cosmic Shappire M \/ Barrette Cheveux Cosmic Sapphire M - Hair Deluxe\" \/>\n<meta property=\"og:description\" content=\"See k\u00e4sitsi valmistatud piiratud v\u00e4ljaandega Cosmic Sapphire juukseklamber on valmistatud h\u00fcpoallergeensest tselluloosatsetaadist ning seda kaunistab 18-karaadine kullatud logo ja see kinnitub kindlalt sinu soengusse erilise kuldse prantsuse lukuga.  \u00d6ise taeva \u00f5rnast l\u00e4ikest inspireeritud juukseklamber \u00fchendab moodsa disaini tagasihoidliku elegantsiga. Vastupidavast h\u00fcpoallergeensest tselluloosatsetaadist elegantses safiirsinises toonis valmistatud juukseklamber pakub p\u00fcsivat vastupidavust ja \u00f5rna s\u00e4ra. Sellel on elegantne kuldne lukustus, mis hoiab teie juuksed kindlalt paigal, ja seda kaunistab ikooniline 18-karaadine kullatud Balmaini &#039;B&#039; logo. Selle mitmek\u00fclgne safiirtoon sobib iga stiiliga, olgu see siis vabal ajal v\u00f5i ametlikus keskkonnas.  M\u00f5\u00f5tmed: Pikkus 1,70 cm \/ Laius: 9,20 cm \/ K\u00f5rgus: 1,20 cm\" \/>\n<meta property=\"og:url\" content=\"https:\/\/hairdeluxe.ee\/en\/product\/balmain-hair-juukseklamber-cosmic-shappire-m-barrette-cheveux-cosmic-sapphire-m\/\" \/>\n<meta property=\"og:site_name\" content=\"Hair Deluxe\" \/>\n<meta property=\"article:publisher\" content=\"https:\/\/www.facebook.com\/blowbartallinn\" \/>\n<meta property=\"article:modified_time\" content=\"2025-10-07T21:06:45+00:00\" \/>\n<meta property=\"og:image\" content=\"https:\/\/hairdeluxe.ee\/wp-content\/uploads\/2025\/09\/balmainhair_accessories_limitededition_acetate_barrette_pour_cheveux_medium_cosmic_sapphire_c4_25_le_hj_ca_bar_m_cs_c4_25_800x800.jpg\" \/>\n\t<meta property=\"og:image:width\" content=\"800\" \/>\n\t<meta property=\"og:image:height\" content=\"800\" \/>\n\t<meta property=\"og:image:type\" content=\"image\/jpeg\" \/>\n<meta name=\"twitter:card\" content=\"summary_large_image\" \/>\n<script type=\"application\/ld+json\" class=\"yoast-schema-graph\">{\"@context\":\"https:\\\/\\\/schema.org\",\"@graph\":[{\"@type\":\"WebPage\",\"@id\":\"https:\\\/\\\/hairdeluxe.ee\\\/en\\\/product\\\/balmain-hair-juukseklamber-cosmic-shappire-m-barrette-cheveux-cosmic-sapphire-m\\\/\",\"url\":\"https:\\\/\\\/hairdeluxe.ee\\\/en\\\/product\\\/balmain-hair-juukseklamber-cosmic-shappire-m-barrette-cheveux-cosmic-sapphire-m\\\/\",\"name\":\"BALMAIN HAIR juukseklamber Cosmic Shappire M \\\/ Barrette Cheveux Cosmic Sapphire M - Hair Deluxe\",\"isPartOf\":{\"@id\":\"https:\\\/\\\/hairdeluxe.ee\\\/en\\\/#website\"},\"primaryImageOfPage\":{\"@id\":\"https:\\\/\\\/hairdeluxe.ee\\\/en\\\/product\\\/balmain-hair-juukseklamber-cosmic-shappire-m-barrette-cheveux-cosmic-sapphire-m\\\/#primaryimage\"},\"image\":{\"@id\":\"https:\\\/\\\/hairdeluxe.ee\\\/en\\\/product\\\/balmain-hair-juukseklamber-cosmic-shappire-m-barrette-cheveux-cosmic-sapphire-m\\\/#primaryimage\"},\"thumbnailUrl\":\"https:\\\/\\\/hairdeluxe.ee\\\/wp-content\\\/uploads\\\/2025\\\/09\\\/balmainhair_accessories_limitededition_acetate_barrette_pour_cheveux_medium_cosmic_sapphire_c4_25_le_hj_ca_bar_m_cs_c4_25_800x800.jpg\",\"datePublished\":\"2025-09-20T20:22:03+00:00\",\"dateModified\":\"2025-10-07T21:06:45+00:00\",\"breadcrumb\":{\"@id\":\"https:\\\/\\\/hairdeluxe.ee\\\/en\\\/product\\\/balmain-hair-juukseklamber-cosmic-shappire-m-barrette-cheveux-cosmic-sapphire-m\\\/#breadcrumb\"},\"inLanguage\":\"en-US\",\"potentialAction\":[{\"@type\":\"ReadAction\",\"target\":[\"https:\\\/\\\/hairdeluxe.ee\\\/en\\\/product\\\/balmain-hair-juukseklamber-cosmic-shappire-m-barrette-cheveux-cosmic-sapphire-m\\\/\"]}]},{\"@type\":\"ImageObject\",\"inLanguage\":\"en-US\",\"@id\":\"https:\\\/\\\/hairdeluxe.ee\\\/en\\\/product\\\/balmain-hair-juukseklamber-cosmic-shappire-m-barrette-cheveux-cosmic-sapphire-m\\\/#primaryimage\",\"url\":\"https:\\\/\\\/hairdeluxe.ee\\\/wp-content\\\/uploads\\\/2025\\\/09\\\/balmainhair_accessories_limitededition_acetate_barrette_pour_cheveux_medium_cosmic_sapphire_c4_25_le_hj_ca_bar_m_cs_c4_25_800x800.jpg\",\"contentUrl\":\"https:\\\/\\\/hairdeluxe.ee\\\/wp-content\\\/uploads\\\/2025\\\/09\\\/balmainhair_accessories_limitededition_acetate_barrette_pour_cheveux_medium_cosmic_sapphire_c4_25_le_hj_ca_bar_m_cs_c4_25_800x800.jpg\",\"width\":800,\"height\":800},{\"@type\":\"BreadcrumbList\",\"@id\":\"https:\\\/\\\/hairdeluxe.ee\\\/en\\\/product\\\/balmain-hair-juukseklamber-cosmic-shappire-m-barrette-cheveux-cosmic-sapphire-m\\\/#breadcrumb\",\"itemListElement\":[{\"@type\":\"ListItem\",\"position\":1,\"name\":\"Home\",\"item\":\"https:\\\/\\\/hairdeluxe.ee\\\/en\\\/\"},{\"@type\":\"ListItem\",\"position\":2,\"name\":\"Shop\",\"item\":\"https:\\\/\\\/hairdeluxe.ee\\\/en\\\/shop\\\/\"},{\"@type\":\"ListItem\",\"position\":3,\"name\":\"BALMAIN HAIR juukseklamber Cosmic Shappire M \\\/ Barrette Cheveux Cosmic Sapphire M\"}]},{\"@type\":\"WebSite\",\"@id\":\"https:\\\/\\\/hairdeluxe.ee\\\/en\\\/#website\",\"url\":\"https:\\\/\\\/hairdeluxe.ee\\\/en\\\/\",\"name\":\"Hair Deluxe\",\"description\":\"Highlight your natural beauty\",\"publisher\":{\"@id\":\"https:\\\/\\\/hairdeluxe.ee\\\/en\\\/#organization\"},\"potentialAction\":[{\"@type\":\"SearchAction\",\"target\":{\"@type\":\"EntryPoint\",\"urlTemplate\":\"https:\\\/\\\/hairdeluxe.ee\\\/en\\\/?s={search_term_string}\"},\"query-input\":{\"@type\":\"PropertyValueSpecification\",\"valueRequired\":true,\"valueName\":\"search_term_string\"}}],\"inLanguage\":\"en-US\"},{\"@type\":\"Organization\",\"@id\":\"https:\\\/\\\/hairdeluxe.ee\\\/en\\\/#organization\",\"name\":\"Hair Deluxe\",\"url\":\"https:\\\/\\\/hairdeluxe.ee\\\/en\\\/\",\"logo\":{\"@type\":\"ImageObject\",\"inLanguage\":\"en-US\",\"@id\":\"https:\\\/\\\/hairdeluxe.ee\\\/en\\\/#\\\/schema\\\/logo\\\/image\\\/\",\"url\":\"https:\\\/\\\/hairdeluxe.ee\\\/wp-content\\\/uploads\\\/2024\\\/06\\\/Hair-Deluxe-Logo-Dark-font.png\",\"contentUrl\":\"https:\\\/\\\/hairdeluxe.ee\\\/wp-content\\\/uploads\\\/2024\\\/06\\\/Hair-Deluxe-Logo-Dark-font.png\",\"width\":467,\"height\":177,\"caption\":\"Hair Deluxe\"},\"image\":{\"@id\":\"https:\\\/\\\/hairdeluxe.ee\\\/en\\\/#\\\/schema\\\/logo\\\/image\\\/\"},\"sameAs\":[\"https:\\\/\\\/www.facebook.com\\\/blowbartallinn\",\"https:\\\/\\\/www.instagram.com\\\/blowbar_tallinn\"]}]}<\/script>\n<!-- \/ Yoast SEO plugin. -->","yoast_head_json":{"title":"BALMAIN HAIR juukseklamber Cosmic Shappire M \/ Barrette Cheveux Cosmic Sapphire M - Hair Deluxe","robots":{"index":"index","follow":"follow","max-snippet":"max-snippet:-1","max-image-preview":"max-image-preview:large","max-video-preview":"max-video-preview:-1"},"canonical":"https:\/\/hairdeluxe.ee\/en\/product\/balmain-hair-juukseklamber-cosmic-shappire-m-barrette-cheveux-cosmic-sapphire-m\/","og_locale":"en_US","og_type":"article","og_title":"BALMAIN HAIR juukseklamber Cosmic Shappire M \/ Barrette Cheveux Cosmic Sapphire M - Hair Deluxe","og_description":"See k\u00e4sitsi valmistatud piiratud v\u00e4ljaandega Cosmic Sapphire juukseklamber on valmistatud h\u00fcpoallergeensest tselluloosatsetaadist ning seda kaunistab 18-karaadine kullatud logo ja see kinnitub kindlalt sinu soengusse erilise kuldse prantsuse lukuga.  \u00d6ise taeva \u00f5rnast l\u00e4ikest inspireeritud juukseklamber \u00fchendab moodsa disaini tagasihoidliku elegantsiga. Vastupidavast h\u00fcpoallergeensest tselluloosatsetaadist elegantses safiirsinises toonis valmistatud juukseklamber pakub p\u00fcsivat vastupidavust ja \u00f5rna s\u00e4ra. Sellel on elegantne kuldne lukustus, mis hoiab teie juuksed kindlalt paigal, ja seda kaunistab ikooniline 18-karaadine kullatud Balmaini 'B' logo. Selle mitmek\u00fclgne safiirtoon sobib iga stiiliga, olgu see siis vabal ajal v\u00f5i ametlikus keskkonnas.  M\u00f5\u00f5tmed: Pikkus 1,70 cm \/ Laius: 9,20 cm \/ K\u00f5rgus: 1,20 cm","og_url":"https:\/\/hairdeluxe.ee\/en\/product\/balmain-hair-juukseklamber-cosmic-shappire-m-barrette-cheveux-cosmic-sapphire-m\/","og_site_name":"Hair Deluxe","article_publisher":"https:\/\/www.facebook.com\/blowbartallinn","article_modified_time":"2025-10-07T21:06:45+00:00","og_image":[{"width":800,"height":800,"url":"https:\/\/hairdeluxe.ee\/wp-content\/uploads\/2025\/09\/balmainhair_accessories_limitededition_acetate_barrette_pour_cheveux_medium_cosmic_sapphire_c4_25_le_hj_ca_bar_m_cs_c4_25_800x800.jpg","type":"image\/jpeg"}],"twitter_card":"summary_large_image","schema":{"@context":"https:\/\/schema.org","@graph":[{"@type":"WebPage","@id":"https:\/\/hairdeluxe.ee\/en\/product\/balmain-hair-juukseklamber-cosmic-shappire-m-barrette-cheveux-cosmic-sapphire-m\/","url":"https:\/\/hairdeluxe.ee\/en\/product\/balmain-hair-juukseklamber-cosmic-shappire-m-barrette-cheveux-cosmic-sapphire-m\/","name":"BALMAIN HAIR juukseklamber Cosmic Shappire M \/ Barrette Cheveux Cosmic Sapphire M - Hair Deluxe","isPartOf":{"@id":"https:\/\/hairdeluxe.ee\/en\/#website"},"primaryImageOfPage":{"@id":"https:\/\/hairdeluxe.ee\/en\/product\/balmain-hair-juukseklamber-cosmic-shappire-m-barrette-cheveux-cosmic-sapphire-m\/#primaryimage"},"image":{"@id":"https:\/\/hairdeluxe.ee\/en\/product\/balmain-hair-juukseklamber-cosmic-shappire-m-barrette-cheveux-cosmic-sapphire-m\/#primaryimage"},"thumbnailUrl":"https:\/\/hairdeluxe.ee\/wp-content\/uploads\/2025\/09\/balmainhair_accessories_limitededition_acetate_barrette_pour_cheveux_medium_cosmic_sapphire_c4_25_le_hj_ca_bar_m_cs_c4_25_800x800.jpg","datePublished":"2025-09-20T20:22:03+00:00","dateModified":"2025-10-07T21:06:45+00:00","breadcrumb":{"@id":"https:\/\/hairdeluxe.ee\/en\/product\/balmain-hair-juukseklamber-cosmic-shappire-m-barrette-cheveux-cosmic-sapphire-m\/#breadcrumb"},"inLanguage":"en-US","potentialAction":[{"@type":"ReadAction","target":["https:\/\/hairdeluxe.ee\/en\/product\/balmain-hair-juukseklamber-cosmic-shappire-m-barrette-cheveux-cosmic-sapphire-m\/"]}]},{"@type":"ImageObject","inLanguage":"en-US","@id":"https:\/\/hairdeluxe.ee\/en\/product\/balmain-hair-juukseklamber-cosmic-shappire-m-barrette-cheveux-cosmic-sapphire-m\/#primaryimage","url":"https:\/\/hairdeluxe.ee\/wp-content\/uploads\/2025\/09\/balmainhair_accessories_limitededition_acetate_barrette_pour_cheveux_medium_cosmic_sapphire_c4_25_le_hj_ca_bar_m_cs_c4_25_800x800.jpg","contentUrl":"https:\/\/hairdeluxe.ee\/wp-content\/uploads\/2025\/09\/balmainhair_accessories_limitededition_acetate_barrette_pour_cheveux_medium_cosmic_sapphire_c4_25_le_hj_ca_bar_m_cs_c4_25_800x800.jpg","width":800,"height":800},{"@type":"BreadcrumbList","@id":"https:\/\/hairdeluxe.ee\/en\/product\/balmain-hair-juukseklamber-cosmic-shappire-m-barrette-cheveux-cosmic-sapphire-m\/#breadcrumb","itemListElement":[{"@type":"ListItem","position":1,"name":"Home","item":"https:\/\/hairdeluxe.ee\/en\/"},{"@type":"ListItem","position":2,"name":"Shop","item":"https:\/\/hairdeluxe.ee\/en\/shop\/"},{"@type":"ListItem","position":3,"name":"BALMAIN HAIR juukseklamber Cosmic Shappire M \/ Barrette Cheveux Cosmic Sapphire M"}]},{"@type":"WebSite","@id":"https:\/\/hairdeluxe.ee\/en\/#website","url":"https:\/\/hairdeluxe.ee\/en\/","name":"Hair Deluxe","description":"Highlight your natural beauty","publisher":{"@id":"https:\/\/hairdeluxe.ee\/en\/#organization"},"potentialAction":[{"@type":"SearchAction","target":{"@type":"EntryPoint","urlTemplate":"https:\/\/hairdeluxe.ee\/en\/?s={search_term_string}"},"query-input":{"@type":"PropertyValueSpecification","valueRequired":true,"valueName":"search_term_string"}}],"inLanguage":"en-US"},{"@type":"Organization","@id":"https:\/\/hairdeluxe.ee\/en\/#organization","name":"Hair Deluxe","url":"https:\/\/hairdeluxe.ee\/en\/","logo":{"@type":"ImageObject","inLanguage":"en-US","@id":"https:\/\/hairdeluxe.ee\/en\/#\/schema\/logo\/image\/","url":"https:\/\/hairdeluxe.ee\/wp-content\/uploads\/2024\/06\/Hair-Deluxe-Logo-Dark-font.png","contentUrl":"https:\/\/hairdeluxe.ee\/wp-content\/uploads\/2024\/06\/Hair-Deluxe-Logo-Dark-font.png","width":467,"height":177,"caption":"Hair Deluxe"},"image":{"@id":"https:\/\/hairdeluxe.ee\/en\/#\/schema\/logo\/image\/"},"sameAs":["https:\/\/www.facebook.com\/blowbartallinn","https:\/\/www.instagram.com\/blowbar_tallinn"]}]}},"_links":{"self":[{"href":"https:\/\/hairdeluxe.ee\/en\/wp-json\/wp\/v2\/product\/52308","targetHints":{"allow":["GET"]}}],"collection":[{"href":"https:\/\/hairdeluxe.ee\/en\/wp-json\/wp\/v2\/product"}],"about":[{"href":"https:\/\/hairdeluxe.ee\/en\/wp-json\/wp\/v2\/types\/product"}],"wp:featuredmedia":[{"embeddable":true,"href":"https:\/\/hairdeluxe.ee\/en\/wp-json\/wp\/v2\/media\/52829"}],"wp:attachment":[{"href":"https:\/\/hairdeluxe.ee\/en\/wp-json\/wp\/v2\/media?parent=52308"}],"wp:term":[{"taxonomy":"product_brand","embeddable":true,"href":"https:\/\/hairdeluxe.ee\/en\/wp-json\/wp\/v2\/product_brand?post=52308"},{"taxonomy":"product_cat","embeddable":true,"href":"https:\/\/hairdeluxe.ee\/en\/wp-json\/wp\/v2\/product_cat?post=52308"},{"taxonomy":"product_tag","embeddable":true,"href":"https:\/\/hairdeluxe.ee\/en\/wp-json\/wp\/v2\/product_tag?post=52308"}],"curies":[{"name":"wp","href":"https:\/\/api.w.org\/{rel}","templated":true}]}}