{"id":49874,"date":"2024-11-09T18:39:00","date_gmt":"2024-11-09T18:39:00","guid":{"rendered":"https:\/\/hairdeluxe.ee\/varaus\/"},"modified":"2026-02-24T20:09:31","modified_gmt":"2026-02-24T20:09:31","slug":"varaus","status":"publish","type":"page","link":"https:\/\/hairdeluxe.ee\/fi\/varaus\/","title":{"rendered":"Varaus"},"content":{"rendered":"\n\n\t<section class=\"section\" id=\"section_1270615944\">\n\t\t<div class=\"section-bg fill\" >\n\t\t\t<img loading=\"lazy\" decoding=\"async\" width=\"1200\" height=\"1800\" src=\"https:\/\/hairdeluxe.ee\/wp-content\/uploads\/2024\/07\/HDL_Interior4.jpg\" class=\"bg attachment- size-\" alt=\"\" \/>\t\t\t\t\t\t<div class=\"section-bg-overlay absolute fill\"><\/div>\n\t\t\t\n\n\t\t<\/div>\n\n\t\t\n\n\t\t<div class=\"section-content relative\">\n\t\t\t\n\n<div class=\"row align-center\"  id=\"row-378243547\">\n\n\n\t<div id=\"col-456444445\" class=\"col medium-10 small-11 large-10\"  >\n\t\t\t\t<div class=\"col-inner text-center\"  >\n\t\t\t\n\t\t\t\n\n\t<div id=\"gap-2029147974\" class=\"gap-element clearfix\" style=\"display:block; height:auto;\">\n\t\t\n<style>\n#gap-2029147974 {\n  padding-top: 180px;\n}\n@media (min-width:550px) {\n  #gap-2029147974 {\n    padding-top: 220px;\n  }\n}\n<\/style>\n\t<\/div>\n\t\n\n\t<div id=\"text-3881328844\" class=\"text\">\n\t\t\n\n<h2 style=\"font-size: 200%;\">Varaa verkossa<\/h2>\n\n\t\t\n<style>\n#text-3881328844 {\n  font-size: 1rem;\n  color: rgb(255,255,255);\n}\n#text-3881328844 > * {\n  color: rgb(255,255,255);\n}\n<\/style>\n\t<\/div>\n\t\n\t<div id=\"text-3188735960\" class=\"text\">\n\t\t\n\n<p>Hair Deluxe -palveluiden varaamiseen suosittelemme lataamaan <span style=\"text-decoration: underline;\"><strong><a href=\"https:\/\/www.fresha.com\/download-app\" target=\"_blank\" rel=\"noopener\">Fresha-sovelluksen<\/a><\/strong><\/span>, joka helpottaa varausprosessia huomattavasti &#8211; sinun tarvitsee sy\u00f6tt\u00e4\u00e4 tietosi vain kerran, ja t\u00e4st\u00e4 l\u00e4htien voit hallita kaikkia varauksiasi k\u00e4tev\u00e4sti suoraan sovelluksesta. Ajan muuttaminen tai uuden varauksen lis\u00e4\u00e4minen on vain muutaman klikkauksen p\u00e4\u00e4ss\u00e4. <\/p>\n\n\t\t\n<style>\n#text-3188735960 {\n  font-size: 1.1rem;\n  color: rgb(255,255,255);\n}\n#text-3188735960 > * {\n  color: rgb(255,255,255);\n}\n<\/style>\n\t<\/div>\n\t\n\t<div id=\"gap-562529962\" class=\"gap-element clearfix\" style=\"display:block; height:auto;\">\n\t\t\n<style>\n#gap-562529962 {\n  padding-top: 50px;\n}\n<\/style>\n\t<\/div>\n\t\n\n\n\t\t<\/div>\n\t\t\t\t\t<\/div>\n\n\t\n\n<\/div>\n<div class=\"row row-collapse\"  id=\"row-627957504\">\n\n\n\t<div id=\"col-1975907622\" class=\"col medium-5 small-3 large-5\"  >\n\t\t\t\t<div class=\"col-inner\"  >\n\t\t\t\n\t\t\t\n\n\n\t\t<\/div>\n\t\t\t\t\t<\/div>\n\n\t\n\n\t<div id=\"col-1943952990\" class=\"col medium-2 small-6 large-2\"  >\n\t\t\t\t<div class=\"col-inner\"  >\n\t\t\t\n\t\t\t\n\n\t<div class=\"box has-hover   has-hover box-text-bottom\" >\n\n\t\t<div class=\"box-image\" >\n\t\t\t<a href=\"https:\/\/apps.apple.com\/app\/id1297230801\" target=\"_blank\" rel=\"noopener\" >\t\t\t<div class=\"image-cover\" style=\"padding-top:100%;\">\n\t\t\t\t<img loading=\"lazy\" decoding=\"async\" width=\"155\" height=\"155\" src=\"https:\/\/hairdeluxe.ee\/wp-content\/uploads\/2025\/01\/qr-code-cc3cbe9d1c29c4e85e677e250437e150.png\" class=\"attachment- size-\" alt=\"\" srcset=\"https:\/\/hairdeluxe.ee\/wp-content\/uploads\/2025\/01\/qr-code-cc3cbe9d1c29c4e85e677e250437e150.png 155w, https:\/\/hairdeluxe.ee\/wp-content\/uploads\/2025\/01\/qr-code-cc3cbe9d1c29c4e85e677e250437e150-100x100.png 100w, https:\/\/hairdeluxe.ee\/wp-content\/uploads\/2025\/01\/qr-code-cc3cbe9d1c29c4e85e677e250437e150-50x50.png 50w\" sizes=\"auto, (max-width: 155px) 100vw, 155px\" \/>\t\t\t\t\t\t\t\t\t\t\t<\/div>\n\t\t\t<\/a>\t\t<\/div>\n\n\t\t<div class=\"box-text text-center\" style=\"padding:20px 0px 0px 0px;\">\n\t\t\t<div class=\"box-text-inner\">\n\t\t\t\t\n\n\t<div id=\"gap-1674008019\" class=\"gap-element clearfix\" style=\"display:block; height:auto;\">\n\t\t\n<style>\n#gap-1674008019 {\n  padding-top: 2px;\n}\n<\/style>\n\t<\/div>\n\t\n\n\n\t\t\t<\/div>\n\t\t<\/div>\n\t<\/div>\n\t\n\n\t\t<\/div>\n\t\t\t\t\t<\/div>\n\n\t\n\n\t<div id=\"col-134231140\" class=\"col medium-5 small-3 large-5\"  >\n\t\t\t\t<div class=\"col-inner\"  >\n\t\t\t\n\t\t\t\n\n\n\t\t<\/div>\n\t\t\t\t\t<\/div>\n\n\t\n\n<\/div>\n\n\t\t<\/div>\n\n\t\t\n<style>\n#section_1270615944 {\n  padding-top: 50px;\n  padding-bottom: 50px;\n  background-color: rgb(0,0,0);\n}\n#section_1270615944 .section-bg-overlay {\n  background-color: rgba(0, 0, 0, 0.5);\n}\n#section_1270615944 .section-bg img {\n  object-position: 47% 14%;\n}\n@media (min-width:550px) {\n  #section_1270615944 {\n    padding-top: 100px;\n    padding-bottom: 100px;\n  }\n}\n<\/style>\n\t<\/section>\n\t\n<div class=\"row align-center\"  id=\"row-1063876665\">\n\n\n\t<div id=\"col-217334003\" class=\"col medium-11 small-12 large-11\"  >\n\t\t\t\t<div class=\"col-inner\"  >\n\t\t\t\n\t\t\t\n\n<div class=\"row\"  id=\"row-1371527926\">\n\n\n\t<div id=\"col-1165503204\" class=\"col medium-4 small-6 large-4\"  >\n\t\t\t\t<div class=\"col-inner text-center\"  >\n\t\t\t\n\t\t\t\n\n\t<div id=\"text-3688501787\" class=\"text\">\n\t\t\n\n<h5>iPhone k\u00e4ytt\u00e4jille:<\/h5>\n\n\t\t\n<style>\n#text-3688501787 {\n  font-size: 1rem;\n  color: rgb(255,255,255);\n}\n#text-3688501787 > * {\n  color: rgb(255,255,255);\n}\n<\/style>\n\t<\/div>\n\t\n\t<div class=\"box has-hover   has-hover box-text-bottom\" >\n\n\t\t<div class=\"box-image\" >\n\t\t\t<a href=\"https:\/\/apps.apple.com\/app\/id1297230801\" target=\"_blank\" rel=\"noopener\" >\t\t\t<div class=\"image-cover\" style=\"padding-top:35%;\">\n\t\t\t\t<img loading=\"lazy\" decoding=\"async\" width=\"800\" height=\"800\" src=\"https:\/\/hairdeluxe.ee\/wp-content\/uploads\/2024\/11\/icon-apple.png\" class=\"attachment- size-\" alt=\"\" srcset=\"https:\/\/hairdeluxe.ee\/wp-content\/uploads\/2024\/11\/icon-apple.png 800w, https:\/\/hairdeluxe.ee\/wp-content\/uploads\/2024\/11\/icon-apple-400x400.png 400w, https:\/\/hairdeluxe.ee\/wp-content\/uploads\/2024\/11\/icon-apple-280x280.png 280w, https:\/\/hairdeluxe.ee\/wp-content\/uploads\/2024\/11\/icon-apple-768x768.png 768w, https:\/\/hairdeluxe.ee\/wp-content\/uploads\/2024\/11\/icon-apple-510x510.png 510w, https:\/\/hairdeluxe.ee\/wp-content\/uploads\/2024\/11\/icon-apple-100x100.png 100w, https:\/\/hairdeluxe.ee\/wp-content\/uploads\/2024\/11\/icon-apple-50x50.png 50w\" sizes=\"auto, (max-width: 800px) 100vw, 800px\" \/>\t\t\t\t\t\t\t\t\t\t\t<\/div>\n\t\t\t<\/a>\t\t<\/div>\n\n\t\t<div class=\"box-text text-center\" style=\"padding:20px 0px 0px 0px;\">\n\t\t\t<div class=\"box-text-inner\">\n\t\t\t\t\n\n\t<div id=\"gap-1470991737\" class=\"gap-element clearfix\" style=\"display:block; height:auto;\">\n\t\t\n<style>\n#gap-1470991737 {\n  padding-top: 2px;\n}\n<\/style>\n\t<\/div>\n\t\n\n\n\t\t\t<\/div>\n\t\t<\/div>\n\t<\/div>\n\t\n\n\t\t<\/div>\n\t\t\t\t\t<\/div>\n\n\t\n\n\t<div id=\"col-2048576059\" class=\"col medium-4 small-6 large-4\"  >\n\t\t\t\t<div class=\"col-inner text-center\"  >\n\t\t\t\n\t\t\t\n\n\n\t\t<\/div>\n\t\t\t\t\t<\/div>\n\n\t\n\n\t<div id=\"col-1431347264\" class=\"col medium-4 small-6 large-4\"  >\n\t\t\t\t<div class=\"col-inner\"  >\n\t\t\t\n\t\t\t\n\n\t<div id=\"text-2837761144\" class=\"text\">\n\t\t\n\n<h5>Android k\u00e4ytt\u00e4jille:<\/h5>\n\n\t\t\n<style>\n#text-2837761144 {\n  text-align: center;\n  color: rgb(255,255,255);\n}\n#text-2837761144 > * {\n  color: rgb(255,255,255);\n}\n@media (min-width:850px) {\n  #text-2837761144 {\n    text-align: center;\n  }\n}\n<\/style>\n\t<\/div>\n\t\n\t<div class=\"box has-hover   has-hover box-text-bottom\" >\n\n\t\t<div class=\"box-image\" >\n\t\t\t<a href=\"https:\/\/play.google.com\/store\/apps\/details?id=com.fresha.Fresha\" target=\"_blank\" rel=\"noopener\" >\t\t\t<div class=\"image-cover\" style=\"padding-top:35%;\">\n\t\t\t\t<img loading=\"lazy\" decoding=\"async\" width=\"800\" height=\"800\" src=\"https:\/\/hairdeluxe.ee\/wp-content\/uploads\/2024\/11\/icon-google-play.png\" class=\"attachment- size-\" alt=\"\" srcset=\"https:\/\/hairdeluxe.ee\/wp-content\/uploads\/2024\/11\/icon-google-play.png 800w, https:\/\/hairdeluxe.ee\/wp-content\/uploads\/2024\/11\/icon-google-play-400x400.png 400w, https:\/\/hairdeluxe.ee\/wp-content\/uploads\/2024\/11\/icon-google-play-280x280.png 280w, https:\/\/hairdeluxe.ee\/wp-content\/uploads\/2024\/11\/icon-google-play-768x768.png 768w, https:\/\/hairdeluxe.ee\/wp-content\/uploads\/2024\/11\/icon-google-play-510x510.png 510w, https:\/\/hairdeluxe.ee\/wp-content\/uploads\/2024\/11\/icon-google-play-100x100.png 100w, https:\/\/hairdeluxe.ee\/wp-content\/uploads\/2024\/11\/icon-google-play-50x50.png 50w\" sizes=\"auto, (max-width: 800px) 100vw, 800px\" \/>\t\t\t\t\t\t\t\t\t\t\t<\/div>\n\t\t\t<\/a>\t\t<\/div>\n\n\t\t<div class=\"box-text text-center\" style=\"padding:20px 0px 0px 0px;\">\n\t\t\t<div class=\"box-text-inner\">\n\t\t\t\t\n\n\t<div id=\"gap-1121875052\" class=\"gap-element clearfix\" style=\"display:block; height:auto;\">\n\t\t\n<style>\n#gap-1121875052 {\n  padding-top: 2px;\n}\n<\/style>\n\t<\/div>\n\t\n\n\n\t\t\t<\/div>\n\t\t<\/div>\n\t<\/div>\n\t\n\n\t\t<\/div>\n\t\t\t\t\t<\/div>\n\n\t\n\n<\/div>\n\n\t\t<\/div>\n\t\t\t\t\n<style>\n#col-217334003 > .col-inner {\n  margin: -60px 0px 0px 0px;\n}\n@media (min-width:550px) {\n  #col-217334003 > .col-inner {\n    margin: -60px 0px 0px 0px;\n  }\n}\n<\/style>\n\t<\/div>\n\n\t\n\n<\/div>\n\n\t<section class=\"section\" id=\"section_1152247041\">\n\t\t<div class=\"section-bg fill\" >\n\t\t\t\t\t\t\t\t\t\n\t\t\t\n\n\t\t<\/div>\n\n\t\t\n\n\t\t<div class=\"section-content relative\">\n\t\t\t\n\n\t<div id=\"gap-1231976595\" class=\"gap-element clearfix hide-for-small\" style=\"display:block; height:auto;\">\n\t\t\n<style>\n#gap-1231976595 {\n  padding-top: 20px;\n}\n@media (min-width:550px) {\n  #gap-1231976595 {\n    padding-top: 30px;\n  }\n}\n<\/style>\n\t<\/div>\n\t\n\n<div class=\"row align-middle align-center\"  id=\"row-544698247\">\n\n\n\t<div id=\"col-1649581243\" class=\"col medium-12 small-12 large-6\"  >\n\t\t\t\t<div class=\"col-inner\"  >\n\t\t\t\n\t\t\t\n\n<div class=\"row\"  id=\"row-916130129\">\n\n\n\t<div id=\"col-1914510142\" class=\"col medium-6 small-12 large-7\"  >\n\t\t\t\t<div class=\"col-inner\"  >\n\t\t\t\n\t\t\t\n\n\n  <div class=\"banner has-hover\" id=\"banner-2004789242\">\n          <div class=\"banner-inner fill\">\n        <div class=\"banner-bg fill\" >\n            <img loading=\"lazy\" decoding=\"async\" width=\"533\" height=\"800\" src=\"https:\/\/hairdeluxe.ee\/wp-content\/uploads\/2024\/07\/HDL_Interior-533x800.jpg\" class=\"bg attachment-large size-large\" alt=\"\" \/>                                    \n                    <\/div>\n\t\t\n        <div class=\"banner-layers container\">\n            <div class=\"fill banner-link\"><\/div>            \n\n   <div id=\"text-box-691082032\" class=\"text-box banner-layer x50 md-x50 lg-x50 y50 md-y50 lg-y50 res-text\">\n                                <div class=\"text-box-content text dark\">\n              \n              <div class=\"text-inner text-center\">\n                  \n\n\n              <\/div>\n           <\/div>\n                            \n<style>\n#text-box-691082032 {\n  width: 60%;\n}\n#text-box-691082032 .text-box-content {\n  font-size: 100%;\n}\n@media (min-width:550px) {\n  #text-box-691082032 {\n    width: 60%;\n  }\n}\n<\/style>\n    <\/div>\n \n\n        <\/div>\n      <\/div>\n\n            \n<style>\n#banner-2004789242 {\n  padding-top: 99.99%;\n  background-color: rgba(0, 0, 0, 0);\n}\n@media (min-width:550px) {\n  #banner-2004789242 {\n    padding-top: 150%;\n  }\n}\n@media (min-width:850px) {\n  #banner-2004789242 {\n    padding-top: 117%;\n  }\n}\n<\/style>\n  <\/div>\n\n\n\n\t\t<\/div>\n\t\t\t\t\t<\/div>\n\n\t\n\n\t<div id=\"col-753153275\" class=\"col medium-6 small-12 large-5\"  >\n\t\t\t\t<div class=\"col-inner\"  >\n\t\t\t\n\t\t\t\n\n\n  <div class=\"banner has-hover\" id=\"banner-1216049758\">\n          <div class=\"banner-inner fill\">\n        <div class=\"banner-bg fill\" >\n            <img loading=\"lazy\" decoding=\"async\" width=\"600\" height=\"800\" src=\"https:\/\/hairdeluxe.ee\/wp-content\/uploads\/2024\/07\/HDL_Interior6-600x800.jpg\" class=\"bg attachment-large size-large\" alt=\"\" \/>                                    \n                    <\/div>\n\t\t\n        <div class=\"banner-layers container\">\n            <div class=\"fill banner-link\"><\/div>            \n\n   <div id=\"text-box-1363781150\" class=\"text-box banner-layer x50 md-x50 lg-x50 y50 md-y50 lg-y50 res-text\">\n                                <div class=\"text-box-content text dark\">\n              \n              <div class=\"text-inner text-center\">\n                  \n\n\n              <\/div>\n           <\/div>\n                            \n<style>\n#text-box-1363781150 {\n  width: 60%;\n}\n#text-box-1363781150 .text-box-content {\n  font-size: 100%;\n}\n@media (min-width:550px) {\n  #text-box-1363781150 {\n    width: 60%;\n  }\n}\n<\/style>\n    <\/div>\n \n\n        <\/div>\n      <\/div>\n\n            \n<style>\n#banner-1216049758 {\n  padding-top: 60%;\n  background-color: rgba(0, 0, 0, 0);\n}\n@media (min-width:550px) {\n  #banner-1216049758 {\n    padding-top: 76%;\n  }\n}\n@media (min-width:850px) {\n  #banner-1216049758 {\n    padding-top: 87%;\n  }\n}\n<\/style>\n  <\/div>\n\n\n\n\t\t<\/div>\n\t\t\t\t\t<\/div>\n\n\t\n\n<\/div>\n<div class=\"row align-right\"  id=\"row-472928233\">\n\n\n\t<div id=\"col-145767567\" class=\"col medium-7 small-12 large-7\"  >\n\t\t\t\t<div class=\"col-inner\"  >\n\t\t\t\n\t\t\t\n\n\n  <div class=\"banner has-hover\" id=\"banner-1541650962\">\n          <div class=\"banner-inner fill\">\n        <div class=\"banner-bg fill\" >\n            <img loading=\"lazy\" decoding=\"async\" width=\"390\" height=\"280\" src=\"https:\/\/hairdeluxe.ee\/wp-content\/uploads\/2024\/10\/IMG_7427-e1729217715845.jpg\" class=\"bg attachment-large size-large\" alt=\"\" \/>                                    \n                    <\/div>\n\t\t\n        <div class=\"banner-layers container\">\n            <div class=\"fill banner-link\"><\/div>            \n\n   <div id=\"text-box-1728964436\" class=\"text-box banner-layer x50 md-x50 lg-x50 y50 md-y50 lg-y50 res-text\">\n                                <div class=\"text-box-content text dark\">\n              \n              <div class=\"text-inner text-center\">\n                  \n\n\n              <\/div>\n           <\/div>\n                            \n<style>\n#text-box-1728964436 {\n  width: 60%;\n}\n#text-box-1728964436 .text-box-content {\n  font-size: 100%;\n}\n@media (min-width:550px) {\n  #text-box-1728964436 {\n    width: 60%;\n  }\n}\n<\/style>\n    <\/div>\n \n\n        <\/div>\n      <\/div>\n\n            \n<style>\n#banner-1541650962 {\n  padding-top: 60%;\n  background-color: rgba(0, 0, 0, 0);\n}\n@media (min-width:550px) {\n  #banner-1541650962 {\n    padding-top: 75%;\n  }\n}\n<\/style>\n  <\/div>\n\n\n\n\t\t<\/div>\n\t\t\t\t\n<style>\n#col-145767567 > .col-inner {\n  margin: 0 0px 0px 0px;\n}\n@media (min-width:550px) {\n  #col-145767567 > .col-inner {\n    margin: -290px 0px 0px 0px;\n  }\n}\n@media (min-width:850px) {\n  #col-145767567 > .col-inner {\n    margin: -165px 0px 0px 0px;\n  }\n}\n<\/style>\n\t<\/div>\n\n\t\n\n<\/div>\n\n\t\t<\/div>\n\t\t\t\t\t<\/div>\n\n\t\n\n\t<div id=\"col-211314992\" class=\"col medium-12 small-12 large-6\"  >\n\t\t\t\t<div class=\"col-inner\"  >\n\t\t\t\n\t\t\t\n\n\t<div id=\"text-3702656994\" class=\"text\">\n\t\t\n\n<h2>Palvelut ja hinnasto<\/h2>\n\t\t\n<style>\n#text-3702656994 {\n  font-size: 1.3rem;\n}\n<\/style>\n\t<\/div>\n\t\n<p>Tarjoamme laajan valikoiman kampaamopalveluita, jotka on suunniteltu t\u00e4ytt\u00e4m\u00e4\u00e4n kaikki kauneus- ja hoitotarpeesi. Ammattitaitoiset stylistimme ovat omistautuneet tarjoamaan parhaat palvelut, olipa kyseess\u00e4 sitten tyylikk\u00e4\u00e4t hiustenleikkaukset, kauniit hiusv\u00e4rit, ylelliset hoidot tai laadukkaat hiustenpidennykset. <\/p>\n<div class=\"row row-collapse\"  id=\"row-328749043\">\n\n\n\t<div id=\"col-1734759795\" class=\"col medium-4 small-6 large-4\"  >\n\t\t\t\t<div class=\"col-inner\"  >\n\t\t\t\n\t\t\t\n\n<a href=\"https:\/\/hairdeluxe.ee\/fi\/hair-deluxe-palvelut-ja-hinnasto\/\" class=\"button alert is-smaller expand\" >\n\t\t<span>HINNASTO<\/span>\n\t<\/a>\n\n\n\n\t\t<\/div>\n\t\t\t\t\n<style>\n#col-1734759795 > .col-inner {\n  padding: 0px 2px 0px 0px;\n}\n@media (min-width:550px) {\n  #col-1734759795 > .col-inner {\n    padding: 0px 4px 0px 0px;\n  }\n}\n<\/style>\n\t<\/div>\n\n\t\n\n\t<div id=\"col-39072730\" class=\"col medium-4 small-6 large-4\"  >\n\t\t\t\t<div class=\"col-inner\"  >\n\t\t\t\n\t\t\t\n\n<a href=\"https:\/\/hairdeluxe.ee\/fi\/hair-deluxe-tiimi\/\" class=\"button alert is-outline is-smaller expand\" >\n\t\t<span>TUTUSTU L\u00c4HEMMIN<\/span>\n\t<\/a>\n\n\n\n\t\t<\/div>\n\t\t\t\t\n<style>\n#col-39072730 > .col-inner {\n  padding: 0px 0px 0px 2px;\n}\n<\/style>\n\t<\/div>\n\n\t\n\n\t<div id=\"col-129985036\" class=\"col medium-4 small-12 large-4\"  >\n\t\t\t\t<div class=\"col-inner\"  >\n\t\t\t\n\t\t\t\n\n<a href=\"https:\/\/www.fresha.com\/book-now\/blow-bar-hair-deluxe-gj7pfirm\/services?lid=1311950&#038;share&#038;pId=1245712\" target=\"_blank\" class=\"button primary is-smaller expand\" rel=\"noopener\" >\n\t\t<span>VARAA T\u00c4\u00c4LT\u00c4<\/span>\n\t<\/a>\n\n\n\n\t\t<\/div>\n\t\t\t\t\n<style>\n#col-129985036 > .col-inner {\n  padding: 0px 0px 0px 0px;\n}\n@media (min-width:550px) {\n  #col-129985036 > .col-inner {\n    padding: 0px 0px 0px 4px;\n  }\n}\n<\/style>\n\t<\/div>\n\n\t\n\n<\/div>\n\n\t\t<\/div>\n\t\t\t\t\n<style>\n#col-211314992 > .col-inner {\n  padding: 0px 0 0px 0px;\n}\n@media (min-width:550px) {\n  #col-211314992 > .col-inner {\n    padding: 0px 10% 0px 0px;\n  }\n}\n@media (min-width:850px) {\n  #col-211314992 > .col-inner {\n    padding: 0px 0px 0px 15%;\n  }\n}\n<\/style>\n\t<\/div>\n\n\t\n\n<\/div>\n\n\t\t<\/div>\n\n\t\t\n<style>\n#section_1152247041 {\n  padding-top: 30px;\n  padding-bottom: 30px;\n  background-color: rgb(243, 241, 241);\n}\n<\/style>\n\t<\/section>\n\t\n","protected":false},"excerpt":{"rendered":"","protected":false},"author":1,"featured_media":0,"parent":0,"menu_order":0,"comment_status":"closed","ping_status":"closed","template":"page-blank.php","meta":{"footnotes":""},"class_list":["post-49874","page","type-page","status-publish","hentry"],"yoast_head":"<!-- This site is optimized with the Yoast SEO plugin v27.4 - https:\/\/yoast.com\/product\/yoast-seo-wordpress\/ -->\n<title>Varaus - Hair Deluxe<\/title>\n<meta name=\"description\" content=\"Kampaajapalvelut Tallinna. Tarjoamme laajan valikoiman kampaamopalveluita, jotka on suunniteltu t\u00e4ytt\u00e4m\u00e4\u00e4n kaikki kauneus- ja hoitotarpeesi.\" \/>\n<meta name=\"robots\" content=\"index, follow, max-snippet:-1, max-image-preview:large, max-video-preview:-1\" \/>\n<link rel=\"canonical\" href=\"https:\/\/hairdeluxe.ee\/fi\/varaus\/\" \/>\n<meta property=\"og:locale\" content=\"fi_FI\" \/>\n<meta property=\"og:type\" content=\"article\" \/>\n<meta property=\"og:title\" content=\"Varaus - Hair Deluxe\" \/>\n<meta property=\"og:description\" content=\"Kampaajapalvelut Tallinna. Tarjoamme laajan valikoiman kampaamopalveluita, jotka on suunniteltu t\u00e4ytt\u00e4m\u00e4\u00e4n kaikki kauneus- ja hoitotarpeesi.\" \/>\n<meta property=\"og:url\" content=\"https:\/\/hairdeluxe.ee\/fi\/varaus\/\" \/>\n<meta property=\"og:site_name\" content=\"Hair Deluxe\" \/>\n<meta property=\"article:publisher\" content=\"https:\/\/www.facebook.com\/blowbartallinn\" \/>\n<meta property=\"article:modified_time\" content=\"2026-02-24T20:09:31+00:00\" \/>\n<meta name=\"twitter:card\" content=\"summary_large_image\" \/>\n<meta name=\"twitter:label1\" content=\"Arvioitu lukuaika\" \/>\n\t<meta name=\"twitter:data1\" content=\"3 minuuttia\" \/>\n<script type=\"application\/ld+json\" class=\"yoast-schema-graph\">{\"@context\":\"https:\\\/\\\/schema.org\",\"@graph\":[{\"@type\":\"WebPage\",\"@id\":\"https:\\\/\\\/hairdeluxe.ee\\\/fi\\\/varaus\\\/\",\"url\":\"https:\\\/\\\/hairdeluxe.ee\\\/fi\\\/varaus\\\/\",\"name\":\"Varaus - Hair Deluxe\",\"isPartOf\":{\"@id\":\"https:\\\/\\\/hairdeluxe.ee\\\/fi\\\/#website\"},\"datePublished\":\"2024-11-09T18:39:00+00:00\",\"dateModified\":\"2026-02-24T20:09:31+00:00\",\"description\":\"Kampaajapalvelut Tallinna. Tarjoamme laajan valikoiman kampaamopalveluita, jotka on suunniteltu t\u00e4ytt\u00e4m\u00e4\u00e4n kaikki kauneus- ja hoitotarpeesi.\",\"breadcrumb\":{\"@id\":\"https:\\\/\\\/hairdeluxe.ee\\\/fi\\\/varaus\\\/#breadcrumb\"},\"inLanguage\":\"fi\",\"potentialAction\":[{\"@type\":\"ReadAction\",\"target\":[\"https:\\\/\\\/hairdeluxe.ee\\\/fi\\\/varaus\\\/\"]}]},{\"@type\":\"BreadcrumbList\",\"@id\":\"https:\\\/\\\/hairdeluxe.ee\\\/fi\\\/varaus\\\/#breadcrumb\",\"itemListElement\":[{\"@type\":\"ListItem\",\"position\":1,\"name\":\"Home\",\"item\":\"https:\\\/\\\/hairdeluxe.ee\\\/fi\\\/\"},{\"@type\":\"ListItem\",\"position\":2,\"name\":\"Varaus\"}]},{\"@type\":\"WebSite\",\"@id\":\"https:\\\/\\\/hairdeluxe.ee\\\/fi\\\/#website\",\"url\":\"https:\\\/\\\/hairdeluxe.ee\\\/fi\\\/\",\"name\":\"Hair Deluxe\",\"description\":\"Highlight your natural beauty\",\"publisher\":{\"@id\":\"https:\\\/\\\/hairdeluxe.ee\\\/fi\\\/#organization\"},\"potentialAction\":[{\"@type\":\"SearchAction\",\"target\":{\"@type\":\"EntryPoint\",\"urlTemplate\":\"https:\\\/\\\/hairdeluxe.ee\\\/fi\\\/?s={search_term_string}\"},\"query-input\":{\"@type\":\"PropertyValueSpecification\",\"valueRequired\":true,\"valueName\":\"search_term_string\"}}],\"inLanguage\":\"fi\"},{\"@type\":\"Organization\",\"@id\":\"https:\\\/\\\/hairdeluxe.ee\\\/fi\\\/#organization\",\"name\":\"Hair Deluxe\",\"url\":\"https:\\\/\\\/hairdeluxe.ee\\\/fi\\\/\",\"logo\":{\"@type\":\"ImageObject\",\"inLanguage\":\"fi\",\"@id\":\"https:\\\/\\\/hairdeluxe.ee\\\/fi\\\/#\\\/schema\\\/logo\\\/image\\\/\",\"url\":\"https:\\\/\\\/hairdeluxe.ee\\\/wp-content\\\/uploads\\\/2024\\\/06\\\/Hair-Deluxe-Logo-Dark-font.png\",\"contentUrl\":\"https:\\\/\\\/hairdeluxe.ee\\\/wp-content\\\/uploads\\\/2024\\\/06\\\/Hair-Deluxe-Logo-Dark-font.png\",\"width\":467,\"height\":177,\"caption\":\"Hair Deluxe\"},\"image\":{\"@id\":\"https:\\\/\\\/hairdeluxe.ee\\\/fi\\\/#\\\/schema\\\/logo\\\/image\\\/\"},\"sameAs\":[\"https:\\\/\\\/www.facebook.com\\\/blowbartallinn\",\"https:\\\/\\\/www.instagram.com\\\/blowbar_tallinn\"]}]}<\/script>\n<!-- \/ Yoast SEO plugin. -->","yoast_head_json":{"title":"Varaus - Hair Deluxe","description":"Kampaajapalvelut Tallinna. Tarjoamme laajan valikoiman kampaamopalveluita, jotka on suunniteltu t\u00e4ytt\u00e4m\u00e4\u00e4n kaikki kauneus- ja hoitotarpeesi.","robots":{"index":"index","follow":"follow","max-snippet":"max-snippet:-1","max-image-preview":"max-image-preview:large","max-video-preview":"max-video-preview:-1"},"canonical":"https:\/\/hairdeluxe.ee\/fi\/varaus\/","og_locale":"fi_FI","og_type":"article","og_title":"Varaus - Hair Deluxe","og_description":"Kampaajapalvelut Tallinna. Tarjoamme laajan valikoiman kampaamopalveluita, jotka on suunniteltu t\u00e4ytt\u00e4m\u00e4\u00e4n kaikki kauneus- ja hoitotarpeesi.","og_url":"https:\/\/hairdeluxe.ee\/fi\/varaus\/","og_site_name":"Hair Deluxe","article_publisher":"https:\/\/www.facebook.com\/blowbartallinn","article_modified_time":"2026-02-24T20:09:31+00:00","twitter_card":"summary_large_image","twitter_misc":{"Arvioitu lukuaika":"3 minuuttia"},"schema":{"@context":"https:\/\/schema.org","@graph":[{"@type":"WebPage","@id":"https:\/\/hairdeluxe.ee\/fi\/varaus\/","url":"https:\/\/hairdeluxe.ee\/fi\/varaus\/","name":"Varaus - Hair Deluxe","isPartOf":{"@id":"https:\/\/hairdeluxe.ee\/fi\/#website"},"datePublished":"2024-11-09T18:39:00+00:00","dateModified":"2026-02-24T20:09:31+00:00","description":"Kampaajapalvelut Tallinna. Tarjoamme laajan valikoiman kampaamopalveluita, jotka on suunniteltu t\u00e4ytt\u00e4m\u00e4\u00e4n kaikki kauneus- ja hoitotarpeesi.","breadcrumb":{"@id":"https:\/\/hairdeluxe.ee\/fi\/varaus\/#breadcrumb"},"inLanguage":"fi","potentialAction":[{"@type":"ReadAction","target":["https:\/\/hairdeluxe.ee\/fi\/varaus\/"]}]},{"@type":"BreadcrumbList","@id":"https:\/\/hairdeluxe.ee\/fi\/varaus\/#breadcrumb","itemListElement":[{"@type":"ListItem","position":1,"name":"Home","item":"https:\/\/hairdeluxe.ee\/fi\/"},{"@type":"ListItem","position":2,"name":"Varaus"}]},{"@type":"WebSite","@id":"https:\/\/hairdeluxe.ee\/fi\/#website","url":"https:\/\/hairdeluxe.ee\/fi\/","name":"Hair Deluxe","description":"Highlight your natural beauty","publisher":{"@id":"https:\/\/hairdeluxe.ee\/fi\/#organization"},"potentialAction":[{"@type":"SearchAction","target":{"@type":"EntryPoint","urlTemplate":"https:\/\/hairdeluxe.ee\/fi\/?s={search_term_string}"},"query-input":{"@type":"PropertyValueSpecification","valueRequired":true,"valueName":"search_term_string"}}],"inLanguage":"fi"},{"@type":"Organization","@id":"https:\/\/hairdeluxe.ee\/fi\/#organization","name":"Hair Deluxe","url":"https:\/\/hairdeluxe.ee\/fi\/","logo":{"@type":"ImageObject","inLanguage":"fi","@id":"https:\/\/hairdeluxe.ee\/fi\/#\/schema\/logo\/image\/","url":"https:\/\/hairdeluxe.ee\/wp-content\/uploads\/2024\/06\/Hair-Deluxe-Logo-Dark-font.png","contentUrl":"https:\/\/hairdeluxe.ee\/wp-content\/uploads\/2024\/06\/Hair-Deluxe-Logo-Dark-font.png","width":467,"height":177,"caption":"Hair Deluxe"},"image":{"@id":"https:\/\/hairdeluxe.ee\/fi\/#\/schema\/logo\/image\/"},"sameAs":["https:\/\/www.facebook.com\/blowbartallinn","https:\/\/www.instagram.com\/blowbar_tallinn"]}]}},"_links":{"self":[{"href":"https:\/\/hairdeluxe.ee\/fi\/wp-json\/wp\/v2\/pages\/49874","targetHints":{"allow":["GET"]}}],"collection":[{"href":"https:\/\/hairdeluxe.ee\/fi\/wp-json\/wp\/v2\/pages"}],"about":[{"href":"https:\/\/hairdeluxe.ee\/fi\/wp-json\/wp\/v2\/types\/page"}],"author":[{"embeddable":true,"href":"https:\/\/hairdeluxe.ee\/fi\/wp-json\/wp\/v2\/users\/1"}],"replies":[{"embeddable":true,"href":"https:\/\/hairdeluxe.ee\/fi\/wp-json\/wp\/v2\/comments?post=49874"}],"version-history":[{"count":17,"href":"https:\/\/hairdeluxe.ee\/fi\/wp-json\/wp\/v2\/pages\/49874\/revisions"}],"predecessor-version":[{"id":54709,"href":"https:\/\/hairdeluxe.ee\/fi\/wp-json\/wp\/v2\/pages\/49874\/revisions\/54709"}],"wp:attachment":[{"href":"https:\/\/hairdeluxe.ee\/fi\/wp-json\/wp\/v2\/media?parent=49874"}],"curies":[{"name":"wp","href":"https:\/\/api.w.org\/{rel}","templated":true}]}}