{"id":21557,"date":"2021-03-17T15:18:07","date_gmt":"2021-03-17T13:18:07","guid":{"rendered":"https:\/\/blowbar.ee\/toode\/import-placeholder-for-383\/"},"modified":"2025-03-18T19:22:42","modified_gmt":"2025-03-18T19:22:42","slug":"balmain-oine-argaaniaoliga-eliksiir-seerum-30-ml-overnight-repair-serum","status":"publish","type":"product","link":"https:\/\/hairdeluxe.ee\/fi\/product\/balmain-oine-argaaniaoliga-eliksiir-seerum-30-ml-overnight-repair-serum\/","title":{"rendered":"BALMAIN HAIR \u00f6ine argaania\u00f5liga seerum juustele \/ Overnight Repair Serum 30ml"},"content":{"rendered":"<p><em><strong>Koostis:\u00a0<\/strong>Argania Spinosa Kernel Oil, Helianthus Annuus Seed Oil, Parfum, Salvia Hispanica Seed oil (Chia Seed Oil), Macadamia Ternifolia Seed Oil, Glycine Soja Oil, Cocos Nucifera Oil, Chenopodium Quinoa Seed Extract, Gardenia Tahitensis Flower Extract, Rosmarinus Officinalils Leaf Extract, Tocopherol, Citral.<\/em><\/p>\n","protected":false},"excerpt":{"rendered":"<p>Luksuslik toimeaineterikas<strong>\u00a0Overnight Repair Serum<\/strong>\u00a0\u00f6iseks v\u00f5i p\u00e4evaseks juuksehoolduseks ja hoolduskuuriks.<br \/>\nArgaania eliksiiri ja siidiproteiinidega rikastatud kontsentreeritud seerum parandab ning tugevdab juukseid seespoolt. V\u00e4hendab kahjustatud juuste n\u00e4htavaid, l\u00f5henenud otsi.<br \/>\n<strong>Orgaaniline argaania\u00f5li eliksiir \/ seerum &#8211;\u00a0<\/strong>Argaania\u00f5li eliksiir p\u00e4rineb Marokost, argaaniapuu viljast. Imendub s\u00fcgavuti ja t\u00e4nu oma mitmek\u00fclgsele koostisele lisab juustesse s\u00e4ra, pehmuse, tugevuse ja kaitseb kahjustatud juuste struktuuri. Taaselustab eriti kuumt\u00f6\u00f6deldud ja v\u00e4rvitud juuste l\u00f5henenud otsi. Tagab termilise ja UV-kaitse. V\u00f5imas antioks\u00fcdant. Nahale ja peanahale s\u00f5bralik.<br \/>\n<strong>Helianthus Annus Seed \u00f5li &#8211;\u00a0<\/strong>P\u00e4evalilleseemne \u00f5li, mida iseloomustab k\u00f5rge f\u00fctosteroolisisaldus. Niisutab ja tugevdab juuste kaitseomadusi. Toimib antioks\u00fcdandina.<br \/>\n<strong>Salvia Hispanica Seed \u00f5li &#8211;\u00a0<\/strong>K\u00f5rge toitev\u00e4\u00e4rtusega Chia seemne\u00f5li sisaldab juukseid rahustavaid, niisutavaid ja toitvaid rasvhappeid, mineraale, B-vitamiine, aminohappeid ja antioks\u00fcdante.<br \/>\n<strong>Glycine Soja \u00f5li &#8211;\u00a0<\/strong>Sojaoa \u00f5li toimib antioks\u00fcdandina.<br \/>\n<strong>Cocos Nucifera \u00f5li &#8211;\u00a0<\/strong>Kookos\u00f5li toidab ja niisutab.<br \/>\n<strong>Chenopodium Quinoa Seed ekstrakt &#8211;\u00a0<\/strong>Quinoa \u00f5li sisaldab asendamatuid rasvhappeid ja vitamiine. Parandab, toidab ja toimib antioks\u00fcdandina.<br \/>\n<strong>Gardenia Tahitensis \u00f5ie ekstrakt &#8211;\u00a0<\/strong>Monoi\u00f5li ekstraheeritakse orhideest, mida leidub ainult Prantsuse Pol\u00fcneesias. See rahustab ja parandab nahka mitmek\u00fclgsel viisil.<\/p>\n<p><strong>Soovitame kasutada kolmel erineval viisil:<br \/>\n1) \u00d6ine (p\u00e4evane) hooldus juustele<\/strong>.<br \/>\nKanda 1 pipetit\u00e4is seerumit juustesse enne magamaminekut. Kinnitada juuksed \u00fcles pehmesse krunni.<br \/>\n\u00d6\u00f6 v\u00e4ltel imenduvad toimeained s\u00fcgavuti, toites, niisutades ja taaselustades juukseid. Hommikul pesta nagu tavaliselt.<br \/>\n<strong>2) Juusteviimistluse eelne hooldus.<\/strong><br \/>\nLisada 3-5 tilka seerumit juustesse enne kuumt\u00f6\u00f6tlemist. Kaitseb, niisutab, toidab ja peidab katkenud \/ l\u00f5henenud juuste otsad.<br \/>\n<strong>3) Juuksemaski hooldus.<\/strong><br \/>\nLisada 3 tilka seerumit palsamitesse v\u00f5i maskidesse, intensiivistades nende toimet. Tulemuseks siidpehmed ja s\u00e4ravad juuksed.<\/p>\n<p>Kogus: 30ml<\/p>\n<p>https:\/\/www.youtube.com\/watch?v=5sWQaIDKprI<\/p>\n","protected":false},"featured_media":39254,"template":"","meta":[],"product_brand":[464],"product_cat":[266,265,208,121,217],"product_tag":[],"class_list":{"0":"post-21557","1":"product","2":"type-product","3":"status-publish","4":"has-post-thumbnail","6":"product_brand-balmain-hair","7":"product_cat-balmain-hair","8":"product_cat-brandid","9":"product_cat-juuksehooldus","10":"product_cat-koik-tooted","11":"product_cat-maskid-ja-hooldus","13":"first","14":"instock","15":"taxable","16":"shipping-taxable","17":"purchasable","18":"product-type-simple","19":"add-to-wishlist-after_add_to_cart"},"yoast_head":"<!-- This site is optimized with the Yoast SEO plugin v27.3 - https:\/\/yoast.com\/product\/yoast-seo-wordpress\/ -->\n<title>BALMAIN HAIR \u00f6ine argaania\u00f5liga seerum juustele \/ Overnight Repair Serum 30ml - Hair Deluxe<\/title>\n<meta name=\"robots\" content=\"index, follow, max-snippet:-1, max-image-preview:large, max-video-preview:-1\" \/>\n<link rel=\"canonical\" href=\"https:\/\/hairdeluxe.ee\/fi\/product\/balmain-oine-argaaniaoliga-eliksiir-seerum-30-ml-overnight-repair-serum\/\" \/>\n<meta property=\"og:locale\" content=\"fi_FI\" \/>\n<meta property=\"og:type\" content=\"article\" \/>\n<meta property=\"og:title\" content=\"BALMAIN HAIR \u00f6ine argaania\u00f5liga seerum juustele \/ Overnight Repair Serum 30ml - Hair Deluxe\" \/>\n<meta property=\"og:description\" content=\"Luksuslik toimeaineterikas\u00a0Overnight Repair Serum\u00a0\u00f6iseks v\u00f5i p\u00e4evaseks juuksehoolduseks ja hoolduskuuriks. Argaania eliksiiri ja siidiproteiinidega rikastatud kontsentreeritud seerum parandab ning tugevdab juukseid seespoolt. V\u00e4hendab kahjustatud juuste n\u00e4htavaid, l\u00f5henenud otsi. Orgaaniline argaania\u00f5li eliksiir \/ seerum -\u00a0Argaania\u00f5li eliksiir p\u00e4rineb Marokost, argaaniapuu viljast. Imendub s\u00fcgavuti ja t\u00e4nu oma mitmek\u00fclgsele koostisele lisab juustesse s\u00e4ra, pehmuse, tugevuse ja kaitseb kahjustatud juuste struktuuri. Taaselustab eriti kuumt\u00f6\u00f6deldud ja v\u00e4rvitud juuste l\u00f5henenud otsi. Tagab termilise ja UV-kaitse. V\u00f5imas antioks\u00fcdant. Nahale ja peanahale s\u00f5bralik. Helianthus Annus Seed \u00f5li -\u00a0P\u00e4evalilleseemne \u00f5li, mida iseloomustab k\u00f5rge f\u00fctosteroolisisaldus. Niisutab ja tugevdab juuste kaitseomadusi. Toimib antioks\u00fcdandina. Salvia Hispanica Seed \u00f5li -\u00a0K\u00f5rge toitev\u00e4\u00e4rtusega Chia seemne\u00f5li sisaldab juukseid rahustavaid, niisutavaid ja toitvaid rasvhappeid, mineraale, B-vitamiine, aminohappeid ja antioks\u00fcdante. Glycine Soja \u00f5li -\u00a0Sojaoa \u00f5li toimib antioks\u00fcdandina. Cocos Nucifera \u00f5li -\u00a0Kookos\u00f5li toidab ja niisutab. Chenopodium Quinoa Seed ekstrakt -\u00a0Quinoa \u00f5li sisaldab asendamatuid rasvhappeid ja vitamiine. Parandab, toidab ja toimib antioks\u00fcdandina. Gardenia Tahitensis \u00f5ie ekstrakt -\u00a0Monoi\u00f5li ekstraheeritakse orhideest, mida leidub ainult Prantsuse Pol\u00fcneesias. See rahustab ja parandab nahka mitmek\u00fclgsel viisil.  Soovitame kasutada kolmel erineval viisil: 1) \u00d6ine (p\u00e4evane) hooldus juustele. Kanda 1 pipetit\u00e4is seerumit juustesse enne magamaminekut. Kinnitada juuksed \u00fcles pehmesse krunni. \u00d6\u00f6 v\u00e4ltel imenduvad toimeained s\u00fcgavuti, toites, niisutades ja taaselustades juukseid. Hommikul pesta nagu tavaliselt. 2) Juusteviimistluse eelne hooldus. Lisada 3-5 tilka seerumit juustesse enne kuumt\u00f6\u00f6tlemist. Kaitseb, niisutab, toidab ja peidab katkenud \/ l\u00f5henenud juuste otsad. 3) Juuksemaski hooldus. Lisada 3 tilka seerumit palsamitesse v\u00f5i maskidesse, intensiivistades nende toimet. Tulemuseks siidpehmed ja s\u00e4ravad juuksed.  Kogus: 30ml  https:\/\/www.youtube.com\/watch?v=5sWQaIDKprI\" \/>\n<meta property=\"og:url\" content=\"https:\/\/hairdeluxe.ee\/fi\/product\/balmain-oine-argaaniaoliga-eliksiir-seerum-30-ml-overnight-repair-serum\/\" \/>\n<meta property=\"og:site_name\" content=\"Hair Deluxe\" \/>\n<meta property=\"article:publisher\" content=\"https:\/\/www.facebook.com\/blowbartallinn\" \/>\n<meta property=\"article:modified_time\" content=\"2025-03-18T19:22:42+00:00\" \/>\n<meta property=\"og:image\" content=\"https:\/\/hairdeluxe.ee\/wp-content\/uploads\/2024\/02\/balmainhair_care_overnightrepairserum_800x800_5e75.jpg\" \/>\n\t<meta property=\"og:image:width\" content=\"740\" \/>\n\t<meta property=\"og:image:height\" content=\"740\" \/>\n\t<meta property=\"og:image:type\" content=\"image\/jpeg\" \/>\n<meta name=\"twitter:card\" content=\"summary_large_image\" \/>\n<meta name=\"twitter:label1\" content=\"Arvioitu lukuaika\" \/>\n\t<meta name=\"twitter:data1\" content=\"2 minuuttia\" \/>\n<script type=\"application\/ld+json\" class=\"yoast-schema-graph\">{\"@context\":\"https:\\\/\\\/schema.org\",\"@graph\":[{\"@type\":\"WebPage\",\"@id\":\"https:\\\/\\\/hairdeluxe.ee\\\/fi\\\/product\\\/balmain-oine-argaaniaoliga-eliksiir-seerum-30-ml-overnight-repair-serum\\\/\",\"url\":\"https:\\\/\\\/hairdeluxe.ee\\\/fi\\\/product\\\/balmain-oine-argaaniaoliga-eliksiir-seerum-30-ml-overnight-repair-serum\\\/\",\"name\":\"BALMAIN HAIR \u00f6ine argaania\u00f5liga seerum juustele \\\/ Overnight Repair Serum 30ml - Hair Deluxe\",\"isPartOf\":{\"@id\":\"https:\\\/\\\/hairdeluxe.ee\\\/fi\\\/#website\"},\"primaryImageOfPage\":{\"@id\":\"https:\\\/\\\/hairdeluxe.ee\\\/fi\\\/product\\\/balmain-oine-argaaniaoliga-eliksiir-seerum-30-ml-overnight-repair-serum\\\/#primaryimage\"},\"image\":{\"@id\":\"https:\\\/\\\/hairdeluxe.ee\\\/fi\\\/product\\\/balmain-oine-argaaniaoliga-eliksiir-seerum-30-ml-overnight-repair-serum\\\/#primaryimage\"},\"thumbnailUrl\":\"https:\\\/\\\/hairdeluxe.ee\\\/wp-content\\\/uploads\\\/2024\\\/02\\\/balmainhair_care_overnightrepairserum_800x800_5e75.jpg\",\"datePublished\":\"2021-03-17T13:18:07+00:00\",\"dateModified\":\"2025-03-18T19:22:42+00:00\",\"breadcrumb\":{\"@id\":\"https:\\\/\\\/hairdeluxe.ee\\\/fi\\\/product\\\/balmain-oine-argaaniaoliga-eliksiir-seerum-30-ml-overnight-repair-serum\\\/#breadcrumb\"},\"inLanguage\":\"fi\",\"potentialAction\":[{\"@type\":\"ReadAction\",\"target\":[\"https:\\\/\\\/hairdeluxe.ee\\\/fi\\\/product\\\/balmain-oine-argaaniaoliga-eliksiir-seerum-30-ml-overnight-repair-serum\\\/\"]}]},{\"@type\":\"ImageObject\",\"inLanguage\":\"fi\",\"@id\":\"https:\\\/\\\/hairdeluxe.ee\\\/fi\\\/product\\\/balmain-oine-argaaniaoliga-eliksiir-seerum-30-ml-overnight-repair-serum\\\/#primaryimage\",\"url\":\"https:\\\/\\\/hairdeluxe.ee\\\/wp-content\\\/uploads\\\/2024\\\/02\\\/balmainhair_care_overnightrepairserum_800x800_5e75.jpg\",\"contentUrl\":\"https:\\\/\\\/hairdeluxe.ee\\\/wp-content\\\/uploads\\\/2024\\\/02\\\/balmainhair_care_overnightrepairserum_800x800_5e75.jpg\",\"width\":740,\"height\":740},{\"@type\":\"BreadcrumbList\",\"@id\":\"https:\\\/\\\/hairdeluxe.ee\\\/fi\\\/product\\\/balmain-oine-argaaniaoliga-eliksiir-seerum-30-ml-overnight-repair-serum\\\/#breadcrumb\",\"itemListElement\":[{\"@type\":\"ListItem\",\"position\":1,\"name\":\"Home\",\"item\":\"https:\\\/\\\/hairdeluxe.ee\\\/fi\\\/\"},{\"@type\":\"ListItem\",\"position\":2,\"name\":\"Kauppa\",\"item\":\"https:\\\/\\\/hairdeluxe.ee\\\/fi\\\/shop\\\/\"},{\"@type\":\"ListItem\",\"position\":3,\"name\":\"BALMAIN HAIR \u00f6ine argaania\u00f5liga seerum juustele \\\/ Overnight Repair Serum 30ml\"}]},{\"@type\":\"WebSite\",\"@id\":\"https:\\\/\\\/hairdeluxe.ee\\\/fi\\\/#website\",\"url\":\"https:\\\/\\\/hairdeluxe.ee\\\/fi\\\/\",\"name\":\"Hair Deluxe\",\"description\":\"Highlight your natural beauty\",\"publisher\":{\"@id\":\"https:\\\/\\\/hairdeluxe.ee\\\/fi\\\/#organization\"},\"potentialAction\":[{\"@type\":\"SearchAction\",\"target\":{\"@type\":\"EntryPoint\",\"urlTemplate\":\"https:\\\/\\\/hairdeluxe.ee\\\/fi\\\/?s={search_term_string}\"},\"query-input\":{\"@type\":\"PropertyValueSpecification\",\"valueRequired\":true,\"valueName\":\"search_term_string\"}}],\"inLanguage\":\"fi\"},{\"@type\":\"Organization\",\"@id\":\"https:\\\/\\\/hairdeluxe.ee\\\/fi\\\/#organization\",\"name\":\"Hair Deluxe\",\"url\":\"https:\\\/\\\/hairdeluxe.ee\\\/fi\\\/\",\"logo\":{\"@type\":\"ImageObject\",\"inLanguage\":\"fi\",\"@id\":\"https:\\\/\\\/hairdeluxe.ee\\\/fi\\\/#\\\/schema\\\/logo\\\/image\\\/\",\"url\":\"https:\\\/\\\/hairdeluxe.ee\\\/wp-content\\\/uploads\\\/2024\\\/06\\\/Hair-Deluxe-Logo-Dark-font.png\",\"contentUrl\":\"https:\\\/\\\/hairdeluxe.ee\\\/wp-content\\\/uploads\\\/2024\\\/06\\\/Hair-Deluxe-Logo-Dark-font.png\",\"width\":467,\"height\":177,\"caption\":\"Hair Deluxe\"},\"image\":{\"@id\":\"https:\\\/\\\/hairdeluxe.ee\\\/fi\\\/#\\\/schema\\\/logo\\\/image\\\/\"},\"sameAs\":[\"https:\\\/\\\/www.facebook.com\\\/blowbartallinn\",\"https:\\\/\\\/www.instagram.com\\\/blowbar_tallinn\"]}]}<\/script>\n<!-- \/ Yoast SEO plugin. -->","yoast_head_json":{"title":"BALMAIN HAIR \u00f6ine argaania\u00f5liga seerum juustele \/ Overnight Repair Serum 30ml - Hair Deluxe","robots":{"index":"index","follow":"follow","max-snippet":"max-snippet:-1","max-image-preview":"max-image-preview:large","max-video-preview":"max-video-preview:-1"},"canonical":"https:\/\/hairdeluxe.ee\/fi\/product\/balmain-oine-argaaniaoliga-eliksiir-seerum-30-ml-overnight-repair-serum\/","og_locale":"fi_FI","og_type":"article","og_title":"BALMAIN HAIR \u00f6ine argaania\u00f5liga seerum juustele \/ Overnight Repair Serum 30ml - Hair Deluxe","og_description":"Luksuslik toimeaineterikas\u00a0Overnight Repair Serum\u00a0\u00f6iseks v\u00f5i p\u00e4evaseks juuksehoolduseks ja hoolduskuuriks. Argaania eliksiiri ja siidiproteiinidega rikastatud kontsentreeritud seerum parandab ning tugevdab juukseid seespoolt. V\u00e4hendab kahjustatud juuste n\u00e4htavaid, l\u00f5henenud otsi. Orgaaniline argaania\u00f5li eliksiir \/ seerum -\u00a0Argaania\u00f5li eliksiir p\u00e4rineb Marokost, argaaniapuu viljast. Imendub s\u00fcgavuti ja t\u00e4nu oma mitmek\u00fclgsele koostisele lisab juustesse s\u00e4ra, pehmuse, tugevuse ja kaitseb kahjustatud juuste struktuuri. Taaselustab eriti kuumt\u00f6\u00f6deldud ja v\u00e4rvitud juuste l\u00f5henenud otsi. Tagab termilise ja UV-kaitse. V\u00f5imas antioks\u00fcdant. Nahale ja peanahale s\u00f5bralik. Helianthus Annus Seed \u00f5li -\u00a0P\u00e4evalilleseemne \u00f5li, mida iseloomustab k\u00f5rge f\u00fctosteroolisisaldus. Niisutab ja tugevdab juuste kaitseomadusi. Toimib antioks\u00fcdandina. Salvia Hispanica Seed \u00f5li -\u00a0K\u00f5rge toitev\u00e4\u00e4rtusega Chia seemne\u00f5li sisaldab juukseid rahustavaid, niisutavaid ja toitvaid rasvhappeid, mineraale, B-vitamiine, aminohappeid ja antioks\u00fcdante. Glycine Soja \u00f5li -\u00a0Sojaoa \u00f5li toimib antioks\u00fcdandina. Cocos Nucifera \u00f5li -\u00a0Kookos\u00f5li toidab ja niisutab. Chenopodium Quinoa Seed ekstrakt -\u00a0Quinoa \u00f5li sisaldab asendamatuid rasvhappeid ja vitamiine. Parandab, toidab ja toimib antioks\u00fcdandina. Gardenia Tahitensis \u00f5ie ekstrakt -\u00a0Monoi\u00f5li ekstraheeritakse orhideest, mida leidub ainult Prantsuse Pol\u00fcneesias. See rahustab ja parandab nahka mitmek\u00fclgsel viisil.  Soovitame kasutada kolmel erineval viisil: 1) \u00d6ine (p\u00e4evane) hooldus juustele. Kanda 1 pipetit\u00e4is seerumit juustesse enne magamaminekut. Kinnitada juuksed \u00fcles pehmesse krunni. \u00d6\u00f6 v\u00e4ltel imenduvad toimeained s\u00fcgavuti, toites, niisutades ja taaselustades juukseid. Hommikul pesta nagu tavaliselt. 2) Juusteviimistluse eelne hooldus. Lisada 3-5 tilka seerumit juustesse enne kuumt\u00f6\u00f6tlemist. Kaitseb, niisutab, toidab ja peidab katkenud \/ l\u00f5henenud juuste otsad. 3) Juuksemaski hooldus. Lisada 3 tilka seerumit palsamitesse v\u00f5i maskidesse, intensiivistades nende toimet. Tulemuseks siidpehmed ja s\u00e4ravad juuksed.  Kogus: 30ml  https:\/\/www.youtube.com\/watch?v=5sWQaIDKprI","og_url":"https:\/\/hairdeluxe.ee\/fi\/product\/balmain-oine-argaaniaoliga-eliksiir-seerum-30-ml-overnight-repair-serum\/","og_site_name":"Hair Deluxe","article_publisher":"https:\/\/www.facebook.com\/blowbartallinn","article_modified_time":"2025-03-18T19:22:42+00:00","og_image":[{"width":740,"height":740,"url":"https:\/\/hairdeluxe.ee\/wp-content\/uploads\/2024\/02\/balmainhair_care_overnightrepairserum_800x800_5e75.jpg","type":"image\/jpeg"}],"twitter_card":"summary_large_image","twitter_misc":{"Arvioitu lukuaika":"2 minuuttia"},"schema":{"@context":"https:\/\/schema.org","@graph":[{"@type":"WebPage","@id":"https:\/\/hairdeluxe.ee\/fi\/product\/balmain-oine-argaaniaoliga-eliksiir-seerum-30-ml-overnight-repair-serum\/","url":"https:\/\/hairdeluxe.ee\/fi\/product\/balmain-oine-argaaniaoliga-eliksiir-seerum-30-ml-overnight-repair-serum\/","name":"BALMAIN HAIR \u00f6ine argaania\u00f5liga seerum juustele \/ Overnight Repair Serum 30ml - Hair Deluxe","isPartOf":{"@id":"https:\/\/hairdeluxe.ee\/fi\/#website"},"primaryImageOfPage":{"@id":"https:\/\/hairdeluxe.ee\/fi\/product\/balmain-oine-argaaniaoliga-eliksiir-seerum-30-ml-overnight-repair-serum\/#primaryimage"},"image":{"@id":"https:\/\/hairdeluxe.ee\/fi\/product\/balmain-oine-argaaniaoliga-eliksiir-seerum-30-ml-overnight-repair-serum\/#primaryimage"},"thumbnailUrl":"https:\/\/hairdeluxe.ee\/wp-content\/uploads\/2024\/02\/balmainhair_care_overnightrepairserum_800x800_5e75.jpg","datePublished":"2021-03-17T13:18:07+00:00","dateModified":"2025-03-18T19:22:42+00:00","breadcrumb":{"@id":"https:\/\/hairdeluxe.ee\/fi\/product\/balmain-oine-argaaniaoliga-eliksiir-seerum-30-ml-overnight-repair-serum\/#breadcrumb"},"inLanguage":"fi","potentialAction":[{"@type":"ReadAction","target":["https:\/\/hairdeluxe.ee\/fi\/product\/balmain-oine-argaaniaoliga-eliksiir-seerum-30-ml-overnight-repair-serum\/"]}]},{"@type":"ImageObject","inLanguage":"fi","@id":"https:\/\/hairdeluxe.ee\/fi\/product\/balmain-oine-argaaniaoliga-eliksiir-seerum-30-ml-overnight-repair-serum\/#primaryimage","url":"https:\/\/hairdeluxe.ee\/wp-content\/uploads\/2024\/02\/balmainhair_care_overnightrepairserum_800x800_5e75.jpg","contentUrl":"https:\/\/hairdeluxe.ee\/wp-content\/uploads\/2024\/02\/balmainhair_care_overnightrepairserum_800x800_5e75.jpg","width":740,"height":740},{"@type":"BreadcrumbList","@id":"https:\/\/hairdeluxe.ee\/fi\/product\/balmain-oine-argaaniaoliga-eliksiir-seerum-30-ml-overnight-repair-serum\/#breadcrumb","itemListElement":[{"@type":"ListItem","position":1,"name":"Home","item":"https:\/\/hairdeluxe.ee\/fi\/"},{"@type":"ListItem","position":2,"name":"Kauppa","item":"https:\/\/hairdeluxe.ee\/fi\/shop\/"},{"@type":"ListItem","position":3,"name":"BALMAIN HAIR \u00f6ine argaania\u00f5liga seerum juustele \/ Overnight Repair Serum 30ml"}]},{"@type":"WebSite","@id":"https:\/\/hairdeluxe.ee\/fi\/#website","url":"https:\/\/hairdeluxe.ee\/fi\/","name":"Hair Deluxe","description":"Highlight your natural beauty","publisher":{"@id":"https:\/\/hairdeluxe.ee\/fi\/#organization"},"potentialAction":[{"@type":"SearchAction","target":{"@type":"EntryPoint","urlTemplate":"https:\/\/hairdeluxe.ee\/fi\/?s={search_term_string}"},"query-input":{"@type":"PropertyValueSpecification","valueRequired":true,"valueName":"search_term_string"}}],"inLanguage":"fi"},{"@type":"Organization","@id":"https:\/\/hairdeluxe.ee\/fi\/#organization","name":"Hair Deluxe","url":"https:\/\/hairdeluxe.ee\/fi\/","logo":{"@type":"ImageObject","inLanguage":"fi","@id":"https:\/\/hairdeluxe.ee\/fi\/#\/schema\/logo\/image\/","url":"https:\/\/hairdeluxe.ee\/wp-content\/uploads\/2024\/06\/Hair-Deluxe-Logo-Dark-font.png","contentUrl":"https:\/\/hairdeluxe.ee\/wp-content\/uploads\/2024\/06\/Hair-Deluxe-Logo-Dark-font.png","width":467,"height":177,"caption":"Hair Deluxe"},"image":{"@id":"https:\/\/hairdeluxe.ee\/fi\/#\/schema\/logo\/image\/"},"sameAs":["https:\/\/www.facebook.com\/blowbartallinn","https:\/\/www.instagram.com\/blowbar_tallinn"]}]}},"_links":{"self":[{"href":"https:\/\/hairdeluxe.ee\/fi\/wp-json\/wp\/v2\/product\/21557","targetHints":{"allow":["GET"]}}],"collection":[{"href":"https:\/\/hairdeluxe.ee\/fi\/wp-json\/wp\/v2\/product"}],"about":[{"href":"https:\/\/hairdeluxe.ee\/fi\/wp-json\/wp\/v2\/types\/product"}],"wp:featuredmedia":[{"embeddable":true,"href":"https:\/\/hairdeluxe.ee\/fi\/wp-json\/wp\/v2\/media\/39254"}],"wp:attachment":[{"href":"https:\/\/hairdeluxe.ee\/fi\/wp-json\/wp\/v2\/media?parent=21557"}],"wp:term":[{"taxonomy":"product_brand","embeddable":true,"href":"https:\/\/hairdeluxe.ee\/fi\/wp-json\/wp\/v2\/product_brand?post=21557"},{"taxonomy":"product_cat","embeddable":true,"href":"https:\/\/hairdeluxe.ee\/fi\/wp-json\/wp\/v2\/product_cat?post=21557"},{"taxonomy":"product_tag","embeddable":true,"href":"https:\/\/hairdeluxe.ee\/fi\/wp-json\/wp\/v2\/product_tag?post=21557"}],"curies":[{"name":"wp","href":"https:\/\/api.w.org\/{rel}","templated":true}]}}