{"id":21558,"date":"2021-03-17T15:18:07","date_gmt":"2021-03-17T13:18:07","guid":{"rendered":"https:\/\/blowbar.ee\/toode\/import-placeholder-for-389\/"},"modified":"2025-03-18T19:22:42","modified_gmt":"2025-03-18T19:22:42","slug":"kirgastav-hobesampoon-silver-pearl-300-ml","status":"publish","type":"product","link":"https:\/\/hairdeluxe.ee\/fi\/product\/kirgastav-hobesampoon-silver-pearl-300-ml\/","title":{"rendered":"BALMAIN HAIR kirgastav h\u00f5be\u0161ampoon k\u00fclm toon \/ Illuminating Silver Pearl Shampoo Ash 300ml"},"content":{"rendered":"<p><em><strong>Koostis:<\/strong> Aqua, MEA-Lauryl Sulfate, PEG-18 Glyceryl Oleate\/Cocoate, Cocamidopropylamine Oxide, Glycerin, Butylene Glycol, PEG-4 Rapeseedamide, PEG-7 Glyceryl Cocoate, Polyquaternium-44, Glycol Distearate, Glycereth-2 Cocoate, Sodium Laureth Sulfate, Tetrasodium EDTA, Benzophenone-4, Ethylhexylglycerin, Sodium Benzoate, Phenoxyethanol, Iodopropynyl Butylcarbamate, Citric Acid, Parfum, CI 60730, Basic Violet 16.<\/em><\/p>\n","protected":false},"excerpt":{"rendered":"<p>Balmain Hair juukseid helendav ja puhastav \u0161ampoon on v\u00e4lja t\u00f6\u00f6tatud spetsiaalselt k\u00fclmadele blondidele, hallidele ja h\u00f5bedastele juustele. \u0160ampoonis sisalduv s\u00fcgavlilla pigment v\u00e4hendab juustes soovimatuid kollaseid toone. H\u00f5be\u0161ampoon puhastab \u00f5rnalt juukseid neid samal ajal niisutades ja meeldivalt pehmeks j\u00e4ttes. Tulemuseks on heledamad, s\u00e4ravamad ja kristall-h\u00f5bedased juuksed.\u00a0Silver Pearl on spetsiaalne \u0161ampoon, mis aitab s\u00e4ilitada helendatud ja loomulike blondide juuste k\u00fclmemat tooni. Parabeenivaba.<br \/>\n&#8211; Helendab ja v\u00e4rskendab blonde, halle ja h\u00f5bedasi juukseid<br \/>\n&#8211; V\u00e4hendab juustes soovimatuid kollaseid toone<br \/>\n&#8211; Tulemuseks s\u00e4ravamad kristall-h\u00f5bedased juuksed<\/p>\n<p><strong>Kasutamine:<\/strong> Parema efekti saavutamiseks, pesta eelnevalt juukseid niisutava <a href=\"https:\/\/www.balmainhair.ee\/toode\/balmain-moisturizing-shampoo-300ml\/\">Balmain Hair shampooniga \/ Moisturizing Shampoo<\/a>. P\u00e4rast esimest pesu kanda toode niisketele juustele, masseerida \u00f5rnalt 3 minutit ja loputada hoolikalt.<\/p>\n<p><strong>Soovitus:<\/strong>\u00a0Kasutada Balmain Hair h\u00f5be\u0161ampooni koos\u00a0<a href=\"https:\/\/www.balmainhair.ee\/toode\/balmain-ash-toner-200-ml\/\">Balmain Hair Ash Toner h\u00f5bespreiga<\/a>, s\u00e4ilitamaks soovitud tooni v\u00e4rvimiskordade vahel.<\/p>\n<p>Kogus: 300ml<\/p>\n<p><a href=\"https:\/\/www.balmainhair.ee\/toode\/balmain-hair-illuminating-shampoo-white-pearl-hobeshampoon-juuksed-juuksevarv\/\"><strong>Vaata lisaks:<\/strong>\u00a0BALMAIN Hair kirgastav h\u00f5be\u0161ampoon valge p\u00e4rli kumaga \/ Illuminating White Pearl, 300ml<\/a><\/p>\n","protected":false},"featured_media":39259,"template":"","meta":[],"product_brand":[464],"product_cat":[266,231,265,208,121,278,155,227,279,282],"product_tag":[],"class_list":{"0":"post-21558","1":"product","2":"type-product","3":"status-publish","4":"has-post-thumbnail","6":"product_brand-balmain-hair","7":"product_cat-balmain-hair","8":"product_cat-blondeeritud-juustele","9":"product_cat-brandid","10":"product_cat-juuksehooldus","11":"product_cat-koik-tooted","12":"product_cat-kollektsioonid","13":"product_cat-pikenduste-jarelehoolitsus","14":"product_cat-shampoonid","15":"product_cat-sugavuti-niisutav-moisturizing","16":"product_cat-varvitud-juustele-couleurs-couture","18":"first","19":"instock","20":"taxable","21":"shipping-taxable","22":"purchasable","23":"product-type-simple","24":"add-to-wishlist-after_add_to_cart"},"yoast_head":"<!-- This site is optimized with the Yoast SEO plugin v27.3 - https:\/\/yoast.com\/product\/yoast-seo-wordpress\/ -->\n<title>BALMAIN HAIR kirgastav h\u00f5be\u0161ampoon k\u00fclm toon \/ Illuminating Silver Pearl Shampoo Ash 300ml - Hair Deluxe<\/title>\n<meta name=\"robots\" content=\"index, follow, max-snippet:-1, max-image-preview:large, max-video-preview:-1\" \/>\n<link rel=\"canonical\" href=\"https:\/\/hairdeluxe.ee\/fi\/product\/kirgastav-hobesampoon-silver-pearl-300-ml\/\" \/>\n<meta property=\"og:locale\" content=\"fi_FI\" \/>\n<meta property=\"og:type\" content=\"article\" \/>\n<meta property=\"og:title\" content=\"BALMAIN HAIR kirgastav h\u00f5be\u0161ampoon k\u00fclm toon \/ Illuminating Silver Pearl Shampoo Ash 300ml - Hair Deluxe\" \/>\n<meta property=\"og:description\" content=\"Balmain Hair juukseid helendav ja puhastav \u0161ampoon on v\u00e4lja t\u00f6\u00f6tatud spetsiaalselt k\u00fclmadele blondidele, hallidele ja h\u00f5bedastele juustele. \u0160ampoonis sisalduv s\u00fcgavlilla pigment v\u00e4hendab juustes soovimatuid kollaseid toone. H\u00f5be\u0161ampoon puhastab \u00f5rnalt juukseid neid samal ajal niisutades ja meeldivalt pehmeks j\u00e4ttes. Tulemuseks on heledamad, s\u00e4ravamad ja kristall-h\u00f5bedased juuksed.\u00a0Silver Pearl on spetsiaalne \u0161ampoon, mis aitab s\u00e4ilitada helendatud ja loomulike blondide juuste k\u00fclmemat tooni. Parabeenivaba. - Helendab ja v\u00e4rskendab blonde, halle ja h\u00f5bedasi juukseid - V\u00e4hendab juustes soovimatuid kollaseid toone - Tulemuseks s\u00e4ravamad kristall-h\u00f5bedased juuksed  Kasutamine: Parema efekti saavutamiseks, pesta eelnevalt juukseid niisutava Balmain Hair shampooniga \/ Moisturizing Shampoo. P\u00e4rast esimest pesu kanda toode niisketele juustele, masseerida \u00f5rnalt 3 minutit ja loputada hoolikalt.  Soovitus:\u00a0Kasutada Balmain Hair h\u00f5be\u0161ampooni koos\u00a0Balmain Hair Ash Toner h\u00f5bespreiga, s\u00e4ilitamaks soovitud tooni v\u00e4rvimiskordade vahel.  Kogus: 300ml  Vaata lisaks:\u00a0BALMAIN Hair kirgastav h\u00f5be\u0161ampoon valge p\u00e4rli kumaga \/ Illuminating White Pearl, 300ml\" \/>\n<meta property=\"og:url\" content=\"https:\/\/hairdeluxe.ee\/fi\/product\/kirgastav-hobesampoon-silver-pearl-300-ml\/\" \/>\n<meta property=\"og:site_name\" content=\"Hair Deluxe\" \/>\n<meta property=\"article:publisher\" content=\"https:\/\/www.facebook.com\/blowbartallinn\" \/>\n<meta property=\"article:modified_time\" content=\"2025-03-18T19:22:42+00:00\" \/>\n<meta property=\"og:image\" content=\"https:\/\/hairdeluxe.ee\/wp-content\/uploads\/2024\/02\/balmainhair_care_illuminatingshampoosilverpearl_lr-1.jpg\" \/>\n\t<meta property=\"og:image:width\" content=\"826\" \/>\n\t<meta property=\"og:image:height\" content=\"1013\" \/>\n\t<meta property=\"og:image:type\" content=\"image\/jpeg\" \/>\n<meta name=\"twitter:card\" content=\"summary_large_image\" \/>\n<meta name=\"twitter:label1\" content=\"Arvioitu lukuaika\" \/>\n\t<meta name=\"twitter:data1\" content=\"1 minuutti\" \/>\n<script type=\"application\/ld+json\" class=\"yoast-schema-graph\">{\"@context\":\"https:\\\/\\\/schema.org\",\"@graph\":[{\"@type\":\"WebPage\",\"@id\":\"https:\\\/\\\/hairdeluxe.ee\\\/fi\\\/product\\\/kirgastav-hobesampoon-silver-pearl-300-ml\\\/\",\"url\":\"https:\\\/\\\/hairdeluxe.ee\\\/fi\\\/product\\\/kirgastav-hobesampoon-silver-pearl-300-ml\\\/\",\"name\":\"BALMAIN HAIR kirgastav h\u00f5be\u0161ampoon k\u00fclm toon \\\/ Illuminating Silver Pearl Shampoo Ash 300ml - Hair Deluxe\",\"isPartOf\":{\"@id\":\"https:\\\/\\\/hairdeluxe.ee\\\/fi\\\/#website\"},\"primaryImageOfPage\":{\"@id\":\"https:\\\/\\\/hairdeluxe.ee\\\/fi\\\/product\\\/kirgastav-hobesampoon-silver-pearl-300-ml\\\/#primaryimage\"},\"image\":{\"@id\":\"https:\\\/\\\/hairdeluxe.ee\\\/fi\\\/product\\\/kirgastav-hobesampoon-silver-pearl-300-ml\\\/#primaryimage\"},\"thumbnailUrl\":\"https:\\\/\\\/hairdeluxe.ee\\\/wp-content\\\/uploads\\\/2024\\\/02\\\/balmainhair_care_illuminatingshampoosilverpearl_lr-1.jpg\",\"datePublished\":\"2021-03-17T13:18:07+00:00\",\"dateModified\":\"2025-03-18T19:22:42+00:00\",\"breadcrumb\":{\"@id\":\"https:\\\/\\\/hairdeluxe.ee\\\/fi\\\/product\\\/kirgastav-hobesampoon-silver-pearl-300-ml\\\/#breadcrumb\"},\"inLanguage\":\"fi\",\"potentialAction\":[{\"@type\":\"ReadAction\",\"target\":[\"https:\\\/\\\/hairdeluxe.ee\\\/fi\\\/product\\\/kirgastav-hobesampoon-silver-pearl-300-ml\\\/\"]}]},{\"@type\":\"ImageObject\",\"inLanguage\":\"fi\",\"@id\":\"https:\\\/\\\/hairdeluxe.ee\\\/fi\\\/product\\\/kirgastav-hobesampoon-silver-pearl-300-ml\\\/#primaryimage\",\"url\":\"https:\\\/\\\/hairdeluxe.ee\\\/wp-content\\\/uploads\\\/2024\\\/02\\\/balmainhair_care_illuminatingshampoosilverpearl_lr-1.jpg\",\"contentUrl\":\"https:\\\/\\\/hairdeluxe.ee\\\/wp-content\\\/uploads\\\/2024\\\/02\\\/balmainhair_care_illuminatingshampoosilverpearl_lr-1.jpg\",\"width\":826,\"height\":1013},{\"@type\":\"BreadcrumbList\",\"@id\":\"https:\\\/\\\/hairdeluxe.ee\\\/fi\\\/product\\\/kirgastav-hobesampoon-silver-pearl-300-ml\\\/#breadcrumb\",\"itemListElement\":[{\"@type\":\"ListItem\",\"position\":1,\"name\":\"Home\",\"item\":\"https:\\\/\\\/hairdeluxe.ee\\\/fi\\\/\"},{\"@type\":\"ListItem\",\"position\":2,\"name\":\"Kauppa\",\"item\":\"https:\\\/\\\/hairdeluxe.ee\\\/fi\\\/shop\\\/\"},{\"@type\":\"ListItem\",\"position\":3,\"name\":\"BALMAIN HAIR kirgastav h\u00f5be\u0161ampoon k\u00fclm toon \\\/ Illuminating Silver Pearl Shampoo Ash 300ml\"}]},{\"@type\":\"WebSite\",\"@id\":\"https:\\\/\\\/hairdeluxe.ee\\\/fi\\\/#website\",\"url\":\"https:\\\/\\\/hairdeluxe.ee\\\/fi\\\/\",\"name\":\"Hair Deluxe\",\"description\":\"Highlight your natural beauty\",\"publisher\":{\"@id\":\"https:\\\/\\\/hairdeluxe.ee\\\/fi\\\/#organization\"},\"potentialAction\":[{\"@type\":\"SearchAction\",\"target\":{\"@type\":\"EntryPoint\",\"urlTemplate\":\"https:\\\/\\\/hairdeluxe.ee\\\/fi\\\/?s={search_term_string}\"},\"query-input\":{\"@type\":\"PropertyValueSpecification\",\"valueRequired\":true,\"valueName\":\"search_term_string\"}}],\"inLanguage\":\"fi\"},{\"@type\":\"Organization\",\"@id\":\"https:\\\/\\\/hairdeluxe.ee\\\/fi\\\/#organization\",\"name\":\"Hair Deluxe\",\"url\":\"https:\\\/\\\/hairdeluxe.ee\\\/fi\\\/\",\"logo\":{\"@type\":\"ImageObject\",\"inLanguage\":\"fi\",\"@id\":\"https:\\\/\\\/hairdeluxe.ee\\\/fi\\\/#\\\/schema\\\/logo\\\/image\\\/\",\"url\":\"https:\\\/\\\/hairdeluxe.ee\\\/wp-content\\\/uploads\\\/2024\\\/06\\\/Hair-Deluxe-Logo-Dark-font.png\",\"contentUrl\":\"https:\\\/\\\/hairdeluxe.ee\\\/wp-content\\\/uploads\\\/2024\\\/06\\\/Hair-Deluxe-Logo-Dark-font.png\",\"width\":467,\"height\":177,\"caption\":\"Hair Deluxe\"},\"image\":{\"@id\":\"https:\\\/\\\/hairdeluxe.ee\\\/fi\\\/#\\\/schema\\\/logo\\\/image\\\/\"},\"sameAs\":[\"https:\\\/\\\/www.facebook.com\\\/blowbartallinn\",\"https:\\\/\\\/www.instagram.com\\\/blowbar_tallinn\"]}]}<\/script>\n<!-- \/ Yoast SEO plugin. -->","yoast_head_json":{"title":"BALMAIN HAIR kirgastav h\u00f5be\u0161ampoon k\u00fclm toon \/ Illuminating Silver Pearl Shampoo Ash 300ml - Hair Deluxe","robots":{"index":"index","follow":"follow","max-snippet":"max-snippet:-1","max-image-preview":"max-image-preview:large","max-video-preview":"max-video-preview:-1"},"canonical":"https:\/\/hairdeluxe.ee\/fi\/product\/kirgastav-hobesampoon-silver-pearl-300-ml\/","og_locale":"fi_FI","og_type":"article","og_title":"BALMAIN HAIR kirgastav h\u00f5be\u0161ampoon k\u00fclm toon \/ Illuminating Silver Pearl Shampoo Ash 300ml - Hair Deluxe","og_description":"Balmain Hair juukseid helendav ja puhastav \u0161ampoon on v\u00e4lja t\u00f6\u00f6tatud spetsiaalselt k\u00fclmadele blondidele, hallidele ja h\u00f5bedastele juustele. \u0160ampoonis sisalduv s\u00fcgavlilla pigment v\u00e4hendab juustes soovimatuid kollaseid toone. H\u00f5be\u0161ampoon puhastab \u00f5rnalt juukseid neid samal ajal niisutades ja meeldivalt pehmeks j\u00e4ttes. Tulemuseks on heledamad, s\u00e4ravamad ja kristall-h\u00f5bedased juuksed.\u00a0Silver Pearl on spetsiaalne \u0161ampoon, mis aitab s\u00e4ilitada helendatud ja loomulike blondide juuste k\u00fclmemat tooni. Parabeenivaba. - Helendab ja v\u00e4rskendab blonde, halle ja h\u00f5bedasi juukseid - V\u00e4hendab juustes soovimatuid kollaseid toone - Tulemuseks s\u00e4ravamad kristall-h\u00f5bedased juuksed  Kasutamine: Parema efekti saavutamiseks, pesta eelnevalt juukseid niisutava Balmain Hair shampooniga \/ Moisturizing Shampoo. P\u00e4rast esimest pesu kanda toode niisketele juustele, masseerida \u00f5rnalt 3 minutit ja loputada hoolikalt.  Soovitus:\u00a0Kasutada Balmain Hair h\u00f5be\u0161ampooni koos\u00a0Balmain Hair Ash Toner h\u00f5bespreiga, s\u00e4ilitamaks soovitud tooni v\u00e4rvimiskordade vahel.  Kogus: 300ml  Vaata lisaks:\u00a0BALMAIN Hair kirgastav h\u00f5be\u0161ampoon valge p\u00e4rli kumaga \/ Illuminating White Pearl, 300ml","og_url":"https:\/\/hairdeluxe.ee\/fi\/product\/kirgastav-hobesampoon-silver-pearl-300-ml\/","og_site_name":"Hair Deluxe","article_publisher":"https:\/\/www.facebook.com\/blowbartallinn","article_modified_time":"2025-03-18T19:22:42+00:00","og_image":[{"width":826,"height":1013,"url":"https:\/\/hairdeluxe.ee\/wp-content\/uploads\/2024\/02\/balmainhair_care_illuminatingshampoosilverpearl_lr-1.jpg","type":"image\/jpeg"}],"twitter_card":"summary_large_image","twitter_misc":{"Arvioitu lukuaika":"1 minuutti"},"schema":{"@context":"https:\/\/schema.org","@graph":[{"@type":"WebPage","@id":"https:\/\/hairdeluxe.ee\/fi\/product\/kirgastav-hobesampoon-silver-pearl-300-ml\/","url":"https:\/\/hairdeluxe.ee\/fi\/product\/kirgastav-hobesampoon-silver-pearl-300-ml\/","name":"BALMAIN HAIR kirgastav h\u00f5be\u0161ampoon k\u00fclm toon \/ Illuminating Silver Pearl Shampoo Ash 300ml - Hair Deluxe","isPartOf":{"@id":"https:\/\/hairdeluxe.ee\/fi\/#website"},"primaryImageOfPage":{"@id":"https:\/\/hairdeluxe.ee\/fi\/product\/kirgastav-hobesampoon-silver-pearl-300-ml\/#primaryimage"},"image":{"@id":"https:\/\/hairdeluxe.ee\/fi\/product\/kirgastav-hobesampoon-silver-pearl-300-ml\/#primaryimage"},"thumbnailUrl":"https:\/\/hairdeluxe.ee\/wp-content\/uploads\/2024\/02\/balmainhair_care_illuminatingshampoosilverpearl_lr-1.jpg","datePublished":"2021-03-17T13:18:07+00:00","dateModified":"2025-03-18T19:22:42+00:00","breadcrumb":{"@id":"https:\/\/hairdeluxe.ee\/fi\/product\/kirgastav-hobesampoon-silver-pearl-300-ml\/#breadcrumb"},"inLanguage":"fi","potentialAction":[{"@type":"ReadAction","target":["https:\/\/hairdeluxe.ee\/fi\/product\/kirgastav-hobesampoon-silver-pearl-300-ml\/"]}]},{"@type":"ImageObject","inLanguage":"fi","@id":"https:\/\/hairdeluxe.ee\/fi\/product\/kirgastav-hobesampoon-silver-pearl-300-ml\/#primaryimage","url":"https:\/\/hairdeluxe.ee\/wp-content\/uploads\/2024\/02\/balmainhair_care_illuminatingshampoosilverpearl_lr-1.jpg","contentUrl":"https:\/\/hairdeluxe.ee\/wp-content\/uploads\/2024\/02\/balmainhair_care_illuminatingshampoosilverpearl_lr-1.jpg","width":826,"height":1013},{"@type":"BreadcrumbList","@id":"https:\/\/hairdeluxe.ee\/fi\/product\/kirgastav-hobesampoon-silver-pearl-300-ml\/#breadcrumb","itemListElement":[{"@type":"ListItem","position":1,"name":"Home","item":"https:\/\/hairdeluxe.ee\/fi\/"},{"@type":"ListItem","position":2,"name":"Kauppa","item":"https:\/\/hairdeluxe.ee\/fi\/shop\/"},{"@type":"ListItem","position":3,"name":"BALMAIN HAIR kirgastav h\u00f5be\u0161ampoon k\u00fclm toon \/ Illuminating Silver Pearl Shampoo Ash 300ml"}]},{"@type":"WebSite","@id":"https:\/\/hairdeluxe.ee\/fi\/#website","url":"https:\/\/hairdeluxe.ee\/fi\/","name":"Hair Deluxe","description":"Highlight your natural beauty","publisher":{"@id":"https:\/\/hairdeluxe.ee\/fi\/#organization"},"potentialAction":[{"@type":"SearchAction","target":{"@type":"EntryPoint","urlTemplate":"https:\/\/hairdeluxe.ee\/fi\/?s={search_term_string}"},"query-input":{"@type":"PropertyValueSpecification","valueRequired":true,"valueName":"search_term_string"}}],"inLanguage":"fi"},{"@type":"Organization","@id":"https:\/\/hairdeluxe.ee\/fi\/#organization","name":"Hair Deluxe","url":"https:\/\/hairdeluxe.ee\/fi\/","logo":{"@type":"ImageObject","inLanguage":"fi","@id":"https:\/\/hairdeluxe.ee\/fi\/#\/schema\/logo\/image\/","url":"https:\/\/hairdeluxe.ee\/wp-content\/uploads\/2024\/06\/Hair-Deluxe-Logo-Dark-font.png","contentUrl":"https:\/\/hairdeluxe.ee\/wp-content\/uploads\/2024\/06\/Hair-Deluxe-Logo-Dark-font.png","width":467,"height":177,"caption":"Hair Deluxe"},"image":{"@id":"https:\/\/hairdeluxe.ee\/fi\/#\/schema\/logo\/image\/"},"sameAs":["https:\/\/www.facebook.com\/blowbartallinn","https:\/\/www.instagram.com\/blowbar_tallinn"]}]}},"_links":{"self":[{"href":"https:\/\/hairdeluxe.ee\/fi\/wp-json\/wp\/v2\/product\/21558","targetHints":{"allow":["GET"]}}],"collection":[{"href":"https:\/\/hairdeluxe.ee\/fi\/wp-json\/wp\/v2\/product"}],"about":[{"href":"https:\/\/hairdeluxe.ee\/fi\/wp-json\/wp\/v2\/types\/product"}],"wp:featuredmedia":[{"embeddable":true,"href":"https:\/\/hairdeluxe.ee\/fi\/wp-json\/wp\/v2\/media\/39259"}],"wp:attachment":[{"href":"https:\/\/hairdeluxe.ee\/fi\/wp-json\/wp\/v2\/media?parent=21558"}],"wp:term":[{"taxonomy":"product_brand","embeddable":true,"href":"https:\/\/hairdeluxe.ee\/fi\/wp-json\/wp\/v2\/product_brand?post=21558"},{"taxonomy":"product_cat","embeddable":true,"href":"https:\/\/hairdeluxe.ee\/fi\/wp-json\/wp\/v2\/product_cat?post=21558"},{"taxonomy":"product_tag","embeddable":true,"href":"https:\/\/hairdeluxe.ee\/fi\/wp-json\/wp\/v2\/product_tag?post=21558"}],"curies":[{"name":"wp","href":"https:\/\/api.w.org\/{rel}","templated":true}]}}