{"id":21561,"date":"2021-03-17T15:18:08","date_gmt":"2021-03-17T13:18:08","guid":{"rendered":"https:\/\/blowbar.ee\/toode\/import-placeholder-for-395\/"},"modified":"2025-03-18T19:22:42","modified_gmt":"2025-03-18T19:22:42","slug":"balmain-lokikreem-150-ml-curl-cream","status":"publish","type":"product","link":"https:\/\/hairdeluxe.ee\/fi\/product\/balmain-lokikreem-150-ml-curl-cream\/","title":{"rendered":"BALMAIN HAIR kerge koostisega lokikreem \/ Curl Cream 150ml"},"content":{"rendered":"<p><em><strong>Koostis:\u00a0<\/strong>Aqua, Cyclopentasiloxane, Cetearyl Alcohol, Glycerin, Polysorbate 60, Myristyl Alcohol, Polyquaternium-10, Gossypium Herbaceum Seed Oil, Pvp, Polyquaternium-22, Aloe Barbadensis Leaf Juice, Pentaerythrityl Tetra-Di-T-Butyl, Hydroxyhydrocinnamate, Tocopheryl Acetate, Sodium Acetate, Sodium Chloride, Isopropyl Alcohol, Phenoxyethanol, Ethylhexylglycerin, Parfum<\/em><\/p>\n","protected":false},"excerpt":{"rendered":"<p>V\u00e4ga kerge koostisega lokikreem, mis annab lokkidele erilise voolavuse ja pehme ning paindliku viimistluse. Niisutab ja kaitseb juukseid, v\u00e4hendades ning taltsutades kahu. Kaitseb juukseid kuumt\u00f6\u00f6tlemisel ning ka UV- kiirguse eest. Kerge koostis niisutab ja tagab lokkidele loomuliku hoidvuse terveks p\u00e4evaks.<br \/>\n&#8211; niisutab<br \/>\n&#8211; sisaldab kuumakaitset<br \/>\n&#8211; sisaldab UV kaitset<\/p>\n<p><strong>Kasutamine:<\/strong> Kanda v\u00e4ike kogus kreemi niisketele v\u00f5i kuivadele juustele ning jaotada \u00fchtlaselt keskosast kuni otsteni. Loomuliku loki esiletoomiseks ja kahu eemaldamiseks kanda v\u00e4ike kogus toodet kammile ja jaotada niisketele juustele. Sobib ideaalselt ka eelmise p\u00e4eva lokkide v\u00e4rskendamiseks \u2013 kanda toodet kuivadele juustele voolimaks soovitud tulemuse.<\/p>\n<p><strong>Soovitus:<\/strong> Kombineerida koos Balmain Hair soolaspreiga <a href=\"https:\/\/www.balmainhair.ee\/toode\/juustele-tekstuuri-andev-soolasprei-texturizing-salt-spray-200ml\/\">\/ Texturizing Salt Spray \/<\/a> loomaks \u00fclimat tekstuuri, kohevust ja matistavat efekti v\u00f5i koos <a href=\"\/toode\/balmain-styling-gel-strong-100-ml\/\">Styling Gel Strong<\/a> viimistlusgeeliga saavutamaks p\u00fcsivat hoidvust.<\/p>\n<p>Kogus: 150ml<\/p>\n<p><a href=\"https:\/\/www.balmainhair.ee\/toode\/balmain-koonuslokitangid\/\"><strong>VAATA:<\/strong> Koonuslokipulk 13-25mm \u2013 Ceramic Conical Curling Wand<\/a><\/p>\n<p>https:\/\/www.youtube.com\/watch?v=FmWyYwk7rTs<\/p>\n","protected":false},"featured_media":21632,"template":"","meta":[],"product_brand":[464],"product_cat":[266,265,121,220,196],"product_tag":[],"class_list":{"0":"post-21561","1":"product","2":"type-product","3":"status-publish","4":"has-post-thumbnail","6":"product_brand-balmain-hair","7":"product_cat-balmain-hair","8":"product_cat-brandid","9":"product_cat-koik-tooted","10":"product_cat-pehmed-kahuvabad","11":"product_cat-viimistlus","13":"first","14":"instock","15":"taxable","16":"shipping-taxable","17":"purchasable","18":"product-type-simple","19":"add-to-wishlist-after_add_to_cart"},"yoast_head":"<!-- This site is optimized with the Yoast SEO plugin v27.3 - https:\/\/yoast.com\/product\/yoast-seo-wordpress\/ -->\n<title>BALMAIN HAIR kerge koostisega lokikreem \/ Curl Cream 150ml - Hair Deluxe<\/title>\n<meta name=\"robots\" content=\"index, follow, max-snippet:-1, max-image-preview:large, max-video-preview:-1\" \/>\n<link rel=\"canonical\" href=\"https:\/\/hairdeluxe.ee\/fi\/product\/balmain-lokikreem-150-ml-curl-cream\/\" \/>\n<meta property=\"og:locale\" content=\"fi_FI\" \/>\n<meta property=\"og:type\" content=\"article\" \/>\n<meta property=\"og:title\" content=\"BALMAIN HAIR kerge koostisega lokikreem \/ Curl Cream 150ml - Hair Deluxe\" \/>\n<meta property=\"og:description\" content=\"V\u00e4ga kerge koostisega lokikreem, mis annab lokkidele erilise voolavuse ja pehme ning paindliku viimistluse. Niisutab ja kaitseb juukseid, v\u00e4hendades ning taltsutades kahu. Kaitseb juukseid kuumt\u00f6\u00f6tlemisel ning ka UV- kiirguse eest. Kerge koostis niisutab ja tagab lokkidele loomuliku hoidvuse terveks p\u00e4evaks. - niisutab - sisaldab kuumakaitset - sisaldab UV kaitset Kasutamine: Kanda v\u00e4ike kogus kreemi niisketele v\u00f5i kuivadele juustele ning jaotada \u00fchtlaselt keskosast kuni otsteni. Loomuliku loki esiletoomiseks ja kahu eemaldamiseks kanda v\u00e4ike kogus toodet kammile ja jaotada niisketele juustele. Sobib ideaalselt ka eelmise p\u00e4eva lokkide v\u00e4rskendamiseks \u2013 kanda toodet kuivadele juustele voolimaks soovitud tulemuse. Soovitus: Kombineerida koos Balmain Hair soolaspreiga \/ Texturizing Salt Spray \/ loomaks \u00fclimat tekstuuri, kohevust ja matistavat efekti v\u00f5i koos Styling Gel Strong viimistlusgeeliga saavutamaks p\u00fcsivat hoidvust. Kogus: 150ml VAATA: Koonuslokipulk 13-25mm \u2013 Ceramic Conical Curling Wand https:\/\/www.youtube.com\/watch?v=FmWyYwk7rTs\" \/>\n<meta property=\"og:url\" content=\"https:\/\/hairdeluxe.ee\/fi\/product\/balmain-lokikreem-150-ml-curl-cream\/\" \/>\n<meta property=\"og:site_name\" content=\"Hair Deluxe\" \/>\n<meta property=\"article:publisher\" content=\"https:\/\/www.facebook.com\/blowbartallinn\" \/>\n<meta property=\"article:modified_time\" content=\"2025-03-18T19:22:42+00:00\" \/>\n<meta property=\"og:image\" content=\"https:\/\/hairdeluxe.ee\/wp-content\/uploads\/2021\/03\/curl-cream.jpg\" \/>\n\t<meta property=\"og:image:width\" content=\"800\" \/>\n\t<meta property=\"og:image:height\" content=\"800\" \/>\n\t<meta property=\"og:image:type\" content=\"image\/jpeg\" \/>\n<meta name=\"twitter:card\" content=\"summary_large_image\" \/>\n<meta name=\"twitter:label1\" content=\"Arvioitu lukuaika\" \/>\n\t<meta name=\"twitter:data1\" content=\"1 minuutti\" \/>\n<script type=\"application\/ld+json\" class=\"yoast-schema-graph\">{\"@context\":\"https:\\\/\\\/schema.org\",\"@graph\":[{\"@type\":\"WebPage\",\"@id\":\"https:\\\/\\\/hairdeluxe.ee\\\/fi\\\/product\\\/balmain-lokikreem-150-ml-curl-cream\\\/\",\"url\":\"https:\\\/\\\/hairdeluxe.ee\\\/fi\\\/product\\\/balmain-lokikreem-150-ml-curl-cream\\\/\",\"name\":\"BALMAIN HAIR kerge koostisega lokikreem \\\/ Curl Cream 150ml - Hair Deluxe\",\"isPartOf\":{\"@id\":\"https:\\\/\\\/hairdeluxe.ee\\\/fi\\\/#website\"},\"primaryImageOfPage\":{\"@id\":\"https:\\\/\\\/hairdeluxe.ee\\\/fi\\\/product\\\/balmain-lokikreem-150-ml-curl-cream\\\/#primaryimage\"},\"image\":{\"@id\":\"https:\\\/\\\/hairdeluxe.ee\\\/fi\\\/product\\\/balmain-lokikreem-150-ml-curl-cream\\\/#primaryimage\"},\"thumbnailUrl\":\"https:\\\/\\\/hairdeluxe.ee\\\/wp-content\\\/uploads\\\/2021\\\/03\\\/curl-cream.jpg\",\"datePublished\":\"2021-03-17T13:18:08+00:00\",\"dateModified\":\"2025-03-18T19:22:42+00:00\",\"breadcrumb\":{\"@id\":\"https:\\\/\\\/hairdeluxe.ee\\\/fi\\\/product\\\/balmain-lokikreem-150-ml-curl-cream\\\/#breadcrumb\"},\"inLanguage\":\"fi\",\"potentialAction\":[{\"@type\":\"ReadAction\",\"target\":[\"https:\\\/\\\/hairdeluxe.ee\\\/fi\\\/product\\\/balmain-lokikreem-150-ml-curl-cream\\\/\"]}]},{\"@type\":\"ImageObject\",\"inLanguage\":\"fi\",\"@id\":\"https:\\\/\\\/hairdeluxe.ee\\\/fi\\\/product\\\/balmain-lokikreem-150-ml-curl-cream\\\/#primaryimage\",\"url\":\"https:\\\/\\\/hairdeluxe.ee\\\/wp-content\\\/uploads\\\/2021\\\/03\\\/curl-cream.jpg\",\"contentUrl\":\"https:\\\/\\\/hairdeluxe.ee\\\/wp-content\\\/uploads\\\/2021\\\/03\\\/curl-cream.jpg\",\"width\":800,\"height\":800},{\"@type\":\"BreadcrumbList\",\"@id\":\"https:\\\/\\\/hairdeluxe.ee\\\/fi\\\/product\\\/balmain-lokikreem-150-ml-curl-cream\\\/#breadcrumb\",\"itemListElement\":[{\"@type\":\"ListItem\",\"position\":1,\"name\":\"Home\",\"item\":\"https:\\\/\\\/hairdeluxe.ee\\\/fi\\\/\"},{\"@type\":\"ListItem\",\"position\":2,\"name\":\"Kauppa\",\"item\":\"https:\\\/\\\/hairdeluxe.ee\\\/fi\\\/shop\\\/\"},{\"@type\":\"ListItem\",\"position\":3,\"name\":\"BALMAIN HAIR kerge koostisega lokikreem \\\/ Curl Cream 150ml\"}]},{\"@type\":\"WebSite\",\"@id\":\"https:\\\/\\\/hairdeluxe.ee\\\/fi\\\/#website\",\"url\":\"https:\\\/\\\/hairdeluxe.ee\\\/fi\\\/\",\"name\":\"Hair Deluxe\",\"description\":\"Highlight your natural beauty\",\"publisher\":{\"@id\":\"https:\\\/\\\/hairdeluxe.ee\\\/fi\\\/#organization\"},\"potentialAction\":[{\"@type\":\"SearchAction\",\"target\":{\"@type\":\"EntryPoint\",\"urlTemplate\":\"https:\\\/\\\/hairdeluxe.ee\\\/fi\\\/?s={search_term_string}\"},\"query-input\":{\"@type\":\"PropertyValueSpecification\",\"valueRequired\":true,\"valueName\":\"search_term_string\"}}],\"inLanguage\":\"fi\"},{\"@type\":\"Organization\",\"@id\":\"https:\\\/\\\/hairdeluxe.ee\\\/fi\\\/#organization\",\"name\":\"Hair Deluxe\",\"url\":\"https:\\\/\\\/hairdeluxe.ee\\\/fi\\\/\",\"logo\":{\"@type\":\"ImageObject\",\"inLanguage\":\"fi\",\"@id\":\"https:\\\/\\\/hairdeluxe.ee\\\/fi\\\/#\\\/schema\\\/logo\\\/image\\\/\",\"url\":\"https:\\\/\\\/hairdeluxe.ee\\\/wp-content\\\/uploads\\\/2024\\\/06\\\/Hair-Deluxe-Logo-Dark-font.png\",\"contentUrl\":\"https:\\\/\\\/hairdeluxe.ee\\\/wp-content\\\/uploads\\\/2024\\\/06\\\/Hair-Deluxe-Logo-Dark-font.png\",\"width\":467,\"height\":177,\"caption\":\"Hair Deluxe\"},\"image\":{\"@id\":\"https:\\\/\\\/hairdeluxe.ee\\\/fi\\\/#\\\/schema\\\/logo\\\/image\\\/\"},\"sameAs\":[\"https:\\\/\\\/www.facebook.com\\\/blowbartallinn\",\"https:\\\/\\\/www.instagram.com\\\/blowbar_tallinn\"]}]}<\/script>\n<!-- \/ Yoast SEO plugin. -->","yoast_head_json":{"title":"BALMAIN HAIR kerge koostisega lokikreem \/ Curl Cream 150ml - Hair Deluxe","robots":{"index":"index","follow":"follow","max-snippet":"max-snippet:-1","max-image-preview":"max-image-preview:large","max-video-preview":"max-video-preview:-1"},"canonical":"https:\/\/hairdeluxe.ee\/fi\/product\/balmain-lokikreem-150-ml-curl-cream\/","og_locale":"fi_FI","og_type":"article","og_title":"BALMAIN HAIR kerge koostisega lokikreem \/ Curl Cream 150ml - Hair Deluxe","og_description":"V\u00e4ga kerge koostisega lokikreem, mis annab lokkidele erilise voolavuse ja pehme ning paindliku viimistluse. Niisutab ja kaitseb juukseid, v\u00e4hendades ning taltsutades kahu. Kaitseb juukseid kuumt\u00f6\u00f6tlemisel ning ka UV- kiirguse eest. Kerge koostis niisutab ja tagab lokkidele loomuliku hoidvuse terveks p\u00e4evaks. - niisutab - sisaldab kuumakaitset - sisaldab UV kaitset Kasutamine: Kanda v\u00e4ike kogus kreemi niisketele v\u00f5i kuivadele juustele ning jaotada \u00fchtlaselt keskosast kuni otsteni. Loomuliku loki esiletoomiseks ja kahu eemaldamiseks kanda v\u00e4ike kogus toodet kammile ja jaotada niisketele juustele. Sobib ideaalselt ka eelmise p\u00e4eva lokkide v\u00e4rskendamiseks \u2013 kanda toodet kuivadele juustele voolimaks soovitud tulemuse. Soovitus: Kombineerida koos Balmain Hair soolaspreiga \/ Texturizing Salt Spray \/ loomaks \u00fclimat tekstuuri, kohevust ja matistavat efekti v\u00f5i koos Styling Gel Strong viimistlusgeeliga saavutamaks p\u00fcsivat hoidvust. Kogus: 150ml VAATA: Koonuslokipulk 13-25mm \u2013 Ceramic Conical Curling Wand https:\/\/www.youtube.com\/watch?v=FmWyYwk7rTs","og_url":"https:\/\/hairdeluxe.ee\/fi\/product\/balmain-lokikreem-150-ml-curl-cream\/","og_site_name":"Hair Deluxe","article_publisher":"https:\/\/www.facebook.com\/blowbartallinn","article_modified_time":"2025-03-18T19:22:42+00:00","og_image":[{"width":800,"height":800,"url":"https:\/\/hairdeluxe.ee\/wp-content\/uploads\/2021\/03\/curl-cream.jpg","type":"image\/jpeg"}],"twitter_card":"summary_large_image","twitter_misc":{"Arvioitu lukuaika":"1 minuutti"},"schema":{"@context":"https:\/\/schema.org","@graph":[{"@type":"WebPage","@id":"https:\/\/hairdeluxe.ee\/fi\/product\/balmain-lokikreem-150-ml-curl-cream\/","url":"https:\/\/hairdeluxe.ee\/fi\/product\/balmain-lokikreem-150-ml-curl-cream\/","name":"BALMAIN HAIR kerge koostisega lokikreem \/ Curl Cream 150ml - Hair Deluxe","isPartOf":{"@id":"https:\/\/hairdeluxe.ee\/fi\/#website"},"primaryImageOfPage":{"@id":"https:\/\/hairdeluxe.ee\/fi\/product\/balmain-lokikreem-150-ml-curl-cream\/#primaryimage"},"image":{"@id":"https:\/\/hairdeluxe.ee\/fi\/product\/balmain-lokikreem-150-ml-curl-cream\/#primaryimage"},"thumbnailUrl":"https:\/\/hairdeluxe.ee\/wp-content\/uploads\/2021\/03\/curl-cream.jpg","datePublished":"2021-03-17T13:18:08+00:00","dateModified":"2025-03-18T19:22:42+00:00","breadcrumb":{"@id":"https:\/\/hairdeluxe.ee\/fi\/product\/balmain-lokikreem-150-ml-curl-cream\/#breadcrumb"},"inLanguage":"fi","potentialAction":[{"@type":"ReadAction","target":["https:\/\/hairdeluxe.ee\/fi\/product\/balmain-lokikreem-150-ml-curl-cream\/"]}]},{"@type":"ImageObject","inLanguage":"fi","@id":"https:\/\/hairdeluxe.ee\/fi\/product\/balmain-lokikreem-150-ml-curl-cream\/#primaryimage","url":"https:\/\/hairdeluxe.ee\/wp-content\/uploads\/2021\/03\/curl-cream.jpg","contentUrl":"https:\/\/hairdeluxe.ee\/wp-content\/uploads\/2021\/03\/curl-cream.jpg","width":800,"height":800},{"@type":"BreadcrumbList","@id":"https:\/\/hairdeluxe.ee\/fi\/product\/balmain-lokikreem-150-ml-curl-cream\/#breadcrumb","itemListElement":[{"@type":"ListItem","position":1,"name":"Home","item":"https:\/\/hairdeluxe.ee\/fi\/"},{"@type":"ListItem","position":2,"name":"Kauppa","item":"https:\/\/hairdeluxe.ee\/fi\/shop\/"},{"@type":"ListItem","position":3,"name":"BALMAIN HAIR kerge koostisega lokikreem \/ Curl Cream 150ml"}]},{"@type":"WebSite","@id":"https:\/\/hairdeluxe.ee\/fi\/#website","url":"https:\/\/hairdeluxe.ee\/fi\/","name":"Hair Deluxe","description":"Highlight your natural beauty","publisher":{"@id":"https:\/\/hairdeluxe.ee\/fi\/#organization"},"potentialAction":[{"@type":"SearchAction","target":{"@type":"EntryPoint","urlTemplate":"https:\/\/hairdeluxe.ee\/fi\/?s={search_term_string}"},"query-input":{"@type":"PropertyValueSpecification","valueRequired":true,"valueName":"search_term_string"}}],"inLanguage":"fi"},{"@type":"Organization","@id":"https:\/\/hairdeluxe.ee\/fi\/#organization","name":"Hair Deluxe","url":"https:\/\/hairdeluxe.ee\/fi\/","logo":{"@type":"ImageObject","inLanguage":"fi","@id":"https:\/\/hairdeluxe.ee\/fi\/#\/schema\/logo\/image\/","url":"https:\/\/hairdeluxe.ee\/wp-content\/uploads\/2024\/06\/Hair-Deluxe-Logo-Dark-font.png","contentUrl":"https:\/\/hairdeluxe.ee\/wp-content\/uploads\/2024\/06\/Hair-Deluxe-Logo-Dark-font.png","width":467,"height":177,"caption":"Hair Deluxe"},"image":{"@id":"https:\/\/hairdeluxe.ee\/fi\/#\/schema\/logo\/image\/"},"sameAs":["https:\/\/www.facebook.com\/blowbartallinn","https:\/\/www.instagram.com\/blowbar_tallinn"]}]}},"_links":{"self":[{"href":"https:\/\/hairdeluxe.ee\/fi\/wp-json\/wp\/v2\/product\/21561","targetHints":{"allow":["GET"]}}],"collection":[{"href":"https:\/\/hairdeluxe.ee\/fi\/wp-json\/wp\/v2\/product"}],"about":[{"href":"https:\/\/hairdeluxe.ee\/fi\/wp-json\/wp\/v2\/types\/product"}],"wp:featuredmedia":[{"embeddable":true,"href":"https:\/\/hairdeluxe.ee\/fi\/wp-json\/wp\/v2\/media\/21632"}],"wp:attachment":[{"href":"https:\/\/hairdeluxe.ee\/fi\/wp-json\/wp\/v2\/media?parent=21561"}],"wp:term":[{"taxonomy":"product_brand","embeddable":true,"href":"https:\/\/hairdeluxe.ee\/fi\/wp-json\/wp\/v2\/product_brand?post=21561"},{"taxonomy":"product_cat","embeddable":true,"href":"https:\/\/hairdeluxe.ee\/fi\/wp-json\/wp\/v2\/product_cat?post=21561"},{"taxonomy":"product_tag","embeddable":true,"href":"https:\/\/hairdeluxe.ee\/fi\/wp-json\/wp\/v2\/product_tag?post=21561"}],"curies":[{"name":"wp","href":"https:\/\/api.w.org\/{rel}","templated":true}]}}