{"id":21690,"date":"2021-03-17T15:20:30","date_gmt":"2021-03-17T13:20:30","guid":{"rendered":"https:\/\/blowbar.ee\/toode\/import-placeholder-for-927\/"},"modified":"2025-03-18T19:22:38","modified_gmt":"2025-03-18T19:22:38","slug":"balmain-keskmisega-tugevusega-juukselakk-300-ml-session-spray-medium","status":"publish","type":"product","link":"https:\/\/hairdeluxe.ee\/fi\/product\/balmain-keskmisega-tugevusega-juukselakk-300-ml-session-spray-medium\/","title":{"rendered":"BALMAIN HAIR keskmise tugevusega juukselakk \/ Session Spray Medium 300ml"},"content":{"rendered":"<p><em><strong>Koostis:\u00a0<\/strong>Alcohol Denat., Dime- thyl Ether, Octylacrylamide\/Acry- lates\/Butylaminoethyl Methacrylate Copolymer, Acrylates Copolymer, Silk Amino Acids, Aminomethyl Pro- panol, PEG-12 Dimethicone, Panthenol, Benzophenone-4, Parfum.<\/em><\/p>\n","protected":false},"excerpt":{"rendered":"<p>Kerge viimistlev juukselakk v\u00f5imaldab luua liikuvaid soenguid. Lakk aitab s\u00e4ilitada juustes elastsust ja liikuvust, pakkudes sealjuures kauap\u00fcsivat hoidvust. Pihustatav lakk on niiskuskindel, kergesti juustest v\u00e4lja kammitav ja sisaldab UV kaitset.<br \/>\nSiidiproteiin ja argaania\u00f5li s\u00e4ilitavad optimaalse niiskustaseme juustes, taastavad ja kaitsevad kahjustunud, kuivi ja n\u00f5rkasid juukseid kahjuliku keskkonnam\u00f5ju eest.<br \/>\n&#8211; Tagab elastse ja liikuva viimistluse<br \/>\n&#8211; Kauap\u00fcsiv hoidvus<br \/>\n&#8211; Sisaldab UV kaitset<\/p>\n<p><strong>Kasutamine:<\/strong>\u00a0Pihustada juustesse 15-20 cm kauguselt.<\/p>\n<p><strong>Soovitus:<\/strong> Lisamaks juustele ekstra vol\u00fc\u00fcmi, kanda lakki juustesse pea alaspidi, samal ajal lakki pihustades \u00f5\u00f5tsutada kergelt pead, et lakk \u00fchtlaselt juuksekihtide vahele hajuks. Teine v\u00f5imalus on eraldada juuksesalk ja pihustada sellele lakki juure poolt juuste otste suunas. Enne uue juuksesalgu v\u00f5tmist lasta eelmisel hetke kuivada.<\/p>\n<p>Kogus: 300ml<\/p>\n<p>https:\/\/www.youtube.com\/watch?v=pXMqWcZbcq0<\/p>\n","protected":false},"featured_media":21712,"template":"","meta":[],"product_brand":[464],"product_cat":[266,265,212,121,144,196,274],"product_tag":[178],"class_list":{"0":"post-21690","1":"product","2":"type-product","3":"status-publish","4":"has-post-thumbnail","6":"product_brand-balmain-hair","7":"product_cat-balmain-hair","8":"product_cat-brandid","9":"product_cat-kinnitus","10":"product_cat-koik-tooted","11":"product_cat-meestele","12":"product_cat-viimistlus","13":"product_cat-viimistlus-meestele","14":"product_tag-sugis-talv-2018","16":"first","17":"instock","18":"taxable","19":"shipping-taxable","20":"purchasable","21":"product-type-simple","22":"add-to-wishlist-after_add_to_cart"},"yoast_head":"<!-- This site is optimized with the Yoast SEO plugin v27.3 - https:\/\/yoast.com\/product\/yoast-seo-wordpress\/ -->\n<title>BALMAIN HAIR keskmise tugevusega juukselakk \/ Session Spray Medium 300ml - Hair Deluxe<\/title>\n<meta name=\"robots\" content=\"index, follow, max-snippet:-1, max-image-preview:large, max-video-preview:-1\" \/>\n<link rel=\"canonical\" href=\"https:\/\/hairdeluxe.ee\/fi\/product\/balmain-keskmisega-tugevusega-juukselakk-300-ml-session-spray-medium\/\" \/>\n<meta property=\"og:locale\" content=\"fi_FI\" \/>\n<meta property=\"og:type\" content=\"article\" \/>\n<meta property=\"og:title\" content=\"BALMAIN HAIR keskmise tugevusega juukselakk \/ Session Spray Medium 300ml - Hair Deluxe\" \/>\n<meta property=\"og:description\" content=\"Kerge viimistlev juukselakk v\u00f5imaldab luua liikuvaid soenguid. Lakk aitab s\u00e4ilitada juustes elastsust ja liikuvust, pakkudes sealjuures kauap\u00fcsivat hoidvust. Pihustatav lakk on niiskuskindel, kergesti juustest v\u00e4lja kammitav ja sisaldab UV kaitset. Siidiproteiin ja argaania\u00f5li s\u00e4ilitavad optimaalse niiskustaseme juustes, taastavad ja kaitsevad kahjustunud, kuivi ja n\u00f5rkasid juukseid kahjuliku keskkonnam\u00f5ju eest. - Tagab elastse ja liikuva viimistluse - Kauap\u00fcsiv hoidvus - Sisaldab UV kaitset  Kasutamine:\u00a0Pihustada juustesse 15-20 cm kauguselt.  Soovitus: Lisamaks juustele ekstra vol\u00fc\u00fcmi, kanda lakki juustesse pea alaspidi, samal ajal lakki pihustades \u00f5\u00f5tsutada kergelt pead, et lakk \u00fchtlaselt juuksekihtide vahele hajuks. Teine v\u00f5imalus on eraldada juuksesalk ja pihustada sellele lakki juure poolt juuste otste suunas. Enne uue juuksesalgu v\u00f5tmist lasta eelmisel hetke kuivada.  Kogus: 300ml  https:\/\/www.youtube.com\/watch?v=pXMqWcZbcq0\" \/>\n<meta property=\"og:url\" content=\"https:\/\/hairdeluxe.ee\/fi\/product\/balmain-keskmisega-tugevusega-juukselakk-300-ml-session-spray-medium\/\" \/>\n<meta property=\"og:site_name\" content=\"Hair Deluxe\" \/>\n<meta property=\"article:publisher\" content=\"https:\/\/www.facebook.com\/blowbartallinn\" \/>\n<meta property=\"article:modified_time\" content=\"2025-03-18T19:22:38+00:00\" \/>\n<meta property=\"og:image\" content=\"https:\/\/hairdeluxe.ee\/wp-content\/uploads\/2021\/03\/session-med.jpg\" \/>\n\t<meta property=\"og:image:width\" content=\"800\" \/>\n\t<meta property=\"og:image:height\" content=\"800\" \/>\n\t<meta property=\"og:image:type\" content=\"image\/jpeg\" \/>\n<meta name=\"twitter:card\" content=\"summary_large_image\" \/>\n<meta name=\"twitter:label1\" content=\"Arvioitu lukuaika\" \/>\n\t<meta name=\"twitter:data1\" content=\"1 minuutti\" \/>\n<script type=\"application\/ld+json\" class=\"yoast-schema-graph\">{\"@context\":\"https:\\\/\\\/schema.org\",\"@graph\":[{\"@type\":\"WebPage\",\"@id\":\"https:\\\/\\\/hairdeluxe.ee\\\/fi\\\/product\\\/balmain-keskmisega-tugevusega-juukselakk-300-ml-session-spray-medium\\\/\",\"url\":\"https:\\\/\\\/hairdeluxe.ee\\\/fi\\\/product\\\/balmain-keskmisega-tugevusega-juukselakk-300-ml-session-spray-medium\\\/\",\"name\":\"BALMAIN HAIR keskmise tugevusega juukselakk \\\/ Session Spray Medium 300ml - Hair Deluxe\",\"isPartOf\":{\"@id\":\"https:\\\/\\\/hairdeluxe.ee\\\/fi\\\/#website\"},\"primaryImageOfPage\":{\"@id\":\"https:\\\/\\\/hairdeluxe.ee\\\/fi\\\/product\\\/balmain-keskmisega-tugevusega-juukselakk-300-ml-session-spray-medium\\\/#primaryimage\"},\"image\":{\"@id\":\"https:\\\/\\\/hairdeluxe.ee\\\/fi\\\/product\\\/balmain-keskmisega-tugevusega-juukselakk-300-ml-session-spray-medium\\\/#primaryimage\"},\"thumbnailUrl\":\"https:\\\/\\\/hairdeluxe.ee\\\/wp-content\\\/uploads\\\/2021\\\/03\\\/session-med.jpg\",\"datePublished\":\"2021-03-17T13:20:30+00:00\",\"dateModified\":\"2025-03-18T19:22:38+00:00\",\"breadcrumb\":{\"@id\":\"https:\\\/\\\/hairdeluxe.ee\\\/fi\\\/product\\\/balmain-keskmisega-tugevusega-juukselakk-300-ml-session-spray-medium\\\/#breadcrumb\"},\"inLanguage\":\"fi\",\"potentialAction\":[{\"@type\":\"ReadAction\",\"target\":[\"https:\\\/\\\/hairdeluxe.ee\\\/fi\\\/product\\\/balmain-keskmisega-tugevusega-juukselakk-300-ml-session-spray-medium\\\/\"]}]},{\"@type\":\"ImageObject\",\"inLanguage\":\"fi\",\"@id\":\"https:\\\/\\\/hairdeluxe.ee\\\/fi\\\/product\\\/balmain-keskmisega-tugevusega-juukselakk-300-ml-session-spray-medium\\\/#primaryimage\",\"url\":\"https:\\\/\\\/hairdeluxe.ee\\\/wp-content\\\/uploads\\\/2021\\\/03\\\/session-med.jpg\",\"contentUrl\":\"https:\\\/\\\/hairdeluxe.ee\\\/wp-content\\\/uploads\\\/2021\\\/03\\\/session-med.jpg\",\"width\":800,\"height\":800},{\"@type\":\"BreadcrumbList\",\"@id\":\"https:\\\/\\\/hairdeluxe.ee\\\/fi\\\/product\\\/balmain-keskmisega-tugevusega-juukselakk-300-ml-session-spray-medium\\\/#breadcrumb\",\"itemListElement\":[{\"@type\":\"ListItem\",\"position\":1,\"name\":\"Home\",\"item\":\"https:\\\/\\\/hairdeluxe.ee\\\/fi\\\/\"},{\"@type\":\"ListItem\",\"position\":2,\"name\":\"Kauppa\",\"item\":\"https:\\\/\\\/hairdeluxe.ee\\\/fi\\\/shop\\\/\"},{\"@type\":\"ListItem\",\"position\":3,\"name\":\"BALMAIN HAIR keskmise tugevusega juukselakk \\\/ Session Spray Medium 300ml\"}]},{\"@type\":\"WebSite\",\"@id\":\"https:\\\/\\\/hairdeluxe.ee\\\/fi\\\/#website\",\"url\":\"https:\\\/\\\/hairdeluxe.ee\\\/fi\\\/\",\"name\":\"Hair Deluxe\",\"description\":\"Highlight your natural beauty\",\"publisher\":{\"@id\":\"https:\\\/\\\/hairdeluxe.ee\\\/fi\\\/#organization\"},\"potentialAction\":[{\"@type\":\"SearchAction\",\"target\":{\"@type\":\"EntryPoint\",\"urlTemplate\":\"https:\\\/\\\/hairdeluxe.ee\\\/fi\\\/?s={search_term_string}\"},\"query-input\":{\"@type\":\"PropertyValueSpecification\",\"valueRequired\":true,\"valueName\":\"search_term_string\"}}],\"inLanguage\":\"fi\"},{\"@type\":\"Organization\",\"@id\":\"https:\\\/\\\/hairdeluxe.ee\\\/fi\\\/#organization\",\"name\":\"Hair Deluxe\",\"url\":\"https:\\\/\\\/hairdeluxe.ee\\\/fi\\\/\",\"logo\":{\"@type\":\"ImageObject\",\"inLanguage\":\"fi\",\"@id\":\"https:\\\/\\\/hairdeluxe.ee\\\/fi\\\/#\\\/schema\\\/logo\\\/image\\\/\",\"url\":\"https:\\\/\\\/hairdeluxe.ee\\\/wp-content\\\/uploads\\\/2024\\\/06\\\/Hair-Deluxe-Logo-Dark-font.png\",\"contentUrl\":\"https:\\\/\\\/hairdeluxe.ee\\\/wp-content\\\/uploads\\\/2024\\\/06\\\/Hair-Deluxe-Logo-Dark-font.png\",\"width\":467,\"height\":177,\"caption\":\"Hair Deluxe\"},\"image\":{\"@id\":\"https:\\\/\\\/hairdeluxe.ee\\\/fi\\\/#\\\/schema\\\/logo\\\/image\\\/\"},\"sameAs\":[\"https:\\\/\\\/www.facebook.com\\\/blowbartallinn\",\"https:\\\/\\\/www.instagram.com\\\/blowbar_tallinn\"]}]}<\/script>\n<!-- \/ Yoast SEO plugin. -->","yoast_head_json":{"title":"BALMAIN HAIR keskmise tugevusega juukselakk \/ Session Spray Medium 300ml - Hair Deluxe","robots":{"index":"index","follow":"follow","max-snippet":"max-snippet:-1","max-image-preview":"max-image-preview:large","max-video-preview":"max-video-preview:-1"},"canonical":"https:\/\/hairdeluxe.ee\/fi\/product\/balmain-keskmisega-tugevusega-juukselakk-300-ml-session-spray-medium\/","og_locale":"fi_FI","og_type":"article","og_title":"BALMAIN HAIR keskmise tugevusega juukselakk \/ Session Spray Medium 300ml - Hair Deluxe","og_description":"Kerge viimistlev juukselakk v\u00f5imaldab luua liikuvaid soenguid. Lakk aitab s\u00e4ilitada juustes elastsust ja liikuvust, pakkudes sealjuures kauap\u00fcsivat hoidvust. Pihustatav lakk on niiskuskindel, kergesti juustest v\u00e4lja kammitav ja sisaldab UV kaitset. Siidiproteiin ja argaania\u00f5li s\u00e4ilitavad optimaalse niiskustaseme juustes, taastavad ja kaitsevad kahjustunud, kuivi ja n\u00f5rkasid juukseid kahjuliku keskkonnam\u00f5ju eest. - Tagab elastse ja liikuva viimistluse - Kauap\u00fcsiv hoidvus - Sisaldab UV kaitset  Kasutamine:\u00a0Pihustada juustesse 15-20 cm kauguselt.  Soovitus: Lisamaks juustele ekstra vol\u00fc\u00fcmi, kanda lakki juustesse pea alaspidi, samal ajal lakki pihustades \u00f5\u00f5tsutada kergelt pead, et lakk \u00fchtlaselt juuksekihtide vahele hajuks. Teine v\u00f5imalus on eraldada juuksesalk ja pihustada sellele lakki juure poolt juuste otste suunas. Enne uue juuksesalgu v\u00f5tmist lasta eelmisel hetke kuivada.  Kogus: 300ml  https:\/\/www.youtube.com\/watch?v=pXMqWcZbcq0","og_url":"https:\/\/hairdeluxe.ee\/fi\/product\/balmain-keskmisega-tugevusega-juukselakk-300-ml-session-spray-medium\/","og_site_name":"Hair Deluxe","article_publisher":"https:\/\/www.facebook.com\/blowbartallinn","article_modified_time":"2025-03-18T19:22:38+00:00","og_image":[{"width":800,"height":800,"url":"https:\/\/hairdeluxe.ee\/wp-content\/uploads\/2021\/03\/session-med.jpg","type":"image\/jpeg"}],"twitter_card":"summary_large_image","twitter_misc":{"Arvioitu lukuaika":"1 minuutti"},"schema":{"@context":"https:\/\/schema.org","@graph":[{"@type":"WebPage","@id":"https:\/\/hairdeluxe.ee\/fi\/product\/balmain-keskmisega-tugevusega-juukselakk-300-ml-session-spray-medium\/","url":"https:\/\/hairdeluxe.ee\/fi\/product\/balmain-keskmisega-tugevusega-juukselakk-300-ml-session-spray-medium\/","name":"BALMAIN HAIR keskmise tugevusega juukselakk \/ Session Spray Medium 300ml - Hair Deluxe","isPartOf":{"@id":"https:\/\/hairdeluxe.ee\/fi\/#website"},"primaryImageOfPage":{"@id":"https:\/\/hairdeluxe.ee\/fi\/product\/balmain-keskmisega-tugevusega-juukselakk-300-ml-session-spray-medium\/#primaryimage"},"image":{"@id":"https:\/\/hairdeluxe.ee\/fi\/product\/balmain-keskmisega-tugevusega-juukselakk-300-ml-session-spray-medium\/#primaryimage"},"thumbnailUrl":"https:\/\/hairdeluxe.ee\/wp-content\/uploads\/2021\/03\/session-med.jpg","datePublished":"2021-03-17T13:20:30+00:00","dateModified":"2025-03-18T19:22:38+00:00","breadcrumb":{"@id":"https:\/\/hairdeluxe.ee\/fi\/product\/balmain-keskmisega-tugevusega-juukselakk-300-ml-session-spray-medium\/#breadcrumb"},"inLanguage":"fi","potentialAction":[{"@type":"ReadAction","target":["https:\/\/hairdeluxe.ee\/fi\/product\/balmain-keskmisega-tugevusega-juukselakk-300-ml-session-spray-medium\/"]}]},{"@type":"ImageObject","inLanguage":"fi","@id":"https:\/\/hairdeluxe.ee\/fi\/product\/balmain-keskmisega-tugevusega-juukselakk-300-ml-session-spray-medium\/#primaryimage","url":"https:\/\/hairdeluxe.ee\/wp-content\/uploads\/2021\/03\/session-med.jpg","contentUrl":"https:\/\/hairdeluxe.ee\/wp-content\/uploads\/2021\/03\/session-med.jpg","width":800,"height":800},{"@type":"BreadcrumbList","@id":"https:\/\/hairdeluxe.ee\/fi\/product\/balmain-keskmisega-tugevusega-juukselakk-300-ml-session-spray-medium\/#breadcrumb","itemListElement":[{"@type":"ListItem","position":1,"name":"Home","item":"https:\/\/hairdeluxe.ee\/fi\/"},{"@type":"ListItem","position":2,"name":"Kauppa","item":"https:\/\/hairdeluxe.ee\/fi\/shop\/"},{"@type":"ListItem","position":3,"name":"BALMAIN HAIR keskmise tugevusega juukselakk \/ Session Spray Medium 300ml"}]},{"@type":"WebSite","@id":"https:\/\/hairdeluxe.ee\/fi\/#website","url":"https:\/\/hairdeluxe.ee\/fi\/","name":"Hair Deluxe","description":"Highlight your natural beauty","publisher":{"@id":"https:\/\/hairdeluxe.ee\/fi\/#organization"},"potentialAction":[{"@type":"SearchAction","target":{"@type":"EntryPoint","urlTemplate":"https:\/\/hairdeluxe.ee\/fi\/?s={search_term_string}"},"query-input":{"@type":"PropertyValueSpecification","valueRequired":true,"valueName":"search_term_string"}}],"inLanguage":"fi"},{"@type":"Organization","@id":"https:\/\/hairdeluxe.ee\/fi\/#organization","name":"Hair Deluxe","url":"https:\/\/hairdeluxe.ee\/fi\/","logo":{"@type":"ImageObject","inLanguage":"fi","@id":"https:\/\/hairdeluxe.ee\/fi\/#\/schema\/logo\/image\/","url":"https:\/\/hairdeluxe.ee\/wp-content\/uploads\/2024\/06\/Hair-Deluxe-Logo-Dark-font.png","contentUrl":"https:\/\/hairdeluxe.ee\/wp-content\/uploads\/2024\/06\/Hair-Deluxe-Logo-Dark-font.png","width":467,"height":177,"caption":"Hair Deluxe"},"image":{"@id":"https:\/\/hairdeluxe.ee\/fi\/#\/schema\/logo\/image\/"},"sameAs":["https:\/\/www.facebook.com\/blowbartallinn","https:\/\/www.instagram.com\/blowbar_tallinn"]}]}},"_links":{"self":[{"href":"https:\/\/hairdeluxe.ee\/fi\/wp-json\/wp\/v2\/product\/21690","targetHints":{"allow":["GET"]}}],"collection":[{"href":"https:\/\/hairdeluxe.ee\/fi\/wp-json\/wp\/v2\/product"}],"about":[{"href":"https:\/\/hairdeluxe.ee\/fi\/wp-json\/wp\/v2\/types\/product"}],"wp:featuredmedia":[{"embeddable":true,"href":"https:\/\/hairdeluxe.ee\/fi\/wp-json\/wp\/v2\/media\/21712"}],"wp:attachment":[{"href":"https:\/\/hairdeluxe.ee\/fi\/wp-json\/wp\/v2\/media?parent=21690"}],"wp:term":[{"taxonomy":"product_brand","embeddable":true,"href":"https:\/\/hairdeluxe.ee\/fi\/wp-json\/wp\/v2\/product_brand?post=21690"},{"taxonomy":"product_cat","embeddable":true,"href":"https:\/\/hairdeluxe.ee\/fi\/wp-json\/wp\/v2\/product_cat?post=21690"},{"taxonomy":"product_tag","embeddable":true,"href":"https:\/\/hairdeluxe.ee\/fi\/wp-json\/wp\/v2\/product_tag?post=21690"}],"curies":[{"name":"wp","href":"https:\/\/api.w.org\/{rel}","templated":true}]}}