{"id":21696,"date":"2021-03-17T15:20:30","date_gmt":"2021-03-17T13:20:30","guid":{"rendered":"https:\/\/blowbar.ee\/toode\/import-placeholder-for-962\/"},"modified":"2025-03-18T19:22:38","modified_gmt":"2025-03-18T19:22:38","slug":"balmain-laikevaha-100-ml-shine-wax","status":"publish","type":"product","link":"https:\/\/hairdeluxe.ee\/fi\/product\/balmain-laikevaha-100-ml-shine-wax\/","title":{"rendered":"BALMAIN HAIR l\u00e4ikevaha \/ Shine Wax 100ml"},"content":{"rendered":"<p><strong><em>Koostis:<\/em><\/strong><em>\u00a0Aqua, Ceteareth-30, PEG-40 Hydrogenated Castor Oil, Propylene Glycol, Trimethylsiloxyphenyl Dimethicone, Dimethicone, Parfum, Glycerin, Argania Spinosa Kernel Oil, Silk Amino Acids, Panthenol, VP\/VA Copolymer, Phenoxyethanol, Iodopropynyl Butylcarbamate, DMDM Hydantoin.<\/em><\/p>\n","protected":false},"excerpt":{"rendered":"<p>Paindlikku hoidvust andev l\u00e4ikevaha defineerib, kujundab, lisab s\u00e4ra ning annab soengule hea hoidvuse terveks p\u00e4evaks. H\u00f5lpsasti v\u00e4ljapestav, kuna valmistatud vee baasil. Siidiproteiin ja argaania\u00f5li s\u00e4ilitavad optimaalse niiskustaseme juustes, parandavad ja kaitsevad kahjustunud, kuivi ja n\u00f5rkasid juukseid kahjuliku keskkonnam\u00f5ju eest. Tagab elastse hoiaku, mida on v\u00f5imalik p\u00e4eva jooksul korrastada v\u00f5i muuta. Balmain Hair signatuurl\u00f5hnaga \u2013 sobib nii naistele kui meestele.<\/p>\n<p><b><\/b><b>Kasutamine:<\/b> Kanda v\u00e4ike kogus toodet s\u00f5rmeotstele, viimistleda.<\/p>\n<p><strong>Soovitus:<\/strong>\u00a0Sileda soengu saavutamiseks kammida \u00e4sjapestud juuksed kammiga l\u00e4bi. Seej\u00e4rel kanda peale l\u00e4ikevaha ja kammida juuksed \u00fcle pea suunaga tahapoole, kuni saavutakse soovitud tulemus.<\/p>\n<p>Kogus: 100ml<\/p>\n","protected":false},"featured_media":21732,"template":"","meta":[],"product_brand":[464],"product_cat":[266,265,212,121,215,144,196,274],"product_tag":[178],"class_list":{"0":"post-21696","1":"product","2":"type-product","3":"status-publish","4":"has-post-thumbnail","6":"product_brand-balmain-hair","7":"product_cat-balmain-hair","8":"product_cat-brandid","9":"product_cat-kinnitus","10":"product_cat-koik-tooted","11":"product_cat-laige","12":"product_cat-meestele","13":"product_cat-viimistlus","14":"product_cat-viimistlus-meestele","15":"product_tag-sugis-talv-2018","17":"first","18":"instock","19":"taxable","20":"shipping-taxable","21":"purchasable","22":"product-type-simple","23":"add-to-wishlist-after_add_to_cart"},"yoast_head":"<!-- This site is optimized with the Yoast SEO plugin v27.5 - https:\/\/yoast.com\/product\/yoast-seo-wordpress\/ -->\n<title>BALMAIN HAIR l\u00e4ikevaha \/ Shine Wax 100ml - Hair Deluxe<\/title>\n<meta name=\"robots\" content=\"index, follow, max-snippet:-1, max-image-preview:large, max-video-preview:-1\" \/>\n<link rel=\"canonical\" href=\"https:\/\/hairdeluxe.ee\/fi\/product\/balmain-laikevaha-100-ml-shine-wax\/\" \/>\n<meta property=\"og:locale\" content=\"fi_FI\" \/>\n<meta property=\"og:type\" content=\"article\" \/>\n<meta property=\"og:title\" content=\"BALMAIN HAIR l\u00e4ikevaha \/ Shine Wax 100ml - Hair Deluxe\" \/>\n<meta property=\"og:description\" content=\"Paindlikku hoidvust andev l\u00e4ikevaha defineerib, kujundab, lisab s\u00e4ra ning annab soengule hea hoidvuse terveks p\u00e4evaks. H\u00f5lpsasti v\u00e4ljapestav, kuna valmistatud vee baasil. Siidiproteiin ja argaania\u00f5li s\u00e4ilitavad optimaalse niiskustaseme juustes, parandavad ja kaitsevad kahjustunud, kuivi ja n\u00f5rkasid juukseid kahjuliku keskkonnam\u00f5ju eest. Tagab elastse hoiaku, mida on v\u00f5imalik p\u00e4eva jooksul korrastada v\u00f5i muuta. Balmain Hair signatuurl\u00f5hnaga \u2013 sobib nii naistele kui meestele.  Kasutamine: Kanda v\u00e4ike kogus toodet s\u00f5rmeotstele, viimistleda.  Soovitus:\u00a0Sileda soengu saavutamiseks kammida \u00e4sjapestud juuksed kammiga l\u00e4bi. Seej\u00e4rel kanda peale l\u00e4ikevaha ja kammida juuksed \u00fcle pea suunaga tahapoole, kuni saavutakse soovitud tulemus.  Kogus: 100ml\" \/>\n<meta property=\"og:url\" content=\"https:\/\/hairdeluxe.ee\/fi\/product\/balmain-laikevaha-100-ml-shine-wax\/\" \/>\n<meta property=\"og:site_name\" content=\"Hair Deluxe\" \/>\n<meta property=\"article:publisher\" content=\"https:\/\/www.facebook.com\/blowbartallinn\" \/>\n<meta property=\"article:modified_time\" content=\"2025-03-18T19:22:38+00:00\" \/>\n<meta property=\"og:image\" content=\"https:\/\/hairdeluxe.ee\/wp-content\/uploads\/2021\/03\/shine.jpg\" \/>\n\t<meta property=\"og:image:width\" content=\"800\" \/>\n\t<meta property=\"og:image:height\" content=\"800\" \/>\n\t<meta property=\"og:image:type\" content=\"image\/jpeg\" \/>\n<meta name=\"twitter:card\" content=\"summary_large_image\" \/>\n<meta name=\"twitter:label1\" content=\"Arvioitu lukuaika\" \/>\n\t<meta name=\"twitter:data1\" content=\"1 minuutti\" \/>\n<script type=\"application\/ld+json\" class=\"yoast-schema-graph\">{\"@context\":\"https:\\\/\\\/schema.org\",\"@graph\":[{\"@type\":\"WebPage\",\"@id\":\"https:\\\/\\\/hairdeluxe.ee\\\/fi\\\/product\\\/balmain-laikevaha-100-ml-shine-wax\\\/\",\"url\":\"https:\\\/\\\/hairdeluxe.ee\\\/fi\\\/product\\\/balmain-laikevaha-100-ml-shine-wax\\\/\",\"name\":\"BALMAIN HAIR l\u00e4ikevaha \\\/ Shine Wax 100ml - Hair Deluxe\",\"isPartOf\":{\"@id\":\"https:\\\/\\\/hairdeluxe.ee\\\/fi\\\/#website\"},\"primaryImageOfPage\":{\"@id\":\"https:\\\/\\\/hairdeluxe.ee\\\/fi\\\/product\\\/balmain-laikevaha-100-ml-shine-wax\\\/#primaryimage\"},\"image\":{\"@id\":\"https:\\\/\\\/hairdeluxe.ee\\\/fi\\\/product\\\/balmain-laikevaha-100-ml-shine-wax\\\/#primaryimage\"},\"thumbnailUrl\":\"https:\\\/\\\/hairdeluxe.ee\\\/wp-content\\\/uploads\\\/2021\\\/03\\\/shine.jpg\",\"datePublished\":\"2021-03-17T13:20:30+00:00\",\"dateModified\":\"2025-03-18T19:22:38+00:00\",\"breadcrumb\":{\"@id\":\"https:\\\/\\\/hairdeluxe.ee\\\/fi\\\/product\\\/balmain-laikevaha-100-ml-shine-wax\\\/#breadcrumb\"},\"inLanguage\":\"fi\",\"potentialAction\":[{\"@type\":\"ReadAction\",\"target\":[\"https:\\\/\\\/hairdeluxe.ee\\\/fi\\\/product\\\/balmain-laikevaha-100-ml-shine-wax\\\/\"]}]},{\"@type\":\"ImageObject\",\"inLanguage\":\"fi\",\"@id\":\"https:\\\/\\\/hairdeluxe.ee\\\/fi\\\/product\\\/balmain-laikevaha-100-ml-shine-wax\\\/#primaryimage\",\"url\":\"https:\\\/\\\/hairdeluxe.ee\\\/wp-content\\\/uploads\\\/2021\\\/03\\\/shine.jpg\",\"contentUrl\":\"https:\\\/\\\/hairdeluxe.ee\\\/wp-content\\\/uploads\\\/2021\\\/03\\\/shine.jpg\",\"width\":800,\"height\":800},{\"@type\":\"BreadcrumbList\",\"@id\":\"https:\\\/\\\/hairdeluxe.ee\\\/fi\\\/product\\\/balmain-laikevaha-100-ml-shine-wax\\\/#breadcrumb\",\"itemListElement\":[{\"@type\":\"ListItem\",\"position\":1,\"name\":\"Home\",\"item\":\"https:\\\/\\\/hairdeluxe.ee\\\/fi\\\/\"},{\"@type\":\"ListItem\",\"position\":2,\"name\":\"Kauppa\",\"item\":\"https:\\\/\\\/hairdeluxe.ee\\\/fi\\\/shop\\\/\"},{\"@type\":\"ListItem\",\"position\":3,\"name\":\"BALMAIN HAIR l\u00e4ikevaha \\\/ Shine Wax 100ml\"}]},{\"@type\":\"WebSite\",\"@id\":\"https:\\\/\\\/hairdeluxe.ee\\\/fi\\\/#website\",\"url\":\"https:\\\/\\\/hairdeluxe.ee\\\/fi\\\/\",\"name\":\"Hair Deluxe\",\"description\":\"Highlight your natural beauty\",\"publisher\":{\"@id\":\"https:\\\/\\\/hairdeluxe.ee\\\/fi\\\/#organization\"},\"potentialAction\":[{\"@type\":\"SearchAction\",\"target\":{\"@type\":\"EntryPoint\",\"urlTemplate\":\"https:\\\/\\\/hairdeluxe.ee\\\/fi\\\/?s={search_term_string}\"},\"query-input\":{\"@type\":\"PropertyValueSpecification\",\"valueRequired\":true,\"valueName\":\"search_term_string\"}}],\"inLanguage\":\"fi\"},{\"@type\":\"Organization\",\"@id\":\"https:\\\/\\\/hairdeluxe.ee\\\/fi\\\/#organization\",\"name\":\"Hair Deluxe\",\"url\":\"https:\\\/\\\/hairdeluxe.ee\\\/fi\\\/\",\"logo\":{\"@type\":\"ImageObject\",\"inLanguage\":\"fi\",\"@id\":\"https:\\\/\\\/hairdeluxe.ee\\\/fi\\\/#\\\/schema\\\/logo\\\/image\\\/\",\"url\":\"https:\\\/\\\/hairdeluxe.ee\\\/wp-content\\\/uploads\\\/2024\\\/06\\\/Hair-Deluxe-Logo-Dark-font.png\",\"contentUrl\":\"https:\\\/\\\/hairdeluxe.ee\\\/wp-content\\\/uploads\\\/2024\\\/06\\\/Hair-Deluxe-Logo-Dark-font.png\",\"width\":467,\"height\":177,\"caption\":\"Hair Deluxe\"},\"image\":{\"@id\":\"https:\\\/\\\/hairdeluxe.ee\\\/fi\\\/#\\\/schema\\\/logo\\\/image\\\/\"},\"sameAs\":[\"https:\\\/\\\/www.facebook.com\\\/blowbartallinn\",\"https:\\\/\\\/www.instagram.com\\\/blowbar_tallinn\"]}]}<\/script>\n<!-- \/ Yoast SEO plugin. -->","yoast_head_json":{"title":"BALMAIN HAIR l\u00e4ikevaha \/ Shine Wax 100ml - Hair Deluxe","robots":{"index":"index","follow":"follow","max-snippet":"max-snippet:-1","max-image-preview":"max-image-preview:large","max-video-preview":"max-video-preview:-1"},"canonical":"https:\/\/hairdeluxe.ee\/fi\/product\/balmain-laikevaha-100-ml-shine-wax\/","og_locale":"fi_FI","og_type":"article","og_title":"BALMAIN HAIR l\u00e4ikevaha \/ Shine Wax 100ml - Hair Deluxe","og_description":"Paindlikku hoidvust andev l\u00e4ikevaha defineerib, kujundab, lisab s\u00e4ra ning annab soengule hea hoidvuse terveks p\u00e4evaks. H\u00f5lpsasti v\u00e4ljapestav, kuna valmistatud vee baasil. Siidiproteiin ja argaania\u00f5li s\u00e4ilitavad optimaalse niiskustaseme juustes, parandavad ja kaitsevad kahjustunud, kuivi ja n\u00f5rkasid juukseid kahjuliku keskkonnam\u00f5ju eest. Tagab elastse hoiaku, mida on v\u00f5imalik p\u00e4eva jooksul korrastada v\u00f5i muuta. Balmain Hair signatuurl\u00f5hnaga \u2013 sobib nii naistele kui meestele.  Kasutamine: Kanda v\u00e4ike kogus toodet s\u00f5rmeotstele, viimistleda.  Soovitus:\u00a0Sileda soengu saavutamiseks kammida \u00e4sjapestud juuksed kammiga l\u00e4bi. Seej\u00e4rel kanda peale l\u00e4ikevaha ja kammida juuksed \u00fcle pea suunaga tahapoole, kuni saavutakse soovitud tulemus.  Kogus: 100ml","og_url":"https:\/\/hairdeluxe.ee\/fi\/product\/balmain-laikevaha-100-ml-shine-wax\/","og_site_name":"Hair Deluxe","article_publisher":"https:\/\/www.facebook.com\/blowbartallinn","article_modified_time":"2025-03-18T19:22:38+00:00","og_image":[{"width":800,"height":800,"url":"https:\/\/hairdeluxe.ee\/wp-content\/uploads\/2021\/03\/shine.jpg","type":"image\/jpeg"}],"twitter_card":"summary_large_image","twitter_misc":{"Arvioitu lukuaika":"1 minuutti"},"schema":{"@context":"https:\/\/schema.org","@graph":[{"@type":"WebPage","@id":"https:\/\/hairdeluxe.ee\/fi\/product\/balmain-laikevaha-100-ml-shine-wax\/","url":"https:\/\/hairdeluxe.ee\/fi\/product\/balmain-laikevaha-100-ml-shine-wax\/","name":"BALMAIN HAIR l\u00e4ikevaha \/ Shine Wax 100ml - Hair Deluxe","isPartOf":{"@id":"https:\/\/hairdeluxe.ee\/fi\/#website"},"primaryImageOfPage":{"@id":"https:\/\/hairdeluxe.ee\/fi\/product\/balmain-laikevaha-100-ml-shine-wax\/#primaryimage"},"image":{"@id":"https:\/\/hairdeluxe.ee\/fi\/product\/balmain-laikevaha-100-ml-shine-wax\/#primaryimage"},"thumbnailUrl":"https:\/\/hairdeluxe.ee\/wp-content\/uploads\/2021\/03\/shine.jpg","datePublished":"2021-03-17T13:20:30+00:00","dateModified":"2025-03-18T19:22:38+00:00","breadcrumb":{"@id":"https:\/\/hairdeluxe.ee\/fi\/product\/balmain-laikevaha-100-ml-shine-wax\/#breadcrumb"},"inLanguage":"fi","potentialAction":[{"@type":"ReadAction","target":["https:\/\/hairdeluxe.ee\/fi\/product\/balmain-laikevaha-100-ml-shine-wax\/"]}]},{"@type":"ImageObject","inLanguage":"fi","@id":"https:\/\/hairdeluxe.ee\/fi\/product\/balmain-laikevaha-100-ml-shine-wax\/#primaryimage","url":"https:\/\/hairdeluxe.ee\/wp-content\/uploads\/2021\/03\/shine.jpg","contentUrl":"https:\/\/hairdeluxe.ee\/wp-content\/uploads\/2021\/03\/shine.jpg","width":800,"height":800},{"@type":"BreadcrumbList","@id":"https:\/\/hairdeluxe.ee\/fi\/product\/balmain-laikevaha-100-ml-shine-wax\/#breadcrumb","itemListElement":[{"@type":"ListItem","position":1,"name":"Home","item":"https:\/\/hairdeluxe.ee\/fi\/"},{"@type":"ListItem","position":2,"name":"Kauppa","item":"https:\/\/hairdeluxe.ee\/fi\/shop\/"},{"@type":"ListItem","position":3,"name":"BALMAIN HAIR l\u00e4ikevaha \/ Shine Wax 100ml"}]},{"@type":"WebSite","@id":"https:\/\/hairdeluxe.ee\/fi\/#website","url":"https:\/\/hairdeluxe.ee\/fi\/","name":"Hair Deluxe","description":"Highlight your natural beauty","publisher":{"@id":"https:\/\/hairdeluxe.ee\/fi\/#organization"},"potentialAction":[{"@type":"SearchAction","target":{"@type":"EntryPoint","urlTemplate":"https:\/\/hairdeluxe.ee\/fi\/?s={search_term_string}"},"query-input":{"@type":"PropertyValueSpecification","valueRequired":true,"valueName":"search_term_string"}}],"inLanguage":"fi"},{"@type":"Organization","@id":"https:\/\/hairdeluxe.ee\/fi\/#organization","name":"Hair Deluxe","url":"https:\/\/hairdeluxe.ee\/fi\/","logo":{"@type":"ImageObject","inLanguage":"fi","@id":"https:\/\/hairdeluxe.ee\/fi\/#\/schema\/logo\/image\/","url":"https:\/\/hairdeluxe.ee\/wp-content\/uploads\/2024\/06\/Hair-Deluxe-Logo-Dark-font.png","contentUrl":"https:\/\/hairdeluxe.ee\/wp-content\/uploads\/2024\/06\/Hair-Deluxe-Logo-Dark-font.png","width":467,"height":177,"caption":"Hair Deluxe"},"image":{"@id":"https:\/\/hairdeluxe.ee\/fi\/#\/schema\/logo\/image\/"},"sameAs":["https:\/\/www.facebook.com\/blowbartallinn","https:\/\/www.instagram.com\/blowbar_tallinn"]}]}},"_links":{"self":[{"href":"https:\/\/hairdeluxe.ee\/fi\/wp-json\/wp\/v2\/product\/21696","targetHints":{"allow":["GET"]}}],"collection":[{"href":"https:\/\/hairdeluxe.ee\/fi\/wp-json\/wp\/v2\/product"}],"about":[{"href":"https:\/\/hairdeluxe.ee\/fi\/wp-json\/wp\/v2\/types\/product"}],"wp:featuredmedia":[{"embeddable":true,"href":"https:\/\/hairdeluxe.ee\/fi\/wp-json\/wp\/v2\/media\/21732"}],"wp:attachment":[{"href":"https:\/\/hairdeluxe.ee\/fi\/wp-json\/wp\/v2\/media?parent=21696"}],"wp:term":[{"taxonomy":"product_brand","embeddable":true,"href":"https:\/\/hairdeluxe.ee\/fi\/wp-json\/wp\/v2\/product_brand?post=21696"},{"taxonomy":"product_cat","embeddable":true,"href":"https:\/\/hairdeluxe.ee\/fi\/wp-json\/wp\/v2\/product_cat?post=21696"},{"taxonomy":"product_tag","embeddable":true,"href":"https:\/\/hairdeluxe.ee\/fi\/wp-json\/wp\/v2\/product_tag?post=21696"}],"curies":[{"name":"wp","href":"https:\/\/api.w.org\/{rel}","templated":true}]}}