{"id":21697,"date":"2021-03-17T15:20:31","date_gmt":"2021-03-17T13:20:31","guid":{"rendered":"https:\/\/blowbar.ee\/toode\/import-placeholder-for-967\/"},"modified":"2025-03-18T19:22:37","modified_gmt":"2025-03-18T19:22:37","slug":"balmain-matistav-pasta-100-ml-matt-paste","status":"publish","type":"product","link":"https:\/\/hairdeluxe.ee\/fi\/product\/balmain-matistav-pasta-100-ml-matt-paste\/","title":{"rendered":"BALMAIN HAIR matistava efektiga soengupasta \/ Matt Paste 100ml"},"content":{"rendered":"<p><strong><em>Koostis:<\/em><\/strong><em>\u00a0<\/em><em>Aqua, Petrolatum, Kaolin, Microcristallina Cera, Trilaureth-4 Phosphate, VP\/ VA Copolymer, Ceteareth-30, PEG-40 Hydrogenated Castor Oil, Glycerin, Cera Flava, Hydrogenated Coco-Glycerides, Sodium Benzoate, Argania Spinosa Kernel Oil, Silk Amino Acids, Panthenol, Polyquaternium-55, PEG-7 Glyceryl Cocoate, Caprylic\/Capric Triglyceride, Parfum, Dimethicone, Polyacrylamide, C13-14 Isoparaffin, Laureth-7, Citric Acid.<\/em><\/p>\n","protected":false},"excerpt":{"rendered":"<p>Mati efektiga soengupasta on asendamatu abiline mistahes soengustiili loomisel ja kujundamisel!<br \/>\nSiidja ja elastse tekstuuriga pasta aitab luua mitmesuguseid paindlikke soenguid ja stiile. Veega h\u00f5lpsasti mahapestav. Kindlustab loomuliku tulemuse. Siidiproteiin ja argaania\u00f5li stimuleerivad juustes optimaalse niiskustasakaalu s\u00e4ilimist \u2013 taastavad ja kaitsevad kahjustunud, kuivi ja n\u00f5rkasid juukseid keskkonnategurite kahjuliku m\u00f5ju eest. Balmain Hair signatuurl\u00f5hn. Sobib kasutamiseks nii meestele kui naistele.<\/p>\n<p><strong>Kasutamine:<\/strong>\u00a0H\u00f5\u00f5ruda toodet k\u00e4te vahel ja kanda kuivadele v\u00f5i niisketele juustele. Viimistleda vastavalt soovile.<\/p>\n<p>Kogus: 100ml<\/p>\n","protected":false},"featured_media":21733,"template":"","meta":[],"product_brand":[464],"product_cat":[266,265,212,121,144,220,196,274],"product_tag":[],"class_list":{"0":"post-21697","1":"product","2":"type-product","3":"status-publish","4":"has-post-thumbnail","6":"product_brand-balmain-hair","7":"product_cat-balmain-hair","8":"product_cat-brandid","9":"product_cat-kinnitus","10":"product_cat-koik-tooted","11":"product_cat-meestele","12":"product_cat-pehmed-kahuvabad","13":"product_cat-viimistlus","14":"product_cat-viimistlus-meestele","16":"first","17":"instock","18":"taxable","19":"shipping-taxable","20":"purchasable","21":"product-type-simple","22":"add-to-wishlist-after_add_to_cart"},"yoast_head":"<!-- This site is optimized with the Yoast SEO plugin v27.3 - https:\/\/yoast.com\/product\/yoast-seo-wordpress\/ -->\n<title>BALMAIN HAIR matistava efektiga soengupasta \/ Matt Paste 100ml - Hair Deluxe<\/title>\n<meta name=\"robots\" content=\"index, follow, max-snippet:-1, max-image-preview:large, max-video-preview:-1\" \/>\n<link rel=\"canonical\" href=\"https:\/\/hairdeluxe.ee\/fi\/product\/balmain-matistav-pasta-100-ml-matt-paste\/\" \/>\n<meta property=\"og:locale\" content=\"fi_FI\" \/>\n<meta property=\"og:type\" content=\"article\" \/>\n<meta property=\"og:title\" content=\"BALMAIN HAIR matistava efektiga soengupasta \/ Matt Paste 100ml - Hair Deluxe\" \/>\n<meta property=\"og:description\" content=\"Mati efektiga soengupasta on asendamatu abiline mistahes soengustiili loomisel ja kujundamisel! Siidja ja elastse tekstuuriga pasta aitab luua mitmesuguseid paindlikke soenguid ja stiile. Veega h\u00f5lpsasti mahapestav. Kindlustab loomuliku tulemuse. Siidiproteiin ja argaania\u00f5li stimuleerivad juustes optimaalse niiskustasakaalu s\u00e4ilimist \u2013 taastavad ja kaitsevad kahjustunud, kuivi ja n\u00f5rkasid juukseid keskkonnategurite kahjuliku m\u00f5ju eest. Balmain Hair signatuurl\u00f5hn. Sobib kasutamiseks nii meestele kui naistele.  Kasutamine:\u00a0H\u00f5\u00f5ruda toodet k\u00e4te vahel ja kanda kuivadele v\u00f5i niisketele juustele. Viimistleda vastavalt soovile.  Kogus: 100ml\" \/>\n<meta property=\"og:url\" content=\"https:\/\/hairdeluxe.ee\/fi\/product\/balmain-matistav-pasta-100-ml-matt-paste\/\" \/>\n<meta property=\"og:site_name\" content=\"Hair Deluxe\" \/>\n<meta property=\"article:publisher\" content=\"https:\/\/www.facebook.com\/blowbartallinn\" \/>\n<meta property=\"article:modified_time\" content=\"2025-03-18T19:22:37+00:00\" \/>\n<meta property=\"og:image\" content=\"https:\/\/hairdeluxe.ee\/wp-content\/uploads\/2021\/03\/matt-paste.jpg\" \/>\n\t<meta property=\"og:image:width\" content=\"800\" \/>\n\t<meta property=\"og:image:height\" content=\"800\" \/>\n\t<meta property=\"og:image:type\" content=\"image\/jpeg\" \/>\n<meta name=\"twitter:card\" content=\"summary_large_image\" \/>\n<meta name=\"twitter:label1\" content=\"Arvioitu lukuaika\" \/>\n\t<meta name=\"twitter:data1\" content=\"1 minuutti\" \/>\n<script type=\"application\/ld+json\" class=\"yoast-schema-graph\">{\"@context\":\"https:\\\/\\\/schema.org\",\"@graph\":[{\"@type\":\"WebPage\",\"@id\":\"https:\\\/\\\/hairdeluxe.ee\\\/fi\\\/product\\\/balmain-matistav-pasta-100-ml-matt-paste\\\/\",\"url\":\"https:\\\/\\\/hairdeluxe.ee\\\/fi\\\/product\\\/balmain-matistav-pasta-100-ml-matt-paste\\\/\",\"name\":\"BALMAIN HAIR matistava efektiga soengupasta \\\/ Matt Paste 100ml - Hair Deluxe\",\"isPartOf\":{\"@id\":\"https:\\\/\\\/hairdeluxe.ee\\\/fi\\\/#website\"},\"primaryImageOfPage\":{\"@id\":\"https:\\\/\\\/hairdeluxe.ee\\\/fi\\\/product\\\/balmain-matistav-pasta-100-ml-matt-paste\\\/#primaryimage\"},\"image\":{\"@id\":\"https:\\\/\\\/hairdeluxe.ee\\\/fi\\\/product\\\/balmain-matistav-pasta-100-ml-matt-paste\\\/#primaryimage\"},\"thumbnailUrl\":\"https:\\\/\\\/hairdeluxe.ee\\\/wp-content\\\/uploads\\\/2021\\\/03\\\/matt-paste.jpg\",\"datePublished\":\"2021-03-17T13:20:31+00:00\",\"dateModified\":\"2025-03-18T19:22:37+00:00\",\"breadcrumb\":{\"@id\":\"https:\\\/\\\/hairdeluxe.ee\\\/fi\\\/product\\\/balmain-matistav-pasta-100-ml-matt-paste\\\/#breadcrumb\"},\"inLanguage\":\"fi\",\"potentialAction\":[{\"@type\":\"ReadAction\",\"target\":[\"https:\\\/\\\/hairdeluxe.ee\\\/fi\\\/product\\\/balmain-matistav-pasta-100-ml-matt-paste\\\/\"]}]},{\"@type\":\"ImageObject\",\"inLanguage\":\"fi\",\"@id\":\"https:\\\/\\\/hairdeluxe.ee\\\/fi\\\/product\\\/balmain-matistav-pasta-100-ml-matt-paste\\\/#primaryimage\",\"url\":\"https:\\\/\\\/hairdeluxe.ee\\\/wp-content\\\/uploads\\\/2021\\\/03\\\/matt-paste.jpg\",\"contentUrl\":\"https:\\\/\\\/hairdeluxe.ee\\\/wp-content\\\/uploads\\\/2021\\\/03\\\/matt-paste.jpg\",\"width\":800,\"height\":800},{\"@type\":\"BreadcrumbList\",\"@id\":\"https:\\\/\\\/hairdeluxe.ee\\\/fi\\\/product\\\/balmain-matistav-pasta-100-ml-matt-paste\\\/#breadcrumb\",\"itemListElement\":[{\"@type\":\"ListItem\",\"position\":1,\"name\":\"Home\",\"item\":\"https:\\\/\\\/hairdeluxe.ee\\\/fi\\\/\"},{\"@type\":\"ListItem\",\"position\":2,\"name\":\"Kauppa\",\"item\":\"https:\\\/\\\/hairdeluxe.ee\\\/fi\\\/shop\\\/\"},{\"@type\":\"ListItem\",\"position\":3,\"name\":\"BALMAIN HAIR matistava efektiga soengupasta \\\/ Matt Paste 100ml\"}]},{\"@type\":\"WebSite\",\"@id\":\"https:\\\/\\\/hairdeluxe.ee\\\/fi\\\/#website\",\"url\":\"https:\\\/\\\/hairdeluxe.ee\\\/fi\\\/\",\"name\":\"Hair Deluxe\",\"description\":\"Highlight your natural beauty\",\"publisher\":{\"@id\":\"https:\\\/\\\/hairdeluxe.ee\\\/fi\\\/#organization\"},\"potentialAction\":[{\"@type\":\"SearchAction\",\"target\":{\"@type\":\"EntryPoint\",\"urlTemplate\":\"https:\\\/\\\/hairdeluxe.ee\\\/fi\\\/?s={search_term_string}\"},\"query-input\":{\"@type\":\"PropertyValueSpecification\",\"valueRequired\":true,\"valueName\":\"search_term_string\"}}],\"inLanguage\":\"fi\"},{\"@type\":\"Organization\",\"@id\":\"https:\\\/\\\/hairdeluxe.ee\\\/fi\\\/#organization\",\"name\":\"Hair Deluxe\",\"url\":\"https:\\\/\\\/hairdeluxe.ee\\\/fi\\\/\",\"logo\":{\"@type\":\"ImageObject\",\"inLanguage\":\"fi\",\"@id\":\"https:\\\/\\\/hairdeluxe.ee\\\/fi\\\/#\\\/schema\\\/logo\\\/image\\\/\",\"url\":\"https:\\\/\\\/hairdeluxe.ee\\\/wp-content\\\/uploads\\\/2024\\\/06\\\/Hair-Deluxe-Logo-Dark-font.png\",\"contentUrl\":\"https:\\\/\\\/hairdeluxe.ee\\\/wp-content\\\/uploads\\\/2024\\\/06\\\/Hair-Deluxe-Logo-Dark-font.png\",\"width\":467,\"height\":177,\"caption\":\"Hair Deluxe\"},\"image\":{\"@id\":\"https:\\\/\\\/hairdeluxe.ee\\\/fi\\\/#\\\/schema\\\/logo\\\/image\\\/\"},\"sameAs\":[\"https:\\\/\\\/www.facebook.com\\\/blowbartallinn\",\"https:\\\/\\\/www.instagram.com\\\/blowbar_tallinn\"]}]}<\/script>\n<!-- \/ Yoast SEO plugin. -->","yoast_head_json":{"title":"BALMAIN HAIR matistava efektiga soengupasta \/ Matt Paste 100ml - Hair Deluxe","robots":{"index":"index","follow":"follow","max-snippet":"max-snippet:-1","max-image-preview":"max-image-preview:large","max-video-preview":"max-video-preview:-1"},"canonical":"https:\/\/hairdeluxe.ee\/fi\/product\/balmain-matistav-pasta-100-ml-matt-paste\/","og_locale":"fi_FI","og_type":"article","og_title":"BALMAIN HAIR matistava efektiga soengupasta \/ Matt Paste 100ml - Hair Deluxe","og_description":"Mati efektiga soengupasta on asendamatu abiline mistahes soengustiili loomisel ja kujundamisel! Siidja ja elastse tekstuuriga pasta aitab luua mitmesuguseid paindlikke soenguid ja stiile. Veega h\u00f5lpsasti mahapestav. Kindlustab loomuliku tulemuse. Siidiproteiin ja argaania\u00f5li stimuleerivad juustes optimaalse niiskustasakaalu s\u00e4ilimist \u2013 taastavad ja kaitsevad kahjustunud, kuivi ja n\u00f5rkasid juukseid keskkonnategurite kahjuliku m\u00f5ju eest. Balmain Hair signatuurl\u00f5hn. Sobib kasutamiseks nii meestele kui naistele.  Kasutamine:\u00a0H\u00f5\u00f5ruda toodet k\u00e4te vahel ja kanda kuivadele v\u00f5i niisketele juustele. Viimistleda vastavalt soovile.  Kogus: 100ml","og_url":"https:\/\/hairdeluxe.ee\/fi\/product\/balmain-matistav-pasta-100-ml-matt-paste\/","og_site_name":"Hair Deluxe","article_publisher":"https:\/\/www.facebook.com\/blowbartallinn","article_modified_time":"2025-03-18T19:22:37+00:00","og_image":[{"width":800,"height":800,"url":"https:\/\/hairdeluxe.ee\/wp-content\/uploads\/2021\/03\/matt-paste.jpg","type":"image\/jpeg"}],"twitter_card":"summary_large_image","twitter_misc":{"Arvioitu lukuaika":"1 minuutti"},"schema":{"@context":"https:\/\/schema.org","@graph":[{"@type":"WebPage","@id":"https:\/\/hairdeluxe.ee\/fi\/product\/balmain-matistav-pasta-100-ml-matt-paste\/","url":"https:\/\/hairdeluxe.ee\/fi\/product\/balmain-matistav-pasta-100-ml-matt-paste\/","name":"BALMAIN HAIR matistava efektiga soengupasta \/ Matt Paste 100ml - Hair Deluxe","isPartOf":{"@id":"https:\/\/hairdeluxe.ee\/fi\/#website"},"primaryImageOfPage":{"@id":"https:\/\/hairdeluxe.ee\/fi\/product\/balmain-matistav-pasta-100-ml-matt-paste\/#primaryimage"},"image":{"@id":"https:\/\/hairdeluxe.ee\/fi\/product\/balmain-matistav-pasta-100-ml-matt-paste\/#primaryimage"},"thumbnailUrl":"https:\/\/hairdeluxe.ee\/wp-content\/uploads\/2021\/03\/matt-paste.jpg","datePublished":"2021-03-17T13:20:31+00:00","dateModified":"2025-03-18T19:22:37+00:00","breadcrumb":{"@id":"https:\/\/hairdeluxe.ee\/fi\/product\/balmain-matistav-pasta-100-ml-matt-paste\/#breadcrumb"},"inLanguage":"fi","potentialAction":[{"@type":"ReadAction","target":["https:\/\/hairdeluxe.ee\/fi\/product\/balmain-matistav-pasta-100-ml-matt-paste\/"]}]},{"@type":"ImageObject","inLanguage":"fi","@id":"https:\/\/hairdeluxe.ee\/fi\/product\/balmain-matistav-pasta-100-ml-matt-paste\/#primaryimage","url":"https:\/\/hairdeluxe.ee\/wp-content\/uploads\/2021\/03\/matt-paste.jpg","contentUrl":"https:\/\/hairdeluxe.ee\/wp-content\/uploads\/2021\/03\/matt-paste.jpg","width":800,"height":800},{"@type":"BreadcrumbList","@id":"https:\/\/hairdeluxe.ee\/fi\/product\/balmain-matistav-pasta-100-ml-matt-paste\/#breadcrumb","itemListElement":[{"@type":"ListItem","position":1,"name":"Home","item":"https:\/\/hairdeluxe.ee\/fi\/"},{"@type":"ListItem","position":2,"name":"Kauppa","item":"https:\/\/hairdeluxe.ee\/fi\/shop\/"},{"@type":"ListItem","position":3,"name":"BALMAIN HAIR matistava efektiga soengupasta \/ Matt Paste 100ml"}]},{"@type":"WebSite","@id":"https:\/\/hairdeluxe.ee\/fi\/#website","url":"https:\/\/hairdeluxe.ee\/fi\/","name":"Hair Deluxe","description":"Highlight your natural beauty","publisher":{"@id":"https:\/\/hairdeluxe.ee\/fi\/#organization"},"potentialAction":[{"@type":"SearchAction","target":{"@type":"EntryPoint","urlTemplate":"https:\/\/hairdeluxe.ee\/fi\/?s={search_term_string}"},"query-input":{"@type":"PropertyValueSpecification","valueRequired":true,"valueName":"search_term_string"}}],"inLanguage":"fi"},{"@type":"Organization","@id":"https:\/\/hairdeluxe.ee\/fi\/#organization","name":"Hair Deluxe","url":"https:\/\/hairdeluxe.ee\/fi\/","logo":{"@type":"ImageObject","inLanguage":"fi","@id":"https:\/\/hairdeluxe.ee\/fi\/#\/schema\/logo\/image\/","url":"https:\/\/hairdeluxe.ee\/wp-content\/uploads\/2024\/06\/Hair-Deluxe-Logo-Dark-font.png","contentUrl":"https:\/\/hairdeluxe.ee\/wp-content\/uploads\/2024\/06\/Hair-Deluxe-Logo-Dark-font.png","width":467,"height":177,"caption":"Hair Deluxe"},"image":{"@id":"https:\/\/hairdeluxe.ee\/fi\/#\/schema\/logo\/image\/"},"sameAs":["https:\/\/www.facebook.com\/blowbartallinn","https:\/\/www.instagram.com\/blowbar_tallinn"]}]}},"_links":{"self":[{"href":"https:\/\/hairdeluxe.ee\/fi\/wp-json\/wp\/v2\/product\/21697","targetHints":{"allow":["GET"]}}],"collection":[{"href":"https:\/\/hairdeluxe.ee\/fi\/wp-json\/wp\/v2\/product"}],"about":[{"href":"https:\/\/hairdeluxe.ee\/fi\/wp-json\/wp\/v2\/types\/product"}],"wp:featuredmedia":[{"embeddable":true,"href":"https:\/\/hairdeluxe.ee\/fi\/wp-json\/wp\/v2\/media\/21733"}],"wp:attachment":[{"href":"https:\/\/hairdeluxe.ee\/fi\/wp-json\/wp\/v2\/media?parent=21697"}],"wp:term":[{"taxonomy":"product_brand","embeddable":true,"href":"https:\/\/hairdeluxe.ee\/fi\/wp-json\/wp\/v2\/product_brand?post=21697"},{"taxonomy":"product_cat","embeddable":true,"href":"https:\/\/hairdeluxe.ee\/fi\/wp-json\/wp\/v2\/product_cat?post=21697"},{"taxonomy":"product_tag","embeddable":true,"href":"https:\/\/hairdeluxe.ee\/fi\/wp-json\/wp\/v2\/product_tag?post=21697"}],"curies":[{"name":"wp","href":"https:\/\/api.w.org\/{rel}","templated":true}]}}