{"id":21702,"date":"2021-03-17T15:20:31","date_gmt":"2021-03-17T13:20:31","guid":{"rendered":"https:\/\/blowbar.ee\/toode\/import-placeholder-for-997\/"},"modified":"2025-03-18T19:22:38","modified_gmt":"2025-03-18T19:22:38","slug":"balmain-signatuurtoodetega-komplekt","status":"publish","type":"product","link":"https:\/\/hairdeluxe.ee\/fi\/product\/balmain-signatuurtoodetega-komplekt\/","title":{"rendered":"BALMAIN HAIR juukseid s\u00fcgavuti niisutav ja s\u00e4ra andev komplekt \/ Signature Foundation Set"},"content":{"rendered":"<p><strong>Balmain Hair Leave-in Conditioning Spray 200ml<br \/>\n<\/strong><em><strong>Koostis:\u00a0<\/strong>Aqua, Cetearyl Alcohol, Glyceryl Stearate, Stearamidopropyl Dimethylamine, Argania Spinosa Kernel Oil, Silk Amino Acids, Panthenol, Dimethylpabamidopropyl Lauryldimonium Tosylate, Propylene Glycol Stearate, Sodium Cocoyl Amino Acids, Potassium Dimethicone PEG-7 Panthenyl Phosphate, Behenoyl PG-Trimonium Chloride, Quaternium-80, Amodimethicone, C11-15 Paret h-7, Laureth-9, Glycerin, Trideceth-12, Ethylhexyl Methoxycinnamate, Ceteareth-20, Phenoxyethanol, Ethylhexylglycerin, Polyquaternium-37, Propylene Glycol Dicaprylate\/ Dicaprate, PPG-1 Trideceth-6, Parfum, Citric Acid.<\/em><\/p>\n<p><strong>Balmain Hair Argan Moisturizing Elixir 100ml<br \/>\n<\/strong><em><strong>Koostis:\u00a0<\/strong>Cyclopentasiloxane, Dimethiconol, Argania Spinoza Kernel Oil, Trimethylsiloxyphenyl Dimethicone, Silk Amino Acids, Ethylhexyl Methoxycinnamate, Parfum<\/em><\/p>\n<div class=\"page\" title=\"Page 16\">\n<div class=\"section\">\n<div class=\"layoutArea\">\n<div class=\"column\"><\/div>\n<\/div>\n<\/div>\n<\/div>\n<div class=\"page\" title=\"Page 16\">\n<div class=\"section\">\n<div class=\"layoutArea\">\n<div class=\"column\">\n<p>&nbsp;<\/p>\n<\/div>\n<\/div>\n<\/div>\n<\/div>\n","protected":false},"excerpt":{"rendered":"<p>Fantastiline kombinatsioon juustesse j\u00e4etavast sprei-palsamist \/\u00a0<a href=\"https:\/\/www.balmainhair.ee\/toode\/balmain-leave-in-conditioning-spray-palsam-juuksed-niisutav-hair-juuksed-salong-valjalangemine\/\">Leave-in Conditioning Spray<\/a> ja argaania eliksiirist \/ <a href=\"https:\/\/www.balmainhair.ee\/toode\/balmain-argan-moisturizing-elixir-20ml\/\">Moisturizing Argan Elixir<\/a> annab ideaalse p\u00f5hja igasuguseks juuste viimistlemiseks, tagades juuste maksimaalse kaitse ja s\u00fcgava niisutuse samaaegselt. See on v\u00e4ga t\u00f5hus toodete kombinatsioon, mida kasutatakse lavatagusteks viimistlust\u00f6\u00f6deks maailmakuulsatel moe-showdel. Nende toodetega saavutad lihtsalt terved, toidetud, niisutatud ja s\u00e4ravad juuksed! Tooted sisaldavad UV-filtreid, lisaks kaitsevad juukseid kuumt\u00f6\u00f6tlemisel.<br \/>\n&#8211; Ideaane p\u00f5hi mistahes soengu viimistluse alla<br \/>\n&#8211; V\u00e4hendab kahu ja lendlevaid karvu<br \/>\n&#8211; Taastab juuste loomuliku s\u00e4ra<br \/>\n&#8211; Niisutab ja toidab juukseid s\u00fcgavuti<br \/>\n&#8211; Sisaldab UV-filtreid<\/p>\n<p><strong>Juustesse j\u00e4etav sprei-palsam \/ Leave-in Conditioning Spray, 200ml<br \/>\n<\/strong>Ideaalne juustesse j\u00e4etav niisutav spreipalsam igale juukset\u00fc\u00fcbile. Niisutab juukseid ja peanahka, silub juuste soomuskihti. Sisaldab UV-kaitset. Annab juustele kohevust, vol\u00fc\u00fcmi, hooldab ja tagab niisutuse terveks p\u00e4evaks. Siidiproteiin ja argaania\u00f5li s\u00e4ilitavad optimaalse niiskustaseme juustes, parandavad ja kaitsevad kahjustunud, kuivi ja n\u00f5rkasid juukseid kahjuliku keskkonnam\u00f5ju eest. Balmain Hair signatuurl\u00f5hnaga. Parabeeni- ja sulfaadivaba.<\/p>\n<p><strong>Kasutamine:<\/strong>\u00a0Pihustada r\u00e4tikukuivadele juustele v\u00f5i kuivadele juustele. Mitte loputada.<\/p>\n<p><strong>Soovitus:<\/strong> Pihustada v\u00e4ike kogus toodet juustele enne magamaminekut, punuda juuksed patsi \u2013 hommikul on juuksed supersiledad ja kaunid.<br \/>\nV\u00f5i hommikul p\u00e4rast \u00e4rkamist, pihustada juustesse, lasta 1min. toimida ja siis kammida l\u00e4bi. V\u00e4hendab kahu, muutes juuksed siledaks ja kergesti kammitavaks.<\/p>\n<p><strong>Juukseid s\u00fcgavuti niisutav argania\u00f5liga eliksiir &#8211; seerum puhta argaania\u00f5liga \/ Argan Moisturizing Elixir, 100 ml<br \/>\n<\/strong>Taastava toimega seerum orgaanilise argaania\u00f5liga lisab juustele pehmust, siledust ja eluj\u00f5udu, sealjuures\u00a0j\u00e4tmata juustesse j\u00e4\u00e4ke. Siidiproteiin ja argaania\u00f5li s\u00e4ilitavad optimaalse niiskustaseme juustes, parandades\u00a0ja kaitstes\u00a0kahjustunud, kuivi ja n\u00f5rku\u00a0juukseid kahjuliku keskkonnam\u00f5ju eest. Eliksiir annab juustele teemantl\u00e4ike, niisutab ja silub kahjustatud juukseid. Balmain Hair signatuurl\u00f5hnaga.<\/p>\n<p><strong>Kasutamine:<\/strong>\u00a0Peale juustepesu kanda paar tilka eliksiiri peopesale ja kanda \u00fchtlaselt niisketele v\u00f5i kuivadele juusteotstele. Mitte loputada. K\u00e4tele j\u00e4\u00e4nud eliksiir levitada k\u00e4e- ja k\u00fc\u00fcnenahkadele, tagab s\u00fcgava niisutuse.<\/p>\n<p>https:\/\/www.youtube.com\/watch?v=W45dM8LPLt0<\/p>\n","protected":false},"featured_media":21738,"template":"","meta":[],"product_brand":[464],"product_cat":[266,265,208,129,130,121,220,223,279,196],"product_tag":[],"class_list":{"0":"post-21702","1":"product","2":"type-product","3":"status-publish","4":"has-post-thumbnail","6":"product_brand-balmain-hair","7":"product_cat-balmain-hair","8":"product_cat-brandid","9":"product_cat-juuksehooldus","10":"product_cat-kingitused","11":"product_cat-kinkekomplektid","12":"product_cat-koik-tooted","13":"product_cat-pehmed-kahuvabad","14":"product_cat-pusadevastane","15":"product_cat-sugavuti-niisutav-moisturizing","16":"product_cat-viimistlus","18":"first","19":"instock","20":"taxable","21":"shipping-taxable","22":"purchasable","23":"product-type-simple","24":"add-to-wishlist-after_add_to_cart"},"yoast_head":"<!-- This site is optimized with the Yoast SEO plugin v27.4 - https:\/\/yoast.com\/product\/yoast-seo-wordpress\/ -->\n<title>BALMAIN HAIR juukseid s\u00fcgavuti niisutav ja s\u00e4ra andev komplekt \/ Signature Foundation Set - Hair Deluxe<\/title>\n<meta name=\"robots\" content=\"index, follow, max-snippet:-1, max-image-preview:large, max-video-preview:-1\" \/>\n<link rel=\"canonical\" href=\"https:\/\/hairdeluxe.ee\/fi\/product\/balmain-signatuurtoodetega-komplekt\/\" \/>\n<meta property=\"og:locale\" content=\"fi_FI\" \/>\n<meta property=\"og:type\" content=\"article\" \/>\n<meta property=\"og:title\" content=\"BALMAIN HAIR juukseid s\u00fcgavuti niisutav ja s\u00e4ra andev komplekt \/ Signature Foundation Set - Hair Deluxe\" \/>\n<meta property=\"og:description\" content=\"Fantastiline kombinatsioon juustesse j\u00e4etavast sprei-palsamist \/\u00a0Leave-in Conditioning Spray ja argaania eliksiirist \/ Moisturizing Argan Elixir annab ideaalse p\u00f5hja igasuguseks juuste viimistlemiseks, tagades juuste maksimaalse kaitse ja s\u00fcgava niisutuse samaaegselt. See on v\u00e4ga t\u00f5hus toodete kombinatsioon, mida kasutatakse lavatagusteks viimistlust\u00f6\u00f6deks maailmakuulsatel moe-showdel. Nende toodetega saavutad lihtsalt terved, toidetud, niisutatud ja s\u00e4ravad juuksed! Tooted sisaldavad UV-filtreid, lisaks kaitsevad juukseid kuumt\u00f6\u00f6tlemisel. - Ideaane p\u00f5hi mistahes soengu viimistluse alla - V\u00e4hendab kahu ja lendlevaid karvu - Taastab juuste loomuliku s\u00e4ra - Niisutab ja toidab juukseid s\u00fcgavuti - Sisaldab UV-filtreid  Juustesse j\u00e4etav sprei-palsam \/ Leave-in Conditioning Spray, 200ml Ideaalne juustesse j\u00e4etav niisutav spreipalsam igale juukset\u00fc\u00fcbile. Niisutab juukseid ja peanahka, silub juuste soomuskihti. Sisaldab UV-kaitset. Annab juustele kohevust, vol\u00fc\u00fcmi, hooldab ja tagab niisutuse terveks p\u00e4evaks. Siidiproteiin ja argaania\u00f5li s\u00e4ilitavad optimaalse niiskustaseme juustes, parandavad ja kaitsevad kahjustunud, kuivi ja n\u00f5rkasid juukseid kahjuliku keskkonnam\u00f5ju eest. Balmain Hair signatuurl\u00f5hnaga. Parabeeni- ja sulfaadivaba.  Kasutamine:\u00a0Pihustada r\u00e4tikukuivadele juustele v\u00f5i kuivadele juustele. Mitte loputada.  Soovitus: Pihustada v\u00e4ike kogus toodet juustele enne magamaminekut, punuda juuksed patsi \u2013 hommikul on juuksed supersiledad ja kaunid. V\u00f5i hommikul p\u00e4rast \u00e4rkamist, pihustada juustesse, lasta 1min. toimida ja siis kammida l\u00e4bi. V\u00e4hendab kahu, muutes juuksed siledaks ja kergesti kammitavaks.  Juukseid s\u00fcgavuti niisutav argania\u00f5liga eliksiir - seerum puhta argaania\u00f5liga \/ Argan Moisturizing Elixir, 100 ml Taastava toimega seerum orgaanilise argaania\u00f5liga lisab juustele pehmust, siledust ja eluj\u00f5udu, sealjuures\u00a0j\u00e4tmata juustesse j\u00e4\u00e4ke. Siidiproteiin ja argaania\u00f5li s\u00e4ilitavad optimaalse niiskustaseme juustes, parandades\u00a0ja kaitstes\u00a0kahjustunud, kuivi ja n\u00f5rku\u00a0juukseid kahjuliku keskkonnam\u00f5ju eest. Eliksiir annab juustele teemantl\u00e4ike, niisutab ja silub kahjustatud juukseid. Balmain Hair signatuurl\u00f5hnaga.  Kasutamine:\u00a0Peale juustepesu kanda paar tilka eliksiiri peopesale ja kanda \u00fchtlaselt niisketele v\u00f5i kuivadele juusteotstele. Mitte loputada. K\u00e4tele j\u00e4\u00e4nud eliksiir levitada k\u00e4e- ja k\u00fc\u00fcnenahkadele, tagab s\u00fcgava niisutuse.  https:\/\/www.youtube.com\/watch?v=W45dM8LPLt0\" \/>\n<meta property=\"og:url\" content=\"https:\/\/hairdeluxe.ee\/fi\/product\/balmain-signatuurtoodetega-komplekt\/\" \/>\n<meta property=\"og:site_name\" content=\"Hair Deluxe\" \/>\n<meta property=\"article:publisher\" content=\"https:\/\/www.facebook.com\/blowbartallinn\" \/>\n<meta property=\"article:modified_time\" content=\"2025-03-18T19:22:38+00:00\" \/>\n<meta property=\"og:image\" content=\"https:\/\/hairdeluxe.ee\/wp-content\/uploads\/2021\/03\/balmainhair_styling_signaturefoundation_bottlespackage_800x800.jpg\" \/>\n\t<meta property=\"og:image:width\" content=\"800\" \/>\n\t<meta property=\"og:image:height\" content=\"800\" \/>\n\t<meta property=\"og:image:type\" content=\"image\/jpeg\" \/>\n<meta name=\"twitter:card\" content=\"summary_large_image\" \/>\n<meta name=\"twitter:label1\" content=\"Arvioitu lukuaika\" \/>\n\t<meta name=\"twitter:data1\" content=\"1 minuutti\" \/>\n<script type=\"application\/ld+json\" class=\"yoast-schema-graph\">{\"@context\":\"https:\\\/\\\/schema.org\",\"@graph\":[{\"@type\":\"WebPage\",\"@id\":\"https:\\\/\\\/hairdeluxe.ee\\\/fi\\\/product\\\/balmain-signatuurtoodetega-komplekt\\\/\",\"url\":\"https:\\\/\\\/hairdeluxe.ee\\\/fi\\\/product\\\/balmain-signatuurtoodetega-komplekt\\\/\",\"name\":\"BALMAIN HAIR juukseid s\u00fcgavuti niisutav ja s\u00e4ra andev komplekt \\\/ Signature Foundation Set - Hair Deluxe\",\"isPartOf\":{\"@id\":\"https:\\\/\\\/hairdeluxe.ee\\\/fi\\\/#website\"},\"primaryImageOfPage\":{\"@id\":\"https:\\\/\\\/hairdeluxe.ee\\\/fi\\\/product\\\/balmain-signatuurtoodetega-komplekt\\\/#primaryimage\"},\"image\":{\"@id\":\"https:\\\/\\\/hairdeluxe.ee\\\/fi\\\/product\\\/balmain-signatuurtoodetega-komplekt\\\/#primaryimage\"},\"thumbnailUrl\":\"https:\\\/\\\/hairdeluxe.ee\\\/wp-content\\\/uploads\\\/2021\\\/03\\\/balmainhair_styling_signaturefoundation_bottlespackage_800x800.jpg\",\"datePublished\":\"2021-03-17T13:20:31+00:00\",\"dateModified\":\"2025-03-18T19:22:38+00:00\",\"breadcrumb\":{\"@id\":\"https:\\\/\\\/hairdeluxe.ee\\\/fi\\\/product\\\/balmain-signatuurtoodetega-komplekt\\\/#breadcrumb\"},\"inLanguage\":\"fi\",\"potentialAction\":[{\"@type\":\"ReadAction\",\"target\":[\"https:\\\/\\\/hairdeluxe.ee\\\/fi\\\/product\\\/balmain-signatuurtoodetega-komplekt\\\/\"]}]},{\"@type\":\"ImageObject\",\"inLanguage\":\"fi\",\"@id\":\"https:\\\/\\\/hairdeluxe.ee\\\/fi\\\/product\\\/balmain-signatuurtoodetega-komplekt\\\/#primaryimage\",\"url\":\"https:\\\/\\\/hairdeluxe.ee\\\/wp-content\\\/uploads\\\/2021\\\/03\\\/balmainhair_styling_signaturefoundation_bottlespackage_800x800.jpg\",\"contentUrl\":\"https:\\\/\\\/hairdeluxe.ee\\\/wp-content\\\/uploads\\\/2021\\\/03\\\/balmainhair_styling_signaturefoundation_bottlespackage_800x800.jpg\",\"width\":800,\"height\":800},{\"@type\":\"BreadcrumbList\",\"@id\":\"https:\\\/\\\/hairdeluxe.ee\\\/fi\\\/product\\\/balmain-signatuurtoodetega-komplekt\\\/#breadcrumb\",\"itemListElement\":[{\"@type\":\"ListItem\",\"position\":1,\"name\":\"Home\",\"item\":\"https:\\\/\\\/hairdeluxe.ee\\\/fi\\\/\"},{\"@type\":\"ListItem\",\"position\":2,\"name\":\"Kauppa\",\"item\":\"https:\\\/\\\/hairdeluxe.ee\\\/fi\\\/shop\\\/\"},{\"@type\":\"ListItem\",\"position\":3,\"name\":\"BALMAIN HAIR juukseid s\u00fcgavuti niisutav ja s\u00e4ra andev komplekt \\\/ Signature Foundation Set\"}]},{\"@type\":\"WebSite\",\"@id\":\"https:\\\/\\\/hairdeluxe.ee\\\/fi\\\/#website\",\"url\":\"https:\\\/\\\/hairdeluxe.ee\\\/fi\\\/\",\"name\":\"Hair Deluxe\",\"description\":\"Highlight your natural beauty\",\"publisher\":{\"@id\":\"https:\\\/\\\/hairdeluxe.ee\\\/fi\\\/#organization\"},\"potentialAction\":[{\"@type\":\"SearchAction\",\"target\":{\"@type\":\"EntryPoint\",\"urlTemplate\":\"https:\\\/\\\/hairdeluxe.ee\\\/fi\\\/?s={search_term_string}\"},\"query-input\":{\"@type\":\"PropertyValueSpecification\",\"valueRequired\":true,\"valueName\":\"search_term_string\"}}],\"inLanguage\":\"fi\"},{\"@type\":\"Organization\",\"@id\":\"https:\\\/\\\/hairdeluxe.ee\\\/fi\\\/#organization\",\"name\":\"Hair Deluxe\",\"url\":\"https:\\\/\\\/hairdeluxe.ee\\\/fi\\\/\",\"logo\":{\"@type\":\"ImageObject\",\"inLanguage\":\"fi\",\"@id\":\"https:\\\/\\\/hairdeluxe.ee\\\/fi\\\/#\\\/schema\\\/logo\\\/image\\\/\",\"url\":\"https:\\\/\\\/hairdeluxe.ee\\\/wp-content\\\/uploads\\\/2024\\\/06\\\/Hair-Deluxe-Logo-Dark-font.png\",\"contentUrl\":\"https:\\\/\\\/hairdeluxe.ee\\\/wp-content\\\/uploads\\\/2024\\\/06\\\/Hair-Deluxe-Logo-Dark-font.png\",\"width\":467,\"height\":177,\"caption\":\"Hair Deluxe\"},\"image\":{\"@id\":\"https:\\\/\\\/hairdeluxe.ee\\\/fi\\\/#\\\/schema\\\/logo\\\/image\\\/\"},\"sameAs\":[\"https:\\\/\\\/www.facebook.com\\\/blowbartallinn\",\"https:\\\/\\\/www.instagram.com\\\/blowbar_tallinn\"]}]}<\/script>\n<!-- \/ Yoast SEO plugin. -->","yoast_head_json":{"title":"BALMAIN HAIR juukseid s\u00fcgavuti niisutav ja s\u00e4ra andev komplekt \/ Signature Foundation Set - Hair Deluxe","robots":{"index":"index","follow":"follow","max-snippet":"max-snippet:-1","max-image-preview":"max-image-preview:large","max-video-preview":"max-video-preview:-1"},"canonical":"https:\/\/hairdeluxe.ee\/fi\/product\/balmain-signatuurtoodetega-komplekt\/","og_locale":"fi_FI","og_type":"article","og_title":"BALMAIN HAIR juukseid s\u00fcgavuti niisutav ja s\u00e4ra andev komplekt \/ Signature Foundation Set - Hair Deluxe","og_description":"Fantastiline kombinatsioon juustesse j\u00e4etavast sprei-palsamist \/\u00a0Leave-in Conditioning Spray ja argaania eliksiirist \/ Moisturizing Argan Elixir annab ideaalse p\u00f5hja igasuguseks juuste viimistlemiseks, tagades juuste maksimaalse kaitse ja s\u00fcgava niisutuse samaaegselt. See on v\u00e4ga t\u00f5hus toodete kombinatsioon, mida kasutatakse lavatagusteks viimistlust\u00f6\u00f6deks maailmakuulsatel moe-showdel. Nende toodetega saavutad lihtsalt terved, toidetud, niisutatud ja s\u00e4ravad juuksed! Tooted sisaldavad UV-filtreid, lisaks kaitsevad juukseid kuumt\u00f6\u00f6tlemisel. - Ideaane p\u00f5hi mistahes soengu viimistluse alla - V\u00e4hendab kahu ja lendlevaid karvu - Taastab juuste loomuliku s\u00e4ra - Niisutab ja toidab juukseid s\u00fcgavuti - Sisaldab UV-filtreid  Juustesse j\u00e4etav sprei-palsam \/ Leave-in Conditioning Spray, 200ml Ideaalne juustesse j\u00e4etav niisutav spreipalsam igale juukset\u00fc\u00fcbile. Niisutab juukseid ja peanahka, silub juuste soomuskihti. Sisaldab UV-kaitset. Annab juustele kohevust, vol\u00fc\u00fcmi, hooldab ja tagab niisutuse terveks p\u00e4evaks. Siidiproteiin ja argaania\u00f5li s\u00e4ilitavad optimaalse niiskustaseme juustes, parandavad ja kaitsevad kahjustunud, kuivi ja n\u00f5rkasid juukseid kahjuliku keskkonnam\u00f5ju eest. Balmain Hair signatuurl\u00f5hnaga. Parabeeni- ja sulfaadivaba.  Kasutamine:\u00a0Pihustada r\u00e4tikukuivadele juustele v\u00f5i kuivadele juustele. Mitte loputada.  Soovitus: Pihustada v\u00e4ike kogus toodet juustele enne magamaminekut, punuda juuksed patsi \u2013 hommikul on juuksed supersiledad ja kaunid. V\u00f5i hommikul p\u00e4rast \u00e4rkamist, pihustada juustesse, lasta 1min. toimida ja siis kammida l\u00e4bi. V\u00e4hendab kahu, muutes juuksed siledaks ja kergesti kammitavaks.  Juukseid s\u00fcgavuti niisutav argania\u00f5liga eliksiir - seerum puhta argaania\u00f5liga \/ Argan Moisturizing Elixir, 100 ml Taastava toimega seerum orgaanilise argaania\u00f5liga lisab juustele pehmust, siledust ja eluj\u00f5udu, sealjuures\u00a0j\u00e4tmata juustesse j\u00e4\u00e4ke. Siidiproteiin ja argaania\u00f5li s\u00e4ilitavad optimaalse niiskustaseme juustes, parandades\u00a0ja kaitstes\u00a0kahjustunud, kuivi ja n\u00f5rku\u00a0juukseid kahjuliku keskkonnam\u00f5ju eest. Eliksiir annab juustele teemantl\u00e4ike, niisutab ja silub kahjustatud juukseid. Balmain Hair signatuurl\u00f5hnaga.  Kasutamine:\u00a0Peale juustepesu kanda paar tilka eliksiiri peopesale ja kanda \u00fchtlaselt niisketele v\u00f5i kuivadele juusteotstele. Mitte loputada. K\u00e4tele j\u00e4\u00e4nud eliksiir levitada k\u00e4e- ja k\u00fc\u00fcnenahkadele, tagab s\u00fcgava niisutuse.  https:\/\/www.youtube.com\/watch?v=W45dM8LPLt0","og_url":"https:\/\/hairdeluxe.ee\/fi\/product\/balmain-signatuurtoodetega-komplekt\/","og_site_name":"Hair Deluxe","article_publisher":"https:\/\/www.facebook.com\/blowbartallinn","article_modified_time":"2025-03-18T19:22:38+00:00","og_image":[{"width":800,"height":800,"url":"https:\/\/hairdeluxe.ee\/wp-content\/uploads\/2021\/03\/balmainhair_styling_signaturefoundation_bottlespackage_800x800.jpg","type":"image\/jpeg"}],"twitter_card":"summary_large_image","twitter_misc":{"Arvioitu lukuaika":"1 minuutti"},"schema":{"@context":"https:\/\/schema.org","@graph":[{"@type":"WebPage","@id":"https:\/\/hairdeluxe.ee\/fi\/product\/balmain-signatuurtoodetega-komplekt\/","url":"https:\/\/hairdeluxe.ee\/fi\/product\/balmain-signatuurtoodetega-komplekt\/","name":"BALMAIN HAIR juukseid s\u00fcgavuti niisutav ja s\u00e4ra andev komplekt \/ Signature Foundation Set - Hair Deluxe","isPartOf":{"@id":"https:\/\/hairdeluxe.ee\/fi\/#website"},"primaryImageOfPage":{"@id":"https:\/\/hairdeluxe.ee\/fi\/product\/balmain-signatuurtoodetega-komplekt\/#primaryimage"},"image":{"@id":"https:\/\/hairdeluxe.ee\/fi\/product\/balmain-signatuurtoodetega-komplekt\/#primaryimage"},"thumbnailUrl":"https:\/\/hairdeluxe.ee\/wp-content\/uploads\/2021\/03\/balmainhair_styling_signaturefoundation_bottlespackage_800x800.jpg","datePublished":"2021-03-17T13:20:31+00:00","dateModified":"2025-03-18T19:22:38+00:00","breadcrumb":{"@id":"https:\/\/hairdeluxe.ee\/fi\/product\/balmain-signatuurtoodetega-komplekt\/#breadcrumb"},"inLanguage":"fi","potentialAction":[{"@type":"ReadAction","target":["https:\/\/hairdeluxe.ee\/fi\/product\/balmain-signatuurtoodetega-komplekt\/"]}]},{"@type":"ImageObject","inLanguage":"fi","@id":"https:\/\/hairdeluxe.ee\/fi\/product\/balmain-signatuurtoodetega-komplekt\/#primaryimage","url":"https:\/\/hairdeluxe.ee\/wp-content\/uploads\/2021\/03\/balmainhair_styling_signaturefoundation_bottlespackage_800x800.jpg","contentUrl":"https:\/\/hairdeluxe.ee\/wp-content\/uploads\/2021\/03\/balmainhair_styling_signaturefoundation_bottlespackage_800x800.jpg","width":800,"height":800},{"@type":"BreadcrumbList","@id":"https:\/\/hairdeluxe.ee\/fi\/product\/balmain-signatuurtoodetega-komplekt\/#breadcrumb","itemListElement":[{"@type":"ListItem","position":1,"name":"Home","item":"https:\/\/hairdeluxe.ee\/fi\/"},{"@type":"ListItem","position":2,"name":"Kauppa","item":"https:\/\/hairdeluxe.ee\/fi\/shop\/"},{"@type":"ListItem","position":3,"name":"BALMAIN HAIR juukseid s\u00fcgavuti niisutav ja s\u00e4ra andev komplekt \/ Signature Foundation Set"}]},{"@type":"WebSite","@id":"https:\/\/hairdeluxe.ee\/fi\/#website","url":"https:\/\/hairdeluxe.ee\/fi\/","name":"Hair Deluxe","description":"Highlight your natural beauty","publisher":{"@id":"https:\/\/hairdeluxe.ee\/fi\/#organization"},"potentialAction":[{"@type":"SearchAction","target":{"@type":"EntryPoint","urlTemplate":"https:\/\/hairdeluxe.ee\/fi\/?s={search_term_string}"},"query-input":{"@type":"PropertyValueSpecification","valueRequired":true,"valueName":"search_term_string"}}],"inLanguage":"fi"},{"@type":"Organization","@id":"https:\/\/hairdeluxe.ee\/fi\/#organization","name":"Hair Deluxe","url":"https:\/\/hairdeluxe.ee\/fi\/","logo":{"@type":"ImageObject","inLanguage":"fi","@id":"https:\/\/hairdeluxe.ee\/fi\/#\/schema\/logo\/image\/","url":"https:\/\/hairdeluxe.ee\/wp-content\/uploads\/2024\/06\/Hair-Deluxe-Logo-Dark-font.png","contentUrl":"https:\/\/hairdeluxe.ee\/wp-content\/uploads\/2024\/06\/Hair-Deluxe-Logo-Dark-font.png","width":467,"height":177,"caption":"Hair Deluxe"},"image":{"@id":"https:\/\/hairdeluxe.ee\/fi\/#\/schema\/logo\/image\/"},"sameAs":["https:\/\/www.facebook.com\/blowbartallinn","https:\/\/www.instagram.com\/blowbar_tallinn"]}]}},"_links":{"self":[{"href":"https:\/\/hairdeluxe.ee\/fi\/wp-json\/wp\/v2\/product\/21702","targetHints":{"allow":["GET"]}}],"collection":[{"href":"https:\/\/hairdeluxe.ee\/fi\/wp-json\/wp\/v2\/product"}],"about":[{"href":"https:\/\/hairdeluxe.ee\/fi\/wp-json\/wp\/v2\/types\/product"}],"wp:featuredmedia":[{"embeddable":true,"href":"https:\/\/hairdeluxe.ee\/fi\/wp-json\/wp\/v2\/media\/21738"}],"wp:attachment":[{"href":"https:\/\/hairdeluxe.ee\/fi\/wp-json\/wp\/v2\/media?parent=21702"}],"wp:term":[{"taxonomy":"product_brand","embeddable":true,"href":"https:\/\/hairdeluxe.ee\/fi\/wp-json\/wp\/v2\/product_brand?post=21702"},{"taxonomy":"product_cat","embeddable":true,"href":"https:\/\/hairdeluxe.ee\/fi\/wp-json\/wp\/v2\/product_cat?post=21702"},{"taxonomy":"product_tag","embeddable":true,"href":"https:\/\/hairdeluxe.ee\/fi\/wp-json\/wp\/v2\/product_tag?post=21702"}],"curies":[{"name":"wp","href":"https:\/\/api.w.org\/{rel}","templated":true}]}}