{"id":21897,"date":"2021-03-17T15:22:49","date_gmt":"2021-03-17T13:22:49","guid":{"rendered":"https:\/\/blowbar.ee\/toode\/import-placeholder-for-7935\/"},"modified":"2025-03-18T19:22:36","modified_gmt":"2025-03-18T19:22:36","slug":"uus-kullatud-juukseloks-roosa-limited-edition-hair-slide-b-ss20","status":"publish","type":"product","link":"https:\/\/hairdeluxe.ee\/fi\/product\/uus-kullatud-juukseloks-roosa-limited-edition-hair-slide-b-ss20\/","title":{"rendered":"BALMAIN HAIR kullatud juuksel\u00f5ks \/ Golden Hair Slide B"},"content":{"rendered":"","protected":false},"excerpt":{"rendered":"<p>Kvaliteetne k\u00e4sit\u00f6\u00f6na valminud luksuslik juukseklamber sobib igaks otstarbeks ja muudab soengu hetkega pilkup\u00fc\u00fcdvaks. Juuksen\u00f5el on valmistatud ehtsast pastellroosast napa nahast, mida kaunistab br\u00e4ndile omane 18K kullatud uus Balmain Hair logo. See\u00a0juuksel\u00f5ks annab suurep\u00e4rase v\u00f5imaluse kerge vaevaga luua efektse soengu.<\/p>\n","protected":false},"featured_media":21966,"template":"","meta":[],"product_brand":[464],"product_cat":[96,266,265,206,268,129,121],"product_tag":[],"class_list":{"0":"post-21897","1":"product","2":"type-product","3":"status-publish","4":"has-post-thumbnail","6":"product_brand-balmain-hair","7":"product_cat-aksessuaarid","8":"product_cat-balmain-hair","9":"product_cat-brandid","10":"product_cat-erikollektsioonid","11":"product_cat-juukseklambrid","12":"product_cat-kingitused","13":"product_cat-koik-tooted","15":"first","16":"instock","17":"taxable","18":"shipping-taxable","19":"purchasable","20":"product-type-simple","21":"add-to-wishlist-after_add_to_cart"},"yoast_head":"<!-- This site is optimized with the Yoast SEO plugin v27.3 - https:\/\/yoast.com\/product\/yoast-seo-wordpress\/ -->\n<title>BALMAIN HAIR kullatud juuksel\u00f5ks \/ Golden Hair Slide B - Hair Deluxe<\/title>\n<meta name=\"robots\" content=\"index, follow, max-snippet:-1, max-image-preview:large, max-video-preview:-1\" \/>\n<link rel=\"canonical\" href=\"https:\/\/hairdeluxe.ee\/fi\/product\/uus-kullatud-juukseloks-roosa-limited-edition-hair-slide-b-ss20\/\" \/>\n<meta property=\"og:locale\" content=\"fi_FI\" \/>\n<meta property=\"og:type\" content=\"article\" \/>\n<meta property=\"og:title\" content=\"BALMAIN HAIR kullatud juuksel\u00f5ks \/ Golden Hair Slide B - Hair Deluxe\" \/>\n<meta property=\"og:description\" content=\"Kvaliteetne k\u00e4sit\u00f6\u00f6na valminud luksuslik juukseklamber sobib igaks otstarbeks ja muudab soengu hetkega pilkup\u00fc\u00fcdvaks. Juuksen\u00f5el on valmistatud ehtsast pastellroosast napa nahast, mida kaunistab br\u00e4ndile omane 18K kullatud uus Balmain Hair logo. See\u00a0juuksel\u00f5ks annab suurep\u00e4rase v\u00f5imaluse kerge vaevaga luua efektse soengu.\" \/>\n<meta property=\"og:url\" content=\"https:\/\/hairdeluxe.ee\/fi\/product\/uus-kullatud-juukseloks-roosa-limited-edition-hair-slide-b-ss20\/\" \/>\n<meta property=\"og:site_name\" content=\"Hair Deluxe\" \/>\n<meta property=\"article:publisher\" content=\"https:\/\/www.facebook.com\/blowbartallinn\" \/>\n<meta property=\"article:modified_time\" content=\"2025-03-18T19:22:36+00:00\" \/>\n<meta property=\"og:image\" content=\"https:\/\/hairdeluxe.ee\/wp-content\/uploads\/2021\/03\/BalmainHair_Accessories_HairSlide_B_LimitedEdition_SpringSummer20_Front_LR.jpg\" \/>\n\t<meta property=\"og:image:width\" content=\"1500\" \/>\n\t<meta property=\"og:image:height\" content=\"1500\" \/>\n\t<meta property=\"og:image:type\" content=\"image\/jpeg\" \/>\n<meta name=\"twitter:card\" content=\"summary_large_image\" \/>\n<meta name=\"twitter:label1\" content=\"Arvioitu lukuaika\" \/>\n\t<meta name=\"twitter:data1\" content=\"1 minuutti\" \/>\n<script type=\"application\/ld+json\" class=\"yoast-schema-graph\">{\"@context\":\"https:\\\/\\\/schema.org\",\"@graph\":[{\"@type\":\"WebPage\",\"@id\":\"https:\\\/\\\/hairdeluxe.ee\\\/fi\\\/product\\\/uus-kullatud-juukseloks-roosa-limited-edition-hair-slide-b-ss20\\\/\",\"url\":\"https:\\\/\\\/hairdeluxe.ee\\\/fi\\\/product\\\/uus-kullatud-juukseloks-roosa-limited-edition-hair-slide-b-ss20\\\/\",\"name\":\"BALMAIN HAIR kullatud juuksel\u00f5ks \\\/ Golden Hair Slide B - Hair Deluxe\",\"isPartOf\":{\"@id\":\"https:\\\/\\\/hairdeluxe.ee\\\/fi\\\/#website\"},\"primaryImageOfPage\":{\"@id\":\"https:\\\/\\\/hairdeluxe.ee\\\/fi\\\/product\\\/uus-kullatud-juukseloks-roosa-limited-edition-hair-slide-b-ss20\\\/#primaryimage\"},\"image\":{\"@id\":\"https:\\\/\\\/hairdeluxe.ee\\\/fi\\\/product\\\/uus-kullatud-juukseloks-roosa-limited-edition-hair-slide-b-ss20\\\/#primaryimage\"},\"thumbnailUrl\":\"https:\\\/\\\/hairdeluxe.ee\\\/wp-content\\\/uploads\\\/2021\\\/03\\\/BalmainHair_Accessories_HairSlide_B_LimitedEdition_SpringSummer20_Front_LR.jpg\",\"datePublished\":\"2021-03-17T13:22:49+00:00\",\"dateModified\":\"2025-03-18T19:22:36+00:00\",\"breadcrumb\":{\"@id\":\"https:\\\/\\\/hairdeluxe.ee\\\/fi\\\/product\\\/uus-kullatud-juukseloks-roosa-limited-edition-hair-slide-b-ss20\\\/#breadcrumb\"},\"inLanguage\":\"fi\",\"potentialAction\":[{\"@type\":\"ReadAction\",\"target\":[\"https:\\\/\\\/hairdeluxe.ee\\\/fi\\\/product\\\/uus-kullatud-juukseloks-roosa-limited-edition-hair-slide-b-ss20\\\/\"]}]},{\"@type\":\"ImageObject\",\"inLanguage\":\"fi\",\"@id\":\"https:\\\/\\\/hairdeluxe.ee\\\/fi\\\/product\\\/uus-kullatud-juukseloks-roosa-limited-edition-hair-slide-b-ss20\\\/#primaryimage\",\"url\":\"https:\\\/\\\/hairdeluxe.ee\\\/wp-content\\\/uploads\\\/2021\\\/03\\\/BalmainHair_Accessories_HairSlide_B_LimitedEdition_SpringSummer20_Front_LR.jpg\",\"contentUrl\":\"https:\\\/\\\/hairdeluxe.ee\\\/wp-content\\\/uploads\\\/2021\\\/03\\\/BalmainHair_Accessories_HairSlide_B_LimitedEdition_SpringSummer20_Front_LR.jpg\",\"width\":1500,\"height\":1500},{\"@type\":\"BreadcrumbList\",\"@id\":\"https:\\\/\\\/hairdeluxe.ee\\\/fi\\\/product\\\/uus-kullatud-juukseloks-roosa-limited-edition-hair-slide-b-ss20\\\/#breadcrumb\",\"itemListElement\":[{\"@type\":\"ListItem\",\"position\":1,\"name\":\"Home\",\"item\":\"https:\\\/\\\/hairdeluxe.ee\\\/fi\\\/\"},{\"@type\":\"ListItem\",\"position\":2,\"name\":\"Kauppa\",\"item\":\"https:\\\/\\\/hairdeluxe.ee\\\/fi\\\/shop\\\/\"},{\"@type\":\"ListItem\",\"position\":3,\"name\":\"BALMAIN HAIR kullatud juuksel\u00f5ks \\\/ Golden Hair Slide B\"}]},{\"@type\":\"WebSite\",\"@id\":\"https:\\\/\\\/hairdeluxe.ee\\\/fi\\\/#website\",\"url\":\"https:\\\/\\\/hairdeluxe.ee\\\/fi\\\/\",\"name\":\"Hair Deluxe\",\"description\":\"Highlight your natural beauty\",\"publisher\":{\"@id\":\"https:\\\/\\\/hairdeluxe.ee\\\/fi\\\/#organization\"},\"potentialAction\":[{\"@type\":\"SearchAction\",\"target\":{\"@type\":\"EntryPoint\",\"urlTemplate\":\"https:\\\/\\\/hairdeluxe.ee\\\/fi\\\/?s={search_term_string}\"},\"query-input\":{\"@type\":\"PropertyValueSpecification\",\"valueRequired\":true,\"valueName\":\"search_term_string\"}}],\"inLanguage\":\"fi\"},{\"@type\":\"Organization\",\"@id\":\"https:\\\/\\\/hairdeluxe.ee\\\/fi\\\/#organization\",\"name\":\"Hair Deluxe\",\"url\":\"https:\\\/\\\/hairdeluxe.ee\\\/fi\\\/\",\"logo\":{\"@type\":\"ImageObject\",\"inLanguage\":\"fi\",\"@id\":\"https:\\\/\\\/hairdeluxe.ee\\\/fi\\\/#\\\/schema\\\/logo\\\/image\\\/\",\"url\":\"https:\\\/\\\/hairdeluxe.ee\\\/wp-content\\\/uploads\\\/2024\\\/06\\\/Hair-Deluxe-Logo-Dark-font.png\",\"contentUrl\":\"https:\\\/\\\/hairdeluxe.ee\\\/wp-content\\\/uploads\\\/2024\\\/06\\\/Hair-Deluxe-Logo-Dark-font.png\",\"width\":467,\"height\":177,\"caption\":\"Hair Deluxe\"},\"image\":{\"@id\":\"https:\\\/\\\/hairdeluxe.ee\\\/fi\\\/#\\\/schema\\\/logo\\\/image\\\/\"},\"sameAs\":[\"https:\\\/\\\/www.facebook.com\\\/blowbartallinn\",\"https:\\\/\\\/www.instagram.com\\\/blowbar_tallinn\"]}]}<\/script>\n<!-- \/ Yoast SEO plugin. -->","yoast_head_json":{"title":"BALMAIN HAIR kullatud juuksel\u00f5ks \/ Golden Hair Slide B - Hair Deluxe","robots":{"index":"index","follow":"follow","max-snippet":"max-snippet:-1","max-image-preview":"max-image-preview:large","max-video-preview":"max-video-preview:-1"},"canonical":"https:\/\/hairdeluxe.ee\/fi\/product\/uus-kullatud-juukseloks-roosa-limited-edition-hair-slide-b-ss20\/","og_locale":"fi_FI","og_type":"article","og_title":"BALMAIN HAIR kullatud juuksel\u00f5ks \/ Golden Hair Slide B - Hair Deluxe","og_description":"Kvaliteetne k\u00e4sit\u00f6\u00f6na valminud luksuslik juukseklamber sobib igaks otstarbeks ja muudab soengu hetkega pilkup\u00fc\u00fcdvaks. Juuksen\u00f5el on valmistatud ehtsast pastellroosast napa nahast, mida kaunistab br\u00e4ndile omane 18K kullatud uus Balmain Hair logo. See\u00a0juuksel\u00f5ks annab suurep\u00e4rase v\u00f5imaluse kerge vaevaga luua efektse soengu.","og_url":"https:\/\/hairdeluxe.ee\/fi\/product\/uus-kullatud-juukseloks-roosa-limited-edition-hair-slide-b-ss20\/","og_site_name":"Hair Deluxe","article_publisher":"https:\/\/www.facebook.com\/blowbartallinn","article_modified_time":"2025-03-18T19:22:36+00:00","og_image":[{"width":1500,"height":1500,"url":"https:\/\/hairdeluxe.ee\/wp-content\/uploads\/2021\/03\/BalmainHair_Accessories_HairSlide_B_LimitedEdition_SpringSummer20_Front_LR.jpg","type":"image\/jpeg"}],"twitter_card":"summary_large_image","twitter_misc":{"Arvioitu lukuaika":"1 minuutti"},"schema":{"@context":"https:\/\/schema.org","@graph":[{"@type":"WebPage","@id":"https:\/\/hairdeluxe.ee\/fi\/product\/uus-kullatud-juukseloks-roosa-limited-edition-hair-slide-b-ss20\/","url":"https:\/\/hairdeluxe.ee\/fi\/product\/uus-kullatud-juukseloks-roosa-limited-edition-hair-slide-b-ss20\/","name":"BALMAIN HAIR kullatud juuksel\u00f5ks \/ Golden Hair Slide B - Hair Deluxe","isPartOf":{"@id":"https:\/\/hairdeluxe.ee\/fi\/#website"},"primaryImageOfPage":{"@id":"https:\/\/hairdeluxe.ee\/fi\/product\/uus-kullatud-juukseloks-roosa-limited-edition-hair-slide-b-ss20\/#primaryimage"},"image":{"@id":"https:\/\/hairdeluxe.ee\/fi\/product\/uus-kullatud-juukseloks-roosa-limited-edition-hair-slide-b-ss20\/#primaryimage"},"thumbnailUrl":"https:\/\/hairdeluxe.ee\/wp-content\/uploads\/2021\/03\/BalmainHair_Accessories_HairSlide_B_LimitedEdition_SpringSummer20_Front_LR.jpg","datePublished":"2021-03-17T13:22:49+00:00","dateModified":"2025-03-18T19:22:36+00:00","breadcrumb":{"@id":"https:\/\/hairdeluxe.ee\/fi\/product\/uus-kullatud-juukseloks-roosa-limited-edition-hair-slide-b-ss20\/#breadcrumb"},"inLanguage":"fi","potentialAction":[{"@type":"ReadAction","target":["https:\/\/hairdeluxe.ee\/fi\/product\/uus-kullatud-juukseloks-roosa-limited-edition-hair-slide-b-ss20\/"]}]},{"@type":"ImageObject","inLanguage":"fi","@id":"https:\/\/hairdeluxe.ee\/fi\/product\/uus-kullatud-juukseloks-roosa-limited-edition-hair-slide-b-ss20\/#primaryimage","url":"https:\/\/hairdeluxe.ee\/wp-content\/uploads\/2021\/03\/BalmainHair_Accessories_HairSlide_B_LimitedEdition_SpringSummer20_Front_LR.jpg","contentUrl":"https:\/\/hairdeluxe.ee\/wp-content\/uploads\/2021\/03\/BalmainHair_Accessories_HairSlide_B_LimitedEdition_SpringSummer20_Front_LR.jpg","width":1500,"height":1500},{"@type":"BreadcrumbList","@id":"https:\/\/hairdeluxe.ee\/fi\/product\/uus-kullatud-juukseloks-roosa-limited-edition-hair-slide-b-ss20\/#breadcrumb","itemListElement":[{"@type":"ListItem","position":1,"name":"Home","item":"https:\/\/hairdeluxe.ee\/fi\/"},{"@type":"ListItem","position":2,"name":"Kauppa","item":"https:\/\/hairdeluxe.ee\/fi\/shop\/"},{"@type":"ListItem","position":3,"name":"BALMAIN HAIR kullatud juuksel\u00f5ks \/ Golden Hair Slide B"}]},{"@type":"WebSite","@id":"https:\/\/hairdeluxe.ee\/fi\/#website","url":"https:\/\/hairdeluxe.ee\/fi\/","name":"Hair Deluxe","description":"Highlight your natural beauty","publisher":{"@id":"https:\/\/hairdeluxe.ee\/fi\/#organization"},"potentialAction":[{"@type":"SearchAction","target":{"@type":"EntryPoint","urlTemplate":"https:\/\/hairdeluxe.ee\/fi\/?s={search_term_string}"},"query-input":{"@type":"PropertyValueSpecification","valueRequired":true,"valueName":"search_term_string"}}],"inLanguage":"fi"},{"@type":"Organization","@id":"https:\/\/hairdeluxe.ee\/fi\/#organization","name":"Hair Deluxe","url":"https:\/\/hairdeluxe.ee\/fi\/","logo":{"@type":"ImageObject","inLanguage":"fi","@id":"https:\/\/hairdeluxe.ee\/fi\/#\/schema\/logo\/image\/","url":"https:\/\/hairdeluxe.ee\/wp-content\/uploads\/2024\/06\/Hair-Deluxe-Logo-Dark-font.png","contentUrl":"https:\/\/hairdeluxe.ee\/wp-content\/uploads\/2024\/06\/Hair-Deluxe-Logo-Dark-font.png","width":467,"height":177,"caption":"Hair Deluxe"},"image":{"@id":"https:\/\/hairdeluxe.ee\/fi\/#\/schema\/logo\/image\/"},"sameAs":["https:\/\/www.facebook.com\/blowbartallinn","https:\/\/www.instagram.com\/blowbar_tallinn"]}]}},"_links":{"self":[{"href":"https:\/\/hairdeluxe.ee\/fi\/wp-json\/wp\/v2\/product\/21897","targetHints":{"allow":["GET"]}}],"collection":[{"href":"https:\/\/hairdeluxe.ee\/fi\/wp-json\/wp\/v2\/product"}],"about":[{"href":"https:\/\/hairdeluxe.ee\/fi\/wp-json\/wp\/v2\/types\/product"}],"wp:featuredmedia":[{"embeddable":true,"href":"https:\/\/hairdeluxe.ee\/fi\/wp-json\/wp\/v2\/media\/21966"}],"wp:attachment":[{"href":"https:\/\/hairdeluxe.ee\/fi\/wp-json\/wp\/v2\/media?parent=21897"}],"wp:term":[{"taxonomy":"product_brand","embeddable":true,"href":"https:\/\/hairdeluxe.ee\/fi\/wp-json\/wp\/v2\/product_brand?post=21897"},{"taxonomy":"product_cat","embeddable":true,"href":"https:\/\/hairdeluxe.ee\/fi\/wp-json\/wp\/v2\/product_cat?post=21897"},{"taxonomy":"product_tag","embeddable":true,"href":"https:\/\/hairdeluxe.ee\/fi\/wp-json\/wp\/v2\/product_tag?post=21897"}],"curies":[{"name":"wp","href":"https:\/\/api.w.org\/{rel}","templated":true}]}}