{"id":21922,"date":"2021-03-17T15:23:15","date_gmt":"2021-03-17T13:23:15","guid":{"rendered":"https:\/\/blowbar.ee\/toode\/import-placeholder-for-8325\/"},"modified":"2025-03-18T19:22:35","modified_gmt":"2025-03-18T19:22:35","slug":"balmain-peanahakoorija-100ml-meestele-balmain-homme-scalp-scrub","status":"publish","type":"product","link":"https:\/\/hairdeluxe.ee\/fi\/product\/balmain-peanahakoorija-100ml-meestele-balmain-homme-scalp-scrub\/","title":{"rendered":"BALMAIN HAIR peanahakoorija meestele \/ Homme Scalp Scrub 100ml"},"content":{"rendered":"<p><em><strong>Koostis:<\/strong> Sodium Chloride, Aqua \/ Water, Sodium Coceth Sulfate, Propylene Glycol, Glyceryl Stearate, Cocamide Mea, Parfum \/ Fragranc, PEG-100 Stearate, Argania Spinosa Kernel Oil, Bisabol, Phenoxyethanol, Ethylhexylglycerin, Benzyl Salicylate, Limonene.<\/em><\/p>\n","protected":false},"excerpt":{"rendered":"<p>T\u00f5eline detox-kuur meeste juustele. See luksuslik ja s\u00fcgavuti peanahka puhastav lahustuvate kristallidega rikastatud hooldus eemaldab t\u00f5husalt viimistlusvahendite j\u00e4\u00e4gid ja liigse rasu. Toode v\u00f5itleb edukalt k\u00f5\u00f5ma vastu ja stimuleerib vereringet, koorides samal ajal peanahka, j\u00e4ttes selle pehmeks ja taaselustatuks. Rikastatud Balmain Hair Homme&#8217;i intensiivse idamaise, puidulise aroomiga,\u00a0mis \u00fchendab bergamoti kosutava sidruniv\u00e4rskuse kuiva sandlipuu puitunud aspektiga.<br \/>\nLuksuslik h\u00e4rrasmeeste tootekollektsioon on v\u00e4lja t\u00f6\u00f6tatud igap\u00e4evaseks hooldusrutiiniks.<\/p>\n<p><strong>Kasutamine:<\/strong> Kanda toode <strong>AINULT<\/strong> s\u00f5rme otstele ning levitada s\u00f5rme otstega niiskele peanahale kogu peanaha ulatuses. Masseerida ringjate liigutustega peanaha koorimiseks. Loputada.<br \/>\nSobib ka naistele!<\/p>\n<p>Kogus: 100ml<\/p>\n<p>https:\/\/www.youtube.com\/watch?v=8OhypRiA1Jc<\/p>\n","protected":false},"featured_media":21990,"template":"","meta":[],"product_brand":[464],"product_cat":[266,265,121,144,170],"product_tag":[],"class_list":{"0":"post-21922","1":"product","2":"type-product","3":"status-publish","4":"has-post-thumbnail","6":"product_brand-balmain-hair","7":"product_cat-balmain-hair","8":"product_cat-brandid","9":"product_cat-koik-tooted","10":"product_cat-meestele","11":"product_cat-reisile","13":"first","14":"instock","15":"taxable","16":"shipping-taxable","17":"purchasable","18":"product-type-simple","19":"add-to-wishlist-after_add_to_cart"},"yoast_head":"<!-- This site is optimized with the Yoast SEO plugin v27.5 - https:\/\/yoast.com\/product\/yoast-seo-wordpress\/ -->\n<title>BALMAIN HAIR peanahakoorija meestele \/ Homme Scalp Scrub 100ml - Hair Deluxe<\/title>\n<meta name=\"robots\" content=\"index, follow, max-snippet:-1, max-image-preview:large, max-video-preview:-1\" \/>\n<link rel=\"canonical\" href=\"https:\/\/hairdeluxe.ee\/fi\/product\/balmain-peanahakoorija-100ml-meestele-balmain-homme-scalp-scrub\/\" \/>\n<meta property=\"og:locale\" content=\"fi_FI\" \/>\n<meta property=\"og:type\" content=\"article\" \/>\n<meta property=\"og:title\" content=\"BALMAIN HAIR peanahakoorija meestele \/ Homme Scalp Scrub 100ml - Hair Deluxe\" \/>\n<meta property=\"og:description\" content=\"T\u00f5eline detox-kuur meeste juustele. See luksuslik ja s\u00fcgavuti peanahka puhastav lahustuvate kristallidega rikastatud hooldus eemaldab t\u00f5husalt viimistlusvahendite j\u00e4\u00e4gid ja liigse rasu. Toode v\u00f5itleb edukalt k\u00f5\u00f5ma vastu ja stimuleerib vereringet, koorides samal ajal peanahka, j\u00e4ttes selle pehmeks ja taaselustatuks. Rikastatud Balmain Hair Homme&#039;i intensiivse idamaise, puidulise aroomiga,\u00a0mis \u00fchendab bergamoti kosutava sidruniv\u00e4rskuse kuiva sandlipuu puitunud aspektiga. Luksuslik h\u00e4rrasmeeste tootekollektsioon on v\u00e4lja t\u00f6\u00f6tatud igap\u00e4evaseks hooldusrutiiniks.  Kasutamine: Kanda toode AINULT s\u00f5rme otstele ning levitada s\u00f5rme otstega niiskele peanahale kogu peanaha ulatuses. Masseerida ringjate liigutustega peanaha koorimiseks. Loputada. Sobib ka naistele!  Kogus: 100ml  https:\/\/www.youtube.com\/watch?v=8OhypRiA1Jc\" \/>\n<meta property=\"og:url\" content=\"https:\/\/hairdeluxe.ee\/fi\/product\/balmain-peanahakoorija-100ml-meestele-balmain-homme-scalp-scrub\/\" \/>\n<meta property=\"og:site_name\" content=\"Hair Deluxe\" \/>\n<meta property=\"article:publisher\" content=\"https:\/\/www.facebook.com\/blowbartallinn\" \/>\n<meta property=\"article:modified_time\" content=\"2025-03-18T19:22:35+00:00\" \/>\n<meta property=\"og:image\" content=\"https:\/\/hairdeluxe.ee\/wp-content\/uploads\/2021\/03\/thumbnail-5.jpeg\" \/>\n\t<meta property=\"og:image:width\" content=\"490\" \/>\n\t<meta property=\"og:image:height\" content=\"600\" \/>\n\t<meta property=\"og:image:type\" content=\"image\/jpeg\" \/>\n<meta name=\"twitter:card\" content=\"summary_large_image\" \/>\n<meta name=\"twitter:label1\" content=\"Arvioitu lukuaika\" \/>\n\t<meta name=\"twitter:data1\" content=\"1 minuutti\" \/>\n<script type=\"application\/ld+json\" class=\"yoast-schema-graph\">{\"@context\":\"https:\\\/\\\/schema.org\",\"@graph\":[{\"@type\":\"WebPage\",\"@id\":\"https:\\\/\\\/hairdeluxe.ee\\\/fi\\\/product\\\/balmain-peanahakoorija-100ml-meestele-balmain-homme-scalp-scrub\\\/\",\"url\":\"https:\\\/\\\/hairdeluxe.ee\\\/fi\\\/product\\\/balmain-peanahakoorija-100ml-meestele-balmain-homme-scalp-scrub\\\/\",\"name\":\"BALMAIN HAIR peanahakoorija meestele \\\/ Homme Scalp Scrub 100ml - Hair Deluxe\",\"isPartOf\":{\"@id\":\"https:\\\/\\\/hairdeluxe.ee\\\/fi\\\/#website\"},\"primaryImageOfPage\":{\"@id\":\"https:\\\/\\\/hairdeluxe.ee\\\/fi\\\/product\\\/balmain-peanahakoorija-100ml-meestele-balmain-homme-scalp-scrub\\\/#primaryimage\"},\"image\":{\"@id\":\"https:\\\/\\\/hairdeluxe.ee\\\/fi\\\/product\\\/balmain-peanahakoorija-100ml-meestele-balmain-homme-scalp-scrub\\\/#primaryimage\"},\"thumbnailUrl\":\"https:\\\/\\\/hairdeluxe.ee\\\/wp-content\\\/uploads\\\/2021\\\/03\\\/thumbnail-5.jpeg\",\"datePublished\":\"2021-03-17T13:23:15+00:00\",\"dateModified\":\"2025-03-18T19:22:35+00:00\",\"breadcrumb\":{\"@id\":\"https:\\\/\\\/hairdeluxe.ee\\\/fi\\\/product\\\/balmain-peanahakoorija-100ml-meestele-balmain-homme-scalp-scrub\\\/#breadcrumb\"},\"inLanguage\":\"fi\",\"potentialAction\":[{\"@type\":\"ReadAction\",\"target\":[\"https:\\\/\\\/hairdeluxe.ee\\\/fi\\\/product\\\/balmain-peanahakoorija-100ml-meestele-balmain-homme-scalp-scrub\\\/\"]}]},{\"@type\":\"ImageObject\",\"inLanguage\":\"fi\",\"@id\":\"https:\\\/\\\/hairdeluxe.ee\\\/fi\\\/product\\\/balmain-peanahakoorija-100ml-meestele-balmain-homme-scalp-scrub\\\/#primaryimage\",\"url\":\"https:\\\/\\\/hairdeluxe.ee\\\/wp-content\\\/uploads\\\/2021\\\/03\\\/thumbnail-5.jpeg\",\"contentUrl\":\"https:\\\/\\\/hairdeluxe.ee\\\/wp-content\\\/uploads\\\/2021\\\/03\\\/thumbnail-5.jpeg\",\"width\":490,\"height\":600},{\"@type\":\"BreadcrumbList\",\"@id\":\"https:\\\/\\\/hairdeluxe.ee\\\/fi\\\/product\\\/balmain-peanahakoorija-100ml-meestele-balmain-homme-scalp-scrub\\\/#breadcrumb\",\"itemListElement\":[{\"@type\":\"ListItem\",\"position\":1,\"name\":\"Home\",\"item\":\"https:\\\/\\\/hairdeluxe.ee\\\/fi\\\/\"},{\"@type\":\"ListItem\",\"position\":2,\"name\":\"Kauppa\",\"item\":\"https:\\\/\\\/hairdeluxe.ee\\\/fi\\\/shop\\\/\"},{\"@type\":\"ListItem\",\"position\":3,\"name\":\"BALMAIN HAIR peanahakoorija meestele \\\/ Homme Scalp Scrub 100ml\"}]},{\"@type\":\"WebSite\",\"@id\":\"https:\\\/\\\/hairdeluxe.ee\\\/fi\\\/#website\",\"url\":\"https:\\\/\\\/hairdeluxe.ee\\\/fi\\\/\",\"name\":\"Hair Deluxe\",\"description\":\"Highlight your natural beauty\",\"publisher\":{\"@id\":\"https:\\\/\\\/hairdeluxe.ee\\\/fi\\\/#organization\"},\"potentialAction\":[{\"@type\":\"SearchAction\",\"target\":{\"@type\":\"EntryPoint\",\"urlTemplate\":\"https:\\\/\\\/hairdeluxe.ee\\\/fi\\\/?s={search_term_string}\"},\"query-input\":{\"@type\":\"PropertyValueSpecification\",\"valueRequired\":true,\"valueName\":\"search_term_string\"}}],\"inLanguage\":\"fi\"},{\"@type\":\"Organization\",\"@id\":\"https:\\\/\\\/hairdeluxe.ee\\\/fi\\\/#organization\",\"name\":\"Hair Deluxe\",\"url\":\"https:\\\/\\\/hairdeluxe.ee\\\/fi\\\/\",\"logo\":{\"@type\":\"ImageObject\",\"inLanguage\":\"fi\",\"@id\":\"https:\\\/\\\/hairdeluxe.ee\\\/fi\\\/#\\\/schema\\\/logo\\\/image\\\/\",\"url\":\"https:\\\/\\\/hairdeluxe.ee\\\/wp-content\\\/uploads\\\/2024\\\/06\\\/Hair-Deluxe-Logo-Dark-font.png\",\"contentUrl\":\"https:\\\/\\\/hairdeluxe.ee\\\/wp-content\\\/uploads\\\/2024\\\/06\\\/Hair-Deluxe-Logo-Dark-font.png\",\"width\":467,\"height\":177,\"caption\":\"Hair Deluxe\"},\"image\":{\"@id\":\"https:\\\/\\\/hairdeluxe.ee\\\/fi\\\/#\\\/schema\\\/logo\\\/image\\\/\"},\"sameAs\":[\"https:\\\/\\\/www.facebook.com\\\/blowbartallinn\",\"https:\\\/\\\/www.instagram.com\\\/blowbar_tallinn\"]}]}<\/script>\n<!-- \/ Yoast SEO plugin. -->","yoast_head_json":{"title":"BALMAIN HAIR peanahakoorija meestele \/ Homme Scalp Scrub 100ml - Hair Deluxe","robots":{"index":"index","follow":"follow","max-snippet":"max-snippet:-1","max-image-preview":"max-image-preview:large","max-video-preview":"max-video-preview:-1"},"canonical":"https:\/\/hairdeluxe.ee\/fi\/product\/balmain-peanahakoorija-100ml-meestele-balmain-homme-scalp-scrub\/","og_locale":"fi_FI","og_type":"article","og_title":"BALMAIN HAIR peanahakoorija meestele \/ Homme Scalp Scrub 100ml - Hair Deluxe","og_description":"T\u00f5eline detox-kuur meeste juustele. See luksuslik ja s\u00fcgavuti peanahka puhastav lahustuvate kristallidega rikastatud hooldus eemaldab t\u00f5husalt viimistlusvahendite j\u00e4\u00e4gid ja liigse rasu. Toode v\u00f5itleb edukalt k\u00f5\u00f5ma vastu ja stimuleerib vereringet, koorides samal ajal peanahka, j\u00e4ttes selle pehmeks ja taaselustatuks. Rikastatud Balmain Hair Homme'i intensiivse idamaise, puidulise aroomiga,\u00a0mis \u00fchendab bergamoti kosutava sidruniv\u00e4rskuse kuiva sandlipuu puitunud aspektiga. Luksuslik h\u00e4rrasmeeste tootekollektsioon on v\u00e4lja t\u00f6\u00f6tatud igap\u00e4evaseks hooldusrutiiniks.  Kasutamine: Kanda toode AINULT s\u00f5rme otstele ning levitada s\u00f5rme otstega niiskele peanahale kogu peanaha ulatuses. Masseerida ringjate liigutustega peanaha koorimiseks. Loputada. Sobib ka naistele!  Kogus: 100ml  https:\/\/www.youtube.com\/watch?v=8OhypRiA1Jc","og_url":"https:\/\/hairdeluxe.ee\/fi\/product\/balmain-peanahakoorija-100ml-meestele-balmain-homme-scalp-scrub\/","og_site_name":"Hair Deluxe","article_publisher":"https:\/\/www.facebook.com\/blowbartallinn","article_modified_time":"2025-03-18T19:22:35+00:00","og_image":[{"width":490,"height":600,"url":"https:\/\/hairdeluxe.ee\/wp-content\/uploads\/2021\/03\/thumbnail-5.jpeg","type":"image\/jpeg"}],"twitter_card":"summary_large_image","twitter_misc":{"Arvioitu lukuaika":"1 minuutti"},"schema":{"@context":"https:\/\/schema.org","@graph":[{"@type":"WebPage","@id":"https:\/\/hairdeluxe.ee\/fi\/product\/balmain-peanahakoorija-100ml-meestele-balmain-homme-scalp-scrub\/","url":"https:\/\/hairdeluxe.ee\/fi\/product\/balmain-peanahakoorija-100ml-meestele-balmain-homme-scalp-scrub\/","name":"BALMAIN HAIR peanahakoorija meestele \/ Homme Scalp Scrub 100ml - Hair Deluxe","isPartOf":{"@id":"https:\/\/hairdeluxe.ee\/fi\/#website"},"primaryImageOfPage":{"@id":"https:\/\/hairdeluxe.ee\/fi\/product\/balmain-peanahakoorija-100ml-meestele-balmain-homme-scalp-scrub\/#primaryimage"},"image":{"@id":"https:\/\/hairdeluxe.ee\/fi\/product\/balmain-peanahakoorija-100ml-meestele-balmain-homme-scalp-scrub\/#primaryimage"},"thumbnailUrl":"https:\/\/hairdeluxe.ee\/wp-content\/uploads\/2021\/03\/thumbnail-5.jpeg","datePublished":"2021-03-17T13:23:15+00:00","dateModified":"2025-03-18T19:22:35+00:00","breadcrumb":{"@id":"https:\/\/hairdeluxe.ee\/fi\/product\/balmain-peanahakoorija-100ml-meestele-balmain-homme-scalp-scrub\/#breadcrumb"},"inLanguage":"fi","potentialAction":[{"@type":"ReadAction","target":["https:\/\/hairdeluxe.ee\/fi\/product\/balmain-peanahakoorija-100ml-meestele-balmain-homme-scalp-scrub\/"]}]},{"@type":"ImageObject","inLanguage":"fi","@id":"https:\/\/hairdeluxe.ee\/fi\/product\/balmain-peanahakoorija-100ml-meestele-balmain-homme-scalp-scrub\/#primaryimage","url":"https:\/\/hairdeluxe.ee\/wp-content\/uploads\/2021\/03\/thumbnail-5.jpeg","contentUrl":"https:\/\/hairdeluxe.ee\/wp-content\/uploads\/2021\/03\/thumbnail-5.jpeg","width":490,"height":600},{"@type":"BreadcrumbList","@id":"https:\/\/hairdeluxe.ee\/fi\/product\/balmain-peanahakoorija-100ml-meestele-balmain-homme-scalp-scrub\/#breadcrumb","itemListElement":[{"@type":"ListItem","position":1,"name":"Home","item":"https:\/\/hairdeluxe.ee\/fi\/"},{"@type":"ListItem","position":2,"name":"Kauppa","item":"https:\/\/hairdeluxe.ee\/fi\/shop\/"},{"@type":"ListItem","position":3,"name":"BALMAIN HAIR peanahakoorija meestele \/ Homme Scalp Scrub 100ml"}]},{"@type":"WebSite","@id":"https:\/\/hairdeluxe.ee\/fi\/#website","url":"https:\/\/hairdeluxe.ee\/fi\/","name":"Hair Deluxe","description":"Highlight your natural beauty","publisher":{"@id":"https:\/\/hairdeluxe.ee\/fi\/#organization"},"potentialAction":[{"@type":"SearchAction","target":{"@type":"EntryPoint","urlTemplate":"https:\/\/hairdeluxe.ee\/fi\/?s={search_term_string}"},"query-input":{"@type":"PropertyValueSpecification","valueRequired":true,"valueName":"search_term_string"}}],"inLanguage":"fi"},{"@type":"Organization","@id":"https:\/\/hairdeluxe.ee\/fi\/#organization","name":"Hair Deluxe","url":"https:\/\/hairdeluxe.ee\/fi\/","logo":{"@type":"ImageObject","inLanguage":"fi","@id":"https:\/\/hairdeluxe.ee\/fi\/#\/schema\/logo\/image\/","url":"https:\/\/hairdeluxe.ee\/wp-content\/uploads\/2024\/06\/Hair-Deluxe-Logo-Dark-font.png","contentUrl":"https:\/\/hairdeluxe.ee\/wp-content\/uploads\/2024\/06\/Hair-Deluxe-Logo-Dark-font.png","width":467,"height":177,"caption":"Hair Deluxe"},"image":{"@id":"https:\/\/hairdeluxe.ee\/fi\/#\/schema\/logo\/image\/"},"sameAs":["https:\/\/www.facebook.com\/blowbartallinn","https:\/\/www.instagram.com\/blowbar_tallinn"]}]}},"_links":{"self":[{"href":"https:\/\/hairdeluxe.ee\/fi\/wp-json\/wp\/v2\/product\/21922","targetHints":{"allow":["GET"]}}],"collection":[{"href":"https:\/\/hairdeluxe.ee\/fi\/wp-json\/wp\/v2\/product"}],"about":[{"href":"https:\/\/hairdeluxe.ee\/fi\/wp-json\/wp\/v2\/types\/product"}],"wp:featuredmedia":[{"embeddable":true,"href":"https:\/\/hairdeluxe.ee\/fi\/wp-json\/wp\/v2\/media\/21990"}],"wp:attachment":[{"href":"https:\/\/hairdeluxe.ee\/fi\/wp-json\/wp\/v2\/media?parent=21922"}],"wp:term":[{"taxonomy":"product_brand","embeddable":true,"href":"https:\/\/hairdeluxe.ee\/fi\/wp-json\/wp\/v2\/product_brand?post=21922"},{"taxonomy":"product_cat","embeddable":true,"href":"https:\/\/hairdeluxe.ee\/fi\/wp-json\/wp\/v2\/product_cat?post=21922"},{"taxonomy":"product_tag","embeddable":true,"href":"https:\/\/hairdeluxe.ee\/fi\/wp-json\/wp\/v2\/product_tag?post=21922"}],"curies":[{"name":"wp","href":"https:\/\/api.w.org\/{rel}","templated":true}]}}