{"id":34960,"date":"2024-02-03T09:07:30","date_gmt":"2024-02-03T07:07:30","guid":{"rendered":"https:\/\/blowbar.ee\/?post_type=product&#038;p=34960"},"modified":"2025-03-18T19:22:33","modified_gmt":"2025-03-18T19:22:33","slug":"balmain-juustesse-jaetav-spreipalsam-reisile-leave-in-conditioning-spray-50ml-travel","status":"publish","type":"product","link":"https:\/\/hairdeluxe.ee\/fi\/product\/balmain-juustesse-jaetav-spreipalsam-reisile-leave-in-conditioning-spray-50ml-travel\/","title":{"rendered":"BALMAIN HAIR juustesse j\u00e4etav spreipalsam reisile \/ Leave-in Conditioning Spray 50ml travel"},"content":{"rendered":"<p><em><strong>Koostis:<\/strong> Aqua, Cetearyl Alcohol, Glyceryl Stearate, Stearamidopropyl Dimethylamine, Argania Spinosa Kernel Oil, Silk Amino Acids, Panthenol, Dimethylpabamidopropyl Lauryldimonium Tosylate, Propylene Glycol Stearate, Sodium Cocoyl Amino Acids, Potassium Dimethicone PEG-7 Panthenyl Phosphate, Behenoyl PG-Trimonium Chloride, Quaternium-80, Amodimethicone, C11-15 Paret h-7, Laureth-9, Glycerin, Trideceth-12, Ethylhexyl Methoxycinnamate, Ceteareth-20, Phenoxyethanol, Ethylhexylglycerin, Polyquaternium-37, Propylene Glycol Dicaprylate\/ Dicaprate, PPG-1 Trideceth-6, Parfum, Citric Acid.<\/em><\/p>\n","protected":false},"excerpt":{"rendered":"<p>Ideaalne juustesse j\u00e4etav niisutav spreipalsam, mis sobib k\u00f5ikidele juukset\u00fc\u00fcpidele. Niisutab juukseid ja peanahka, silub juuste soomuskihti e. kutiikulit. Sisaldab UV-kaitset. Annab juustele tugevust, vol\u00fc\u00fcmi, hooldab ja tagab juuste niisutuse terveks p\u00e4evaks. Siidiproteiin ja argaania\u00f5li s\u00e4ilitavad optimaalse niiskustaseme juustes, parandavad ja kaitsevad kahjustunud, kuivi ning n\u00f5rkasid juukseid kahjulike keskkonnam\u00f5jude eest.<br \/>\nCare Line toodetel on imeline tunnusaroom, ainulaadne l\u00f5hnanootide segu, mis viib teid justkui t\u00e4iuslikku suvep\u00e4eva.<br \/>\nIga kord, kui tooteid kasutatakse, rikastavad need juukseid toitvate koostisosadega ja l\u00f5hnastavad juukseid selle salap\u00e4rase, naiseliku ning seksika l\u00f5hnaga.<br \/>\nParabeeni- ja sulfaadivaba.<\/p>\n<p><strong>Kasutamine:<\/strong>\u00a0Pihustada r\u00e4tikukuivadele v\u00f5i kuivadele juustele. Lasta toimida 1min, siis kammida l\u00e4bi. Sobib igap\u00e4evaseks kasutamiseks.<\/p>\n<p><strong>Soovitus:<\/strong>\u00a0Pihustada v\u00e4ike kogus toodet juustele enne magamaminekut, punuda juuksed patsi \u2013 hommikul on juuksed supersiledad ja kaunid.\u00a0V\u00f5i hommikul p\u00e4rast \u00e4rkamist, pihustada juustesse, lasta 1min. toimida ja siis kammida l\u00e4bi. V\u00e4hendab kahu, muutes juuksed siledaks ja kergesti kammitavaks.<\/p>\n<p>Kogus: 50ml<\/p>\n<p><a href=\"https:\/\/www.balmainhair.ee\/toode\/balmain-leave-in-conditioning-spray-palsam-juuksed-niisutav-hair-juuksed-salong-valjalangemine\/\"><strong>Vaata lisaks:<\/strong>\u00a0BALMAIN Hair juustesse j\u00e4etav sprei-palsam \/ Leave-in Conditioning Spray, 200ml<\/a><\/p>\n\n","protected":false},"featured_media":21636,"template":"","meta":[],"product_brand":[464],"product_cat":[266,231,265,208,210,121,218,220,158,223,170,196],"product_tag":[],"class_list":{"0":"post-34960","1":"product","2":"type-product","3":"status-publish","4":"has-post-thumbnail","6":"product_brand-balmain-hair","7":"product_cat-balmain-hair","8":"product_cat-blondeeritud-juustele","9":"product_cat-brandid","10":"product_cat-juuksehooldus","11":"product_cat-kaitse","12":"product_cat-koik-tooted","13":"product_cat-palsamid","14":"product_cat-pehmed-kahuvabad","15":"product_cat-populaarsed","16":"product_cat-pusadevastane","17":"product_cat-reisile","18":"product_cat-viimistlus","20":"first","21":"instock","22":"taxable","23":"shipping-taxable","24":"purchasable","25":"product-type-simple","26":"add-to-wishlist-after_add_to_cart"},"yoast_head":"<!-- This site is optimized with the Yoast SEO plugin v27.3 - https:\/\/yoast.com\/product\/yoast-seo-wordpress\/ -->\n<title>BALMAIN HAIR juustesse j\u00e4etav spreipalsam reisile \/ Leave-in Conditioning Spray 50ml travel - Hair Deluxe<\/title>\n<meta name=\"robots\" content=\"index, follow, max-snippet:-1, max-image-preview:large, max-video-preview:-1\" \/>\n<link rel=\"canonical\" href=\"https:\/\/hairdeluxe.ee\/fi\/product\/balmain-juustesse-jaetav-spreipalsam-reisile-leave-in-conditioning-spray-50ml-travel\/\" \/>\n<meta property=\"og:locale\" content=\"fi_FI\" \/>\n<meta property=\"og:type\" content=\"article\" \/>\n<meta property=\"og:title\" content=\"BALMAIN HAIR juustesse j\u00e4etav spreipalsam reisile \/ Leave-in Conditioning Spray 50ml travel - Hair Deluxe\" \/>\n<meta property=\"og:description\" content=\"Ideaalne juustesse j\u00e4etav niisutav spreipalsam, mis sobib k\u00f5ikidele juukset\u00fc\u00fcpidele. Niisutab juukseid ja peanahka, silub juuste soomuskihti e. kutiikulit. Sisaldab UV-kaitset. Annab juustele tugevust, vol\u00fc\u00fcmi, hooldab ja tagab juuste niisutuse terveks p\u00e4evaks. Siidiproteiin ja argaania\u00f5li s\u00e4ilitavad optimaalse niiskustaseme juustes, parandavad ja kaitsevad kahjustunud, kuivi ning n\u00f5rkasid juukseid kahjulike keskkonnam\u00f5jude eest. Care Line toodetel on imeline tunnusaroom, ainulaadne l\u00f5hnanootide segu, mis viib teid justkui t\u00e4iuslikku suvep\u00e4eva. Iga kord, kui tooteid kasutatakse, rikastavad need juukseid toitvate koostisosadega ja l\u00f5hnastavad juukseid selle salap\u00e4rase, naiseliku ning seksika l\u00f5hnaga. Parabeeni- ja sulfaadivaba.  Kasutamine:\u00a0Pihustada r\u00e4tikukuivadele v\u00f5i kuivadele juustele. Lasta toimida 1min, siis kammida l\u00e4bi. Sobib igap\u00e4evaseks kasutamiseks.  Soovitus:\u00a0Pihustada v\u00e4ike kogus toodet juustele enne magamaminekut, punuda juuksed patsi \u2013 hommikul on juuksed supersiledad ja kaunid.\u00a0V\u00f5i hommikul p\u00e4rast \u00e4rkamist, pihustada juustesse, lasta 1min. toimida ja siis kammida l\u00e4bi. V\u00e4hendab kahu, muutes juuksed siledaks ja kergesti kammitavaks.  Kogus: 50ml  Vaata lisaks:\u00a0BALMAIN Hair juustesse j\u00e4etav sprei-palsam \/ Leave-in Conditioning Spray, 200ml\" \/>\n<meta property=\"og:url\" content=\"https:\/\/hairdeluxe.ee\/fi\/product\/balmain-juustesse-jaetav-spreipalsam-reisile-leave-in-conditioning-spray-50ml-travel\/\" \/>\n<meta property=\"og:site_name\" content=\"Hair Deluxe\" \/>\n<meta property=\"article:publisher\" content=\"https:\/\/www.facebook.com\/blowbartallinn\" \/>\n<meta property=\"article:modified_time\" content=\"2025-03-18T19:22:33+00:00\" \/>\n<meta property=\"og:image\" content=\"https:\/\/hairdeluxe.ee\/wp-content\/uploads\/2021\/03\/Leave-in-50.jpg\" \/>\n\t<meta property=\"og:image:width\" content=\"800\" \/>\n\t<meta property=\"og:image:height\" content=\"800\" \/>\n\t<meta property=\"og:image:type\" content=\"image\/jpeg\" \/>\n<meta name=\"twitter:card\" content=\"summary_large_image\" \/>\n<script type=\"application\/ld+json\" class=\"yoast-schema-graph\">{\"@context\":\"https:\\\/\\\/schema.org\",\"@graph\":[{\"@type\":\"WebPage\",\"@id\":\"https:\\\/\\\/hairdeluxe.ee\\\/fi\\\/product\\\/balmain-juustesse-jaetav-spreipalsam-reisile-leave-in-conditioning-spray-50ml-travel\\\/\",\"url\":\"https:\\\/\\\/hairdeluxe.ee\\\/fi\\\/product\\\/balmain-juustesse-jaetav-spreipalsam-reisile-leave-in-conditioning-spray-50ml-travel\\\/\",\"name\":\"BALMAIN HAIR juustesse j\u00e4etav spreipalsam reisile \\\/ Leave-in Conditioning Spray 50ml travel - Hair Deluxe\",\"isPartOf\":{\"@id\":\"https:\\\/\\\/hairdeluxe.ee\\\/fi\\\/#website\"},\"primaryImageOfPage\":{\"@id\":\"https:\\\/\\\/hairdeluxe.ee\\\/fi\\\/product\\\/balmain-juustesse-jaetav-spreipalsam-reisile-leave-in-conditioning-spray-50ml-travel\\\/#primaryimage\"},\"image\":{\"@id\":\"https:\\\/\\\/hairdeluxe.ee\\\/fi\\\/product\\\/balmain-juustesse-jaetav-spreipalsam-reisile-leave-in-conditioning-spray-50ml-travel\\\/#primaryimage\"},\"thumbnailUrl\":\"https:\\\/\\\/hairdeluxe.ee\\\/wp-content\\\/uploads\\\/2021\\\/03\\\/Leave-in-50.jpg\",\"datePublished\":\"2024-02-03T07:07:30+00:00\",\"dateModified\":\"2025-03-18T19:22:33+00:00\",\"breadcrumb\":{\"@id\":\"https:\\\/\\\/hairdeluxe.ee\\\/fi\\\/product\\\/balmain-juustesse-jaetav-spreipalsam-reisile-leave-in-conditioning-spray-50ml-travel\\\/#breadcrumb\"},\"inLanguage\":\"fi\",\"potentialAction\":[{\"@type\":\"ReadAction\",\"target\":[\"https:\\\/\\\/hairdeluxe.ee\\\/fi\\\/product\\\/balmain-juustesse-jaetav-spreipalsam-reisile-leave-in-conditioning-spray-50ml-travel\\\/\"]}]},{\"@type\":\"ImageObject\",\"inLanguage\":\"fi\",\"@id\":\"https:\\\/\\\/hairdeluxe.ee\\\/fi\\\/product\\\/balmain-juustesse-jaetav-spreipalsam-reisile-leave-in-conditioning-spray-50ml-travel\\\/#primaryimage\",\"url\":\"https:\\\/\\\/hairdeluxe.ee\\\/wp-content\\\/uploads\\\/2021\\\/03\\\/Leave-in-50.jpg\",\"contentUrl\":\"https:\\\/\\\/hairdeluxe.ee\\\/wp-content\\\/uploads\\\/2021\\\/03\\\/Leave-in-50.jpg\",\"width\":800,\"height\":800},{\"@type\":\"BreadcrumbList\",\"@id\":\"https:\\\/\\\/hairdeluxe.ee\\\/fi\\\/product\\\/balmain-juustesse-jaetav-spreipalsam-reisile-leave-in-conditioning-spray-50ml-travel\\\/#breadcrumb\",\"itemListElement\":[{\"@type\":\"ListItem\",\"position\":1,\"name\":\"Home\",\"item\":\"https:\\\/\\\/hairdeluxe.ee\\\/fi\\\/\"},{\"@type\":\"ListItem\",\"position\":2,\"name\":\"Kauppa\",\"item\":\"https:\\\/\\\/hairdeluxe.ee\\\/fi\\\/shop\\\/\"},{\"@type\":\"ListItem\",\"position\":3,\"name\":\"BALMAIN HAIR juustesse j\u00e4etav spreipalsam reisile \\\/ Leave-in Conditioning Spray 50ml travel\"}]},{\"@type\":\"WebSite\",\"@id\":\"https:\\\/\\\/hairdeluxe.ee\\\/fi\\\/#website\",\"url\":\"https:\\\/\\\/hairdeluxe.ee\\\/fi\\\/\",\"name\":\"Hair Deluxe\",\"description\":\"Highlight your natural beauty\",\"publisher\":{\"@id\":\"https:\\\/\\\/hairdeluxe.ee\\\/fi\\\/#organization\"},\"potentialAction\":[{\"@type\":\"SearchAction\",\"target\":{\"@type\":\"EntryPoint\",\"urlTemplate\":\"https:\\\/\\\/hairdeluxe.ee\\\/fi\\\/?s={search_term_string}\"},\"query-input\":{\"@type\":\"PropertyValueSpecification\",\"valueRequired\":true,\"valueName\":\"search_term_string\"}}],\"inLanguage\":\"fi\"},{\"@type\":\"Organization\",\"@id\":\"https:\\\/\\\/hairdeluxe.ee\\\/fi\\\/#organization\",\"name\":\"Hair Deluxe\",\"url\":\"https:\\\/\\\/hairdeluxe.ee\\\/fi\\\/\",\"logo\":{\"@type\":\"ImageObject\",\"inLanguage\":\"fi\",\"@id\":\"https:\\\/\\\/hairdeluxe.ee\\\/fi\\\/#\\\/schema\\\/logo\\\/image\\\/\",\"url\":\"https:\\\/\\\/hairdeluxe.ee\\\/wp-content\\\/uploads\\\/2024\\\/06\\\/Hair-Deluxe-Logo-Dark-font.png\",\"contentUrl\":\"https:\\\/\\\/hairdeluxe.ee\\\/wp-content\\\/uploads\\\/2024\\\/06\\\/Hair-Deluxe-Logo-Dark-font.png\",\"width\":467,\"height\":177,\"caption\":\"Hair Deluxe\"},\"image\":{\"@id\":\"https:\\\/\\\/hairdeluxe.ee\\\/fi\\\/#\\\/schema\\\/logo\\\/image\\\/\"},\"sameAs\":[\"https:\\\/\\\/www.facebook.com\\\/blowbartallinn\",\"https:\\\/\\\/www.instagram.com\\\/blowbar_tallinn\"]}]}<\/script>\n<!-- \/ Yoast SEO plugin. -->","yoast_head_json":{"title":"BALMAIN HAIR juustesse j\u00e4etav spreipalsam reisile \/ Leave-in Conditioning Spray 50ml travel - Hair Deluxe","robots":{"index":"index","follow":"follow","max-snippet":"max-snippet:-1","max-image-preview":"max-image-preview:large","max-video-preview":"max-video-preview:-1"},"canonical":"https:\/\/hairdeluxe.ee\/fi\/product\/balmain-juustesse-jaetav-spreipalsam-reisile-leave-in-conditioning-spray-50ml-travel\/","og_locale":"fi_FI","og_type":"article","og_title":"BALMAIN HAIR juustesse j\u00e4etav spreipalsam reisile \/ Leave-in Conditioning Spray 50ml travel - Hair Deluxe","og_description":"Ideaalne juustesse j\u00e4etav niisutav spreipalsam, mis sobib k\u00f5ikidele juukset\u00fc\u00fcpidele. Niisutab juukseid ja peanahka, silub juuste soomuskihti e. kutiikulit. Sisaldab UV-kaitset. Annab juustele tugevust, vol\u00fc\u00fcmi, hooldab ja tagab juuste niisutuse terveks p\u00e4evaks. Siidiproteiin ja argaania\u00f5li s\u00e4ilitavad optimaalse niiskustaseme juustes, parandavad ja kaitsevad kahjustunud, kuivi ning n\u00f5rkasid juukseid kahjulike keskkonnam\u00f5jude eest. Care Line toodetel on imeline tunnusaroom, ainulaadne l\u00f5hnanootide segu, mis viib teid justkui t\u00e4iuslikku suvep\u00e4eva. Iga kord, kui tooteid kasutatakse, rikastavad need juukseid toitvate koostisosadega ja l\u00f5hnastavad juukseid selle salap\u00e4rase, naiseliku ning seksika l\u00f5hnaga. Parabeeni- ja sulfaadivaba.  Kasutamine:\u00a0Pihustada r\u00e4tikukuivadele v\u00f5i kuivadele juustele. Lasta toimida 1min, siis kammida l\u00e4bi. Sobib igap\u00e4evaseks kasutamiseks.  Soovitus:\u00a0Pihustada v\u00e4ike kogus toodet juustele enne magamaminekut, punuda juuksed patsi \u2013 hommikul on juuksed supersiledad ja kaunid.\u00a0V\u00f5i hommikul p\u00e4rast \u00e4rkamist, pihustada juustesse, lasta 1min. toimida ja siis kammida l\u00e4bi. V\u00e4hendab kahu, muutes juuksed siledaks ja kergesti kammitavaks.  Kogus: 50ml  Vaata lisaks:\u00a0BALMAIN Hair juustesse j\u00e4etav sprei-palsam \/ Leave-in Conditioning Spray, 200ml","og_url":"https:\/\/hairdeluxe.ee\/fi\/product\/balmain-juustesse-jaetav-spreipalsam-reisile-leave-in-conditioning-spray-50ml-travel\/","og_site_name":"Hair Deluxe","article_publisher":"https:\/\/www.facebook.com\/blowbartallinn","article_modified_time":"2025-03-18T19:22:33+00:00","og_image":[{"width":800,"height":800,"url":"https:\/\/hairdeluxe.ee\/wp-content\/uploads\/2021\/03\/Leave-in-50.jpg","type":"image\/jpeg"}],"twitter_card":"summary_large_image","schema":{"@context":"https:\/\/schema.org","@graph":[{"@type":"WebPage","@id":"https:\/\/hairdeluxe.ee\/fi\/product\/balmain-juustesse-jaetav-spreipalsam-reisile-leave-in-conditioning-spray-50ml-travel\/","url":"https:\/\/hairdeluxe.ee\/fi\/product\/balmain-juustesse-jaetav-spreipalsam-reisile-leave-in-conditioning-spray-50ml-travel\/","name":"BALMAIN HAIR juustesse j\u00e4etav spreipalsam reisile \/ Leave-in Conditioning Spray 50ml travel - Hair Deluxe","isPartOf":{"@id":"https:\/\/hairdeluxe.ee\/fi\/#website"},"primaryImageOfPage":{"@id":"https:\/\/hairdeluxe.ee\/fi\/product\/balmain-juustesse-jaetav-spreipalsam-reisile-leave-in-conditioning-spray-50ml-travel\/#primaryimage"},"image":{"@id":"https:\/\/hairdeluxe.ee\/fi\/product\/balmain-juustesse-jaetav-spreipalsam-reisile-leave-in-conditioning-spray-50ml-travel\/#primaryimage"},"thumbnailUrl":"https:\/\/hairdeluxe.ee\/wp-content\/uploads\/2021\/03\/Leave-in-50.jpg","datePublished":"2024-02-03T07:07:30+00:00","dateModified":"2025-03-18T19:22:33+00:00","breadcrumb":{"@id":"https:\/\/hairdeluxe.ee\/fi\/product\/balmain-juustesse-jaetav-spreipalsam-reisile-leave-in-conditioning-spray-50ml-travel\/#breadcrumb"},"inLanguage":"fi","potentialAction":[{"@type":"ReadAction","target":["https:\/\/hairdeluxe.ee\/fi\/product\/balmain-juustesse-jaetav-spreipalsam-reisile-leave-in-conditioning-spray-50ml-travel\/"]}]},{"@type":"ImageObject","inLanguage":"fi","@id":"https:\/\/hairdeluxe.ee\/fi\/product\/balmain-juustesse-jaetav-spreipalsam-reisile-leave-in-conditioning-spray-50ml-travel\/#primaryimage","url":"https:\/\/hairdeluxe.ee\/wp-content\/uploads\/2021\/03\/Leave-in-50.jpg","contentUrl":"https:\/\/hairdeluxe.ee\/wp-content\/uploads\/2021\/03\/Leave-in-50.jpg","width":800,"height":800},{"@type":"BreadcrumbList","@id":"https:\/\/hairdeluxe.ee\/fi\/product\/balmain-juustesse-jaetav-spreipalsam-reisile-leave-in-conditioning-spray-50ml-travel\/#breadcrumb","itemListElement":[{"@type":"ListItem","position":1,"name":"Home","item":"https:\/\/hairdeluxe.ee\/fi\/"},{"@type":"ListItem","position":2,"name":"Kauppa","item":"https:\/\/hairdeluxe.ee\/fi\/shop\/"},{"@type":"ListItem","position":3,"name":"BALMAIN HAIR juustesse j\u00e4etav spreipalsam reisile \/ Leave-in Conditioning Spray 50ml travel"}]},{"@type":"WebSite","@id":"https:\/\/hairdeluxe.ee\/fi\/#website","url":"https:\/\/hairdeluxe.ee\/fi\/","name":"Hair Deluxe","description":"Highlight your natural beauty","publisher":{"@id":"https:\/\/hairdeluxe.ee\/fi\/#organization"},"potentialAction":[{"@type":"SearchAction","target":{"@type":"EntryPoint","urlTemplate":"https:\/\/hairdeluxe.ee\/fi\/?s={search_term_string}"},"query-input":{"@type":"PropertyValueSpecification","valueRequired":true,"valueName":"search_term_string"}}],"inLanguage":"fi"},{"@type":"Organization","@id":"https:\/\/hairdeluxe.ee\/fi\/#organization","name":"Hair Deluxe","url":"https:\/\/hairdeluxe.ee\/fi\/","logo":{"@type":"ImageObject","inLanguage":"fi","@id":"https:\/\/hairdeluxe.ee\/fi\/#\/schema\/logo\/image\/","url":"https:\/\/hairdeluxe.ee\/wp-content\/uploads\/2024\/06\/Hair-Deluxe-Logo-Dark-font.png","contentUrl":"https:\/\/hairdeluxe.ee\/wp-content\/uploads\/2024\/06\/Hair-Deluxe-Logo-Dark-font.png","width":467,"height":177,"caption":"Hair Deluxe"},"image":{"@id":"https:\/\/hairdeluxe.ee\/fi\/#\/schema\/logo\/image\/"},"sameAs":["https:\/\/www.facebook.com\/blowbartallinn","https:\/\/www.instagram.com\/blowbar_tallinn"]}]}},"_links":{"self":[{"href":"https:\/\/hairdeluxe.ee\/fi\/wp-json\/wp\/v2\/product\/34960","targetHints":{"allow":["GET"]}}],"collection":[{"href":"https:\/\/hairdeluxe.ee\/fi\/wp-json\/wp\/v2\/product"}],"about":[{"href":"https:\/\/hairdeluxe.ee\/fi\/wp-json\/wp\/v2\/types\/product"}],"wp:featuredmedia":[{"embeddable":true,"href":"https:\/\/hairdeluxe.ee\/fi\/wp-json\/wp\/v2\/media\/21636"}],"wp:attachment":[{"href":"https:\/\/hairdeluxe.ee\/fi\/wp-json\/wp\/v2\/media?parent=34960"}],"wp:term":[{"taxonomy":"product_brand","embeddable":true,"href":"https:\/\/hairdeluxe.ee\/fi\/wp-json\/wp\/v2\/product_brand?post=34960"},{"taxonomy":"product_cat","embeddable":true,"href":"https:\/\/hairdeluxe.ee\/fi\/wp-json\/wp\/v2\/product_cat?post=34960"},{"taxonomy":"product_tag","embeddable":true,"href":"https:\/\/hairdeluxe.ee\/fi\/wp-json\/wp\/v2\/product_tag?post=34960"}],"curies":[{"name":"wp","href":"https:\/\/api.w.org\/{rel}","templated":true}]}}