{"id":34984,"date":"2024-02-03T09:07:40","date_gmt":"2024-02-03T07:07:40","guid":{"rendered":"https:\/\/blowbar.ee\/?post_type=product&#038;p=34984"},"modified":"2025-03-18T19:22:32","modified_gmt":"2025-03-18T19:22:32","slug":"balmain-juukseid-sugavuti-niisutav-ja-taastav-mask-moisturizing-repair-mask-200ml","status":"publish","type":"product","link":"https:\/\/hairdeluxe.ee\/fi\/product\/balmain-juukseid-sugavuti-niisutav-ja-taastav-mask-moisturizing-repair-mask-200ml\/","title":{"rendered":"BALMAIN HAIR juukseid s\u00fcgavuti niisutav ja taastav mask \/ Moisturizing Repair Mask 200ml"},"content":{"rendered":"<p><em><strong>Koostis:\u00a0<\/strong>Aqua, Butyrospermum Parkii Butter, Argania Spinosa Kernel Oil, Quaternium-91, Betaine, Olus, Silk Amino Acids, Tocopheryl Acetate, Panthenol, Cetrimonium Methosulfate, Hydrolyzed Vegetable Protein PG- propyl Silanetriol, Cetrimonium Chloride, Ceteareth-20, Phenoxyethanol, Ethylhexylglycerin, Ethylhexyl Methoxycinnamate, Parfum, Citric Acid.<\/em><\/p>\n","protected":false},"excerpt":{"rendered":"<p>Mask kuulub s\u00fcgavuti niisutava tootesarja valikusse, mille tooted on v\u00e4lja t\u00f6\u00f6tatud normaalsetele ja v\u00e4rvitud juustele. Sari on rikastatud puhta orgaanilise argaania\u00f5liga, mis taastab ja kaitseb juukseid, andes neile naturaalse s\u00e4ra ja elastsuse.\u00a0Niisutava sarja hooldusvahendid on rikastatud parimate koostisosadega saavutamaks juustele optimaalne tulemus. UV- kaitse lisab juustele kaitset UV- kiirguse vastu, laskmata juuste v\u00e4rvusel tuhmuda. V\u00e4rvitud juustele annab see kauap\u00fcsiva v\u00e4rske tulemuse ja briljantse s\u00e4ra. Provitamiin B5 aitab parandada niiskuse s\u00e4ilivust, juuste elastsust ja paindlikkust. See rahustab \u00fchtlasi \u00e4rritunud ja \u00f5rna peanahka, muutes juukseid pehmemaks ja lisades rikkalikku s\u00e4ra. Toimeaine ergutab juukseid veel ekstra B-vitamiiniga, muutes juukseid tihedamaks ja stimuleerides juuste kasvu.<br \/>\nJuustele intensiivset hooldust pakkuv mask orgaanilise argaania\u00f5liga. Taastab kahjustunud, sagedasest keemilisest t\u00f6\u00f6tlemisest n\u00f5rgestatud juukseid. Muudab juuksed pehmeks, l\u00e4ikivaks ja kergesti k\u00e4sitletavaks. Mask on rikastatud Balmain Hair signatuurl\u00f5hnaga ja j\u00e4tab juustele kohese salongihoolduse j\u00e4rgse tunde. Parima tulemuse saavutamiseks kasuta maski koos\u00a0<a href=\"https:\/\/www.decoris.ee\/pood\/balmain-hair-couture\/balmain-moisturizing-shampoo\/\">Moisturizing Shampoo<\/a>\u00a0niisutava \u0161ampooni ja\u00a0<a href=\"https:\/\/www.decoris.ee\/pood\/balmain-hair-couture\/balmain-moisturizing-conditioner\/\">Moisturizing Conditioner\u00a0<\/a>niisutava palsamiga.<br \/>\nSarja tooted on parabeenide vabad.<\/p>\n<p><strong>Kasutamine: <\/strong>Kanda\u00a0r\u00e4tikukuivadele juustele,\u00a0masseerida \u00f5rnalt ja lasta m\u00f5juda 5-10 minutit ning loputada seej\u00e4rel hoolikalt. Parima tulemuse saavutamiseks kasuta kord n\u00e4dalas.<\/p>\n<p>Kogus: 200ml<\/p>\n","protected":false},"featured_media":21673,"template":"","meta":[],"product_brand":[464],"product_cat":[266,265,208,121,217,279],"product_tag":[],"class_list":{"0":"post-34984","1":"product","2":"type-product","3":"status-publish","4":"has-post-thumbnail","6":"product_brand-balmain-hair","7":"product_cat-balmain-hair","8":"product_cat-brandid","9":"product_cat-juuksehooldus","10":"product_cat-koik-tooted","11":"product_cat-maskid-ja-hooldus","12":"product_cat-sugavuti-niisutav-moisturizing","14":"first","15":"instock","16":"taxable","17":"shipping-taxable","18":"purchasable","19":"product-type-simple","20":"add-to-wishlist-after_add_to_cart"},"yoast_head":"<!-- This site is optimized with the Yoast SEO plugin v27.5 - https:\/\/yoast.com\/product\/yoast-seo-wordpress\/ -->\n<title>BALMAIN HAIR juukseid s\u00fcgavuti niisutav ja taastav mask \/ Moisturizing Repair Mask 200ml - Hair Deluxe<\/title>\n<meta name=\"robots\" content=\"index, follow, max-snippet:-1, max-image-preview:large, max-video-preview:-1\" \/>\n<link rel=\"canonical\" href=\"https:\/\/hairdeluxe.ee\/fi\/product\/balmain-juukseid-sugavuti-niisutav-ja-taastav-mask-moisturizing-repair-mask-200ml\/\" \/>\n<meta property=\"og:locale\" content=\"fi_FI\" \/>\n<meta property=\"og:type\" content=\"article\" \/>\n<meta property=\"og:title\" content=\"BALMAIN HAIR juukseid s\u00fcgavuti niisutav ja taastav mask \/ Moisturizing Repair Mask 200ml - Hair Deluxe\" \/>\n<meta property=\"og:description\" content=\"Mask kuulub s\u00fcgavuti niisutava tootesarja valikusse, mille tooted on v\u00e4lja t\u00f6\u00f6tatud normaalsetele ja v\u00e4rvitud juustele. Sari on rikastatud puhta orgaanilise argaania\u00f5liga, mis taastab ja kaitseb juukseid, andes neile naturaalse s\u00e4ra ja elastsuse.\u00a0Niisutava sarja hooldusvahendid on rikastatud parimate koostisosadega saavutamaks juustele optimaalne tulemus. UV- kaitse lisab juustele kaitset UV- kiirguse vastu, laskmata juuste v\u00e4rvusel tuhmuda. V\u00e4rvitud juustele annab see kauap\u00fcsiva v\u00e4rske tulemuse ja briljantse s\u00e4ra. Provitamiin B5 aitab parandada niiskuse s\u00e4ilivust, juuste elastsust ja paindlikkust. See rahustab \u00fchtlasi \u00e4rritunud ja \u00f5rna peanahka, muutes juukseid pehmemaks ja lisades rikkalikku s\u00e4ra. Toimeaine ergutab juukseid veel ekstra B-vitamiiniga, muutes juukseid tihedamaks ja stimuleerides juuste kasvu. Juustele intensiivset hooldust pakkuv mask orgaanilise argaania\u00f5liga. Taastab kahjustunud, sagedasest keemilisest t\u00f6\u00f6tlemisest n\u00f5rgestatud juukseid. Muudab juuksed pehmeks, l\u00e4ikivaks ja kergesti k\u00e4sitletavaks. Mask on rikastatud Balmain Hair signatuurl\u00f5hnaga ja j\u00e4tab juustele kohese salongihoolduse j\u00e4rgse tunde. Parima tulemuse saavutamiseks kasuta maski koos\u00a0Moisturizing Shampoo\u00a0niisutava \u0161ampooni ja\u00a0Moisturizing Conditioner\u00a0niisutava palsamiga. Sarja tooted on parabeenide vabad.  Kasutamine: Kanda\u00a0r\u00e4tikukuivadele juustele,\u00a0masseerida \u00f5rnalt ja lasta m\u00f5juda 5-10 minutit ning loputada seej\u00e4rel hoolikalt. Parima tulemuse saavutamiseks kasuta kord n\u00e4dalas.  Kogus: 200ml\" \/>\n<meta property=\"og:url\" content=\"https:\/\/hairdeluxe.ee\/fi\/product\/balmain-juukseid-sugavuti-niisutav-ja-taastav-mask-moisturizing-repair-mask-200ml\/\" \/>\n<meta property=\"og:site_name\" content=\"Hair Deluxe\" \/>\n<meta property=\"article:publisher\" content=\"https:\/\/www.facebook.com\/blowbartallinn\" \/>\n<meta property=\"article:modified_time\" content=\"2025-03-18T19:22:32+00:00\" \/>\n<meta property=\"og:image\" content=\"https:\/\/hairdeluxe.ee\/wp-content\/uploads\/2021\/03\/repair-mask.jpg\" \/>\n\t<meta property=\"og:image:width\" content=\"800\" \/>\n\t<meta property=\"og:image:height\" content=\"800\" \/>\n\t<meta property=\"og:image:type\" content=\"image\/jpeg\" \/>\n<meta name=\"twitter:card\" content=\"summary_large_image\" \/>\n<script type=\"application\/ld+json\" class=\"yoast-schema-graph\">{\"@context\":\"https:\\\/\\\/schema.org\",\"@graph\":[{\"@type\":\"WebPage\",\"@id\":\"https:\\\/\\\/hairdeluxe.ee\\\/fi\\\/product\\\/balmain-juukseid-sugavuti-niisutav-ja-taastav-mask-moisturizing-repair-mask-200ml\\\/\",\"url\":\"https:\\\/\\\/hairdeluxe.ee\\\/fi\\\/product\\\/balmain-juukseid-sugavuti-niisutav-ja-taastav-mask-moisturizing-repair-mask-200ml\\\/\",\"name\":\"BALMAIN HAIR juukseid s\u00fcgavuti niisutav ja taastav mask \\\/ Moisturizing Repair Mask 200ml - Hair Deluxe\",\"isPartOf\":{\"@id\":\"https:\\\/\\\/hairdeluxe.ee\\\/fi\\\/#website\"},\"primaryImageOfPage\":{\"@id\":\"https:\\\/\\\/hairdeluxe.ee\\\/fi\\\/product\\\/balmain-juukseid-sugavuti-niisutav-ja-taastav-mask-moisturizing-repair-mask-200ml\\\/#primaryimage\"},\"image\":{\"@id\":\"https:\\\/\\\/hairdeluxe.ee\\\/fi\\\/product\\\/balmain-juukseid-sugavuti-niisutav-ja-taastav-mask-moisturizing-repair-mask-200ml\\\/#primaryimage\"},\"thumbnailUrl\":\"https:\\\/\\\/hairdeluxe.ee\\\/wp-content\\\/uploads\\\/2021\\\/03\\\/repair-mask.jpg\",\"datePublished\":\"2024-02-03T07:07:40+00:00\",\"dateModified\":\"2025-03-18T19:22:32+00:00\",\"breadcrumb\":{\"@id\":\"https:\\\/\\\/hairdeluxe.ee\\\/fi\\\/product\\\/balmain-juukseid-sugavuti-niisutav-ja-taastav-mask-moisturizing-repair-mask-200ml\\\/#breadcrumb\"},\"inLanguage\":\"fi\",\"potentialAction\":[{\"@type\":\"ReadAction\",\"target\":[\"https:\\\/\\\/hairdeluxe.ee\\\/fi\\\/product\\\/balmain-juukseid-sugavuti-niisutav-ja-taastav-mask-moisturizing-repair-mask-200ml\\\/\"]}]},{\"@type\":\"ImageObject\",\"inLanguage\":\"fi\",\"@id\":\"https:\\\/\\\/hairdeluxe.ee\\\/fi\\\/product\\\/balmain-juukseid-sugavuti-niisutav-ja-taastav-mask-moisturizing-repair-mask-200ml\\\/#primaryimage\",\"url\":\"https:\\\/\\\/hairdeluxe.ee\\\/wp-content\\\/uploads\\\/2021\\\/03\\\/repair-mask.jpg\",\"contentUrl\":\"https:\\\/\\\/hairdeluxe.ee\\\/wp-content\\\/uploads\\\/2021\\\/03\\\/repair-mask.jpg\",\"width\":800,\"height\":800},{\"@type\":\"BreadcrumbList\",\"@id\":\"https:\\\/\\\/hairdeluxe.ee\\\/fi\\\/product\\\/balmain-juukseid-sugavuti-niisutav-ja-taastav-mask-moisturizing-repair-mask-200ml\\\/#breadcrumb\",\"itemListElement\":[{\"@type\":\"ListItem\",\"position\":1,\"name\":\"Home\",\"item\":\"https:\\\/\\\/hairdeluxe.ee\\\/fi\\\/\"},{\"@type\":\"ListItem\",\"position\":2,\"name\":\"Kauppa\",\"item\":\"https:\\\/\\\/hairdeluxe.ee\\\/fi\\\/shop\\\/\"},{\"@type\":\"ListItem\",\"position\":3,\"name\":\"BALMAIN HAIR juukseid s\u00fcgavuti niisutav ja taastav mask \\\/ Moisturizing Repair Mask 200ml\"}]},{\"@type\":\"WebSite\",\"@id\":\"https:\\\/\\\/hairdeluxe.ee\\\/fi\\\/#website\",\"url\":\"https:\\\/\\\/hairdeluxe.ee\\\/fi\\\/\",\"name\":\"Hair Deluxe\",\"description\":\"Highlight your natural beauty\",\"publisher\":{\"@id\":\"https:\\\/\\\/hairdeluxe.ee\\\/fi\\\/#organization\"},\"potentialAction\":[{\"@type\":\"SearchAction\",\"target\":{\"@type\":\"EntryPoint\",\"urlTemplate\":\"https:\\\/\\\/hairdeluxe.ee\\\/fi\\\/?s={search_term_string}\"},\"query-input\":{\"@type\":\"PropertyValueSpecification\",\"valueRequired\":true,\"valueName\":\"search_term_string\"}}],\"inLanguage\":\"fi\"},{\"@type\":\"Organization\",\"@id\":\"https:\\\/\\\/hairdeluxe.ee\\\/fi\\\/#organization\",\"name\":\"Hair Deluxe\",\"url\":\"https:\\\/\\\/hairdeluxe.ee\\\/fi\\\/\",\"logo\":{\"@type\":\"ImageObject\",\"inLanguage\":\"fi\",\"@id\":\"https:\\\/\\\/hairdeluxe.ee\\\/fi\\\/#\\\/schema\\\/logo\\\/image\\\/\",\"url\":\"https:\\\/\\\/hairdeluxe.ee\\\/wp-content\\\/uploads\\\/2024\\\/06\\\/Hair-Deluxe-Logo-Dark-font.png\",\"contentUrl\":\"https:\\\/\\\/hairdeluxe.ee\\\/wp-content\\\/uploads\\\/2024\\\/06\\\/Hair-Deluxe-Logo-Dark-font.png\",\"width\":467,\"height\":177,\"caption\":\"Hair Deluxe\"},\"image\":{\"@id\":\"https:\\\/\\\/hairdeluxe.ee\\\/fi\\\/#\\\/schema\\\/logo\\\/image\\\/\"},\"sameAs\":[\"https:\\\/\\\/www.facebook.com\\\/blowbartallinn\",\"https:\\\/\\\/www.instagram.com\\\/blowbar_tallinn\"]}]}<\/script>\n<!-- \/ Yoast SEO plugin. -->","yoast_head_json":{"title":"BALMAIN HAIR juukseid s\u00fcgavuti niisutav ja taastav mask \/ Moisturizing Repair Mask 200ml - Hair Deluxe","robots":{"index":"index","follow":"follow","max-snippet":"max-snippet:-1","max-image-preview":"max-image-preview:large","max-video-preview":"max-video-preview:-1"},"canonical":"https:\/\/hairdeluxe.ee\/fi\/product\/balmain-juukseid-sugavuti-niisutav-ja-taastav-mask-moisturizing-repair-mask-200ml\/","og_locale":"fi_FI","og_type":"article","og_title":"BALMAIN HAIR juukseid s\u00fcgavuti niisutav ja taastav mask \/ Moisturizing Repair Mask 200ml - Hair Deluxe","og_description":"Mask kuulub s\u00fcgavuti niisutava tootesarja valikusse, mille tooted on v\u00e4lja t\u00f6\u00f6tatud normaalsetele ja v\u00e4rvitud juustele. Sari on rikastatud puhta orgaanilise argaania\u00f5liga, mis taastab ja kaitseb juukseid, andes neile naturaalse s\u00e4ra ja elastsuse.\u00a0Niisutava sarja hooldusvahendid on rikastatud parimate koostisosadega saavutamaks juustele optimaalne tulemus. UV- kaitse lisab juustele kaitset UV- kiirguse vastu, laskmata juuste v\u00e4rvusel tuhmuda. V\u00e4rvitud juustele annab see kauap\u00fcsiva v\u00e4rske tulemuse ja briljantse s\u00e4ra. Provitamiin B5 aitab parandada niiskuse s\u00e4ilivust, juuste elastsust ja paindlikkust. See rahustab \u00fchtlasi \u00e4rritunud ja \u00f5rna peanahka, muutes juukseid pehmemaks ja lisades rikkalikku s\u00e4ra. Toimeaine ergutab juukseid veel ekstra B-vitamiiniga, muutes juukseid tihedamaks ja stimuleerides juuste kasvu. Juustele intensiivset hooldust pakkuv mask orgaanilise argaania\u00f5liga. Taastab kahjustunud, sagedasest keemilisest t\u00f6\u00f6tlemisest n\u00f5rgestatud juukseid. Muudab juuksed pehmeks, l\u00e4ikivaks ja kergesti k\u00e4sitletavaks. Mask on rikastatud Balmain Hair signatuurl\u00f5hnaga ja j\u00e4tab juustele kohese salongihoolduse j\u00e4rgse tunde. Parima tulemuse saavutamiseks kasuta maski koos\u00a0Moisturizing Shampoo\u00a0niisutava \u0161ampooni ja\u00a0Moisturizing Conditioner\u00a0niisutava palsamiga. Sarja tooted on parabeenide vabad.  Kasutamine: Kanda\u00a0r\u00e4tikukuivadele juustele,\u00a0masseerida \u00f5rnalt ja lasta m\u00f5juda 5-10 minutit ning loputada seej\u00e4rel hoolikalt. Parima tulemuse saavutamiseks kasuta kord n\u00e4dalas.  Kogus: 200ml","og_url":"https:\/\/hairdeluxe.ee\/fi\/product\/balmain-juukseid-sugavuti-niisutav-ja-taastav-mask-moisturizing-repair-mask-200ml\/","og_site_name":"Hair Deluxe","article_publisher":"https:\/\/www.facebook.com\/blowbartallinn","article_modified_time":"2025-03-18T19:22:32+00:00","og_image":[{"width":800,"height":800,"url":"https:\/\/hairdeluxe.ee\/wp-content\/uploads\/2021\/03\/repair-mask.jpg","type":"image\/jpeg"}],"twitter_card":"summary_large_image","schema":{"@context":"https:\/\/schema.org","@graph":[{"@type":"WebPage","@id":"https:\/\/hairdeluxe.ee\/fi\/product\/balmain-juukseid-sugavuti-niisutav-ja-taastav-mask-moisturizing-repair-mask-200ml\/","url":"https:\/\/hairdeluxe.ee\/fi\/product\/balmain-juukseid-sugavuti-niisutav-ja-taastav-mask-moisturizing-repair-mask-200ml\/","name":"BALMAIN HAIR juukseid s\u00fcgavuti niisutav ja taastav mask \/ Moisturizing Repair Mask 200ml - Hair Deluxe","isPartOf":{"@id":"https:\/\/hairdeluxe.ee\/fi\/#website"},"primaryImageOfPage":{"@id":"https:\/\/hairdeluxe.ee\/fi\/product\/balmain-juukseid-sugavuti-niisutav-ja-taastav-mask-moisturizing-repair-mask-200ml\/#primaryimage"},"image":{"@id":"https:\/\/hairdeluxe.ee\/fi\/product\/balmain-juukseid-sugavuti-niisutav-ja-taastav-mask-moisturizing-repair-mask-200ml\/#primaryimage"},"thumbnailUrl":"https:\/\/hairdeluxe.ee\/wp-content\/uploads\/2021\/03\/repair-mask.jpg","datePublished":"2024-02-03T07:07:40+00:00","dateModified":"2025-03-18T19:22:32+00:00","breadcrumb":{"@id":"https:\/\/hairdeluxe.ee\/fi\/product\/balmain-juukseid-sugavuti-niisutav-ja-taastav-mask-moisturizing-repair-mask-200ml\/#breadcrumb"},"inLanguage":"fi","potentialAction":[{"@type":"ReadAction","target":["https:\/\/hairdeluxe.ee\/fi\/product\/balmain-juukseid-sugavuti-niisutav-ja-taastav-mask-moisturizing-repair-mask-200ml\/"]}]},{"@type":"ImageObject","inLanguage":"fi","@id":"https:\/\/hairdeluxe.ee\/fi\/product\/balmain-juukseid-sugavuti-niisutav-ja-taastav-mask-moisturizing-repair-mask-200ml\/#primaryimage","url":"https:\/\/hairdeluxe.ee\/wp-content\/uploads\/2021\/03\/repair-mask.jpg","contentUrl":"https:\/\/hairdeluxe.ee\/wp-content\/uploads\/2021\/03\/repair-mask.jpg","width":800,"height":800},{"@type":"BreadcrumbList","@id":"https:\/\/hairdeluxe.ee\/fi\/product\/balmain-juukseid-sugavuti-niisutav-ja-taastav-mask-moisturizing-repair-mask-200ml\/#breadcrumb","itemListElement":[{"@type":"ListItem","position":1,"name":"Home","item":"https:\/\/hairdeluxe.ee\/fi\/"},{"@type":"ListItem","position":2,"name":"Kauppa","item":"https:\/\/hairdeluxe.ee\/fi\/shop\/"},{"@type":"ListItem","position":3,"name":"BALMAIN HAIR juukseid s\u00fcgavuti niisutav ja taastav mask \/ Moisturizing Repair Mask 200ml"}]},{"@type":"WebSite","@id":"https:\/\/hairdeluxe.ee\/fi\/#website","url":"https:\/\/hairdeluxe.ee\/fi\/","name":"Hair Deluxe","description":"Highlight your natural beauty","publisher":{"@id":"https:\/\/hairdeluxe.ee\/fi\/#organization"},"potentialAction":[{"@type":"SearchAction","target":{"@type":"EntryPoint","urlTemplate":"https:\/\/hairdeluxe.ee\/fi\/?s={search_term_string}"},"query-input":{"@type":"PropertyValueSpecification","valueRequired":true,"valueName":"search_term_string"}}],"inLanguage":"fi"},{"@type":"Organization","@id":"https:\/\/hairdeluxe.ee\/fi\/#organization","name":"Hair Deluxe","url":"https:\/\/hairdeluxe.ee\/fi\/","logo":{"@type":"ImageObject","inLanguage":"fi","@id":"https:\/\/hairdeluxe.ee\/fi\/#\/schema\/logo\/image\/","url":"https:\/\/hairdeluxe.ee\/wp-content\/uploads\/2024\/06\/Hair-Deluxe-Logo-Dark-font.png","contentUrl":"https:\/\/hairdeluxe.ee\/wp-content\/uploads\/2024\/06\/Hair-Deluxe-Logo-Dark-font.png","width":467,"height":177,"caption":"Hair Deluxe"},"image":{"@id":"https:\/\/hairdeluxe.ee\/fi\/#\/schema\/logo\/image\/"},"sameAs":["https:\/\/www.facebook.com\/blowbartallinn","https:\/\/www.instagram.com\/blowbar_tallinn"]}]}},"_links":{"self":[{"href":"https:\/\/hairdeluxe.ee\/fi\/wp-json\/wp\/v2\/product\/34984","targetHints":{"allow":["GET"]}}],"collection":[{"href":"https:\/\/hairdeluxe.ee\/fi\/wp-json\/wp\/v2\/product"}],"about":[{"href":"https:\/\/hairdeluxe.ee\/fi\/wp-json\/wp\/v2\/types\/product"}],"wp:featuredmedia":[{"embeddable":true,"href":"https:\/\/hairdeluxe.ee\/fi\/wp-json\/wp\/v2\/media\/21673"}],"wp:attachment":[{"href":"https:\/\/hairdeluxe.ee\/fi\/wp-json\/wp\/v2\/media?parent=34984"}],"wp:term":[{"taxonomy":"product_brand","embeddable":true,"href":"https:\/\/hairdeluxe.ee\/fi\/wp-json\/wp\/v2\/product_brand?post=34984"},{"taxonomy":"product_cat","embeddable":true,"href":"https:\/\/hairdeluxe.ee\/fi\/wp-json\/wp\/v2\/product_cat?post=34984"},{"taxonomy":"product_tag","embeddable":true,"href":"https:\/\/hairdeluxe.ee\/fi\/wp-json\/wp\/v2\/product_tag?post=34984"}],"curies":[{"name":"wp","href":"https:\/\/api.w.org\/{rel}","templated":true}]}}