{"id":34992,"date":"2024-02-03T09:07:44","date_gmt":"2024-02-03T07:07:44","guid":{"rendered":"https:\/\/blowbar.ee\/toode\/balmain-hair-juuste-niisutav-stiliseerimiskreem-moisturizing-styling-cream-150ml\/"},"modified":"2025-03-18T19:22:32","modified_gmt":"2025-03-18T19:22:32","slug":"balmain-juuste-niisutav-stiliseerimiskreem-moisturizing-styling-cream-150ml","status":"publish","type":"product","link":"https:\/\/hairdeluxe.ee\/fi\/product\/balmain-juuste-niisutav-stiliseerimiskreem-moisturizing-styling-cream-150ml\/","title":{"rendered":"BALMAIN juuste niisutav stiliseerimiskreem \/ Moisturizing Styling Cream 150ml"},"content":{"rendered":"<p><em><strong>Koostis:<\/strong> Aqua, Cetyl Alcohol, Propylene Glycol, Ethylhexyl Palmitate, Glyceryl Stearate, Ceteareth-20, Argania Spinosa Kernel Oil, Silk Amino Acids, Panthenol, Tocopheryl Acetate, Hydrolyzed Vegetable Protein PG-propyl Silanetriol, Cetrimonium Chloride, Polyquaternium-7, Ethylhexy Methoxycinnamate, Dimethicone, Polyquaternium-37, Propylene Glycol Dicaprylate Dicaprate, PPG-1 Trideceth-6, C10-11 Isoparaffin, Sorbitan Oleate, Acrylates\/Stearyl Methacrylate Copolymer, Pantolactone, Citric Acid, Parfum, Phenoxyethanol, Ethylhexylglycerin, Potassium Sorbate, Disodium EDTA, Benzoic Acid.<\/em><\/p>\n<div class=\"page\" title=\"Page 10\">\n<div class=\"section\">\n<div class=\"layoutArea\">\n<div class=\"column\">\n<p>&nbsp;<\/p>\n<\/div>\n<\/div>\n<\/div>\n<\/div>\n","protected":false},"excerpt":{"rendered":"<div class=\"column\">\n<p>Moisturizing Styling Cream on pehme ja kerge kreem, mis kaitseb juukseid kahjustuste eest ning annab ideaalse aluse enne juuste f\u00f6\u00f6nitamist v\u00f5i sirgendaja\/lokitangide kasutamist. L\u00fchendab juuste kuivatamise aega, j\u00e4tab juuksed kergesti kammitavaks, pehmeks, siledamaks ning toidetuks. Lisab\u00a0juustele vol\u00fc\u00fcmi, taltsutab kahu ja niisutab juukseid. Annab ideaalse p\u00fcsivuse soengu kujundamisel, lokitamisel v\u00f5i f\u00f6\u00f6nitamisel lisades vol\u00fc\u00fcmi ja l\u00e4iget. Kreemile on lisatud \u00f5rnalt Balmain Hair kaubam\u00e4rgi signatuurparf\u00fc\u00fcmi, mis j\u00e4tab juustele lisaks kaitsele ka suurep\u00e4rase aroomi.<br \/>\n&#8211; Niisutab<br \/>\n&#8211; L\u00fchendab juuste kuivatamise aega<br \/>\n&#8211; Annab juustele tugevust<br \/>\n&#8211; Kuumat\u00f6\u00f6tluse kaitsega<br \/>\n&#8211; J\u00e4tab juustele meeldiva l\u00f5hna<\/p>\n<p><strong>Kasutamine:<\/strong>\u00a0Kanda v\u00e4ike kogus kreemi niisketele v\u00f5i kuivadele juustele ning jaotada \u00fchtlaselt keskosast kuni otsteni.<\/p>\n<p><strong>Soovitus:<\/strong>\u00a0Parima tulemuse saavutamiseks kasuta igap\u00e4evaselt \u2013 piisab hernetera suurusest kogusest.<\/p>\n<p>Kogus: 150ml<\/p>\n<\/div>\n","protected":false},"featured_media":34990,"template":"","meta":[],"product_brand":[464],"product_cat":[266,265,210,121,220,279,196],"product_tag":[],"class_list":{"0":"post-34992","1":"product","2":"type-product","3":"status-publish","4":"has-post-thumbnail","6":"product_brand-balmain-hair","7":"product_cat-balmain-hair","8":"product_cat-brandid","9":"product_cat-kaitse","10":"product_cat-koik-tooted","11":"product_cat-pehmed-kahuvabad","12":"product_cat-sugavuti-niisutav-moisturizing","13":"product_cat-viimistlus","15":"first","16":"instock","17":"taxable","18":"shipping-taxable","19":"purchasable","20":"product-type-simple","21":"add-to-wishlist-after_add_to_cart"},"yoast_head":"<!-- This site is optimized with the Yoast SEO plugin v27.3 - https:\/\/yoast.com\/product\/yoast-seo-wordpress\/ -->\n<title>BALMAIN juuste niisutav stiliseerimiskreem \/ Moisturizing Styling Cream 150ml - Hair Deluxe<\/title>\n<meta name=\"robots\" content=\"index, follow, max-snippet:-1, max-image-preview:large, max-video-preview:-1\" \/>\n<link rel=\"canonical\" href=\"https:\/\/hairdeluxe.ee\/fi\/product\/balmain-juuste-niisutav-stiliseerimiskreem-moisturizing-styling-cream-150ml\/\" \/>\n<meta property=\"og:locale\" content=\"fi_FI\" \/>\n<meta property=\"og:type\" content=\"article\" \/>\n<meta property=\"og:title\" content=\"BALMAIN juuste niisutav stiliseerimiskreem \/ Moisturizing Styling Cream 150ml - Hair Deluxe\" \/>\n<meta property=\"og:description\" content=\"Moisturizing Styling Cream on pehme ja kerge kreem, mis kaitseb juukseid kahjustuste eest ning annab ideaalse aluse enne juuste f\u00f6\u00f6nitamist v\u00f5i sirgendaja\/lokitangide kasutamist. L\u00fchendab juuste kuivatamise aega, j\u00e4tab juuksed kergesti kammitavaks, pehmeks, siledamaks ning toidetuks. Lisab\u00a0juustele vol\u00fc\u00fcmi, taltsutab kahu ja niisutab juukseid. Annab ideaalse p\u00fcsivuse soengu kujundamisel, lokitamisel v\u00f5i f\u00f6\u00f6nitamisel lisades vol\u00fc\u00fcmi ja l\u00e4iget. Kreemile on lisatud \u00f5rnalt Balmain Hair kaubam\u00e4rgi signatuurparf\u00fc\u00fcmi, mis j\u00e4tab juustele lisaks kaitsele ka suurep\u00e4rase aroomi. - Niisutab - L\u00fchendab juuste kuivatamise aega - Annab juustele tugevust - Kuumat\u00f6\u00f6tluse kaitsega - J\u00e4tab juustele meeldiva l\u00f5hna  Kasutamine:\u00a0Kanda v\u00e4ike kogus kreemi niisketele v\u00f5i kuivadele juustele ning jaotada \u00fchtlaselt keskosast kuni otsteni.  Soovitus:\u00a0Parima tulemuse saavutamiseks kasuta igap\u00e4evaselt \u2013 piisab hernetera suurusest kogusest.  Kogus: 150ml\" \/>\n<meta property=\"og:url\" content=\"https:\/\/hairdeluxe.ee\/fi\/product\/balmain-juuste-niisutav-stiliseerimiskreem-moisturizing-styling-cream-150ml\/\" \/>\n<meta property=\"og:site_name\" content=\"Hair Deluxe\" \/>\n<meta property=\"article:publisher\" content=\"https:\/\/www.facebook.com\/blowbartallinn\" \/>\n<meta property=\"article:modified_time\" content=\"2025-03-18T19:22:32+00:00\" \/>\n<meta property=\"og:image\" content=\"https:\/\/hairdeluxe.ee\/wp-content\/uploads\/2024\/02\/balmainhair_styling_moisturizingstylingcream_800x800.jpg\" \/>\n\t<meta property=\"og:image:width\" content=\"800\" \/>\n\t<meta property=\"og:image:height\" content=\"800\" \/>\n\t<meta property=\"og:image:type\" content=\"image\/jpeg\" \/>\n<meta name=\"twitter:card\" content=\"summary_large_image\" \/>\n<script type=\"application\/ld+json\" class=\"yoast-schema-graph\">{\"@context\":\"https:\\\/\\\/schema.org\",\"@graph\":[{\"@type\":\"WebPage\",\"@id\":\"https:\\\/\\\/hairdeluxe.ee\\\/fi\\\/product\\\/balmain-juuste-niisutav-stiliseerimiskreem-moisturizing-styling-cream-150ml\\\/\",\"url\":\"https:\\\/\\\/hairdeluxe.ee\\\/fi\\\/product\\\/balmain-juuste-niisutav-stiliseerimiskreem-moisturizing-styling-cream-150ml\\\/\",\"name\":\"BALMAIN juuste niisutav stiliseerimiskreem \\\/ Moisturizing Styling Cream 150ml - Hair Deluxe\",\"isPartOf\":{\"@id\":\"https:\\\/\\\/hairdeluxe.ee\\\/fi\\\/#website\"},\"primaryImageOfPage\":{\"@id\":\"https:\\\/\\\/hairdeluxe.ee\\\/fi\\\/product\\\/balmain-juuste-niisutav-stiliseerimiskreem-moisturizing-styling-cream-150ml\\\/#primaryimage\"},\"image\":{\"@id\":\"https:\\\/\\\/hairdeluxe.ee\\\/fi\\\/product\\\/balmain-juuste-niisutav-stiliseerimiskreem-moisturizing-styling-cream-150ml\\\/#primaryimage\"},\"thumbnailUrl\":\"https:\\\/\\\/hairdeluxe.ee\\\/wp-content\\\/uploads\\\/2024\\\/02\\\/balmainhair_styling_moisturizingstylingcream_800x800.jpg\",\"datePublished\":\"2024-02-03T07:07:44+00:00\",\"dateModified\":\"2025-03-18T19:22:32+00:00\",\"breadcrumb\":{\"@id\":\"https:\\\/\\\/hairdeluxe.ee\\\/fi\\\/product\\\/balmain-juuste-niisutav-stiliseerimiskreem-moisturizing-styling-cream-150ml\\\/#breadcrumb\"},\"inLanguage\":\"fi\",\"potentialAction\":[{\"@type\":\"ReadAction\",\"target\":[\"https:\\\/\\\/hairdeluxe.ee\\\/fi\\\/product\\\/balmain-juuste-niisutav-stiliseerimiskreem-moisturizing-styling-cream-150ml\\\/\"]}]},{\"@type\":\"ImageObject\",\"inLanguage\":\"fi\",\"@id\":\"https:\\\/\\\/hairdeluxe.ee\\\/fi\\\/product\\\/balmain-juuste-niisutav-stiliseerimiskreem-moisturizing-styling-cream-150ml\\\/#primaryimage\",\"url\":\"https:\\\/\\\/hairdeluxe.ee\\\/wp-content\\\/uploads\\\/2024\\\/02\\\/balmainhair_styling_moisturizingstylingcream_800x800.jpg\",\"contentUrl\":\"https:\\\/\\\/hairdeluxe.ee\\\/wp-content\\\/uploads\\\/2024\\\/02\\\/balmainhair_styling_moisturizingstylingcream_800x800.jpg\",\"width\":800,\"height\":800},{\"@type\":\"BreadcrumbList\",\"@id\":\"https:\\\/\\\/hairdeluxe.ee\\\/fi\\\/product\\\/balmain-juuste-niisutav-stiliseerimiskreem-moisturizing-styling-cream-150ml\\\/#breadcrumb\",\"itemListElement\":[{\"@type\":\"ListItem\",\"position\":1,\"name\":\"Home\",\"item\":\"https:\\\/\\\/hairdeluxe.ee\\\/fi\\\/\"},{\"@type\":\"ListItem\",\"position\":2,\"name\":\"Kauppa\",\"item\":\"https:\\\/\\\/hairdeluxe.ee\\\/fi\\\/shop\\\/\"},{\"@type\":\"ListItem\",\"position\":3,\"name\":\"BALMAIN juuste niisutav stiliseerimiskreem \\\/ Moisturizing Styling Cream 150ml\"}]},{\"@type\":\"WebSite\",\"@id\":\"https:\\\/\\\/hairdeluxe.ee\\\/fi\\\/#website\",\"url\":\"https:\\\/\\\/hairdeluxe.ee\\\/fi\\\/\",\"name\":\"Hair Deluxe\",\"description\":\"Highlight your natural beauty\",\"publisher\":{\"@id\":\"https:\\\/\\\/hairdeluxe.ee\\\/fi\\\/#organization\"},\"potentialAction\":[{\"@type\":\"SearchAction\",\"target\":{\"@type\":\"EntryPoint\",\"urlTemplate\":\"https:\\\/\\\/hairdeluxe.ee\\\/fi\\\/?s={search_term_string}\"},\"query-input\":{\"@type\":\"PropertyValueSpecification\",\"valueRequired\":true,\"valueName\":\"search_term_string\"}}],\"inLanguage\":\"fi\"},{\"@type\":\"Organization\",\"@id\":\"https:\\\/\\\/hairdeluxe.ee\\\/fi\\\/#organization\",\"name\":\"Hair Deluxe\",\"url\":\"https:\\\/\\\/hairdeluxe.ee\\\/fi\\\/\",\"logo\":{\"@type\":\"ImageObject\",\"inLanguage\":\"fi\",\"@id\":\"https:\\\/\\\/hairdeluxe.ee\\\/fi\\\/#\\\/schema\\\/logo\\\/image\\\/\",\"url\":\"https:\\\/\\\/hairdeluxe.ee\\\/wp-content\\\/uploads\\\/2024\\\/06\\\/Hair-Deluxe-Logo-Dark-font.png\",\"contentUrl\":\"https:\\\/\\\/hairdeluxe.ee\\\/wp-content\\\/uploads\\\/2024\\\/06\\\/Hair-Deluxe-Logo-Dark-font.png\",\"width\":467,\"height\":177,\"caption\":\"Hair Deluxe\"},\"image\":{\"@id\":\"https:\\\/\\\/hairdeluxe.ee\\\/fi\\\/#\\\/schema\\\/logo\\\/image\\\/\"},\"sameAs\":[\"https:\\\/\\\/www.facebook.com\\\/blowbartallinn\",\"https:\\\/\\\/www.instagram.com\\\/blowbar_tallinn\"]}]}<\/script>\n<!-- \/ Yoast SEO plugin. -->","yoast_head_json":{"title":"BALMAIN juuste niisutav stiliseerimiskreem \/ Moisturizing Styling Cream 150ml - Hair Deluxe","robots":{"index":"index","follow":"follow","max-snippet":"max-snippet:-1","max-image-preview":"max-image-preview:large","max-video-preview":"max-video-preview:-1"},"canonical":"https:\/\/hairdeluxe.ee\/fi\/product\/balmain-juuste-niisutav-stiliseerimiskreem-moisturizing-styling-cream-150ml\/","og_locale":"fi_FI","og_type":"article","og_title":"BALMAIN juuste niisutav stiliseerimiskreem \/ Moisturizing Styling Cream 150ml - Hair Deluxe","og_description":"Moisturizing Styling Cream on pehme ja kerge kreem, mis kaitseb juukseid kahjustuste eest ning annab ideaalse aluse enne juuste f\u00f6\u00f6nitamist v\u00f5i sirgendaja\/lokitangide kasutamist. L\u00fchendab juuste kuivatamise aega, j\u00e4tab juuksed kergesti kammitavaks, pehmeks, siledamaks ning toidetuks. Lisab\u00a0juustele vol\u00fc\u00fcmi, taltsutab kahu ja niisutab juukseid. Annab ideaalse p\u00fcsivuse soengu kujundamisel, lokitamisel v\u00f5i f\u00f6\u00f6nitamisel lisades vol\u00fc\u00fcmi ja l\u00e4iget. Kreemile on lisatud \u00f5rnalt Balmain Hair kaubam\u00e4rgi signatuurparf\u00fc\u00fcmi, mis j\u00e4tab juustele lisaks kaitsele ka suurep\u00e4rase aroomi. - Niisutab - L\u00fchendab juuste kuivatamise aega - Annab juustele tugevust - Kuumat\u00f6\u00f6tluse kaitsega - J\u00e4tab juustele meeldiva l\u00f5hna  Kasutamine:\u00a0Kanda v\u00e4ike kogus kreemi niisketele v\u00f5i kuivadele juustele ning jaotada \u00fchtlaselt keskosast kuni otsteni.  Soovitus:\u00a0Parima tulemuse saavutamiseks kasuta igap\u00e4evaselt \u2013 piisab hernetera suurusest kogusest.  Kogus: 150ml","og_url":"https:\/\/hairdeluxe.ee\/fi\/product\/balmain-juuste-niisutav-stiliseerimiskreem-moisturizing-styling-cream-150ml\/","og_site_name":"Hair Deluxe","article_publisher":"https:\/\/www.facebook.com\/blowbartallinn","article_modified_time":"2025-03-18T19:22:32+00:00","og_image":[{"width":800,"height":800,"url":"https:\/\/hairdeluxe.ee\/wp-content\/uploads\/2024\/02\/balmainhair_styling_moisturizingstylingcream_800x800.jpg","type":"image\/jpeg"}],"twitter_card":"summary_large_image","schema":{"@context":"https:\/\/schema.org","@graph":[{"@type":"WebPage","@id":"https:\/\/hairdeluxe.ee\/fi\/product\/balmain-juuste-niisutav-stiliseerimiskreem-moisturizing-styling-cream-150ml\/","url":"https:\/\/hairdeluxe.ee\/fi\/product\/balmain-juuste-niisutav-stiliseerimiskreem-moisturizing-styling-cream-150ml\/","name":"BALMAIN juuste niisutav stiliseerimiskreem \/ Moisturizing Styling Cream 150ml - Hair Deluxe","isPartOf":{"@id":"https:\/\/hairdeluxe.ee\/fi\/#website"},"primaryImageOfPage":{"@id":"https:\/\/hairdeluxe.ee\/fi\/product\/balmain-juuste-niisutav-stiliseerimiskreem-moisturizing-styling-cream-150ml\/#primaryimage"},"image":{"@id":"https:\/\/hairdeluxe.ee\/fi\/product\/balmain-juuste-niisutav-stiliseerimiskreem-moisturizing-styling-cream-150ml\/#primaryimage"},"thumbnailUrl":"https:\/\/hairdeluxe.ee\/wp-content\/uploads\/2024\/02\/balmainhair_styling_moisturizingstylingcream_800x800.jpg","datePublished":"2024-02-03T07:07:44+00:00","dateModified":"2025-03-18T19:22:32+00:00","breadcrumb":{"@id":"https:\/\/hairdeluxe.ee\/fi\/product\/balmain-juuste-niisutav-stiliseerimiskreem-moisturizing-styling-cream-150ml\/#breadcrumb"},"inLanguage":"fi","potentialAction":[{"@type":"ReadAction","target":["https:\/\/hairdeluxe.ee\/fi\/product\/balmain-juuste-niisutav-stiliseerimiskreem-moisturizing-styling-cream-150ml\/"]}]},{"@type":"ImageObject","inLanguage":"fi","@id":"https:\/\/hairdeluxe.ee\/fi\/product\/balmain-juuste-niisutav-stiliseerimiskreem-moisturizing-styling-cream-150ml\/#primaryimage","url":"https:\/\/hairdeluxe.ee\/wp-content\/uploads\/2024\/02\/balmainhair_styling_moisturizingstylingcream_800x800.jpg","contentUrl":"https:\/\/hairdeluxe.ee\/wp-content\/uploads\/2024\/02\/balmainhair_styling_moisturizingstylingcream_800x800.jpg","width":800,"height":800},{"@type":"BreadcrumbList","@id":"https:\/\/hairdeluxe.ee\/fi\/product\/balmain-juuste-niisutav-stiliseerimiskreem-moisturizing-styling-cream-150ml\/#breadcrumb","itemListElement":[{"@type":"ListItem","position":1,"name":"Home","item":"https:\/\/hairdeluxe.ee\/fi\/"},{"@type":"ListItem","position":2,"name":"Kauppa","item":"https:\/\/hairdeluxe.ee\/fi\/shop\/"},{"@type":"ListItem","position":3,"name":"BALMAIN juuste niisutav stiliseerimiskreem \/ Moisturizing Styling Cream 150ml"}]},{"@type":"WebSite","@id":"https:\/\/hairdeluxe.ee\/fi\/#website","url":"https:\/\/hairdeluxe.ee\/fi\/","name":"Hair Deluxe","description":"Highlight your natural beauty","publisher":{"@id":"https:\/\/hairdeluxe.ee\/fi\/#organization"},"potentialAction":[{"@type":"SearchAction","target":{"@type":"EntryPoint","urlTemplate":"https:\/\/hairdeluxe.ee\/fi\/?s={search_term_string}"},"query-input":{"@type":"PropertyValueSpecification","valueRequired":true,"valueName":"search_term_string"}}],"inLanguage":"fi"},{"@type":"Organization","@id":"https:\/\/hairdeluxe.ee\/fi\/#organization","name":"Hair Deluxe","url":"https:\/\/hairdeluxe.ee\/fi\/","logo":{"@type":"ImageObject","inLanguage":"fi","@id":"https:\/\/hairdeluxe.ee\/fi\/#\/schema\/logo\/image\/","url":"https:\/\/hairdeluxe.ee\/wp-content\/uploads\/2024\/06\/Hair-Deluxe-Logo-Dark-font.png","contentUrl":"https:\/\/hairdeluxe.ee\/wp-content\/uploads\/2024\/06\/Hair-Deluxe-Logo-Dark-font.png","width":467,"height":177,"caption":"Hair Deluxe"},"image":{"@id":"https:\/\/hairdeluxe.ee\/fi\/#\/schema\/logo\/image\/"},"sameAs":["https:\/\/www.facebook.com\/blowbartallinn","https:\/\/www.instagram.com\/blowbar_tallinn"]}]}},"_links":{"self":[{"href":"https:\/\/hairdeluxe.ee\/fi\/wp-json\/wp\/v2\/product\/34992","targetHints":{"allow":["GET"]}}],"collection":[{"href":"https:\/\/hairdeluxe.ee\/fi\/wp-json\/wp\/v2\/product"}],"about":[{"href":"https:\/\/hairdeluxe.ee\/fi\/wp-json\/wp\/v2\/types\/product"}],"wp:featuredmedia":[{"embeddable":true,"href":"https:\/\/hairdeluxe.ee\/fi\/wp-json\/wp\/v2\/media\/34990"}],"wp:attachment":[{"href":"https:\/\/hairdeluxe.ee\/fi\/wp-json\/wp\/v2\/media?parent=34992"}],"wp:term":[{"taxonomy":"product_brand","embeddable":true,"href":"https:\/\/hairdeluxe.ee\/fi\/wp-json\/wp\/v2\/product_brand?post=34992"},{"taxonomy":"product_cat","embeddable":true,"href":"https:\/\/hairdeluxe.ee\/fi\/wp-json\/wp\/v2\/product_cat?post=34992"},{"taxonomy":"product_tag","embeddable":true,"href":"https:\/\/hairdeluxe.ee\/fi\/wp-json\/wp\/v2\/product_tag?post=34992"}],"curies":[{"name":"wp","href":"https:\/\/api.w.org\/{rel}","templated":true}]}}