{"id":34995,"date":"2024-02-03T09:07:50","date_gmt":"2024-02-03T07:07:50","guid":{"rendered":"https:\/\/blowbar.ee\/toode\/balmain-hair-tugeva-hoidvusega-juuksegeel-styling-gel-strong-100ml\/"},"modified":"2025-03-18T19:22:32","modified_gmt":"2025-03-18T19:22:32","slug":"balmain-tugeva-hoidvusega-juuksegeel-styling-gel-strong-100ml","status":"publish","type":"product","link":"https:\/\/hairdeluxe.ee\/fi\/product\/balmain-tugeva-hoidvusega-juuksegeel-styling-gel-strong-100ml\/","title":{"rendered":"BALMAIN tugeva hoidvusega juuksegeel \/ Styling Gel Strong 100ml"},"content":{"rendered":"<p><em><strong>Koostis:<\/strong>\u00a0Aqua, VP\/VA Copolymer, Alcohol, Butylene Glycol, Polysorbate 20, Argania Spinosa Kernel Oil, Silk Amino Acids, Panthenol, Parfum, Polyquaternium-11, Acrylates\/C10-30 Alkyl Acrylate Crosspolymer, Phenoxyethanol, Ethylhexylglycerin, Aminomethyl Propanol.<\/em><\/p>\n","protected":false},"excerpt":{"rendered":"<p>Tugev viimistlusgeel annab soengule maksimaalse hoidvuse. Kerge tekstuuriga geel pakub loominguvabadust trendikate ning kauap\u00fcsivate soengute loomisel. Veega h\u00f5lpsasti mahapestav. Siidiproteiin ja argaania\u00f5li stimuleerivad juustes optimaalse niiskustasakaalu s\u00e4ilimist \u2013 taastavad ja kaitsevad kahjustunud, kuivi ja n\u00f5rkasid juukseid keskkonnategurite kahjuliku m\u00f5ju eest. Balmain Hair sigrnatuurl\u00f5hnaga.<\/p>\n<p><strong>Kasutamine:<\/strong> Kanda v\u00e4ike kogus viimistlusgeeli s\u00f5rmeotstele, viimistleda.<\/p>\n<p><strong>Soovitus:<\/strong> Pikkadel juustel kauap\u00fcsiva sileda soengu saavutamiseks kammida \u00e4sjapestud juuksed kammiga l\u00e4bi. Seej\u00e4rel kanda peale Styling Gel Strong\u2019i ja kammida juuksed \u00fcle pea suunaga tahapoole, kuni saavutatakse soovitud tulemus.<\/p>\n<p>Kogus: 100ml<\/p>\n<p>https:\/\/www.youtube.com\/watch?v=FmWyYwk7rTs<\/p>\n","protected":false},"featured_media":21735,"template":"","meta":[],"product_brand":[464],"product_cat":[266,265,212,121,144,274,196],"product_tag":[],"class_list":{"0":"post-34995","1":"product","2":"type-product","3":"status-publish","4":"has-post-thumbnail","6":"product_brand-balmain-hair","7":"product_cat-balmain-hair","8":"product_cat-brandid","9":"product_cat-kinnitus","10":"product_cat-koik-tooted","11":"product_cat-meestele","12":"product_cat-viimistlus-meestele","13":"product_cat-viimistlus","15":"first","16":"instock","17":"taxable","18":"shipping-taxable","19":"purchasable","20":"product-type-simple","21":"add-to-wishlist-after_add_to_cart"},"yoast_head":"<!-- This site is optimized with the Yoast SEO plugin v27.5 - https:\/\/yoast.com\/product\/yoast-seo-wordpress\/ -->\n<title>BALMAIN tugeva hoidvusega juuksegeel \/ Styling Gel Strong 100ml - Hair Deluxe<\/title>\n<meta name=\"robots\" content=\"index, follow, max-snippet:-1, max-image-preview:large, max-video-preview:-1\" \/>\n<link rel=\"canonical\" href=\"https:\/\/hairdeluxe.ee\/fi\/product\/balmain-tugeva-hoidvusega-juuksegeel-styling-gel-strong-100ml\/\" \/>\n<meta property=\"og:locale\" content=\"fi_FI\" \/>\n<meta property=\"og:type\" content=\"article\" \/>\n<meta property=\"og:title\" content=\"BALMAIN tugeva hoidvusega juuksegeel \/ Styling Gel Strong 100ml - Hair Deluxe\" \/>\n<meta property=\"og:description\" content=\"Tugev viimistlusgeel annab soengule maksimaalse hoidvuse. Kerge tekstuuriga geel pakub loominguvabadust trendikate ning kauap\u00fcsivate soengute loomisel. Veega h\u00f5lpsasti mahapestav. Siidiproteiin ja argaania\u00f5li stimuleerivad juustes optimaalse niiskustasakaalu s\u00e4ilimist \u2013 taastavad ja kaitsevad kahjustunud, kuivi ja n\u00f5rkasid juukseid keskkonnategurite kahjuliku m\u00f5ju eest. Balmain Hair sigrnatuurl\u00f5hnaga.  Kasutamine: Kanda v\u00e4ike kogus viimistlusgeeli s\u00f5rmeotstele, viimistleda.  Soovitus: Pikkadel juustel kauap\u00fcsiva sileda soengu saavutamiseks kammida \u00e4sjapestud juuksed kammiga l\u00e4bi. Seej\u00e4rel kanda peale Styling Gel Strong\u2019i ja kammida juuksed \u00fcle pea suunaga tahapoole, kuni saavutatakse soovitud tulemus.  Kogus: 100ml  https:\/\/www.youtube.com\/watch?v=FmWyYwk7rTs\" \/>\n<meta property=\"og:url\" content=\"https:\/\/hairdeluxe.ee\/fi\/product\/balmain-tugeva-hoidvusega-juuksegeel-styling-gel-strong-100ml\/\" \/>\n<meta property=\"og:site_name\" content=\"Hair Deluxe\" \/>\n<meta property=\"article:publisher\" content=\"https:\/\/www.facebook.com\/blowbartallinn\" \/>\n<meta property=\"article:modified_time\" content=\"2025-03-18T19:22:32+00:00\" \/>\n<meta property=\"og:image\" content=\"https:\/\/hairdeluxe.ee\/wp-content\/uploads\/2021\/03\/gel-strong.jpg\" \/>\n\t<meta property=\"og:image:width\" content=\"800\" \/>\n\t<meta property=\"og:image:height\" content=\"800\" \/>\n\t<meta property=\"og:image:type\" content=\"image\/jpeg\" \/>\n<meta name=\"twitter:card\" content=\"summary_large_image\" \/>\n<script type=\"application\/ld+json\" class=\"yoast-schema-graph\">{\"@context\":\"https:\\\/\\\/schema.org\",\"@graph\":[{\"@type\":\"WebPage\",\"@id\":\"https:\\\/\\\/hairdeluxe.ee\\\/fi\\\/product\\\/balmain-tugeva-hoidvusega-juuksegeel-styling-gel-strong-100ml\\\/\",\"url\":\"https:\\\/\\\/hairdeluxe.ee\\\/fi\\\/product\\\/balmain-tugeva-hoidvusega-juuksegeel-styling-gel-strong-100ml\\\/\",\"name\":\"BALMAIN tugeva hoidvusega juuksegeel \\\/ Styling Gel Strong 100ml - Hair Deluxe\",\"isPartOf\":{\"@id\":\"https:\\\/\\\/hairdeluxe.ee\\\/fi\\\/#website\"},\"primaryImageOfPage\":{\"@id\":\"https:\\\/\\\/hairdeluxe.ee\\\/fi\\\/product\\\/balmain-tugeva-hoidvusega-juuksegeel-styling-gel-strong-100ml\\\/#primaryimage\"},\"image\":{\"@id\":\"https:\\\/\\\/hairdeluxe.ee\\\/fi\\\/product\\\/balmain-tugeva-hoidvusega-juuksegeel-styling-gel-strong-100ml\\\/#primaryimage\"},\"thumbnailUrl\":\"https:\\\/\\\/hairdeluxe.ee\\\/wp-content\\\/uploads\\\/2021\\\/03\\\/gel-strong.jpg\",\"datePublished\":\"2024-02-03T07:07:50+00:00\",\"dateModified\":\"2025-03-18T19:22:32+00:00\",\"breadcrumb\":{\"@id\":\"https:\\\/\\\/hairdeluxe.ee\\\/fi\\\/product\\\/balmain-tugeva-hoidvusega-juuksegeel-styling-gel-strong-100ml\\\/#breadcrumb\"},\"inLanguage\":\"fi\",\"potentialAction\":[{\"@type\":\"ReadAction\",\"target\":[\"https:\\\/\\\/hairdeluxe.ee\\\/fi\\\/product\\\/balmain-tugeva-hoidvusega-juuksegeel-styling-gel-strong-100ml\\\/\"]}]},{\"@type\":\"ImageObject\",\"inLanguage\":\"fi\",\"@id\":\"https:\\\/\\\/hairdeluxe.ee\\\/fi\\\/product\\\/balmain-tugeva-hoidvusega-juuksegeel-styling-gel-strong-100ml\\\/#primaryimage\",\"url\":\"https:\\\/\\\/hairdeluxe.ee\\\/wp-content\\\/uploads\\\/2021\\\/03\\\/gel-strong.jpg\",\"contentUrl\":\"https:\\\/\\\/hairdeluxe.ee\\\/wp-content\\\/uploads\\\/2021\\\/03\\\/gel-strong.jpg\",\"width\":800,\"height\":800},{\"@type\":\"BreadcrumbList\",\"@id\":\"https:\\\/\\\/hairdeluxe.ee\\\/fi\\\/product\\\/balmain-tugeva-hoidvusega-juuksegeel-styling-gel-strong-100ml\\\/#breadcrumb\",\"itemListElement\":[{\"@type\":\"ListItem\",\"position\":1,\"name\":\"Home\",\"item\":\"https:\\\/\\\/hairdeluxe.ee\\\/fi\\\/\"},{\"@type\":\"ListItem\",\"position\":2,\"name\":\"Kauppa\",\"item\":\"https:\\\/\\\/hairdeluxe.ee\\\/fi\\\/shop\\\/\"},{\"@type\":\"ListItem\",\"position\":3,\"name\":\"BALMAIN tugeva hoidvusega juuksegeel \\\/ Styling Gel Strong 100ml\"}]},{\"@type\":\"WebSite\",\"@id\":\"https:\\\/\\\/hairdeluxe.ee\\\/fi\\\/#website\",\"url\":\"https:\\\/\\\/hairdeluxe.ee\\\/fi\\\/\",\"name\":\"Hair Deluxe\",\"description\":\"Highlight your natural beauty\",\"publisher\":{\"@id\":\"https:\\\/\\\/hairdeluxe.ee\\\/fi\\\/#organization\"},\"potentialAction\":[{\"@type\":\"SearchAction\",\"target\":{\"@type\":\"EntryPoint\",\"urlTemplate\":\"https:\\\/\\\/hairdeluxe.ee\\\/fi\\\/?s={search_term_string}\"},\"query-input\":{\"@type\":\"PropertyValueSpecification\",\"valueRequired\":true,\"valueName\":\"search_term_string\"}}],\"inLanguage\":\"fi\"},{\"@type\":\"Organization\",\"@id\":\"https:\\\/\\\/hairdeluxe.ee\\\/fi\\\/#organization\",\"name\":\"Hair Deluxe\",\"url\":\"https:\\\/\\\/hairdeluxe.ee\\\/fi\\\/\",\"logo\":{\"@type\":\"ImageObject\",\"inLanguage\":\"fi\",\"@id\":\"https:\\\/\\\/hairdeluxe.ee\\\/fi\\\/#\\\/schema\\\/logo\\\/image\\\/\",\"url\":\"https:\\\/\\\/hairdeluxe.ee\\\/wp-content\\\/uploads\\\/2024\\\/06\\\/Hair-Deluxe-Logo-Dark-font.png\",\"contentUrl\":\"https:\\\/\\\/hairdeluxe.ee\\\/wp-content\\\/uploads\\\/2024\\\/06\\\/Hair-Deluxe-Logo-Dark-font.png\",\"width\":467,\"height\":177,\"caption\":\"Hair Deluxe\"},\"image\":{\"@id\":\"https:\\\/\\\/hairdeluxe.ee\\\/fi\\\/#\\\/schema\\\/logo\\\/image\\\/\"},\"sameAs\":[\"https:\\\/\\\/www.facebook.com\\\/blowbartallinn\",\"https:\\\/\\\/www.instagram.com\\\/blowbar_tallinn\"]}]}<\/script>\n<!-- \/ Yoast SEO plugin. -->","yoast_head_json":{"title":"BALMAIN tugeva hoidvusega juuksegeel \/ Styling Gel Strong 100ml - Hair Deluxe","robots":{"index":"index","follow":"follow","max-snippet":"max-snippet:-1","max-image-preview":"max-image-preview:large","max-video-preview":"max-video-preview:-1"},"canonical":"https:\/\/hairdeluxe.ee\/fi\/product\/balmain-tugeva-hoidvusega-juuksegeel-styling-gel-strong-100ml\/","og_locale":"fi_FI","og_type":"article","og_title":"BALMAIN tugeva hoidvusega juuksegeel \/ Styling Gel Strong 100ml - Hair Deluxe","og_description":"Tugev viimistlusgeel annab soengule maksimaalse hoidvuse. Kerge tekstuuriga geel pakub loominguvabadust trendikate ning kauap\u00fcsivate soengute loomisel. Veega h\u00f5lpsasti mahapestav. Siidiproteiin ja argaania\u00f5li stimuleerivad juustes optimaalse niiskustasakaalu s\u00e4ilimist \u2013 taastavad ja kaitsevad kahjustunud, kuivi ja n\u00f5rkasid juukseid keskkonnategurite kahjuliku m\u00f5ju eest. Balmain Hair sigrnatuurl\u00f5hnaga.  Kasutamine: Kanda v\u00e4ike kogus viimistlusgeeli s\u00f5rmeotstele, viimistleda.  Soovitus: Pikkadel juustel kauap\u00fcsiva sileda soengu saavutamiseks kammida \u00e4sjapestud juuksed kammiga l\u00e4bi. Seej\u00e4rel kanda peale Styling Gel Strong\u2019i ja kammida juuksed \u00fcle pea suunaga tahapoole, kuni saavutatakse soovitud tulemus.  Kogus: 100ml  https:\/\/www.youtube.com\/watch?v=FmWyYwk7rTs","og_url":"https:\/\/hairdeluxe.ee\/fi\/product\/balmain-tugeva-hoidvusega-juuksegeel-styling-gel-strong-100ml\/","og_site_name":"Hair Deluxe","article_publisher":"https:\/\/www.facebook.com\/blowbartallinn","article_modified_time":"2025-03-18T19:22:32+00:00","og_image":[{"width":800,"height":800,"url":"https:\/\/hairdeluxe.ee\/wp-content\/uploads\/2021\/03\/gel-strong.jpg","type":"image\/jpeg"}],"twitter_card":"summary_large_image","schema":{"@context":"https:\/\/schema.org","@graph":[{"@type":"WebPage","@id":"https:\/\/hairdeluxe.ee\/fi\/product\/balmain-tugeva-hoidvusega-juuksegeel-styling-gel-strong-100ml\/","url":"https:\/\/hairdeluxe.ee\/fi\/product\/balmain-tugeva-hoidvusega-juuksegeel-styling-gel-strong-100ml\/","name":"BALMAIN tugeva hoidvusega juuksegeel \/ Styling Gel Strong 100ml - Hair Deluxe","isPartOf":{"@id":"https:\/\/hairdeluxe.ee\/fi\/#website"},"primaryImageOfPage":{"@id":"https:\/\/hairdeluxe.ee\/fi\/product\/balmain-tugeva-hoidvusega-juuksegeel-styling-gel-strong-100ml\/#primaryimage"},"image":{"@id":"https:\/\/hairdeluxe.ee\/fi\/product\/balmain-tugeva-hoidvusega-juuksegeel-styling-gel-strong-100ml\/#primaryimage"},"thumbnailUrl":"https:\/\/hairdeluxe.ee\/wp-content\/uploads\/2021\/03\/gel-strong.jpg","datePublished":"2024-02-03T07:07:50+00:00","dateModified":"2025-03-18T19:22:32+00:00","breadcrumb":{"@id":"https:\/\/hairdeluxe.ee\/fi\/product\/balmain-tugeva-hoidvusega-juuksegeel-styling-gel-strong-100ml\/#breadcrumb"},"inLanguage":"fi","potentialAction":[{"@type":"ReadAction","target":["https:\/\/hairdeluxe.ee\/fi\/product\/balmain-tugeva-hoidvusega-juuksegeel-styling-gel-strong-100ml\/"]}]},{"@type":"ImageObject","inLanguage":"fi","@id":"https:\/\/hairdeluxe.ee\/fi\/product\/balmain-tugeva-hoidvusega-juuksegeel-styling-gel-strong-100ml\/#primaryimage","url":"https:\/\/hairdeluxe.ee\/wp-content\/uploads\/2021\/03\/gel-strong.jpg","contentUrl":"https:\/\/hairdeluxe.ee\/wp-content\/uploads\/2021\/03\/gel-strong.jpg","width":800,"height":800},{"@type":"BreadcrumbList","@id":"https:\/\/hairdeluxe.ee\/fi\/product\/balmain-tugeva-hoidvusega-juuksegeel-styling-gel-strong-100ml\/#breadcrumb","itemListElement":[{"@type":"ListItem","position":1,"name":"Home","item":"https:\/\/hairdeluxe.ee\/fi\/"},{"@type":"ListItem","position":2,"name":"Kauppa","item":"https:\/\/hairdeluxe.ee\/fi\/shop\/"},{"@type":"ListItem","position":3,"name":"BALMAIN tugeva hoidvusega juuksegeel \/ Styling Gel Strong 100ml"}]},{"@type":"WebSite","@id":"https:\/\/hairdeluxe.ee\/fi\/#website","url":"https:\/\/hairdeluxe.ee\/fi\/","name":"Hair Deluxe","description":"Highlight your natural beauty","publisher":{"@id":"https:\/\/hairdeluxe.ee\/fi\/#organization"},"potentialAction":[{"@type":"SearchAction","target":{"@type":"EntryPoint","urlTemplate":"https:\/\/hairdeluxe.ee\/fi\/?s={search_term_string}"},"query-input":{"@type":"PropertyValueSpecification","valueRequired":true,"valueName":"search_term_string"}}],"inLanguage":"fi"},{"@type":"Organization","@id":"https:\/\/hairdeluxe.ee\/fi\/#organization","name":"Hair Deluxe","url":"https:\/\/hairdeluxe.ee\/fi\/","logo":{"@type":"ImageObject","inLanguage":"fi","@id":"https:\/\/hairdeluxe.ee\/fi\/#\/schema\/logo\/image\/","url":"https:\/\/hairdeluxe.ee\/wp-content\/uploads\/2024\/06\/Hair-Deluxe-Logo-Dark-font.png","contentUrl":"https:\/\/hairdeluxe.ee\/wp-content\/uploads\/2024\/06\/Hair-Deluxe-Logo-Dark-font.png","width":467,"height":177,"caption":"Hair Deluxe"},"image":{"@id":"https:\/\/hairdeluxe.ee\/fi\/#\/schema\/logo\/image\/"},"sameAs":["https:\/\/www.facebook.com\/blowbartallinn","https:\/\/www.instagram.com\/blowbar_tallinn"]}]}},"_links":{"self":[{"href":"https:\/\/hairdeluxe.ee\/fi\/wp-json\/wp\/v2\/product\/34995","targetHints":{"allow":["GET"]}}],"collection":[{"href":"https:\/\/hairdeluxe.ee\/fi\/wp-json\/wp\/v2\/product"}],"about":[{"href":"https:\/\/hairdeluxe.ee\/fi\/wp-json\/wp\/v2\/types\/product"}],"wp:featuredmedia":[{"embeddable":true,"href":"https:\/\/hairdeluxe.ee\/fi\/wp-json\/wp\/v2\/media\/21735"}],"wp:attachment":[{"href":"https:\/\/hairdeluxe.ee\/fi\/wp-json\/wp\/v2\/media?parent=34995"}],"wp:term":[{"taxonomy":"product_brand","embeddable":true,"href":"https:\/\/hairdeluxe.ee\/fi\/wp-json\/wp\/v2\/product_brand?post=34995"},{"taxonomy":"product_cat","embeddable":true,"href":"https:\/\/hairdeluxe.ee\/fi\/wp-json\/wp\/v2\/product_cat?post=34995"},{"taxonomy":"product_tag","embeddable":true,"href":"https:\/\/hairdeluxe.ee\/fi\/wp-json\/wp\/v2\/product_tag?post=34995"}],"curies":[{"name":"wp","href":"https:\/\/api.w.org\/{rel}","templated":true}]}}