{"id":35023,"date":"2024-02-03T09:08:05","date_gmt":"2024-02-03T07:08:05","guid":{"rendered":"https:\/\/blowbar.ee\/?post_type=product&#038;p=35023"},"modified":"2025-03-18T19:22:32","modified_gmt":"2025-03-18T19:22:32","slug":"balmain-hobedasprei-juuksepikendustele-professional-aftercare-silver-spray-150ml-2","status":"publish","type":"product","link":"https:\/\/hairdeluxe.ee\/fi\/product\/balmain-hobedasprei-juuksepikendustele-professional-aftercare-silver-spray-150ml-2\/","title":{"rendered":"BALMAIN HAIR h\u00f5bedasprei juuksepikendustele \/ Professional Aftercare Silver Spray 150ml"},"content":{"rendered":"<p><em><strong>Koostis:<\/strong>\u00a0aqua, alcohol denat., peg-7 glyceryl cocoate, glycerin, argania spinosa kernel extract, silk amino acids, panthenol, stearamidopropyl dimethylamine, cetrimonium chloride, ethylhexyl methoxycinnamate, benzophenone-4, butylene glycol, parfum, lactic acid, phenoxyethanol ethylhexylglycerin, ci 77891, synthetic fluorphlogopite, peg-12-dimethicone, basic blue 99, basic red 51.<\/em><\/p>\n","protected":false},"excerpt":{"rendered":"<p>Juuksepikenduste ja loomulike juuste ideaalses seisukorras hoidmiseks on v\u00e4ga oluline kasutada spetsiaalselt pikendustega juustele v\u00e4lja t\u00f6\u00f6tatud professionaalseid tooteid.<br \/>\nSilver Spray on spetsiaalselt loodud loomulike juuste ja pikendatud juuste eest hoolitsemiseks.<br \/>\nPuhaste violetsete pigmentidega pihusti neutraliseerib kollakaid v\u00f5i vasekarva toone ja toob esile tuhkjad toonid. Ideaalne loomulike juuste v\u00f5i pikendustega juuste heledamaks muutmiseks.<br \/>\n&#8211; H\u00f5besprei pikendustega juustele<br \/>\n&#8211; Parandab kollasust ja v\u00e4rskendab blonde juukseid<br \/>\n&#8211; Helendab loomulikke juukseid ja 100% inimjuustest juuksepikendusi<\/p>\n<p><strong>Kasutamine:<\/strong>\u00a0Piserdada toodet 20 cm kauguselt m\u00e4rgadele v\u00f5i niisketele juustele. Mitte loputada.<br \/>\nLiigne kasutamine ei ole soovitatav, kuna see annab juustele p\u00fcsivalt s\u00e4ra, mida ei saa v\u00e4lja pesta. Mitte pihustada nahale\/riietele.<\/p>\n<p><strong>Sobilik:<\/strong> K\u00f5ik juukset\u00fc\u00fcbid, pikendused, blondid juuksed<\/p>\n<p>Kogus: 150ml<\/p>\n","protected":false},"featured_media":35599,"template":"","meta":[],"product_brand":[464],"product_cat":[266,231,265,208,126,121,215,155,192],"product_tag":[],"class_list":{"0":"post-35023","1":"product","2":"type-product","3":"status-publish","4":"has-post-thumbnail","6":"product_brand-balmain-hair","7":"product_cat-balmain-hair","8":"product_cat-blondeeritud-juustele","9":"product_cat-brandid","10":"product_cat-juuksehooldus","11":"product_cat-juuksepikendused","12":"product_cat-koik-tooted","13":"product_cat-laige","14":"product_cat-pikenduste-jarelehoolitsus","15":"product_cat-uued-tooted","17":"first","18":"instock","19":"taxable","20":"shipping-taxable","21":"purchasable","22":"product-type-simple","23":"add-to-wishlist-after_add_to_cart"},"yoast_head":"<!-- This site is optimized with the Yoast SEO plugin v27.5 - https:\/\/yoast.com\/product\/yoast-seo-wordpress\/ -->\n<title>BALMAIN HAIR h\u00f5bedasprei juuksepikendustele \/ Professional Aftercare Silver Spray 150ml - Hair Deluxe<\/title>\n<meta name=\"robots\" content=\"index, follow, max-snippet:-1, max-image-preview:large, max-video-preview:-1\" \/>\n<link rel=\"canonical\" href=\"https:\/\/hairdeluxe.ee\/fi\/product\/balmain-hobedasprei-juuksepikendustele-professional-aftercare-silver-spray-150ml-2\/\" \/>\n<meta property=\"og:locale\" content=\"fi_FI\" \/>\n<meta property=\"og:type\" content=\"article\" \/>\n<meta property=\"og:title\" content=\"BALMAIN HAIR h\u00f5bedasprei juuksepikendustele \/ Professional Aftercare Silver Spray 150ml - Hair Deluxe\" \/>\n<meta property=\"og:description\" content=\"Juuksepikenduste ja loomulike juuste ideaalses seisukorras hoidmiseks on v\u00e4ga oluline kasutada spetsiaalselt pikendustega juustele v\u00e4lja t\u00f6\u00f6tatud professionaalseid tooteid. Silver Spray on spetsiaalselt loodud loomulike juuste ja pikendatud juuste eest hoolitsemiseks. Puhaste violetsete pigmentidega pihusti neutraliseerib kollakaid v\u00f5i vasekarva toone ja toob esile tuhkjad toonid. Ideaalne loomulike juuste v\u00f5i pikendustega juuste heledamaks muutmiseks. - H\u00f5besprei pikendustega juustele - Parandab kollasust ja v\u00e4rskendab blonde juukseid - Helendab loomulikke juukseid ja 100% inimjuustest juuksepikendusi  Kasutamine:\u00a0Piserdada toodet 20 cm kauguselt m\u00e4rgadele v\u00f5i niisketele juustele. Mitte loputada. Liigne kasutamine ei ole soovitatav, kuna see annab juustele p\u00fcsivalt s\u00e4ra, mida ei saa v\u00e4lja pesta. Mitte pihustada nahale\/riietele.  Sobilik: K\u00f5ik juukset\u00fc\u00fcbid, pikendused, blondid juuksed  Kogus: 150ml\" \/>\n<meta property=\"og:url\" content=\"https:\/\/hairdeluxe.ee\/fi\/product\/balmain-hobedasprei-juuksepikendustele-professional-aftercare-silver-spray-150ml-2\/\" \/>\n<meta property=\"og:site_name\" content=\"Hair Deluxe\" \/>\n<meta property=\"article:publisher\" content=\"https:\/\/www.facebook.com\/blowbartallinn\" \/>\n<meta property=\"article:modified_time\" content=\"2025-03-18T19:22:32+00:00\" \/>\n<meta property=\"og:image\" content=\"https:\/\/hairdeluxe.ee\/wp-content\/uploads\/2024\/02\/webitem_silverspray_9326.jpg\" \/>\n\t<meta property=\"og:image:width\" content=\"800\" \/>\n\t<meta property=\"og:image:height\" content=\"800\" \/>\n\t<meta property=\"og:image:type\" content=\"image\/jpeg\" \/>\n<meta name=\"twitter:card\" content=\"summary_large_image\" \/>\n<script type=\"application\/ld+json\" class=\"yoast-schema-graph\">{\"@context\":\"https:\\\/\\\/schema.org\",\"@graph\":[{\"@type\":\"WebPage\",\"@id\":\"https:\\\/\\\/hairdeluxe.ee\\\/fi\\\/product\\\/balmain-hobedasprei-juuksepikendustele-professional-aftercare-silver-spray-150ml-2\\\/\",\"url\":\"https:\\\/\\\/hairdeluxe.ee\\\/fi\\\/product\\\/balmain-hobedasprei-juuksepikendustele-professional-aftercare-silver-spray-150ml-2\\\/\",\"name\":\"BALMAIN HAIR h\u00f5bedasprei juuksepikendustele \\\/ Professional Aftercare Silver Spray 150ml - Hair Deluxe\",\"isPartOf\":{\"@id\":\"https:\\\/\\\/hairdeluxe.ee\\\/fi\\\/#website\"},\"primaryImageOfPage\":{\"@id\":\"https:\\\/\\\/hairdeluxe.ee\\\/fi\\\/product\\\/balmain-hobedasprei-juuksepikendustele-professional-aftercare-silver-spray-150ml-2\\\/#primaryimage\"},\"image\":{\"@id\":\"https:\\\/\\\/hairdeluxe.ee\\\/fi\\\/product\\\/balmain-hobedasprei-juuksepikendustele-professional-aftercare-silver-spray-150ml-2\\\/#primaryimage\"},\"thumbnailUrl\":\"https:\\\/\\\/hairdeluxe.ee\\\/wp-content\\\/uploads\\\/2024\\\/02\\\/webitem_silverspray_9326.jpg\",\"datePublished\":\"2024-02-03T07:08:05+00:00\",\"dateModified\":\"2025-03-18T19:22:32+00:00\",\"breadcrumb\":{\"@id\":\"https:\\\/\\\/hairdeluxe.ee\\\/fi\\\/product\\\/balmain-hobedasprei-juuksepikendustele-professional-aftercare-silver-spray-150ml-2\\\/#breadcrumb\"},\"inLanguage\":\"fi\",\"potentialAction\":[{\"@type\":\"ReadAction\",\"target\":[\"https:\\\/\\\/hairdeluxe.ee\\\/fi\\\/product\\\/balmain-hobedasprei-juuksepikendustele-professional-aftercare-silver-spray-150ml-2\\\/\"]}]},{\"@type\":\"ImageObject\",\"inLanguage\":\"fi\",\"@id\":\"https:\\\/\\\/hairdeluxe.ee\\\/fi\\\/product\\\/balmain-hobedasprei-juuksepikendustele-professional-aftercare-silver-spray-150ml-2\\\/#primaryimage\",\"url\":\"https:\\\/\\\/hairdeluxe.ee\\\/wp-content\\\/uploads\\\/2024\\\/02\\\/webitem_silverspray_9326.jpg\",\"contentUrl\":\"https:\\\/\\\/hairdeluxe.ee\\\/wp-content\\\/uploads\\\/2024\\\/02\\\/webitem_silverspray_9326.jpg\",\"width\":800,\"height\":800},{\"@type\":\"BreadcrumbList\",\"@id\":\"https:\\\/\\\/hairdeluxe.ee\\\/fi\\\/product\\\/balmain-hobedasprei-juuksepikendustele-professional-aftercare-silver-spray-150ml-2\\\/#breadcrumb\",\"itemListElement\":[{\"@type\":\"ListItem\",\"position\":1,\"name\":\"Home\",\"item\":\"https:\\\/\\\/hairdeluxe.ee\\\/fi\\\/\"},{\"@type\":\"ListItem\",\"position\":2,\"name\":\"Kauppa\",\"item\":\"https:\\\/\\\/hairdeluxe.ee\\\/fi\\\/shop\\\/\"},{\"@type\":\"ListItem\",\"position\":3,\"name\":\"BALMAIN HAIR h\u00f5bedasprei juuksepikendustele \\\/ Professional Aftercare Silver Spray 150ml\"}]},{\"@type\":\"WebSite\",\"@id\":\"https:\\\/\\\/hairdeluxe.ee\\\/fi\\\/#website\",\"url\":\"https:\\\/\\\/hairdeluxe.ee\\\/fi\\\/\",\"name\":\"Hair Deluxe\",\"description\":\"Highlight your natural beauty\",\"publisher\":{\"@id\":\"https:\\\/\\\/hairdeluxe.ee\\\/fi\\\/#organization\"},\"potentialAction\":[{\"@type\":\"SearchAction\",\"target\":{\"@type\":\"EntryPoint\",\"urlTemplate\":\"https:\\\/\\\/hairdeluxe.ee\\\/fi\\\/?s={search_term_string}\"},\"query-input\":{\"@type\":\"PropertyValueSpecification\",\"valueRequired\":true,\"valueName\":\"search_term_string\"}}],\"inLanguage\":\"fi\"},{\"@type\":\"Organization\",\"@id\":\"https:\\\/\\\/hairdeluxe.ee\\\/fi\\\/#organization\",\"name\":\"Hair Deluxe\",\"url\":\"https:\\\/\\\/hairdeluxe.ee\\\/fi\\\/\",\"logo\":{\"@type\":\"ImageObject\",\"inLanguage\":\"fi\",\"@id\":\"https:\\\/\\\/hairdeluxe.ee\\\/fi\\\/#\\\/schema\\\/logo\\\/image\\\/\",\"url\":\"https:\\\/\\\/hairdeluxe.ee\\\/wp-content\\\/uploads\\\/2024\\\/06\\\/Hair-Deluxe-Logo-Dark-font.png\",\"contentUrl\":\"https:\\\/\\\/hairdeluxe.ee\\\/wp-content\\\/uploads\\\/2024\\\/06\\\/Hair-Deluxe-Logo-Dark-font.png\",\"width\":467,\"height\":177,\"caption\":\"Hair Deluxe\"},\"image\":{\"@id\":\"https:\\\/\\\/hairdeluxe.ee\\\/fi\\\/#\\\/schema\\\/logo\\\/image\\\/\"},\"sameAs\":[\"https:\\\/\\\/www.facebook.com\\\/blowbartallinn\",\"https:\\\/\\\/www.instagram.com\\\/blowbar_tallinn\"]}]}<\/script>\n<!-- \/ Yoast SEO plugin. -->","yoast_head_json":{"title":"BALMAIN HAIR h\u00f5bedasprei juuksepikendustele \/ Professional Aftercare Silver Spray 150ml - Hair Deluxe","robots":{"index":"index","follow":"follow","max-snippet":"max-snippet:-1","max-image-preview":"max-image-preview:large","max-video-preview":"max-video-preview:-1"},"canonical":"https:\/\/hairdeluxe.ee\/fi\/product\/balmain-hobedasprei-juuksepikendustele-professional-aftercare-silver-spray-150ml-2\/","og_locale":"fi_FI","og_type":"article","og_title":"BALMAIN HAIR h\u00f5bedasprei juuksepikendustele \/ Professional Aftercare Silver Spray 150ml - Hair Deluxe","og_description":"Juuksepikenduste ja loomulike juuste ideaalses seisukorras hoidmiseks on v\u00e4ga oluline kasutada spetsiaalselt pikendustega juustele v\u00e4lja t\u00f6\u00f6tatud professionaalseid tooteid. Silver Spray on spetsiaalselt loodud loomulike juuste ja pikendatud juuste eest hoolitsemiseks. Puhaste violetsete pigmentidega pihusti neutraliseerib kollakaid v\u00f5i vasekarva toone ja toob esile tuhkjad toonid. Ideaalne loomulike juuste v\u00f5i pikendustega juuste heledamaks muutmiseks. - H\u00f5besprei pikendustega juustele - Parandab kollasust ja v\u00e4rskendab blonde juukseid - Helendab loomulikke juukseid ja 100% inimjuustest juuksepikendusi  Kasutamine:\u00a0Piserdada toodet 20 cm kauguselt m\u00e4rgadele v\u00f5i niisketele juustele. Mitte loputada. Liigne kasutamine ei ole soovitatav, kuna see annab juustele p\u00fcsivalt s\u00e4ra, mida ei saa v\u00e4lja pesta. Mitte pihustada nahale\/riietele.  Sobilik: K\u00f5ik juukset\u00fc\u00fcbid, pikendused, blondid juuksed  Kogus: 150ml","og_url":"https:\/\/hairdeluxe.ee\/fi\/product\/balmain-hobedasprei-juuksepikendustele-professional-aftercare-silver-spray-150ml-2\/","og_site_name":"Hair Deluxe","article_publisher":"https:\/\/www.facebook.com\/blowbartallinn","article_modified_time":"2025-03-18T19:22:32+00:00","og_image":[{"width":800,"height":800,"url":"https:\/\/hairdeluxe.ee\/wp-content\/uploads\/2024\/02\/webitem_silverspray_9326.jpg","type":"image\/jpeg"}],"twitter_card":"summary_large_image","schema":{"@context":"https:\/\/schema.org","@graph":[{"@type":"WebPage","@id":"https:\/\/hairdeluxe.ee\/fi\/product\/balmain-hobedasprei-juuksepikendustele-professional-aftercare-silver-spray-150ml-2\/","url":"https:\/\/hairdeluxe.ee\/fi\/product\/balmain-hobedasprei-juuksepikendustele-professional-aftercare-silver-spray-150ml-2\/","name":"BALMAIN HAIR h\u00f5bedasprei juuksepikendustele \/ Professional Aftercare Silver Spray 150ml - Hair Deluxe","isPartOf":{"@id":"https:\/\/hairdeluxe.ee\/fi\/#website"},"primaryImageOfPage":{"@id":"https:\/\/hairdeluxe.ee\/fi\/product\/balmain-hobedasprei-juuksepikendustele-professional-aftercare-silver-spray-150ml-2\/#primaryimage"},"image":{"@id":"https:\/\/hairdeluxe.ee\/fi\/product\/balmain-hobedasprei-juuksepikendustele-professional-aftercare-silver-spray-150ml-2\/#primaryimage"},"thumbnailUrl":"https:\/\/hairdeluxe.ee\/wp-content\/uploads\/2024\/02\/webitem_silverspray_9326.jpg","datePublished":"2024-02-03T07:08:05+00:00","dateModified":"2025-03-18T19:22:32+00:00","breadcrumb":{"@id":"https:\/\/hairdeluxe.ee\/fi\/product\/balmain-hobedasprei-juuksepikendustele-professional-aftercare-silver-spray-150ml-2\/#breadcrumb"},"inLanguage":"fi","potentialAction":[{"@type":"ReadAction","target":["https:\/\/hairdeluxe.ee\/fi\/product\/balmain-hobedasprei-juuksepikendustele-professional-aftercare-silver-spray-150ml-2\/"]}]},{"@type":"ImageObject","inLanguage":"fi","@id":"https:\/\/hairdeluxe.ee\/fi\/product\/balmain-hobedasprei-juuksepikendustele-professional-aftercare-silver-spray-150ml-2\/#primaryimage","url":"https:\/\/hairdeluxe.ee\/wp-content\/uploads\/2024\/02\/webitem_silverspray_9326.jpg","contentUrl":"https:\/\/hairdeluxe.ee\/wp-content\/uploads\/2024\/02\/webitem_silverspray_9326.jpg","width":800,"height":800},{"@type":"BreadcrumbList","@id":"https:\/\/hairdeluxe.ee\/fi\/product\/balmain-hobedasprei-juuksepikendustele-professional-aftercare-silver-spray-150ml-2\/#breadcrumb","itemListElement":[{"@type":"ListItem","position":1,"name":"Home","item":"https:\/\/hairdeluxe.ee\/fi\/"},{"@type":"ListItem","position":2,"name":"Kauppa","item":"https:\/\/hairdeluxe.ee\/fi\/shop\/"},{"@type":"ListItem","position":3,"name":"BALMAIN HAIR h\u00f5bedasprei juuksepikendustele \/ Professional Aftercare Silver Spray 150ml"}]},{"@type":"WebSite","@id":"https:\/\/hairdeluxe.ee\/fi\/#website","url":"https:\/\/hairdeluxe.ee\/fi\/","name":"Hair Deluxe","description":"Highlight your natural beauty","publisher":{"@id":"https:\/\/hairdeluxe.ee\/fi\/#organization"},"potentialAction":[{"@type":"SearchAction","target":{"@type":"EntryPoint","urlTemplate":"https:\/\/hairdeluxe.ee\/fi\/?s={search_term_string}"},"query-input":{"@type":"PropertyValueSpecification","valueRequired":true,"valueName":"search_term_string"}}],"inLanguage":"fi"},{"@type":"Organization","@id":"https:\/\/hairdeluxe.ee\/fi\/#organization","name":"Hair Deluxe","url":"https:\/\/hairdeluxe.ee\/fi\/","logo":{"@type":"ImageObject","inLanguage":"fi","@id":"https:\/\/hairdeluxe.ee\/fi\/#\/schema\/logo\/image\/","url":"https:\/\/hairdeluxe.ee\/wp-content\/uploads\/2024\/06\/Hair-Deluxe-Logo-Dark-font.png","contentUrl":"https:\/\/hairdeluxe.ee\/wp-content\/uploads\/2024\/06\/Hair-Deluxe-Logo-Dark-font.png","width":467,"height":177,"caption":"Hair Deluxe"},"image":{"@id":"https:\/\/hairdeluxe.ee\/fi\/#\/schema\/logo\/image\/"},"sameAs":["https:\/\/www.facebook.com\/blowbartallinn","https:\/\/www.instagram.com\/blowbar_tallinn"]}]}},"_links":{"self":[{"href":"https:\/\/hairdeluxe.ee\/fi\/wp-json\/wp\/v2\/product\/35023","targetHints":{"allow":["GET"]}}],"collection":[{"href":"https:\/\/hairdeluxe.ee\/fi\/wp-json\/wp\/v2\/product"}],"about":[{"href":"https:\/\/hairdeluxe.ee\/fi\/wp-json\/wp\/v2\/types\/product"}],"wp:featuredmedia":[{"embeddable":true,"href":"https:\/\/hairdeluxe.ee\/fi\/wp-json\/wp\/v2\/media\/35599"}],"wp:attachment":[{"href":"https:\/\/hairdeluxe.ee\/fi\/wp-json\/wp\/v2\/media?parent=35023"}],"wp:term":[{"taxonomy":"product_brand","embeddable":true,"href":"https:\/\/hairdeluxe.ee\/fi\/wp-json\/wp\/v2\/product_brand?post=35023"},{"taxonomy":"product_cat","embeddable":true,"href":"https:\/\/hairdeluxe.ee\/fi\/wp-json\/wp\/v2\/product_cat?post=35023"},{"taxonomy":"product_tag","embeddable":true,"href":"https:\/\/hairdeluxe.ee\/fi\/wp-json\/wp\/v2\/product_tag?post=35023"}],"curies":[{"name":"wp","href":"https:\/\/api.w.org\/{rel}","templated":true}]}}