{"id":35200,"date":"2024-02-03T09:10:45","date_gmt":"2024-02-03T07:10:45","guid":{"rendered":"https:\/\/blowbar.ee\/toode\/balmain-hair-professionaalne-viimistluse-kamm-juuksurile-tail-comb-black-white\/"},"modified":"2025-03-18T19:22:30","modified_gmt":"2025-03-18T19:22:30","slug":"balmain-professionaalne-viimistluse-kamm-juuksurile-tail-comb-black-white","status":"publish","type":"product","link":"https:\/\/hairdeluxe.ee\/fi\/product\/balmain-professionaalne-viimistluse-kamm-juuksurile-tail-comb-black-white\/","title":{"rendered":"BALMAIN HAIR professionaalne viimistluse kamm juuksurile \/ Tail Comb Black &#038; White"},"content":{"rendered":"","protected":false},"excerpt":{"rendered":"<p id=\"tw-target-text\" class=\"tw-data-text tw-text-large XcVN5d tw-ta\" dir=\"ltr\" data-placeholder=\"Translation\">Spetsiaalselt juuksuri t\u00f6\u00f6vahendiks v\u00e4lja t\u00f6\u00f6tatud kamm, mis tagab kvaliteetse viimistluse.<br \/>\nK\u00e4sitsi j\u00e4relt\u00f6\u00f6deldud ja poleeritud professionaalne kamm tagab mugava l\u00f5ikamise ja stiliseerimise.<br \/>\nKamm on valmistatud vastupidavast, antistaatiliste omadustega tselluloosatsetaadist.<br \/>\nErinevalt survevaluga valmistatud kammidest, kammid poleeritakse ja j\u00e4relt\u00f6\u00f6deldakse k\u00e4sitsi, et tagada kammipiide maksimaalne siledus ja v\u00e4ltida teravaid servasid. J\u00e4relt\u00f6\u00f6tlus ja poleerimine v\u00e4ldivad juuste kahjustamist. Sobib k\u00f5igile soengutele.<br \/>\nIdeaalne juuste l\u00f5ikamiseks, t\u00f5stmiseks ja tupeerimiseks.<br \/>\n\u2013 Vastupidav tselluloosatsetaat<br \/>\n\u2013 Antistaatilised omadused<br \/>\n\u2013 K\u00e4sitsi j\u00e4relt\u00f6\u00f6deldud ja poleeritud<\/p>\n<p class=\"tw-data-text tw-text-large XcVN5d tw-ta\" dir=\"ltr\" data-placeholder=\"Translation\">Kollektsiooni kuuluvad veel: Tekstuurikamm | Kontuurkamm | L\u00f5ikekamm | Sabaga kamm | V\u00e4rvikamm<\/p>\n","protected":false},"featured_media":35196,"template":"","meta":[],"product_brand":[464],"product_cat":[266,265,128,121],"product_tag":[],"class_list":{"0":"post-35200","1":"product","2":"type-product","3":"status-publish","4":"has-post-thumbnail","6":"product_brand-balmain-hair","7":"product_cat-balmain-hair","8":"product_cat-brandid","9":"product_cat-kammid-harjad","10":"product_cat-koik-tooted","12":"first","13":"instock","14":"taxable","15":"shipping-taxable","16":"purchasable","17":"product-type-simple","18":"add-to-wishlist-after_add_to_cart"},"yoast_head":"<!-- This site is optimized with the Yoast SEO plugin v27.5 - https:\/\/yoast.com\/product\/yoast-seo-wordpress\/ -->\n<title>BALMAIN HAIR professionaalne viimistluse kamm juuksurile \/ Tail Comb Black &amp; White - Hair Deluxe<\/title>\n<meta name=\"robots\" content=\"index, follow, max-snippet:-1, max-image-preview:large, max-video-preview:-1\" \/>\n<link rel=\"canonical\" href=\"https:\/\/hairdeluxe.ee\/fi\/product\/balmain-professionaalne-viimistluse-kamm-juuksurile-tail-comb-black-white\/\" \/>\n<meta property=\"og:locale\" content=\"fi_FI\" \/>\n<meta property=\"og:type\" content=\"article\" \/>\n<meta property=\"og:title\" content=\"BALMAIN HAIR professionaalne viimistluse kamm juuksurile \/ Tail Comb Black &amp; White - Hair Deluxe\" \/>\n<meta property=\"og:description\" content=\"Spetsiaalselt juuksuri t\u00f6\u00f6vahendiks v\u00e4lja t\u00f6\u00f6tatud kamm, mis tagab kvaliteetse viimistluse. K\u00e4sitsi j\u00e4relt\u00f6\u00f6deldud ja poleeritud professionaalne kamm tagab mugava l\u00f5ikamise ja stiliseerimise. Kamm on valmistatud vastupidavast, antistaatiliste omadustega tselluloosatsetaadist. Erinevalt survevaluga valmistatud kammidest, kammid poleeritakse ja j\u00e4relt\u00f6\u00f6deldakse k\u00e4sitsi, et tagada kammipiide maksimaalne siledus ja v\u00e4ltida teravaid servasid. J\u00e4relt\u00f6\u00f6tlus ja poleerimine v\u00e4ldivad juuste kahjustamist. Sobib k\u00f5igile soengutele. Ideaalne juuste l\u00f5ikamiseks, t\u00f5stmiseks ja tupeerimiseks. \u2013 Vastupidav tselluloosatsetaat \u2013 Antistaatilised omadused \u2013 K\u00e4sitsi j\u00e4relt\u00f6\u00f6deldud ja poleeritud Kollektsiooni kuuluvad veel: Tekstuurikamm | Kontuurkamm | L\u00f5ikekamm | Sabaga kamm | V\u00e4rvikamm\" \/>\n<meta property=\"og:url\" content=\"https:\/\/hairdeluxe.ee\/fi\/product\/balmain-professionaalne-viimistluse-kamm-juuksurile-tail-comb-black-white\/\" \/>\n<meta property=\"og:site_name\" content=\"Hair Deluxe\" \/>\n<meta property=\"article:publisher\" content=\"https:\/\/www.facebook.com\/blowbartallinn\" \/>\n<meta property=\"article:modified_time\" content=\"2025-03-18T19:22:30+00:00\" \/>\n<meta property=\"og:image\" content=\"https:\/\/hairdeluxe.ee\/wp-content\/uploads\/2024\/02\/balmainhair_tools_tailcomb_black_800x800_1.jpg\" \/>\n\t<meta property=\"og:image:width\" content=\"800\" \/>\n\t<meta property=\"og:image:height\" content=\"800\" \/>\n\t<meta property=\"og:image:type\" content=\"image\/jpeg\" \/>\n<meta name=\"twitter:card\" content=\"summary_large_image\" \/>\n<script type=\"application\/ld+json\" class=\"yoast-schema-graph\">{\"@context\":\"https:\\\/\\\/schema.org\",\"@graph\":[{\"@type\":\"WebPage\",\"@id\":\"https:\\\/\\\/hairdeluxe.ee\\\/fi\\\/product\\\/balmain-professionaalne-viimistluse-kamm-juuksurile-tail-comb-black-white\\\/\",\"url\":\"https:\\\/\\\/hairdeluxe.ee\\\/fi\\\/product\\\/balmain-professionaalne-viimistluse-kamm-juuksurile-tail-comb-black-white\\\/\",\"name\":\"BALMAIN HAIR professionaalne viimistluse kamm juuksurile \\\/ Tail Comb Black & White - Hair Deluxe\",\"isPartOf\":{\"@id\":\"https:\\\/\\\/hairdeluxe.ee\\\/fi\\\/#website\"},\"primaryImageOfPage\":{\"@id\":\"https:\\\/\\\/hairdeluxe.ee\\\/fi\\\/product\\\/balmain-professionaalne-viimistluse-kamm-juuksurile-tail-comb-black-white\\\/#primaryimage\"},\"image\":{\"@id\":\"https:\\\/\\\/hairdeluxe.ee\\\/fi\\\/product\\\/balmain-professionaalne-viimistluse-kamm-juuksurile-tail-comb-black-white\\\/#primaryimage\"},\"thumbnailUrl\":\"https:\\\/\\\/hairdeluxe.ee\\\/wp-content\\\/uploads\\\/2024\\\/02\\\/balmainhair_tools_tailcomb_black_800x800_1.jpg\",\"datePublished\":\"2024-02-03T07:10:45+00:00\",\"dateModified\":\"2025-03-18T19:22:30+00:00\",\"breadcrumb\":{\"@id\":\"https:\\\/\\\/hairdeluxe.ee\\\/fi\\\/product\\\/balmain-professionaalne-viimistluse-kamm-juuksurile-tail-comb-black-white\\\/#breadcrumb\"},\"inLanguage\":\"fi\",\"potentialAction\":[{\"@type\":\"ReadAction\",\"target\":[\"https:\\\/\\\/hairdeluxe.ee\\\/fi\\\/product\\\/balmain-professionaalne-viimistluse-kamm-juuksurile-tail-comb-black-white\\\/\"]}]},{\"@type\":\"ImageObject\",\"inLanguage\":\"fi\",\"@id\":\"https:\\\/\\\/hairdeluxe.ee\\\/fi\\\/product\\\/balmain-professionaalne-viimistluse-kamm-juuksurile-tail-comb-black-white\\\/#primaryimage\",\"url\":\"https:\\\/\\\/hairdeluxe.ee\\\/wp-content\\\/uploads\\\/2024\\\/02\\\/balmainhair_tools_tailcomb_black_800x800_1.jpg\",\"contentUrl\":\"https:\\\/\\\/hairdeluxe.ee\\\/wp-content\\\/uploads\\\/2024\\\/02\\\/balmainhair_tools_tailcomb_black_800x800_1.jpg\",\"width\":800,\"height\":800},{\"@type\":\"BreadcrumbList\",\"@id\":\"https:\\\/\\\/hairdeluxe.ee\\\/fi\\\/product\\\/balmain-professionaalne-viimistluse-kamm-juuksurile-tail-comb-black-white\\\/#breadcrumb\",\"itemListElement\":[{\"@type\":\"ListItem\",\"position\":1,\"name\":\"Home\",\"item\":\"https:\\\/\\\/hairdeluxe.ee\\\/fi\\\/\"},{\"@type\":\"ListItem\",\"position\":2,\"name\":\"Kauppa\",\"item\":\"https:\\\/\\\/hairdeluxe.ee\\\/fi\\\/shop\\\/\"},{\"@type\":\"ListItem\",\"position\":3,\"name\":\"BALMAIN HAIR professionaalne viimistluse kamm juuksurile \\\/ Tail Comb Black &#038; White\"}]},{\"@type\":\"WebSite\",\"@id\":\"https:\\\/\\\/hairdeluxe.ee\\\/fi\\\/#website\",\"url\":\"https:\\\/\\\/hairdeluxe.ee\\\/fi\\\/\",\"name\":\"Hair Deluxe\",\"description\":\"Highlight your natural beauty\",\"publisher\":{\"@id\":\"https:\\\/\\\/hairdeluxe.ee\\\/fi\\\/#organization\"},\"potentialAction\":[{\"@type\":\"SearchAction\",\"target\":{\"@type\":\"EntryPoint\",\"urlTemplate\":\"https:\\\/\\\/hairdeluxe.ee\\\/fi\\\/?s={search_term_string}\"},\"query-input\":{\"@type\":\"PropertyValueSpecification\",\"valueRequired\":true,\"valueName\":\"search_term_string\"}}],\"inLanguage\":\"fi\"},{\"@type\":\"Organization\",\"@id\":\"https:\\\/\\\/hairdeluxe.ee\\\/fi\\\/#organization\",\"name\":\"Hair Deluxe\",\"url\":\"https:\\\/\\\/hairdeluxe.ee\\\/fi\\\/\",\"logo\":{\"@type\":\"ImageObject\",\"inLanguage\":\"fi\",\"@id\":\"https:\\\/\\\/hairdeluxe.ee\\\/fi\\\/#\\\/schema\\\/logo\\\/image\\\/\",\"url\":\"https:\\\/\\\/hairdeluxe.ee\\\/wp-content\\\/uploads\\\/2024\\\/06\\\/Hair-Deluxe-Logo-Dark-font.png\",\"contentUrl\":\"https:\\\/\\\/hairdeluxe.ee\\\/wp-content\\\/uploads\\\/2024\\\/06\\\/Hair-Deluxe-Logo-Dark-font.png\",\"width\":467,\"height\":177,\"caption\":\"Hair Deluxe\"},\"image\":{\"@id\":\"https:\\\/\\\/hairdeluxe.ee\\\/fi\\\/#\\\/schema\\\/logo\\\/image\\\/\"},\"sameAs\":[\"https:\\\/\\\/www.facebook.com\\\/blowbartallinn\",\"https:\\\/\\\/www.instagram.com\\\/blowbar_tallinn\"]}]}<\/script>\n<!-- \/ Yoast SEO plugin. -->","yoast_head_json":{"title":"BALMAIN HAIR professionaalne viimistluse kamm juuksurile \/ Tail Comb Black & White - Hair Deluxe","robots":{"index":"index","follow":"follow","max-snippet":"max-snippet:-1","max-image-preview":"max-image-preview:large","max-video-preview":"max-video-preview:-1"},"canonical":"https:\/\/hairdeluxe.ee\/fi\/product\/balmain-professionaalne-viimistluse-kamm-juuksurile-tail-comb-black-white\/","og_locale":"fi_FI","og_type":"article","og_title":"BALMAIN HAIR professionaalne viimistluse kamm juuksurile \/ Tail Comb Black & White - Hair Deluxe","og_description":"Spetsiaalselt juuksuri t\u00f6\u00f6vahendiks v\u00e4lja t\u00f6\u00f6tatud kamm, mis tagab kvaliteetse viimistluse. K\u00e4sitsi j\u00e4relt\u00f6\u00f6deldud ja poleeritud professionaalne kamm tagab mugava l\u00f5ikamise ja stiliseerimise. Kamm on valmistatud vastupidavast, antistaatiliste omadustega tselluloosatsetaadist. Erinevalt survevaluga valmistatud kammidest, kammid poleeritakse ja j\u00e4relt\u00f6\u00f6deldakse k\u00e4sitsi, et tagada kammipiide maksimaalne siledus ja v\u00e4ltida teravaid servasid. J\u00e4relt\u00f6\u00f6tlus ja poleerimine v\u00e4ldivad juuste kahjustamist. Sobib k\u00f5igile soengutele. Ideaalne juuste l\u00f5ikamiseks, t\u00f5stmiseks ja tupeerimiseks. \u2013 Vastupidav tselluloosatsetaat \u2013 Antistaatilised omadused \u2013 K\u00e4sitsi j\u00e4relt\u00f6\u00f6deldud ja poleeritud Kollektsiooni kuuluvad veel: Tekstuurikamm | Kontuurkamm | L\u00f5ikekamm | Sabaga kamm | V\u00e4rvikamm","og_url":"https:\/\/hairdeluxe.ee\/fi\/product\/balmain-professionaalne-viimistluse-kamm-juuksurile-tail-comb-black-white\/","og_site_name":"Hair Deluxe","article_publisher":"https:\/\/www.facebook.com\/blowbartallinn","article_modified_time":"2025-03-18T19:22:30+00:00","og_image":[{"width":800,"height":800,"url":"https:\/\/hairdeluxe.ee\/wp-content\/uploads\/2024\/02\/balmainhair_tools_tailcomb_black_800x800_1.jpg","type":"image\/jpeg"}],"twitter_card":"summary_large_image","schema":{"@context":"https:\/\/schema.org","@graph":[{"@type":"WebPage","@id":"https:\/\/hairdeluxe.ee\/fi\/product\/balmain-professionaalne-viimistluse-kamm-juuksurile-tail-comb-black-white\/","url":"https:\/\/hairdeluxe.ee\/fi\/product\/balmain-professionaalne-viimistluse-kamm-juuksurile-tail-comb-black-white\/","name":"BALMAIN HAIR professionaalne viimistluse kamm juuksurile \/ Tail Comb Black & White - Hair Deluxe","isPartOf":{"@id":"https:\/\/hairdeluxe.ee\/fi\/#website"},"primaryImageOfPage":{"@id":"https:\/\/hairdeluxe.ee\/fi\/product\/balmain-professionaalne-viimistluse-kamm-juuksurile-tail-comb-black-white\/#primaryimage"},"image":{"@id":"https:\/\/hairdeluxe.ee\/fi\/product\/balmain-professionaalne-viimistluse-kamm-juuksurile-tail-comb-black-white\/#primaryimage"},"thumbnailUrl":"https:\/\/hairdeluxe.ee\/wp-content\/uploads\/2024\/02\/balmainhair_tools_tailcomb_black_800x800_1.jpg","datePublished":"2024-02-03T07:10:45+00:00","dateModified":"2025-03-18T19:22:30+00:00","breadcrumb":{"@id":"https:\/\/hairdeluxe.ee\/fi\/product\/balmain-professionaalne-viimistluse-kamm-juuksurile-tail-comb-black-white\/#breadcrumb"},"inLanguage":"fi","potentialAction":[{"@type":"ReadAction","target":["https:\/\/hairdeluxe.ee\/fi\/product\/balmain-professionaalne-viimistluse-kamm-juuksurile-tail-comb-black-white\/"]}]},{"@type":"ImageObject","inLanguage":"fi","@id":"https:\/\/hairdeluxe.ee\/fi\/product\/balmain-professionaalne-viimistluse-kamm-juuksurile-tail-comb-black-white\/#primaryimage","url":"https:\/\/hairdeluxe.ee\/wp-content\/uploads\/2024\/02\/balmainhair_tools_tailcomb_black_800x800_1.jpg","contentUrl":"https:\/\/hairdeluxe.ee\/wp-content\/uploads\/2024\/02\/balmainhair_tools_tailcomb_black_800x800_1.jpg","width":800,"height":800},{"@type":"BreadcrumbList","@id":"https:\/\/hairdeluxe.ee\/fi\/product\/balmain-professionaalne-viimistluse-kamm-juuksurile-tail-comb-black-white\/#breadcrumb","itemListElement":[{"@type":"ListItem","position":1,"name":"Home","item":"https:\/\/hairdeluxe.ee\/fi\/"},{"@type":"ListItem","position":2,"name":"Kauppa","item":"https:\/\/hairdeluxe.ee\/fi\/shop\/"},{"@type":"ListItem","position":3,"name":"BALMAIN HAIR professionaalne viimistluse kamm juuksurile \/ Tail Comb Black &#038; White"}]},{"@type":"WebSite","@id":"https:\/\/hairdeluxe.ee\/fi\/#website","url":"https:\/\/hairdeluxe.ee\/fi\/","name":"Hair Deluxe","description":"Highlight your natural beauty","publisher":{"@id":"https:\/\/hairdeluxe.ee\/fi\/#organization"},"potentialAction":[{"@type":"SearchAction","target":{"@type":"EntryPoint","urlTemplate":"https:\/\/hairdeluxe.ee\/fi\/?s={search_term_string}"},"query-input":{"@type":"PropertyValueSpecification","valueRequired":true,"valueName":"search_term_string"}}],"inLanguage":"fi"},{"@type":"Organization","@id":"https:\/\/hairdeluxe.ee\/fi\/#organization","name":"Hair Deluxe","url":"https:\/\/hairdeluxe.ee\/fi\/","logo":{"@type":"ImageObject","inLanguage":"fi","@id":"https:\/\/hairdeluxe.ee\/fi\/#\/schema\/logo\/image\/","url":"https:\/\/hairdeluxe.ee\/wp-content\/uploads\/2024\/06\/Hair-Deluxe-Logo-Dark-font.png","contentUrl":"https:\/\/hairdeluxe.ee\/wp-content\/uploads\/2024\/06\/Hair-Deluxe-Logo-Dark-font.png","width":467,"height":177,"caption":"Hair Deluxe"},"image":{"@id":"https:\/\/hairdeluxe.ee\/fi\/#\/schema\/logo\/image\/"},"sameAs":["https:\/\/www.facebook.com\/blowbartallinn","https:\/\/www.instagram.com\/blowbar_tallinn"]}]}},"_links":{"self":[{"href":"https:\/\/hairdeluxe.ee\/fi\/wp-json\/wp\/v2\/product\/35200","targetHints":{"allow":["GET"]}}],"collection":[{"href":"https:\/\/hairdeluxe.ee\/fi\/wp-json\/wp\/v2\/product"}],"about":[{"href":"https:\/\/hairdeluxe.ee\/fi\/wp-json\/wp\/v2\/types\/product"}],"wp:featuredmedia":[{"embeddable":true,"href":"https:\/\/hairdeluxe.ee\/fi\/wp-json\/wp\/v2\/media\/35196"}],"wp:attachment":[{"href":"https:\/\/hairdeluxe.ee\/fi\/wp-json\/wp\/v2\/media?parent=35200"}],"wp:term":[{"taxonomy":"product_brand","embeddable":true,"href":"https:\/\/hairdeluxe.ee\/fi\/wp-json\/wp\/v2\/product_brand?post=35200"},{"taxonomy":"product_cat","embeddable":true,"href":"https:\/\/hairdeluxe.ee\/fi\/wp-json\/wp\/v2\/product_cat?post=35200"},{"taxonomy":"product_tag","embeddable":true,"href":"https:\/\/hairdeluxe.ee\/fi\/wp-json\/wp\/v2\/product_tag?post=35200"}],"curies":[{"name":"wp","href":"https:\/\/api.w.org\/{rel}","templated":true}]}}