{"id":35421,"date":"2024-02-03T09:38:26","date_gmt":"2024-02-03T07:38:26","guid":{"rendered":"https:\/\/blowbar.ee\/toode\/balmain-hair-professionaalne-sirgendaja-titanium-plaadid-professional-straightener-titanium-floating-plates\/"},"modified":"2025-03-18T19:22:29","modified_gmt":"2025-03-18T19:22:29","slug":"balmain-professionaalne-sirgendaja-titanium-plaadid-professional-straightener-titanium-floating-plates","status":"publish","type":"product","link":"https:\/\/hairdeluxe.ee\/fi\/product\/balmain-professionaalne-sirgendaja-titanium-plaadid-professional-straightener-titanium-floating-plates\/","title":{"rendered":"BALMAIN HAIR professionaalne sirgendaja titanium plaadid \/ Professional Straightener Titanium Floating Plates"},"content":{"rendered":"","protected":false},"excerpt":{"rendered":"<p>Professionaalseks kasutuseks v\u00e4ljat\u00f6\u00f6tatud sirgendaja, mille uuenenud v\u00e4lisdisain ja tehnoloogiliselt t\u00e4iustatud t\u00f6\u00f6osad muudavad sirgendajaga t\u00f6\u00f6tamise mugavaks ning oluliselt kiiremaks.<br \/>\nUuenenud v\u00e4lisdisainis on kasutatud ergonoomilist, k\u00e4es mugavalt hoidvat materjali. See k\u00f5ik on kombineeritud omavahel Balmain Hair luksuslike p\u00f5hiv\u00e4rvidega, milleks on l\u00e4ikiv ja matt must kuldsete elementidega.<br \/>\nLooge Balmain Hair Professional titaansirgendajaga kauneid ideaalselt sirgeid juukseid v\u00f5i lopsakaid lokke. Titaanist ujuvplaadid soojenevad kiiresti ja juhivad soojust \u00fchtlaselt kogu plaatide ulatuses. Lisaks hoiavad titaanplaadid juukseid niisutatuna, mille tulemusel on need kahuvabad, l\u00e4ikivad, pehmed ja terved.\u00a0T\u00f6\u00f6plaatide sile t\u00f6\u00f6tlus tagab, et soengu tegemisel ei rebita juukseid ning sirgendaja libiseb \u00fchtlaselt kogu t\u00f6\u00f6pinna ulatuses.\u00a0Temperatuuriregulaatoriga sirgendaja tagab soovitud tulemuse jaoks t\u00e4pselt \u00f5ige temperatuuri. Sirgendaja kuumeneb temperatuurini kuni 210\u2103. Vaikimisi on seadistatud 180\u2103. kraadi, mis on ideaalseim temperatuur soengu tegemiseks ilma juukseid kahjustamata.<br \/>\n&#8211; Titaanist valmistatud ujuvplaadid 100 x 25 x 6,5mm<br \/>\n&#8211; Kiire kuumenemine, max 30sek<br \/>\n&#8211; Puutetundlik LED display sobiva temperatuuri valimiseks<br \/>\n&#8211; Automaatne temperatuuriseadistus 180 kraadile<br \/>\n&#8211; Maksimum temperatuur 210 kraadi<br \/>\n&#8211; Automaatne ASO v\u00e4jal\u00fclitamise s\u00fcsteem<br \/>\n&#8211; Unikaalne 2-aastane garantii elektriosadele<\/p>\n<p><strong>SISALDAB:<\/strong> Professionaalne sirgendaja, klambrid, termomatt ja nahast kott<\/p>\n<p>NB! \u00c4rge kasutage Titanium Floating plaatidel abrasiivseid puhastusvahendeid ega materjale, kuna need kriimustavad ja kahjustavad k\u00fcttepinda ning t\u00fchistavad garantii.<\/p>\n","protected":false},"featured_media":35416,"template":"","meta":[],"product_brand":[464],"product_cat":[266,265,112,121],"product_tag":[],"class_list":{"0":"post-35421","1":"product","2":"type-product","3":"status-publish","4":"has-post-thumbnail","6":"product_brand-balmain-hair","7":"product_cat-balmain-hair","8":"product_cat-brandid","9":"product_cat-elektroonika","10":"product_cat-koik-tooted","12":"first","13":"instock","14":"taxable","15":"shipping-taxable","16":"purchasable","17":"product-type-simple","18":"add-to-wishlist-after_add_to_cart"},"yoast_head":"<!-- This site is optimized with the Yoast SEO plugin v27.5 - https:\/\/yoast.com\/product\/yoast-seo-wordpress\/ -->\n<title>BALMAIN HAIR professionaalne sirgendaja titanium plaadid \/ Professional Straightener Titanium Floating Plates - Hair Deluxe<\/title>\n<meta name=\"robots\" content=\"index, follow, max-snippet:-1, max-image-preview:large, max-video-preview:-1\" \/>\n<link rel=\"canonical\" href=\"https:\/\/hairdeluxe.ee\/fi\/product\/balmain-professionaalne-sirgendaja-titanium-plaadid-professional-straightener-titanium-floating-plates\/\" \/>\n<meta property=\"og:locale\" content=\"fi_FI\" \/>\n<meta property=\"og:type\" content=\"article\" \/>\n<meta property=\"og:title\" content=\"BALMAIN HAIR professionaalne sirgendaja titanium plaadid \/ Professional Straightener Titanium Floating Plates - Hair Deluxe\" \/>\n<meta property=\"og:description\" content=\"Professionaalseks kasutuseks v\u00e4ljat\u00f6\u00f6tatud sirgendaja, mille uuenenud v\u00e4lisdisain ja tehnoloogiliselt t\u00e4iustatud t\u00f6\u00f6osad muudavad sirgendajaga t\u00f6\u00f6tamise mugavaks ning oluliselt kiiremaks. Uuenenud v\u00e4lisdisainis on kasutatud ergonoomilist, k\u00e4es mugavalt hoidvat materjali. See k\u00f5ik on kombineeritud omavahel Balmain Hair luksuslike p\u00f5hiv\u00e4rvidega, milleks on l\u00e4ikiv ja matt must kuldsete elementidega. Looge Balmain Hair Professional titaansirgendajaga kauneid ideaalselt sirgeid juukseid v\u00f5i lopsakaid lokke. Titaanist ujuvplaadid soojenevad kiiresti ja juhivad soojust \u00fchtlaselt kogu plaatide ulatuses. Lisaks hoiavad titaanplaadid juukseid niisutatuna, mille tulemusel on need kahuvabad, l\u00e4ikivad, pehmed ja terved.\u00a0T\u00f6\u00f6plaatide sile t\u00f6\u00f6tlus tagab, et soengu tegemisel ei rebita juukseid ning sirgendaja libiseb \u00fchtlaselt kogu t\u00f6\u00f6pinna ulatuses.\u00a0Temperatuuriregulaatoriga sirgendaja tagab soovitud tulemuse jaoks t\u00e4pselt \u00f5ige temperatuuri. Sirgendaja kuumeneb temperatuurini kuni 210\u2103. Vaikimisi on seadistatud 180\u2103. kraadi, mis on ideaalseim temperatuur soengu tegemiseks ilma juukseid kahjustamata. - Titaanist valmistatud ujuvplaadid 100 x 25 x 6,5mm - Kiire kuumenemine, max 30sek - Puutetundlik LED display sobiva temperatuuri valimiseks - Automaatne temperatuuriseadistus 180 kraadile - Maksimum temperatuur 210 kraadi - Automaatne ASO v\u00e4jal\u00fclitamise s\u00fcsteem - Unikaalne 2-aastane garantii elektriosadele  SISALDAB: Professionaalne sirgendaja, klambrid, termomatt ja nahast kott  NB! \u00c4rge kasutage Titanium Floating plaatidel abrasiivseid puhastusvahendeid ega materjale, kuna need kriimustavad ja kahjustavad k\u00fcttepinda ning t\u00fchistavad garantii.\" \/>\n<meta property=\"og:url\" content=\"https:\/\/hairdeluxe.ee\/fi\/product\/balmain-professionaalne-sirgendaja-titanium-plaadid-professional-straightener-titanium-floating-plates\/\" \/>\n<meta property=\"og:site_name\" content=\"Hair Deluxe\" \/>\n<meta property=\"article:publisher\" content=\"https:\/\/www.facebook.com\/blowbartallinn\" \/>\n<meta property=\"article:modified_time\" content=\"2025-03-18T19:22:29+00:00\" \/>\n<meta property=\"og:image\" content=\"https:\/\/hairdeluxe.ee\/wp-content\/uploads\/2024\/02\/balmainhair_tools_professionalstraightener_tl_st_eu_800x800_b3f2.jpg\" \/>\n\t<meta property=\"og:image:width\" content=\"800\" \/>\n\t<meta property=\"og:image:height\" content=\"800\" \/>\n\t<meta property=\"og:image:type\" content=\"image\/jpeg\" \/>\n<meta name=\"twitter:card\" content=\"summary_large_image\" \/>\n<script type=\"application\/ld+json\" class=\"yoast-schema-graph\">{\"@context\":\"https:\\\/\\\/schema.org\",\"@graph\":[{\"@type\":\"WebPage\",\"@id\":\"https:\\\/\\\/hairdeluxe.ee\\\/fi\\\/product\\\/balmain-professionaalne-sirgendaja-titanium-plaadid-professional-straightener-titanium-floating-plates\\\/\",\"url\":\"https:\\\/\\\/hairdeluxe.ee\\\/fi\\\/product\\\/balmain-professionaalne-sirgendaja-titanium-plaadid-professional-straightener-titanium-floating-plates\\\/\",\"name\":\"BALMAIN HAIR professionaalne sirgendaja titanium plaadid \\\/ Professional Straightener Titanium Floating Plates - Hair Deluxe\",\"isPartOf\":{\"@id\":\"https:\\\/\\\/hairdeluxe.ee\\\/fi\\\/#website\"},\"primaryImageOfPage\":{\"@id\":\"https:\\\/\\\/hairdeluxe.ee\\\/fi\\\/product\\\/balmain-professionaalne-sirgendaja-titanium-plaadid-professional-straightener-titanium-floating-plates\\\/#primaryimage\"},\"image\":{\"@id\":\"https:\\\/\\\/hairdeluxe.ee\\\/fi\\\/product\\\/balmain-professionaalne-sirgendaja-titanium-plaadid-professional-straightener-titanium-floating-plates\\\/#primaryimage\"},\"thumbnailUrl\":\"https:\\\/\\\/hairdeluxe.ee\\\/wp-content\\\/uploads\\\/2024\\\/02\\\/balmainhair_tools_professionalstraightener_tl_st_eu_800x800_b3f2.jpg\",\"datePublished\":\"2024-02-03T07:38:26+00:00\",\"dateModified\":\"2025-03-18T19:22:29+00:00\",\"breadcrumb\":{\"@id\":\"https:\\\/\\\/hairdeluxe.ee\\\/fi\\\/product\\\/balmain-professionaalne-sirgendaja-titanium-plaadid-professional-straightener-titanium-floating-plates\\\/#breadcrumb\"},\"inLanguage\":\"fi\",\"potentialAction\":[{\"@type\":\"ReadAction\",\"target\":[\"https:\\\/\\\/hairdeluxe.ee\\\/fi\\\/product\\\/balmain-professionaalne-sirgendaja-titanium-plaadid-professional-straightener-titanium-floating-plates\\\/\"]}]},{\"@type\":\"ImageObject\",\"inLanguage\":\"fi\",\"@id\":\"https:\\\/\\\/hairdeluxe.ee\\\/fi\\\/product\\\/balmain-professionaalne-sirgendaja-titanium-plaadid-professional-straightener-titanium-floating-plates\\\/#primaryimage\",\"url\":\"https:\\\/\\\/hairdeluxe.ee\\\/wp-content\\\/uploads\\\/2024\\\/02\\\/balmainhair_tools_professionalstraightener_tl_st_eu_800x800_b3f2.jpg\",\"contentUrl\":\"https:\\\/\\\/hairdeluxe.ee\\\/wp-content\\\/uploads\\\/2024\\\/02\\\/balmainhair_tools_professionalstraightener_tl_st_eu_800x800_b3f2.jpg\",\"width\":800,\"height\":800},{\"@type\":\"BreadcrumbList\",\"@id\":\"https:\\\/\\\/hairdeluxe.ee\\\/fi\\\/product\\\/balmain-professionaalne-sirgendaja-titanium-plaadid-professional-straightener-titanium-floating-plates\\\/#breadcrumb\",\"itemListElement\":[{\"@type\":\"ListItem\",\"position\":1,\"name\":\"Home\",\"item\":\"https:\\\/\\\/hairdeluxe.ee\\\/fi\\\/\"},{\"@type\":\"ListItem\",\"position\":2,\"name\":\"Kauppa\",\"item\":\"https:\\\/\\\/hairdeluxe.ee\\\/fi\\\/shop\\\/\"},{\"@type\":\"ListItem\",\"position\":3,\"name\":\"BALMAIN HAIR professionaalne sirgendaja titanium plaadid \\\/ Professional Straightener Titanium Floating Plates\"}]},{\"@type\":\"WebSite\",\"@id\":\"https:\\\/\\\/hairdeluxe.ee\\\/fi\\\/#website\",\"url\":\"https:\\\/\\\/hairdeluxe.ee\\\/fi\\\/\",\"name\":\"Hair Deluxe\",\"description\":\"Highlight your natural beauty\",\"publisher\":{\"@id\":\"https:\\\/\\\/hairdeluxe.ee\\\/fi\\\/#organization\"},\"potentialAction\":[{\"@type\":\"SearchAction\",\"target\":{\"@type\":\"EntryPoint\",\"urlTemplate\":\"https:\\\/\\\/hairdeluxe.ee\\\/fi\\\/?s={search_term_string}\"},\"query-input\":{\"@type\":\"PropertyValueSpecification\",\"valueRequired\":true,\"valueName\":\"search_term_string\"}}],\"inLanguage\":\"fi\"},{\"@type\":\"Organization\",\"@id\":\"https:\\\/\\\/hairdeluxe.ee\\\/fi\\\/#organization\",\"name\":\"Hair Deluxe\",\"url\":\"https:\\\/\\\/hairdeluxe.ee\\\/fi\\\/\",\"logo\":{\"@type\":\"ImageObject\",\"inLanguage\":\"fi\",\"@id\":\"https:\\\/\\\/hairdeluxe.ee\\\/fi\\\/#\\\/schema\\\/logo\\\/image\\\/\",\"url\":\"https:\\\/\\\/hairdeluxe.ee\\\/wp-content\\\/uploads\\\/2024\\\/06\\\/Hair-Deluxe-Logo-Dark-font.png\",\"contentUrl\":\"https:\\\/\\\/hairdeluxe.ee\\\/wp-content\\\/uploads\\\/2024\\\/06\\\/Hair-Deluxe-Logo-Dark-font.png\",\"width\":467,\"height\":177,\"caption\":\"Hair Deluxe\"},\"image\":{\"@id\":\"https:\\\/\\\/hairdeluxe.ee\\\/fi\\\/#\\\/schema\\\/logo\\\/image\\\/\"},\"sameAs\":[\"https:\\\/\\\/www.facebook.com\\\/blowbartallinn\",\"https:\\\/\\\/www.instagram.com\\\/blowbar_tallinn\"]}]}<\/script>\n<!-- \/ Yoast SEO plugin. -->","yoast_head_json":{"title":"BALMAIN HAIR professionaalne sirgendaja titanium plaadid \/ Professional Straightener Titanium Floating Plates - Hair Deluxe","robots":{"index":"index","follow":"follow","max-snippet":"max-snippet:-1","max-image-preview":"max-image-preview:large","max-video-preview":"max-video-preview:-1"},"canonical":"https:\/\/hairdeluxe.ee\/fi\/product\/balmain-professionaalne-sirgendaja-titanium-plaadid-professional-straightener-titanium-floating-plates\/","og_locale":"fi_FI","og_type":"article","og_title":"BALMAIN HAIR professionaalne sirgendaja titanium plaadid \/ Professional Straightener Titanium Floating Plates - Hair Deluxe","og_description":"Professionaalseks kasutuseks v\u00e4ljat\u00f6\u00f6tatud sirgendaja, mille uuenenud v\u00e4lisdisain ja tehnoloogiliselt t\u00e4iustatud t\u00f6\u00f6osad muudavad sirgendajaga t\u00f6\u00f6tamise mugavaks ning oluliselt kiiremaks. Uuenenud v\u00e4lisdisainis on kasutatud ergonoomilist, k\u00e4es mugavalt hoidvat materjali. See k\u00f5ik on kombineeritud omavahel Balmain Hair luksuslike p\u00f5hiv\u00e4rvidega, milleks on l\u00e4ikiv ja matt must kuldsete elementidega. Looge Balmain Hair Professional titaansirgendajaga kauneid ideaalselt sirgeid juukseid v\u00f5i lopsakaid lokke. Titaanist ujuvplaadid soojenevad kiiresti ja juhivad soojust \u00fchtlaselt kogu plaatide ulatuses. Lisaks hoiavad titaanplaadid juukseid niisutatuna, mille tulemusel on need kahuvabad, l\u00e4ikivad, pehmed ja terved.\u00a0T\u00f6\u00f6plaatide sile t\u00f6\u00f6tlus tagab, et soengu tegemisel ei rebita juukseid ning sirgendaja libiseb \u00fchtlaselt kogu t\u00f6\u00f6pinna ulatuses.\u00a0Temperatuuriregulaatoriga sirgendaja tagab soovitud tulemuse jaoks t\u00e4pselt \u00f5ige temperatuuri. Sirgendaja kuumeneb temperatuurini kuni 210\u2103. Vaikimisi on seadistatud 180\u2103. kraadi, mis on ideaalseim temperatuur soengu tegemiseks ilma juukseid kahjustamata. - Titaanist valmistatud ujuvplaadid 100 x 25 x 6,5mm - Kiire kuumenemine, max 30sek - Puutetundlik LED display sobiva temperatuuri valimiseks - Automaatne temperatuuriseadistus 180 kraadile - Maksimum temperatuur 210 kraadi - Automaatne ASO v\u00e4jal\u00fclitamise s\u00fcsteem - Unikaalne 2-aastane garantii elektriosadele  SISALDAB: Professionaalne sirgendaja, klambrid, termomatt ja nahast kott  NB! \u00c4rge kasutage Titanium Floating plaatidel abrasiivseid puhastusvahendeid ega materjale, kuna need kriimustavad ja kahjustavad k\u00fcttepinda ning t\u00fchistavad garantii.","og_url":"https:\/\/hairdeluxe.ee\/fi\/product\/balmain-professionaalne-sirgendaja-titanium-plaadid-professional-straightener-titanium-floating-plates\/","og_site_name":"Hair Deluxe","article_publisher":"https:\/\/www.facebook.com\/blowbartallinn","article_modified_time":"2025-03-18T19:22:29+00:00","og_image":[{"width":800,"height":800,"url":"https:\/\/hairdeluxe.ee\/wp-content\/uploads\/2024\/02\/balmainhair_tools_professionalstraightener_tl_st_eu_800x800_b3f2.jpg","type":"image\/jpeg"}],"twitter_card":"summary_large_image","schema":{"@context":"https:\/\/schema.org","@graph":[{"@type":"WebPage","@id":"https:\/\/hairdeluxe.ee\/fi\/product\/balmain-professionaalne-sirgendaja-titanium-plaadid-professional-straightener-titanium-floating-plates\/","url":"https:\/\/hairdeluxe.ee\/fi\/product\/balmain-professionaalne-sirgendaja-titanium-plaadid-professional-straightener-titanium-floating-plates\/","name":"BALMAIN HAIR professionaalne sirgendaja titanium plaadid \/ Professional Straightener Titanium Floating Plates - Hair Deluxe","isPartOf":{"@id":"https:\/\/hairdeluxe.ee\/fi\/#website"},"primaryImageOfPage":{"@id":"https:\/\/hairdeluxe.ee\/fi\/product\/balmain-professionaalne-sirgendaja-titanium-plaadid-professional-straightener-titanium-floating-plates\/#primaryimage"},"image":{"@id":"https:\/\/hairdeluxe.ee\/fi\/product\/balmain-professionaalne-sirgendaja-titanium-plaadid-professional-straightener-titanium-floating-plates\/#primaryimage"},"thumbnailUrl":"https:\/\/hairdeluxe.ee\/wp-content\/uploads\/2024\/02\/balmainhair_tools_professionalstraightener_tl_st_eu_800x800_b3f2.jpg","datePublished":"2024-02-03T07:38:26+00:00","dateModified":"2025-03-18T19:22:29+00:00","breadcrumb":{"@id":"https:\/\/hairdeluxe.ee\/fi\/product\/balmain-professionaalne-sirgendaja-titanium-plaadid-professional-straightener-titanium-floating-plates\/#breadcrumb"},"inLanguage":"fi","potentialAction":[{"@type":"ReadAction","target":["https:\/\/hairdeluxe.ee\/fi\/product\/balmain-professionaalne-sirgendaja-titanium-plaadid-professional-straightener-titanium-floating-plates\/"]}]},{"@type":"ImageObject","inLanguage":"fi","@id":"https:\/\/hairdeluxe.ee\/fi\/product\/balmain-professionaalne-sirgendaja-titanium-plaadid-professional-straightener-titanium-floating-plates\/#primaryimage","url":"https:\/\/hairdeluxe.ee\/wp-content\/uploads\/2024\/02\/balmainhair_tools_professionalstraightener_tl_st_eu_800x800_b3f2.jpg","contentUrl":"https:\/\/hairdeluxe.ee\/wp-content\/uploads\/2024\/02\/balmainhair_tools_professionalstraightener_tl_st_eu_800x800_b3f2.jpg","width":800,"height":800},{"@type":"BreadcrumbList","@id":"https:\/\/hairdeluxe.ee\/fi\/product\/balmain-professionaalne-sirgendaja-titanium-plaadid-professional-straightener-titanium-floating-plates\/#breadcrumb","itemListElement":[{"@type":"ListItem","position":1,"name":"Home","item":"https:\/\/hairdeluxe.ee\/fi\/"},{"@type":"ListItem","position":2,"name":"Kauppa","item":"https:\/\/hairdeluxe.ee\/fi\/shop\/"},{"@type":"ListItem","position":3,"name":"BALMAIN HAIR professionaalne sirgendaja titanium plaadid \/ Professional Straightener Titanium Floating Plates"}]},{"@type":"WebSite","@id":"https:\/\/hairdeluxe.ee\/fi\/#website","url":"https:\/\/hairdeluxe.ee\/fi\/","name":"Hair Deluxe","description":"Highlight your natural beauty","publisher":{"@id":"https:\/\/hairdeluxe.ee\/fi\/#organization"},"potentialAction":[{"@type":"SearchAction","target":{"@type":"EntryPoint","urlTemplate":"https:\/\/hairdeluxe.ee\/fi\/?s={search_term_string}"},"query-input":{"@type":"PropertyValueSpecification","valueRequired":true,"valueName":"search_term_string"}}],"inLanguage":"fi"},{"@type":"Organization","@id":"https:\/\/hairdeluxe.ee\/fi\/#organization","name":"Hair Deluxe","url":"https:\/\/hairdeluxe.ee\/fi\/","logo":{"@type":"ImageObject","inLanguage":"fi","@id":"https:\/\/hairdeluxe.ee\/fi\/#\/schema\/logo\/image\/","url":"https:\/\/hairdeluxe.ee\/wp-content\/uploads\/2024\/06\/Hair-Deluxe-Logo-Dark-font.png","contentUrl":"https:\/\/hairdeluxe.ee\/wp-content\/uploads\/2024\/06\/Hair-Deluxe-Logo-Dark-font.png","width":467,"height":177,"caption":"Hair Deluxe"},"image":{"@id":"https:\/\/hairdeluxe.ee\/fi\/#\/schema\/logo\/image\/"},"sameAs":["https:\/\/www.facebook.com\/blowbartallinn","https:\/\/www.instagram.com\/blowbar_tallinn"]}]}},"_links":{"self":[{"href":"https:\/\/hairdeluxe.ee\/fi\/wp-json\/wp\/v2\/product\/35421","targetHints":{"allow":["GET"]}}],"collection":[{"href":"https:\/\/hairdeluxe.ee\/fi\/wp-json\/wp\/v2\/product"}],"about":[{"href":"https:\/\/hairdeluxe.ee\/fi\/wp-json\/wp\/v2\/types\/product"}],"wp:featuredmedia":[{"embeddable":true,"href":"https:\/\/hairdeluxe.ee\/fi\/wp-json\/wp\/v2\/media\/35416"}],"wp:attachment":[{"href":"https:\/\/hairdeluxe.ee\/fi\/wp-json\/wp\/v2\/media?parent=35421"}],"wp:term":[{"taxonomy":"product_brand","embeddable":true,"href":"https:\/\/hairdeluxe.ee\/fi\/wp-json\/wp\/v2\/product_brand?post=35421"},{"taxonomy":"product_cat","embeddable":true,"href":"https:\/\/hairdeluxe.ee\/fi\/wp-json\/wp\/v2\/product_cat?post=35421"},{"taxonomy":"product_tag","embeddable":true,"href":"https:\/\/hairdeluxe.ee\/fi\/wp-json\/wp\/v2\/product_tag?post=35421"}],"curies":[{"name":"wp","href":"https:\/\/api.w.org\/{rel}","templated":true}]}}