{"id":35434,"date":"2024-02-03T09:38:40","date_gmt":"2024-02-03T07:38:40","guid":{"rendered":"https:\/\/blowbar.ee\/?post_type=product&#038;p=35434"},"modified":"2025-03-18T19:22:29","modified_gmt":"2025-03-18T19:22:29","slug":"balmain-mini-juuksehari-juuksepikendustele-hair-extension-brush-mini-pink","status":"publish","type":"product","link":"https:\/\/hairdeluxe.ee\/fi\/product\/balmain-mini-juuksehari-juuksepikendustele-hair-extension-brush-mini-pink\/","title":{"rendered":"BALMAIN HAIR mini juuksehari juuksepikendustele \/ Hair Extension Brush Mini Pink"},"content":{"rendered":"","protected":false},"excerpt":{"rendered":"<p>Balmain Hair poolt spetsiaalselt v\u00e4ljat\u00f6\u00f6tatud mini juuksehari juuksepikenduste harjamiseks. Harja erineva pikkusega pehmed harjased kammivad juukseid \u00f5rnalt, ilma kiskumata ja kahjustamata. Sobib kasutamiseks igap\u00e4evaselt. <strong>Ideaalne juuksepikenduste kandjatele, hoides juuksed pusavabad ja s\u00e4ravad.<\/strong> Soovitatav on alustada juuste kammimist juusteotstest, liikudes j\u00e4rk-j\u00e4rgult aina juurele l\u00e4hemale.<br \/>\n&#8211; Ovaalne juuksehari<br \/>\n&#8211; Erineva pikkusega harjased<br \/>\n&#8211; Pehmed harjased, mis ei kahjusta juukseid<br \/>\n&#8211; Juuksed j\u00e4\u00e4vad pehmed ja s\u00e4ravad<\/p>\n","protected":false},"featured_media":35758,"template":"","meta":[],"product_brand":[464],"product_cat":[266,265,126,128,121,155,158,223,184,192],"product_tag":[],"class_list":{"0":"post-35434","1":"product","2":"type-product","3":"status-publish","4":"has-post-thumbnail","6":"product_brand-balmain-hair","7":"product_cat-balmain-hair","8":"product_cat-brandid","9":"product_cat-juuksepikendused","10":"product_cat-kammid-harjad","11":"product_cat-koik-tooted","12":"product_cat-pikenduste-jarelehoolitsus","13":"product_cat-populaarsed","14":"product_cat-pusadevastane","15":"product_cat-toovahendid-pikendustele","16":"product_cat-uued-tooted","18":"first","19":"instock","20":"taxable","21":"shipping-taxable","22":"purchasable","23":"product-type-simple","24":"add-to-wishlist-after_add_to_cart"},"yoast_head":"<!-- This site is optimized with the Yoast SEO plugin v27.5 - https:\/\/yoast.com\/product\/yoast-seo-wordpress\/ -->\n<title>BALMAIN HAIR mini juuksehari juuksepikendustele \/ Hair Extension Brush Mini Pink - Hair Deluxe<\/title>\n<meta name=\"robots\" content=\"index, follow, max-snippet:-1, max-image-preview:large, max-video-preview:-1\" \/>\n<link rel=\"canonical\" href=\"https:\/\/hairdeluxe.ee\/fi\/product\/balmain-mini-juuksehari-juuksepikendustele-hair-extension-brush-mini-pink\/\" \/>\n<meta property=\"og:locale\" content=\"fi_FI\" \/>\n<meta property=\"og:type\" content=\"article\" \/>\n<meta property=\"og:title\" content=\"BALMAIN HAIR mini juuksehari juuksepikendustele \/ Hair Extension Brush Mini Pink - Hair Deluxe\" \/>\n<meta property=\"og:description\" content=\"Balmain Hair poolt spetsiaalselt v\u00e4ljat\u00f6\u00f6tatud mini juuksehari juuksepikenduste harjamiseks. Harja erineva pikkusega pehmed harjased kammivad juukseid \u00f5rnalt, ilma kiskumata ja kahjustamata. Sobib kasutamiseks igap\u00e4evaselt. Ideaalne juuksepikenduste kandjatele, hoides juuksed pusavabad ja s\u00e4ravad. Soovitatav on alustada juuste kammimist juusteotstest, liikudes j\u00e4rk-j\u00e4rgult aina juurele l\u00e4hemale. - Ovaalne juuksehari - Erineva pikkusega harjased - Pehmed harjased, mis ei kahjusta juukseid - Juuksed j\u00e4\u00e4vad pehmed ja s\u00e4ravad\" \/>\n<meta property=\"og:url\" content=\"https:\/\/hairdeluxe.ee\/fi\/product\/balmain-mini-juuksehari-juuksepikendustele-hair-extension-brush-mini-pink\/\" \/>\n<meta property=\"og:site_name\" content=\"Hair Deluxe\" \/>\n<meta property=\"article:publisher\" content=\"https:\/\/www.facebook.com\/blowbartallinn\" \/>\n<meta property=\"article:modified_time\" content=\"2025-03-18T19:22:29+00:00\" \/>\n<meta property=\"og:image\" content=\"https:\/\/hairdeluxe.ee\/wp-content\/uploads\/2024\/02\/balmainhairprofessional_tools_limitededition_brush_mini_pink_le_pa_tl_b_mini_c1_23_01_lr.jpg\" \/>\n\t<meta property=\"og:image:width\" content=\"1500\" \/>\n\t<meta property=\"og:image:height\" content=\"1500\" \/>\n\t<meta property=\"og:image:type\" content=\"image\/jpeg\" \/>\n<meta name=\"twitter:card\" content=\"summary_large_image\" \/>\n<script type=\"application\/ld+json\" class=\"yoast-schema-graph\">{\"@context\":\"https:\\\/\\\/schema.org\",\"@graph\":[{\"@type\":\"WebPage\",\"@id\":\"https:\\\/\\\/hairdeluxe.ee\\\/fi\\\/product\\\/balmain-mini-juuksehari-juuksepikendustele-hair-extension-brush-mini-pink\\\/\",\"url\":\"https:\\\/\\\/hairdeluxe.ee\\\/fi\\\/product\\\/balmain-mini-juuksehari-juuksepikendustele-hair-extension-brush-mini-pink\\\/\",\"name\":\"BALMAIN HAIR mini juuksehari juuksepikendustele \\\/ Hair Extension Brush Mini Pink - Hair Deluxe\",\"isPartOf\":{\"@id\":\"https:\\\/\\\/hairdeluxe.ee\\\/fi\\\/#website\"},\"primaryImageOfPage\":{\"@id\":\"https:\\\/\\\/hairdeluxe.ee\\\/fi\\\/product\\\/balmain-mini-juuksehari-juuksepikendustele-hair-extension-brush-mini-pink\\\/#primaryimage\"},\"image\":{\"@id\":\"https:\\\/\\\/hairdeluxe.ee\\\/fi\\\/product\\\/balmain-mini-juuksehari-juuksepikendustele-hair-extension-brush-mini-pink\\\/#primaryimage\"},\"thumbnailUrl\":\"https:\\\/\\\/hairdeluxe.ee\\\/wp-content\\\/uploads\\\/2024\\\/02\\\/balmainhairprofessional_tools_limitededition_brush_mini_pink_le_pa_tl_b_mini_c1_23_01_lr.jpg\",\"datePublished\":\"2024-02-03T07:38:40+00:00\",\"dateModified\":\"2025-03-18T19:22:29+00:00\",\"breadcrumb\":{\"@id\":\"https:\\\/\\\/hairdeluxe.ee\\\/fi\\\/product\\\/balmain-mini-juuksehari-juuksepikendustele-hair-extension-brush-mini-pink\\\/#breadcrumb\"},\"inLanguage\":\"fi\",\"potentialAction\":[{\"@type\":\"ReadAction\",\"target\":[\"https:\\\/\\\/hairdeluxe.ee\\\/fi\\\/product\\\/balmain-mini-juuksehari-juuksepikendustele-hair-extension-brush-mini-pink\\\/\"]}]},{\"@type\":\"ImageObject\",\"inLanguage\":\"fi\",\"@id\":\"https:\\\/\\\/hairdeluxe.ee\\\/fi\\\/product\\\/balmain-mini-juuksehari-juuksepikendustele-hair-extension-brush-mini-pink\\\/#primaryimage\",\"url\":\"https:\\\/\\\/hairdeluxe.ee\\\/wp-content\\\/uploads\\\/2024\\\/02\\\/balmainhairprofessional_tools_limitededition_brush_mini_pink_le_pa_tl_b_mini_c1_23_01_lr.jpg\",\"contentUrl\":\"https:\\\/\\\/hairdeluxe.ee\\\/wp-content\\\/uploads\\\/2024\\\/02\\\/balmainhairprofessional_tools_limitededition_brush_mini_pink_le_pa_tl_b_mini_c1_23_01_lr.jpg\",\"width\":1500,\"height\":1500},{\"@type\":\"BreadcrumbList\",\"@id\":\"https:\\\/\\\/hairdeluxe.ee\\\/fi\\\/product\\\/balmain-mini-juuksehari-juuksepikendustele-hair-extension-brush-mini-pink\\\/#breadcrumb\",\"itemListElement\":[{\"@type\":\"ListItem\",\"position\":1,\"name\":\"Home\",\"item\":\"https:\\\/\\\/hairdeluxe.ee\\\/fi\\\/\"},{\"@type\":\"ListItem\",\"position\":2,\"name\":\"Kauppa\",\"item\":\"https:\\\/\\\/hairdeluxe.ee\\\/fi\\\/shop\\\/\"},{\"@type\":\"ListItem\",\"position\":3,\"name\":\"BALMAIN HAIR mini juuksehari juuksepikendustele \\\/ Hair Extension Brush Mini Pink\"}]},{\"@type\":\"WebSite\",\"@id\":\"https:\\\/\\\/hairdeluxe.ee\\\/fi\\\/#website\",\"url\":\"https:\\\/\\\/hairdeluxe.ee\\\/fi\\\/\",\"name\":\"Hair Deluxe\",\"description\":\"Highlight your natural beauty\",\"publisher\":{\"@id\":\"https:\\\/\\\/hairdeluxe.ee\\\/fi\\\/#organization\"},\"potentialAction\":[{\"@type\":\"SearchAction\",\"target\":{\"@type\":\"EntryPoint\",\"urlTemplate\":\"https:\\\/\\\/hairdeluxe.ee\\\/fi\\\/?s={search_term_string}\"},\"query-input\":{\"@type\":\"PropertyValueSpecification\",\"valueRequired\":true,\"valueName\":\"search_term_string\"}}],\"inLanguage\":\"fi\"},{\"@type\":\"Organization\",\"@id\":\"https:\\\/\\\/hairdeluxe.ee\\\/fi\\\/#organization\",\"name\":\"Hair Deluxe\",\"url\":\"https:\\\/\\\/hairdeluxe.ee\\\/fi\\\/\",\"logo\":{\"@type\":\"ImageObject\",\"inLanguage\":\"fi\",\"@id\":\"https:\\\/\\\/hairdeluxe.ee\\\/fi\\\/#\\\/schema\\\/logo\\\/image\\\/\",\"url\":\"https:\\\/\\\/hairdeluxe.ee\\\/wp-content\\\/uploads\\\/2024\\\/06\\\/Hair-Deluxe-Logo-Dark-font.png\",\"contentUrl\":\"https:\\\/\\\/hairdeluxe.ee\\\/wp-content\\\/uploads\\\/2024\\\/06\\\/Hair-Deluxe-Logo-Dark-font.png\",\"width\":467,\"height\":177,\"caption\":\"Hair Deluxe\"},\"image\":{\"@id\":\"https:\\\/\\\/hairdeluxe.ee\\\/fi\\\/#\\\/schema\\\/logo\\\/image\\\/\"},\"sameAs\":[\"https:\\\/\\\/www.facebook.com\\\/blowbartallinn\",\"https:\\\/\\\/www.instagram.com\\\/blowbar_tallinn\"]}]}<\/script>\n<!-- \/ Yoast SEO plugin. -->","yoast_head_json":{"title":"BALMAIN HAIR mini juuksehari juuksepikendustele \/ Hair Extension Brush Mini Pink - Hair Deluxe","robots":{"index":"index","follow":"follow","max-snippet":"max-snippet:-1","max-image-preview":"max-image-preview:large","max-video-preview":"max-video-preview:-1"},"canonical":"https:\/\/hairdeluxe.ee\/fi\/product\/balmain-mini-juuksehari-juuksepikendustele-hair-extension-brush-mini-pink\/","og_locale":"fi_FI","og_type":"article","og_title":"BALMAIN HAIR mini juuksehari juuksepikendustele \/ Hair Extension Brush Mini Pink - Hair Deluxe","og_description":"Balmain Hair poolt spetsiaalselt v\u00e4ljat\u00f6\u00f6tatud mini juuksehari juuksepikenduste harjamiseks. Harja erineva pikkusega pehmed harjased kammivad juukseid \u00f5rnalt, ilma kiskumata ja kahjustamata. Sobib kasutamiseks igap\u00e4evaselt. Ideaalne juuksepikenduste kandjatele, hoides juuksed pusavabad ja s\u00e4ravad. Soovitatav on alustada juuste kammimist juusteotstest, liikudes j\u00e4rk-j\u00e4rgult aina juurele l\u00e4hemale. - Ovaalne juuksehari - Erineva pikkusega harjased - Pehmed harjased, mis ei kahjusta juukseid - Juuksed j\u00e4\u00e4vad pehmed ja s\u00e4ravad","og_url":"https:\/\/hairdeluxe.ee\/fi\/product\/balmain-mini-juuksehari-juuksepikendustele-hair-extension-brush-mini-pink\/","og_site_name":"Hair Deluxe","article_publisher":"https:\/\/www.facebook.com\/blowbartallinn","article_modified_time":"2025-03-18T19:22:29+00:00","og_image":[{"width":1500,"height":1500,"url":"https:\/\/hairdeluxe.ee\/wp-content\/uploads\/2024\/02\/balmainhairprofessional_tools_limitededition_brush_mini_pink_le_pa_tl_b_mini_c1_23_01_lr.jpg","type":"image\/jpeg"}],"twitter_card":"summary_large_image","schema":{"@context":"https:\/\/schema.org","@graph":[{"@type":"WebPage","@id":"https:\/\/hairdeluxe.ee\/fi\/product\/balmain-mini-juuksehari-juuksepikendustele-hair-extension-brush-mini-pink\/","url":"https:\/\/hairdeluxe.ee\/fi\/product\/balmain-mini-juuksehari-juuksepikendustele-hair-extension-brush-mini-pink\/","name":"BALMAIN HAIR mini juuksehari juuksepikendustele \/ Hair Extension Brush Mini Pink - Hair Deluxe","isPartOf":{"@id":"https:\/\/hairdeluxe.ee\/fi\/#website"},"primaryImageOfPage":{"@id":"https:\/\/hairdeluxe.ee\/fi\/product\/balmain-mini-juuksehari-juuksepikendustele-hair-extension-brush-mini-pink\/#primaryimage"},"image":{"@id":"https:\/\/hairdeluxe.ee\/fi\/product\/balmain-mini-juuksehari-juuksepikendustele-hair-extension-brush-mini-pink\/#primaryimage"},"thumbnailUrl":"https:\/\/hairdeluxe.ee\/wp-content\/uploads\/2024\/02\/balmainhairprofessional_tools_limitededition_brush_mini_pink_le_pa_tl_b_mini_c1_23_01_lr.jpg","datePublished":"2024-02-03T07:38:40+00:00","dateModified":"2025-03-18T19:22:29+00:00","breadcrumb":{"@id":"https:\/\/hairdeluxe.ee\/fi\/product\/balmain-mini-juuksehari-juuksepikendustele-hair-extension-brush-mini-pink\/#breadcrumb"},"inLanguage":"fi","potentialAction":[{"@type":"ReadAction","target":["https:\/\/hairdeluxe.ee\/fi\/product\/balmain-mini-juuksehari-juuksepikendustele-hair-extension-brush-mini-pink\/"]}]},{"@type":"ImageObject","inLanguage":"fi","@id":"https:\/\/hairdeluxe.ee\/fi\/product\/balmain-mini-juuksehari-juuksepikendustele-hair-extension-brush-mini-pink\/#primaryimage","url":"https:\/\/hairdeluxe.ee\/wp-content\/uploads\/2024\/02\/balmainhairprofessional_tools_limitededition_brush_mini_pink_le_pa_tl_b_mini_c1_23_01_lr.jpg","contentUrl":"https:\/\/hairdeluxe.ee\/wp-content\/uploads\/2024\/02\/balmainhairprofessional_tools_limitededition_brush_mini_pink_le_pa_tl_b_mini_c1_23_01_lr.jpg","width":1500,"height":1500},{"@type":"BreadcrumbList","@id":"https:\/\/hairdeluxe.ee\/fi\/product\/balmain-mini-juuksehari-juuksepikendustele-hair-extension-brush-mini-pink\/#breadcrumb","itemListElement":[{"@type":"ListItem","position":1,"name":"Home","item":"https:\/\/hairdeluxe.ee\/fi\/"},{"@type":"ListItem","position":2,"name":"Kauppa","item":"https:\/\/hairdeluxe.ee\/fi\/shop\/"},{"@type":"ListItem","position":3,"name":"BALMAIN HAIR mini juuksehari juuksepikendustele \/ Hair Extension Brush Mini Pink"}]},{"@type":"WebSite","@id":"https:\/\/hairdeluxe.ee\/fi\/#website","url":"https:\/\/hairdeluxe.ee\/fi\/","name":"Hair Deluxe","description":"Highlight your natural beauty","publisher":{"@id":"https:\/\/hairdeluxe.ee\/fi\/#organization"},"potentialAction":[{"@type":"SearchAction","target":{"@type":"EntryPoint","urlTemplate":"https:\/\/hairdeluxe.ee\/fi\/?s={search_term_string}"},"query-input":{"@type":"PropertyValueSpecification","valueRequired":true,"valueName":"search_term_string"}}],"inLanguage":"fi"},{"@type":"Organization","@id":"https:\/\/hairdeluxe.ee\/fi\/#organization","name":"Hair Deluxe","url":"https:\/\/hairdeluxe.ee\/fi\/","logo":{"@type":"ImageObject","inLanguage":"fi","@id":"https:\/\/hairdeluxe.ee\/fi\/#\/schema\/logo\/image\/","url":"https:\/\/hairdeluxe.ee\/wp-content\/uploads\/2024\/06\/Hair-Deluxe-Logo-Dark-font.png","contentUrl":"https:\/\/hairdeluxe.ee\/wp-content\/uploads\/2024\/06\/Hair-Deluxe-Logo-Dark-font.png","width":467,"height":177,"caption":"Hair Deluxe"},"image":{"@id":"https:\/\/hairdeluxe.ee\/fi\/#\/schema\/logo\/image\/"},"sameAs":["https:\/\/www.facebook.com\/blowbartallinn","https:\/\/www.instagram.com\/blowbar_tallinn"]}]}},"_links":{"self":[{"href":"https:\/\/hairdeluxe.ee\/fi\/wp-json\/wp\/v2\/product\/35434","targetHints":{"allow":["GET"]}}],"collection":[{"href":"https:\/\/hairdeluxe.ee\/fi\/wp-json\/wp\/v2\/product"}],"about":[{"href":"https:\/\/hairdeluxe.ee\/fi\/wp-json\/wp\/v2\/types\/product"}],"wp:featuredmedia":[{"embeddable":true,"href":"https:\/\/hairdeluxe.ee\/fi\/wp-json\/wp\/v2\/media\/35758"}],"wp:attachment":[{"href":"https:\/\/hairdeluxe.ee\/fi\/wp-json\/wp\/v2\/media?parent=35434"}],"wp:term":[{"taxonomy":"product_brand","embeddable":true,"href":"https:\/\/hairdeluxe.ee\/fi\/wp-json\/wp\/v2\/product_brand?post=35434"},{"taxonomy":"product_cat","embeddable":true,"href":"https:\/\/hairdeluxe.ee\/fi\/wp-json\/wp\/v2\/product_cat?post=35434"},{"taxonomy":"product_tag","embeddable":true,"href":"https:\/\/hairdeluxe.ee\/fi\/wp-json\/wp\/v2\/product_tag?post=35434"}],"curies":[{"name":"wp","href":"https:\/\/api.w.org\/{rel}","templated":true}]}}