{"id":35667,"date":"2024-02-03T09:53:52","date_gmt":"2024-02-03T07:53:52","guid":{"rendered":"https:\/\/blowbar.ee\/toode\/balmain-hair-kingitustekalender-joulud-rohe-kuldne-christmas-gift-calendar-large-green-gold\/"},"modified":"2025-03-18T19:22:27","modified_gmt":"2025-03-18T19:22:27","slug":"balmain-kingitustekalender-joulud-rohe-kuldne-christmas-gift-calendar-large-green-gold","status":"publish","type":"product","link":"https:\/\/hairdeluxe.ee\/fi\/product\/balmain-kingitustekalender-joulud-rohe-kuldne-christmas-gift-calendar-large-green-gold\/","title":{"rendered":"BALMAIN HAIR kingitustekalender j\u00f5ulud rohe-kuldne \/ Christmas Gift Calendar Large Green &#038; Gold"},"content":{"rendered":"<p><strong>Balmain Hair Moisturizing Shampoo 50ml travel<\/strong><br \/>\n<strong><em>Koostis:\u00a0<\/em><\/strong><em>Aqua, Sodium Laureth Sulfate, Cocamidopropyl Hydroxysultaine, Disodium Cocoamphodiacetate, Decyl Glucoside, Glycerin, Glycol Distearate, Argania Spinosa Kernel Oil, Silk Amino Acids, Panthenol, Polyquaternium-53, Cocamidopropyl Betaine, Laureth-4, Dimethylpabamidopropyl Lauryldimonium Tosylate, Ethylhexyl Methoxycinnamate, Amodimethicone\/Morpholinomethyl Silsesquioxane Copolymer, Peg\/Ppg-15\/15 Dimethicone, Trideceth-5, Polyquaternium-10, Parfum, Xanthan Gum, Peg-18 Glyceryl Oleate\/Cocoate, Phenoxyethanol, Iodopropynyl Butylcarbamate, Lactic Acid.<\/em><\/p>\n<p><strong>Balmain Hair Moisturizing Conditioner 50ml travel<br \/>\n<\/strong><strong><em>Koostis: <\/em><\/strong><em>Aqua, Cetearyl Alcohol, Behentrimonium Chloride, Dipalmitoylethyl Hydroxyethylmonium Methosulfate , Bis-Diglyceryl Polyacyladipate-2, Cetrimonium Chloride, Argania Spinosa Kernel Oil, Silk Amino Acids, Panthenol, Dimethylpabamidopropyl Lauryldimonium Tosylate, Propylene Glycol Stearate, Ceteareth-20, Quaternium-80, Polyquaternium-16, Ethylhexyl Methoxycinnamate, Phenoxyethanol, Ethylhexylglycerin, Parfum, Citric Acid.<\/em><\/p>\n<p><strong>Balmain Hair Thermal Protection Spray 200ml<br \/>\n<\/strong><em><strong>Koostis: <\/strong>Aqua, Alcohol Denat., PEG-12 Dimethicone, Butylene Glycol, Sodium Laneth-40 Maleate\/Styrene Sulfonate Copolymer, Hydrolyzed Vegetable Protein PG-propyl Silanetriol, Silk Amino Acids, Argania Spinosa Kernel Extract, VP\/VA Copolymer, Polysorbate 20, PEG-40 Hydrogenated Castor Oil, Ethylhexyl Methoxycinnamate, Benzophenone-4, Panthenol, Parfum, Phenoxyethanol, Potassium Sorbate, Benzoic Acid, EDTA, Sodium Hydroxide, CI 16255.<\/em><\/p>\n<p><strong>Balmain Hair Argan Moisturizing Elixir 100ml<br \/>\n<\/strong><strong><em>Koostis:\u00a0<\/em><\/strong><em>Cyclopentasiloxane, Dimethiconol, Argania Spinoza Kernel Oil, Trimethylsiloxyphenyl Dimethicone, Silk Amino Acids, Ethylhexyl Methoxycinnamate, Parfum<\/em><\/p>\n<p class=\"product-title product_title entry-title\"><strong>Balmain Hair Leave-in Conditioning Spray 200ml<br \/>\n<\/strong><em><b>Koostis:\u00a0<\/b>Aqua, Cetearyl Alcohol, Glyceryl Stearate, Stearamidopropyl Dimethylamine, Argania Spinosa Kernel Oil, Silk Amino Acids, Panthenol, Dimethylpabamidopropyl Lauryldimonium Tosylate, Propylene Glycol Stearate, Sodium Cocoyl Amino Acids, Potassium Dimethicone PEG-7 Panthenyl Phosphate, Behenoyl PG-Trimonium Chloride, Quaternium-80, Amodimethicone, C11-15 Paret h-7, Laureth-9, Glycerin, Trideceth-12, Ethylhexyl Methoxycinnamate, Ceteareth-20, Phenoxyethanol, Ethylhexylglycerin, Polyquaternium-37, Propylene Glycol Dicaprylate\/ Dicaprate, PPG-1 Trideceth-6, Parfum, Citric Acid.<br \/>\n<\/em><\/p>\n<p class=\"product-title product_title entry-title\"><strong>Balmain Hair\u00a0Texturizing Salt Spray 50ml travel<br \/>\n<\/strong><em><strong>Koostis:\u00a0<\/strong>Aqua, Alcohol Denat., Sorbitol, Polyacrylate-22, Sodium Chloride (Sea Salt), Silk Amino Acids, Panthenol, Glycerin, Ethylhexyl Methoxycinnamate, Parfum, CI 13015, CI 16255<br \/>\n<\/em><\/p>\n<p class=\"product-title product_title entry-title\"><strong>Balmain Hair Styling Powder 11g<\/strong><em><br \/>\n<strong>Koostis:\u00a0<\/strong>Aqua, Silica Silylate, Pvp, Vp\/Va Copolymer, Alcohol, Sodium Benzoate, Citric Acid<br \/>\n<\/em><\/p>\n","protected":false},"excerpt":{"rendered":"<p>Iga aasta l\u00f5pul p\u00e4evade lugemine p\u00fchade ajal kuni j\u00f5uludeni on iidne rituaal, mis p\u00e4rineb 19. sajandi keskpaigast.<br \/>\nTraditsioon sai alguse k\u00fc\u00fcnalde s\u00fc\u00fctamisest, et p\u00e4evi lugeda. Uus muutus saabus, kui \u00fcks Saksa ajaleht lisas oma ajalehtedele 24 v\u00e4rvilise uksega loenduslehe. S\u00fcndis advendikalendrite maailm, alates pidulike m\u00e4rkmetega kuni ilusasse paberisse pakitud v\u00e4ikeste \u0161okolaadidega kalendriteni.<br \/>\n2017. aastal t\u00f5i Balmain Hair Couture turule maailma esimese luksusliku juuksekosmeetika kingituste kalendri\u00a010-p\u00e4evase loendusega p\u00fchadehooajaks.<\/p>\n<p>T\u00e4navune Balmain Hair Couture&#8217;i kingituste kalender on ood ikoonilisele balletile P\u00e4hklipureja &#8211; &#8221;Casse Noisette&#8221;. Igas pidulikus karbis on \u00fcks Balmain Hair Couture&#8217;i k\u00fcmnest parimast ilutootest.<br \/>\nBalmain Nutcracker Army, mis on riietatud 2022. aasta s\u00fcgis\/talve signatuurkollektsiooni Balmain Military jakkidesse, s\u00fcmboliseerib p\u00fchadeh\u00f5ngu.<br \/>\nSisaldab Balmain Hair Couture 10 lemmikut toodet p\u00fchadehooaja t\u00e4histamiseks.<br \/>\n&#8211; Ideaalne kingitus<br \/>\n&#8211; Sisaldab 10 Balmain Hair Couture lemmikut<br \/>\n&#8211; Piiratud v\u00e4ljaanne<\/p>\n<p><strong>Komplekt sisaldab 10 luksuslikku toodet<\/strong>:<br \/>\n<a href=\"https:\/\/www.balmainhair.ee\/toode\/balmain-hair-mini-all-purpose-spa-brush-mini-hari-juuksed-soeng\/\">&#8211; Mini All Purpose pusadevastane hari<\/a><br \/>\n<a href=\"https:\/\/www.balmainhair.ee\/toode\/balmain-juukseid-sugavuti-niisutav-sampoon-reisile-moisturizing-shampoo-travel-50ml\/\">&#8211; Niisutav shampoon 50ml<\/a><br \/>\n<a href=\"https:\/\/www.balmainhair.ee\/toode\/niisutav-juuksepalsam-50ml-reisile-moisturizing-conditioner\/\">&#8211; Niisutav palsam 50ml<\/a><br \/>\n&#8211; <a href=\"https:\/\/www.balmainhair.ee\/toode\/kuumakaitse-sprei-200ml-thermal-protection-spray\/\">Kuumakaitse sprei 200ml<\/a><br \/>\n<a href=\"https:\/\/www.balmainhair.ee\/toode\/sugavniisutav-eliksiir-seerum-argaaniaoliga-argan-moisturizing-elixir-100ml\/\">&#8211; Niisutav argaaniaeliksiir 100ml<\/a><br \/>\n&#8211; Signatuurl\u00f5hnaline k\u00fc\u00fcnal<br \/>\n<a href=\"https:\/\/www.balmainhair.ee\/toode\/balmain-hair-juustesse-jaetav-spreipalsam-leave-in-conditioning-spray-200ml\/\">&#8211; Juustesse j\u00e4etav palsam 200ml<\/a><br \/>\n<a href=\"https:\/\/www.balmainhair.ee\/toode\/balmain-hair-juustele-tekstuuri-andev-soolasprei-reisile-texturizing-salt-spray-50ml-travel\/\">&#8211; Tekstuuri andev soolasprei 50ml<\/a><br \/>\n&#8211; <a href=\"https:\/\/www.balmainhair.ee\/toode\/balmain-hair-juuste-stiliseerimispuuder-styling-powder-11g\/\">Juuste stiliseerimispuuder 11g<\/a><br \/>\n&#8211; Balmain Army kollektsiooni kuuseehe<\/p>\n","protected":false},"featured_media":35664,"template":"","meta":[],"product_brand":[464],"product_cat":[266,265,206,114,129,130,121,214],"product_tag":[],"class_list":{"0":"post-35667","1":"product","2":"type-product","3":"status-publish","4":"has-post-thumbnail","6":"product_brand-balmain-hair","7":"product_cat-balmain-hair","8":"product_cat-brandid","9":"product_cat-erikollektsioonid","10":"product_cat-eripakkumised","11":"product_cat-kingitused","12":"product_cat-kinkekomplektid","13":"product_cat-koik-tooted","14":"product_cat-kuumakaitse","16":"first","17":"instock","18":"taxable","19":"shipping-taxable","20":"purchasable","21":"product-type-simple","22":"add-to-wishlist-after_add_to_cart"},"yoast_head":"<!-- This site is optimized with the Yoast SEO plugin v27.5 - https:\/\/yoast.com\/product\/yoast-seo-wordpress\/ -->\n<title>BALMAIN HAIR kingitustekalender j\u00f5ulud rohe-kuldne \/ Christmas Gift Calendar Large Green &amp; Gold - Hair Deluxe<\/title>\n<meta name=\"robots\" content=\"index, follow, max-snippet:-1, max-image-preview:large, max-video-preview:-1\" \/>\n<link rel=\"canonical\" href=\"https:\/\/hairdeluxe.ee\/fi\/product\/balmain-kingitustekalender-joulud-rohe-kuldne-christmas-gift-calendar-large-green-gold\/\" \/>\n<meta property=\"og:locale\" content=\"fi_FI\" \/>\n<meta property=\"og:type\" content=\"article\" \/>\n<meta property=\"og:title\" content=\"BALMAIN HAIR kingitustekalender j\u00f5ulud rohe-kuldne \/ Christmas Gift Calendar Large Green &amp; Gold - Hair Deluxe\" \/>\n<meta property=\"og:description\" content=\"Iga aasta l\u00f5pul p\u00e4evade lugemine p\u00fchade ajal kuni j\u00f5uludeni on iidne rituaal, mis p\u00e4rineb 19. sajandi keskpaigast. Traditsioon sai alguse k\u00fc\u00fcnalde s\u00fc\u00fctamisest, et p\u00e4evi lugeda. Uus muutus saabus, kui \u00fcks Saksa ajaleht lisas oma ajalehtedele 24 v\u00e4rvilise uksega loenduslehe. S\u00fcndis advendikalendrite maailm, alates pidulike m\u00e4rkmetega kuni ilusasse paberisse pakitud v\u00e4ikeste \u0161okolaadidega kalendriteni. 2017. aastal t\u00f5i Balmain Hair Couture turule maailma esimese luksusliku juuksekosmeetika kingituste kalendri\u00a010-p\u00e4evase loendusega p\u00fchadehooajaks.  T\u00e4navune Balmain Hair Couture&#039;i kingituste kalender on ood ikoonilisele balletile P\u00e4hklipureja - &quot;Casse Noisette&quot;. Igas pidulikus karbis on \u00fcks Balmain Hair Couture&#039;i k\u00fcmnest parimast ilutootest. Balmain Nutcracker Army, mis on riietatud 2022. aasta s\u00fcgis\/talve signatuurkollektsiooni Balmain Military jakkidesse, s\u00fcmboliseerib p\u00fchadeh\u00f5ngu. Sisaldab Balmain Hair Couture 10 lemmikut toodet p\u00fchadehooaja t\u00e4histamiseks. - Ideaalne kingitus - Sisaldab 10 Balmain Hair Couture lemmikut - Piiratud v\u00e4ljaanne  Komplekt sisaldab 10 luksuslikku toodet: - Mini All Purpose pusadevastane hari - Niisutav shampoon 50ml - Niisutav palsam 50ml - Kuumakaitse sprei 200ml - Niisutav argaaniaeliksiir 100ml - Signatuurl\u00f5hnaline k\u00fc\u00fcnal - Juustesse j\u00e4etav palsam 200ml - Tekstuuri andev soolasprei 50ml - Juuste stiliseerimispuuder 11g - Balmain Army kollektsiooni kuuseehe\" \/>\n<meta property=\"og:url\" content=\"https:\/\/hairdeluxe.ee\/fi\/product\/balmain-kingitustekalender-joulud-rohe-kuldne-christmas-gift-calendar-large-green-gold\/\" \/>\n<meta property=\"og:site_name\" content=\"Hair Deluxe\" \/>\n<meta property=\"article:publisher\" content=\"https:\/\/www.facebook.com\/blowbartallinn\" \/>\n<meta property=\"article:modified_time\" content=\"2025-03-18T19:22:27+00:00\" \/>\n<meta property=\"og:image\" content=\"https:\/\/hairdeluxe.ee\/wp-content\/uploads\/2024\/02\/balmainhair_limitededition_giftcalendar_fw22_large_open_le_hc_gift_c_l_fw22_800x800.jpg\" \/>\n\t<meta property=\"og:image:width\" content=\"800\" \/>\n\t<meta property=\"og:image:height\" content=\"800\" \/>\n\t<meta property=\"og:image:type\" content=\"image\/jpeg\" \/>\n<meta name=\"twitter:card\" content=\"summary_large_image\" \/>\n<meta name=\"twitter:label1\" content=\"Arvioitu lukuaika\" \/>\n\t<meta name=\"twitter:data1\" content=\"1 minuutti\" \/>\n<script type=\"application\/ld+json\" class=\"yoast-schema-graph\">{\"@context\":\"https:\\\/\\\/schema.org\",\"@graph\":[{\"@type\":\"WebPage\",\"@id\":\"https:\\\/\\\/hairdeluxe.ee\\\/fi\\\/product\\\/balmain-kingitustekalender-joulud-rohe-kuldne-christmas-gift-calendar-large-green-gold\\\/\",\"url\":\"https:\\\/\\\/hairdeluxe.ee\\\/fi\\\/product\\\/balmain-kingitustekalender-joulud-rohe-kuldne-christmas-gift-calendar-large-green-gold\\\/\",\"name\":\"BALMAIN HAIR kingitustekalender j\u00f5ulud rohe-kuldne \\\/ Christmas Gift Calendar Large Green & Gold - Hair Deluxe\",\"isPartOf\":{\"@id\":\"https:\\\/\\\/hairdeluxe.ee\\\/fi\\\/#website\"},\"primaryImageOfPage\":{\"@id\":\"https:\\\/\\\/hairdeluxe.ee\\\/fi\\\/product\\\/balmain-kingitustekalender-joulud-rohe-kuldne-christmas-gift-calendar-large-green-gold\\\/#primaryimage\"},\"image\":{\"@id\":\"https:\\\/\\\/hairdeluxe.ee\\\/fi\\\/product\\\/balmain-kingitustekalender-joulud-rohe-kuldne-christmas-gift-calendar-large-green-gold\\\/#primaryimage\"},\"thumbnailUrl\":\"https:\\\/\\\/hairdeluxe.ee\\\/wp-content\\\/uploads\\\/2024\\\/02\\\/balmainhair_limitededition_giftcalendar_fw22_large_open_le_hc_gift_c_l_fw22_800x800.jpg\",\"datePublished\":\"2024-02-03T07:53:52+00:00\",\"dateModified\":\"2025-03-18T19:22:27+00:00\",\"breadcrumb\":{\"@id\":\"https:\\\/\\\/hairdeluxe.ee\\\/fi\\\/product\\\/balmain-kingitustekalender-joulud-rohe-kuldne-christmas-gift-calendar-large-green-gold\\\/#breadcrumb\"},\"inLanguage\":\"fi\",\"potentialAction\":[{\"@type\":\"ReadAction\",\"target\":[\"https:\\\/\\\/hairdeluxe.ee\\\/fi\\\/product\\\/balmain-kingitustekalender-joulud-rohe-kuldne-christmas-gift-calendar-large-green-gold\\\/\"]}]},{\"@type\":\"ImageObject\",\"inLanguage\":\"fi\",\"@id\":\"https:\\\/\\\/hairdeluxe.ee\\\/fi\\\/product\\\/balmain-kingitustekalender-joulud-rohe-kuldne-christmas-gift-calendar-large-green-gold\\\/#primaryimage\",\"url\":\"https:\\\/\\\/hairdeluxe.ee\\\/wp-content\\\/uploads\\\/2024\\\/02\\\/balmainhair_limitededition_giftcalendar_fw22_large_open_le_hc_gift_c_l_fw22_800x800.jpg\",\"contentUrl\":\"https:\\\/\\\/hairdeluxe.ee\\\/wp-content\\\/uploads\\\/2024\\\/02\\\/balmainhair_limitededition_giftcalendar_fw22_large_open_le_hc_gift_c_l_fw22_800x800.jpg\",\"width\":800,\"height\":800},{\"@type\":\"BreadcrumbList\",\"@id\":\"https:\\\/\\\/hairdeluxe.ee\\\/fi\\\/product\\\/balmain-kingitustekalender-joulud-rohe-kuldne-christmas-gift-calendar-large-green-gold\\\/#breadcrumb\",\"itemListElement\":[{\"@type\":\"ListItem\",\"position\":1,\"name\":\"Home\",\"item\":\"https:\\\/\\\/hairdeluxe.ee\\\/fi\\\/\"},{\"@type\":\"ListItem\",\"position\":2,\"name\":\"Kauppa\",\"item\":\"https:\\\/\\\/hairdeluxe.ee\\\/fi\\\/shop\\\/\"},{\"@type\":\"ListItem\",\"position\":3,\"name\":\"BALMAIN HAIR kingitustekalender j\u00f5ulud rohe-kuldne \\\/ Christmas Gift Calendar Large Green &#038; Gold\"}]},{\"@type\":\"WebSite\",\"@id\":\"https:\\\/\\\/hairdeluxe.ee\\\/fi\\\/#website\",\"url\":\"https:\\\/\\\/hairdeluxe.ee\\\/fi\\\/\",\"name\":\"Hair Deluxe\",\"description\":\"Highlight your natural beauty\",\"publisher\":{\"@id\":\"https:\\\/\\\/hairdeluxe.ee\\\/fi\\\/#organization\"},\"potentialAction\":[{\"@type\":\"SearchAction\",\"target\":{\"@type\":\"EntryPoint\",\"urlTemplate\":\"https:\\\/\\\/hairdeluxe.ee\\\/fi\\\/?s={search_term_string}\"},\"query-input\":{\"@type\":\"PropertyValueSpecification\",\"valueRequired\":true,\"valueName\":\"search_term_string\"}}],\"inLanguage\":\"fi\"},{\"@type\":\"Organization\",\"@id\":\"https:\\\/\\\/hairdeluxe.ee\\\/fi\\\/#organization\",\"name\":\"Hair Deluxe\",\"url\":\"https:\\\/\\\/hairdeluxe.ee\\\/fi\\\/\",\"logo\":{\"@type\":\"ImageObject\",\"inLanguage\":\"fi\",\"@id\":\"https:\\\/\\\/hairdeluxe.ee\\\/fi\\\/#\\\/schema\\\/logo\\\/image\\\/\",\"url\":\"https:\\\/\\\/hairdeluxe.ee\\\/wp-content\\\/uploads\\\/2024\\\/06\\\/Hair-Deluxe-Logo-Dark-font.png\",\"contentUrl\":\"https:\\\/\\\/hairdeluxe.ee\\\/wp-content\\\/uploads\\\/2024\\\/06\\\/Hair-Deluxe-Logo-Dark-font.png\",\"width\":467,\"height\":177,\"caption\":\"Hair Deluxe\"},\"image\":{\"@id\":\"https:\\\/\\\/hairdeluxe.ee\\\/fi\\\/#\\\/schema\\\/logo\\\/image\\\/\"},\"sameAs\":[\"https:\\\/\\\/www.facebook.com\\\/blowbartallinn\",\"https:\\\/\\\/www.instagram.com\\\/blowbar_tallinn\"]}]}<\/script>\n<!-- \/ Yoast SEO plugin. -->","yoast_head_json":{"title":"BALMAIN HAIR kingitustekalender j\u00f5ulud rohe-kuldne \/ Christmas Gift Calendar Large Green & Gold - Hair Deluxe","robots":{"index":"index","follow":"follow","max-snippet":"max-snippet:-1","max-image-preview":"max-image-preview:large","max-video-preview":"max-video-preview:-1"},"canonical":"https:\/\/hairdeluxe.ee\/fi\/product\/balmain-kingitustekalender-joulud-rohe-kuldne-christmas-gift-calendar-large-green-gold\/","og_locale":"fi_FI","og_type":"article","og_title":"BALMAIN HAIR kingitustekalender j\u00f5ulud rohe-kuldne \/ Christmas Gift Calendar Large Green & Gold - Hair Deluxe","og_description":"Iga aasta l\u00f5pul p\u00e4evade lugemine p\u00fchade ajal kuni j\u00f5uludeni on iidne rituaal, mis p\u00e4rineb 19. sajandi keskpaigast. Traditsioon sai alguse k\u00fc\u00fcnalde s\u00fc\u00fctamisest, et p\u00e4evi lugeda. Uus muutus saabus, kui \u00fcks Saksa ajaleht lisas oma ajalehtedele 24 v\u00e4rvilise uksega loenduslehe. S\u00fcndis advendikalendrite maailm, alates pidulike m\u00e4rkmetega kuni ilusasse paberisse pakitud v\u00e4ikeste \u0161okolaadidega kalendriteni. 2017. aastal t\u00f5i Balmain Hair Couture turule maailma esimese luksusliku juuksekosmeetika kingituste kalendri\u00a010-p\u00e4evase loendusega p\u00fchadehooajaks.  T\u00e4navune Balmain Hair Couture'i kingituste kalender on ood ikoonilisele balletile P\u00e4hklipureja - \"Casse Noisette\". Igas pidulikus karbis on \u00fcks Balmain Hair Couture'i k\u00fcmnest parimast ilutootest. Balmain Nutcracker Army, mis on riietatud 2022. aasta s\u00fcgis\/talve signatuurkollektsiooni Balmain Military jakkidesse, s\u00fcmboliseerib p\u00fchadeh\u00f5ngu. Sisaldab Balmain Hair Couture 10 lemmikut toodet p\u00fchadehooaja t\u00e4histamiseks. - Ideaalne kingitus - Sisaldab 10 Balmain Hair Couture lemmikut - Piiratud v\u00e4ljaanne  Komplekt sisaldab 10 luksuslikku toodet: - Mini All Purpose pusadevastane hari - Niisutav shampoon 50ml - Niisutav palsam 50ml - Kuumakaitse sprei 200ml - Niisutav argaaniaeliksiir 100ml - Signatuurl\u00f5hnaline k\u00fc\u00fcnal - Juustesse j\u00e4etav palsam 200ml - Tekstuuri andev soolasprei 50ml - Juuste stiliseerimispuuder 11g - Balmain Army kollektsiooni kuuseehe","og_url":"https:\/\/hairdeluxe.ee\/fi\/product\/balmain-kingitustekalender-joulud-rohe-kuldne-christmas-gift-calendar-large-green-gold\/","og_site_name":"Hair Deluxe","article_publisher":"https:\/\/www.facebook.com\/blowbartallinn","article_modified_time":"2025-03-18T19:22:27+00:00","og_image":[{"width":800,"height":800,"url":"https:\/\/hairdeluxe.ee\/wp-content\/uploads\/2024\/02\/balmainhair_limitededition_giftcalendar_fw22_large_open_le_hc_gift_c_l_fw22_800x800.jpg","type":"image\/jpeg"}],"twitter_card":"summary_large_image","twitter_misc":{"Arvioitu lukuaika":"1 minuutti"},"schema":{"@context":"https:\/\/schema.org","@graph":[{"@type":"WebPage","@id":"https:\/\/hairdeluxe.ee\/fi\/product\/balmain-kingitustekalender-joulud-rohe-kuldne-christmas-gift-calendar-large-green-gold\/","url":"https:\/\/hairdeluxe.ee\/fi\/product\/balmain-kingitustekalender-joulud-rohe-kuldne-christmas-gift-calendar-large-green-gold\/","name":"BALMAIN HAIR kingitustekalender j\u00f5ulud rohe-kuldne \/ Christmas Gift Calendar Large Green & Gold - Hair Deluxe","isPartOf":{"@id":"https:\/\/hairdeluxe.ee\/fi\/#website"},"primaryImageOfPage":{"@id":"https:\/\/hairdeluxe.ee\/fi\/product\/balmain-kingitustekalender-joulud-rohe-kuldne-christmas-gift-calendar-large-green-gold\/#primaryimage"},"image":{"@id":"https:\/\/hairdeluxe.ee\/fi\/product\/balmain-kingitustekalender-joulud-rohe-kuldne-christmas-gift-calendar-large-green-gold\/#primaryimage"},"thumbnailUrl":"https:\/\/hairdeluxe.ee\/wp-content\/uploads\/2024\/02\/balmainhair_limitededition_giftcalendar_fw22_large_open_le_hc_gift_c_l_fw22_800x800.jpg","datePublished":"2024-02-03T07:53:52+00:00","dateModified":"2025-03-18T19:22:27+00:00","breadcrumb":{"@id":"https:\/\/hairdeluxe.ee\/fi\/product\/balmain-kingitustekalender-joulud-rohe-kuldne-christmas-gift-calendar-large-green-gold\/#breadcrumb"},"inLanguage":"fi","potentialAction":[{"@type":"ReadAction","target":["https:\/\/hairdeluxe.ee\/fi\/product\/balmain-kingitustekalender-joulud-rohe-kuldne-christmas-gift-calendar-large-green-gold\/"]}]},{"@type":"ImageObject","inLanguage":"fi","@id":"https:\/\/hairdeluxe.ee\/fi\/product\/balmain-kingitustekalender-joulud-rohe-kuldne-christmas-gift-calendar-large-green-gold\/#primaryimage","url":"https:\/\/hairdeluxe.ee\/wp-content\/uploads\/2024\/02\/balmainhair_limitededition_giftcalendar_fw22_large_open_le_hc_gift_c_l_fw22_800x800.jpg","contentUrl":"https:\/\/hairdeluxe.ee\/wp-content\/uploads\/2024\/02\/balmainhair_limitededition_giftcalendar_fw22_large_open_le_hc_gift_c_l_fw22_800x800.jpg","width":800,"height":800},{"@type":"BreadcrumbList","@id":"https:\/\/hairdeluxe.ee\/fi\/product\/balmain-kingitustekalender-joulud-rohe-kuldne-christmas-gift-calendar-large-green-gold\/#breadcrumb","itemListElement":[{"@type":"ListItem","position":1,"name":"Home","item":"https:\/\/hairdeluxe.ee\/fi\/"},{"@type":"ListItem","position":2,"name":"Kauppa","item":"https:\/\/hairdeluxe.ee\/fi\/shop\/"},{"@type":"ListItem","position":3,"name":"BALMAIN HAIR kingitustekalender j\u00f5ulud rohe-kuldne \/ Christmas Gift Calendar Large Green &#038; Gold"}]},{"@type":"WebSite","@id":"https:\/\/hairdeluxe.ee\/fi\/#website","url":"https:\/\/hairdeluxe.ee\/fi\/","name":"Hair Deluxe","description":"Highlight your natural beauty","publisher":{"@id":"https:\/\/hairdeluxe.ee\/fi\/#organization"},"potentialAction":[{"@type":"SearchAction","target":{"@type":"EntryPoint","urlTemplate":"https:\/\/hairdeluxe.ee\/fi\/?s={search_term_string}"},"query-input":{"@type":"PropertyValueSpecification","valueRequired":true,"valueName":"search_term_string"}}],"inLanguage":"fi"},{"@type":"Organization","@id":"https:\/\/hairdeluxe.ee\/fi\/#organization","name":"Hair Deluxe","url":"https:\/\/hairdeluxe.ee\/fi\/","logo":{"@type":"ImageObject","inLanguage":"fi","@id":"https:\/\/hairdeluxe.ee\/fi\/#\/schema\/logo\/image\/","url":"https:\/\/hairdeluxe.ee\/wp-content\/uploads\/2024\/06\/Hair-Deluxe-Logo-Dark-font.png","contentUrl":"https:\/\/hairdeluxe.ee\/wp-content\/uploads\/2024\/06\/Hair-Deluxe-Logo-Dark-font.png","width":467,"height":177,"caption":"Hair Deluxe"},"image":{"@id":"https:\/\/hairdeluxe.ee\/fi\/#\/schema\/logo\/image\/"},"sameAs":["https:\/\/www.facebook.com\/blowbartallinn","https:\/\/www.instagram.com\/blowbar_tallinn"]}]}},"_links":{"self":[{"href":"https:\/\/hairdeluxe.ee\/fi\/wp-json\/wp\/v2\/product\/35667","targetHints":{"allow":["GET"]}}],"collection":[{"href":"https:\/\/hairdeluxe.ee\/fi\/wp-json\/wp\/v2\/product"}],"about":[{"href":"https:\/\/hairdeluxe.ee\/fi\/wp-json\/wp\/v2\/types\/product"}],"wp:featuredmedia":[{"embeddable":true,"href":"https:\/\/hairdeluxe.ee\/fi\/wp-json\/wp\/v2\/media\/35664"}],"wp:attachment":[{"href":"https:\/\/hairdeluxe.ee\/fi\/wp-json\/wp\/v2\/media?parent=35667"}],"wp:term":[{"taxonomy":"product_brand","embeddable":true,"href":"https:\/\/hairdeluxe.ee\/fi\/wp-json\/wp\/v2\/product_brand?post=35667"},{"taxonomy":"product_cat","embeddable":true,"href":"https:\/\/hairdeluxe.ee\/fi\/wp-json\/wp\/v2\/product_cat?post=35667"},{"taxonomy":"product_tag","embeddable":true,"href":"https:\/\/hairdeluxe.ee\/fi\/wp-json\/wp\/v2\/product_tag?post=35667"}],"curies":[{"name":"wp","href":"https:\/\/api.w.org\/{rel}","templated":true}]}}