{"id":35671,"date":"2024-02-03T09:54:00","date_gmt":"2024-02-03T07:54:00","guid":{"rendered":"https:\/\/blowbar.ee\/toode\/balmain-hair-kingitustekalender-joulud-2022-christmas-gift-calendar-medium-fw22-2\/"},"modified":"2025-03-18T19:22:26","modified_gmt":"2025-03-18T19:22:26","slug":"balmain-kingitustekalender-joulud-2022-christmas-gift-calendar-medium-fw22-2","status":"publish","type":"product","link":"https:\/\/hairdeluxe.ee\/fi\/product\/balmain-kingitustekalender-joulud-2022-christmas-gift-calendar-medium-fw22-2\/","title":{"rendered":"BALMAIN HAIR kingitustekalender j\u00f5ulud \/ Christmas Gift Calendar Medium FW22"},"content":{"rendered":"<p><strong>Balmain Hair Leave-in Conditioning Spray 200ml<\/strong><em><strong><br \/>\nKoostis:<\/strong>\u00a0Aqua, Cetearyl Alcohol, Glyceryl Stearate, Stearamidopropyl Dimethylamine, Argania Spinosa Kernel Oil, Silk Amino Acids, Panthenol, Dimethylpabamidopropyl Lauryldimonium Tosylate, Propylene Glycol Stearate, Sodium Cocoyl Amino Acids, Potassium Dimethicone PEG-7 Panthenyl Phosphate, Behenoyl PG-Trimonium Chloride, Quaternium-80, Amodimethicone, C11-15 Paret h-7, Laureth-9, Glycerin, Trideceth-12, Ethylhexyl Methoxycinnamate, Ceteareth-20, Phenoxyethanol, Ethylhexylglycerin, Polyquaternium-37, Propylene Glycol Dicaprylate\/ Dicaprate, PPG-1 Trideceth-6, Parfum, Citric Acid.<\/em><\/p>\n<p class=\"product-title product_title entry-title\"><strong>Balmain Hair Moisturizing Styling Cream 150ml<br \/>\n<\/strong><strong><em>Koostis:\u00a0<\/em><\/strong><em>Aqua, Cetyl Alcohol, Propylene Glycol, Ethylhexyl Palmitate, Glyceryl Stearate, Ceteareth-20, Argania Spinosa Kernel Oil, Silk Amino Acids, Panthenol, Tocopheryl Acetate, Hydrolyzed Vegetable Protein PG-propyl Silanetriol, Cetrimonium Chloride, Polyquaternium-7, Ethylhexy Methoxycinnamate, Dimethicone, Polyquaternium-37, Propylene Glycol Dicaprylate Dicaprate, PPG-1 Trideceth-6, C10-11 Isoparaffin, Sorbitan Oleate, Acrylates\/Stearyl Methacrylate Copolymer, Pantolactone, Citric Acid, Parfum, Phenoxyethanol, Ethylhexylglycerin, Potassium Sorbate, Disodium EDTA, Benzoic Acid.<\/em><\/p>\n<p class=\"product-title product_title entry-title\"><strong>Balmain Hair Argan Moisturizing Elixir 100ml<br \/>\n<\/strong><strong><em>Koostis:\u00a0<\/em><\/strong><em>Cyclopentasiloxane, Dimethiconol, Argania Spinoza Kernel Oil, Trimethylsiloxyphenyl Dimethicone, Silk Amino Acids, Ethylhexyl Methoxycinnamate, Parfum<\/em><\/p>\n<p>&nbsp;<\/p>\n","protected":false},"excerpt":{"rendered":"<p>Iga aasta l\u00f5pul p\u00e4evade lugemine p\u00fchade ajal kuni j\u00f5uludeni on iidne rituaal, mis p\u00e4rineb 19. sajandi keskpaigast.<br \/>\nTraditsioon sai alguse k\u00fc\u00fcnalde s\u00fc\u00fctamisest, et p\u00e4evi lugeda. Uus muutus saabus, kui \u00fcks Saksa ajaleht lisas oma ajalehtedele 24 v\u00e4rvilise uksega loenduslehe. S\u00fcndis advendikalendrite maailm, alates pidulike m\u00e4rkmetega kuni ilusasse paberisse pakitud v\u00e4ikeste \u0161okolaadidega kalendriteni.<br \/>\n2017. aastal t\u00f5i Balmain Hair Couture turule maailma esimese luksusliku juuksekosmeetika kingituste kalendri\u00a010-p\u00e4evase loendusega p\u00fchadehooajaks.<\/p>\n<p>T\u00e4navune Balmain Hair Couture\u2019i kingituste kalender on ood ikoonilisele balletile P\u00e4hklipureja &#8211; \u201cCasse Noisette\u201d. Igas pidulikus karbis on \u00fcks Balmain Hair Couture\u2019i 5 parimast ilutootest.<br \/>\nBalmain Nutcracker Army, mis on riietatud 2022. aasta s\u00fcgis\/talve signatuurkollektsiooni Balmain Military jakkidesse, s\u00fcmboliseerib p\u00fchadeh\u00f5ngu.<br \/>\nSisaldab Balmain Hair Couture 5 lemmikut toodet p\u00fchadehooaja t\u00e4histamiseks.<br \/>\n&#8211; Ideaalne kingitus<br \/>\n&#8211; Sisaldab 5 Balmain Hair Couture lemmikut<br \/>\n&#8211; Piiratud v\u00e4ljaanne<\/p>\n<p><strong>Komplekt sisaldab<\/strong>:<br \/>\n&#8211; <a href=\"https:\/\/www.balmainhair.ee\/toode\/balmain-hair-juustesse-jaetav-spreipalsam-leave-in-conditioning-spray-200ml\/\">Leave-in Conditioner 200ml<\/a><br \/>\n<a href=\"https:\/\/www.balmainhair.ee\/toode\/balmain-curl-cream-150-ml\/\">&#8211; Moisturizing Styling Cream 150ml<\/a><br \/>\n<a href=\"https:\/\/www.balmainhair.ee\/toode\/sugavniisutav-eliksiir-seerum-argaaniaoliga-argan-moisturizing-elixir-100ml\/\">&#8211; Argan Moisturizing Elixir 100ml<\/a><br \/>\n&#8211; Balmain Army kollektsiooni kuuseehe<br \/>\n&#8211; Signatuurtuurl\u00f5hnaline disaink\u00fc\u00fcnal<\/p>\n","protected":false},"featured_media":35668,"template":"","meta":[],"product_brand":[464],"product_cat":[266,265,206,114,129,130,121],"product_tag":[],"class_list":{"0":"post-35671","1":"product","2":"type-product","3":"status-publish","4":"has-post-thumbnail","6":"product_brand-balmain-hair","7":"product_cat-balmain-hair","8":"product_cat-brandid","9":"product_cat-erikollektsioonid","10":"product_cat-eripakkumised","11":"product_cat-kingitused","12":"product_cat-kinkekomplektid","13":"product_cat-koik-tooted","15":"first","16":"instock","17":"taxable","18":"shipping-taxable","19":"purchasable","20":"product-type-simple","21":"add-to-wishlist-after_add_to_cart"},"yoast_head":"<!-- This site is optimized with the Yoast SEO plugin v27.4 - https:\/\/yoast.com\/product\/yoast-seo-wordpress\/ -->\n<title>BALMAIN HAIR kingitustekalender j\u00f5ulud \/ Christmas Gift Calendar Medium FW22 - Hair Deluxe<\/title>\n<meta name=\"robots\" content=\"index, follow, max-snippet:-1, max-image-preview:large, max-video-preview:-1\" \/>\n<link rel=\"canonical\" href=\"https:\/\/hairdeluxe.ee\/fi\/product\/balmain-kingitustekalender-joulud-2022-christmas-gift-calendar-medium-fw22-2\/\" \/>\n<meta property=\"og:locale\" content=\"fi_FI\" \/>\n<meta property=\"og:type\" content=\"article\" \/>\n<meta property=\"og:title\" content=\"BALMAIN HAIR kingitustekalender j\u00f5ulud \/ Christmas Gift Calendar Medium FW22 - Hair Deluxe\" \/>\n<meta property=\"og:description\" content=\"Iga aasta l\u00f5pul p\u00e4evade lugemine p\u00fchade ajal kuni j\u00f5uludeni on iidne rituaal, mis p\u00e4rineb 19. sajandi keskpaigast. Traditsioon sai alguse k\u00fc\u00fcnalde s\u00fc\u00fctamisest, et p\u00e4evi lugeda. Uus muutus saabus, kui \u00fcks Saksa ajaleht lisas oma ajalehtedele 24 v\u00e4rvilise uksega loenduslehe. S\u00fcndis advendikalendrite maailm, alates pidulike m\u00e4rkmetega kuni ilusasse paberisse pakitud v\u00e4ikeste \u0161okolaadidega kalendriteni. 2017. aastal t\u00f5i Balmain Hair Couture turule maailma esimese luksusliku juuksekosmeetika kingituste kalendri\u00a010-p\u00e4evase loendusega p\u00fchadehooajaks.  T\u00e4navune Balmain Hair Couture\u2019i kingituste kalender on ood ikoonilisele balletile P\u00e4hklipureja - \u201cCasse Noisette\u201d. Igas pidulikus karbis on \u00fcks Balmain Hair Couture\u2019i 5 parimast ilutootest. Balmain Nutcracker Army, mis on riietatud 2022. aasta s\u00fcgis\/talve signatuurkollektsiooni Balmain Military jakkidesse, s\u00fcmboliseerib p\u00fchadeh\u00f5ngu. Sisaldab Balmain Hair Couture 5 lemmikut toodet p\u00fchadehooaja t\u00e4histamiseks. - Ideaalne kingitus - Sisaldab 5 Balmain Hair Couture lemmikut - Piiratud v\u00e4ljaanne  Komplekt sisaldab: - Leave-in Conditioner 200ml - Moisturizing Styling Cream 150ml - Argan Moisturizing Elixir 100ml - Balmain Army kollektsiooni kuuseehe - Signatuurtuurl\u00f5hnaline disaink\u00fc\u00fcnal\" \/>\n<meta property=\"og:url\" content=\"https:\/\/hairdeluxe.ee\/fi\/product\/balmain-kingitustekalender-joulud-2022-christmas-gift-calendar-medium-fw22-2\/\" \/>\n<meta property=\"og:site_name\" content=\"Hair Deluxe\" \/>\n<meta property=\"article:publisher\" content=\"https:\/\/www.facebook.com\/blowbartallinn\" \/>\n<meta property=\"article:modified_time\" content=\"2025-03-18T19:22:26+00:00\" \/>\n<meta property=\"og:image\" content=\"https:\/\/hairdeluxe.ee\/wp-content\/uploads\/2024\/02\/balmainhair_limitededition_giftcalendar_fw22_medium_open_le_hc_gift_c_m_fw22_800x800.jpg\" \/>\n\t<meta property=\"og:image:width\" content=\"800\" \/>\n\t<meta property=\"og:image:height\" content=\"800\" \/>\n\t<meta property=\"og:image:type\" content=\"image\/jpeg\" \/>\n<meta name=\"twitter:card\" content=\"summary_large_image\" \/>\n<meta name=\"twitter:label1\" content=\"Arvioitu lukuaika\" \/>\n\t<meta name=\"twitter:data1\" content=\"1 minuutti\" \/>\n<script type=\"application\/ld+json\" class=\"yoast-schema-graph\">{\"@context\":\"https:\\\/\\\/schema.org\",\"@graph\":[{\"@type\":\"WebPage\",\"@id\":\"https:\\\/\\\/hairdeluxe.ee\\\/fi\\\/product\\\/balmain-kingitustekalender-joulud-2022-christmas-gift-calendar-medium-fw22-2\\\/\",\"url\":\"https:\\\/\\\/hairdeluxe.ee\\\/fi\\\/product\\\/balmain-kingitustekalender-joulud-2022-christmas-gift-calendar-medium-fw22-2\\\/\",\"name\":\"BALMAIN HAIR kingitustekalender j\u00f5ulud \\\/ Christmas Gift Calendar Medium FW22 - Hair Deluxe\",\"isPartOf\":{\"@id\":\"https:\\\/\\\/hairdeluxe.ee\\\/fi\\\/#website\"},\"primaryImageOfPage\":{\"@id\":\"https:\\\/\\\/hairdeluxe.ee\\\/fi\\\/product\\\/balmain-kingitustekalender-joulud-2022-christmas-gift-calendar-medium-fw22-2\\\/#primaryimage\"},\"image\":{\"@id\":\"https:\\\/\\\/hairdeluxe.ee\\\/fi\\\/product\\\/balmain-kingitustekalender-joulud-2022-christmas-gift-calendar-medium-fw22-2\\\/#primaryimage\"},\"thumbnailUrl\":\"https:\\\/\\\/hairdeluxe.ee\\\/wp-content\\\/uploads\\\/2024\\\/02\\\/balmainhair_limitededition_giftcalendar_fw22_medium_open_le_hc_gift_c_m_fw22_800x800.jpg\",\"datePublished\":\"2024-02-03T07:54:00+00:00\",\"dateModified\":\"2025-03-18T19:22:26+00:00\",\"breadcrumb\":{\"@id\":\"https:\\\/\\\/hairdeluxe.ee\\\/fi\\\/product\\\/balmain-kingitustekalender-joulud-2022-christmas-gift-calendar-medium-fw22-2\\\/#breadcrumb\"},\"inLanguage\":\"fi\",\"potentialAction\":[{\"@type\":\"ReadAction\",\"target\":[\"https:\\\/\\\/hairdeluxe.ee\\\/fi\\\/product\\\/balmain-kingitustekalender-joulud-2022-christmas-gift-calendar-medium-fw22-2\\\/\"]}]},{\"@type\":\"ImageObject\",\"inLanguage\":\"fi\",\"@id\":\"https:\\\/\\\/hairdeluxe.ee\\\/fi\\\/product\\\/balmain-kingitustekalender-joulud-2022-christmas-gift-calendar-medium-fw22-2\\\/#primaryimage\",\"url\":\"https:\\\/\\\/hairdeluxe.ee\\\/wp-content\\\/uploads\\\/2024\\\/02\\\/balmainhair_limitededition_giftcalendar_fw22_medium_open_le_hc_gift_c_m_fw22_800x800.jpg\",\"contentUrl\":\"https:\\\/\\\/hairdeluxe.ee\\\/wp-content\\\/uploads\\\/2024\\\/02\\\/balmainhair_limitededition_giftcalendar_fw22_medium_open_le_hc_gift_c_m_fw22_800x800.jpg\",\"width\":800,\"height\":800},{\"@type\":\"BreadcrumbList\",\"@id\":\"https:\\\/\\\/hairdeluxe.ee\\\/fi\\\/product\\\/balmain-kingitustekalender-joulud-2022-christmas-gift-calendar-medium-fw22-2\\\/#breadcrumb\",\"itemListElement\":[{\"@type\":\"ListItem\",\"position\":1,\"name\":\"Home\",\"item\":\"https:\\\/\\\/hairdeluxe.ee\\\/fi\\\/\"},{\"@type\":\"ListItem\",\"position\":2,\"name\":\"Kauppa\",\"item\":\"https:\\\/\\\/hairdeluxe.ee\\\/fi\\\/shop\\\/\"},{\"@type\":\"ListItem\",\"position\":3,\"name\":\"BALMAIN HAIR kingitustekalender j\u00f5ulud \\\/ Christmas Gift Calendar Medium FW22\"}]},{\"@type\":\"WebSite\",\"@id\":\"https:\\\/\\\/hairdeluxe.ee\\\/fi\\\/#website\",\"url\":\"https:\\\/\\\/hairdeluxe.ee\\\/fi\\\/\",\"name\":\"Hair Deluxe\",\"description\":\"Highlight your natural beauty\",\"publisher\":{\"@id\":\"https:\\\/\\\/hairdeluxe.ee\\\/fi\\\/#organization\"},\"potentialAction\":[{\"@type\":\"SearchAction\",\"target\":{\"@type\":\"EntryPoint\",\"urlTemplate\":\"https:\\\/\\\/hairdeluxe.ee\\\/fi\\\/?s={search_term_string}\"},\"query-input\":{\"@type\":\"PropertyValueSpecification\",\"valueRequired\":true,\"valueName\":\"search_term_string\"}}],\"inLanguage\":\"fi\"},{\"@type\":\"Organization\",\"@id\":\"https:\\\/\\\/hairdeluxe.ee\\\/fi\\\/#organization\",\"name\":\"Hair Deluxe\",\"url\":\"https:\\\/\\\/hairdeluxe.ee\\\/fi\\\/\",\"logo\":{\"@type\":\"ImageObject\",\"inLanguage\":\"fi\",\"@id\":\"https:\\\/\\\/hairdeluxe.ee\\\/fi\\\/#\\\/schema\\\/logo\\\/image\\\/\",\"url\":\"https:\\\/\\\/hairdeluxe.ee\\\/wp-content\\\/uploads\\\/2024\\\/06\\\/Hair-Deluxe-Logo-Dark-font.png\",\"contentUrl\":\"https:\\\/\\\/hairdeluxe.ee\\\/wp-content\\\/uploads\\\/2024\\\/06\\\/Hair-Deluxe-Logo-Dark-font.png\",\"width\":467,\"height\":177,\"caption\":\"Hair Deluxe\"},\"image\":{\"@id\":\"https:\\\/\\\/hairdeluxe.ee\\\/fi\\\/#\\\/schema\\\/logo\\\/image\\\/\"},\"sameAs\":[\"https:\\\/\\\/www.facebook.com\\\/blowbartallinn\",\"https:\\\/\\\/www.instagram.com\\\/blowbar_tallinn\"]}]}<\/script>\n<!-- \/ Yoast SEO plugin. -->","yoast_head_json":{"title":"BALMAIN HAIR kingitustekalender j\u00f5ulud \/ Christmas Gift Calendar Medium FW22 - Hair Deluxe","robots":{"index":"index","follow":"follow","max-snippet":"max-snippet:-1","max-image-preview":"max-image-preview:large","max-video-preview":"max-video-preview:-1"},"canonical":"https:\/\/hairdeluxe.ee\/fi\/product\/balmain-kingitustekalender-joulud-2022-christmas-gift-calendar-medium-fw22-2\/","og_locale":"fi_FI","og_type":"article","og_title":"BALMAIN HAIR kingitustekalender j\u00f5ulud \/ Christmas Gift Calendar Medium FW22 - Hair Deluxe","og_description":"Iga aasta l\u00f5pul p\u00e4evade lugemine p\u00fchade ajal kuni j\u00f5uludeni on iidne rituaal, mis p\u00e4rineb 19. sajandi keskpaigast. Traditsioon sai alguse k\u00fc\u00fcnalde s\u00fc\u00fctamisest, et p\u00e4evi lugeda. Uus muutus saabus, kui \u00fcks Saksa ajaleht lisas oma ajalehtedele 24 v\u00e4rvilise uksega loenduslehe. S\u00fcndis advendikalendrite maailm, alates pidulike m\u00e4rkmetega kuni ilusasse paberisse pakitud v\u00e4ikeste \u0161okolaadidega kalendriteni. 2017. aastal t\u00f5i Balmain Hair Couture turule maailma esimese luksusliku juuksekosmeetika kingituste kalendri\u00a010-p\u00e4evase loendusega p\u00fchadehooajaks.  T\u00e4navune Balmain Hair Couture\u2019i kingituste kalender on ood ikoonilisele balletile P\u00e4hklipureja - \u201cCasse Noisette\u201d. Igas pidulikus karbis on \u00fcks Balmain Hair Couture\u2019i 5 parimast ilutootest. Balmain Nutcracker Army, mis on riietatud 2022. aasta s\u00fcgis\/talve signatuurkollektsiooni Balmain Military jakkidesse, s\u00fcmboliseerib p\u00fchadeh\u00f5ngu. Sisaldab Balmain Hair Couture 5 lemmikut toodet p\u00fchadehooaja t\u00e4histamiseks. - Ideaalne kingitus - Sisaldab 5 Balmain Hair Couture lemmikut - Piiratud v\u00e4ljaanne  Komplekt sisaldab: - Leave-in Conditioner 200ml - Moisturizing Styling Cream 150ml - Argan Moisturizing Elixir 100ml - Balmain Army kollektsiooni kuuseehe - Signatuurtuurl\u00f5hnaline disaink\u00fc\u00fcnal","og_url":"https:\/\/hairdeluxe.ee\/fi\/product\/balmain-kingitustekalender-joulud-2022-christmas-gift-calendar-medium-fw22-2\/","og_site_name":"Hair Deluxe","article_publisher":"https:\/\/www.facebook.com\/blowbartallinn","article_modified_time":"2025-03-18T19:22:26+00:00","og_image":[{"width":800,"height":800,"url":"https:\/\/hairdeluxe.ee\/wp-content\/uploads\/2024\/02\/balmainhair_limitededition_giftcalendar_fw22_medium_open_le_hc_gift_c_m_fw22_800x800.jpg","type":"image\/jpeg"}],"twitter_card":"summary_large_image","twitter_misc":{"Arvioitu lukuaika":"1 minuutti"},"schema":{"@context":"https:\/\/schema.org","@graph":[{"@type":"WebPage","@id":"https:\/\/hairdeluxe.ee\/fi\/product\/balmain-kingitustekalender-joulud-2022-christmas-gift-calendar-medium-fw22-2\/","url":"https:\/\/hairdeluxe.ee\/fi\/product\/balmain-kingitustekalender-joulud-2022-christmas-gift-calendar-medium-fw22-2\/","name":"BALMAIN HAIR kingitustekalender j\u00f5ulud \/ Christmas Gift Calendar Medium FW22 - Hair Deluxe","isPartOf":{"@id":"https:\/\/hairdeluxe.ee\/fi\/#website"},"primaryImageOfPage":{"@id":"https:\/\/hairdeluxe.ee\/fi\/product\/balmain-kingitustekalender-joulud-2022-christmas-gift-calendar-medium-fw22-2\/#primaryimage"},"image":{"@id":"https:\/\/hairdeluxe.ee\/fi\/product\/balmain-kingitustekalender-joulud-2022-christmas-gift-calendar-medium-fw22-2\/#primaryimage"},"thumbnailUrl":"https:\/\/hairdeluxe.ee\/wp-content\/uploads\/2024\/02\/balmainhair_limitededition_giftcalendar_fw22_medium_open_le_hc_gift_c_m_fw22_800x800.jpg","datePublished":"2024-02-03T07:54:00+00:00","dateModified":"2025-03-18T19:22:26+00:00","breadcrumb":{"@id":"https:\/\/hairdeluxe.ee\/fi\/product\/balmain-kingitustekalender-joulud-2022-christmas-gift-calendar-medium-fw22-2\/#breadcrumb"},"inLanguage":"fi","potentialAction":[{"@type":"ReadAction","target":["https:\/\/hairdeluxe.ee\/fi\/product\/balmain-kingitustekalender-joulud-2022-christmas-gift-calendar-medium-fw22-2\/"]}]},{"@type":"ImageObject","inLanguage":"fi","@id":"https:\/\/hairdeluxe.ee\/fi\/product\/balmain-kingitustekalender-joulud-2022-christmas-gift-calendar-medium-fw22-2\/#primaryimage","url":"https:\/\/hairdeluxe.ee\/wp-content\/uploads\/2024\/02\/balmainhair_limitededition_giftcalendar_fw22_medium_open_le_hc_gift_c_m_fw22_800x800.jpg","contentUrl":"https:\/\/hairdeluxe.ee\/wp-content\/uploads\/2024\/02\/balmainhair_limitededition_giftcalendar_fw22_medium_open_le_hc_gift_c_m_fw22_800x800.jpg","width":800,"height":800},{"@type":"BreadcrumbList","@id":"https:\/\/hairdeluxe.ee\/fi\/product\/balmain-kingitustekalender-joulud-2022-christmas-gift-calendar-medium-fw22-2\/#breadcrumb","itemListElement":[{"@type":"ListItem","position":1,"name":"Home","item":"https:\/\/hairdeluxe.ee\/fi\/"},{"@type":"ListItem","position":2,"name":"Kauppa","item":"https:\/\/hairdeluxe.ee\/fi\/shop\/"},{"@type":"ListItem","position":3,"name":"BALMAIN HAIR kingitustekalender j\u00f5ulud \/ Christmas Gift Calendar Medium FW22"}]},{"@type":"WebSite","@id":"https:\/\/hairdeluxe.ee\/fi\/#website","url":"https:\/\/hairdeluxe.ee\/fi\/","name":"Hair Deluxe","description":"Highlight your natural beauty","publisher":{"@id":"https:\/\/hairdeluxe.ee\/fi\/#organization"},"potentialAction":[{"@type":"SearchAction","target":{"@type":"EntryPoint","urlTemplate":"https:\/\/hairdeluxe.ee\/fi\/?s={search_term_string}"},"query-input":{"@type":"PropertyValueSpecification","valueRequired":true,"valueName":"search_term_string"}}],"inLanguage":"fi"},{"@type":"Organization","@id":"https:\/\/hairdeluxe.ee\/fi\/#organization","name":"Hair Deluxe","url":"https:\/\/hairdeluxe.ee\/fi\/","logo":{"@type":"ImageObject","inLanguage":"fi","@id":"https:\/\/hairdeluxe.ee\/fi\/#\/schema\/logo\/image\/","url":"https:\/\/hairdeluxe.ee\/wp-content\/uploads\/2024\/06\/Hair-Deluxe-Logo-Dark-font.png","contentUrl":"https:\/\/hairdeluxe.ee\/wp-content\/uploads\/2024\/06\/Hair-Deluxe-Logo-Dark-font.png","width":467,"height":177,"caption":"Hair Deluxe"},"image":{"@id":"https:\/\/hairdeluxe.ee\/fi\/#\/schema\/logo\/image\/"},"sameAs":["https:\/\/www.facebook.com\/blowbartallinn","https:\/\/www.instagram.com\/blowbar_tallinn"]}]}},"_links":{"self":[{"href":"https:\/\/hairdeluxe.ee\/fi\/wp-json\/wp\/v2\/product\/35671","targetHints":{"allow":["GET"]}}],"collection":[{"href":"https:\/\/hairdeluxe.ee\/fi\/wp-json\/wp\/v2\/product"}],"about":[{"href":"https:\/\/hairdeluxe.ee\/fi\/wp-json\/wp\/v2\/types\/product"}],"wp:featuredmedia":[{"embeddable":true,"href":"https:\/\/hairdeluxe.ee\/fi\/wp-json\/wp\/v2\/media\/35668"}],"wp:attachment":[{"href":"https:\/\/hairdeluxe.ee\/fi\/wp-json\/wp\/v2\/media?parent=35671"}],"wp:term":[{"taxonomy":"product_brand","embeddable":true,"href":"https:\/\/hairdeluxe.ee\/fi\/wp-json\/wp\/v2\/product_brand?post=35671"},{"taxonomy":"product_cat","embeddable":true,"href":"https:\/\/hairdeluxe.ee\/fi\/wp-json\/wp\/v2\/product_cat?post=35671"},{"taxonomy":"product_tag","embeddable":true,"href":"https:\/\/hairdeluxe.ee\/fi\/wp-json\/wp\/v2\/product_tag?post=35671"}],"curies":[{"name":"wp","href":"https:\/\/api.w.org\/{rel}","templated":true}]}}