{"id":35674,"date":"2024-02-03T09:54:02","date_gmt":"2024-02-03T07:54:02","guid":{"rendered":"https:\/\/blowbar.ee\/toode\/balmain-hair-luksuslik-must-vegan-nahast-kosmeetikakott-signature-vegan-pouch-black-gold\/"},"modified":"2025-03-18T19:22:26","modified_gmt":"2025-03-18T19:22:26","slug":"balmain-luksuslik-must-vegan-nahast-kosmeetikakott-signature-vegan-pouch-black-gold","status":"publish","type":"product","link":"https:\/\/hairdeluxe.ee\/fi\/product\/balmain-luksuslik-must-vegan-nahast-kosmeetikakott-signature-vegan-pouch-black-gold\/","title":{"rendered":"BALMAIN HAIR luksuslik must vegan-nahast kosmeetikakott \/ Signature Vegan Pouch Black &#038; Gold"},"content":{"rendered":"<p><strong>Balmain Hair Leave-in Conditioning Spray 200ml<br \/>\n<\/strong><em><strong>Koostis:\u00a0<\/strong>Aqua, Cetearyl Alcohol, Glyceryl Stearate, Stearamidopropyl Dimethylamine, Argania Spinosa Kernel Oil, Silk Amino Acids, Panthenol, Dimethylpabamidopropyl Lauryldimonium Tosylate, Propylene Glycol Stearate, Sodium Cocoyl Amino Acids, Potassium Dimethicone PEG-7 Panthenyl Phosphate, Behenoyl PG-Trimonium Chloride, Quaternium-80, Amodimethicone, C11-15 Paret h-7, Laureth-9, Glycerin, Trideceth-12, Ethylhexyl Methoxycinnamate, Ceteareth-20, Phenoxyethanol, Ethylhexylglycerin, Polyquaternium-37, Propylene Glycol Dicaprylate\/ Dicaprate, PPG-1 Trideceth-6, Parfum, Citric Acid.<\/em><\/p>\n<p><strong>Balmain Hair Argan Moisturizing Elixir 100ml<br \/>\n<\/strong><em><strong>Koostis:\u00a0<\/strong>Cyclopentasiloxane, Dimethiconol, Argania Spinoza Kernel Oil, Trimethylsiloxyphenyl Dimethicone, Silk Amino Acids, Ethylhexyl Methoxycinnamate, Parfum.<\/em><\/p>\n","protected":false},"excerpt":{"rendered":"<p>Balmain Hair vegan-nahast signatuurkott, mida kaunistab kuldne B- logoplaat.\u00a0Ideaalne k\u00f5igi juuksehooldusvahendite hoiustamiseks. Sealhulgas enimm\u00fc\u00fcdud Signature Foundationi duo, mis loob t\u00e4iusliku stiilip\u00f5hja igale soengule ning Barrette pour Cheveux Medium juukseaksessuaar, et luua klassikaline soeng.<br \/>\n&#8211; Ideaalne k\u00f5igi juuksehooldusvahendite hoidmiseks<br \/>\n&#8211; Kott on valmistatud vegan-nahast<br \/>\n&#8211; Sisaldab 3 juuksemoe lemmikut<\/p>\n","protected":false},"featured_media":35672,"template":"","meta":[],"product_brand":[464],"product_cat":[266,265,206,129,130,121,196],"product_tag":[],"class_list":{"0":"post-35674","1":"product","2":"type-product","3":"status-publish","4":"has-post-thumbnail","6":"product_brand-balmain-hair","7":"product_cat-balmain-hair","8":"product_cat-brandid","9":"product_cat-erikollektsioonid","10":"product_cat-kingitused","11":"product_cat-kinkekomplektid","12":"product_cat-koik-tooted","13":"product_cat-viimistlus","15":"first","16":"instock","17":"taxable","18":"shipping-taxable","19":"purchasable","20":"product-type-simple","21":"add-to-wishlist-after_add_to_cart"},"yoast_head":"<!-- This site is optimized with the Yoast SEO plugin v27.5 - https:\/\/yoast.com\/product\/yoast-seo-wordpress\/ -->\n<title>BALMAIN HAIR luksuslik must vegan-nahast kosmeetikakott \/ Signature Vegan Pouch Black &amp; Gold - Hair Deluxe<\/title>\n<meta name=\"robots\" content=\"index, follow, max-snippet:-1, max-image-preview:large, max-video-preview:-1\" \/>\n<link rel=\"canonical\" href=\"https:\/\/hairdeluxe.ee\/fi\/product\/balmain-luksuslik-must-vegan-nahast-kosmeetikakott-signature-vegan-pouch-black-gold\/\" \/>\n<meta property=\"og:locale\" content=\"fi_FI\" \/>\n<meta property=\"og:type\" content=\"article\" \/>\n<meta property=\"og:title\" content=\"BALMAIN HAIR luksuslik must vegan-nahast kosmeetikakott \/ Signature Vegan Pouch Black &amp; Gold - Hair Deluxe\" \/>\n<meta property=\"og:description\" content=\"Balmain Hair vegan-nahast signatuurkott, mida kaunistab kuldne B- logoplaat.\u00a0Ideaalne k\u00f5igi juuksehooldusvahendite hoiustamiseks. Sealhulgas enimm\u00fc\u00fcdud Signature Foundationi duo, mis loob t\u00e4iusliku stiilip\u00f5hja igale soengule ning Barrette pour Cheveux Medium juukseaksessuaar, et luua klassikaline soeng. - Ideaalne k\u00f5igi juuksehooldusvahendite hoidmiseks - Kott on valmistatud vegan-nahast - Sisaldab 3 juuksemoe lemmikut\" \/>\n<meta property=\"og:url\" content=\"https:\/\/hairdeluxe.ee\/fi\/product\/balmain-luksuslik-must-vegan-nahast-kosmeetikakott-signature-vegan-pouch-black-gold\/\" \/>\n<meta property=\"og:site_name\" content=\"Hair Deluxe\" \/>\n<meta property=\"article:publisher\" content=\"https:\/\/www.facebook.com\/blowbartallinn\" \/>\n<meta property=\"article:modified_time\" content=\"2025-03-18T19:22:26+00:00\" \/>\n<meta property=\"og:image\" content=\"https:\/\/hairdeluxe.ee\/wp-content\/uploads\/2024\/02\/balmainhair_styling_toiletrybag_blackgold_cs_s_g_pouch_bg_1_01_lr_800x800.jpg\" \/>\n\t<meta property=\"og:image:width\" content=\"800\" \/>\n\t<meta property=\"og:image:height\" content=\"800\" \/>\n\t<meta property=\"og:image:type\" content=\"image\/jpeg\" \/>\n<meta name=\"twitter:card\" content=\"summary_large_image\" \/>\n<script type=\"application\/ld+json\" class=\"yoast-schema-graph\">{\"@context\":\"https:\\\/\\\/schema.org\",\"@graph\":[{\"@type\":\"WebPage\",\"@id\":\"https:\\\/\\\/hairdeluxe.ee\\\/fi\\\/product\\\/balmain-luksuslik-must-vegan-nahast-kosmeetikakott-signature-vegan-pouch-black-gold\\\/\",\"url\":\"https:\\\/\\\/hairdeluxe.ee\\\/fi\\\/product\\\/balmain-luksuslik-must-vegan-nahast-kosmeetikakott-signature-vegan-pouch-black-gold\\\/\",\"name\":\"BALMAIN HAIR luksuslik must vegan-nahast kosmeetikakott \\\/ Signature Vegan Pouch Black & Gold - Hair Deluxe\",\"isPartOf\":{\"@id\":\"https:\\\/\\\/hairdeluxe.ee\\\/fi\\\/#website\"},\"primaryImageOfPage\":{\"@id\":\"https:\\\/\\\/hairdeluxe.ee\\\/fi\\\/product\\\/balmain-luksuslik-must-vegan-nahast-kosmeetikakott-signature-vegan-pouch-black-gold\\\/#primaryimage\"},\"image\":{\"@id\":\"https:\\\/\\\/hairdeluxe.ee\\\/fi\\\/product\\\/balmain-luksuslik-must-vegan-nahast-kosmeetikakott-signature-vegan-pouch-black-gold\\\/#primaryimage\"},\"thumbnailUrl\":\"https:\\\/\\\/hairdeluxe.ee\\\/wp-content\\\/uploads\\\/2024\\\/02\\\/balmainhair_styling_toiletrybag_blackgold_cs_s_g_pouch_bg_1_01_lr_800x800.jpg\",\"datePublished\":\"2024-02-03T07:54:02+00:00\",\"dateModified\":\"2025-03-18T19:22:26+00:00\",\"breadcrumb\":{\"@id\":\"https:\\\/\\\/hairdeluxe.ee\\\/fi\\\/product\\\/balmain-luksuslik-must-vegan-nahast-kosmeetikakott-signature-vegan-pouch-black-gold\\\/#breadcrumb\"},\"inLanguage\":\"fi\",\"potentialAction\":[{\"@type\":\"ReadAction\",\"target\":[\"https:\\\/\\\/hairdeluxe.ee\\\/fi\\\/product\\\/balmain-luksuslik-must-vegan-nahast-kosmeetikakott-signature-vegan-pouch-black-gold\\\/\"]}]},{\"@type\":\"ImageObject\",\"inLanguage\":\"fi\",\"@id\":\"https:\\\/\\\/hairdeluxe.ee\\\/fi\\\/product\\\/balmain-luksuslik-must-vegan-nahast-kosmeetikakott-signature-vegan-pouch-black-gold\\\/#primaryimage\",\"url\":\"https:\\\/\\\/hairdeluxe.ee\\\/wp-content\\\/uploads\\\/2024\\\/02\\\/balmainhair_styling_toiletrybag_blackgold_cs_s_g_pouch_bg_1_01_lr_800x800.jpg\",\"contentUrl\":\"https:\\\/\\\/hairdeluxe.ee\\\/wp-content\\\/uploads\\\/2024\\\/02\\\/balmainhair_styling_toiletrybag_blackgold_cs_s_g_pouch_bg_1_01_lr_800x800.jpg\",\"width\":800,\"height\":800},{\"@type\":\"BreadcrumbList\",\"@id\":\"https:\\\/\\\/hairdeluxe.ee\\\/fi\\\/product\\\/balmain-luksuslik-must-vegan-nahast-kosmeetikakott-signature-vegan-pouch-black-gold\\\/#breadcrumb\",\"itemListElement\":[{\"@type\":\"ListItem\",\"position\":1,\"name\":\"Home\",\"item\":\"https:\\\/\\\/hairdeluxe.ee\\\/fi\\\/\"},{\"@type\":\"ListItem\",\"position\":2,\"name\":\"Kauppa\",\"item\":\"https:\\\/\\\/hairdeluxe.ee\\\/fi\\\/shop\\\/\"},{\"@type\":\"ListItem\",\"position\":3,\"name\":\"BALMAIN HAIR luksuslik must vegan-nahast kosmeetikakott \\\/ Signature Vegan Pouch Black &#038; Gold\"}]},{\"@type\":\"WebSite\",\"@id\":\"https:\\\/\\\/hairdeluxe.ee\\\/fi\\\/#website\",\"url\":\"https:\\\/\\\/hairdeluxe.ee\\\/fi\\\/\",\"name\":\"Hair Deluxe\",\"description\":\"Highlight your natural beauty\",\"publisher\":{\"@id\":\"https:\\\/\\\/hairdeluxe.ee\\\/fi\\\/#organization\"},\"potentialAction\":[{\"@type\":\"SearchAction\",\"target\":{\"@type\":\"EntryPoint\",\"urlTemplate\":\"https:\\\/\\\/hairdeluxe.ee\\\/fi\\\/?s={search_term_string}\"},\"query-input\":{\"@type\":\"PropertyValueSpecification\",\"valueRequired\":true,\"valueName\":\"search_term_string\"}}],\"inLanguage\":\"fi\"},{\"@type\":\"Organization\",\"@id\":\"https:\\\/\\\/hairdeluxe.ee\\\/fi\\\/#organization\",\"name\":\"Hair Deluxe\",\"url\":\"https:\\\/\\\/hairdeluxe.ee\\\/fi\\\/\",\"logo\":{\"@type\":\"ImageObject\",\"inLanguage\":\"fi\",\"@id\":\"https:\\\/\\\/hairdeluxe.ee\\\/fi\\\/#\\\/schema\\\/logo\\\/image\\\/\",\"url\":\"https:\\\/\\\/hairdeluxe.ee\\\/wp-content\\\/uploads\\\/2024\\\/06\\\/Hair-Deluxe-Logo-Dark-font.png\",\"contentUrl\":\"https:\\\/\\\/hairdeluxe.ee\\\/wp-content\\\/uploads\\\/2024\\\/06\\\/Hair-Deluxe-Logo-Dark-font.png\",\"width\":467,\"height\":177,\"caption\":\"Hair Deluxe\"},\"image\":{\"@id\":\"https:\\\/\\\/hairdeluxe.ee\\\/fi\\\/#\\\/schema\\\/logo\\\/image\\\/\"},\"sameAs\":[\"https:\\\/\\\/www.facebook.com\\\/blowbartallinn\",\"https:\\\/\\\/www.instagram.com\\\/blowbar_tallinn\"]}]}<\/script>\n<!-- \/ Yoast SEO plugin. -->","yoast_head_json":{"title":"BALMAIN HAIR luksuslik must vegan-nahast kosmeetikakott \/ Signature Vegan Pouch Black & Gold - Hair Deluxe","robots":{"index":"index","follow":"follow","max-snippet":"max-snippet:-1","max-image-preview":"max-image-preview:large","max-video-preview":"max-video-preview:-1"},"canonical":"https:\/\/hairdeluxe.ee\/fi\/product\/balmain-luksuslik-must-vegan-nahast-kosmeetikakott-signature-vegan-pouch-black-gold\/","og_locale":"fi_FI","og_type":"article","og_title":"BALMAIN HAIR luksuslik must vegan-nahast kosmeetikakott \/ Signature Vegan Pouch Black & Gold - Hair Deluxe","og_description":"Balmain Hair vegan-nahast signatuurkott, mida kaunistab kuldne B- logoplaat.\u00a0Ideaalne k\u00f5igi juuksehooldusvahendite hoiustamiseks. Sealhulgas enimm\u00fc\u00fcdud Signature Foundationi duo, mis loob t\u00e4iusliku stiilip\u00f5hja igale soengule ning Barrette pour Cheveux Medium juukseaksessuaar, et luua klassikaline soeng. - Ideaalne k\u00f5igi juuksehooldusvahendite hoidmiseks - Kott on valmistatud vegan-nahast - Sisaldab 3 juuksemoe lemmikut","og_url":"https:\/\/hairdeluxe.ee\/fi\/product\/balmain-luksuslik-must-vegan-nahast-kosmeetikakott-signature-vegan-pouch-black-gold\/","og_site_name":"Hair Deluxe","article_publisher":"https:\/\/www.facebook.com\/blowbartallinn","article_modified_time":"2025-03-18T19:22:26+00:00","og_image":[{"width":800,"height":800,"url":"https:\/\/hairdeluxe.ee\/wp-content\/uploads\/2024\/02\/balmainhair_styling_toiletrybag_blackgold_cs_s_g_pouch_bg_1_01_lr_800x800.jpg","type":"image\/jpeg"}],"twitter_card":"summary_large_image","schema":{"@context":"https:\/\/schema.org","@graph":[{"@type":"WebPage","@id":"https:\/\/hairdeluxe.ee\/fi\/product\/balmain-luksuslik-must-vegan-nahast-kosmeetikakott-signature-vegan-pouch-black-gold\/","url":"https:\/\/hairdeluxe.ee\/fi\/product\/balmain-luksuslik-must-vegan-nahast-kosmeetikakott-signature-vegan-pouch-black-gold\/","name":"BALMAIN HAIR luksuslik must vegan-nahast kosmeetikakott \/ Signature Vegan Pouch Black & Gold - Hair Deluxe","isPartOf":{"@id":"https:\/\/hairdeluxe.ee\/fi\/#website"},"primaryImageOfPage":{"@id":"https:\/\/hairdeluxe.ee\/fi\/product\/balmain-luksuslik-must-vegan-nahast-kosmeetikakott-signature-vegan-pouch-black-gold\/#primaryimage"},"image":{"@id":"https:\/\/hairdeluxe.ee\/fi\/product\/balmain-luksuslik-must-vegan-nahast-kosmeetikakott-signature-vegan-pouch-black-gold\/#primaryimage"},"thumbnailUrl":"https:\/\/hairdeluxe.ee\/wp-content\/uploads\/2024\/02\/balmainhair_styling_toiletrybag_blackgold_cs_s_g_pouch_bg_1_01_lr_800x800.jpg","datePublished":"2024-02-03T07:54:02+00:00","dateModified":"2025-03-18T19:22:26+00:00","breadcrumb":{"@id":"https:\/\/hairdeluxe.ee\/fi\/product\/balmain-luksuslik-must-vegan-nahast-kosmeetikakott-signature-vegan-pouch-black-gold\/#breadcrumb"},"inLanguage":"fi","potentialAction":[{"@type":"ReadAction","target":["https:\/\/hairdeluxe.ee\/fi\/product\/balmain-luksuslik-must-vegan-nahast-kosmeetikakott-signature-vegan-pouch-black-gold\/"]}]},{"@type":"ImageObject","inLanguage":"fi","@id":"https:\/\/hairdeluxe.ee\/fi\/product\/balmain-luksuslik-must-vegan-nahast-kosmeetikakott-signature-vegan-pouch-black-gold\/#primaryimage","url":"https:\/\/hairdeluxe.ee\/wp-content\/uploads\/2024\/02\/balmainhair_styling_toiletrybag_blackgold_cs_s_g_pouch_bg_1_01_lr_800x800.jpg","contentUrl":"https:\/\/hairdeluxe.ee\/wp-content\/uploads\/2024\/02\/balmainhair_styling_toiletrybag_blackgold_cs_s_g_pouch_bg_1_01_lr_800x800.jpg","width":800,"height":800},{"@type":"BreadcrumbList","@id":"https:\/\/hairdeluxe.ee\/fi\/product\/balmain-luksuslik-must-vegan-nahast-kosmeetikakott-signature-vegan-pouch-black-gold\/#breadcrumb","itemListElement":[{"@type":"ListItem","position":1,"name":"Home","item":"https:\/\/hairdeluxe.ee\/fi\/"},{"@type":"ListItem","position":2,"name":"Kauppa","item":"https:\/\/hairdeluxe.ee\/fi\/shop\/"},{"@type":"ListItem","position":3,"name":"BALMAIN HAIR luksuslik must vegan-nahast kosmeetikakott \/ Signature Vegan Pouch Black &#038; Gold"}]},{"@type":"WebSite","@id":"https:\/\/hairdeluxe.ee\/fi\/#website","url":"https:\/\/hairdeluxe.ee\/fi\/","name":"Hair Deluxe","description":"Highlight your natural beauty","publisher":{"@id":"https:\/\/hairdeluxe.ee\/fi\/#organization"},"potentialAction":[{"@type":"SearchAction","target":{"@type":"EntryPoint","urlTemplate":"https:\/\/hairdeluxe.ee\/fi\/?s={search_term_string}"},"query-input":{"@type":"PropertyValueSpecification","valueRequired":true,"valueName":"search_term_string"}}],"inLanguage":"fi"},{"@type":"Organization","@id":"https:\/\/hairdeluxe.ee\/fi\/#organization","name":"Hair Deluxe","url":"https:\/\/hairdeluxe.ee\/fi\/","logo":{"@type":"ImageObject","inLanguage":"fi","@id":"https:\/\/hairdeluxe.ee\/fi\/#\/schema\/logo\/image\/","url":"https:\/\/hairdeluxe.ee\/wp-content\/uploads\/2024\/06\/Hair-Deluxe-Logo-Dark-font.png","contentUrl":"https:\/\/hairdeluxe.ee\/wp-content\/uploads\/2024\/06\/Hair-Deluxe-Logo-Dark-font.png","width":467,"height":177,"caption":"Hair Deluxe"},"image":{"@id":"https:\/\/hairdeluxe.ee\/fi\/#\/schema\/logo\/image\/"},"sameAs":["https:\/\/www.facebook.com\/blowbartallinn","https:\/\/www.instagram.com\/blowbar_tallinn"]}]}},"_links":{"self":[{"href":"https:\/\/hairdeluxe.ee\/fi\/wp-json\/wp\/v2\/product\/35674","targetHints":{"allow":["GET"]}}],"collection":[{"href":"https:\/\/hairdeluxe.ee\/fi\/wp-json\/wp\/v2\/product"}],"about":[{"href":"https:\/\/hairdeluxe.ee\/fi\/wp-json\/wp\/v2\/types\/product"}],"wp:featuredmedia":[{"embeddable":true,"href":"https:\/\/hairdeluxe.ee\/fi\/wp-json\/wp\/v2\/media\/35672"}],"wp:attachment":[{"href":"https:\/\/hairdeluxe.ee\/fi\/wp-json\/wp\/v2\/media?parent=35674"}],"wp:term":[{"taxonomy":"product_brand","embeddable":true,"href":"https:\/\/hairdeluxe.ee\/fi\/wp-json\/wp\/v2\/product_brand?post=35674"},{"taxonomy":"product_cat","embeddable":true,"href":"https:\/\/hairdeluxe.ee\/fi\/wp-json\/wp\/v2\/product_cat?post=35674"},{"taxonomy":"product_tag","embeddable":true,"href":"https:\/\/hairdeluxe.ee\/fi\/wp-json\/wp\/v2\/product_tag?post=35674"}],"curies":[{"name":"wp","href":"https:\/\/api.w.org\/{rel}","templated":true}]}}