{"id":35722,"date":"2024-02-03T09:55:05","date_gmt":"2024-02-03T07:55:05","guid":{"rendered":"https:\/\/blowbar.ee\/toode\/balmain-hair-peanaha-aktiivhooldus-activating-scalp-treatment-50ml-2\/"},"modified":"2025-03-18T19:22:26","modified_gmt":"2025-03-18T19:22:26","slug":"balmain-peanaha-aktiivhooldus-activating-scalp-treatment-50ml-2","status":"publish","type":"product","link":"https:\/\/hairdeluxe.ee\/fi\/product\/balmain-peanaha-aktiivhooldus-activating-scalp-treatment-50ml-2\/","title":{"rendered":"BALMAIN HAIR peanaha aktiivhooldus \/ Activating Scalp Treatment 50ml"},"content":{"rendered":"<p><strong><em>Koostis:\u00a0<\/em><\/strong><em>Aqua, Alcohol Denat, Butylene Glycol, PEG-40 Hydrogenated Castor Oil, Propanediol, Caffeine, Biotinyl Tripeptide-1, Apigenin, Oleanolic Acid, Silk Amino Acids, Hydrolyzed Keratin, Argania Spinosa Kernel Oil, Piroctone Olamine, Salicylic Acid, Menthol, Cerimonium Chloride, Hydro- xyethylcellulose, PPG-26-Buteth-26, Parfum, Benzyl Salicylate, Limonene, Phenoxyethanol, Benzoic Acid, Sorbic Acid.<\/em><\/p>\n","protected":false},"excerpt":{"rendered":"<p>Igap\u00e4evane peanaha hooldus, mis on spetsiaalselt loodud meestele, kellel on probleeme juuste h\u00f5renemisega. Toimeained Procapil ja kofeiin aitavad s\u00e4ilitada juuste tihedust ja stimuleerivad juuste kasvu. L\u00f5hnastatud Balmain Hair Homme intensiivse merevaigu ja puiduse l\u00f5hnaga.<br \/>\n&#8211; Stimuleerib juuste kasvu<br \/>\n&#8211; Igap\u00e4evane hooldus h\u00f5renevate juuste korral<br \/>\n&#8211; Rikastatud prokapiili ja kofeiini seguga<\/p>\n<p><strong>Kasutamine:<\/strong> Looge eralduskohad ja kandke pipetiga hooldustoode peanahale. Masseerige s\u00f5rmeotstega peanahka, et toodet \u00fchtaselt jaotada ja vereringet ergutada.<\/p>\n<p>Kogus: 50ml<\/p>\n","protected":false},"featured_media":35720,"template":"","meta":[],"product_brand":[464],"product_cat":[266,265,273,121,144,158,192],"product_tag":[],"class_list":{"0":"post-35722","1":"product","2":"type-product","3":"status-publish","4":"has-post-thumbnail","6":"product_brand-balmain-hair","7":"product_cat-balmain-hair","8":"product_cat-brandid","9":"product_cat-juuksehooldus-meestele","10":"product_cat-koik-tooted","11":"product_cat-meestele","12":"product_cat-populaarsed","13":"product_cat-uued-tooted","15":"first","16":"instock","17":"taxable","18":"shipping-taxable","19":"purchasable","20":"product-type-simple","21":"add-to-wishlist-after_add_to_cart"},"yoast_head":"<!-- This site is optimized with the Yoast SEO plugin v27.5 - https:\/\/yoast.com\/product\/yoast-seo-wordpress\/ -->\n<title>BALMAIN HAIR peanaha aktiivhooldus \/ Activating Scalp Treatment 50ml - Hair Deluxe<\/title>\n<meta name=\"robots\" content=\"index, follow, max-snippet:-1, max-image-preview:large, max-video-preview:-1\" \/>\n<link rel=\"canonical\" href=\"https:\/\/hairdeluxe.ee\/fi\/product\/balmain-peanaha-aktiivhooldus-activating-scalp-treatment-50ml-2\/\" \/>\n<meta property=\"og:locale\" content=\"fi_FI\" \/>\n<meta property=\"og:type\" content=\"article\" \/>\n<meta property=\"og:title\" content=\"BALMAIN HAIR peanaha aktiivhooldus \/ Activating Scalp Treatment 50ml - Hair Deluxe\" \/>\n<meta property=\"og:description\" content=\"Igap\u00e4evane peanaha hooldus, mis on spetsiaalselt loodud meestele, kellel on probleeme juuste h\u00f5renemisega. Toimeained Procapil ja kofeiin aitavad s\u00e4ilitada juuste tihedust ja stimuleerivad juuste kasvu. L\u00f5hnastatud Balmain Hair Homme intensiivse merevaigu ja puiduse l\u00f5hnaga. - Stimuleerib juuste kasvu - Igap\u00e4evane hooldus h\u00f5renevate juuste korral - Rikastatud prokapiili ja kofeiini seguga Kasutamine: Looge eralduskohad ja kandke pipetiga hooldustoode peanahale. Masseerige s\u00f5rmeotstega peanahka, et toodet \u00fchtaselt jaotada ja vereringet ergutada. Kogus: 50ml\" \/>\n<meta property=\"og:url\" content=\"https:\/\/hairdeluxe.ee\/fi\/product\/balmain-peanaha-aktiivhooldus-activating-scalp-treatment-50ml-2\/\" \/>\n<meta property=\"og:site_name\" content=\"Hair Deluxe\" \/>\n<meta property=\"article:publisher\" content=\"https:\/\/www.facebook.com\/blowbartallinn\" \/>\n<meta property=\"article:modified_time\" content=\"2025-03-18T19:22:26+00:00\" \/>\n<meta property=\"og:image\" content=\"https:\/\/hairdeluxe.ee\/wp-content\/uploads\/2024\/02\/balmainhair_balmainhomme_activatingscalptreatment_packshot_cs_m_c_tr_sc_50_01_lr.jpg\" \/>\n\t<meta property=\"og:image:width\" content=\"1111\" \/>\n\t<meta property=\"og:image:height\" content=\"1500\" \/>\n\t<meta property=\"og:image:type\" content=\"image\/jpeg\" \/>\n<meta name=\"twitter:card\" content=\"summary_large_image\" \/>\n<script type=\"application\/ld+json\" class=\"yoast-schema-graph\">{\"@context\":\"https:\\\/\\\/schema.org\",\"@graph\":[{\"@type\":\"WebPage\",\"@id\":\"https:\\\/\\\/hairdeluxe.ee\\\/fi\\\/product\\\/balmain-peanaha-aktiivhooldus-activating-scalp-treatment-50ml-2\\\/\",\"url\":\"https:\\\/\\\/hairdeluxe.ee\\\/fi\\\/product\\\/balmain-peanaha-aktiivhooldus-activating-scalp-treatment-50ml-2\\\/\",\"name\":\"BALMAIN HAIR peanaha aktiivhooldus \\\/ Activating Scalp Treatment 50ml - Hair Deluxe\",\"isPartOf\":{\"@id\":\"https:\\\/\\\/hairdeluxe.ee\\\/fi\\\/#website\"},\"primaryImageOfPage\":{\"@id\":\"https:\\\/\\\/hairdeluxe.ee\\\/fi\\\/product\\\/balmain-peanaha-aktiivhooldus-activating-scalp-treatment-50ml-2\\\/#primaryimage\"},\"image\":{\"@id\":\"https:\\\/\\\/hairdeluxe.ee\\\/fi\\\/product\\\/balmain-peanaha-aktiivhooldus-activating-scalp-treatment-50ml-2\\\/#primaryimage\"},\"thumbnailUrl\":\"https:\\\/\\\/hairdeluxe.ee\\\/wp-content\\\/uploads\\\/2024\\\/02\\\/balmainhair_balmainhomme_activatingscalptreatment_packshot_cs_m_c_tr_sc_50_01_lr.jpg\",\"datePublished\":\"2024-02-03T07:55:05+00:00\",\"dateModified\":\"2025-03-18T19:22:26+00:00\",\"breadcrumb\":{\"@id\":\"https:\\\/\\\/hairdeluxe.ee\\\/fi\\\/product\\\/balmain-peanaha-aktiivhooldus-activating-scalp-treatment-50ml-2\\\/#breadcrumb\"},\"inLanguage\":\"fi\",\"potentialAction\":[{\"@type\":\"ReadAction\",\"target\":[\"https:\\\/\\\/hairdeluxe.ee\\\/fi\\\/product\\\/balmain-peanaha-aktiivhooldus-activating-scalp-treatment-50ml-2\\\/\"]}]},{\"@type\":\"ImageObject\",\"inLanguage\":\"fi\",\"@id\":\"https:\\\/\\\/hairdeluxe.ee\\\/fi\\\/product\\\/balmain-peanaha-aktiivhooldus-activating-scalp-treatment-50ml-2\\\/#primaryimage\",\"url\":\"https:\\\/\\\/hairdeluxe.ee\\\/wp-content\\\/uploads\\\/2024\\\/02\\\/balmainhair_balmainhomme_activatingscalptreatment_packshot_cs_m_c_tr_sc_50_01_lr.jpg\",\"contentUrl\":\"https:\\\/\\\/hairdeluxe.ee\\\/wp-content\\\/uploads\\\/2024\\\/02\\\/balmainhair_balmainhomme_activatingscalptreatment_packshot_cs_m_c_tr_sc_50_01_lr.jpg\",\"width\":1111,\"height\":1500},{\"@type\":\"BreadcrumbList\",\"@id\":\"https:\\\/\\\/hairdeluxe.ee\\\/fi\\\/product\\\/balmain-peanaha-aktiivhooldus-activating-scalp-treatment-50ml-2\\\/#breadcrumb\",\"itemListElement\":[{\"@type\":\"ListItem\",\"position\":1,\"name\":\"Home\",\"item\":\"https:\\\/\\\/hairdeluxe.ee\\\/fi\\\/\"},{\"@type\":\"ListItem\",\"position\":2,\"name\":\"Kauppa\",\"item\":\"https:\\\/\\\/hairdeluxe.ee\\\/fi\\\/shop\\\/\"},{\"@type\":\"ListItem\",\"position\":3,\"name\":\"BALMAIN HAIR peanaha aktiivhooldus \\\/ Activating Scalp Treatment 50ml\"}]},{\"@type\":\"WebSite\",\"@id\":\"https:\\\/\\\/hairdeluxe.ee\\\/fi\\\/#website\",\"url\":\"https:\\\/\\\/hairdeluxe.ee\\\/fi\\\/\",\"name\":\"Hair Deluxe\",\"description\":\"Highlight your natural beauty\",\"publisher\":{\"@id\":\"https:\\\/\\\/hairdeluxe.ee\\\/fi\\\/#organization\"},\"potentialAction\":[{\"@type\":\"SearchAction\",\"target\":{\"@type\":\"EntryPoint\",\"urlTemplate\":\"https:\\\/\\\/hairdeluxe.ee\\\/fi\\\/?s={search_term_string}\"},\"query-input\":{\"@type\":\"PropertyValueSpecification\",\"valueRequired\":true,\"valueName\":\"search_term_string\"}}],\"inLanguage\":\"fi\"},{\"@type\":\"Organization\",\"@id\":\"https:\\\/\\\/hairdeluxe.ee\\\/fi\\\/#organization\",\"name\":\"Hair Deluxe\",\"url\":\"https:\\\/\\\/hairdeluxe.ee\\\/fi\\\/\",\"logo\":{\"@type\":\"ImageObject\",\"inLanguage\":\"fi\",\"@id\":\"https:\\\/\\\/hairdeluxe.ee\\\/fi\\\/#\\\/schema\\\/logo\\\/image\\\/\",\"url\":\"https:\\\/\\\/hairdeluxe.ee\\\/wp-content\\\/uploads\\\/2024\\\/06\\\/Hair-Deluxe-Logo-Dark-font.png\",\"contentUrl\":\"https:\\\/\\\/hairdeluxe.ee\\\/wp-content\\\/uploads\\\/2024\\\/06\\\/Hair-Deluxe-Logo-Dark-font.png\",\"width\":467,\"height\":177,\"caption\":\"Hair Deluxe\"},\"image\":{\"@id\":\"https:\\\/\\\/hairdeluxe.ee\\\/fi\\\/#\\\/schema\\\/logo\\\/image\\\/\"},\"sameAs\":[\"https:\\\/\\\/www.facebook.com\\\/blowbartallinn\",\"https:\\\/\\\/www.instagram.com\\\/blowbar_tallinn\"]}]}<\/script>\n<!-- \/ Yoast SEO plugin. -->","yoast_head_json":{"title":"BALMAIN HAIR peanaha aktiivhooldus \/ Activating Scalp Treatment 50ml - Hair Deluxe","robots":{"index":"index","follow":"follow","max-snippet":"max-snippet:-1","max-image-preview":"max-image-preview:large","max-video-preview":"max-video-preview:-1"},"canonical":"https:\/\/hairdeluxe.ee\/fi\/product\/balmain-peanaha-aktiivhooldus-activating-scalp-treatment-50ml-2\/","og_locale":"fi_FI","og_type":"article","og_title":"BALMAIN HAIR peanaha aktiivhooldus \/ Activating Scalp Treatment 50ml - Hair Deluxe","og_description":"Igap\u00e4evane peanaha hooldus, mis on spetsiaalselt loodud meestele, kellel on probleeme juuste h\u00f5renemisega. Toimeained Procapil ja kofeiin aitavad s\u00e4ilitada juuste tihedust ja stimuleerivad juuste kasvu. L\u00f5hnastatud Balmain Hair Homme intensiivse merevaigu ja puiduse l\u00f5hnaga. - Stimuleerib juuste kasvu - Igap\u00e4evane hooldus h\u00f5renevate juuste korral - Rikastatud prokapiili ja kofeiini seguga Kasutamine: Looge eralduskohad ja kandke pipetiga hooldustoode peanahale. Masseerige s\u00f5rmeotstega peanahka, et toodet \u00fchtaselt jaotada ja vereringet ergutada. Kogus: 50ml","og_url":"https:\/\/hairdeluxe.ee\/fi\/product\/balmain-peanaha-aktiivhooldus-activating-scalp-treatment-50ml-2\/","og_site_name":"Hair Deluxe","article_publisher":"https:\/\/www.facebook.com\/blowbartallinn","article_modified_time":"2025-03-18T19:22:26+00:00","og_image":[{"width":1111,"height":1500,"url":"https:\/\/hairdeluxe.ee\/wp-content\/uploads\/2024\/02\/balmainhair_balmainhomme_activatingscalptreatment_packshot_cs_m_c_tr_sc_50_01_lr.jpg","type":"image\/jpeg"}],"twitter_card":"summary_large_image","schema":{"@context":"https:\/\/schema.org","@graph":[{"@type":"WebPage","@id":"https:\/\/hairdeluxe.ee\/fi\/product\/balmain-peanaha-aktiivhooldus-activating-scalp-treatment-50ml-2\/","url":"https:\/\/hairdeluxe.ee\/fi\/product\/balmain-peanaha-aktiivhooldus-activating-scalp-treatment-50ml-2\/","name":"BALMAIN HAIR peanaha aktiivhooldus \/ Activating Scalp Treatment 50ml - Hair Deluxe","isPartOf":{"@id":"https:\/\/hairdeluxe.ee\/fi\/#website"},"primaryImageOfPage":{"@id":"https:\/\/hairdeluxe.ee\/fi\/product\/balmain-peanaha-aktiivhooldus-activating-scalp-treatment-50ml-2\/#primaryimage"},"image":{"@id":"https:\/\/hairdeluxe.ee\/fi\/product\/balmain-peanaha-aktiivhooldus-activating-scalp-treatment-50ml-2\/#primaryimage"},"thumbnailUrl":"https:\/\/hairdeluxe.ee\/wp-content\/uploads\/2024\/02\/balmainhair_balmainhomme_activatingscalptreatment_packshot_cs_m_c_tr_sc_50_01_lr.jpg","datePublished":"2024-02-03T07:55:05+00:00","dateModified":"2025-03-18T19:22:26+00:00","breadcrumb":{"@id":"https:\/\/hairdeluxe.ee\/fi\/product\/balmain-peanaha-aktiivhooldus-activating-scalp-treatment-50ml-2\/#breadcrumb"},"inLanguage":"fi","potentialAction":[{"@type":"ReadAction","target":["https:\/\/hairdeluxe.ee\/fi\/product\/balmain-peanaha-aktiivhooldus-activating-scalp-treatment-50ml-2\/"]}]},{"@type":"ImageObject","inLanguage":"fi","@id":"https:\/\/hairdeluxe.ee\/fi\/product\/balmain-peanaha-aktiivhooldus-activating-scalp-treatment-50ml-2\/#primaryimage","url":"https:\/\/hairdeluxe.ee\/wp-content\/uploads\/2024\/02\/balmainhair_balmainhomme_activatingscalptreatment_packshot_cs_m_c_tr_sc_50_01_lr.jpg","contentUrl":"https:\/\/hairdeluxe.ee\/wp-content\/uploads\/2024\/02\/balmainhair_balmainhomme_activatingscalptreatment_packshot_cs_m_c_tr_sc_50_01_lr.jpg","width":1111,"height":1500},{"@type":"BreadcrumbList","@id":"https:\/\/hairdeluxe.ee\/fi\/product\/balmain-peanaha-aktiivhooldus-activating-scalp-treatment-50ml-2\/#breadcrumb","itemListElement":[{"@type":"ListItem","position":1,"name":"Home","item":"https:\/\/hairdeluxe.ee\/fi\/"},{"@type":"ListItem","position":2,"name":"Kauppa","item":"https:\/\/hairdeluxe.ee\/fi\/shop\/"},{"@type":"ListItem","position":3,"name":"BALMAIN HAIR peanaha aktiivhooldus \/ Activating Scalp Treatment 50ml"}]},{"@type":"WebSite","@id":"https:\/\/hairdeluxe.ee\/fi\/#website","url":"https:\/\/hairdeluxe.ee\/fi\/","name":"Hair Deluxe","description":"Highlight your natural beauty","publisher":{"@id":"https:\/\/hairdeluxe.ee\/fi\/#organization"},"potentialAction":[{"@type":"SearchAction","target":{"@type":"EntryPoint","urlTemplate":"https:\/\/hairdeluxe.ee\/fi\/?s={search_term_string}"},"query-input":{"@type":"PropertyValueSpecification","valueRequired":true,"valueName":"search_term_string"}}],"inLanguage":"fi"},{"@type":"Organization","@id":"https:\/\/hairdeluxe.ee\/fi\/#organization","name":"Hair Deluxe","url":"https:\/\/hairdeluxe.ee\/fi\/","logo":{"@type":"ImageObject","inLanguage":"fi","@id":"https:\/\/hairdeluxe.ee\/fi\/#\/schema\/logo\/image\/","url":"https:\/\/hairdeluxe.ee\/wp-content\/uploads\/2024\/06\/Hair-Deluxe-Logo-Dark-font.png","contentUrl":"https:\/\/hairdeluxe.ee\/wp-content\/uploads\/2024\/06\/Hair-Deluxe-Logo-Dark-font.png","width":467,"height":177,"caption":"Hair Deluxe"},"image":{"@id":"https:\/\/hairdeluxe.ee\/fi\/#\/schema\/logo\/image\/"},"sameAs":["https:\/\/www.facebook.com\/blowbartallinn","https:\/\/www.instagram.com\/blowbar_tallinn"]}]}},"_links":{"self":[{"href":"https:\/\/hairdeluxe.ee\/fi\/wp-json\/wp\/v2\/product\/35722","targetHints":{"allow":["GET"]}}],"collection":[{"href":"https:\/\/hairdeluxe.ee\/fi\/wp-json\/wp\/v2\/product"}],"about":[{"href":"https:\/\/hairdeluxe.ee\/fi\/wp-json\/wp\/v2\/types\/product"}],"wp:featuredmedia":[{"embeddable":true,"href":"https:\/\/hairdeluxe.ee\/fi\/wp-json\/wp\/v2\/media\/35720"}],"wp:attachment":[{"href":"https:\/\/hairdeluxe.ee\/fi\/wp-json\/wp\/v2\/media?parent=35722"}],"wp:term":[{"taxonomy":"product_brand","embeddable":true,"href":"https:\/\/hairdeluxe.ee\/fi\/wp-json\/wp\/v2\/product_brand?post=35722"},{"taxonomy":"product_cat","embeddable":true,"href":"https:\/\/hairdeluxe.ee\/fi\/wp-json\/wp\/v2\/product_cat?post=35722"},{"taxonomy":"product_tag","embeddable":true,"href":"https:\/\/hairdeluxe.ee\/fi\/wp-json\/wp\/v2\/product_tag?post=35722"}],"curies":[{"name":"wp","href":"https:\/\/api.w.org\/{rel}","templated":true}]}}