{"id":35736,"date":"2024-02-03T09:55:18","date_gmt":"2024-02-03T07:55:18","guid":{"rendered":"https:\/\/blowbar.ee\/toode\/balmain-hair-keskmise-hoidvusega-juuksegeel-homme-styling-gel-medium-hold-50ml-travel\/"},"modified":"2025-03-18T19:22:25","modified_gmt":"2025-03-18T19:22:25","slug":"balmain-keskmise-hoidvusega-juuksegeel-homme-styling-gel-medium-hold-50ml-travel","status":"publish","type":"product","link":"https:\/\/hairdeluxe.ee\/fi\/product\/balmain-keskmise-hoidvusega-juuksegeel-homme-styling-gel-medium-hold-50ml-travel\/","title":{"rendered":"BALMAIN HAIR keskmise hoidvusega juuksegeel \/ Homme Styling Gel Medium Hold 50ml travel"},"content":{"rendered":"<p><em><strong>Koostis:\u00a0<\/strong>Aqua, VP\/VA Copolymer, Alcohol Denat, Butylene Glycol, PEG-40 Hydrogenated Castor Oil, Argania Spinosa Kemel O, Silk Amino Adds, Panthenol, Parfum, Benzyl Salicylate, Polyquaternium-11, Acrylates\/C10-30 Alkyl Acrylate Crosspolymer, Caprylyl Glycol, Pantolactone, Citric Acid, Benzoic Acid, Phenoxyethanol, Ethylhexylglycerin, Aminomethyl Propanol<\/em><\/p>\n","protected":false},"excerpt":{"rendered":"<p>Balmain Hair Homme Styling Gel Medium sobib suurep\u00e4raselt catwalkidest inspireeritud elegantsete soengute loomiseks. Kerge veep\u00f5hine koostis ei pudene, seda on lihtne kasutada ning juustele kanda. Niiskuskindel geel aktiveerib, defineerib ja kontrollib loomulikke lokke ilma neid raskeks muutmata.<br \/>\nReisisuuruses kerge soengugeel, millel on kauakestev keskmine p\u00fcsivus. Ideaalne koostis v\u00f5imsa catwalk-inspireeritud v\u00e4limuse jaoks. L\u00f5hnastatud intensiivse merevaigu ja Balmain Hair Homme puiduse l\u00f5hnaga, mis \u00fchendab bergamoti kosutava tsitruselise v\u00e4rskuse kuiva sandlipuu puiduse aspektiga.<br \/>\n&#8211; Keskmine hoidvus<br \/>\n&#8211; Aktiveerib, defineerib ja kontrollib loomulikke lokke<br \/>\n&#8211; Ei pudene<\/p>\n<p><strong>Kasutamine:\u00a0<\/strong>H\u00f5\u00f5ruge k\u00e4te vahel ja kandke kuivadele v\u00f5i niisketele juustele.<\/p>\n<p>Kogus: 50ml<\/p>\n","protected":false},"featured_media":35734,"template":"","meta":[],"product_brand":[464],"product_cat":[266,265,212,121,144,170,272,196,274],"product_tag":[],"class_list":{"0":"post-35736","1":"product","2":"type-product","3":"status-publish","4":"has-post-thumbnail","6":"product_brand-balmain-hair","7":"product_cat-balmain-hair","8":"product_cat-brandid","9":"product_cat-kinnitus","10":"product_cat-koik-tooted","11":"product_cat-meestele","12":"product_cat-reisile","13":"product_cat-viimistlus-reisile","14":"product_cat-viimistlus","15":"product_cat-viimistlus-meestele","17":"first","18":"instock","19":"taxable","20":"shipping-taxable","21":"purchasable","22":"product-type-simple","23":"add-to-wishlist-after_add_to_cart"},"yoast_head":"<!-- This site is optimized with the Yoast SEO plugin v27.5 - https:\/\/yoast.com\/product\/yoast-seo-wordpress\/ -->\n<title>BALMAIN HAIR keskmise hoidvusega juuksegeel \/ Homme Styling Gel Medium Hold 50ml travel - Hair Deluxe<\/title>\n<meta name=\"robots\" content=\"index, follow, max-snippet:-1, max-image-preview:large, max-video-preview:-1\" \/>\n<link rel=\"canonical\" href=\"https:\/\/hairdeluxe.ee\/fi\/product\/balmain-keskmise-hoidvusega-juuksegeel-homme-styling-gel-medium-hold-50ml-travel\/\" \/>\n<meta property=\"og:locale\" content=\"fi_FI\" \/>\n<meta property=\"og:type\" content=\"article\" \/>\n<meta property=\"og:title\" content=\"BALMAIN HAIR keskmise hoidvusega juuksegeel \/ Homme Styling Gel Medium Hold 50ml travel - Hair Deluxe\" \/>\n<meta property=\"og:description\" content=\"Balmain Hair Homme Styling Gel Medium sobib suurep\u00e4raselt catwalkidest inspireeritud elegantsete soengute loomiseks. Kerge veep\u00f5hine koostis ei pudene, seda on lihtne kasutada ning juustele kanda. Niiskuskindel geel aktiveerib, defineerib ja kontrollib loomulikke lokke ilma neid raskeks muutmata. Reisisuuruses kerge soengugeel, millel on kauakestev keskmine p\u00fcsivus. Ideaalne koostis v\u00f5imsa catwalk-inspireeritud v\u00e4limuse jaoks. L\u00f5hnastatud intensiivse merevaigu ja Balmain Hair Homme puiduse l\u00f5hnaga, mis \u00fchendab bergamoti kosutava tsitruselise v\u00e4rskuse kuiva sandlipuu puiduse aspektiga. - Keskmine hoidvus - Aktiveerib, defineerib ja kontrollib loomulikke lokke - Ei pudene Kasutamine:\u00a0H\u00f5\u00f5ruge k\u00e4te vahel ja kandke kuivadele v\u00f5i niisketele juustele. Kogus: 50ml\" \/>\n<meta property=\"og:url\" content=\"https:\/\/hairdeluxe.ee\/fi\/product\/balmain-keskmise-hoidvusega-juuksegeel-homme-styling-gel-medium-hold-50ml-travel\/\" \/>\n<meta property=\"og:site_name\" content=\"Hair Deluxe\" \/>\n<meta property=\"article:publisher\" content=\"https:\/\/www.facebook.com\/blowbartallinn\" \/>\n<meta property=\"article:modified_time\" content=\"2025-03-18T19:22:25+00:00\" \/>\n<meta property=\"og:image\" content=\"https:\/\/hairdeluxe.ee\/wp-content\/uploads\/2024\/02\/balmainhair_balmainhomme_stylinggelmedium_travelsize_50ml_packshot_cs_m_s_gel_m_86eb.jpg\" \/>\n\t<meta property=\"og:image:width\" content=\"800\" \/>\n\t<meta property=\"og:image:height\" content=\"800\" \/>\n\t<meta property=\"og:image:type\" content=\"image\/jpeg\" \/>\n<meta name=\"twitter:card\" content=\"summary_large_image\" \/>\n<script type=\"application\/ld+json\" class=\"yoast-schema-graph\">{\"@context\":\"https:\\\/\\\/schema.org\",\"@graph\":[{\"@type\":\"WebPage\",\"@id\":\"https:\\\/\\\/hairdeluxe.ee\\\/fi\\\/product\\\/balmain-keskmise-hoidvusega-juuksegeel-homme-styling-gel-medium-hold-50ml-travel\\\/\",\"url\":\"https:\\\/\\\/hairdeluxe.ee\\\/fi\\\/product\\\/balmain-keskmise-hoidvusega-juuksegeel-homme-styling-gel-medium-hold-50ml-travel\\\/\",\"name\":\"BALMAIN HAIR keskmise hoidvusega juuksegeel \\\/ Homme Styling Gel Medium Hold 50ml travel - Hair Deluxe\",\"isPartOf\":{\"@id\":\"https:\\\/\\\/hairdeluxe.ee\\\/fi\\\/#website\"},\"primaryImageOfPage\":{\"@id\":\"https:\\\/\\\/hairdeluxe.ee\\\/fi\\\/product\\\/balmain-keskmise-hoidvusega-juuksegeel-homme-styling-gel-medium-hold-50ml-travel\\\/#primaryimage\"},\"image\":{\"@id\":\"https:\\\/\\\/hairdeluxe.ee\\\/fi\\\/product\\\/balmain-keskmise-hoidvusega-juuksegeel-homme-styling-gel-medium-hold-50ml-travel\\\/#primaryimage\"},\"thumbnailUrl\":\"https:\\\/\\\/hairdeluxe.ee\\\/wp-content\\\/uploads\\\/2024\\\/02\\\/balmainhair_balmainhomme_stylinggelmedium_travelsize_50ml_packshot_cs_m_s_gel_m_86eb.jpg\",\"datePublished\":\"2024-02-03T07:55:18+00:00\",\"dateModified\":\"2025-03-18T19:22:25+00:00\",\"breadcrumb\":{\"@id\":\"https:\\\/\\\/hairdeluxe.ee\\\/fi\\\/product\\\/balmain-keskmise-hoidvusega-juuksegeel-homme-styling-gel-medium-hold-50ml-travel\\\/#breadcrumb\"},\"inLanguage\":\"fi\",\"potentialAction\":[{\"@type\":\"ReadAction\",\"target\":[\"https:\\\/\\\/hairdeluxe.ee\\\/fi\\\/product\\\/balmain-keskmise-hoidvusega-juuksegeel-homme-styling-gel-medium-hold-50ml-travel\\\/\"]}]},{\"@type\":\"ImageObject\",\"inLanguage\":\"fi\",\"@id\":\"https:\\\/\\\/hairdeluxe.ee\\\/fi\\\/product\\\/balmain-keskmise-hoidvusega-juuksegeel-homme-styling-gel-medium-hold-50ml-travel\\\/#primaryimage\",\"url\":\"https:\\\/\\\/hairdeluxe.ee\\\/wp-content\\\/uploads\\\/2024\\\/02\\\/balmainhair_balmainhomme_stylinggelmedium_travelsize_50ml_packshot_cs_m_s_gel_m_86eb.jpg\",\"contentUrl\":\"https:\\\/\\\/hairdeluxe.ee\\\/wp-content\\\/uploads\\\/2024\\\/02\\\/balmainhair_balmainhomme_stylinggelmedium_travelsize_50ml_packshot_cs_m_s_gel_m_86eb.jpg\",\"width\":800,\"height\":800},{\"@type\":\"BreadcrumbList\",\"@id\":\"https:\\\/\\\/hairdeluxe.ee\\\/fi\\\/product\\\/balmain-keskmise-hoidvusega-juuksegeel-homme-styling-gel-medium-hold-50ml-travel\\\/#breadcrumb\",\"itemListElement\":[{\"@type\":\"ListItem\",\"position\":1,\"name\":\"Home\",\"item\":\"https:\\\/\\\/hairdeluxe.ee\\\/fi\\\/\"},{\"@type\":\"ListItem\",\"position\":2,\"name\":\"Kauppa\",\"item\":\"https:\\\/\\\/hairdeluxe.ee\\\/fi\\\/shop\\\/\"},{\"@type\":\"ListItem\",\"position\":3,\"name\":\"BALMAIN HAIR keskmise hoidvusega juuksegeel \\\/ Homme Styling Gel Medium Hold 50ml travel\"}]},{\"@type\":\"WebSite\",\"@id\":\"https:\\\/\\\/hairdeluxe.ee\\\/fi\\\/#website\",\"url\":\"https:\\\/\\\/hairdeluxe.ee\\\/fi\\\/\",\"name\":\"Hair Deluxe\",\"description\":\"Highlight your natural beauty\",\"publisher\":{\"@id\":\"https:\\\/\\\/hairdeluxe.ee\\\/fi\\\/#organization\"},\"potentialAction\":[{\"@type\":\"SearchAction\",\"target\":{\"@type\":\"EntryPoint\",\"urlTemplate\":\"https:\\\/\\\/hairdeluxe.ee\\\/fi\\\/?s={search_term_string}\"},\"query-input\":{\"@type\":\"PropertyValueSpecification\",\"valueRequired\":true,\"valueName\":\"search_term_string\"}}],\"inLanguage\":\"fi\"},{\"@type\":\"Organization\",\"@id\":\"https:\\\/\\\/hairdeluxe.ee\\\/fi\\\/#organization\",\"name\":\"Hair Deluxe\",\"url\":\"https:\\\/\\\/hairdeluxe.ee\\\/fi\\\/\",\"logo\":{\"@type\":\"ImageObject\",\"inLanguage\":\"fi\",\"@id\":\"https:\\\/\\\/hairdeluxe.ee\\\/fi\\\/#\\\/schema\\\/logo\\\/image\\\/\",\"url\":\"https:\\\/\\\/hairdeluxe.ee\\\/wp-content\\\/uploads\\\/2024\\\/06\\\/Hair-Deluxe-Logo-Dark-font.png\",\"contentUrl\":\"https:\\\/\\\/hairdeluxe.ee\\\/wp-content\\\/uploads\\\/2024\\\/06\\\/Hair-Deluxe-Logo-Dark-font.png\",\"width\":467,\"height\":177,\"caption\":\"Hair Deluxe\"},\"image\":{\"@id\":\"https:\\\/\\\/hairdeluxe.ee\\\/fi\\\/#\\\/schema\\\/logo\\\/image\\\/\"},\"sameAs\":[\"https:\\\/\\\/www.facebook.com\\\/blowbartallinn\",\"https:\\\/\\\/www.instagram.com\\\/blowbar_tallinn\"]}]}<\/script>\n<!-- \/ Yoast SEO plugin. -->","yoast_head_json":{"title":"BALMAIN HAIR keskmise hoidvusega juuksegeel \/ Homme Styling Gel Medium Hold 50ml travel - Hair Deluxe","robots":{"index":"index","follow":"follow","max-snippet":"max-snippet:-1","max-image-preview":"max-image-preview:large","max-video-preview":"max-video-preview:-1"},"canonical":"https:\/\/hairdeluxe.ee\/fi\/product\/balmain-keskmise-hoidvusega-juuksegeel-homme-styling-gel-medium-hold-50ml-travel\/","og_locale":"fi_FI","og_type":"article","og_title":"BALMAIN HAIR keskmise hoidvusega juuksegeel \/ Homme Styling Gel Medium Hold 50ml travel - Hair Deluxe","og_description":"Balmain Hair Homme Styling Gel Medium sobib suurep\u00e4raselt catwalkidest inspireeritud elegantsete soengute loomiseks. Kerge veep\u00f5hine koostis ei pudene, seda on lihtne kasutada ning juustele kanda. Niiskuskindel geel aktiveerib, defineerib ja kontrollib loomulikke lokke ilma neid raskeks muutmata. Reisisuuruses kerge soengugeel, millel on kauakestev keskmine p\u00fcsivus. Ideaalne koostis v\u00f5imsa catwalk-inspireeritud v\u00e4limuse jaoks. L\u00f5hnastatud intensiivse merevaigu ja Balmain Hair Homme puiduse l\u00f5hnaga, mis \u00fchendab bergamoti kosutava tsitruselise v\u00e4rskuse kuiva sandlipuu puiduse aspektiga. - Keskmine hoidvus - Aktiveerib, defineerib ja kontrollib loomulikke lokke - Ei pudene Kasutamine:\u00a0H\u00f5\u00f5ruge k\u00e4te vahel ja kandke kuivadele v\u00f5i niisketele juustele. Kogus: 50ml","og_url":"https:\/\/hairdeluxe.ee\/fi\/product\/balmain-keskmise-hoidvusega-juuksegeel-homme-styling-gel-medium-hold-50ml-travel\/","og_site_name":"Hair Deluxe","article_publisher":"https:\/\/www.facebook.com\/blowbartallinn","article_modified_time":"2025-03-18T19:22:25+00:00","og_image":[{"width":800,"height":800,"url":"https:\/\/hairdeluxe.ee\/wp-content\/uploads\/2024\/02\/balmainhair_balmainhomme_stylinggelmedium_travelsize_50ml_packshot_cs_m_s_gel_m_86eb.jpg","type":"image\/jpeg"}],"twitter_card":"summary_large_image","schema":{"@context":"https:\/\/schema.org","@graph":[{"@type":"WebPage","@id":"https:\/\/hairdeluxe.ee\/fi\/product\/balmain-keskmise-hoidvusega-juuksegeel-homme-styling-gel-medium-hold-50ml-travel\/","url":"https:\/\/hairdeluxe.ee\/fi\/product\/balmain-keskmise-hoidvusega-juuksegeel-homme-styling-gel-medium-hold-50ml-travel\/","name":"BALMAIN HAIR keskmise hoidvusega juuksegeel \/ Homme Styling Gel Medium Hold 50ml travel - Hair Deluxe","isPartOf":{"@id":"https:\/\/hairdeluxe.ee\/fi\/#website"},"primaryImageOfPage":{"@id":"https:\/\/hairdeluxe.ee\/fi\/product\/balmain-keskmise-hoidvusega-juuksegeel-homme-styling-gel-medium-hold-50ml-travel\/#primaryimage"},"image":{"@id":"https:\/\/hairdeluxe.ee\/fi\/product\/balmain-keskmise-hoidvusega-juuksegeel-homme-styling-gel-medium-hold-50ml-travel\/#primaryimage"},"thumbnailUrl":"https:\/\/hairdeluxe.ee\/wp-content\/uploads\/2024\/02\/balmainhair_balmainhomme_stylinggelmedium_travelsize_50ml_packshot_cs_m_s_gel_m_86eb.jpg","datePublished":"2024-02-03T07:55:18+00:00","dateModified":"2025-03-18T19:22:25+00:00","breadcrumb":{"@id":"https:\/\/hairdeluxe.ee\/fi\/product\/balmain-keskmise-hoidvusega-juuksegeel-homme-styling-gel-medium-hold-50ml-travel\/#breadcrumb"},"inLanguage":"fi","potentialAction":[{"@type":"ReadAction","target":["https:\/\/hairdeluxe.ee\/fi\/product\/balmain-keskmise-hoidvusega-juuksegeel-homme-styling-gel-medium-hold-50ml-travel\/"]}]},{"@type":"ImageObject","inLanguage":"fi","@id":"https:\/\/hairdeluxe.ee\/fi\/product\/balmain-keskmise-hoidvusega-juuksegeel-homme-styling-gel-medium-hold-50ml-travel\/#primaryimage","url":"https:\/\/hairdeluxe.ee\/wp-content\/uploads\/2024\/02\/balmainhair_balmainhomme_stylinggelmedium_travelsize_50ml_packshot_cs_m_s_gel_m_86eb.jpg","contentUrl":"https:\/\/hairdeluxe.ee\/wp-content\/uploads\/2024\/02\/balmainhair_balmainhomme_stylinggelmedium_travelsize_50ml_packshot_cs_m_s_gel_m_86eb.jpg","width":800,"height":800},{"@type":"BreadcrumbList","@id":"https:\/\/hairdeluxe.ee\/fi\/product\/balmain-keskmise-hoidvusega-juuksegeel-homme-styling-gel-medium-hold-50ml-travel\/#breadcrumb","itemListElement":[{"@type":"ListItem","position":1,"name":"Home","item":"https:\/\/hairdeluxe.ee\/fi\/"},{"@type":"ListItem","position":2,"name":"Kauppa","item":"https:\/\/hairdeluxe.ee\/fi\/shop\/"},{"@type":"ListItem","position":3,"name":"BALMAIN HAIR keskmise hoidvusega juuksegeel \/ Homme Styling Gel Medium Hold 50ml travel"}]},{"@type":"WebSite","@id":"https:\/\/hairdeluxe.ee\/fi\/#website","url":"https:\/\/hairdeluxe.ee\/fi\/","name":"Hair Deluxe","description":"Highlight your natural beauty","publisher":{"@id":"https:\/\/hairdeluxe.ee\/fi\/#organization"},"potentialAction":[{"@type":"SearchAction","target":{"@type":"EntryPoint","urlTemplate":"https:\/\/hairdeluxe.ee\/fi\/?s={search_term_string}"},"query-input":{"@type":"PropertyValueSpecification","valueRequired":true,"valueName":"search_term_string"}}],"inLanguage":"fi"},{"@type":"Organization","@id":"https:\/\/hairdeluxe.ee\/fi\/#organization","name":"Hair Deluxe","url":"https:\/\/hairdeluxe.ee\/fi\/","logo":{"@type":"ImageObject","inLanguage":"fi","@id":"https:\/\/hairdeluxe.ee\/fi\/#\/schema\/logo\/image\/","url":"https:\/\/hairdeluxe.ee\/wp-content\/uploads\/2024\/06\/Hair-Deluxe-Logo-Dark-font.png","contentUrl":"https:\/\/hairdeluxe.ee\/wp-content\/uploads\/2024\/06\/Hair-Deluxe-Logo-Dark-font.png","width":467,"height":177,"caption":"Hair Deluxe"},"image":{"@id":"https:\/\/hairdeluxe.ee\/fi\/#\/schema\/logo\/image\/"},"sameAs":["https:\/\/www.facebook.com\/blowbartallinn","https:\/\/www.instagram.com\/blowbar_tallinn"]}]}},"_links":{"self":[{"href":"https:\/\/hairdeluxe.ee\/fi\/wp-json\/wp\/v2\/product\/35736","targetHints":{"allow":["GET"]}}],"collection":[{"href":"https:\/\/hairdeluxe.ee\/fi\/wp-json\/wp\/v2\/product"}],"about":[{"href":"https:\/\/hairdeluxe.ee\/fi\/wp-json\/wp\/v2\/types\/product"}],"wp:featuredmedia":[{"embeddable":true,"href":"https:\/\/hairdeluxe.ee\/fi\/wp-json\/wp\/v2\/media\/35734"}],"wp:attachment":[{"href":"https:\/\/hairdeluxe.ee\/fi\/wp-json\/wp\/v2\/media?parent=35736"}],"wp:term":[{"taxonomy":"product_brand","embeddable":true,"href":"https:\/\/hairdeluxe.ee\/fi\/wp-json\/wp\/v2\/product_brand?post=35736"},{"taxonomy":"product_cat","embeddable":true,"href":"https:\/\/hairdeluxe.ee\/fi\/wp-json\/wp\/v2\/product_cat?post=35736"},{"taxonomy":"product_tag","embeddable":true,"href":"https:\/\/hairdeluxe.ee\/fi\/wp-json\/wp\/v2\/product_tag?post=35736"}],"curies":[{"name":"wp","href":"https:\/\/api.w.org\/{rel}","templated":true}]}}