{"id":35742,"date":"2024-02-03T09:55:24","date_gmt":"2024-02-03T07:55:24","guid":{"rendered":"https:\/\/blowbar.ee\/toode\/balmain-hair-touch-of-romance-juukseparfuum-love-collection-hair-perfume-signature-fragrance-100ml\/"},"modified":"2025-03-18T19:22:25","modified_gmt":"2025-03-18T19:22:25","slug":"balmain-touch-of-romance-juukseparfuum-love-collection-hair-perfume-signature-fragrance-100ml","status":"publish","type":"product","link":"https:\/\/hairdeluxe.ee\/fi\/product\/balmain-touch-of-romance-juukseparfuum-love-collection-hair-perfume-signature-fragrance-100ml\/","title":{"rendered":"BALMAIN HAIR Touch of Romance juukseparf\u00fc\u00fcm \/ Love Collection Hair Perfume Signature Fragrance 100ml"},"content":{"rendered":"<p><em><strong>Koostis:<\/strong> Alcohol Denat. (SD Alcohol 39-C), Parfum (Fragrance), Aqua (Water), Argania Spinosa (Argan) Kernel Oil, Silk Amino Acids, Ethylhexyl Methoxycinnamate, Benzoic Acid, Limonene.<\/em><\/p>\n","protected":false},"excerpt":{"rendered":"<p>Punast roosi on aastatuhandeid seostatud armastuse ja kirega ning seda peetakse universaalseks armastuse s\u00fcmboliks.<br \/>\nKollektsioon \u201cTouch of Romance\u201d on selle universaalse armastuse s\u00fcmboli kaasaegne ja kunstiline t\u00f5lge ning ideaalne viis armastuse v\u00e4ljendamiseks s\u00f5nadeta.<br \/>\nPeen ja \u00f5rn juuste uduparf\u00fc\u00fcm, mis turgutab meeli ning kingib v\u00e4rske ja harmoonilise aroomi. Parf\u00fc\u00fcmile on lisatud orgaanilist argaania eliksiiri ja siidiproteiini. Toote eesm\u00e4rk on toita, parandada ja kaitsta juukseid v\u00e4lism\u00f5jude eest, pakkudes hoolitsust ja kauap\u00fcsivat l\u00f5hna.<br \/>\nNautige Balmain Hair juuste l\u00f5hna meeli\u00fclendavat j\u00f5udu selle puhtaimal kujul. Parf\u00fc\u00fcmi tunnetab \u00f5rnalt kogu p\u00e4eva v\u00e4ltel, eriti siis, kui juuksed on liikumises. Unikaalne segu parimatest l\u00f5hnanootidest loob meeli\u00fclendava kogemuse, mis meeldib k\u00f5igile. K\u00f5ik noodid avalduvad p\u00e4eva jooksul, pakkudes t\u00e4htaniisi, estragoni, m\u00e4nnipuidu, virsiku\u00f5ie, vaarika, gardeenia, apelsini\u00f5ie, nelgi, jasmiini, roosi, ylang-ylangi, aprikoosi, sireli-merevaigukollase, vanilje, sandlipuu, seedripuu, balsamico ja valge muskuse aroome.<br \/>\n&#8211; Balmain Hair signatuurl\u00f5hn selle puhtaimal kujul<br \/>\n&#8211; Sisaldab orgaanilist argaania\u00f5li ja siidiproteiini<br \/>\n&#8211; Reljeefne must kork sulgub magnetiga<\/p>\n<p><strong>Kasutamine:<\/strong> Pihustada toodet otse juustele 25\u201330cm kauguselt. V\u00f5ib pihustada ka juukseharjale, seej\u00e4rel juuksed kammida. Kingib juustele erilise s\u00e4ra ja meeldiva aroomi.<\/p>\n<p>Kogus: 100ml<\/p>\n","protected":false},"featured_media":35739,"template":"","meta":[],"product_brand":[464],"product_cat":[266,265,125,129,121,284,196],"product_tag":[],"class_list":{"0":"post-35742","1":"product","2":"type-product","3":"status-publish","4":"has-post-thumbnail","6":"product_brand-balmain-hair","7":"product_cat-balmain-hair","8":"product_cat-brandid","9":"product_cat-juukseparfuum","10":"product_cat-kingitused","11":"product_cat-koik-tooted","12":"product_cat-parfuumid","13":"product_cat-viimistlus","15":"first","16":"instock","17":"taxable","18":"shipping-taxable","19":"purchasable","20":"product-type-simple","21":"add-to-wishlist-after_add_to_cart"},"yoast_head":"<!-- This site is optimized with the Yoast SEO plugin v27.5 - https:\/\/yoast.com\/product\/yoast-seo-wordpress\/ -->\n<title>BALMAIN HAIR Touch of Romance juukseparf\u00fc\u00fcm \/ Love Collection Hair Perfume Signature Fragrance 100ml - Hair Deluxe<\/title>\n<meta name=\"robots\" content=\"index, follow, max-snippet:-1, max-image-preview:large, max-video-preview:-1\" \/>\n<link rel=\"canonical\" href=\"https:\/\/hairdeluxe.ee\/fi\/product\/balmain-touch-of-romance-juukseparfuum-love-collection-hair-perfume-signature-fragrance-100ml\/\" \/>\n<meta property=\"og:locale\" content=\"fi_FI\" \/>\n<meta property=\"og:type\" content=\"article\" \/>\n<meta property=\"og:title\" content=\"BALMAIN HAIR Touch of Romance juukseparf\u00fc\u00fcm \/ Love Collection Hair Perfume Signature Fragrance 100ml - Hair Deluxe\" \/>\n<meta property=\"og:description\" content=\"Punast roosi on aastatuhandeid seostatud armastuse ja kirega ning seda peetakse universaalseks armastuse s\u00fcmboliks. Kollektsioon \u201cTouch of Romance\u201d on selle universaalse armastuse s\u00fcmboli kaasaegne ja kunstiline t\u00f5lge ning ideaalne viis armastuse v\u00e4ljendamiseks s\u00f5nadeta. Peen ja \u00f5rn juuste uduparf\u00fc\u00fcm, mis turgutab meeli ning kingib v\u00e4rske ja harmoonilise aroomi. Parf\u00fc\u00fcmile on lisatud orgaanilist argaania eliksiiri ja siidiproteiini. Toote eesm\u00e4rk on toita, parandada ja kaitsta juukseid v\u00e4lism\u00f5jude eest, pakkudes hoolitsust ja kauap\u00fcsivat l\u00f5hna. Nautige Balmain Hair juuste l\u00f5hna meeli\u00fclendavat j\u00f5udu selle puhtaimal kujul. Parf\u00fc\u00fcmi tunnetab \u00f5rnalt kogu p\u00e4eva v\u00e4ltel, eriti siis, kui juuksed on liikumises. Unikaalne segu parimatest l\u00f5hnanootidest loob meeli\u00fclendava kogemuse, mis meeldib k\u00f5igile. K\u00f5ik noodid avalduvad p\u00e4eva jooksul, pakkudes t\u00e4htaniisi, estragoni, m\u00e4nnipuidu, virsiku\u00f5ie, vaarika, gardeenia, apelsini\u00f5ie, nelgi, jasmiini, roosi, ylang-ylangi, aprikoosi, sireli-merevaigukollase, vanilje, sandlipuu, seedripuu, balsamico ja valge muskuse aroome. - Balmain Hair signatuurl\u00f5hn selle puhtaimal kujul - Sisaldab orgaanilist argaania\u00f5li ja siidiproteiini - Reljeefne must kork sulgub magnetiga Kasutamine: Pihustada toodet otse juustele 25\u201330cm kauguselt. V\u00f5ib pihustada ka juukseharjale, seej\u00e4rel juuksed kammida. Kingib juustele erilise s\u00e4ra ja meeldiva aroomi. Kogus: 100ml\" \/>\n<meta property=\"og:url\" content=\"https:\/\/hairdeluxe.ee\/fi\/product\/balmain-touch-of-romance-juukseparfuum-love-collection-hair-perfume-signature-fragrance-100ml\/\" \/>\n<meta property=\"og:site_name\" content=\"Hair Deluxe\" \/>\n<meta property=\"article:publisher\" content=\"https:\/\/www.facebook.com\/blowbartallinn\" \/>\n<meta property=\"article:modified_time\" content=\"2025-03-18T19:22:25+00:00\" \/>\n<meta property=\"og:image\" content=\"https:\/\/hairdeluxe.ee\/wp-content\/uploads\/2024\/02\/balmainhair_styling_le_touchofromancecollection_hairperfume_le_cs_s_s_hp_sig_10_4c16.jpg\" \/>\n\t<meta property=\"og:image:width\" content=\"800\" \/>\n\t<meta property=\"og:image:height\" content=\"800\" \/>\n\t<meta property=\"og:image:type\" content=\"image\/jpeg\" \/>\n<meta name=\"twitter:card\" content=\"summary_large_image\" \/>\n<script type=\"application\/ld+json\" class=\"yoast-schema-graph\">{\"@context\":\"https:\\\/\\\/schema.org\",\"@graph\":[{\"@type\":\"WebPage\",\"@id\":\"https:\\\/\\\/hairdeluxe.ee\\\/fi\\\/product\\\/balmain-touch-of-romance-juukseparfuum-love-collection-hair-perfume-signature-fragrance-100ml\\\/\",\"url\":\"https:\\\/\\\/hairdeluxe.ee\\\/fi\\\/product\\\/balmain-touch-of-romance-juukseparfuum-love-collection-hair-perfume-signature-fragrance-100ml\\\/\",\"name\":\"BALMAIN HAIR Touch of Romance juukseparf\u00fc\u00fcm \\\/ Love Collection Hair Perfume Signature Fragrance 100ml - Hair Deluxe\",\"isPartOf\":{\"@id\":\"https:\\\/\\\/hairdeluxe.ee\\\/fi\\\/#website\"},\"primaryImageOfPage\":{\"@id\":\"https:\\\/\\\/hairdeluxe.ee\\\/fi\\\/product\\\/balmain-touch-of-romance-juukseparfuum-love-collection-hair-perfume-signature-fragrance-100ml\\\/#primaryimage\"},\"image\":{\"@id\":\"https:\\\/\\\/hairdeluxe.ee\\\/fi\\\/product\\\/balmain-touch-of-romance-juukseparfuum-love-collection-hair-perfume-signature-fragrance-100ml\\\/#primaryimage\"},\"thumbnailUrl\":\"https:\\\/\\\/hairdeluxe.ee\\\/wp-content\\\/uploads\\\/2024\\\/02\\\/balmainhair_styling_le_touchofromancecollection_hairperfume_le_cs_s_s_hp_sig_10_4c16.jpg\",\"datePublished\":\"2024-02-03T07:55:24+00:00\",\"dateModified\":\"2025-03-18T19:22:25+00:00\",\"breadcrumb\":{\"@id\":\"https:\\\/\\\/hairdeluxe.ee\\\/fi\\\/product\\\/balmain-touch-of-romance-juukseparfuum-love-collection-hair-perfume-signature-fragrance-100ml\\\/#breadcrumb\"},\"inLanguage\":\"fi\",\"potentialAction\":[{\"@type\":\"ReadAction\",\"target\":[\"https:\\\/\\\/hairdeluxe.ee\\\/fi\\\/product\\\/balmain-touch-of-romance-juukseparfuum-love-collection-hair-perfume-signature-fragrance-100ml\\\/\"]}]},{\"@type\":\"ImageObject\",\"inLanguage\":\"fi\",\"@id\":\"https:\\\/\\\/hairdeluxe.ee\\\/fi\\\/product\\\/balmain-touch-of-romance-juukseparfuum-love-collection-hair-perfume-signature-fragrance-100ml\\\/#primaryimage\",\"url\":\"https:\\\/\\\/hairdeluxe.ee\\\/wp-content\\\/uploads\\\/2024\\\/02\\\/balmainhair_styling_le_touchofromancecollection_hairperfume_le_cs_s_s_hp_sig_10_4c16.jpg\",\"contentUrl\":\"https:\\\/\\\/hairdeluxe.ee\\\/wp-content\\\/uploads\\\/2024\\\/02\\\/balmainhair_styling_le_touchofromancecollection_hairperfume_le_cs_s_s_hp_sig_10_4c16.jpg\",\"width\":800,\"height\":800},{\"@type\":\"BreadcrumbList\",\"@id\":\"https:\\\/\\\/hairdeluxe.ee\\\/fi\\\/product\\\/balmain-touch-of-romance-juukseparfuum-love-collection-hair-perfume-signature-fragrance-100ml\\\/#breadcrumb\",\"itemListElement\":[{\"@type\":\"ListItem\",\"position\":1,\"name\":\"Home\",\"item\":\"https:\\\/\\\/hairdeluxe.ee\\\/fi\\\/\"},{\"@type\":\"ListItem\",\"position\":2,\"name\":\"Kauppa\",\"item\":\"https:\\\/\\\/hairdeluxe.ee\\\/fi\\\/shop\\\/\"},{\"@type\":\"ListItem\",\"position\":3,\"name\":\"BALMAIN HAIR Touch of Romance juukseparf\u00fc\u00fcm \\\/ Love Collection Hair Perfume Signature Fragrance 100ml\"}]},{\"@type\":\"WebSite\",\"@id\":\"https:\\\/\\\/hairdeluxe.ee\\\/fi\\\/#website\",\"url\":\"https:\\\/\\\/hairdeluxe.ee\\\/fi\\\/\",\"name\":\"Hair Deluxe\",\"description\":\"Highlight your natural beauty\",\"publisher\":{\"@id\":\"https:\\\/\\\/hairdeluxe.ee\\\/fi\\\/#organization\"},\"potentialAction\":[{\"@type\":\"SearchAction\",\"target\":{\"@type\":\"EntryPoint\",\"urlTemplate\":\"https:\\\/\\\/hairdeluxe.ee\\\/fi\\\/?s={search_term_string}\"},\"query-input\":{\"@type\":\"PropertyValueSpecification\",\"valueRequired\":true,\"valueName\":\"search_term_string\"}}],\"inLanguage\":\"fi\"},{\"@type\":\"Organization\",\"@id\":\"https:\\\/\\\/hairdeluxe.ee\\\/fi\\\/#organization\",\"name\":\"Hair Deluxe\",\"url\":\"https:\\\/\\\/hairdeluxe.ee\\\/fi\\\/\",\"logo\":{\"@type\":\"ImageObject\",\"inLanguage\":\"fi\",\"@id\":\"https:\\\/\\\/hairdeluxe.ee\\\/fi\\\/#\\\/schema\\\/logo\\\/image\\\/\",\"url\":\"https:\\\/\\\/hairdeluxe.ee\\\/wp-content\\\/uploads\\\/2024\\\/06\\\/Hair-Deluxe-Logo-Dark-font.png\",\"contentUrl\":\"https:\\\/\\\/hairdeluxe.ee\\\/wp-content\\\/uploads\\\/2024\\\/06\\\/Hair-Deluxe-Logo-Dark-font.png\",\"width\":467,\"height\":177,\"caption\":\"Hair Deluxe\"},\"image\":{\"@id\":\"https:\\\/\\\/hairdeluxe.ee\\\/fi\\\/#\\\/schema\\\/logo\\\/image\\\/\"},\"sameAs\":[\"https:\\\/\\\/www.facebook.com\\\/blowbartallinn\",\"https:\\\/\\\/www.instagram.com\\\/blowbar_tallinn\"]}]}<\/script>\n<!-- \/ Yoast SEO plugin. -->","yoast_head_json":{"title":"BALMAIN HAIR Touch of Romance juukseparf\u00fc\u00fcm \/ Love Collection Hair Perfume Signature Fragrance 100ml - Hair Deluxe","robots":{"index":"index","follow":"follow","max-snippet":"max-snippet:-1","max-image-preview":"max-image-preview:large","max-video-preview":"max-video-preview:-1"},"canonical":"https:\/\/hairdeluxe.ee\/fi\/product\/balmain-touch-of-romance-juukseparfuum-love-collection-hair-perfume-signature-fragrance-100ml\/","og_locale":"fi_FI","og_type":"article","og_title":"BALMAIN HAIR Touch of Romance juukseparf\u00fc\u00fcm \/ Love Collection Hair Perfume Signature Fragrance 100ml - Hair Deluxe","og_description":"Punast roosi on aastatuhandeid seostatud armastuse ja kirega ning seda peetakse universaalseks armastuse s\u00fcmboliks. Kollektsioon \u201cTouch of Romance\u201d on selle universaalse armastuse s\u00fcmboli kaasaegne ja kunstiline t\u00f5lge ning ideaalne viis armastuse v\u00e4ljendamiseks s\u00f5nadeta. Peen ja \u00f5rn juuste uduparf\u00fc\u00fcm, mis turgutab meeli ning kingib v\u00e4rske ja harmoonilise aroomi. Parf\u00fc\u00fcmile on lisatud orgaanilist argaania eliksiiri ja siidiproteiini. Toote eesm\u00e4rk on toita, parandada ja kaitsta juukseid v\u00e4lism\u00f5jude eest, pakkudes hoolitsust ja kauap\u00fcsivat l\u00f5hna. Nautige Balmain Hair juuste l\u00f5hna meeli\u00fclendavat j\u00f5udu selle puhtaimal kujul. Parf\u00fc\u00fcmi tunnetab \u00f5rnalt kogu p\u00e4eva v\u00e4ltel, eriti siis, kui juuksed on liikumises. Unikaalne segu parimatest l\u00f5hnanootidest loob meeli\u00fclendava kogemuse, mis meeldib k\u00f5igile. K\u00f5ik noodid avalduvad p\u00e4eva jooksul, pakkudes t\u00e4htaniisi, estragoni, m\u00e4nnipuidu, virsiku\u00f5ie, vaarika, gardeenia, apelsini\u00f5ie, nelgi, jasmiini, roosi, ylang-ylangi, aprikoosi, sireli-merevaigukollase, vanilje, sandlipuu, seedripuu, balsamico ja valge muskuse aroome. - Balmain Hair signatuurl\u00f5hn selle puhtaimal kujul - Sisaldab orgaanilist argaania\u00f5li ja siidiproteiini - Reljeefne must kork sulgub magnetiga Kasutamine: Pihustada toodet otse juustele 25\u201330cm kauguselt. V\u00f5ib pihustada ka juukseharjale, seej\u00e4rel juuksed kammida. Kingib juustele erilise s\u00e4ra ja meeldiva aroomi. Kogus: 100ml","og_url":"https:\/\/hairdeluxe.ee\/fi\/product\/balmain-touch-of-romance-juukseparfuum-love-collection-hair-perfume-signature-fragrance-100ml\/","og_site_name":"Hair Deluxe","article_publisher":"https:\/\/www.facebook.com\/blowbartallinn","article_modified_time":"2025-03-18T19:22:25+00:00","og_image":[{"width":800,"height":800,"url":"https:\/\/hairdeluxe.ee\/wp-content\/uploads\/2024\/02\/balmainhair_styling_le_touchofromancecollection_hairperfume_le_cs_s_s_hp_sig_10_4c16.jpg","type":"image\/jpeg"}],"twitter_card":"summary_large_image","schema":{"@context":"https:\/\/schema.org","@graph":[{"@type":"WebPage","@id":"https:\/\/hairdeluxe.ee\/fi\/product\/balmain-touch-of-romance-juukseparfuum-love-collection-hair-perfume-signature-fragrance-100ml\/","url":"https:\/\/hairdeluxe.ee\/fi\/product\/balmain-touch-of-romance-juukseparfuum-love-collection-hair-perfume-signature-fragrance-100ml\/","name":"BALMAIN HAIR Touch of Romance juukseparf\u00fc\u00fcm \/ Love Collection Hair Perfume Signature Fragrance 100ml - Hair Deluxe","isPartOf":{"@id":"https:\/\/hairdeluxe.ee\/fi\/#website"},"primaryImageOfPage":{"@id":"https:\/\/hairdeluxe.ee\/fi\/product\/balmain-touch-of-romance-juukseparfuum-love-collection-hair-perfume-signature-fragrance-100ml\/#primaryimage"},"image":{"@id":"https:\/\/hairdeluxe.ee\/fi\/product\/balmain-touch-of-romance-juukseparfuum-love-collection-hair-perfume-signature-fragrance-100ml\/#primaryimage"},"thumbnailUrl":"https:\/\/hairdeluxe.ee\/wp-content\/uploads\/2024\/02\/balmainhair_styling_le_touchofromancecollection_hairperfume_le_cs_s_s_hp_sig_10_4c16.jpg","datePublished":"2024-02-03T07:55:24+00:00","dateModified":"2025-03-18T19:22:25+00:00","breadcrumb":{"@id":"https:\/\/hairdeluxe.ee\/fi\/product\/balmain-touch-of-romance-juukseparfuum-love-collection-hair-perfume-signature-fragrance-100ml\/#breadcrumb"},"inLanguage":"fi","potentialAction":[{"@type":"ReadAction","target":["https:\/\/hairdeluxe.ee\/fi\/product\/balmain-touch-of-romance-juukseparfuum-love-collection-hair-perfume-signature-fragrance-100ml\/"]}]},{"@type":"ImageObject","inLanguage":"fi","@id":"https:\/\/hairdeluxe.ee\/fi\/product\/balmain-touch-of-romance-juukseparfuum-love-collection-hair-perfume-signature-fragrance-100ml\/#primaryimage","url":"https:\/\/hairdeluxe.ee\/wp-content\/uploads\/2024\/02\/balmainhair_styling_le_touchofromancecollection_hairperfume_le_cs_s_s_hp_sig_10_4c16.jpg","contentUrl":"https:\/\/hairdeluxe.ee\/wp-content\/uploads\/2024\/02\/balmainhair_styling_le_touchofromancecollection_hairperfume_le_cs_s_s_hp_sig_10_4c16.jpg","width":800,"height":800},{"@type":"BreadcrumbList","@id":"https:\/\/hairdeluxe.ee\/fi\/product\/balmain-touch-of-romance-juukseparfuum-love-collection-hair-perfume-signature-fragrance-100ml\/#breadcrumb","itemListElement":[{"@type":"ListItem","position":1,"name":"Home","item":"https:\/\/hairdeluxe.ee\/fi\/"},{"@type":"ListItem","position":2,"name":"Kauppa","item":"https:\/\/hairdeluxe.ee\/fi\/shop\/"},{"@type":"ListItem","position":3,"name":"BALMAIN HAIR Touch of Romance juukseparf\u00fc\u00fcm \/ Love Collection Hair Perfume Signature Fragrance 100ml"}]},{"@type":"WebSite","@id":"https:\/\/hairdeluxe.ee\/fi\/#website","url":"https:\/\/hairdeluxe.ee\/fi\/","name":"Hair Deluxe","description":"Highlight your natural beauty","publisher":{"@id":"https:\/\/hairdeluxe.ee\/fi\/#organization"},"potentialAction":[{"@type":"SearchAction","target":{"@type":"EntryPoint","urlTemplate":"https:\/\/hairdeluxe.ee\/fi\/?s={search_term_string}"},"query-input":{"@type":"PropertyValueSpecification","valueRequired":true,"valueName":"search_term_string"}}],"inLanguage":"fi"},{"@type":"Organization","@id":"https:\/\/hairdeluxe.ee\/fi\/#organization","name":"Hair Deluxe","url":"https:\/\/hairdeluxe.ee\/fi\/","logo":{"@type":"ImageObject","inLanguage":"fi","@id":"https:\/\/hairdeluxe.ee\/fi\/#\/schema\/logo\/image\/","url":"https:\/\/hairdeluxe.ee\/wp-content\/uploads\/2024\/06\/Hair-Deluxe-Logo-Dark-font.png","contentUrl":"https:\/\/hairdeluxe.ee\/wp-content\/uploads\/2024\/06\/Hair-Deluxe-Logo-Dark-font.png","width":467,"height":177,"caption":"Hair Deluxe"},"image":{"@id":"https:\/\/hairdeluxe.ee\/fi\/#\/schema\/logo\/image\/"},"sameAs":["https:\/\/www.facebook.com\/blowbartallinn","https:\/\/www.instagram.com\/blowbar_tallinn"]}]}},"_links":{"self":[{"href":"https:\/\/hairdeluxe.ee\/fi\/wp-json\/wp\/v2\/product\/35742","targetHints":{"allow":["GET"]}}],"collection":[{"href":"https:\/\/hairdeluxe.ee\/fi\/wp-json\/wp\/v2\/product"}],"about":[{"href":"https:\/\/hairdeluxe.ee\/fi\/wp-json\/wp\/v2\/types\/product"}],"wp:featuredmedia":[{"embeddable":true,"href":"https:\/\/hairdeluxe.ee\/fi\/wp-json\/wp\/v2\/media\/35739"}],"wp:attachment":[{"href":"https:\/\/hairdeluxe.ee\/fi\/wp-json\/wp\/v2\/media?parent=35742"}],"wp:term":[{"taxonomy":"product_brand","embeddable":true,"href":"https:\/\/hairdeluxe.ee\/fi\/wp-json\/wp\/v2\/product_brand?post=35742"},{"taxonomy":"product_cat","embeddable":true,"href":"https:\/\/hairdeluxe.ee\/fi\/wp-json\/wp\/v2\/product_cat?post=35742"},{"taxonomy":"product_tag","embeddable":true,"href":"https:\/\/hairdeluxe.ee\/fi\/wp-json\/wp\/v2\/product_tag?post=35742"}],"curies":[{"name":"wp","href":"https:\/\/api.w.org\/{rel}","templated":true}]}}