{"id":35755,"date":"2024-02-03T09:55:47","date_gmt":"2024-02-03T07:55:47","guid":{"rendered":"https:\/\/blowbar.ee\/toode\/balmain-hair-juuksevaha-meestele-homme-sculpting-wax-100ml\/"},"modified":"2025-03-18T19:22:25","modified_gmt":"2025-03-18T19:22:25","slug":"balmain-juuksevaha-meestele-homme-sculpting-wax-100ml","status":"publish","type":"product","link":"https:\/\/hairdeluxe.ee\/fi\/product\/balmain-juuksevaha-meestele-homme-sculpting-wax-100ml\/","title":{"rendered":"BALMAIN HAIR juuksevaha meestele \/ Homme Sculpting Wax 100ml"},"content":{"rendered":"<p><strong><em>Koostis:\u00a0<\/em><\/strong><em>Aqua, Ceteareth-30, Cera Flava, Petrolatum, VP\/VA Copolymer, Microcrystalline Wax, Propylene Glycol, Parfum, Paraffinum Liquidum, Isopropyl Myristate, Glycerin, Lanolin, Cetearyl Alcohol, PVP, Hydrolyzed Keratin, Silk Amino Acids, Piroctone Olamine, Phenoxyetha- nol, Ethylhexylglycerin, Sodium Polyacrylate, Hydrogenated Polydecene, Benzyl Salicylate, Citronellol, Coumarin, Limonene, Linalool, Tride- ceth-6, Sorbic Acid, Benzoic Acid<\/em><\/p>\n","protected":false},"excerpt":{"rendered":"<p>Mitmek\u00fclgne vormiv vaha k\u00f5ikidele juukset\u00fc\u00fcpidele, mis tagab keskmise p\u00fcsivuse, silmapaistva pehmuse ja loomuliku mati viimistluse. Kerge koostis aitab vormida ja tihendada iga juuksesalku, et lisada soengule mahtu. L\u00f5hnastatud Balmain Hair Homme puiduse l\u00f5hnaga, mis \u00fchendab bergamoti kosutava tsitruselise v\u00e4rskuse kuiva sandlipuu puiduse aspektiga.<br \/>\n&#8211; Keskmine hoidvus<br \/>\n&#8211; Poolmatt viimistlus<br \/>\n&#8211; T\u00e4nu veep\u00f5hisele koostisele on kerge mahapesta<\/p>\n<p><b><\/b><b>Kasutamine:<\/b> Kanda v\u00e4ike kogus toodet s\u00f5rmeotstele, viimistleda.<\/p>\n<p>Kogus: 100ml<\/p>\n","protected":false},"featured_media":35753,"template":"","meta":[],"product_brand":[464],"product_cat":[266,265,212,121,215,144,274,196],"product_tag":[178],"class_list":{"0":"post-35755","1":"product","2":"type-product","3":"status-publish","4":"has-post-thumbnail","6":"product_brand-balmain-hair","7":"product_cat-balmain-hair","8":"product_cat-brandid","9":"product_cat-kinnitus","10":"product_cat-koik-tooted","11":"product_cat-laige","12":"product_cat-meestele","13":"product_cat-viimistlus-meestele","14":"product_cat-viimistlus","15":"product_tag-sugis-talv-2018","17":"first","18":"instock","19":"taxable","20":"shipping-taxable","21":"purchasable","22":"product-type-simple","23":"add-to-wishlist-after_add_to_cart"},"yoast_head":"<!-- This site is optimized with the Yoast SEO plugin v27.3 - https:\/\/yoast.com\/product\/yoast-seo-wordpress\/ -->\n<title>BALMAIN HAIR juuksevaha meestele \/ Homme Sculpting Wax 100ml - Hair Deluxe<\/title>\n<meta name=\"robots\" content=\"index, follow, max-snippet:-1, max-image-preview:large, max-video-preview:-1\" \/>\n<link rel=\"canonical\" href=\"https:\/\/hairdeluxe.ee\/fi\/product\/balmain-juuksevaha-meestele-homme-sculpting-wax-100ml\/\" \/>\n<meta property=\"og:locale\" content=\"fi_FI\" \/>\n<meta property=\"og:type\" content=\"article\" \/>\n<meta property=\"og:title\" content=\"BALMAIN HAIR juuksevaha meestele \/ Homme Sculpting Wax 100ml - Hair Deluxe\" \/>\n<meta property=\"og:description\" content=\"Mitmek\u00fclgne vormiv vaha k\u00f5ikidele juukset\u00fc\u00fcpidele, mis tagab keskmise p\u00fcsivuse, silmapaistva pehmuse ja loomuliku mati viimistluse. Kerge koostis aitab vormida ja tihendada iga juuksesalku, et lisada soengule mahtu. L\u00f5hnastatud Balmain Hair Homme puiduse l\u00f5hnaga, mis \u00fchendab bergamoti kosutava tsitruselise v\u00e4rskuse kuiva sandlipuu puiduse aspektiga. - Keskmine hoidvus - Poolmatt viimistlus - T\u00e4nu veep\u00f5hisele koostisele on kerge mahapesta Kasutamine: Kanda v\u00e4ike kogus toodet s\u00f5rmeotstele, viimistleda. Kogus: 100ml\" \/>\n<meta property=\"og:url\" content=\"https:\/\/hairdeluxe.ee\/fi\/product\/balmain-juuksevaha-meestele-homme-sculpting-wax-100ml\/\" \/>\n<meta property=\"og:site_name\" content=\"Hair Deluxe\" \/>\n<meta property=\"article:publisher\" content=\"https:\/\/www.facebook.com\/blowbartallinn\" \/>\n<meta property=\"article:modified_time\" content=\"2025-03-18T19:22:25+00:00\" \/>\n<meta property=\"og:image\" content=\"https:\/\/hairdeluxe.ee\/wp-content\/uploads\/2024\/02\/sculpting_wax_d343.jpg\" \/>\n\t<meta property=\"og:image:width\" content=\"800\" \/>\n\t<meta property=\"og:image:height\" content=\"800\" \/>\n\t<meta property=\"og:image:type\" content=\"image\/jpeg\" \/>\n<meta name=\"twitter:card\" content=\"summary_large_image\" \/>\n<script type=\"application\/ld+json\" class=\"yoast-schema-graph\">{\"@context\":\"https:\\\/\\\/schema.org\",\"@graph\":[{\"@type\":\"WebPage\",\"@id\":\"https:\\\/\\\/hairdeluxe.ee\\\/fi\\\/product\\\/balmain-juuksevaha-meestele-homme-sculpting-wax-100ml\\\/\",\"url\":\"https:\\\/\\\/hairdeluxe.ee\\\/fi\\\/product\\\/balmain-juuksevaha-meestele-homme-sculpting-wax-100ml\\\/\",\"name\":\"BALMAIN HAIR juuksevaha meestele \\\/ Homme Sculpting Wax 100ml - Hair Deluxe\",\"isPartOf\":{\"@id\":\"https:\\\/\\\/hairdeluxe.ee\\\/fi\\\/#website\"},\"primaryImageOfPage\":{\"@id\":\"https:\\\/\\\/hairdeluxe.ee\\\/fi\\\/product\\\/balmain-juuksevaha-meestele-homme-sculpting-wax-100ml\\\/#primaryimage\"},\"image\":{\"@id\":\"https:\\\/\\\/hairdeluxe.ee\\\/fi\\\/product\\\/balmain-juuksevaha-meestele-homme-sculpting-wax-100ml\\\/#primaryimage\"},\"thumbnailUrl\":\"https:\\\/\\\/hairdeluxe.ee\\\/wp-content\\\/uploads\\\/2024\\\/02\\\/sculpting_wax_d343.jpg\",\"datePublished\":\"2024-02-03T07:55:47+00:00\",\"dateModified\":\"2025-03-18T19:22:25+00:00\",\"breadcrumb\":{\"@id\":\"https:\\\/\\\/hairdeluxe.ee\\\/fi\\\/product\\\/balmain-juuksevaha-meestele-homme-sculpting-wax-100ml\\\/#breadcrumb\"},\"inLanguage\":\"fi\",\"potentialAction\":[{\"@type\":\"ReadAction\",\"target\":[\"https:\\\/\\\/hairdeluxe.ee\\\/fi\\\/product\\\/balmain-juuksevaha-meestele-homme-sculpting-wax-100ml\\\/\"]}]},{\"@type\":\"ImageObject\",\"inLanguage\":\"fi\",\"@id\":\"https:\\\/\\\/hairdeluxe.ee\\\/fi\\\/product\\\/balmain-juuksevaha-meestele-homme-sculpting-wax-100ml\\\/#primaryimage\",\"url\":\"https:\\\/\\\/hairdeluxe.ee\\\/wp-content\\\/uploads\\\/2024\\\/02\\\/sculpting_wax_d343.jpg\",\"contentUrl\":\"https:\\\/\\\/hairdeluxe.ee\\\/wp-content\\\/uploads\\\/2024\\\/02\\\/sculpting_wax_d343.jpg\",\"width\":800,\"height\":800},{\"@type\":\"BreadcrumbList\",\"@id\":\"https:\\\/\\\/hairdeluxe.ee\\\/fi\\\/product\\\/balmain-juuksevaha-meestele-homme-sculpting-wax-100ml\\\/#breadcrumb\",\"itemListElement\":[{\"@type\":\"ListItem\",\"position\":1,\"name\":\"Home\",\"item\":\"https:\\\/\\\/hairdeluxe.ee\\\/fi\\\/\"},{\"@type\":\"ListItem\",\"position\":2,\"name\":\"Kauppa\",\"item\":\"https:\\\/\\\/hairdeluxe.ee\\\/fi\\\/shop\\\/\"},{\"@type\":\"ListItem\",\"position\":3,\"name\":\"BALMAIN HAIR juuksevaha meestele \\\/ Homme Sculpting Wax 100ml\"}]},{\"@type\":\"WebSite\",\"@id\":\"https:\\\/\\\/hairdeluxe.ee\\\/fi\\\/#website\",\"url\":\"https:\\\/\\\/hairdeluxe.ee\\\/fi\\\/\",\"name\":\"Hair Deluxe\",\"description\":\"Highlight your natural beauty\",\"publisher\":{\"@id\":\"https:\\\/\\\/hairdeluxe.ee\\\/fi\\\/#organization\"},\"potentialAction\":[{\"@type\":\"SearchAction\",\"target\":{\"@type\":\"EntryPoint\",\"urlTemplate\":\"https:\\\/\\\/hairdeluxe.ee\\\/fi\\\/?s={search_term_string}\"},\"query-input\":{\"@type\":\"PropertyValueSpecification\",\"valueRequired\":true,\"valueName\":\"search_term_string\"}}],\"inLanguage\":\"fi\"},{\"@type\":\"Organization\",\"@id\":\"https:\\\/\\\/hairdeluxe.ee\\\/fi\\\/#organization\",\"name\":\"Hair Deluxe\",\"url\":\"https:\\\/\\\/hairdeluxe.ee\\\/fi\\\/\",\"logo\":{\"@type\":\"ImageObject\",\"inLanguage\":\"fi\",\"@id\":\"https:\\\/\\\/hairdeluxe.ee\\\/fi\\\/#\\\/schema\\\/logo\\\/image\\\/\",\"url\":\"https:\\\/\\\/hairdeluxe.ee\\\/wp-content\\\/uploads\\\/2024\\\/06\\\/Hair-Deluxe-Logo-Dark-font.png\",\"contentUrl\":\"https:\\\/\\\/hairdeluxe.ee\\\/wp-content\\\/uploads\\\/2024\\\/06\\\/Hair-Deluxe-Logo-Dark-font.png\",\"width\":467,\"height\":177,\"caption\":\"Hair Deluxe\"},\"image\":{\"@id\":\"https:\\\/\\\/hairdeluxe.ee\\\/fi\\\/#\\\/schema\\\/logo\\\/image\\\/\"},\"sameAs\":[\"https:\\\/\\\/www.facebook.com\\\/blowbartallinn\",\"https:\\\/\\\/www.instagram.com\\\/blowbar_tallinn\"]}]}<\/script>\n<!-- \/ Yoast SEO plugin. -->","yoast_head_json":{"title":"BALMAIN HAIR juuksevaha meestele \/ Homme Sculpting Wax 100ml - Hair Deluxe","robots":{"index":"index","follow":"follow","max-snippet":"max-snippet:-1","max-image-preview":"max-image-preview:large","max-video-preview":"max-video-preview:-1"},"canonical":"https:\/\/hairdeluxe.ee\/fi\/product\/balmain-juuksevaha-meestele-homme-sculpting-wax-100ml\/","og_locale":"fi_FI","og_type":"article","og_title":"BALMAIN HAIR juuksevaha meestele \/ Homme Sculpting Wax 100ml - Hair Deluxe","og_description":"Mitmek\u00fclgne vormiv vaha k\u00f5ikidele juukset\u00fc\u00fcpidele, mis tagab keskmise p\u00fcsivuse, silmapaistva pehmuse ja loomuliku mati viimistluse. Kerge koostis aitab vormida ja tihendada iga juuksesalku, et lisada soengule mahtu. L\u00f5hnastatud Balmain Hair Homme puiduse l\u00f5hnaga, mis \u00fchendab bergamoti kosutava tsitruselise v\u00e4rskuse kuiva sandlipuu puiduse aspektiga. - Keskmine hoidvus - Poolmatt viimistlus - T\u00e4nu veep\u00f5hisele koostisele on kerge mahapesta Kasutamine: Kanda v\u00e4ike kogus toodet s\u00f5rmeotstele, viimistleda. Kogus: 100ml","og_url":"https:\/\/hairdeluxe.ee\/fi\/product\/balmain-juuksevaha-meestele-homme-sculpting-wax-100ml\/","og_site_name":"Hair Deluxe","article_publisher":"https:\/\/www.facebook.com\/blowbartallinn","article_modified_time":"2025-03-18T19:22:25+00:00","og_image":[{"width":800,"height":800,"url":"https:\/\/hairdeluxe.ee\/wp-content\/uploads\/2024\/02\/sculpting_wax_d343.jpg","type":"image\/jpeg"}],"twitter_card":"summary_large_image","schema":{"@context":"https:\/\/schema.org","@graph":[{"@type":"WebPage","@id":"https:\/\/hairdeluxe.ee\/fi\/product\/balmain-juuksevaha-meestele-homme-sculpting-wax-100ml\/","url":"https:\/\/hairdeluxe.ee\/fi\/product\/balmain-juuksevaha-meestele-homme-sculpting-wax-100ml\/","name":"BALMAIN HAIR juuksevaha meestele \/ Homme Sculpting Wax 100ml - Hair Deluxe","isPartOf":{"@id":"https:\/\/hairdeluxe.ee\/fi\/#website"},"primaryImageOfPage":{"@id":"https:\/\/hairdeluxe.ee\/fi\/product\/balmain-juuksevaha-meestele-homme-sculpting-wax-100ml\/#primaryimage"},"image":{"@id":"https:\/\/hairdeluxe.ee\/fi\/product\/balmain-juuksevaha-meestele-homme-sculpting-wax-100ml\/#primaryimage"},"thumbnailUrl":"https:\/\/hairdeluxe.ee\/wp-content\/uploads\/2024\/02\/sculpting_wax_d343.jpg","datePublished":"2024-02-03T07:55:47+00:00","dateModified":"2025-03-18T19:22:25+00:00","breadcrumb":{"@id":"https:\/\/hairdeluxe.ee\/fi\/product\/balmain-juuksevaha-meestele-homme-sculpting-wax-100ml\/#breadcrumb"},"inLanguage":"fi","potentialAction":[{"@type":"ReadAction","target":["https:\/\/hairdeluxe.ee\/fi\/product\/balmain-juuksevaha-meestele-homme-sculpting-wax-100ml\/"]}]},{"@type":"ImageObject","inLanguage":"fi","@id":"https:\/\/hairdeluxe.ee\/fi\/product\/balmain-juuksevaha-meestele-homme-sculpting-wax-100ml\/#primaryimage","url":"https:\/\/hairdeluxe.ee\/wp-content\/uploads\/2024\/02\/sculpting_wax_d343.jpg","contentUrl":"https:\/\/hairdeluxe.ee\/wp-content\/uploads\/2024\/02\/sculpting_wax_d343.jpg","width":800,"height":800},{"@type":"BreadcrumbList","@id":"https:\/\/hairdeluxe.ee\/fi\/product\/balmain-juuksevaha-meestele-homme-sculpting-wax-100ml\/#breadcrumb","itemListElement":[{"@type":"ListItem","position":1,"name":"Home","item":"https:\/\/hairdeluxe.ee\/fi\/"},{"@type":"ListItem","position":2,"name":"Kauppa","item":"https:\/\/hairdeluxe.ee\/fi\/shop\/"},{"@type":"ListItem","position":3,"name":"BALMAIN HAIR juuksevaha meestele \/ Homme Sculpting Wax 100ml"}]},{"@type":"WebSite","@id":"https:\/\/hairdeluxe.ee\/fi\/#website","url":"https:\/\/hairdeluxe.ee\/fi\/","name":"Hair Deluxe","description":"Highlight your natural beauty","publisher":{"@id":"https:\/\/hairdeluxe.ee\/fi\/#organization"},"potentialAction":[{"@type":"SearchAction","target":{"@type":"EntryPoint","urlTemplate":"https:\/\/hairdeluxe.ee\/fi\/?s={search_term_string}"},"query-input":{"@type":"PropertyValueSpecification","valueRequired":true,"valueName":"search_term_string"}}],"inLanguage":"fi"},{"@type":"Organization","@id":"https:\/\/hairdeluxe.ee\/fi\/#organization","name":"Hair Deluxe","url":"https:\/\/hairdeluxe.ee\/fi\/","logo":{"@type":"ImageObject","inLanguage":"fi","@id":"https:\/\/hairdeluxe.ee\/fi\/#\/schema\/logo\/image\/","url":"https:\/\/hairdeluxe.ee\/wp-content\/uploads\/2024\/06\/Hair-Deluxe-Logo-Dark-font.png","contentUrl":"https:\/\/hairdeluxe.ee\/wp-content\/uploads\/2024\/06\/Hair-Deluxe-Logo-Dark-font.png","width":467,"height":177,"caption":"Hair Deluxe"},"image":{"@id":"https:\/\/hairdeluxe.ee\/fi\/#\/schema\/logo\/image\/"},"sameAs":["https:\/\/www.facebook.com\/blowbartallinn","https:\/\/www.instagram.com\/blowbar_tallinn"]}]}},"_links":{"self":[{"href":"https:\/\/hairdeluxe.ee\/fi\/wp-json\/wp\/v2\/product\/35755","targetHints":{"allow":["GET"]}}],"collection":[{"href":"https:\/\/hairdeluxe.ee\/fi\/wp-json\/wp\/v2\/product"}],"about":[{"href":"https:\/\/hairdeluxe.ee\/fi\/wp-json\/wp\/v2\/types\/product"}],"wp:featuredmedia":[{"embeddable":true,"href":"https:\/\/hairdeluxe.ee\/fi\/wp-json\/wp\/v2\/media\/35753"}],"wp:attachment":[{"href":"https:\/\/hairdeluxe.ee\/fi\/wp-json\/wp\/v2\/media?parent=35755"}],"wp:term":[{"taxonomy":"product_brand","embeddable":true,"href":"https:\/\/hairdeluxe.ee\/fi\/wp-json\/wp\/v2\/product_brand?post=35755"},{"taxonomy":"product_cat","embeddable":true,"href":"https:\/\/hairdeluxe.ee\/fi\/wp-json\/wp\/v2\/product_cat?post=35755"},{"taxonomy":"product_tag","embeddable":true,"href":"https:\/\/hairdeluxe.ee\/fi\/wp-json\/wp\/v2\/product_tag?post=35755"}],"curies":[{"name":"wp","href":"https:\/\/api.w.org\/{rel}","templated":true}]}}