{"id":36842,"date":"2024-02-03T10:13:10","date_gmt":"2024-02-03T08:13:10","guid":{"rendered":"https:\/\/blowbar.ee\/toode\/balmain-hair-kokkupandav-difuuser-foonile-universal-folding-professional-diffuser\/"},"modified":"2025-03-18T19:22:23","modified_gmt":"2025-03-18T19:22:23","slug":"balmain-kokkupandav-difuuser-foonile-universal-folding-professional-diffuser","status":"publish","type":"product","link":"https:\/\/hairdeluxe.ee\/fi\/product\/balmain-kokkupandav-difuuser-foonile-universal-folding-professional-diffuser\/","title":{"rendered":"BALMAIN HAIR kokkupandav difuuser f\u00f6\u00f6nile \/ Universal Folding Professional Diffuser"},"content":{"rendered":"","protected":false},"excerpt":{"rendered":"<p>Balmain Hairi uus universaalne kokkupandav professionaalne difuuser.\u00a0Sobib enamiku f\u00f6\u00f6nidega, sealhulgas Balmain Hair Professional f\u00f6\u00f6niga.<br \/>\nSilikoondiffuuser tagab suurep\u00e4rase \u00f5huvoolu, mis aitab soojust ja \u00f5hku\u00a0\u00fchtlaselt juustes hajutada. See kaitseb juukseid kuumakahjustuste eest.\u00a0Lisaks on selle difuuserikeskel v\u00e4ike reservuaar, mis v\u00f5imaldab lisada paar tilka Overnight Repair Serumi v\u00f5i Argaania eliksiiri, andes soengule suurep\u00e4rase l\u00e4ike ja kaitse.\u00a0Sel viisil infundeerib see toodet kuivamise ajal, pakkudes t\u00e4iendavat\u00a0hooldust juustele. Difuuseri kerge ja kokkupandav disain muudab selle ideaalseks lavataguseks t\u00f6\u00f6ks ning reisile minnes.<br \/>\nKasutage seda lokkis juuste kuivatamiseks v\u00f5i juuste juurtele vol\u00fc\u00fcmi lisamiseks.<\/p>\n","protected":false},"featured_media":36399,"template":"","meta":[],"product_brand":[464],"product_cat":[96,266,265,112,121],"product_tag":[],"class_list":{"0":"post-36842","1":"product","2":"type-product","3":"status-publish","4":"has-post-thumbnail","6":"product_brand-balmain-hair","7":"product_cat-aksessuaarid","8":"product_cat-balmain-hair","9":"product_cat-brandid","10":"product_cat-elektroonika","11":"product_cat-koik-tooted","13":"first","14":"instock","15":"taxable","16":"shipping-taxable","17":"purchasable","18":"product-type-simple","19":"add-to-wishlist-after_add_to_cart"},"yoast_head":"<!-- This site is optimized with the Yoast SEO plugin v27.5 - https:\/\/yoast.com\/product\/yoast-seo-wordpress\/ -->\n<title>BALMAIN HAIR kokkupandav difuuser f\u00f6\u00f6nile \/ Universal Folding Professional Diffuser - Hair Deluxe<\/title>\n<meta name=\"robots\" content=\"index, follow, max-snippet:-1, max-image-preview:large, max-video-preview:-1\" \/>\n<link rel=\"canonical\" href=\"https:\/\/hairdeluxe.ee\/fi\/product\/balmain-kokkupandav-difuuser-foonile-universal-folding-professional-diffuser\/\" \/>\n<meta property=\"og:locale\" content=\"fi_FI\" \/>\n<meta property=\"og:type\" content=\"article\" \/>\n<meta property=\"og:title\" content=\"BALMAIN HAIR kokkupandav difuuser f\u00f6\u00f6nile \/ Universal Folding Professional Diffuser - Hair Deluxe\" \/>\n<meta property=\"og:description\" content=\"Balmain Hairi uus universaalne kokkupandav professionaalne difuuser.\u00a0Sobib enamiku f\u00f6\u00f6nidega, sealhulgas Balmain Hair Professional f\u00f6\u00f6niga. Silikoondiffuuser tagab suurep\u00e4rase \u00f5huvoolu, mis aitab soojust ja \u00f5hku\u00a0\u00fchtlaselt juustes hajutada. See kaitseb juukseid kuumakahjustuste eest.\u00a0Lisaks on selle difuuserikeskel v\u00e4ike reservuaar, mis v\u00f5imaldab lisada paar tilka Overnight Repair Serumi v\u00f5i Argaania eliksiiri, andes soengule suurep\u00e4rase l\u00e4ike ja kaitse.\u00a0Sel viisil infundeerib see toodet kuivamise ajal, pakkudes t\u00e4iendavat\u00a0hooldust juustele. Difuuseri kerge ja kokkupandav disain muudab selle ideaalseks lavataguseks t\u00f6\u00f6ks ning reisile minnes. Kasutage seda lokkis juuste kuivatamiseks v\u00f5i juuste juurtele vol\u00fc\u00fcmi lisamiseks.\" \/>\n<meta property=\"og:url\" content=\"https:\/\/hairdeluxe.ee\/fi\/product\/balmain-kokkupandav-difuuser-foonile-universal-folding-professional-diffuser\/\" \/>\n<meta property=\"og:site_name\" content=\"Hair Deluxe\" \/>\n<meta property=\"article:publisher\" content=\"https:\/\/www.facebook.com\/blowbartallinn\" \/>\n<meta property=\"article:modified_time\" content=\"2025-03-18T19:22:23+00:00\" \/>\n<meta property=\"og:image\" content=\"https:\/\/hairdeluxe.ee\/wp-content\/uploads\/2024\/02\/balmainhair_tools_blowdryer_diffuser_ss23_01-scaled-1.jpg\" \/>\n\t<meta property=\"og:image:width\" content=\"2560\" \/>\n\t<meta property=\"og:image:height\" content=\"2560\" \/>\n\t<meta property=\"og:image:type\" content=\"image\/jpeg\" \/>\n<meta name=\"twitter:card\" content=\"summary_large_image\" \/>\n<script type=\"application\/ld+json\" class=\"yoast-schema-graph\">{\"@context\":\"https:\\\/\\\/schema.org\",\"@graph\":[{\"@type\":\"WebPage\",\"@id\":\"https:\\\/\\\/hairdeluxe.ee\\\/fi\\\/product\\\/balmain-kokkupandav-difuuser-foonile-universal-folding-professional-diffuser\\\/\",\"url\":\"https:\\\/\\\/hairdeluxe.ee\\\/fi\\\/product\\\/balmain-kokkupandav-difuuser-foonile-universal-folding-professional-diffuser\\\/\",\"name\":\"BALMAIN HAIR kokkupandav difuuser f\u00f6\u00f6nile \\\/ Universal Folding Professional Diffuser - Hair Deluxe\",\"isPartOf\":{\"@id\":\"https:\\\/\\\/hairdeluxe.ee\\\/fi\\\/#website\"},\"primaryImageOfPage\":{\"@id\":\"https:\\\/\\\/hairdeluxe.ee\\\/fi\\\/product\\\/balmain-kokkupandav-difuuser-foonile-universal-folding-professional-diffuser\\\/#primaryimage\"},\"image\":{\"@id\":\"https:\\\/\\\/hairdeluxe.ee\\\/fi\\\/product\\\/balmain-kokkupandav-difuuser-foonile-universal-folding-professional-diffuser\\\/#primaryimage\"},\"thumbnailUrl\":\"https:\\\/\\\/hairdeluxe.ee\\\/wp-content\\\/uploads\\\/2024\\\/02\\\/balmainhair_tools_blowdryer_diffuser_ss23_01-scaled-1.jpg\",\"datePublished\":\"2024-02-03T08:13:10+00:00\",\"dateModified\":\"2025-03-18T19:22:23+00:00\",\"breadcrumb\":{\"@id\":\"https:\\\/\\\/hairdeluxe.ee\\\/fi\\\/product\\\/balmain-kokkupandav-difuuser-foonile-universal-folding-professional-diffuser\\\/#breadcrumb\"},\"inLanguage\":\"fi\",\"potentialAction\":[{\"@type\":\"ReadAction\",\"target\":[\"https:\\\/\\\/hairdeluxe.ee\\\/fi\\\/product\\\/balmain-kokkupandav-difuuser-foonile-universal-folding-professional-diffuser\\\/\"]}]},{\"@type\":\"ImageObject\",\"inLanguage\":\"fi\",\"@id\":\"https:\\\/\\\/hairdeluxe.ee\\\/fi\\\/product\\\/balmain-kokkupandav-difuuser-foonile-universal-folding-professional-diffuser\\\/#primaryimage\",\"url\":\"https:\\\/\\\/hairdeluxe.ee\\\/wp-content\\\/uploads\\\/2024\\\/02\\\/balmainhair_tools_blowdryer_diffuser_ss23_01-scaled-1.jpg\",\"contentUrl\":\"https:\\\/\\\/hairdeluxe.ee\\\/wp-content\\\/uploads\\\/2024\\\/02\\\/balmainhair_tools_blowdryer_diffuser_ss23_01-scaled-1.jpg\",\"width\":2560,\"height\":2560},{\"@type\":\"BreadcrumbList\",\"@id\":\"https:\\\/\\\/hairdeluxe.ee\\\/fi\\\/product\\\/balmain-kokkupandav-difuuser-foonile-universal-folding-professional-diffuser\\\/#breadcrumb\",\"itemListElement\":[{\"@type\":\"ListItem\",\"position\":1,\"name\":\"Home\",\"item\":\"https:\\\/\\\/hairdeluxe.ee\\\/fi\\\/\"},{\"@type\":\"ListItem\",\"position\":2,\"name\":\"Kauppa\",\"item\":\"https:\\\/\\\/hairdeluxe.ee\\\/fi\\\/shop\\\/\"},{\"@type\":\"ListItem\",\"position\":3,\"name\":\"BALMAIN HAIR kokkupandav difuuser f\u00f6\u00f6nile \\\/ Universal Folding Professional Diffuser\"}]},{\"@type\":\"WebSite\",\"@id\":\"https:\\\/\\\/hairdeluxe.ee\\\/fi\\\/#website\",\"url\":\"https:\\\/\\\/hairdeluxe.ee\\\/fi\\\/\",\"name\":\"Hair Deluxe\",\"description\":\"Highlight your natural beauty\",\"publisher\":{\"@id\":\"https:\\\/\\\/hairdeluxe.ee\\\/fi\\\/#organization\"},\"potentialAction\":[{\"@type\":\"SearchAction\",\"target\":{\"@type\":\"EntryPoint\",\"urlTemplate\":\"https:\\\/\\\/hairdeluxe.ee\\\/fi\\\/?s={search_term_string}\"},\"query-input\":{\"@type\":\"PropertyValueSpecification\",\"valueRequired\":true,\"valueName\":\"search_term_string\"}}],\"inLanguage\":\"fi\"},{\"@type\":\"Organization\",\"@id\":\"https:\\\/\\\/hairdeluxe.ee\\\/fi\\\/#organization\",\"name\":\"Hair Deluxe\",\"url\":\"https:\\\/\\\/hairdeluxe.ee\\\/fi\\\/\",\"logo\":{\"@type\":\"ImageObject\",\"inLanguage\":\"fi\",\"@id\":\"https:\\\/\\\/hairdeluxe.ee\\\/fi\\\/#\\\/schema\\\/logo\\\/image\\\/\",\"url\":\"https:\\\/\\\/hairdeluxe.ee\\\/wp-content\\\/uploads\\\/2024\\\/06\\\/Hair-Deluxe-Logo-Dark-font.png\",\"contentUrl\":\"https:\\\/\\\/hairdeluxe.ee\\\/wp-content\\\/uploads\\\/2024\\\/06\\\/Hair-Deluxe-Logo-Dark-font.png\",\"width\":467,\"height\":177,\"caption\":\"Hair Deluxe\"},\"image\":{\"@id\":\"https:\\\/\\\/hairdeluxe.ee\\\/fi\\\/#\\\/schema\\\/logo\\\/image\\\/\"},\"sameAs\":[\"https:\\\/\\\/www.facebook.com\\\/blowbartallinn\",\"https:\\\/\\\/www.instagram.com\\\/blowbar_tallinn\"]}]}<\/script>\n<!-- \/ Yoast SEO plugin. -->","yoast_head_json":{"title":"BALMAIN HAIR kokkupandav difuuser f\u00f6\u00f6nile \/ Universal Folding Professional Diffuser - Hair Deluxe","robots":{"index":"index","follow":"follow","max-snippet":"max-snippet:-1","max-image-preview":"max-image-preview:large","max-video-preview":"max-video-preview:-1"},"canonical":"https:\/\/hairdeluxe.ee\/fi\/product\/balmain-kokkupandav-difuuser-foonile-universal-folding-professional-diffuser\/","og_locale":"fi_FI","og_type":"article","og_title":"BALMAIN HAIR kokkupandav difuuser f\u00f6\u00f6nile \/ Universal Folding Professional Diffuser - Hair Deluxe","og_description":"Balmain Hairi uus universaalne kokkupandav professionaalne difuuser.\u00a0Sobib enamiku f\u00f6\u00f6nidega, sealhulgas Balmain Hair Professional f\u00f6\u00f6niga. Silikoondiffuuser tagab suurep\u00e4rase \u00f5huvoolu, mis aitab soojust ja \u00f5hku\u00a0\u00fchtlaselt juustes hajutada. See kaitseb juukseid kuumakahjustuste eest.\u00a0Lisaks on selle difuuserikeskel v\u00e4ike reservuaar, mis v\u00f5imaldab lisada paar tilka Overnight Repair Serumi v\u00f5i Argaania eliksiiri, andes soengule suurep\u00e4rase l\u00e4ike ja kaitse.\u00a0Sel viisil infundeerib see toodet kuivamise ajal, pakkudes t\u00e4iendavat\u00a0hooldust juustele. Difuuseri kerge ja kokkupandav disain muudab selle ideaalseks lavataguseks t\u00f6\u00f6ks ning reisile minnes. Kasutage seda lokkis juuste kuivatamiseks v\u00f5i juuste juurtele vol\u00fc\u00fcmi lisamiseks.","og_url":"https:\/\/hairdeluxe.ee\/fi\/product\/balmain-kokkupandav-difuuser-foonile-universal-folding-professional-diffuser\/","og_site_name":"Hair Deluxe","article_publisher":"https:\/\/www.facebook.com\/blowbartallinn","article_modified_time":"2025-03-18T19:22:23+00:00","og_image":[{"width":2560,"height":2560,"url":"https:\/\/hairdeluxe.ee\/wp-content\/uploads\/2024\/02\/balmainhair_tools_blowdryer_diffuser_ss23_01-scaled-1.jpg","type":"image\/jpeg"}],"twitter_card":"summary_large_image","schema":{"@context":"https:\/\/schema.org","@graph":[{"@type":"WebPage","@id":"https:\/\/hairdeluxe.ee\/fi\/product\/balmain-kokkupandav-difuuser-foonile-universal-folding-professional-diffuser\/","url":"https:\/\/hairdeluxe.ee\/fi\/product\/balmain-kokkupandav-difuuser-foonile-universal-folding-professional-diffuser\/","name":"BALMAIN HAIR kokkupandav difuuser f\u00f6\u00f6nile \/ Universal Folding Professional Diffuser - Hair Deluxe","isPartOf":{"@id":"https:\/\/hairdeluxe.ee\/fi\/#website"},"primaryImageOfPage":{"@id":"https:\/\/hairdeluxe.ee\/fi\/product\/balmain-kokkupandav-difuuser-foonile-universal-folding-professional-diffuser\/#primaryimage"},"image":{"@id":"https:\/\/hairdeluxe.ee\/fi\/product\/balmain-kokkupandav-difuuser-foonile-universal-folding-professional-diffuser\/#primaryimage"},"thumbnailUrl":"https:\/\/hairdeluxe.ee\/wp-content\/uploads\/2024\/02\/balmainhair_tools_blowdryer_diffuser_ss23_01-scaled-1.jpg","datePublished":"2024-02-03T08:13:10+00:00","dateModified":"2025-03-18T19:22:23+00:00","breadcrumb":{"@id":"https:\/\/hairdeluxe.ee\/fi\/product\/balmain-kokkupandav-difuuser-foonile-universal-folding-professional-diffuser\/#breadcrumb"},"inLanguage":"fi","potentialAction":[{"@type":"ReadAction","target":["https:\/\/hairdeluxe.ee\/fi\/product\/balmain-kokkupandav-difuuser-foonile-universal-folding-professional-diffuser\/"]}]},{"@type":"ImageObject","inLanguage":"fi","@id":"https:\/\/hairdeluxe.ee\/fi\/product\/balmain-kokkupandav-difuuser-foonile-universal-folding-professional-diffuser\/#primaryimage","url":"https:\/\/hairdeluxe.ee\/wp-content\/uploads\/2024\/02\/balmainhair_tools_blowdryer_diffuser_ss23_01-scaled-1.jpg","contentUrl":"https:\/\/hairdeluxe.ee\/wp-content\/uploads\/2024\/02\/balmainhair_tools_blowdryer_diffuser_ss23_01-scaled-1.jpg","width":2560,"height":2560},{"@type":"BreadcrumbList","@id":"https:\/\/hairdeluxe.ee\/fi\/product\/balmain-kokkupandav-difuuser-foonile-universal-folding-professional-diffuser\/#breadcrumb","itemListElement":[{"@type":"ListItem","position":1,"name":"Home","item":"https:\/\/hairdeluxe.ee\/fi\/"},{"@type":"ListItem","position":2,"name":"Kauppa","item":"https:\/\/hairdeluxe.ee\/fi\/shop\/"},{"@type":"ListItem","position":3,"name":"BALMAIN HAIR kokkupandav difuuser f\u00f6\u00f6nile \/ Universal Folding Professional Diffuser"}]},{"@type":"WebSite","@id":"https:\/\/hairdeluxe.ee\/fi\/#website","url":"https:\/\/hairdeluxe.ee\/fi\/","name":"Hair Deluxe","description":"Highlight your natural beauty","publisher":{"@id":"https:\/\/hairdeluxe.ee\/fi\/#organization"},"potentialAction":[{"@type":"SearchAction","target":{"@type":"EntryPoint","urlTemplate":"https:\/\/hairdeluxe.ee\/fi\/?s={search_term_string}"},"query-input":{"@type":"PropertyValueSpecification","valueRequired":true,"valueName":"search_term_string"}}],"inLanguage":"fi"},{"@type":"Organization","@id":"https:\/\/hairdeluxe.ee\/fi\/#organization","name":"Hair Deluxe","url":"https:\/\/hairdeluxe.ee\/fi\/","logo":{"@type":"ImageObject","inLanguage":"fi","@id":"https:\/\/hairdeluxe.ee\/fi\/#\/schema\/logo\/image\/","url":"https:\/\/hairdeluxe.ee\/wp-content\/uploads\/2024\/06\/Hair-Deluxe-Logo-Dark-font.png","contentUrl":"https:\/\/hairdeluxe.ee\/wp-content\/uploads\/2024\/06\/Hair-Deluxe-Logo-Dark-font.png","width":467,"height":177,"caption":"Hair Deluxe"},"image":{"@id":"https:\/\/hairdeluxe.ee\/fi\/#\/schema\/logo\/image\/"},"sameAs":["https:\/\/www.facebook.com\/blowbartallinn","https:\/\/www.instagram.com\/blowbar_tallinn"]}]}},"_links":{"self":[{"href":"https:\/\/hairdeluxe.ee\/fi\/wp-json\/wp\/v2\/product\/36842","targetHints":{"allow":["GET"]}}],"collection":[{"href":"https:\/\/hairdeluxe.ee\/fi\/wp-json\/wp\/v2\/product"}],"about":[{"href":"https:\/\/hairdeluxe.ee\/fi\/wp-json\/wp\/v2\/types\/product"}],"wp:featuredmedia":[{"embeddable":true,"href":"https:\/\/hairdeluxe.ee\/fi\/wp-json\/wp\/v2\/media\/36399"}],"wp:attachment":[{"href":"https:\/\/hairdeluxe.ee\/fi\/wp-json\/wp\/v2\/media?parent=36842"}],"wp:term":[{"taxonomy":"product_brand","embeddable":true,"href":"https:\/\/hairdeluxe.ee\/fi\/wp-json\/wp\/v2\/product_brand?post=36842"},{"taxonomy":"product_cat","embeddable":true,"href":"https:\/\/hairdeluxe.ee\/fi\/wp-json\/wp\/v2\/product_cat?post=36842"},{"taxonomy":"product_tag","embeddable":true,"href":"https:\/\/hairdeluxe.ee\/fi\/wp-json\/wp\/v2\/product_tag?post=36842"}],"curies":[{"name":"wp","href":"https:\/\/api.w.org\/{rel}","templated":true}]}}