{"id":37378,"date":"2024-02-03T10:31:02","date_gmt":"2024-02-03T08:31:02","guid":{"rendered":"https:\/\/blowbar.ee\/toode\/balmain-hair-juukseparfuum-ginger-1974-heritage-hair-perfume-ginger-1974-100ml\/"},"modified":"2025-03-18T19:22:21","modified_gmt":"2025-03-18T19:22:21","slug":"balmain-juukseparfuum-ginger-1974-heritage-hair-perfume-ginger-1974-100ml","status":"publish","type":"product","link":"https:\/\/hairdeluxe.ee\/fi\/product\/balmain-juukseparfuum-ginger-1974-heritage-hair-perfume-ginger-1974-100ml\/","title":{"rendered":"BALMAIN HAIR juukseparf\u00fc\u00fcm Ginger 1974 \/ Heritage Hair Perfume Ginger 1974 100ml"},"content":{"rendered":"<p><em><strong>Koostis:<\/strong>\u00a0<\/em><\/p>\n","protected":false},"excerpt":{"rendered":"<p>Ginger 1974 on ahvatlev juukseparf\u00fc\u00fcm, mis sisaldab v\u00fcrtsika ingveri ja kosutava kuusepalsami rikkalike gurmaanseid noote, mis on segatud pehme seemisnaha ja puhta valge muskuse aroomidega. See sobib suurep\u00e4raselt neile, kes soovivad r\u00f5hutada oma salap\u00e4rasust ja sensuaalsust. Enesekindlatele ja kogenud isikutele, kes naudivad luksuslikke ja ainulaadseid aroome. Oma v\u00fcrtsikate, gurmaansete ja sensuaalsete akordidega on see ideaalne valik neile, kes soovivad j\u00e4tta salap\u00e4rase ja ahvatleva mulje k\u00f5ikjal, kuhu nad l\u00e4hevad.<br \/>\nGinger 1974 juukseparf\u00fc\u00fcm \u00fchendab v\u00fcrtsika ingveri, kosutava kuusepalsami rikkalikud gurmaansed noodid, pehme seemisnaha ja puhta valge muskusega, et luua kordumatu, soe ja vastupandamatu aroom. See j\u00e4tab juustele t\u00e4iusliku l\u00f5hna kogu p\u00e4evaks, samas toites ja kaitstes juukseid.<br \/>\n&#8211; Unisex aroom<br \/>\n&#8211; Toitab ja kaitseb juukseeid<br \/>\n&#8211; S\u00fcgav, sensuaalne, v\u00fcrtsikas<\/p>\n<p><strong>Kasutamine: <\/strong>Parf\u00fc\u00fcmi\u00a0kasutamiseks eemaldage pudelilt magnetkork ja pihustage juukseparf\u00fc\u00fcmi \u00f5rnalt juukseharjale v\u00f5i juustele.<\/p>\n<p>Kogus: 100ml<\/p>\n","protected":false},"featured_media":37374,"template":"","meta":[],"product_brand":[464],"product_cat":[266,265,276,125,129,121,144,284,192,274,196],"product_tag":[],"class_list":{"0":"post-37378","1":"product","2":"type-product","3":"status-publish","4":"has-post-thumbnail","6":"product_brand-balmain-hair","7":"product_cat-balmain-hair","8":"product_cat-brandid","9":"product_cat-juukseparfuum-meestele","10":"product_cat-juukseparfuum","11":"product_cat-kingitused","12":"product_cat-koik-tooted","13":"product_cat-meestele","14":"product_cat-parfuumid","15":"product_cat-uued-tooted","16":"product_cat-viimistlus-meestele","17":"product_cat-viimistlus","19":"first","20":"instock","21":"taxable","22":"shipping-taxable","23":"purchasable","24":"product-type-simple","25":"add-to-wishlist-after_add_to_cart"},"yoast_head":"<!-- This site is optimized with the Yoast SEO plugin v27.5 - https:\/\/yoast.com\/product\/yoast-seo-wordpress\/ -->\n<title>BALMAIN HAIR juukseparf\u00fc\u00fcm Ginger 1974 \/ Heritage Hair Perfume Ginger 1974 100ml - Hair Deluxe<\/title>\n<meta name=\"robots\" content=\"index, follow, max-snippet:-1, max-image-preview:large, max-video-preview:-1\" \/>\n<link rel=\"canonical\" href=\"https:\/\/hairdeluxe.ee\/fi\/product\/balmain-juukseparfuum-ginger-1974-heritage-hair-perfume-ginger-1974-100ml\/\" \/>\n<meta property=\"og:locale\" content=\"fi_FI\" \/>\n<meta property=\"og:type\" content=\"article\" \/>\n<meta property=\"og:title\" content=\"BALMAIN HAIR juukseparf\u00fc\u00fcm Ginger 1974 \/ Heritage Hair Perfume Ginger 1974 100ml - Hair Deluxe\" \/>\n<meta property=\"og:description\" content=\"Ginger 1974 on ahvatlev juukseparf\u00fc\u00fcm, mis sisaldab v\u00fcrtsika ingveri ja kosutava kuusepalsami rikkalike gurmaanseid noote, mis on segatud pehme seemisnaha ja puhta valge muskuse aroomidega. See sobib suurep\u00e4raselt neile, kes soovivad r\u00f5hutada oma salap\u00e4rasust ja sensuaalsust. Enesekindlatele ja kogenud isikutele, kes naudivad luksuslikke ja ainulaadseid aroome. Oma v\u00fcrtsikate, gurmaansete ja sensuaalsete akordidega on see ideaalne valik neile, kes soovivad j\u00e4tta salap\u00e4rase ja ahvatleva mulje k\u00f5ikjal, kuhu nad l\u00e4hevad. Ginger 1974 juukseparf\u00fc\u00fcm \u00fchendab v\u00fcrtsika ingveri, kosutava kuusepalsami rikkalikud gurmaansed noodid, pehme seemisnaha ja puhta valge muskusega, et luua kordumatu, soe ja vastupandamatu aroom. See j\u00e4tab juustele t\u00e4iusliku l\u00f5hna kogu p\u00e4evaks, samas toites ja kaitstes juukseid. - Unisex aroom - Toitab ja kaitseb juukseeid - S\u00fcgav, sensuaalne, v\u00fcrtsikas Kasutamine: Parf\u00fc\u00fcmi\u00a0kasutamiseks eemaldage pudelilt magnetkork ja pihustage juukseparf\u00fc\u00fcmi \u00f5rnalt juukseharjale v\u00f5i juustele. Kogus: 100ml\" \/>\n<meta property=\"og:url\" content=\"https:\/\/hairdeluxe.ee\/fi\/product\/balmain-juukseparfuum-ginger-1974-heritage-hair-perfume-ginger-1974-100ml\/\" \/>\n<meta property=\"og:site_name\" content=\"Hair Deluxe\" \/>\n<meta property=\"article:publisher\" content=\"https:\/\/www.facebook.com\/blowbartallinn\" \/>\n<meta property=\"article:modified_time\" content=\"2025-03-18T19:22:21+00:00\" \/>\n<meta property=\"og:image\" content=\"https:\/\/hairdeluxe.ee\/wp-content\/uploads\/2024\/02\/balmainhair_styling_hairperfume_ginger1974_withbox_cs_s_s_hp_1974_gin_800x800_b58c.jpg\" \/>\n\t<meta property=\"og:image:width\" content=\"800\" \/>\n\t<meta property=\"og:image:height\" content=\"800\" \/>\n\t<meta property=\"og:image:type\" content=\"image\/jpeg\" \/>\n<meta name=\"twitter:card\" content=\"summary_large_image\" \/>\n<script type=\"application\/ld+json\" class=\"yoast-schema-graph\">{\"@context\":\"https:\\\/\\\/schema.org\",\"@graph\":[{\"@type\":\"WebPage\",\"@id\":\"https:\\\/\\\/hairdeluxe.ee\\\/fi\\\/product\\\/balmain-juukseparfuum-ginger-1974-heritage-hair-perfume-ginger-1974-100ml\\\/\",\"url\":\"https:\\\/\\\/hairdeluxe.ee\\\/fi\\\/product\\\/balmain-juukseparfuum-ginger-1974-heritage-hair-perfume-ginger-1974-100ml\\\/\",\"name\":\"BALMAIN HAIR juukseparf\u00fc\u00fcm Ginger 1974 \\\/ Heritage Hair Perfume Ginger 1974 100ml - Hair Deluxe\",\"isPartOf\":{\"@id\":\"https:\\\/\\\/hairdeluxe.ee\\\/fi\\\/#website\"},\"primaryImageOfPage\":{\"@id\":\"https:\\\/\\\/hairdeluxe.ee\\\/fi\\\/product\\\/balmain-juukseparfuum-ginger-1974-heritage-hair-perfume-ginger-1974-100ml\\\/#primaryimage\"},\"image\":{\"@id\":\"https:\\\/\\\/hairdeluxe.ee\\\/fi\\\/product\\\/balmain-juukseparfuum-ginger-1974-heritage-hair-perfume-ginger-1974-100ml\\\/#primaryimage\"},\"thumbnailUrl\":\"https:\\\/\\\/hairdeluxe.ee\\\/wp-content\\\/uploads\\\/2024\\\/02\\\/balmainhair_styling_hairperfume_ginger1974_withbox_cs_s_s_hp_1974_gin_800x800_b58c.jpg\",\"datePublished\":\"2024-02-03T08:31:02+00:00\",\"dateModified\":\"2025-03-18T19:22:21+00:00\",\"breadcrumb\":{\"@id\":\"https:\\\/\\\/hairdeluxe.ee\\\/fi\\\/product\\\/balmain-juukseparfuum-ginger-1974-heritage-hair-perfume-ginger-1974-100ml\\\/#breadcrumb\"},\"inLanguage\":\"fi\",\"potentialAction\":[{\"@type\":\"ReadAction\",\"target\":[\"https:\\\/\\\/hairdeluxe.ee\\\/fi\\\/product\\\/balmain-juukseparfuum-ginger-1974-heritage-hair-perfume-ginger-1974-100ml\\\/\"]}]},{\"@type\":\"ImageObject\",\"inLanguage\":\"fi\",\"@id\":\"https:\\\/\\\/hairdeluxe.ee\\\/fi\\\/product\\\/balmain-juukseparfuum-ginger-1974-heritage-hair-perfume-ginger-1974-100ml\\\/#primaryimage\",\"url\":\"https:\\\/\\\/hairdeluxe.ee\\\/wp-content\\\/uploads\\\/2024\\\/02\\\/balmainhair_styling_hairperfume_ginger1974_withbox_cs_s_s_hp_1974_gin_800x800_b58c.jpg\",\"contentUrl\":\"https:\\\/\\\/hairdeluxe.ee\\\/wp-content\\\/uploads\\\/2024\\\/02\\\/balmainhair_styling_hairperfume_ginger1974_withbox_cs_s_s_hp_1974_gin_800x800_b58c.jpg\",\"width\":800,\"height\":800},{\"@type\":\"BreadcrumbList\",\"@id\":\"https:\\\/\\\/hairdeluxe.ee\\\/fi\\\/product\\\/balmain-juukseparfuum-ginger-1974-heritage-hair-perfume-ginger-1974-100ml\\\/#breadcrumb\",\"itemListElement\":[{\"@type\":\"ListItem\",\"position\":1,\"name\":\"Home\",\"item\":\"https:\\\/\\\/hairdeluxe.ee\\\/fi\\\/\"},{\"@type\":\"ListItem\",\"position\":2,\"name\":\"Kauppa\",\"item\":\"https:\\\/\\\/hairdeluxe.ee\\\/fi\\\/shop\\\/\"},{\"@type\":\"ListItem\",\"position\":3,\"name\":\"BALMAIN HAIR juukseparf\u00fc\u00fcm Ginger 1974 \\\/ Heritage Hair Perfume Ginger 1974 100ml\"}]},{\"@type\":\"WebSite\",\"@id\":\"https:\\\/\\\/hairdeluxe.ee\\\/fi\\\/#website\",\"url\":\"https:\\\/\\\/hairdeluxe.ee\\\/fi\\\/\",\"name\":\"Hair Deluxe\",\"description\":\"Highlight your natural beauty\",\"publisher\":{\"@id\":\"https:\\\/\\\/hairdeluxe.ee\\\/fi\\\/#organization\"},\"potentialAction\":[{\"@type\":\"SearchAction\",\"target\":{\"@type\":\"EntryPoint\",\"urlTemplate\":\"https:\\\/\\\/hairdeluxe.ee\\\/fi\\\/?s={search_term_string}\"},\"query-input\":{\"@type\":\"PropertyValueSpecification\",\"valueRequired\":true,\"valueName\":\"search_term_string\"}}],\"inLanguage\":\"fi\"},{\"@type\":\"Organization\",\"@id\":\"https:\\\/\\\/hairdeluxe.ee\\\/fi\\\/#organization\",\"name\":\"Hair Deluxe\",\"url\":\"https:\\\/\\\/hairdeluxe.ee\\\/fi\\\/\",\"logo\":{\"@type\":\"ImageObject\",\"inLanguage\":\"fi\",\"@id\":\"https:\\\/\\\/hairdeluxe.ee\\\/fi\\\/#\\\/schema\\\/logo\\\/image\\\/\",\"url\":\"https:\\\/\\\/hairdeluxe.ee\\\/wp-content\\\/uploads\\\/2024\\\/06\\\/Hair-Deluxe-Logo-Dark-font.png\",\"contentUrl\":\"https:\\\/\\\/hairdeluxe.ee\\\/wp-content\\\/uploads\\\/2024\\\/06\\\/Hair-Deluxe-Logo-Dark-font.png\",\"width\":467,\"height\":177,\"caption\":\"Hair Deluxe\"},\"image\":{\"@id\":\"https:\\\/\\\/hairdeluxe.ee\\\/fi\\\/#\\\/schema\\\/logo\\\/image\\\/\"},\"sameAs\":[\"https:\\\/\\\/www.facebook.com\\\/blowbartallinn\",\"https:\\\/\\\/www.instagram.com\\\/blowbar_tallinn\"]}]}<\/script>\n<!-- \/ Yoast SEO plugin. -->","yoast_head_json":{"title":"BALMAIN HAIR juukseparf\u00fc\u00fcm Ginger 1974 \/ Heritage Hair Perfume Ginger 1974 100ml - Hair Deluxe","robots":{"index":"index","follow":"follow","max-snippet":"max-snippet:-1","max-image-preview":"max-image-preview:large","max-video-preview":"max-video-preview:-1"},"canonical":"https:\/\/hairdeluxe.ee\/fi\/product\/balmain-juukseparfuum-ginger-1974-heritage-hair-perfume-ginger-1974-100ml\/","og_locale":"fi_FI","og_type":"article","og_title":"BALMAIN HAIR juukseparf\u00fc\u00fcm Ginger 1974 \/ Heritage Hair Perfume Ginger 1974 100ml - Hair Deluxe","og_description":"Ginger 1974 on ahvatlev juukseparf\u00fc\u00fcm, mis sisaldab v\u00fcrtsika ingveri ja kosutava kuusepalsami rikkalike gurmaanseid noote, mis on segatud pehme seemisnaha ja puhta valge muskuse aroomidega. See sobib suurep\u00e4raselt neile, kes soovivad r\u00f5hutada oma salap\u00e4rasust ja sensuaalsust. Enesekindlatele ja kogenud isikutele, kes naudivad luksuslikke ja ainulaadseid aroome. Oma v\u00fcrtsikate, gurmaansete ja sensuaalsete akordidega on see ideaalne valik neile, kes soovivad j\u00e4tta salap\u00e4rase ja ahvatleva mulje k\u00f5ikjal, kuhu nad l\u00e4hevad. Ginger 1974 juukseparf\u00fc\u00fcm \u00fchendab v\u00fcrtsika ingveri, kosutava kuusepalsami rikkalikud gurmaansed noodid, pehme seemisnaha ja puhta valge muskusega, et luua kordumatu, soe ja vastupandamatu aroom. See j\u00e4tab juustele t\u00e4iusliku l\u00f5hna kogu p\u00e4evaks, samas toites ja kaitstes juukseid. - Unisex aroom - Toitab ja kaitseb juukseeid - S\u00fcgav, sensuaalne, v\u00fcrtsikas Kasutamine: Parf\u00fc\u00fcmi\u00a0kasutamiseks eemaldage pudelilt magnetkork ja pihustage juukseparf\u00fc\u00fcmi \u00f5rnalt juukseharjale v\u00f5i juustele. Kogus: 100ml","og_url":"https:\/\/hairdeluxe.ee\/fi\/product\/balmain-juukseparfuum-ginger-1974-heritage-hair-perfume-ginger-1974-100ml\/","og_site_name":"Hair Deluxe","article_publisher":"https:\/\/www.facebook.com\/blowbartallinn","article_modified_time":"2025-03-18T19:22:21+00:00","og_image":[{"width":800,"height":800,"url":"https:\/\/hairdeluxe.ee\/wp-content\/uploads\/2024\/02\/balmainhair_styling_hairperfume_ginger1974_withbox_cs_s_s_hp_1974_gin_800x800_b58c.jpg","type":"image\/jpeg"}],"twitter_card":"summary_large_image","schema":{"@context":"https:\/\/schema.org","@graph":[{"@type":"WebPage","@id":"https:\/\/hairdeluxe.ee\/fi\/product\/balmain-juukseparfuum-ginger-1974-heritage-hair-perfume-ginger-1974-100ml\/","url":"https:\/\/hairdeluxe.ee\/fi\/product\/balmain-juukseparfuum-ginger-1974-heritage-hair-perfume-ginger-1974-100ml\/","name":"BALMAIN HAIR juukseparf\u00fc\u00fcm Ginger 1974 \/ Heritage Hair Perfume Ginger 1974 100ml - Hair Deluxe","isPartOf":{"@id":"https:\/\/hairdeluxe.ee\/fi\/#website"},"primaryImageOfPage":{"@id":"https:\/\/hairdeluxe.ee\/fi\/product\/balmain-juukseparfuum-ginger-1974-heritage-hair-perfume-ginger-1974-100ml\/#primaryimage"},"image":{"@id":"https:\/\/hairdeluxe.ee\/fi\/product\/balmain-juukseparfuum-ginger-1974-heritage-hair-perfume-ginger-1974-100ml\/#primaryimage"},"thumbnailUrl":"https:\/\/hairdeluxe.ee\/wp-content\/uploads\/2024\/02\/balmainhair_styling_hairperfume_ginger1974_withbox_cs_s_s_hp_1974_gin_800x800_b58c.jpg","datePublished":"2024-02-03T08:31:02+00:00","dateModified":"2025-03-18T19:22:21+00:00","breadcrumb":{"@id":"https:\/\/hairdeluxe.ee\/fi\/product\/balmain-juukseparfuum-ginger-1974-heritage-hair-perfume-ginger-1974-100ml\/#breadcrumb"},"inLanguage":"fi","potentialAction":[{"@type":"ReadAction","target":["https:\/\/hairdeluxe.ee\/fi\/product\/balmain-juukseparfuum-ginger-1974-heritage-hair-perfume-ginger-1974-100ml\/"]}]},{"@type":"ImageObject","inLanguage":"fi","@id":"https:\/\/hairdeluxe.ee\/fi\/product\/balmain-juukseparfuum-ginger-1974-heritage-hair-perfume-ginger-1974-100ml\/#primaryimage","url":"https:\/\/hairdeluxe.ee\/wp-content\/uploads\/2024\/02\/balmainhair_styling_hairperfume_ginger1974_withbox_cs_s_s_hp_1974_gin_800x800_b58c.jpg","contentUrl":"https:\/\/hairdeluxe.ee\/wp-content\/uploads\/2024\/02\/balmainhair_styling_hairperfume_ginger1974_withbox_cs_s_s_hp_1974_gin_800x800_b58c.jpg","width":800,"height":800},{"@type":"BreadcrumbList","@id":"https:\/\/hairdeluxe.ee\/fi\/product\/balmain-juukseparfuum-ginger-1974-heritage-hair-perfume-ginger-1974-100ml\/#breadcrumb","itemListElement":[{"@type":"ListItem","position":1,"name":"Home","item":"https:\/\/hairdeluxe.ee\/fi\/"},{"@type":"ListItem","position":2,"name":"Kauppa","item":"https:\/\/hairdeluxe.ee\/fi\/shop\/"},{"@type":"ListItem","position":3,"name":"BALMAIN HAIR juukseparf\u00fc\u00fcm Ginger 1974 \/ Heritage Hair Perfume Ginger 1974 100ml"}]},{"@type":"WebSite","@id":"https:\/\/hairdeluxe.ee\/fi\/#website","url":"https:\/\/hairdeluxe.ee\/fi\/","name":"Hair Deluxe","description":"Highlight your natural beauty","publisher":{"@id":"https:\/\/hairdeluxe.ee\/fi\/#organization"},"potentialAction":[{"@type":"SearchAction","target":{"@type":"EntryPoint","urlTemplate":"https:\/\/hairdeluxe.ee\/fi\/?s={search_term_string}"},"query-input":{"@type":"PropertyValueSpecification","valueRequired":true,"valueName":"search_term_string"}}],"inLanguage":"fi"},{"@type":"Organization","@id":"https:\/\/hairdeluxe.ee\/fi\/#organization","name":"Hair Deluxe","url":"https:\/\/hairdeluxe.ee\/fi\/","logo":{"@type":"ImageObject","inLanguage":"fi","@id":"https:\/\/hairdeluxe.ee\/fi\/#\/schema\/logo\/image\/","url":"https:\/\/hairdeluxe.ee\/wp-content\/uploads\/2024\/06\/Hair-Deluxe-Logo-Dark-font.png","contentUrl":"https:\/\/hairdeluxe.ee\/wp-content\/uploads\/2024\/06\/Hair-Deluxe-Logo-Dark-font.png","width":467,"height":177,"caption":"Hair Deluxe"},"image":{"@id":"https:\/\/hairdeluxe.ee\/fi\/#\/schema\/logo\/image\/"},"sameAs":["https:\/\/www.facebook.com\/blowbartallinn","https:\/\/www.instagram.com\/blowbar_tallinn"]}]}},"_links":{"self":[{"href":"https:\/\/hairdeluxe.ee\/fi\/wp-json\/wp\/v2\/product\/37378","targetHints":{"allow":["GET"]}}],"collection":[{"href":"https:\/\/hairdeluxe.ee\/fi\/wp-json\/wp\/v2\/product"}],"about":[{"href":"https:\/\/hairdeluxe.ee\/fi\/wp-json\/wp\/v2\/types\/product"}],"wp:featuredmedia":[{"embeddable":true,"href":"https:\/\/hairdeluxe.ee\/fi\/wp-json\/wp\/v2\/media\/37374"}],"wp:attachment":[{"href":"https:\/\/hairdeluxe.ee\/fi\/wp-json\/wp\/v2\/media?parent=37378"}],"wp:term":[{"taxonomy":"product_brand","embeddable":true,"href":"https:\/\/hairdeluxe.ee\/fi\/wp-json\/wp\/v2\/product_brand?post=37378"},{"taxonomy":"product_cat","embeddable":true,"href":"https:\/\/hairdeluxe.ee\/fi\/wp-json\/wp\/v2\/product_cat?post=37378"},{"taxonomy":"product_tag","embeddable":true,"href":"https:\/\/hairdeluxe.ee\/fi\/wp-json\/wp\/v2\/product_tag?post=37378"}],"curies":[{"name":"wp","href":"https:\/\/api.w.org\/{rel}","templated":true}]}}