{"id":39732,"date":"2024-04-22T16:35:51","date_gmt":"2024-04-22T13:35:51","guid":{"rendered":"https:\/\/blowbar.ee\/?post_type=product&#038;p=39732"},"modified":"2025-03-18T19:22:19","modified_gmt":"2025-03-18T19:22:19","slug":"balmain-juukseklamber-kilpkonn-xs-pince-a-cheveux-extra-small-tortoise","status":"publish","type":"product","link":"https:\/\/hairdeluxe.ee\/fi\/product\/balmain-juukseklamber-kilpkonn-xs-pince-a-cheveux-extra-small-tortoise\/","title":{"rendered":"BALMAIN HAIR juukseklamber kilpkonn XS \/ Pince \u00e0 cheveux Extra Small Tortoise"},"content":{"rendered":"","protected":false},"excerpt":{"rendered":"<p>Kollektsiooni \u201cLes Accessoires\u201d juukseakessuaarid on t\u00e4ielikult k\u00e4sitsi valmistatud, kasutades traditsioonilisi tehnikaid ning neil on iseloomulikud kuldsed detailid \u2013 disainielement, mis \u00fchtib k\u00f5igis Balmain Hair Paris kollektsioonides.<br \/>\nPince \u00e0 Cheveux Extra Small Tortoise klambril on ainulaadne elastne s\u00fcsteem, mis tagab kindla p\u00fcsivuse, v\u00e4ltides libisemist. Seet\u00f5ttu sobib klamber k\u00f5ikidele juukset\u00fc\u00fcpidele, nii \u00f5hukestele kui ka paksudele.<\/p>\n<p>Eriti v\u00e4ike k\u00e4sit\u00f6\u00f6na valmistatud juukseklamber Balmain Hair 18K kullatud \u201cB\u201d logoga, mis on valmistatud vastupidavast h\u00fcpoallergeensest tselluloosatsetaadist. Pince \u00e0 cheveux Extra Small Tortoise sobib ideaalselt \u00f5rnadele ning v\u00e4ga \u00f5hukestele juustele.<br \/>\n\u2013 18K kullatud logo<br \/>\n\u2013 H\u00fcpoallergeenne materjal<br \/>\n\u2013 Ideaalne \u00f5rnadele ja \u00f5hukestele juustele<\/p>\n<p>M\u00f5\u00f5dud: Pikkus: 4 cm \/ Laius: 2,70 cm \/ K\u00f5rgus: 3 cm<\/p>\n","protected":false},"featured_media":39733,"template":"","meta":[],"product_brand":[464],"product_cat":[96,266,265,206,268,121,192],"product_tag":[],"class_list":{"0":"post-39732","1":"product","2":"type-product","3":"status-publish","4":"has-post-thumbnail","6":"product_brand-balmain-hair","7":"product_cat-aksessuaarid","8":"product_cat-balmain-hair","9":"product_cat-brandid","10":"product_cat-erikollektsioonid","11":"product_cat-juukseklambrid","12":"product_cat-koik-tooted","13":"product_cat-uued-tooted","15":"first","16":"instock","17":"taxable","18":"shipping-taxable","19":"purchasable","20":"product-type-simple","21":"add-to-wishlist-after_add_to_cart"},"yoast_head":"<!-- This site is optimized with the Yoast SEO plugin v27.5 - https:\/\/yoast.com\/product\/yoast-seo-wordpress\/ -->\n<title>BALMAIN HAIR juukseklamber kilpkonn XS \/ Pince \u00e0 cheveux Extra Small Tortoise - Hair Deluxe<\/title>\n<meta name=\"robots\" content=\"index, follow, max-snippet:-1, max-image-preview:large, max-video-preview:-1\" \/>\n<link rel=\"canonical\" href=\"https:\/\/hairdeluxe.ee\/fi\/product\/balmain-juukseklamber-kilpkonn-xs-pince-a-cheveux-extra-small-tortoise\/\" \/>\n<meta property=\"og:locale\" content=\"fi_FI\" \/>\n<meta property=\"og:type\" content=\"article\" \/>\n<meta property=\"og:title\" content=\"BALMAIN HAIR juukseklamber kilpkonn XS \/ Pince \u00e0 cheveux Extra Small Tortoise - Hair Deluxe\" \/>\n<meta property=\"og:description\" content=\"Kollektsiooni \u201cLes Accessoires\u201d juukseakessuaarid on t\u00e4ielikult k\u00e4sitsi valmistatud, kasutades traditsioonilisi tehnikaid ning neil on iseloomulikud kuldsed detailid \u2013 disainielement, mis \u00fchtib k\u00f5igis Balmain Hair Paris kollektsioonides. Pince \u00e0 Cheveux Extra Small Tortoise klambril on ainulaadne elastne s\u00fcsteem, mis tagab kindla p\u00fcsivuse, v\u00e4ltides libisemist. Seet\u00f5ttu sobib klamber k\u00f5ikidele juukset\u00fc\u00fcpidele, nii \u00f5hukestele kui ka paksudele.  Eriti v\u00e4ike k\u00e4sit\u00f6\u00f6na valmistatud juukseklamber Balmain Hair 18K kullatud \u201cB\u201d logoga, mis on valmistatud vastupidavast h\u00fcpoallergeensest tselluloosatsetaadist. Pince \u00e0 cheveux Extra Small Tortoise sobib ideaalselt \u00f5rnadele ning v\u00e4ga \u00f5hukestele juustele. \u2013 18K kullatud logo \u2013 H\u00fcpoallergeenne materjal \u2013 Ideaalne \u00f5rnadele ja \u00f5hukestele juustele  M\u00f5\u00f5dud: Pikkus: 4 cm \/ Laius: 2,70 cm \/ K\u00f5rgus: 3 cm\" \/>\n<meta property=\"og:url\" content=\"https:\/\/hairdeluxe.ee\/fi\/product\/balmain-juukseklamber-kilpkonn-xs-pince-a-cheveux-extra-small-tortoise\/\" \/>\n<meta property=\"og:site_name\" content=\"Hair Deluxe\" \/>\n<meta property=\"article:publisher\" content=\"https:\/\/www.facebook.com\/blowbartallinn\" \/>\n<meta property=\"article:modified_time\" content=\"2025-03-18T19:22:19+00:00\" \/>\n<meta property=\"og:image\" content=\"https:\/\/hairdeluxe.ee\/wp-content\/uploads\/2024\/04\/balmainhair_accessories_pince____cheveux_extrasmall_tortoise_hj_ca_pin_xs_ts_01_293e.jpg\" \/>\n\t<meta property=\"og:image:width\" content=\"800\" \/>\n\t<meta property=\"og:image:height\" content=\"800\" \/>\n\t<meta property=\"og:image:type\" content=\"image\/jpeg\" \/>\n<meta name=\"twitter:card\" content=\"summary_large_image\" \/>\n<meta name=\"twitter:label1\" content=\"Arvioitu lukuaika\" \/>\n\t<meta name=\"twitter:data1\" content=\"1 minuutti\" \/>\n<script type=\"application\/ld+json\" class=\"yoast-schema-graph\">{\"@context\":\"https:\\\/\\\/schema.org\",\"@graph\":[{\"@type\":\"WebPage\",\"@id\":\"https:\\\/\\\/hairdeluxe.ee\\\/fi\\\/product\\\/balmain-juukseklamber-kilpkonn-xs-pince-a-cheveux-extra-small-tortoise\\\/\",\"url\":\"https:\\\/\\\/hairdeluxe.ee\\\/fi\\\/product\\\/balmain-juukseklamber-kilpkonn-xs-pince-a-cheveux-extra-small-tortoise\\\/\",\"name\":\"BALMAIN HAIR juukseklamber kilpkonn XS \\\/ Pince \u00e0 cheveux Extra Small Tortoise - Hair Deluxe\",\"isPartOf\":{\"@id\":\"https:\\\/\\\/hairdeluxe.ee\\\/fi\\\/#website\"},\"primaryImageOfPage\":{\"@id\":\"https:\\\/\\\/hairdeluxe.ee\\\/fi\\\/product\\\/balmain-juukseklamber-kilpkonn-xs-pince-a-cheveux-extra-small-tortoise\\\/#primaryimage\"},\"image\":{\"@id\":\"https:\\\/\\\/hairdeluxe.ee\\\/fi\\\/product\\\/balmain-juukseklamber-kilpkonn-xs-pince-a-cheveux-extra-small-tortoise\\\/#primaryimage\"},\"thumbnailUrl\":\"https:\\\/\\\/hairdeluxe.ee\\\/wp-content\\\/uploads\\\/2024\\\/04\\\/balmainhair_accessories_pince____cheveux_extrasmall_tortoise_hj_ca_pin_xs_ts_01_293e.jpg\",\"datePublished\":\"2024-04-22T13:35:51+00:00\",\"dateModified\":\"2025-03-18T19:22:19+00:00\",\"breadcrumb\":{\"@id\":\"https:\\\/\\\/hairdeluxe.ee\\\/fi\\\/product\\\/balmain-juukseklamber-kilpkonn-xs-pince-a-cheveux-extra-small-tortoise\\\/#breadcrumb\"},\"inLanguage\":\"fi\",\"potentialAction\":[{\"@type\":\"ReadAction\",\"target\":[\"https:\\\/\\\/hairdeluxe.ee\\\/fi\\\/product\\\/balmain-juukseklamber-kilpkonn-xs-pince-a-cheveux-extra-small-tortoise\\\/\"]}]},{\"@type\":\"ImageObject\",\"inLanguage\":\"fi\",\"@id\":\"https:\\\/\\\/hairdeluxe.ee\\\/fi\\\/product\\\/balmain-juukseklamber-kilpkonn-xs-pince-a-cheveux-extra-small-tortoise\\\/#primaryimage\",\"url\":\"https:\\\/\\\/hairdeluxe.ee\\\/wp-content\\\/uploads\\\/2024\\\/04\\\/balmainhair_accessories_pince____cheveux_extrasmall_tortoise_hj_ca_pin_xs_ts_01_293e.jpg\",\"contentUrl\":\"https:\\\/\\\/hairdeluxe.ee\\\/wp-content\\\/uploads\\\/2024\\\/04\\\/balmainhair_accessories_pince____cheveux_extrasmall_tortoise_hj_ca_pin_xs_ts_01_293e.jpg\",\"width\":800,\"height\":800},{\"@type\":\"BreadcrumbList\",\"@id\":\"https:\\\/\\\/hairdeluxe.ee\\\/fi\\\/product\\\/balmain-juukseklamber-kilpkonn-xs-pince-a-cheveux-extra-small-tortoise\\\/#breadcrumb\",\"itemListElement\":[{\"@type\":\"ListItem\",\"position\":1,\"name\":\"Home\",\"item\":\"https:\\\/\\\/hairdeluxe.ee\\\/fi\\\/\"},{\"@type\":\"ListItem\",\"position\":2,\"name\":\"Kauppa\",\"item\":\"https:\\\/\\\/hairdeluxe.ee\\\/fi\\\/shop\\\/\"},{\"@type\":\"ListItem\",\"position\":3,\"name\":\"BALMAIN HAIR juukseklamber kilpkonn XS \\\/ Pince \u00e0 cheveux Extra Small Tortoise\"}]},{\"@type\":\"WebSite\",\"@id\":\"https:\\\/\\\/hairdeluxe.ee\\\/fi\\\/#website\",\"url\":\"https:\\\/\\\/hairdeluxe.ee\\\/fi\\\/\",\"name\":\"Hair Deluxe\",\"description\":\"Highlight your natural beauty\",\"publisher\":{\"@id\":\"https:\\\/\\\/hairdeluxe.ee\\\/fi\\\/#organization\"},\"potentialAction\":[{\"@type\":\"SearchAction\",\"target\":{\"@type\":\"EntryPoint\",\"urlTemplate\":\"https:\\\/\\\/hairdeluxe.ee\\\/fi\\\/?s={search_term_string}\"},\"query-input\":{\"@type\":\"PropertyValueSpecification\",\"valueRequired\":true,\"valueName\":\"search_term_string\"}}],\"inLanguage\":\"fi\"},{\"@type\":\"Organization\",\"@id\":\"https:\\\/\\\/hairdeluxe.ee\\\/fi\\\/#organization\",\"name\":\"Hair Deluxe\",\"url\":\"https:\\\/\\\/hairdeluxe.ee\\\/fi\\\/\",\"logo\":{\"@type\":\"ImageObject\",\"inLanguage\":\"fi\",\"@id\":\"https:\\\/\\\/hairdeluxe.ee\\\/fi\\\/#\\\/schema\\\/logo\\\/image\\\/\",\"url\":\"https:\\\/\\\/hairdeluxe.ee\\\/wp-content\\\/uploads\\\/2024\\\/06\\\/Hair-Deluxe-Logo-Dark-font.png\",\"contentUrl\":\"https:\\\/\\\/hairdeluxe.ee\\\/wp-content\\\/uploads\\\/2024\\\/06\\\/Hair-Deluxe-Logo-Dark-font.png\",\"width\":467,\"height\":177,\"caption\":\"Hair Deluxe\"},\"image\":{\"@id\":\"https:\\\/\\\/hairdeluxe.ee\\\/fi\\\/#\\\/schema\\\/logo\\\/image\\\/\"},\"sameAs\":[\"https:\\\/\\\/www.facebook.com\\\/blowbartallinn\",\"https:\\\/\\\/www.instagram.com\\\/blowbar_tallinn\"]}]}<\/script>\n<!-- \/ Yoast SEO plugin. -->","yoast_head_json":{"title":"BALMAIN HAIR juukseklamber kilpkonn XS \/ Pince \u00e0 cheveux Extra Small Tortoise - Hair Deluxe","robots":{"index":"index","follow":"follow","max-snippet":"max-snippet:-1","max-image-preview":"max-image-preview:large","max-video-preview":"max-video-preview:-1"},"canonical":"https:\/\/hairdeluxe.ee\/fi\/product\/balmain-juukseklamber-kilpkonn-xs-pince-a-cheveux-extra-small-tortoise\/","og_locale":"fi_FI","og_type":"article","og_title":"BALMAIN HAIR juukseklamber kilpkonn XS \/ Pince \u00e0 cheveux Extra Small Tortoise - Hair Deluxe","og_description":"Kollektsiooni \u201cLes Accessoires\u201d juukseakessuaarid on t\u00e4ielikult k\u00e4sitsi valmistatud, kasutades traditsioonilisi tehnikaid ning neil on iseloomulikud kuldsed detailid \u2013 disainielement, mis \u00fchtib k\u00f5igis Balmain Hair Paris kollektsioonides. Pince \u00e0 Cheveux Extra Small Tortoise klambril on ainulaadne elastne s\u00fcsteem, mis tagab kindla p\u00fcsivuse, v\u00e4ltides libisemist. Seet\u00f5ttu sobib klamber k\u00f5ikidele juukset\u00fc\u00fcpidele, nii \u00f5hukestele kui ka paksudele.  Eriti v\u00e4ike k\u00e4sit\u00f6\u00f6na valmistatud juukseklamber Balmain Hair 18K kullatud \u201cB\u201d logoga, mis on valmistatud vastupidavast h\u00fcpoallergeensest tselluloosatsetaadist. Pince \u00e0 cheveux Extra Small Tortoise sobib ideaalselt \u00f5rnadele ning v\u00e4ga \u00f5hukestele juustele. \u2013 18K kullatud logo \u2013 H\u00fcpoallergeenne materjal \u2013 Ideaalne \u00f5rnadele ja \u00f5hukestele juustele  M\u00f5\u00f5dud: Pikkus: 4 cm \/ Laius: 2,70 cm \/ K\u00f5rgus: 3 cm","og_url":"https:\/\/hairdeluxe.ee\/fi\/product\/balmain-juukseklamber-kilpkonn-xs-pince-a-cheveux-extra-small-tortoise\/","og_site_name":"Hair Deluxe","article_publisher":"https:\/\/www.facebook.com\/blowbartallinn","article_modified_time":"2025-03-18T19:22:19+00:00","og_image":[{"width":800,"height":800,"url":"https:\/\/hairdeluxe.ee\/wp-content\/uploads\/2024\/04\/balmainhair_accessories_pince____cheveux_extrasmall_tortoise_hj_ca_pin_xs_ts_01_293e.jpg","type":"image\/jpeg"}],"twitter_card":"summary_large_image","twitter_misc":{"Arvioitu lukuaika":"1 minuutti"},"schema":{"@context":"https:\/\/schema.org","@graph":[{"@type":"WebPage","@id":"https:\/\/hairdeluxe.ee\/fi\/product\/balmain-juukseklamber-kilpkonn-xs-pince-a-cheveux-extra-small-tortoise\/","url":"https:\/\/hairdeluxe.ee\/fi\/product\/balmain-juukseklamber-kilpkonn-xs-pince-a-cheveux-extra-small-tortoise\/","name":"BALMAIN HAIR juukseklamber kilpkonn XS \/ Pince \u00e0 cheveux Extra Small Tortoise - Hair Deluxe","isPartOf":{"@id":"https:\/\/hairdeluxe.ee\/fi\/#website"},"primaryImageOfPage":{"@id":"https:\/\/hairdeluxe.ee\/fi\/product\/balmain-juukseklamber-kilpkonn-xs-pince-a-cheveux-extra-small-tortoise\/#primaryimage"},"image":{"@id":"https:\/\/hairdeluxe.ee\/fi\/product\/balmain-juukseklamber-kilpkonn-xs-pince-a-cheveux-extra-small-tortoise\/#primaryimage"},"thumbnailUrl":"https:\/\/hairdeluxe.ee\/wp-content\/uploads\/2024\/04\/balmainhair_accessories_pince____cheveux_extrasmall_tortoise_hj_ca_pin_xs_ts_01_293e.jpg","datePublished":"2024-04-22T13:35:51+00:00","dateModified":"2025-03-18T19:22:19+00:00","breadcrumb":{"@id":"https:\/\/hairdeluxe.ee\/fi\/product\/balmain-juukseklamber-kilpkonn-xs-pince-a-cheveux-extra-small-tortoise\/#breadcrumb"},"inLanguage":"fi","potentialAction":[{"@type":"ReadAction","target":["https:\/\/hairdeluxe.ee\/fi\/product\/balmain-juukseklamber-kilpkonn-xs-pince-a-cheveux-extra-small-tortoise\/"]}]},{"@type":"ImageObject","inLanguage":"fi","@id":"https:\/\/hairdeluxe.ee\/fi\/product\/balmain-juukseklamber-kilpkonn-xs-pince-a-cheveux-extra-small-tortoise\/#primaryimage","url":"https:\/\/hairdeluxe.ee\/wp-content\/uploads\/2024\/04\/balmainhair_accessories_pince____cheveux_extrasmall_tortoise_hj_ca_pin_xs_ts_01_293e.jpg","contentUrl":"https:\/\/hairdeluxe.ee\/wp-content\/uploads\/2024\/04\/balmainhair_accessories_pince____cheveux_extrasmall_tortoise_hj_ca_pin_xs_ts_01_293e.jpg","width":800,"height":800},{"@type":"BreadcrumbList","@id":"https:\/\/hairdeluxe.ee\/fi\/product\/balmain-juukseklamber-kilpkonn-xs-pince-a-cheveux-extra-small-tortoise\/#breadcrumb","itemListElement":[{"@type":"ListItem","position":1,"name":"Home","item":"https:\/\/hairdeluxe.ee\/fi\/"},{"@type":"ListItem","position":2,"name":"Kauppa","item":"https:\/\/hairdeluxe.ee\/fi\/shop\/"},{"@type":"ListItem","position":3,"name":"BALMAIN HAIR juukseklamber kilpkonn XS \/ Pince \u00e0 cheveux Extra Small Tortoise"}]},{"@type":"WebSite","@id":"https:\/\/hairdeluxe.ee\/fi\/#website","url":"https:\/\/hairdeluxe.ee\/fi\/","name":"Hair Deluxe","description":"Highlight your natural beauty","publisher":{"@id":"https:\/\/hairdeluxe.ee\/fi\/#organization"},"potentialAction":[{"@type":"SearchAction","target":{"@type":"EntryPoint","urlTemplate":"https:\/\/hairdeluxe.ee\/fi\/?s={search_term_string}"},"query-input":{"@type":"PropertyValueSpecification","valueRequired":true,"valueName":"search_term_string"}}],"inLanguage":"fi"},{"@type":"Organization","@id":"https:\/\/hairdeluxe.ee\/fi\/#organization","name":"Hair Deluxe","url":"https:\/\/hairdeluxe.ee\/fi\/","logo":{"@type":"ImageObject","inLanguage":"fi","@id":"https:\/\/hairdeluxe.ee\/fi\/#\/schema\/logo\/image\/","url":"https:\/\/hairdeluxe.ee\/wp-content\/uploads\/2024\/06\/Hair-Deluxe-Logo-Dark-font.png","contentUrl":"https:\/\/hairdeluxe.ee\/wp-content\/uploads\/2024\/06\/Hair-Deluxe-Logo-Dark-font.png","width":467,"height":177,"caption":"Hair Deluxe"},"image":{"@id":"https:\/\/hairdeluxe.ee\/fi\/#\/schema\/logo\/image\/"},"sameAs":["https:\/\/www.facebook.com\/blowbartallinn","https:\/\/www.instagram.com\/blowbar_tallinn"]}]}},"_links":{"self":[{"href":"https:\/\/hairdeluxe.ee\/fi\/wp-json\/wp\/v2\/product\/39732","targetHints":{"allow":["GET"]}}],"collection":[{"href":"https:\/\/hairdeluxe.ee\/fi\/wp-json\/wp\/v2\/product"}],"about":[{"href":"https:\/\/hairdeluxe.ee\/fi\/wp-json\/wp\/v2\/types\/product"}],"wp:featuredmedia":[{"embeddable":true,"href":"https:\/\/hairdeluxe.ee\/fi\/wp-json\/wp\/v2\/media\/39733"}],"wp:attachment":[{"href":"https:\/\/hairdeluxe.ee\/fi\/wp-json\/wp\/v2\/media?parent=39732"}],"wp:term":[{"taxonomy":"product_brand","embeddable":true,"href":"https:\/\/hairdeluxe.ee\/fi\/wp-json\/wp\/v2\/product_brand?post=39732"},{"taxonomy":"product_cat","embeddable":true,"href":"https:\/\/hairdeluxe.ee\/fi\/wp-json\/wp\/v2\/product_cat?post=39732"},{"taxonomy":"product_tag","embeddable":true,"href":"https:\/\/hairdeluxe.ee\/fi\/wp-json\/wp\/v2\/product_tag?post=39732"}],"curies":[{"name":"wp","href":"https:\/\/api.w.org\/{rel}","templated":true}]}}