{"id":39912,"date":"2021-03-17T15:19:22","date_gmt":"2021-03-17T13:19:22","guid":{"rendered":"https:\/\/blowbar.ee\/toode\/import-placeholder-for-459\/"},"modified":"2025-03-18T19:22:40","modified_gmt":"2025-03-18T19:22:40","slug":"balmain-taaselustav-juuksemask-revitalizing-mask-200-ml","status":"publish","type":"product","link":"https:\/\/hairdeluxe.ee\/fi\/product\/balmain-taaselustav-juuksemask-revitalizing-mask-200-ml\/","title":{"rendered":"BALMAIN HAIR juukseid taaselustav ja niisutav mask \/ Revitalizing Mask 200ml"},"content":{"rendered":"<p><em><strong>Koostis:<\/strong> Aqua, Behenamidopropyl Dimethylamine, Amodimethicone, Argania Spinosa Kernel Oil, Polyquaternium-39, Stearamidopropyl Dimethylamine, Cetrimonium Chloride, Tridecyl Salicylate, Dimethicone Propyl-Pg Betaine, Guar Hydroxypropyltrimonium Chloride, Xantan Gum, Trideceth-10, Hamamelis Virginiana Leaf Extract, Hydrolyzed Wool, Panthenol, Sorbitol, Glycerin, Lecithin, Tocopheryl Acetate, Retinyl Palmitate, Glyceryl Linolenate, Glyceryl Linoleate, Propylene Glycol, Diatomaceous Earth, Lactic Acid, Ethylhexylglycerin, Phenoxyethanol, Parfum.<\/em><\/p>\n<p>&nbsp;<\/p>\n","protected":false},"excerpt":{"rendered":"<p>Intensiivne taastav hooldus kuivadele, kahjustatud ja \u00fclet\u00f6\u00f6deldud juustele. Taasta oma juuste terve v\u00e4ljan\u00e4gemine! Intensiivne hooldav mask on v\u00e4lja t\u00f6\u00f6tatud kuivadele ja kahjustatud juustele. V\u00e4rskendab, niisutab ja taastab juukseid s\u00fcgavuti ning hoiab peanaha miklofloora tasakaalus. Tulemuseks on elastsed, l\u00e4ikivad ning taaselustatud juuksed.<br \/>\nTaaselustava tootesarja tooted on rikastatud parimate olemasolevate koostisosadega, sisaldades endas vitamiine E, F ja P, samuti ka\u0161miiri- ja siidiproteiine.<br \/>\n&#8211; Vitamiin E omab juustele s\u00fcgavuti taaselustavad toimet.<br \/>\n&#8211; Vitamin F hoiab peanaha tervena.<br \/>\n&#8211; Vitamiin P taastab kuiva ja kahjustatud juust, tugevdades juuksekiude ja neid s\u00fcgavuti niisutades.<br \/>\nT\u00e4nu ka\u0161miiri ja siidi koostisosadele tunduvad juuksed siledad ja siidiselt pehmed. Tulemuseks on kaunilt s\u00e4ravad ja terve v\u00e4ljan\u00e4gemisega juuksed.<br \/>\n&#8211; pH 4.0<br \/>\n&#8211; Niisutab intensiivselt kuivi ja kahjustunud juukseid<br \/>\n&#8211; Annab juustele s\u00e4ra ja terve v\u00e4ljan\u00e4gemise<br \/>\n&#8211; Ohutu juuksev\u00e4rvile<br \/>\n&#8211; Tugevdab juuksekiude<br \/>\n&#8211; Parabeeni- ja sulfaadivaba<\/p>\n<p><strong>Kasutamine<\/strong>: Kanda toode r\u00e4tikukuivadele juustele, masseerida \u00f5rnalt juustesse ja lasta m\u00f5juda 5-10 minutit ning loputada seej\u00e4rel hoolikalt. Parima tulemuse saavutamiseks kasutada kord n\u00e4dalas.<\/p>\n<p><a href=\"https:\/\/www.balmainhair.ee\/toode\/balmain-revitalizing-care-kinkekomplekt\/\"><strong>VAATA:<\/strong> Revitalizing Care Set<\/a><\/p>\n<p>Kogus: 200ml<\/p>\n<p>https:\/\/www.youtube.com\/watch?v=QxEZ0pmBCUY<\/p>\n","protected":false},"featured_media":21675,"template":"","meta":[],"product_brand":[464],"product_cat":[266,265,208,281,121,217],"product_tag":[],"class_list":{"0":"post-39912","1":"product","2":"type-product","3":"status-publish","4":"has-post-thumbnail","6":"product_brand-balmain-hair","7":"product_cat-balmain-hair","8":"product_cat-brandid","9":"product_cat-juuksehooldus","10":"product_cat-juukseid-taaselustav-revitilizing","11":"product_cat-koik-tooted","12":"product_cat-maskid-ja-hooldus","14":"first","15":"instock","16":"taxable","17":"shipping-taxable","18":"purchasable","19":"product-type-simple","20":"add-to-wishlist-after_add_to_cart"},"yoast_head":"<!-- This site is optimized with the Yoast SEO plugin v27.4 - https:\/\/yoast.com\/product\/yoast-seo-wordpress\/ -->\n<title>BALMAIN HAIR juukseid taaselustav ja niisutav mask \/ Revitalizing Mask 200ml - Hair Deluxe<\/title>\n<meta name=\"robots\" content=\"index, follow, max-snippet:-1, max-image-preview:large, max-video-preview:-1\" \/>\n<link rel=\"canonical\" href=\"https:\/\/hairdeluxe.ee\/fi\/product\/balmain-taaselustav-juuksemask-revitalizing-mask-200-ml\/\" \/>\n<meta property=\"og:locale\" content=\"fi_FI\" \/>\n<meta property=\"og:type\" content=\"article\" \/>\n<meta property=\"og:title\" content=\"BALMAIN HAIR juukseid taaselustav ja niisutav mask \/ Revitalizing Mask 200ml - Hair Deluxe\" \/>\n<meta property=\"og:description\" content=\"Intensiivne taastav hooldus kuivadele, kahjustatud ja \u00fclet\u00f6\u00f6deldud juustele. Taasta oma juuste terve v\u00e4ljan\u00e4gemine! Intensiivne hooldav mask on v\u00e4lja t\u00f6\u00f6tatud kuivadele ja kahjustatud juustele. V\u00e4rskendab, niisutab ja taastab juukseid s\u00fcgavuti ning hoiab peanaha miklofloora tasakaalus. Tulemuseks on elastsed, l\u00e4ikivad ning taaselustatud juuksed. Taaselustava tootesarja tooted on rikastatud parimate olemasolevate koostisosadega, sisaldades endas vitamiine E, F ja P, samuti ka\u0161miiri- ja siidiproteiine. - Vitamiin E omab juustele s\u00fcgavuti taaselustavad toimet. - Vitamin F hoiab peanaha tervena. - Vitamiin P taastab kuiva ja kahjustatud juust, tugevdades juuksekiude ja neid s\u00fcgavuti niisutades. T\u00e4nu ka\u0161miiri ja siidi koostisosadele tunduvad juuksed siledad ja siidiselt pehmed. Tulemuseks on kaunilt s\u00e4ravad ja terve v\u00e4ljan\u00e4gemisega juuksed. - pH 4.0 - Niisutab intensiivselt kuivi ja kahjustunud juukseid - Annab juustele s\u00e4ra ja terve v\u00e4ljan\u00e4gemise - Ohutu juuksev\u00e4rvile - Tugevdab juuksekiude - Parabeeni- ja sulfaadivaba  Kasutamine: Kanda toode r\u00e4tikukuivadele juustele, masseerida \u00f5rnalt juustesse ja lasta m\u00f5juda 5-10 minutit ning loputada seej\u00e4rel hoolikalt. Parima tulemuse saavutamiseks kasutada kord n\u00e4dalas.  VAATA: Revitalizing Care Set  Kogus: 200ml  https:\/\/www.youtube.com\/watch?v=QxEZ0pmBCUY\" \/>\n<meta property=\"og:url\" content=\"https:\/\/hairdeluxe.ee\/fi\/product\/balmain-taaselustav-juuksemask-revitalizing-mask-200-ml\/\" \/>\n<meta property=\"og:site_name\" content=\"Hair Deluxe\" \/>\n<meta property=\"article:publisher\" content=\"https:\/\/www.facebook.com\/blowbartallinn\" \/>\n<meta property=\"article:modified_time\" content=\"2025-03-18T19:22:40+00:00\" \/>\n<meta property=\"og:image\" content=\"https:\/\/hairdeluxe.ee\/wp-content\/uploads\/2021\/03\/mask.jpg\" \/>\n\t<meta property=\"og:image:width\" content=\"800\" \/>\n\t<meta property=\"og:image:height\" content=\"800\" \/>\n\t<meta property=\"og:image:type\" content=\"image\/jpeg\" \/>\n<meta name=\"twitter:card\" content=\"summary_large_image\" \/>\n<meta name=\"twitter:label1\" content=\"Arvioitu lukuaika\" \/>\n\t<meta name=\"twitter:data1\" content=\"1 minuutti\" \/>\n<script type=\"application\/ld+json\" class=\"yoast-schema-graph\">{\"@context\":\"https:\\\/\\\/schema.org\",\"@graph\":[{\"@type\":\"WebPage\",\"@id\":\"https:\\\/\\\/hairdeluxe.ee\\\/fi\\\/product\\\/balmain-taaselustav-juuksemask-revitalizing-mask-200-ml\\\/\",\"url\":\"https:\\\/\\\/hairdeluxe.ee\\\/fi\\\/product\\\/balmain-taaselustav-juuksemask-revitalizing-mask-200-ml\\\/\",\"name\":\"BALMAIN HAIR juukseid taaselustav ja niisutav mask \\\/ Revitalizing Mask 200ml - Hair Deluxe\",\"isPartOf\":{\"@id\":\"https:\\\/\\\/hairdeluxe.ee\\\/fi\\\/#website\"},\"primaryImageOfPage\":{\"@id\":\"https:\\\/\\\/hairdeluxe.ee\\\/fi\\\/product\\\/balmain-taaselustav-juuksemask-revitalizing-mask-200-ml\\\/#primaryimage\"},\"image\":{\"@id\":\"https:\\\/\\\/hairdeluxe.ee\\\/fi\\\/product\\\/balmain-taaselustav-juuksemask-revitalizing-mask-200-ml\\\/#primaryimage\"},\"thumbnailUrl\":\"https:\\\/\\\/hairdeluxe.ee\\\/wp-content\\\/uploads\\\/2021\\\/03\\\/mask.jpg\",\"datePublished\":\"2021-03-17T13:19:22+00:00\",\"dateModified\":\"2025-03-18T19:22:40+00:00\",\"breadcrumb\":{\"@id\":\"https:\\\/\\\/hairdeluxe.ee\\\/fi\\\/product\\\/balmain-taaselustav-juuksemask-revitalizing-mask-200-ml\\\/#breadcrumb\"},\"inLanguage\":\"fi\",\"potentialAction\":[{\"@type\":\"ReadAction\",\"target\":[\"https:\\\/\\\/hairdeluxe.ee\\\/fi\\\/product\\\/balmain-taaselustav-juuksemask-revitalizing-mask-200-ml\\\/\"]}]},{\"@type\":\"ImageObject\",\"inLanguage\":\"fi\",\"@id\":\"https:\\\/\\\/hairdeluxe.ee\\\/fi\\\/product\\\/balmain-taaselustav-juuksemask-revitalizing-mask-200-ml\\\/#primaryimage\",\"url\":\"https:\\\/\\\/hairdeluxe.ee\\\/wp-content\\\/uploads\\\/2021\\\/03\\\/mask.jpg\",\"contentUrl\":\"https:\\\/\\\/hairdeluxe.ee\\\/wp-content\\\/uploads\\\/2021\\\/03\\\/mask.jpg\",\"width\":800,\"height\":800},{\"@type\":\"BreadcrumbList\",\"@id\":\"https:\\\/\\\/hairdeluxe.ee\\\/fi\\\/product\\\/balmain-taaselustav-juuksemask-revitalizing-mask-200-ml\\\/#breadcrumb\",\"itemListElement\":[{\"@type\":\"ListItem\",\"position\":1,\"name\":\"Home\",\"item\":\"https:\\\/\\\/hairdeluxe.ee\\\/fi\\\/\"},{\"@type\":\"ListItem\",\"position\":2,\"name\":\"Kauppa\",\"item\":\"https:\\\/\\\/hairdeluxe.ee\\\/fi\\\/shop\\\/\"},{\"@type\":\"ListItem\",\"position\":3,\"name\":\"BALMAIN HAIR juukseid taaselustav ja niisutav mask \\\/ Revitalizing Mask 200ml\"}]},{\"@type\":\"WebSite\",\"@id\":\"https:\\\/\\\/hairdeluxe.ee\\\/fi\\\/#website\",\"url\":\"https:\\\/\\\/hairdeluxe.ee\\\/fi\\\/\",\"name\":\"Hair Deluxe\",\"description\":\"Highlight your natural beauty\",\"publisher\":{\"@id\":\"https:\\\/\\\/hairdeluxe.ee\\\/fi\\\/#organization\"},\"potentialAction\":[{\"@type\":\"SearchAction\",\"target\":{\"@type\":\"EntryPoint\",\"urlTemplate\":\"https:\\\/\\\/hairdeluxe.ee\\\/fi\\\/?s={search_term_string}\"},\"query-input\":{\"@type\":\"PropertyValueSpecification\",\"valueRequired\":true,\"valueName\":\"search_term_string\"}}],\"inLanguage\":\"fi\"},{\"@type\":\"Organization\",\"@id\":\"https:\\\/\\\/hairdeluxe.ee\\\/fi\\\/#organization\",\"name\":\"Hair Deluxe\",\"url\":\"https:\\\/\\\/hairdeluxe.ee\\\/fi\\\/\",\"logo\":{\"@type\":\"ImageObject\",\"inLanguage\":\"fi\",\"@id\":\"https:\\\/\\\/hairdeluxe.ee\\\/fi\\\/#\\\/schema\\\/logo\\\/image\\\/\",\"url\":\"https:\\\/\\\/hairdeluxe.ee\\\/wp-content\\\/uploads\\\/2024\\\/06\\\/Hair-Deluxe-Logo-Dark-font.png\",\"contentUrl\":\"https:\\\/\\\/hairdeluxe.ee\\\/wp-content\\\/uploads\\\/2024\\\/06\\\/Hair-Deluxe-Logo-Dark-font.png\",\"width\":467,\"height\":177,\"caption\":\"Hair Deluxe\"},\"image\":{\"@id\":\"https:\\\/\\\/hairdeluxe.ee\\\/fi\\\/#\\\/schema\\\/logo\\\/image\\\/\"},\"sameAs\":[\"https:\\\/\\\/www.facebook.com\\\/blowbartallinn\",\"https:\\\/\\\/www.instagram.com\\\/blowbar_tallinn\"]}]}<\/script>\n<!-- \/ Yoast SEO plugin. -->","yoast_head_json":{"title":"BALMAIN HAIR juukseid taaselustav ja niisutav mask \/ Revitalizing Mask 200ml - Hair Deluxe","robots":{"index":"index","follow":"follow","max-snippet":"max-snippet:-1","max-image-preview":"max-image-preview:large","max-video-preview":"max-video-preview:-1"},"canonical":"https:\/\/hairdeluxe.ee\/fi\/product\/balmain-taaselustav-juuksemask-revitalizing-mask-200-ml\/","og_locale":"fi_FI","og_type":"article","og_title":"BALMAIN HAIR juukseid taaselustav ja niisutav mask \/ Revitalizing Mask 200ml - Hair Deluxe","og_description":"Intensiivne taastav hooldus kuivadele, kahjustatud ja \u00fclet\u00f6\u00f6deldud juustele. Taasta oma juuste terve v\u00e4ljan\u00e4gemine! Intensiivne hooldav mask on v\u00e4lja t\u00f6\u00f6tatud kuivadele ja kahjustatud juustele. V\u00e4rskendab, niisutab ja taastab juukseid s\u00fcgavuti ning hoiab peanaha miklofloora tasakaalus. Tulemuseks on elastsed, l\u00e4ikivad ning taaselustatud juuksed. Taaselustava tootesarja tooted on rikastatud parimate olemasolevate koostisosadega, sisaldades endas vitamiine E, F ja P, samuti ka\u0161miiri- ja siidiproteiine. - Vitamiin E omab juustele s\u00fcgavuti taaselustavad toimet. - Vitamin F hoiab peanaha tervena. - Vitamiin P taastab kuiva ja kahjustatud juust, tugevdades juuksekiude ja neid s\u00fcgavuti niisutades. T\u00e4nu ka\u0161miiri ja siidi koostisosadele tunduvad juuksed siledad ja siidiselt pehmed. Tulemuseks on kaunilt s\u00e4ravad ja terve v\u00e4ljan\u00e4gemisega juuksed. - pH 4.0 - Niisutab intensiivselt kuivi ja kahjustunud juukseid - Annab juustele s\u00e4ra ja terve v\u00e4ljan\u00e4gemise - Ohutu juuksev\u00e4rvile - Tugevdab juuksekiude - Parabeeni- ja sulfaadivaba  Kasutamine: Kanda toode r\u00e4tikukuivadele juustele, masseerida \u00f5rnalt juustesse ja lasta m\u00f5juda 5-10 minutit ning loputada seej\u00e4rel hoolikalt. Parima tulemuse saavutamiseks kasutada kord n\u00e4dalas.  VAATA: Revitalizing Care Set  Kogus: 200ml  https:\/\/www.youtube.com\/watch?v=QxEZ0pmBCUY","og_url":"https:\/\/hairdeluxe.ee\/fi\/product\/balmain-taaselustav-juuksemask-revitalizing-mask-200-ml\/","og_site_name":"Hair Deluxe","article_publisher":"https:\/\/www.facebook.com\/blowbartallinn","article_modified_time":"2025-03-18T19:22:40+00:00","og_image":[{"width":800,"height":800,"url":"https:\/\/hairdeluxe.ee\/wp-content\/uploads\/2021\/03\/mask.jpg","type":"image\/jpeg"}],"twitter_card":"summary_large_image","twitter_misc":{"Arvioitu lukuaika":"1 minuutti"},"schema":{"@context":"https:\/\/schema.org","@graph":[{"@type":"WebPage","@id":"https:\/\/hairdeluxe.ee\/fi\/product\/balmain-taaselustav-juuksemask-revitalizing-mask-200-ml\/","url":"https:\/\/hairdeluxe.ee\/fi\/product\/balmain-taaselustav-juuksemask-revitalizing-mask-200-ml\/","name":"BALMAIN HAIR juukseid taaselustav ja niisutav mask \/ Revitalizing Mask 200ml - Hair Deluxe","isPartOf":{"@id":"https:\/\/hairdeluxe.ee\/fi\/#website"},"primaryImageOfPage":{"@id":"https:\/\/hairdeluxe.ee\/fi\/product\/balmain-taaselustav-juuksemask-revitalizing-mask-200-ml\/#primaryimage"},"image":{"@id":"https:\/\/hairdeluxe.ee\/fi\/product\/balmain-taaselustav-juuksemask-revitalizing-mask-200-ml\/#primaryimage"},"thumbnailUrl":"https:\/\/hairdeluxe.ee\/wp-content\/uploads\/2021\/03\/mask.jpg","datePublished":"2021-03-17T13:19:22+00:00","dateModified":"2025-03-18T19:22:40+00:00","breadcrumb":{"@id":"https:\/\/hairdeluxe.ee\/fi\/product\/balmain-taaselustav-juuksemask-revitalizing-mask-200-ml\/#breadcrumb"},"inLanguage":"fi","potentialAction":[{"@type":"ReadAction","target":["https:\/\/hairdeluxe.ee\/fi\/product\/balmain-taaselustav-juuksemask-revitalizing-mask-200-ml\/"]}]},{"@type":"ImageObject","inLanguage":"fi","@id":"https:\/\/hairdeluxe.ee\/fi\/product\/balmain-taaselustav-juuksemask-revitalizing-mask-200-ml\/#primaryimage","url":"https:\/\/hairdeluxe.ee\/wp-content\/uploads\/2021\/03\/mask.jpg","contentUrl":"https:\/\/hairdeluxe.ee\/wp-content\/uploads\/2021\/03\/mask.jpg","width":800,"height":800},{"@type":"BreadcrumbList","@id":"https:\/\/hairdeluxe.ee\/fi\/product\/balmain-taaselustav-juuksemask-revitalizing-mask-200-ml\/#breadcrumb","itemListElement":[{"@type":"ListItem","position":1,"name":"Home","item":"https:\/\/hairdeluxe.ee\/fi\/"},{"@type":"ListItem","position":2,"name":"Kauppa","item":"https:\/\/hairdeluxe.ee\/fi\/shop\/"},{"@type":"ListItem","position":3,"name":"BALMAIN HAIR juukseid taaselustav ja niisutav mask \/ Revitalizing Mask 200ml"}]},{"@type":"WebSite","@id":"https:\/\/hairdeluxe.ee\/fi\/#website","url":"https:\/\/hairdeluxe.ee\/fi\/","name":"Hair Deluxe","description":"Highlight your natural beauty","publisher":{"@id":"https:\/\/hairdeluxe.ee\/fi\/#organization"},"potentialAction":[{"@type":"SearchAction","target":{"@type":"EntryPoint","urlTemplate":"https:\/\/hairdeluxe.ee\/fi\/?s={search_term_string}"},"query-input":{"@type":"PropertyValueSpecification","valueRequired":true,"valueName":"search_term_string"}}],"inLanguage":"fi"},{"@type":"Organization","@id":"https:\/\/hairdeluxe.ee\/fi\/#organization","name":"Hair Deluxe","url":"https:\/\/hairdeluxe.ee\/fi\/","logo":{"@type":"ImageObject","inLanguage":"fi","@id":"https:\/\/hairdeluxe.ee\/fi\/#\/schema\/logo\/image\/","url":"https:\/\/hairdeluxe.ee\/wp-content\/uploads\/2024\/06\/Hair-Deluxe-Logo-Dark-font.png","contentUrl":"https:\/\/hairdeluxe.ee\/wp-content\/uploads\/2024\/06\/Hair-Deluxe-Logo-Dark-font.png","width":467,"height":177,"caption":"Hair Deluxe"},"image":{"@id":"https:\/\/hairdeluxe.ee\/fi\/#\/schema\/logo\/image\/"},"sameAs":["https:\/\/www.facebook.com\/blowbartallinn","https:\/\/www.instagram.com\/blowbar_tallinn"]}]}},"_links":{"self":[{"href":"https:\/\/hairdeluxe.ee\/fi\/wp-json\/wp\/v2\/product\/39912","targetHints":{"allow":["GET"]}}],"collection":[{"href":"https:\/\/hairdeluxe.ee\/fi\/wp-json\/wp\/v2\/product"}],"about":[{"href":"https:\/\/hairdeluxe.ee\/fi\/wp-json\/wp\/v2\/types\/product"}],"wp:featuredmedia":[{"embeddable":true,"href":"https:\/\/hairdeluxe.ee\/fi\/wp-json\/wp\/v2\/media\/21675"}],"wp:attachment":[{"href":"https:\/\/hairdeluxe.ee\/fi\/wp-json\/wp\/v2\/media?parent=39912"}],"wp:term":[{"taxonomy":"product_brand","embeddable":true,"href":"https:\/\/hairdeluxe.ee\/fi\/wp-json\/wp\/v2\/product_brand?post=39912"},{"taxonomy":"product_cat","embeddable":true,"href":"https:\/\/hairdeluxe.ee\/fi\/wp-json\/wp\/v2\/product_cat?post=39912"},{"taxonomy":"product_tag","embeddable":true,"href":"https:\/\/hairdeluxe.ee\/fi\/wp-json\/wp\/v2\/product_tag?post=39912"}],"curies":[{"name":"wp","href":"https:\/\/api.w.org\/{rel}","templated":true}]}}