{"id":39949,"date":"2024-02-03T09:38:39","date_gmt":"2024-02-03T07:38:39","guid":{"rendered":"https:\/\/blowbar.ee\/?post_type=product&#038;p=35431"},"modified":"2025-03-18T19:22:29","modified_gmt":"2025-03-18T19:22:29","slug":"balmain-palsam-juuksepikendustega-juustele-professional-aftercare-conditioner-250ml-2-2","status":"publish","type":"product","link":"https:\/\/hairdeluxe.ee\/fi\/product\/balmain-palsam-juuksepikendustega-juustele-professional-aftercare-conditioner-250ml-2-2\/","title":{"rendered":"BALMAIN HAIR palsam juuksepikendustega juustele \/ Professional Aftercare Conditioner 250ml"},"content":{"rendered":"<div class=\"column\">\n<p><em><strong>Koostis:<\/strong> Water, cetearyl alcohol, ceteareth-20, behentrimonium chloride, hydrolyzed wheat protein, cyclopentasiloxane, stearamidopropyl dimethylamine, glycerin, hydrogenated sweet almond oil, perfume, phenoxyethanol, potassium sorbate, citric acid, ci 42090, ci 19140.<\/em><\/p>\n<\/div>\n<div class=\"column\"><\/div>\n","protected":false},"excerpt":{"rendered":"<p>Juuksepikenduste ja loomulike juuste ideaalses korras hoidmiseks on professionaalsete j\u00e4relhooldustoodete kasutamine v\u00e4ga oluline.<br \/>\nProfessionaalne j\u00e4relhoolduspalsam on spetsiaalselt loodud loomulike juuste ja pikendustega juuste eest hoolitsemiseks.\u00a0Toitev palsam taastab, niisutab ja annab juustele siidise viimistluse.<br \/>\nProfessionaalne j\u00e4relhoolduspalsam kinnitab k\u00f5ikidele juuksehooldustoodetele 6-kuulise garantii.<br \/>\nKeratiini ja magusmandli\u00f5liga rikastatud toitev palsam toidab ja taastab juuste loomuliku niiskustasakaalu.<br \/>\nPalsam pikendab juuksepikenduste eluiga ja j\u00f5udlust ning on j\u00e4relhooldusrutiini asendamatu osa.<br \/>\n&#8211; Igap\u00e4evane palsam pikendustega juustele<br \/>\n&#8211; Toidab juukseid ja harutab lahti pusad<br \/>\n&#8211; Annab k\u00f5ikidele Human Hair toodetele 6-kuulise kvaliteedigarantii<\/p>\n<p><strong>Kasutamine:<\/strong> Kandke r\u00e4tikukuivadele juustele, masseerige \u00f5rnalt ja loputage 3 minuti p\u00e4rast hoolikalt v\u00e4lja.<\/p>\n<p><strong>Nipp:<\/strong> Kasutage p\u00e4rast Professional Aftercare Maski professionaalset j\u00e4relhoolduspalsamit, et lukustada juustesse k\u00f5ik maski koostisosad.<\/p>\n<p>Kogus: 250ml<\/p>\n","protected":false},"featured_media":35594,"template":"","meta":[],"product_brand":[464],"product_cat":[266,265,208,126,121,218,155,158,223,192],"product_tag":[],"class_list":{"0":"post-39949","1":"product","2":"type-product","3":"status-publish","4":"has-post-thumbnail","6":"product_brand-balmain-hair","7":"product_cat-balmain-hair","8":"product_cat-brandid","9":"product_cat-juuksehooldus","10":"product_cat-juuksepikendused","11":"product_cat-koik-tooted","12":"product_cat-palsamid","13":"product_cat-pikenduste-jarelehoolitsus","14":"product_cat-populaarsed","15":"product_cat-pusadevastane","16":"product_cat-uued-tooted","18":"first","19":"instock","20":"taxable","21":"shipping-taxable","22":"purchasable","23":"product-type-simple","24":"add-to-wishlist-after_add_to_cart"},"yoast_head":"<!-- This site is optimized with the Yoast SEO plugin v27.4 - https:\/\/yoast.com\/product\/yoast-seo-wordpress\/ -->\n<title>BALMAIN HAIR palsam juuksepikendustega juustele \/ Professional Aftercare Conditioner 250ml - Hair Deluxe<\/title>\n<meta name=\"robots\" content=\"index, follow, max-snippet:-1, max-image-preview:large, max-video-preview:-1\" \/>\n<link rel=\"canonical\" href=\"https:\/\/hairdeluxe.ee\/fi\/product\/balmain-palsam-juuksepikendustega-juustele-professional-aftercare-conditioner-250ml-2-2\/\" \/>\n<meta property=\"og:locale\" content=\"fi_FI\" \/>\n<meta property=\"og:type\" content=\"article\" \/>\n<meta property=\"og:title\" content=\"BALMAIN HAIR palsam juuksepikendustega juustele \/ Professional Aftercare Conditioner 250ml - Hair Deluxe\" \/>\n<meta property=\"og:description\" content=\"Juuksepikenduste ja loomulike juuste ideaalses korras hoidmiseks on professionaalsete j\u00e4relhooldustoodete kasutamine v\u00e4ga oluline. Professionaalne j\u00e4relhoolduspalsam on spetsiaalselt loodud loomulike juuste ja pikendustega juuste eest hoolitsemiseks.\u00a0Toitev palsam taastab, niisutab ja annab juustele siidise viimistluse. Professionaalne j\u00e4relhoolduspalsam kinnitab k\u00f5ikidele juuksehooldustoodetele 6-kuulise garantii. Keratiini ja magusmandli\u00f5liga rikastatud toitev palsam toidab ja taastab juuste loomuliku niiskustasakaalu. Palsam pikendab juuksepikenduste eluiga ja j\u00f5udlust ning on j\u00e4relhooldusrutiini asendamatu osa. - Igap\u00e4evane palsam pikendustega juustele - Toidab juukseid ja harutab lahti pusad - Annab k\u00f5ikidele Human Hair toodetele 6-kuulise kvaliteedigarantii  Kasutamine: Kandke r\u00e4tikukuivadele juustele, masseerige \u00f5rnalt ja loputage 3 minuti p\u00e4rast hoolikalt v\u00e4lja.  Nipp: Kasutage p\u00e4rast Professional Aftercare Maski professionaalset j\u00e4relhoolduspalsamit, et lukustada juustesse k\u00f5ik maski koostisosad.  Kogus: 250ml\" \/>\n<meta property=\"og:url\" content=\"https:\/\/hairdeluxe.ee\/fi\/product\/balmain-palsam-juuksepikendustega-juustele-professional-aftercare-conditioner-250ml-2-2\/\" \/>\n<meta property=\"og:site_name\" content=\"Hair Deluxe\" \/>\n<meta property=\"article:publisher\" content=\"https:\/\/www.facebook.com\/blowbartallinn\" \/>\n<meta property=\"article:modified_time\" content=\"2025-03-18T19:22:29+00:00\" \/>\n<meta property=\"og:image\" content=\"https:\/\/hairdeluxe.ee\/wp-content\/uploads\/2024\/02\/nsmail-40.jpg\" \/>\n\t<meta property=\"og:image:width\" content=\"1185\" \/>\n\t<meta property=\"og:image:height\" content=\"1500\" \/>\n\t<meta property=\"og:image:type\" content=\"image\/jpeg\" \/>\n<meta name=\"twitter:card\" content=\"summary_large_image\" \/>\n<script type=\"application\/ld+json\" class=\"yoast-schema-graph\">{\"@context\":\"https:\\\/\\\/schema.org\",\"@graph\":[{\"@type\":\"WebPage\",\"@id\":\"https:\\\/\\\/hairdeluxe.ee\\\/fi\\\/product\\\/balmain-palsam-juuksepikendustega-juustele-professional-aftercare-conditioner-250ml-2-2\\\/\",\"url\":\"https:\\\/\\\/hairdeluxe.ee\\\/fi\\\/product\\\/balmain-palsam-juuksepikendustega-juustele-professional-aftercare-conditioner-250ml-2-2\\\/\",\"name\":\"BALMAIN HAIR palsam juuksepikendustega juustele \\\/ Professional Aftercare Conditioner 250ml - Hair Deluxe\",\"isPartOf\":{\"@id\":\"https:\\\/\\\/hairdeluxe.ee\\\/fi\\\/#website\"},\"primaryImageOfPage\":{\"@id\":\"https:\\\/\\\/hairdeluxe.ee\\\/fi\\\/product\\\/balmain-palsam-juuksepikendustega-juustele-professional-aftercare-conditioner-250ml-2-2\\\/#primaryimage\"},\"image\":{\"@id\":\"https:\\\/\\\/hairdeluxe.ee\\\/fi\\\/product\\\/balmain-palsam-juuksepikendustega-juustele-professional-aftercare-conditioner-250ml-2-2\\\/#primaryimage\"},\"thumbnailUrl\":\"https:\\\/\\\/hairdeluxe.ee\\\/wp-content\\\/uploads\\\/2024\\\/02\\\/nsmail-40.jpg\",\"datePublished\":\"2024-02-03T07:38:39+00:00\",\"dateModified\":\"2025-03-18T19:22:29+00:00\",\"breadcrumb\":{\"@id\":\"https:\\\/\\\/hairdeluxe.ee\\\/fi\\\/product\\\/balmain-palsam-juuksepikendustega-juustele-professional-aftercare-conditioner-250ml-2-2\\\/#breadcrumb\"},\"inLanguage\":\"fi\",\"potentialAction\":[{\"@type\":\"ReadAction\",\"target\":[\"https:\\\/\\\/hairdeluxe.ee\\\/fi\\\/product\\\/balmain-palsam-juuksepikendustega-juustele-professional-aftercare-conditioner-250ml-2-2\\\/\"]}]},{\"@type\":\"ImageObject\",\"inLanguage\":\"fi\",\"@id\":\"https:\\\/\\\/hairdeluxe.ee\\\/fi\\\/product\\\/balmain-palsam-juuksepikendustega-juustele-professional-aftercare-conditioner-250ml-2-2\\\/#primaryimage\",\"url\":\"https:\\\/\\\/hairdeluxe.ee\\\/wp-content\\\/uploads\\\/2024\\\/02\\\/nsmail-40.jpg\",\"contentUrl\":\"https:\\\/\\\/hairdeluxe.ee\\\/wp-content\\\/uploads\\\/2024\\\/02\\\/nsmail-40.jpg\",\"width\":1185,\"height\":1500},{\"@type\":\"BreadcrumbList\",\"@id\":\"https:\\\/\\\/hairdeluxe.ee\\\/fi\\\/product\\\/balmain-palsam-juuksepikendustega-juustele-professional-aftercare-conditioner-250ml-2-2\\\/#breadcrumb\",\"itemListElement\":[{\"@type\":\"ListItem\",\"position\":1,\"name\":\"Home\",\"item\":\"https:\\\/\\\/hairdeluxe.ee\\\/fi\\\/\"},{\"@type\":\"ListItem\",\"position\":2,\"name\":\"Kauppa\",\"item\":\"https:\\\/\\\/hairdeluxe.ee\\\/fi\\\/shop\\\/\"},{\"@type\":\"ListItem\",\"position\":3,\"name\":\"BALMAIN HAIR palsam juuksepikendustega juustele \\\/ Professional Aftercare Conditioner 250ml\"}]},{\"@type\":\"WebSite\",\"@id\":\"https:\\\/\\\/hairdeluxe.ee\\\/fi\\\/#website\",\"url\":\"https:\\\/\\\/hairdeluxe.ee\\\/fi\\\/\",\"name\":\"Hair Deluxe\",\"description\":\"Highlight your natural beauty\",\"publisher\":{\"@id\":\"https:\\\/\\\/hairdeluxe.ee\\\/fi\\\/#organization\"},\"potentialAction\":[{\"@type\":\"SearchAction\",\"target\":{\"@type\":\"EntryPoint\",\"urlTemplate\":\"https:\\\/\\\/hairdeluxe.ee\\\/fi\\\/?s={search_term_string}\"},\"query-input\":{\"@type\":\"PropertyValueSpecification\",\"valueRequired\":true,\"valueName\":\"search_term_string\"}}],\"inLanguage\":\"fi\"},{\"@type\":\"Organization\",\"@id\":\"https:\\\/\\\/hairdeluxe.ee\\\/fi\\\/#organization\",\"name\":\"Hair Deluxe\",\"url\":\"https:\\\/\\\/hairdeluxe.ee\\\/fi\\\/\",\"logo\":{\"@type\":\"ImageObject\",\"inLanguage\":\"fi\",\"@id\":\"https:\\\/\\\/hairdeluxe.ee\\\/fi\\\/#\\\/schema\\\/logo\\\/image\\\/\",\"url\":\"https:\\\/\\\/hairdeluxe.ee\\\/wp-content\\\/uploads\\\/2024\\\/06\\\/Hair-Deluxe-Logo-Dark-font.png\",\"contentUrl\":\"https:\\\/\\\/hairdeluxe.ee\\\/wp-content\\\/uploads\\\/2024\\\/06\\\/Hair-Deluxe-Logo-Dark-font.png\",\"width\":467,\"height\":177,\"caption\":\"Hair Deluxe\"},\"image\":{\"@id\":\"https:\\\/\\\/hairdeluxe.ee\\\/fi\\\/#\\\/schema\\\/logo\\\/image\\\/\"},\"sameAs\":[\"https:\\\/\\\/www.facebook.com\\\/blowbartallinn\",\"https:\\\/\\\/www.instagram.com\\\/blowbar_tallinn\"]}]}<\/script>\n<!-- \/ Yoast SEO plugin. -->","yoast_head_json":{"title":"BALMAIN HAIR palsam juuksepikendustega juustele \/ Professional Aftercare Conditioner 250ml - Hair Deluxe","robots":{"index":"index","follow":"follow","max-snippet":"max-snippet:-1","max-image-preview":"max-image-preview:large","max-video-preview":"max-video-preview:-1"},"canonical":"https:\/\/hairdeluxe.ee\/fi\/product\/balmain-palsam-juuksepikendustega-juustele-professional-aftercare-conditioner-250ml-2-2\/","og_locale":"fi_FI","og_type":"article","og_title":"BALMAIN HAIR palsam juuksepikendustega juustele \/ Professional Aftercare Conditioner 250ml - Hair Deluxe","og_description":"Juuksepikenduste ja loomulike juuste ideaalses korras hoidmiseks on professionaalsete j\u00e4relhooldustoodete kasutamine v\u00e4ga oluline. Professionaalne j\u00e4relhoolduspalsam on spetsiaalselt loodud loomulike juuste ja pikendustega juuste eest hoolitsemiseks.\u00a0Toitev palsam taastab, niisutab ja annab juustele siidise viimistluse. Professionaalne j\u00e4relhoolduspalsam kinnitab k\u00f5ikidele juuksehooldustoodetele 6-kuulise garantii. Keratiini ja magusmandli\u00f5liga rikastatud toitev palsam toidab ja taastab juuste loomuliku niiskustasakaalu. Palsam pikendab juuksepikenduste eluiga ja j\u00f5udlust ning on j\u00e4relhooldusrutiini asendamatu osa. - Igap\u00e4evane palsam pikendustega juustele - Toidab juukseid ja harutab lahti pusad - Annab k\u00f5ikidele Human Hair toodetele 6-kuulise kvaliteedigarantii  Kasutamine: Kandke r\u00e4tikukuivadele juustele, masseerige \u00f5rnalt ja loputage 3 minuti p\u00e4rast hoolikalt v\u00e4lja.  Nipp: Kasutage p\u00e4rast Professional Aftercare Maski professionaalset j\u00e4relhoolduspalsamit, et lukustada juustesse k\u00f5ik maski koostisosad.  Kogus: 250ml","og_url":"https:\/\/hairdeluxe.ee\/fi\/product\/balmain-palsam-juuksepikendustega-juustele-professional-aftercare-conditioner-250ml-2-2\/","og_site_name":"Hair Deluxe","article_publisher":"https:\/\/www.facebook.com\/blowbartallinn","article_modified_time":"2025-03-18T19:22:29+00:00","og_image":[{"width":1185,"height":1500,"url":"https:\/\/hairdeluxe.ee\/wp-content\/uploads\/2024\/02\/nsmail-40.jpg","type":"image\/jpeg"}],"twitter_card":"summary_large_image","schema":{"@context":"https:\/\/schema.org","@graph":[{"@type":"WebPage","@id":"https:\/\/hairdeluxe.ee\/fi\/product\/balmain-palsam-juuksepikendustega-juustele-professional-aftercare-conditioner-250ml-2-2\/","url":"https:\/\/hairdeluxe.ee\/fi\/product\/balmain-palsam-juuksepikendustega-juustele-professional-aftercare-conditioner-250ml-2-2\/","name":"BALMAIN HAIR palsam juuksepikendustega juustele \/ Professional Aftercare Conditioner 250ml - Hair Deluxe","isPartOf":{"@id":"https:\/\/hairdeluxe.ee\/fi\/#website"},"primaryImageOfPage":{"@id":"https:\/\/hairdeluxe.ee\/fi\/product\/balmain-palsam-juuksepikendustega-juustele-professional-aftercare-conditioner-250ml-2-2\/#primaryimage"},"image":{"@id":"https:\/\/hairdeluxe.ee\/fi\/product\/balmain-palsam-juuksepikendustega-juustele-professional-aftercare-conditioner-250ml-2-2\/#primaryimage"},"thumbnailUrl":"https:\/\/hairdeluxe.ee\/wp-content\/uploads\/2024\/02\/nsmail-40.jpg","datePublished":"2024-02-03T07:38:39+00:00","dateModified":"2025-03-18T19:22:29+00:00","breadcrumb":{"@id":"https:\/\/hairdeluxe.ee\/fi\/product\/balmain-palsam-juuksepikendustega-juustele-professional-aftercare-conditioner-250ml-2-2\/#breadcrumb"},"inLanguage":"fi","potentialAction":[{"@type":"ReadAction","target":["https:\/\/hairdeluxe.ee\/fi\/product\/balmain-palsam-juuksepikendustega-juustele-professional-aftercare-conditioner-250ml-2-2\/"]}]},{"@type":"ImageObject","inLanguage":"fi","@id":"https:\/\/hairdeluxe.ee\/fi\/product\/balmain-palsam-juuksepikendustega-juustele-professional-aftercare-conditioner-250ml-2-2\/#primaryimage","url":"https:\/\/hairdeluxe.ee\/wp-content\/uploads\/2024\/02\/nsmail-40.jpg","contentUrl":"https:\/\/hairdeluxe.ee\/wp-content\/uploads\/2024\/02\/nsmail-40.jpg","width":1185,"height":1500},{"@type":"BreadcrumbList","@id":"https:\/\/hairdeluxe.ee\/fi\/product\/balmain-palsam-juuksepikendustega-juustele-professional-aftercare-conditioner-250ml-2-2\/#breadcrumb","itemListElement":[{"@type":"ListItem","position":1,"name":"Home","item":"https:\/\/hairdeluxe.ee\/fi\/"},{"@type":"ListItem","position":2,"name":"Kauppa","item":"https:\/\/hairdeluxe.ee\/fi\/shop\/"},{"@type":"ListItem","position":3,"name":"BALMAIN HAIR palsam juuksepikendustega juustele \/ Professional Aftercare Conditioner 250ml"}]},{"@type":"WebSite","@id":"https:\/\/hairdeluxe.ee\/fi\/#website","url":"https:\/\/hairdeluxe.ee\/fi\/","name":"Hair Deluxe","description":"Highlight your natural beauty","publisher":{"@id":"https:\/\/hairdeluxe.ee\/fi\/#organization"},"potentialAction":[{"@type":"SearchAction","target":{"@type":"EntryPoint","urlTemplate":"https:\/\/hairdeluxe.ee\/fi\/?s={search_term_string}"},"query-input":{"@type":"PropertyValueSpecification","valueRequired":true,"valueName":"search_term_string"}}],"inLanguage":"fi"},{"@type":"Organization","@id":"https:\/\/hairdeluxe.ee\/fi\/#organization","name":"Hair Deluxe","url":"https:\/\/hairdeluxe.ee\/fi\/","logo":{"@type":"ImageObject","inLanguage":"fi","@id":"https:\/\/hairdeluxe.ee\/fi\/#\/schema\/logo\/image\/","url":"https:\/\/hairdeluxe.ee\/wp-content\/uploads\/2024\/06\/Hair-Deluxe-Logo-Dark-font.png","contentUrl":"https:\/\/hairdeluxe.ee\/wp-content\/uploads\/2024\/06\/Hair-Deluxe-Logo-Dark-font.png","width":467,"height":177,"caption":"Hair Deluxe"},"image":{"@id":"https:\/\/hairdeluxe.ee\/fi\/#\/schema\/logo\/image\/"},"sameAs":["https:\/\/www.facebook.com\/blowbartallinn","https:\/\/www.instagram.com\/blowbar_tallinn"]}]}},"_links":{"self":[{"href":"https:\/\/hairdeluxe.ee\/fi\/wp-json\/wp\/v2\/product\/39949","targetHints":{"allow":["GET"]}}],"collection":[{"href":"https:\/\/hairdeluxe.ee\/fi\/wp-json\/wp\/v2\/product"}],"about":[{"href":"https:\/\/hairdeluxe.ee\/fi\/wp-json\/wp\/v2\/types\/product"}],"wp:featuredmedia":[{"embeddable":true,"href":"https:\/\/hairdeluxe.ee\/fi\/wp-json\/wp\/v2\/media\/35594"}],"wp:attachment":[{"href":"https:\/\/hairdeluxe.ee\/fi\/wp-json\/wp\/v2\/media?parent=39949"}],"wp:term":[{"taxonomy":"product_brand","embeddable":true,"href":"https:\/\/hairdeluxe.ee\/fi\/wp-json\/wp\/v2\/product_brand?post=39949"},{"taxonomy":"product_cat","embeddable":true,"href":"https:\/\/hairdeluxe.ee\/fi\/wp-json\/wp\/v2\/product_cat?post=39949"},{"taxonomy":"product_tag","embeddable":true,"href":"https:\/\/hairdeluxe.ee\/fi\/wp-json\/wp\/v2\/product_tag?post=39949"}],"curies":[{"name":"wp","href":"https:\/\/api.w.org\/{rel}","templated":true}]}}