{"id":39951,"date":"2024-02-03T09:38:56","date_gmt":"2024-02-03T07:38:56","guid":{"rendered":"https:\/\/blowbar.ee\/toode\/balmain-hair-blondide-juuste-hoolduskomplekt-blonde-gift-set\/"},"modified":"2025-03-18T19:22:28","modified_gmt":"2025-03-18T19:22:28","slug":"balmain-blondide-juuste-hoolduskomplekt-blonde-gift-set-2","status":"publish","type":"product","link":"https:\/\/hairdeluxe.ee\/fi\/product\/balmain-blondide-juuste-hoolduskomplekt-blonde-gift-set-2\/","title":{"rendered":"BALMAIN HAIR blondide juuste hoolduskomplekt \/ Blonde Gift Set"},"content":{"rendered":"<p><strong>Balmain Hair Illuminating White Pearl Shampoo 300ml<br \/>\n<\/strong><em><strong>Koostis:\u00a0<\/strong><\/em><em>Aqua, MEA-Lauryl Sulfate, PEG-18 Glyceryl Oleate\/Cocoate, Cocamidopropylamine Oxide, Glycerin, Butylene Glycol, PEG-4 Rapeseedamide, PEG-7 Glyceryl Cocoate, Polyquaternium-44, Glycol Distearate, Glycereth-2 Cocoate, Sodium Laureth Sulfate, Tetrasodium EDTA, Benzophenone-4, Ethylhexylglycerin, Sodium Benzoate, Phenoxyethanol, Iodopropynyl Butylcarbamate, Citric Acid, Parfum, CI 60730, Basic Violet 16.<\/em><\/p>\n<p><strong>Balmain Hair Ash Toner 200ml<br \/>\n<\/strong><em><strong>Koostis:\u00a0<\/strong>Aqua, Peg-7 Glyceryl Cocoate, Glycerin, Argania Spinosa Kernel Extract, Silk Amino Acids, Panthenol, Stearamidopropyl Dimethylamine, Cetrimonium Chloride, Ethylhexyl Methoxycinnamate, , Alcohol Denat., Benzophenone-4, Butylene Glycol, Parfum, Lactic Acid, Phenoxyethanol, Ethylhexylglycerin, Basic Blue 99, Basic Red 51, Benzoic Acid.<\/em><\/p>\n<p><strong>Balmain Hair\u00a0Illuminating Mask White Pearl 200ml<br \/>\n<\/strong><em><b>Koostis:\u00a0<\/b>Aqua, Cetearyl Alcohol, Behentrimonium Chloride, Glycerin, PPG-3 Myristyl Ether, Betaine, Dimethicone, Propylene Glycol, Argania Spinosa Kernel Oil, PCA Dimethicone Crosspolymer, Hydrolyzed Keratin, Silk Amino Acids, Helianthus Annuus Seed Oil, Macadamia Ternifolia Seed Oil, Cocos Nucifera Oil, Glycine Soja Oil, Gardenia Tahitensis Flower Extract, Rosmarinus Officinalis Leaf Extract, Chenopodium Quinoa Seed Extract,\u00a0Tocopherol, Polysilicone-19, Polyacrylamidopropyltrimonium Chloride, Dipalmitoylethyl Hydroxyethylmonium Methosulfate, Linoleamidopropyl PG-Dimonium Chloride Phosphate Dimethicone, Panthenol, Quaternium-91, Cetrimonium Methosulfate, Ethylhexyl\u00a0Methoxycinnamate, Ceteareth-20, Dipropylene Glycol, Pantolactone, Basic Red 76, Basic Red 51, Basic Blue 99, Quaternium-80, Butylene Glycol, Parfum, Benzyl Alcohol, Caprylyl Glycol, Hexylene Glycol, Polysorbate 20, Isopropyl Alcohol, Benzoic Acid, Phenoxyethanol, Ethylhexylglycerin, Succinic Acid, Citric Acid, Sorbic Acid, Dehydroacetic Acid<\/em><\/p>\n","protected":false},"excerpt":{"rendered":"<p>Kevad\/suve 2022 a. piiratud v\u00e4ljaandes komplekt blondidele juustele \u00fchendab Balmain Hair Illuminating sarja \u0161ampoonid ja maskid koos Ash Toner\u00b4ga k\u00f5ik-\u00fches komplektiks, et saavutada juuste jaoks luksuslik hooldus, v\u00e4rvide v\u00e4rskendamine ja terved ning kaunid juuksed.<br \/>\nSuvine juustehoolduse komplekt m\u00f5eldud eelk\u00f5ige blondidele juuste hooldamiseks. Komplektis olevad tooted on hoolikalt valitud, et taaselustada, s\u00e4ilitada ja t\u00e4iendada juuste blonde ja tuhkjaid toone, alustades meie helendavast maskist ja \u0161ampoonist ning l\u00f5petades tuhkjat ASH-tooni andva toonikuga, pakkudes juustele niisutust, tugevust ja s\u00e4ra.\u00a0V\u00f5tab juustes \u00e4ra kollakaid ja tuhme toone.<\/p>\n<p><strong>Hoolitsuskomplekt blondidele juustele sisaldab tooteid v\u00e4\u00e4rtuses:<br \/>\n<\/strong>&#8211; Illuminating White Pearl Shampoo 300ml &#8211; eraldi ostes 34,95\u20ac<br \/>\n&#8211; Illuminating Mask 200ml &#8211; eraldi ostes 49,95\u20ac<br \/>\n&#8211; Ash Toner 200ml &#8211; eraldi ostes 34,95\u20ac<\/p>\n<p><strong>Kasutamine:<\/strong>\u00a0Kasutage Illuminating sarja lillat tooni \u0161ampooni juuste \u00f5rnaks puhastamiseks ja maski nende s\u00fcgavaks toitmiseks, korrigeerides samal ajal juuksev\u00e4rvi. Kasutage Ash Toner\u00b4t r\u00e4tikukuivadele juustele ja pihustage 30 cm. kauguselt t\u00e4iusliku katvuse saavutamiseks. Liigne kasutamine ei ole soovitatav, kuna see m\u00f5jutab juuksev\u00e4rvi p\u00fcsivalt. Kasutage alati koos tavalise hooldussarjaga, n\u00e4iteks Couleurs Couture Care \u0161ampooni ja palsamiga.<\/p>\n","protected":false},"featured_media":35449,"template":"","meta":[],"product_brand":[464],"product_cat":[266,231,265,206,208,129,130,121,227,282,196],"product_tag":[],"class_list":{"0":"post-39951","1":"product","2":"type-product","3":"status-publish","4":"has-post-thumbnail","6":"product_brand-balmain-hair","7":"product_cat-balmain-hair","8":"product_cat-blondeeritud-juustele","9":"product_cat-brandid","10":"product_cat-erikollektsioonid","11":"product_cat-juuksehooldus","12":"product_cat-kingitused","13":"product_cat-kinkekomplektid","14":"product_cat-koik-tooted","15":"product_cat-shampoonid","16":"product_cat-varvitud-juustele-couleurs-couture","17":"product_cat-viimistlus","19":"first","20":"instock","21":"taxable","22":"shipping-taxable","23":"purchasable","24":"product-type-simple","25":"add-to-wishlist-after_add_to_cart"},"yoast_head":"<!-- This site is optimized with the Yoast SEO plugin v27.5 - https:\/\/yoast.com\/product\/yoast-seo-wordpress\/ -->\n<title>BALMAIN HAIR blondide juuste hoolduskomplekt \/ Blonde Gift Set - Hair Deluxe<\/title>\n<meta name=\"robots\" content=\"index, follow, max-snippet:-1, max-image-preview:large, max-video-preview:-1\" \/>\n<link rel=\"canonical\" href=\"https:\/\/hairdeluxe.ee\/fi\/product\/balmain-blondide-juuste-hoolduskomplekt-blonde-gift-set-2\/\" \/>\n<meta property=\"og:locale\" content=\"fi_FI\" \/>\n<meta property=\"og:type\" content=\"article\" \/>\n<meta property=\"og:title\" content=\"BALMAIN HAIR blondide juuste hoolduskomplekt \/ Blonde Gift Set - Hair Deluxe\" \/>\n<meta property=\"og:description\" content=\"Kevad\/suve 2022 a. piiratud v\u00e4ljaandes komplekt blondidele juustele \u00fchendab Balmain Hair Illuminating sarja \u0161ampoonid ja maskid koos Ash Toner\u00b4ga k\u00f5ik-\u00fches komplektiks, et saavutada juuste jaoks luksuslik hooldus, v\u00e4rvide v\u00e4rskendamine ja terved ning kaunid juuksed. Suvine juustehoolduse komplekt m\u00f5eldud eelk\u00f5ige blondidele juuste hooldamiseks. Komplektis olevad tooted on hoolikalt valitud, et taaselustada, s\u00e4ilitada ja t\u00e4iendada juuste blonde ja tuhkjaid toone, alustades meie helendavast maskist ja \u0161ampoonist ning l\u00f5petades tuhkjat ASH-tooni andva toonikuga, pakkudes juustele niisutust, tugevust ja s\u00e4ra.\u00a0V\u00f5tab juustes \u00e4ra kollakaid ja tuhme toone.  Hoolitsuskomplekt blondidele juustele sisaldab tooteid v\u00e4\u00e4rtuses: - Illuminating White Pearl Shampoo 300ml - eraldi ostes 34,95\u20ac - Illuminating Mask 200ml - eraldi ostes 49,95\u20ac - Ash Toner 200ml - eraldi ostes 34,95\u20ac  Kasutamine:\u00a0Kasutage Illuminating sarja lillat tooni \u0161ampooni juuste \u00f5rnaks puhastamiseks ja maski nende s\u00fcgavaks toitmiseks, korrigeerides samal ajal juuksev\u00e4rvi. Kasutage Ash Toner\u00b4t r\u00e4tikukuivadele juustele ja pihustage 30 cm. kauguselt t\u00e4iusliku katvuse saavutamiseks. Liigne kasutamine ei ole soovitatav, kuna see m\u00f5jutab juuksev\u00e4rvi p\u00fcsivalt. Kasutage alati koos tavalise hooldussarjaga, n\u00e4iteks Couleurs Couture Care \u0161ampooni ja palsamiga.\" \/>\n<meta property=\"og:url\" content=\"https:\/\/hairdeluxe.ee\/fi\/product\/balmain-blondide-juuste-hoolduskomplekt-blonde-gift-set-2\/\" \/>\n<meta property=\"og:site_name\" content=\"Hair Deluxe\" \/>\n<meta property=\"article:publisher\" content=\"https:\/\/www.facebook.com\/blowbartallinn\" \/>\n<meta property=\"article:modified_time\" content=\"2025-03-18T19:22:28+00:00\" \/>\n<meta property=\"og:image\" content=\"https:\/\/hairdeluxe.ee\/wp-content\/uploads\/2024\/02\/balmainhair_care_illuminating_product_line_combined_01_800x800.jpg\" \/>\n\t<meta property=\"og:image:width\" content=\"800\" \/>\n\t<meta property=\"og:image:height\" content=\"800\" \/>\n\t<meta property=\"og:image:type\" content=\"image\/jpeg\" \/>\n<meta name=\"twitter:card\" content=\"summary_large_image\" \/>\n<meta name=\"twitter:label1\" content=\"Arvioitu lukuaika\" \/>\n\t<meta name=\"twitter:data1\" content=\"1 minuutti\" \/>\n<script type=\"application\/ld+json\" class=\"yoast-schema-graph\">{\"@context\":\"https:\\\/\\\/schema.org\",\"@graph\":[{\"@type\":\"WebPage\",\"@id\":\"https:\\\/\\\/hairdeluxe.ee\\\/fi\\\/product\\\/balmain-blondide-juuste-hoolduskomplekt-blonde-gift-set-2\\\/\",\"url\":\"https:\\\/\\\/hairdeluxe.ee\\\/fi\\\/product\\\/balmain-blondide-juuste-hoolduskomplekt-blonde-gift-set-2\\\/\",\"name\":\"BALMAIN HAIR blondide juuste hoolduskomplekt \\\/ Blonde Gift Set - Hair Deluxe\",\"isPartOf\":{\"@id\":\"https:\\\/\\\/hairdeluxe.ee\\\/fi\\\/#website\"},\"primaryImageOfPage\":{\"@id\":\"https:\\\/\\\/hairdeluxe.ee\\\/fi\\\/product\\\/balmain-blondide-juuste-hoolduskomplekt-blonde-gift-set-2\\\/#primaryimage\"},\"image\":{\"@id\":\"https:\\\/\\\/hairdeluxe.ee\\\/fi\\\/product\\\/balmain-blondide-juuste-hoolduskomplekt-blonde-gift-set-2\\\/#primaryimage\"},\"thumbnailUrl\":\"https:\\\/\\\/hairdeluxe.ee\\\/wp-content\\\/uploads\\\/2024\\\/02\\\/balmainhair_care_illuminating_product_line_combined_01_800x800.jpg\",\"datePublished\":\"2024-02-03T07:38:56+00:00\",\"dateModified\":\"2025-03-18T19:22:28+00:00\",\"breadcrumb\":{\"@id\":\"https:\\\/\\\/hairdeluxe.ee\\\/fi\\\/product\\\/balmain-blondide-juuste-hoolduskomplekt-blonde-gift-set-2\\\/#breadcrumb\"},\"inLanguage\":\"fi\",\"potentialAction\":[{\"@type\":\"ReadAction\",\"target\":[\"https:\\\/\\\/hairdeluxe.ee\\\/fi\\\/product\\\/balmain-blondide-juuste-hoolduskomplekt-blonde-gift-set-2\\\/\"]}]},{\"@type\":\"ImageObject\",\"inLanguage\":\"fi\",\"@id\":\"https:\\\/\\\/hairdeluxe.ee\\\/fi\\\/product\\\/balmain-blondide-juuste-hoolduskomplekt-blonde-gift-set-2\\\/#primaryimage\",\"url\":\"https:\\\/\\\/hairdeluxe.ee\\\/wp-content\\\/uploads\\\/2024\\\/02\\\/balmainhair_care_illuminating_product_line_combined_01_800x800.jpg\",\"contentUrl\":\"https:\\\/\\\/hairdeluxe.ee\\\/wp-content\\\/uploads\\\/2024\\\/02\\\/balmainhair_care_illuminating_product_line_combined_01_800x800.jpg\",\"width\":800,\"height\":800},{\"@type\":\"BreadcrumbList\",\"@id\":\"https:\\\/\\\/hairdeluxe.ee\\\/fi\\\/product\\\/balmain-blondide-juuste-hoolduskomplekt-blonde-gift-set-2\\\/#breadcrumb\",\"itemListElement\":[{\"@type\":\"ListItem\",\"position\":1,\"name\":\"Home\",\"item\":\"https:\\\/\\\/hairdeluxe.ee\\\/fi\\\/\"},{\"@type\":\"ListItem\",\"position\":2,\"name\":\"Kauppa\",\"item\":\"https:\\\/\\\/hairdeluxe.ee\\\/fi\\\/shop\\\/\"},{\"@type\":\"ListItem\",\"position\":3,\"name\":\"BALMAIN HAIR blondide juuste hoolduskomplekt \\\/ Blonde Gift Set\"}]},{\"@type\":\"WebSite\",\"@id\":\"https:\\\/\\\/hairdeluxe.ee\\\/fi\\\/#website\",\"url\":\"https:\\\/\\\/hairdeluxe.ee\\\/fi\\\/\",\"name\":\"Hair Deluxe\",\"description\":\"Highlight your natural beauty\",\"publisher\":{\"@id\":\"https:\\\/\\\/hairdeluxe.ee\\\/fi\\\/#organization\"},\"potentialAction\":[{\"@type\":\"SearchAction\",\"target\":{\"@type\":\"EntryPoint\",\"urlTemplate\":\"https:\\\/\\\/hairdeluxe.ee\\\/fi\\\/?s={search_term_string}\"},\"query-input\":{\"@type\":\"PropertyValueSpecification\",\"valueRequired\":true,\"valueName\":\"search_term_string\"}}],\"inLanguage\":\"fi\"},{\"@type\":\"Organization\",\"@id\":\"https:\\\/\\\/hairdeluxe.ee\\\/fi\\\/#organization\",\"name\":\"Hair Deluxe\",\"url\":\"https:\\\/\\\/hairdeluxe.ee\\\/fi\\\/\",\"logo\":{\"@type\":\"ImageObject\",\"inLanguage\":\"fi\",\"@id\":\"https:\\\/\\\/hairdeluxe.ee\\\/fi\\\/#\\\/schema\\\/logo\\\/image\\\/\",\"url\":\"https:\\\/\\\/hairdeluxe.ee\\\/wp-content\\\/uploads\\\/2024\\\/06\\\/Hair-Deluxe-Logo-Dark-font.png\",\"contentUrl\":\"https:\\\/\\\/hairdeluxe.ee\\\/wp-content\\\/uploads\\\/2024\\\/06\\\/Hair-Deluxe-Logo-Dark-font.png\",\"width\":467,\"height\":177,\"caption\":\"Hair Deluxe\"},\"image\":{\"@id\":\"https:\\\/\\\/hairdeluxe.ee\\\/fi\\\/#\\\/schema\\\/logo\\\/image\\\/\"},\"sameAs\":[\"https:\\\/\\\/www.facebook.com\\\/blowbartallinn\",\"https:\\\/\\\/www.instagram.com\\\/blowbar_tallinn\"]}]}<\/script>\n<!-- \/ Yoast SEO plugin. -->","yoast_head_json":{"title":"BALMAIN HAIR blondide juuste hoolduskomplekt \/ Blonde Gift Set - Hair Deluxe","robots":{"index":"index","follow":"follow","max-snippet":"max-snippet:-1","max-image-preview":"max-image-preview:large","max-video-preview":"max-video-preview:-1"},"canonical":"https:\/\/hairdeluxe.ee\/fi\/product\/balmain-blondide-juuste-hoolduskomplekt-blonde-gift-set-2\/","og_locale":"fi_FI","og_type":"article","og_title":"BALMAIN HAIR blondide juuste hoolduskomplekt \/ Blonde Gift Set - Hair Deluxe","og_description":"Kevad\/suve 2022 a. piiratud v\u00e4ljaandes komplekt blondidele juustele \u00fchendab Balmain Hair Illuminating sarja \u0161ampoonid ja maskid koos Ash Toner\u00b4ga k\u00f5ik-\u00fches komplektiks, et saavutada juuste jaoks luksuslik hooldus, v\u00e4rvide v\u00e4rskendamine ja terved ning kaunid juuksed. Suvine juustehoolduse komplekt m\u00f5eldud eelk\u00f5ige blondidele juuste hooldamiseks. Komplektis olevad tooted on hoolikalt valitud, et taaselustada, s\u00e4ilitada ja t\u00e4iendada juuste blonde ja tuhkjaid toone, alustades meie helendavast maskist ja \u0161ampoonist ning l\u00f5petades tuhkjat ASH-tooni andva toonikuga, pakkudes juustele niisutust, tugevust ja s\u00e4ra.\u00a0V\u00f5tab juustes \u00e4ra kollakaid ja tuhme toone.  Hoolitsuskomplekt blondidele juustele sisaldab tooteid v\u00e4\u00e4rtuses: - Illuminating White Pearl Shampoo 300ml - eraldi ostes 34,95\u20ac - Illuminating Mask 200ml - eraldi ostes 49,95\u20ac - Ash Toner 200ml - eraldi ostes 34,95\u20ac  Kasutamine:\u00a0Kasutage Illuminating sarja lillat tooni \u0161ampooni juuste \u00f5rnaks puhastamiseks ja maski nende s\u00fcgavaks toitmiseks, korrigeerides samal ajal juuksev\u00e4rvi. Kasutage Ash Toner\u00b4t r\u00e4tikukuivadele juustele ja pihustage 30 cm. kauguselt t\u00e4iusliku katvuse saavutamiseks. Liigne kasutamine ei ole soovitatav, kuna see m\u00f5jutab juuksev\u00e4rvi p\u00fcsivalt. Kasutage alati koos tavalise hooldussarjaga, n\u00e4iteks Couleurs Couture Care \u0161ampooni ja palsamiga.","og_url":"https:\/\/hairdeluxe.ee\/fi\/product\/balmain-blondide-juuste-hoolduskomplekt-blonde-gift-set-2\/","og_site_name":"Hair Deluxe","article_publisher":"https:\/\/www.facebook.com\/blowbartallinn","article_modified_time":"2025-03-18T19:22:28+00:00","og_image":[{"width":800,"height":800,"url":"https:\/\/hairdeluxe.ee\/wp-content\/uploads\/2024\/02\/balmainhair_care_illuminating_product_line_combined_01_800x800.jpg","type":"image\/jpeg"}],"twitter_card":"summary_large_image","twitter_misc":{"Arvioitu lukuaika":"1 minuutti"},"schema":{"@context":"https:\/\/schema.org","@graph":[{"@type":"WebPage","@id":"https:\/\/hairdeluxe.ee\/fi\/product\/balmain-blondide-juuste-hoolduskomplekt-blonde-gift-set-2\/","url":"https:\/\/hairdeluxe.ee\/fi\/product\/balmain-blondide-juuste-hoolduskomplekt-blonde-gift-set-2\/","name":"BALMAIN HAIR blondide juuste hoolduskomplekt \/ Blonde Gift Set - Hair Deluxe","isPartOf":{"@id":"https:\/\/hairdeluxe.ee\/fi\/#website"},"primaryImageOfPage":{"@id":"https:\/\/hairdeluxe.ee\/fi\/product\/balmain-blondide-juuste-hoolduskomplekt-blonde-gift-set-2\/#primaryimage"},"image":{"@id":"https:\/\/hairdeluxe.ee\/fi\/product\/balmain-blondide-juuste-hoolduskomplekt-blonde-gift-set-2\/#primaryimage"},"thumbnailUrl":"https:\/\/hairdeluxe.ee\/wp-content\/uploads\/2024\/02\/balmainhair_care_illuminating_product_line_combined_01_800x800.jpg","datePublished":"2024-02-03T07:38:56+00:00","dateModified":"2025-03-18T19:22:28+00:00","breadcrumb":{"@id":"https:\/\/hairdeluxe.ee\/fi\/product\/balmain-blondide-juuste-hoolduskomplekt-blonde-gift-set-2\/#breadcrumb"},"inLanguage":"fi","potentialAction":[{"@type":"ReadAction","target":["https:\/\/hairdeluxe.ee\/fi\/product\/balmain-blondide-juuste-hoolduskomplekt-blonde-gift-set-2\/"]}]},{"@type":"ImageObject","inLanguage":"fi","@id":"https:\/\/hairdeluxe.ee\/fi\/product\/balmain-blondide-juuste-hoolduskomplekt-blonde-gift-set-2\/#primaryimage","url":"https:\/\/hairdeluxe.ee\/wp-content\/uploads\/2024\/02\/balmainhair_care_illuminating_product_line_combined_01_800x800.jpg","contentUrl":"https:\/\/hairdeluxe.ee\/wp-content\/uploads\/2024\/02\/balmainhair_care_illuminating_product_line_combined_01_800x800.jpg","width":800,"height":800},{"@type":"BreadcrumbList","@id":"https:\/\/hairdeluxe.ee\/fi\/product\/balmain-blondide-juuste-hoolduskomplekt-blonde-gift-set-2\/#breadcrumb","itemListElement":[{"@type":"ListItem","position":1,"name":"Home","item":"https:\/\/hairdeluxe.ee\/fi\/"},{"@type":"ListItem","position":2,"name":"Kauppa","item":"https:\/\/hairdeluxe.ee\/fi\/shop\/"},{"@type":"ListItem","position":3,"name":"BALMAIN HAIR blondide juuste hoolduskomplekt \/ Blonde Gift Set"}]},{"@type":"WebSite","@id":"https:\/\/hairdeluxe.ee\/fi\/#website","url":"https:\/\/hairdeluxe.ee\/fi\/","name":"Hair Deluxe","description":"Highlight your natural beauty","publisher":{"@id":"https:\/\/hairdeluxe.ee\/fi\/#organization"},"potentialAction":[{"@type":"SearchAction","target":{"@type":"EntryPoint","urlTemplate":"https:\/\/hairdeluxe.ee\/fi\/?s={search_term_string}"},"query-input":{"@type":"PropertyValueSpecification","valueRequired":true,"valueName":"search_term_string"}}],"inLanguage":"fi"},{"@type":"Organization","@id":"https:\/\/hairdeluxe.ee\/fi\/#organization","name":"Hair Deluxe","url":"https:\/\/hairdeluxe.ee\/fi\/","logo":{"@type":"ImageObject","inLanguage":"fi","@id":"https:\/\/hairdeluxe.ee\/fi\/#\/schema\/logo\/image\/","url":"https:\/\/hairdeluxe.ee\/wp-content\/uploads\/2024\/06\/Hair-Deluxe-Logo-Dark-font.png","contentUrl":"https:\/\/hairdeluxe.ee\/wp-content\/uploads\/2024\/06\/Hair-Deluxe-Logo-Dark-font.png","width":467,"height":177,"caption":"Hair Deluxe"},"image":{"@id":"https:\/\/hairdeluxe.ee\/fi\/#\/schema\/logo\/image\/"},"sameAs":["https:\/\/www.facebook.com\/blowbartallinn","https:\/\/www.instagram.com\/blowbar_tallinn"]}]}},"_links":{"self":[{"href":"https:\/\/hairdeluxe.ee\/fi\/wp-json\/wp\/v2\/product\/39951","targetHints":{"allow":["GET"]}}],"collection":[{"href":"https:\/\/hairdeluxe.ee\/fi\/wp-json\/wp\/v2\/product"}],"about":[{"href":"https:\/\/hairdeluxe.ee\/fi\/wp-json\/wp\/v2\/types\/product"}],"wp:featuredmedia":[{"embeddable":true,"href":"https:\/\/hairdeluxe.ee\/fi\/wp-json\/wp\/v2\/media\/35449"}],"wp:attachment":[{"href":"https:\/\/hairdeluxe.ee\/fi\/wp-json\/wp\/v2\/media?parent=39951"}],"wp:term":[{"taxonomy":"product_brand","embeddable":true,"href":"https:\/\/hairdeluxe.ee\/fi\/wp-json\/wp\/v2\/product_brand?post=39951"},{"taxonomy":"product_cat","embeddable":true,"href":"https:\/\/hairdeluxe.ee\/fi\/wp-json\/wp\/v2\/product_cat?post=39951"},{"taxonomy":"product_tag","embeddable":true,"href":"https:\/\/hairdeluxe.ee\/fi\/wp-json\/wp\/v2\/product_tag?post=39951"}],"curies":[{"name":"wp","href":"https:\/\/api.w.org\/{rel}","templated":true}]}}