{"id":39975,"date":"2024-02-03T09:55:28","date_gmt":"2024-02-03T07:55:28","guid":{"rendered":"https:\/\/blowbar.ee\/toode\/balmain-hair-touch-of-romance-meeste-juukseparfuum-love-collection-homme-hair-perfume-100ml\/"},"modified":"2025-03-18T19:22:25","modified_gmt":"2025-03-18T19:22:25","slug":"balmain-touch-of-romance-meeste-juukseparfuum-love-collection-homme-hair-perfume-100ml","status":"publish","type":"product","link":"https:\/\/hairdeluxe.ee\/fi\/product\/balmain-touch-of-romance-meeste-juukseparfuum-love-collection-homme-hair-perfume-100ml\/","title":{"rendered":"BALMAIN HAIR Touch of Romance meeste juukseparf\u00fc\u00fcm \/ Love Collection Homme Hair Perfume 100ml"},"content":{"rendered":"<p><em><strong>Koostis:<\/strong> Alcohol Denat, Parfume, Aqua, Benzoic Acid, Hydrolyced Silk, Argania Spinoza Kernel Oil, Ethylhexyl methoxycinnamate.<\/em><\/p>\n","protected":false},"excerpt":{"rendered":"<p>Punast roosi on aastatuhandeid seostatud armastuse ja kirega ning seda peetakse universaalseks armastuse s\u00fcmboliks.<br \/>\nKollektsioon \u201cTouch of Romance\u201d on selle universaalse armastuse s\u00fcmboli kaasaegne ja kunstiline t\u00f5lge ning ideaalne viis armastuse v\u00e4ljendamiseks s\u00f5nadeta.<br \/>\nRikkalikult l\u00f5hnav juukseparf\u00fc\u00fcm on l\u00f5hnastatud Balmain Hair Homme intensiivse idamaise puidul\u00f5hnaga, mis \u00fchendab bergamoti kosutava tsitruselise v\u00e4rskuse kuiva sandlipuu puiduse aspektiga.<br \/>\n&#8211; Balmain Hair signatuurl\u00f5hn selle puhtaimal kujul<br \/>\n&#8211; Sisaldab orgaanilist argaania\u00f5li ja siidiproteiini<br \/>\n&#8211; Reljeefne must kork sulgub magnetiga<\/p>\n<p><strong>Kasutamine:\u00a0<\/strong>Pihustage parf\u00fc\u00fcmi kergelt juustesse 25-30 cm kauguselt, v\u00e4ltige juurtele sattumist. V\u00e4ltimaks juuste rasvaseks muutumist, \u00e4rge doseerige toodet \u00fcle.<\/p>\n<p>Kogus: 100ml<\/p>\n","protected":false},"featured_media":35743,"template":"","meta":[],"product_brand":[464],"product_cat":[266,265,125,276,129,121,144,284,158,196,274],"product_tag":[],"class_list":{"0":"post-39975","1":"product","2":"type-product","3":"status-publish","4":"has-post-thumbnail","6":"product_brand-balmain-hair","7":"product_cat-balmain-hair","8":"product_cat-brandid","9":"product_cat-juukseparfuum","10":"product_cat-juukseparfuum-meestele","11":"product_cat-kingitused","12":"product_cat-koik-tooted","13":"product_cat-meestele","14":"product_cat-parfuumid","15":"product_cat-populaarsed","16":"product_cat-viimistlus","17":"product_cat-viimistlus-meestele","19":"first","20":"instock","21":"taxable","22":"shipping-taxable","23":"purchasable","24":"product-type-simple","25":"add-to-wishlist-after_add_to_cart"},"yoast_head":"<!-- This site is optimized with the Yoast SEO plugin v27.5 - https:\/\/yoast.com\/product\/yoast-seo-wordpress\/ -->\n<title>BALMAIN HAIR Touch of Romance meeste juukseparf\u00fc\u00fcm \/ Love Collection Homme Hair Perfume 100ml - Hair Deluxe<\/title>\n<meta name=\"robots\" content=\"index, follow, max-snippet:-1, max-image-preview:large, max-video-preview:-1\" \/>\n<link rel=\"canonical\" href=\"https:\/\/hairdeluxe.ee\/fi\/product\/balmain-touch-of-romance-meeste-juukseparfuum-love-collection-homme-hair-perfume-100ml\/\" \/>\n<meta property=\"og:locale\" content=\"fi_FI\" \/>\n<meta property=\"og:type\" content=\"article\" \/>\n<meta property=\"og:title\" content=\"BALMAIN HAIR Touch of Romance meeste juukseparf\u00fc\u00fcm \/ Love Collection Homme Hair Perfume 100ml - Hair Deluxe\" \/>\n<meta property=\"og:description\" content=\"Punast roosi on aastatuhandeid seostatud armastuse ja kirega ning seda peetakse universaalseks armastuse s\u00fcmboliks. Kollektsioon \u201cTouch of Romance\u201d on selle universaalse armastuse s\u00fcmboli kaasaegne ja kunstiline t\u00f5lge ning ideaalne viis armastuse v\u00e4ljendamiseks s\u00f5nadeta. Rikkalikult l\u00f5hnav juukseparf\u00fc\u00fcm on l\u00f5hnastatud Balmain Hair Homme intensiivse idamaise puidul\u00f5hnaga, mis \u00fchendab bergamoti kosutava tsitruselise v\u00e4rskuse kuiva sandlipuu puiduse aspektiga. - Balmain Hair signatuurl\u00f5hn selle puhtaimal kujul - Sisaldab orgaanilist argaania\u00f5li ja siidiproteiini - Reljeefne must kork sulgub magnetiga  Kasutamine:\u00a0Pihustage parf\u00fc\u00fcmi kergelt juustesse 25-30 cm kauguselt, v\u00e4ltige juurtele sattumist. V\u00e4ltimaks juuste rasvaseks muutumist, \u00e4rge doseerige toodet \u00fcle.  Kogus: 100ml\" \/>\n<meta property=\"og:url\" content=\"https:\/\/hairdeluxe.ee\/fi\/product\/balmain-touch-of-romance-meeste-juukseparfuum-love-collection-homme-hair-perfume-100ml\/\" \/>\n<meta property=\"og:site_name\" content=\"Hair Deluxe\" \/>\n<meta property=\"article:publisher\" content=\"https:\/\/www.facebook.com\/blowbartallinn\" \/>\n<meta property=\"article:modified_time\" content=\"2025-03-18T19:22:25+00:00\" \/>\n<meta property=\"og:image\" content=\"https:\/\/hairdeluxe.ee\/wp-content\/uploads\/2024\/02\/316003872_5291091607657344_3524314714709105367_n.jpg\" \/>\n\t<meta property=\"og:image:width\" content=\"960\" \/>\n\t<meta property=\"og:image:height\" content=\"960\" \/>\n\t<meta property=\"og:image:type\" content=\"image\/jpeg\" \/>\n<meta name=\"twitter:card\" content=\"summary_large_image\" \/>\n<script type=\"application\/ld+json\" class=\"yoast-schema-graph\">{\"@context\":\"https:\\\/\\\/schema.org\",\"@graph\":[{\"@type\":\"WebPage\",\"@id\":\"https:\\\/\\\/hairdeluxe.ee\\\/fi\\\/product\\\/balmain-touch-of-romance-meeste-juukseparfuum-love-collection-homme-hair-perfume-100ml\\\/\",\"url\":\"https:\\\/\\\/hairdeluxe.ee\\\/fi\\\/product\\\/balmain-touch-of-romance-meeste-juukseparfuum-love-collection-homme-hair-perfume-100ml\\\/\",\"name\":\"BALMAIN HAIR Touch of Romance meeste juukseparf\u00fc\u00fcm \\\/ Love Collection Homme Hair Perfume 100ml - Hair Deluxe\",\"isPartOf\":{\"@id\":\"https:\\\/\\\/hairdeluxe.ee\\\/fi\\\/#website\"},\"primaryImageOfPage\":{\"@id\":\"https:\\\/\\\/hairdeluxe.ee\\\/fi\\\/product\\\/balmain-touch-of-romance-meeste-juukseparfuum-love-collection-homme-hair-perfume-100ml\\\/#primaryimage\"},\"image\":{\"@id\":\"https:\\\/\\\/hairdeluxe.ee\\\/fi\\\/product\\\/balmain-touch-of-romance-meeste-juukseparfuum-love-collection-homme-hair-perfume-100ml\\\/#primaryimage\"},\"thumbnailUrl\":\"https:\\\/\\\/hairdeluxe.ee\\\/wp-content\\\/uploads\\\/2024\\\/02\\\/316003872_5291091607657344_3524314714709105367_n.jpg\",\"datePublished\":\"2024-02-03T07:55:28+00:00\",\"dateModified\":\"2025-03-18T19:22:25+00:00\",\"breadcrumb\":{\"@id\":\"https:\\\/\\\/hairdeluxe.ee\\\/fi\\\/product\\\/balmain-touch-of-romance-meeste-juukseparfuum-love-collection-homme-hair-perfume-100ml\\\/#breadcrumb\"},\"inLanguage\":\"fi\",\"potentialAction\":[{\"@type\":\"ReadAction\",\"target\":[\"https:\\\/\\\/hairdeluxe.ee\\\/fi\\\/product\\\/balmain-touch-of-romance-meeste-juukseparfuum-love-collection-homme-hair-perfume-100ml\\\/\"]}]},{\"@type\":\"ImageObject\",\"inLanguage\":\"fi\",\"@id\":\"https:\\\/\\\/hairdeluxe.ee\\\/fi\\\/product\\\/balmain-touch-of-romance-meeste-juukseparfuum-love-collection-homme-hair-perfume-100ml\\\/#primaryimage\",\"url\":\"https:\\\/\\\/hairdeluxe.ee\\\/wp-content\\\/uploads\\\/2024\\\/02\\\/316003872_5291091607657344_3524314714709105367_n.jpg\",\"contentUrl\":\"https:\\\/\\\/hairdeluxe.ee\\\/wp-content\\\/uploads\\\/2024\\\/02\\\/316003872_5291091607657344_3524314714709105367_n.jpg\",\"width\":960,\"height\":960},{\"@type\":\"BreadcrumbList\",\"@id\":\"https:\\\/\\\/hairdeluxe.ee\\\/fi\\\/product\\\/balmain-touch-of-romance-meeste-juukseparfuum-love-collection-homme-hair-perfume-100ml\\\/#breadcrumb\",\"itemListElement\":[{\"@type\":\"ListItem\",\"position\":1,\"name\":\"Home\",\"item\":\"https:\\\/\\\/hairdeluxe.ee\\\/fi\\\/\"},{\"@type\":\"ListItem\",\"position\":2,\"name\":\"Kauppa\",\"item\":\"https:\\\/\\\/hairdeluxe.ee\\\/fi\\\/shop\\\/\"},{\"@type\":\"ListItem\",\"position\":3,\"name\":\"BALMAIN HAIR Touch of Romance meeste juukseparf\u00fc\u00fcm \\\/ Love Collection Homme Hair Perfume 100ml\"}]},{\"@type\":\"WebSite\",\"@id\":\"https:\\\/\\\/hairdeluxe.ee\\\/fi\\\/#website\",\"url\":\"https:\\\/\\\/hairdeluxe.ee\\\/fi\\\/\",\"name\":\"Hair Deluxe\",\"description\":\"Highlight your natural beauty\",\"publisher\":{\"@id\":\"https:\\\/\\\/hairdeluxe.ee\\\/fi\\\/#organization\"},\"potentialAction\":[{\"@type\":\"SearchAction\",\"target\":{\"@type\":\"EntryPoint\",\"urlTemplate\":\"https:\\\/\\\/hairdeluxe.ee\\\/fi\\\/?s={search_term_string}\"},\"query-input\":{\"@type\":\"PropertyValueSpecification\",\"valueRequired\":true,\"valueName\":\"search_term_string\"}}],\"inLanguage\":\"fi\"},{\"@type\":\"Organization\",\"@id\":\"https:\\\/\\\/hairdeluxe.ee\\\/fi\\\/#organization\",\"name\":\"Hair Deluxe\",\"url\":\"https:\\\/\\\/hairdeluxe.ee\\\/fi\\\/\",\"logo\":{\"@type\":\"ImageObject\",\"inLanguage\":\"fi\",\"@id\":\"https:\\\/\\\/hairdeluxe.ee\\\/fi\\\/#\\\/schema\\\/logo\\\/image\\\/\",\"url\":\"https:\\\/\\\/hairdeluxe.ee\\\/wp-content\\\/uploads\\\/2024\\\/06\\\/Hair-Deluxe-Logo-Dark-font.png\",\"contentUrl\":\"https:\\\/\\\/hairdeluxe.ee\\\/wp-content\\\/uploads\\\/2024\\\/06\\\/Hair-Deluxe-Logo-Dark-font.png\",\"width\":467,\"height\":177,\"caption\":\"Hair Deluxe\"},\"image\":{\"@id\":\"https:\\\/\\\/hairdeluxe.ee\\\/fi\\\/#\\\/schema\\\/logo\\\/image\\\/\"},\"sameAs\":[\"https:\\\/\\\/www.facebook.com\\\/blowbartallinn\",\"https:\\\/\\\/www.instagram.com\\\/blowbar_tallinn\"]}]}<\/script>\n<!-- \/ Yoast SEO plugin. -->","yoast_head_json":{"title":"BALMAIN HAIR Touch of Romance meeste juukseparf\u00fc\u00fcm \/ Love Collection Homme Hair Perfume 100ml - Hair Deluxe","robots":{"index":"index","follow":"follow","max-snippet":"max-snippet:-1","max-image-preview":"max-image-preview:large","max-video-preview":"max-video-preview:-1"},"canonical":"https:\/\/hairdeluxe.ee\/fi\/product\/balmain-touch-of-romance-meeste-juukseparfuum-love-collection-homme-hair-perfume-100ml\/","og_locale":"fi_FI","og_type":"article","og_title":"BALMAIN HAIR Touch of Romance meeste juukseparf\u00fc\u00fcm \/ Love Collection Homme Hair Perfume 100ml - Hair Deluxe","og_description":"Punast roosi on aastatuhandeid seostatud armastuse ja kirega ning seda peetakse universaalseks armastuse s\u00fcmboliks. Kollektsioon \u201cTouch of Romance\u201d on selle universaalse armastuse s\u00fcmboli kaasaegne ja kunstiline t\u00f5lge ning ideaalne viis armastuse v\u00e4ljendamiseks s\u00f5nadeta. Rikkalikult l\u00f5hnav juukseparf\u00fc\u00fcm on l\u00f5hnastatud Balmain Hair Homme intensiivse idamaise puidul\u00f5hnaga, mis \u00fchendab bergamoti kosutava tsitruselise v\u00e4rskuse kuiva sandlipuu puiduse aspektiga. - Balmain Hair signatuurl\u00f5hn selle puhtaimal kujul - Sisaldab orgaanilist argaania\u00f5li ja siidiproteiini - Reljeefne must kork sulgub magnetiga  Kasutamine:\u00a0Pihustage parf\u00fc\u00fcmi kergelt juustesse 25-30 cm kauguselt, v\u00e4ltige juurtele sattumist. V\u00e4ltimaks juuste rasvaseks muutumist, \u00e4rge doseerige toodet \u00fcle.  Kogus: 100ml","og_url":"https:\/\/hairdeluxe.ee\/fi\/product\/balmain-touch-of-romance-meeste-juukseparfuum-love-collection-homme-hair-perfume-100ml\/","og_site_name":"Hair Deluxe","article_publisher":"https:\/\/www.facebook.com\/blowbartallinn","article_modified_time":"2025-03-18T19:22:25+00:00","og_image":[{"width":960,"height":960,"url":"https:\/\/hairdeluxe.ee\/wp-content\/uploads\/2024\/02\/316003872_5291091607657344_3524314714709105367_n.jpg","type":"image\/jpeg"}],"twitter_card":"summary_large_image","schema":{"@context":"https:\/\/schema.org","@graph":[{"@type":"WebPage","@id":"https:\/\/hairdeluxe.ee\/fi\/product\/balmain-touch-of-romance-meeste-juukseparfuum-love-collection-homme-hair-perfume-100ml\/","url":"https:\/\/hairdeluxe.ee\/fi\/product\/balmain-touch-of-romance-meeste-juukseparfuum-love-collection-homme-hair-perfume-100ml\/","name":"BALMAIN HAIR Touch of Romance meeste juukseparf\u00fc\u00fcm \/ Love Collection Homme Hair Perfume 100ml - Hair Deluxe","isPartOf":{"@id":"https:\/\/hairdeluxe.ee\/fi\/#website"},"primaryImageOfPage":{"@id":"https:\/\/hairdeluxe.ee\/fi\/product\/balmain-touch-of-romance-meeste-juukseparfuum-love-collection-homme-hair-perfume-100ml\/#primaryimage"},"image":{"@id":"https:\/\/hairdeluxe.ee\/fi\/product\/balmain-touch-of-romance-meeste-juukseparfuum-love-collection-homme-hair-perfume-100ml\/#primaryimage"},"thumbnailUrl":"https:\/\/hairdeluxe.ee\/wp-content\/uploads\/2024\/02\/316003872_5291091607657344_3524314714709105367_n.jpg","datePublished":"2024-02-03T07:55:28+00:00","dateModified":"2025-03-18T19:22:25+00:00","breadcrumb":{"@id":"https:\/\/hairdeluxe.ee\/fi\/product\/balmain-touch-of-romance-meeste-juukseparfuum-love-collection-homme-hair-perfume-100ml\/#breadcrumb"},"inLanguage":"fi","potentialAction":[{"@type":"ReadAction","target":["https:\/\/hairdeluxe.ee\/fi\/product\/balmain-touch-of-romance-meeste-juukseparfuum-love-collection-homme-hair-perfume-100ml\/"]}]},{"@type":"ImageObject","inLanguage":"fi","@id":"https:\/\/hairdeluxe.ee\/fi\/product\/balmain-touch-of-romance-meeste-juukseparfuum-love-collection-homme-hair-perfume-100ml\/#primaryimage","url":"https:\/\/hairdeluxe.ee\/wp-content\/uploads\/2024\/02\/316003872_5291091607657344_3524314714709105367_n.jpg","contentUrl":"https:\/\/hairdeluxe.ee\/wp-content\/uploads\/2024\/02\/316003872_5291091607657344_3524314714709105367_n.jpg","width":960,"height":960},{"@type":"BreadcrumbList","@id":"https:\/\/hairdeluxe.ee\/fi\/product\/balmain-touch-of-romance-meeste-juukseparfuum-love-collection-homme-hair-perfume-100ml\/#breadcrumb","itemListElement":[{"@type":"ListItem","position":1,"name":"Home","item":"https:\/\/hairdeluxe.ee\/fi\/"},{"@type":"ListItem","position":2,"name":"Kauppa","item":"https:\/\/hairdeluxe.ee\/fi\/shop\/"},{"@type":"ListItem","position":3,"name":"BALMAIN HAIR Touch of Romance meeste juukseparf\u00fc\u00fcm \/ Love Collection Homme Hair Perfume 100ml"}]},{"@type":"WebSite","@id":"https:\/\/hairdeluxe.ee\/fi\/#website","url":"https:\/\/hairdeluxe.ee\/fi\/","name":"Hair Deluxe","description":"Highlight your natural beauty","publisher":{"@id":"https:\/\/hairdeluxe.ee\/fi\/#organization"},"potentialAction":[{"@type":"SearchAction","target":{"@type":"EntryPoint","urlTemplate":"https:\/\/hairdeluxe.ee\/fi\/?s={search_term_string}"},"query-input":{"@type":"PropertyValueSpecification","valueRequired":true,"valueName":"search_term_string"}}],"inLanguage":"fi"},{"@type":"Organization","@id":"https:\/\/hairdeluxe.ee\/fi\/#organization","name":"Hair Deluxe","url":"https:\/\/hairdeluxe.ee\/fi\/","logo":{"@type":"ImageObject","inLanguage":"fi","@id":"https:\/\/hairdeluxe.ee\/fi\/#\/schema\/logo\/image\/","url":"https:\/\/hairdeluxe.ee\/wp-content\/uploads\/2024\/06\/Hair-Deluxe-Logo-Dark-font.png","contentUrl":"https:\/\/hairdeluxe.ee\/wp-content\/uploads\/2024\/06\/Hair-Deluxe-Logo-Dark-font.png","width":467,"height":177,"caption":"Hair Deluxe"},"image":{"@id":"https:\/\/hairdeluxe.ee\/fi\/#\/schema\/logo\/image\/"},"sameAs":["https:\/\/www.facebook.com\/blowbartallinn","https:\/\/www.instagram.com\/blowbar_tallinn"]}]}},"_links":{"self":[{"href":"https:\/\/hairdeluxe.ee\/fi\/wp-json\/wp\/v2\/product\/39975","targetHints":{"allow":["GET"]}}],"collection":[{"href":"https:\/\/hairdeluxe.ee\/fi\/wp-json\/wp\/v2\/product"}],"about":[{"href":"https:\/\/hairdeluxe.ee\/fi\/wp-json\/wp\/v2\/types\/product"}],"wp:featuredmedia":[{"embeddable":true,"href":"https:\/\/hairdeluxe.ee\/fi\/wp-json\/wp\/v2\/media\/35743"}],"wp:attachment":[{"href":"https:\/\/hairdeluxe.ee\/fi\/wp-json\/wp\/v2\/media?parent=39975"}],"wp:term":[{"taxonomy":"product_brand","embeddable":true,"href":"https:\/\/hairdeluxe.ee\/fi\/wp-json\/wp\/v2\/product_brand?post=39975"},{"taxonomy":"product_cat","embeddable":true,"href":"https:\/\/hairdeluxe.ee\/fi\/wp-json\/wp\/v2\/product_cat?post=39975"},{"taxonomy":"product_tag","embeddable":true,"href":"https:\/\/hairdeluxe.ee\/fi\/wp-json\/wp\/v2\/product_tag?post=39975"}],"curies":[{"name":"wp","href":"https:\/\/api.w.org\/{rel}","templated":true}]}}