{"id":39978,"date":"2024-02-03T09:56:01","date_gmt":"2024-02-03T07:56:01","guid":{"rendered":"https:\/\/blowbar.ee\/toode\/balmain-hair-mask-varvitud-juustele-couleurs-couture-mask-50ml-travel\/"},"modified":"2025-03-18T19:22:24","modified_gmt":"2025-03-18T19:22:24","slug":"balmain-mask-varvitud-juustele-couleurs-couture-mask-50ml-travel","status":"publish","type":"product","link":"https:\/\/hairdeluxe.ee\/fi\/product\/balmain-mask-varvitud-juustele-couleurs-couture-mask-50ml-travel\/","title":{"rendered":"BALMAIN HAIR mask v\u00e4rvitud juustele \/ Couleurs Couture Mask 50ml travel"},"content":{"rendered":"<p><em><strong>Koostis:<\/strong> Aqua, Sodium Laureth Sulfate, Cocamidopropyl Hydroxysultaine, Cocamidopropyl Betaine, Polysorbate 20, Glycerin, Sodium Lauroyl Methyl Isethionate, Glycol Distearate, Betaine, PEG-40 Hydrogenated Castor Oil, Hydrolyzed Keratin, Silk Amino Acids, Argania Spinosa Kernel Oil, Helianthus Annuus Seed Oil, Macadamia Ternifolia Seed Oil, Cocos Nucifera Oil, Glycine Soja Oil, Gardenia Tahitensis Flower Extract, Rosmarinus Officinalis Leaf Extract, Chenopodium Quinoa Seed Extract, Tocopherol, Aloe Barbadensis Leaf Juice, Sodium Hyaluronate, Tocopheryl Acetate, Panthenol, Pantolactone,\u00a0Allantoin, Guar Hydroxypropyltrimonium Chloride, Polyquaternium-53, Amodimethicone\/Morpholinomethyl Silsesquioxane Copolymer, Trideceth-5, Dimethylpabamidopropyl Laurdimonium Tosylate, Benzophenone-4, Parfum, Phenoxyethanol, Sodium Benzoate, Benzoic Acid, Acrylates Crosspolymer-4, PEG\/PPG-15\/15 Dimethicone, Iodopropynyl\u00a0Butylcarbamate, Trisodium Ethylenediamine Disuccinate, PEG-150 Pentaerythrityl\u00a0Tetrastearate, PEG-6 Caprylic\/Capric Glycerides, Sodium Chloride, Sodium Hydroxide,\u00a0Lactic Acid, Laureth-4, Sorbic Acid, Dimethicone, PCA Dimethicone Crosspolymer, Butylene\u00a0Glycol, Caprylyl Glycol, Hexylene Glycol, Citric Acid<\/em><\/p>\n","protected":false},"excerpt":{"rendered":"<p>Rikkalik juuste spaahooldus v\u00e4rvitud, kahjustatud ja \u00fclet\u00f6\u00f6deldud juustele. Rikastatud argaania eliksiiri, siidi- ja ka\u0161miirivalgu ning merevaikhappe v\u00f5imsa seguga, mis tugevdab ja kaitseb juuksestruktuuri. Couleurs Couture Care Collection soodustab v\u00e4rvi pikaealisust, parandab, tugevdab ja elustab juukseid s\u00fcgavuti ning j\u00e4tab juuksed \u00e4\u00e4rmiselt pehmeks. T\u00e4iustatud valem on rikastatud k\u00f5rgeima kvaliteediga koostisosade ja iseloomuliku l\u00f5hnaga.<br \/>\n&#8211; Toitev juuste spaa mask<br \/>\n&#8211; Soodustab juuste v\u00e4rvi pikaealisust<br \/>\n&#8211; Tugevdab juukseid ja niisutab juukseid<\/p>\n<p><strong>Kasutamine:<\/strong> Kandke maski r\u00e4tikukuivade juuste otstele ja keskosale, masseerige \u00f5rnalt ja loputage hoolikalt 10-15 minuti p\u00e4rast.<br \/>\nKasutage seda koos Couleurs Couture \u0161ampooniga, et pikendada v\u00e4rvi kestvust, parandamaks, tugevdamaks ning juuste elustamiseks s\u00fcgavuti seestpoolt. L\u00f5petage juuksepesu palsamiga, mis toidab, harutab lahti ja tugevdab kahjustatud ja \u00fclet\u00f6\u00f6deldud juukseid.\u2060<\/p>\n<p>Kogus: 50ml<\/p>\n","protected":false},"featured_media":35764,"template":"","meta":[],"product_brand":[464],"product_cat":[266,265,271,208,121,278,217,158,170,282],"product_tag":[],"class_list":{"0":"post-39978","1":"product","2":"type-product","3":"status-publish","4":"has-post-thumbnail","6":"product_brand-balmain-hair","7":"product_cat-balmain-hair","8":"product_cat-brandid","9":"product_cat-juuksehooldus-reisile","10":"product_cat-juuksehooldus","11":"product_cat-koik-tooted","12":"product_cat-kollektsioonid","13":"product_cat-maskid-ja-hooldus","14":"product_cat-populaarsed","15":"product_cat-reisile","16":"product_cat-varvitud-juustele-couleurs-couture","18":"first","19":"instock","20":"taxable","21":"shipping-taxable","22":"purchasable","23":"product-type-simple","24":"add-to-wishlist-after_add_to_cart"},"yoast_head":"<!-- This site is optimized with the Yoast SEO plugin v27.3 - https:\/\/yoast.com\/product\/yoast-seo-wordpress\/ -->\n<title>BALMAIN HAIR mask v\u00e4rvitud juustele \/ Couleurs Couture Mask 50ml travel - Hair Deluxe<\/title>\n<meta name=\"robots\" content=\"index, follow, max-snippet:-1, max-image-preview:large, max-video-preview:-1\" \/>\n<link rel=\"canonical\" href=\"https:\/\/hairdeluxe.ee\/fi\/product\/balmain-mask-varvitud-juustele-couleurs-couture-mask-50ml-travel\/\" \/>\n<meta property=\"og:locale\" content=\"fi_FI\" \/>\n<meta property=\"og:type\" content=\"article\" \/>\n<meta property=\"og:title\" content=\"BALMAIN HAIR mask v\u00e4rvitud juustele \/ Couleurs Couture Mask 50ml travel - Hair Deluxe\" \/>\n<meta property=\"og:description\" content=\"Rikkalik juuste spaahooldus v\u00e4rvitud, kahjustatud ja \u00fclet\u00f6\u00f6deldud juustele. Rikastatud argaania eliksiiri, siidi- ja ka\u0161miirivalgu ning merevaikhappe v\u00f5imsa seguga, mis tugevdab ja kaitseb juuksestruktuuri. Couleurs Couture Care Collection soodustab v\u00e4rvi pikaealisust, parandab, tugevdab ja elustab juukseid s\u00fcgavuti ning j\u00e4tab juuksed \u00e4\u00e4rmiselt pehmeks. T\u00e4iustatud valem on rikastatud k\u00f5rgeima kvaliteediga koostisosade ja iseloomuliku l\u00f5hnaga. - Toitev juuste spaa mask - Soodustab juuste v\u00e4rvi pikaealisust - Tugevdab juukseid ja niisutab juukseid Kasutamine: Kandke maski r\u00e4tikukuivade juuste otstele ja keskosale, masseerige \u00f5rnalt ja loputage hoolikalt 10-15 minuti p\u00e4rast. Kasutage seda koos Couleurs Couture \u0161ampooniga, et pikendada v\u00e4rvi kestvust, parandamaks, tugevdamaks ning juuste elustamiseks s\u00fcgavuti seestpoolt. L\u00f5petage juuksepesu palsamiga, mis toidab, harutab lahti ja tugevdab kahjustatud ja \u00fclet\u00f6\u00f6deldud juukseid.\u2060 Kogus: 50ml\" \/>\n<meta property=\"og:url\" content=\"https:\/\/hairdeluxe.ee\/fi\/product\/balmain-mask-varvitud-juustele-couleurs-couture-mask-50ml-travel\/\" \/>\n<meta property=\"og:site_name\" content=\"Hair Deluxe\" \/>\n<meta property=\"article:publisher\" content=\"https:\/\/www.facebook.com\/blowbartallinn\" \/>\n<meta property=\"article:modified_time\" content=\"2025-03-18T19:22:24+00:00\" \/>\n<meta property=\"og:image\" content=\"https:\/\/hairdeluxe.ee\/wp-content\/uploads\/2024\/02\/balmainhair_care_couleurscouture_mask_travelsize_50ml_cs_s_m_cc_50_lr.jpg\" \/>\n\t<meta property=\"og:image:width\" content=\"1024\" \/>\n\t<meta property=\"og:image:height\" content=\"1024\" \/>\n\t<meta property=\"og:image:type\" content=\"image\/jpeg\" \/>\n<meta name=\"twitter:card\" content=\"summary_large_image\" \/>\n<meta name=\"twitter:label1\" content=\"Arvioitu lukuaika\" \/>\n\t<meta name=\"twitter:data1\" content=\"1 minuutti\" \/>\n<script type=\"application\/ld+json\" class=\"yoast-schema-graph\">{\"@context\":\"https:\\\/\\\/schema.org\",\"@graph\":[{\"@type\":\"WebPage\",\"@id\":\"https:\\\/\\\/hairdeluxe.ee\\\/fi\\\/product\\\/balmain-mask-varvitud-juustele-couleurs-couture-mask-50ml-travel\\\/\",\"url\":\"https:\\\/\\\/hairdeluxe.ee\\\/fi\\\/product\\\/balmain-mask-varvitud-juustele-couleurs-couture-mask-50ml-travel\\\/\",\"name\":\"BALMAIN HAIR mask v\u00e4rvitud juustele \\\/ Couleurs Couture Mask 50ml travel - Hair Deluxe\",\"isPartOf\":{\"@id\":\"https:\\\/\\\/hairdeluxe.ee\\\/fi\\\/#website\"},\"primaryImageOfPage\":{\"@id\":\"https:\\\/\\\/hairdeluxe.ee\\\/fi\\\/product\\\/balmain-mask-varvitud-juustele-couleurs-couture-mask-50ml-travel\\\/#primaryimage\"},\"image\":{\"@id\":\"https:\\\/\\\/hairdeluxe.ee\\\/fi\\\/product\\\/balmain-mask-varvitud-juustele-couleurs-couture-mask-50ml-travel\\\/#primaryimage\"},\"thumbnailUrl\":\"https:\\\/\\\/hairdeluxe.ee\\\/wp-content\\\/uploads\\\/2024\\\/02\\\/balmainhair_care_couleurscouture_mask_travelsize_50ml_cs_s_m_cc_50_lr.jpg\",\"datePublished\":\"2024-02-03T07:56:01+00:00\",\"dateModified\":\"2025-03-18T19:22:24+00:00\",\"breadcrumb\":{\"@id\":\"https:\\\/\\\/hairdeluxe.ee\\\/fi\\\/product\\\/balmain-mask-varvitud-juustele-couleurs-couture-mask-50ml-travel\\\/#breadcrumb\"},\"inLanguage\":\"fi\",\"potentialAction\":[{\"@type\":\"ReadAction\",\"target\":[\"https:\\\/\\\/hairdeluxe.ee\\\/fi\\\/product\\\/balmain-mask-varvitud-juustele-couleurs-couture-mask-50ml-travel\\\/\"]}]},{\"@type\":\"ImageObject\",\"inLanguage\":\"fi\",\"@id\":\"https:\\\/\\\/hairdeluxe.ee\\\/fi\\\/product\\\/balmain-mask-varvitud-juustele-couleurs-couture-mask-50ml-travel\\\/#primaryimage\",\"url\":\"https:\\\/\\\/hairdeluxe.ee\\\/wp-content\\\/uploads\\\/2024\\\/02\\\/balmainhair_care_couleurscouture_mask_travelsize_50ml_cs_s_m_cc_50_lr.jpg\",\"contentUrl\":\"https:\\\/\\\/hairdeluxe.ee\\\/wp-content\\\/uploads\\\/2024\\\/02\\\/balmainhair_care_couleurscouture_mask_travelsize_50ml_cs_s_m_cc_50_lr.jpg\",\"width\":1024,\"height\":1024},{\"@type\":\"BreadcrumbList\",\"@id\":\"https:\\\/\\\/hairdeluxe.ee\\\/fi\\\/product\\\/balmain-mask-varvitud-juustele-couleurs-couture-mask-50ml-travel\\\/#breadcrumb\",\"itemListElement\":[{\"@type\":\"ListItem\",\"position\":1,\"name\":\"Home\",\"item\":\"https:\\\/\\\/hairdeluxe.ee\\\/fi\\\/\"},{\"@type\":\"ListItem\",\"position\":2,\"name\":\"Kauppa\",\"item\":\"https:\\\/\\\/hairdeluxe.ee\\\/fi\\\/shop\\\/\"},{\"@type\":\"ListItem\",\"position\":3,\"name\":\"BALMAIN HAIR mask v\u00e4rvitud juustele \\\/ Couleurs Couture Mask 50ml travel\"}]},{\"@type\":\"WebSite\",\"@id\":\"https:\\\/\\\/hairdeluxe.ee\\\/fi\\\/#website\",\"url\":\"https:\\\/\\\/hairdeluxe.ee\\\/fi\\\/\",\"name\":\"Hair Deluxe\",\"description\":\"Highlight your natural beauty\",\"publisher\":{\"@id\":\"https:\\\/\\\/hairdeluxe.ee\\\/fi\\\/#organization\"},\"potentialAction\":[{\"@type\":\"SearchAction\",\"target\":{\"@type\":\"EntryPoint\",\"urlTemplate\":\"https:\\\/\\\/hairdeluxe.ee\\\/fi\\\/?s={search_term_string}\"},\"query-input\":{\"@type\":\"PropertyValueSpecification\",\"valueRequired\":true,\"valueName\":\"search_term_string\"}}],\"inLanguage\":\"fi\"},{\"@type\":\"Organization\",\"@id\":\"https:\\\/\\\/hairdeluxe.ee\\\/fi\\\/#organization\",\"name\":\"Hair Deluxe\",\"url\":\"https:\\\/\\\/hairdeluxe.ee\\\/fi\\\/\",\"logo\":{\"@type\":\"ImageObject\",\"inLanguage\":\"fi\",\"@id\":\"https:\\\/\\\/hairdeluxe.ee\\\/fi\\\/#\\\/schema\\\/logo\\\/image\\\/\",\"url\":\"https:\\\/\\\/hairdeluxe.ee\\\/wp-content\\\/uploads\\\/2024\\\/06\\\/Hair-Deluxe-Logo-Dark-font.png\",\"contentUrl\":\"https:\\\/\\\/hairdeluxe.ee\\\/wp-content\\\/uploads\\\/2024\\\/06\\\/Hair-Deluxe-Logo-Dark-font.png\",\"width\":467,\"height\":177,\"caption\":\"Hair Deluxe\"},\"image\":{\"@id\":\"https:\\\/\\\/hairdeluxe.ee\\\/fi\\\/#\\\/schema\\\/logo\\\/image\\\/\"},\"sameAs\":[\"https:\\\/\\\/www.facebook.com\\\/blowbartallinn\",\"https:\\\/\\\/www.instagram.com\\\/blowbar_tallinn\"]}]}<\/script>\n<!-- \/ Yoast SEO plugin. -->","yoast_head_json":{"title":"BALMAIN HAIR mask v\u00e4rvitud juustele \/ Couleurs Couture Mask 50ml travel - Hair Deluxe","robots":{"index":"index","follow":"follow","max-snippet":"max-snippet:-1","max-image-preview":"max-image-preview:large","max-video-preview":"max-video-preview:-1"},"canonical":"https:\/\/hairdeluxe.ee\/fi\/product\/balmain-mask-varvitud-juustele-couleurs-couture-mask-50ml-travel\/","og_locale":"fi_FI","og_type":"article","og_title":"BALMAIN HAIR mask v\u00e4rvitud juustele \/ Couleurs Couture Mask 50ml travel - Hair Deluxe","og_description":"Rikkalik juuste spaahooldus v\u00e4rvitud, kahjustatud ja \u00fclet\u00f6\u00f6deldud juustele. Rikastatud argaania eliksiiri, siidi- ja ka\u0161miirivalgu ning merevaikhappe v\u00f5imsa seguga, mis tugevdab ja kaitseb juuksestruktuuri. Couleurs Couture Care Collection soodustab v\u00e4rvi pikaealisust, parandab, tugevdab ja elustab juukseid s\u00fcgavuti ning j\u00e4tab juuksed \u00e4\u00e4rmiselt pehmeks. T\u00e4iustatud valem on rikastatud k\u00f5rgeima kvaliteediga koostisosade ja iseloomuliku l\u00f5hnaga. - Toitev juuste spaa mask - Soodustab juuste v\u00e4rvi pikaealisust - Tugevdab juukseid ja niisutab juukseid Kasutamine: Kandke maski r\u00e4tikukuivade juuste otstele ja keskosale, masseerige \u00f5rnalt ja loputage hoolikalt 10-15 minuti p\u00e4rast. Kasutage seda koos Couleurs Couture \u0161ampooniga, et pikendada v\u00e4rvi kestvust, parandamaks, tugevdamaks ning juuste elustamiseks s\u00fcgavuti seestpoolt. L\u00f5petage juuksepesu palsamiga, mis toidab, harutab lahti ja tugevdab kahjustatud ja \u00fclet\u00f6\u00f6deldud juukseid.\u2060 Kogus: 50ml","og_url":"https:\/\/hairdeluxe.ee\/fi\/product\/balmain-mask-varvitud-juustele-couleurs-couture-mask-50ml-travel\/","og_site_name":"Hair Deluxe","article_publisher":"https:\/\/www.facebook.com\/blowbartallinn","article_modified_time":"2025-03-18T19:22:24+00:00","og_image":[{"width":1024,"height":1024,"url":"https:\/\/hairdeluxe.ee\/wp-content\/uploads\/2024\/02\/balmainhair_care_couleurscouture_mask_travelsize_50ml_cs_s_m_cc_50_lr.jpg","type":"image\/jpeg"}],"twitter_card":"summary_large_image","twitter_misc":{"Arvioitu lukuaika":"1 minuutti"},"schema":{"@context":"https:\/\/schema.org","@graph":[{"@type":"WebPage","@id":"https:\/\/hairdeluxe.ee\/fi\/product\/balmain-mask-varvitud-juustele-couleurs-couture-mask-50ml-travel\/","url":"https:\/\/hairdeluxe.ee\/fi\/product\/balmain-mask-varvitud-juustele-couleurs-couture-mask-50ml-travel\/","name":"BALMAIN HAIR mask v\u00e4rvitud juustele \/ Couleurs Couture Mask 50ml travel - Hair Deluxe","isPartOf":{"@id":"https:\/\/hairdeluxe.ee\/fi\/#website"},"primaryImageOfPage":{"@id":"https:\/\/hairdeluxe.ee\/fi\/product\/balmain-mask-varvitud-juustele-couleurs-couture-mask-50ml-travel\/#primaryimage"},"image":{"@id":"https:\/\/hairdeluxe.ee\/fi\/product\/balmain-mask-varvitud-juustele-couleurs-couture-mask-50ml-travel\/#primaryimage"},"thumbnailUrl":"https:\/\/hairdeluxe.ee\/wp-content\/uploads\/2024\/02\/balmainhair_care_couleurscouture_mask_travelsize_50ml_cs_s_m_cc_50_lr.jpg","datePublished":"2024-02-03T07:56:01+00:00","dateModified":"2025-03-18T19:22:24+00:00","breadcrumb":{"@id":"https:\/\/hairdeluxe.ee\/fi\/product\/balmain-mask-varvitud-juustele-couleurs-couture-mask-50ml-travel\/#breadcrumb"},"inLanguage":"fi","potentialAction":[{"@type":"ReadAction","target":["https:\/\/hairdeluxe.ee\/fi\/product\/balmain-mask-varvitud-juustele-couleurs-couture-mask-50ml-travel\/"]}]},{"@type":"ImageObject","inLanguage":"fi","@id":"https:\/\/hairdeluxe.ee\/fi\/product\/balmain-mask-varvitud-juustele-couleurs-couture-mask-50ml-travel\/#primaryimage","url":"https:\/\/hairdeluxe.ee\/wp-content\/uploads\/2024\/02\/balmainhair_care_couleurscouture_mask_travelsize_50ml_cs_s_m_cc_50_lr.jpg","contentUrl":"https:\/\/hairdeluxe.ee\/wp-content\/uploads\/2024\/02\/balmainhair_care_couleurscouture_mask_travelsize_50ml_cs_s_m_cc_50_lr.jpg","width":1024,"height":1024},{"@type":"BreadcrumbList","@id":"https:\/\/hairdeluxe.ee\/fi\/product\/balmain-mask-varvitud-juustele-couleurs-couture-mask-50ml-travel\/#breadcrumb","itemListElement":[{"@type":"ListItem","position":1,"name":"Home","item":"https:\/\/hairdeluxe.ee\/fi\/"},{"@type":"ListItem","position":2,"name":"Kauppa","item":"https:\/\/hairdeluxe.ee\/fi\/shop\/"},{"@type":"ListItem","position":3,"name":"BALMAIN HAIR mask v\u00e4rvitud juustele \/ Couleurs Couture Mask 50ml travel"}]},{"@type":"WebSite","@id":"https:\/\/hairdeluxe.ee\/fi\/#website","url":"https:\/\/hairdeluxe.ee\/fi\/","name":"Hair Deluxe","description":"Highlight your natural beauty","publisher":{"@id":"https:\/\/hairdeluxe.ee\/fi\/#organization"},"potentialAction":[{"@type":"SearchAction","target":{"@type":"EntryPoint","urlTemplate":"https:\/\/hairdeluxe.ee\/fi\/?s={search_term_string}"},"query-input":{"@type":"PropertyValueSpecification","valueRequired":true,"valueName":"search_term_string"}}],"inLanguage":"fi"},{"@type":"Organization","@id":"https:\/\/hairdeluxe.ee\/fi\/#organization","name":"Hair Deluxe","url":"https:\/\/hairdeluxe.ee\/fi\/","logo":{"@type":"ImageObject","inLanguage":"fi","@id":"https:\/\/hairdeluxe.ee\/fi\/#\/schema\/logo\/image\/","url":"https:\/\/hairdeluxe.ee\/wp-content\/uploads\/2024\/06\/Hair-Deluxe-Logo-Dark-font.png","contentUrl":"https:\/\/hairdeluxe.ee\/wp-content\/uploads\/2024\/06\/Hair-Deluxe-Logo-Dark-font.png","width":467,"height":177,"caption":"Hair Deluxe"},"image":{"@id":"https:\/\/hairdeluxe.ee\/fi\/#\/schema\/logo\/image\/"},"sameAs":["https:\/\/www.facebook.com\/blowbartallinn","https:\/\/www.instagram.com\/blowbar_tallinn"]}]}},"_links":{"self":[{"href":"https:\/\/hairdeluxe.ee\/fi\/wp-json\/wp\/v2\/product\/39978","targetHints":{"allow":["GET"]}}],"collection":[{"href":"https:\/\/hairdeluxe.ee\/fi\/wp-json\/wp\/v2\/product"}],"about":[{"href":"https:\/\/hairdeluxe.ee\/fi\/wp-json\/wp\/v2\/types\/product"}],"wp:featuredmedia":[{"embeddable":true,"href":"https:\/\/hairdeluxe.ee\/fi\/wp-json\/wp\/v2\/media\/35764"}],"wp:attachment":[{"href":"https:\/\/hairdeluxe.ee\/fi\/wp-json\/wp\/v2\/media?parent=39978"}],"wp:term":[{"taxonomy":"product_brand","embeddable":true,"href":"https:\/\/hairdeluxe.ee\/fi\/wp-json\/wp\/v2\/product_brand?post=39978"},{"taxonomy":"product_cat","embeddable":true,"href":"https:\/\/hairdeluxe.ee\/fi\/wp-json\/wp\/v2\/product_cat?post=39978"},{"taxonomy":"product_tag","embeddable":true,"href":"https:\/\/hairdeluxe.ee\/fi\/wp-json\/wp\/v2\/product_tag?post=39978"}],"curies":[{"name":"wp","href":"https:\/\/api.w.org\/{rel}","templated":true}]}}