{"id":50450,"date":"2025-01-07T19:01:48","date_gmt":"2025-01-07T19:01:48","guid":{"rendered":"https:\/\/hairdeluxe.ee\/?post_type=product&#038;p=50450"},"modified":"2025-03-18T19:22:18","modified_gmt":"2025-03-18T19:22:18","slug":"balmain-hair-tooniv-juuksemask-copper-illuminating-copper-hair-mask-150ml","status":"publish","type":"product","link":"https:\/\/hairdeluxe.ee\/fi\/product\/balmain-hair-tooniv-juuksemask-copper-illuminating-copper-hair-mask-150ml\/","title":{"rendered":"BALMAIN HAIR tooniv juuksemask Copper \/ Illuminating Copper Hair Mask 150ml"},"content":{"rendered":"<p>Anna oma juustele eluj\u00f5udu ning l\u00e4iget suurep\u00e4rase Copper juuksemaskiga.<br \/>\nCopper Illuminating Hair Mask on spetsialistide valitud koostisosade ja toimeainetega, et luua kauneid vasekarva ja sooje toone helestatud v\u00f5i v\u00e4rvitud juustele, tagades salongihooldusele sarnase kvaliteedi ning tulemuse.<br \/>\nRikastatud merevaikhappe ja juuksekarva molekulaarstruktuuri taastavate komponentidega. See s\u00fcgavniistutav ning toitev juuksemask tungib s\u00fcgavale juuksekarva struktuuri, parandades ja tugevdades seda seestpoolt, suurendade juuste kauakestvat vastupidavust. Intensiivne niisutus taastab kuivade ja kahjustatud juuste niiskustaseme, muutes juuksed pehmeks, siledaks ja l\u00e4ikivateks.<br \/>\nNii helestatud, kui ka v\u00e4rvitud juustele m\u00f5eldud tooniv juuksemask pakub spaa-kvaliteediga hooldust, suurendades l\u00e4iget ja s\u00e4ilitades rikkalikud soojad toonid.<br \/>\nNautige tulemusi, mis kestavad kuni 8 pesukorda, pakkudes juustele pikemat eluj\u00f5udu, niisutust ja taastatust.<br \/>\nSaavutage juuksed, mis n\u00e4evad v\u00e4lja ja tunduvad sama v\u00e4rskena kui p\u00e4rast professionaalset hooldust.<\/p>\n<p><b>Juuste ettevalmistus ja ettevaatusabin\u00f5ud:<\/b><br \/>\n\u2013 V\u00e4ltige eelnevat blondeeria kasutamist, kuna see v\u00f5ib p\u00f5hjustada v\u00e4rvimuutust.<br \/>\n\u2013 Pealekandmise ja levitamise ajal on soovitatav kanda kindaid.<\/p>\n<p><strong>Kasutamine:<\/strong><br \/>\n1. Pestke juuksed ja peanahk Balmain Hair Couleurs Couture \u0161ampooniga puhtaks. Loputage hoolikalt ning pigistage juuksed kuivaks, et ei tilguks.<br \/>\n2. Levitage Balmain Hair Illuminating Hair Mask \u00fchtlaselt juuste juurtest juuste otsteni, kasutades laiapiilist juuksekammi v\u00f5i peanaha masseerijat.<br \/>\n3. Olenevalt soovitud juukse v\u00e4rvitooni intensiivsusest laske toimida 5-15 minutit. Loputage hoolikalt.<br \/>\n4. V\u00e4rvipigmentide kindlamaks lukustamiseks juuksekarva ja kutiikuli sulgemiseks kasutage Balmain Hair Couleurs Couture palsamit. Loputage hoolikalt.<br \/>\n5. Enne f\u00f6\u00f6nitamist pihustage juustesse Balmain Hair Leave in palsamit. See toode tagab kuni 160 kraadise kuumakaitse.<\/p>\n","protected":false},"excerpt":{"rendered":"<p>Copper Illuminating Hair Mask on loodud soojade vasekarva toonide juustes esiletoomiseks. Kogege oma soengus uusi erksaid Copper blonde toone ja nautige kauakestvat juuksev\u00e4rvi s\u00e4ilivust. Samal ajal tagades juuste s\u00fcgavniisutuse, mugava ning kerge juukseharja libisemise l\u00e4bi juuste \u2013 seda k\u00f5ike saate teha mugavalt koduses juuksehoolitsuses.<\/p>\n<p>\u2013 Annab vasekarva sooja tooni<br \/>\n\u2013 Parandab juuste struktuuri, v\u00e4ldib juuste katkemist<br \/>\n\u2013 S\u00fcgavniisutav<br \/>\n\u2013 Kestab kuni 8 pesukorda<\/p>\n","protected":false},"featured_media":50347,"template":"","meta":[],"product_brand":[464],"product_cat":[266,208,121,217,192,282],"product_tag":[],"class_list":{"0":"post-50450","1":"product","2":"type-product","3":"status-publish","4":"has-post-thumbnail","6":"product_brand-balmain-hair","7":"product_cat-balmain-hair","8":"product_cat-juuksehooldus","9":"product_cat-koik-tooted","10":"product_cat-maskid-ja-hooldus","11":"product_cat-uued-tooted","12":"product_cat-varvitud-juustele-couleurs-couture","14":"first","15":"instock","16":"taxable","17":"shipping-taxable","18":"purchasable","19":"product-type-simple","20":"add-to-wishlist-after_add_to_cart"},"yoast_head":"<!-- This site is optimized with the Yoast SEO plugin v27.5 - https:\/\/yoast.com\/product\/yoast-seo-wordpress\/ -->\n<title>BALMAIN HAIR tooniv juuksemask Copper \/ Illuminating Copper Hair Mask 150ml - Hair Deluxe<\/title>\n<meta name=\"description\" content=\"Copper Illuminating Hair Mask on loodud soojade vasekarva toonide juustes esiletoomiseks. Samal ajal tagades juuste s\u00fcgavniisutuse\" \/>\n<meta name=\"robots\" content=\"index, follow, max-snippet:-1, max-image-preview:large, max-video-preview:-1\" \/>\n<link rel=\"canonical\" href=\"https:\/\/hairdeluxe.ee\/fi\/product\/balmain-hair-tooniv-juuksemask-copper-illuminating-copper-hair-mask-150ml\/\" \/>\n<meta property=\"og:locale\" content=\"fi_FI\" \/>\n<meta property=\"og:type\" content=\"article\" \/>\n<meta property=\"og:title\" content=\"BALMAIN HAIR tooniv juuksemask Copper \/ Illuminating Copper Hair Mask 150ml - Hair Deluxe\" \/>\n<meta property=\"og:description\" content=\"Copper Illuminating Hair Mask on loodud soojade vasekarva toonide juustes esiletoomiseks. Samal ajal tagades juuste s\u00fcgavniisutuse\" \/>\n<meta property=\"og:url\" content=\"https:\/\/hairdeluxe.ee\/fi\/product\/balmain-hair-tooniv-juuksemask-copper-illuminating-copper-hair-mask-150ml\/\" \/>\n<meta property=\"og:site_name\" content=\"Hair Deluxe\" \/>\n<meta property=\"article:publisher\" content=\"https:\/\/www.facebook.com\/blowbartallinn\" \/>\n<meta property=\"article:modified_time\" content=\"2025-03-18T19:22:18+00:00\" \/>\n<meta property=\"og:image\" content=\"https:\/\/hairdeluxe.ee\/wp-content\/uploads\/2025\/01\/BalmainHair_CARE_CC_Illuminating_Mask_Copper_150ml_CS_S_M_CC_IL_C_150_01_1200x1200.jpg\" \/>\n\t<meta property=\"og:image:width\" content=\"1200\" \/>\n\t<meta property=\"og:image:height\" content=\"1200\" \/>\n\t<meta property=\"og:image:type\" content=\"image\/jpeg\" \/>\n<meta name=\"twitter:card\" content=\"summary_large_image\" \/>\n<meta name=\"twitter:label1\" content=\"Arvioitu lukuaika\" \/>\n\t<meta name=\"twitter:data1\" content=\"2 minuuttia\" \/>\n<script type=\"application\/ld+json\" class=\"yoast-schema-graph\">{\"@context\":\"https:\\\/\\\/schema.org\",\"@graph\":[{\"@type\":\"WebPage\",\"@id\":\"https:\\\/\\\/hairdeluxe.ee\\\/fi\\\/product\\\/balmain-hair-tooniv-juuksemask-copper-illuminating-copper-hair-mask-150ml\\\/\",\"url\":\"https:\\\/\\\/hairdeluxe.ee\\\/fi\\\/product\\\/balmain-hair-tooniv-juuksemask-copper-illuminating-copper-hair-mask-150ml\\\/\",\"name\":\"BALMAIN HAIR tooniv juuksemask Copper \\\/ Illuminating Copper Hair Mask 150ml - Hair Deluxe\",\"isPartOf\":{\"@id\":\"https:\\\/\\\/hairdeluxe.ee\\\/fi\\\/#website\"},\"primaryImageOfPage\":{\"@id\":\"https:\\\/\\\/hairdeluxe.ee\\\/fi\\\/product\\\/balmain-hair-tooniv-juuksemask-copper-illuminating-copper-hair-mask-150ml\\\/#primaryimage\"},\"image\":{\"@id\":\"https:\\\/\\\/hairdeluxe.ee\\\/fi\\\/product\\\/balmain-hair-tooniv-juuksemask-copper-illuminating-copper-hair-mask-150ml\\\/#primaryimage\"},\"thumbnailUrl\":\"https:\\\/\\\/hairdeluxe.ee\\\/wp-content\\\/uploads\\\/2025\\\/01\\\/BalmainHair_CARE_CC_Illuminating_Mask_Copper_150ml_CS_S_M_CC_IL_C_150_01_1200x1200.jpg\",\"datePublished\":\"2025-01-07T19:01:48+00:00\",\"dateModified\":\"2025-03-18T19:22:18+00:00\",\"description\":\"Copper Illuminating Hair Mask on loodud soojade vasekarva toonide juustes esiletoomiseks. Samal ajal tagades juuste s\u00fcgavniisutuse\",\"breadcrumb\":{\"@id\":\"https:\\\/\\\/hairdeluxe.ee\\\/fi\\\/product\\\/balmain-hair-tooniv-juuksemask-copper-illuminating-copper-hair-mask-150ml\\\/#breadcrumb\"},\"inLanguage\":\"fi\",\"potentialAction\":[{\"@type\":\"ReadAction\",\"target\":[\"https:\\\/\\\/hairdeluxe.ee\\\/fi\\\/product\\\/balmain-hair-tooniv-juuksemask-copper-illuminating-copper-hair-mask-150ml\\\/\"]}]},{\"@type\":\"ImageObject\",\"inLanguage\":\"fi\",\"@id\":\"https:\\\/\\\/hairdeluxe.ee\\\/fi\\\/product\\\/balmain-hair-tooniv-juuksemask-copper-illuminating-copper-hair-mask-150ml\\\/#primaryimage\",\"url\":\"https:\\\/\\\/hairdeluxe.ee\\\/wp-content\\\/uploads\\\/2025\\\/01\\\/BalmainHair_CARE_CC_Illuminating_Mask_Copper_150ml_CS_S_M_CC_IL_C_150_01_1200x1200.jpg\",\"contentUrl\":\"https:\\\/\\\/hairdeluxe.ee\\\/wp-content\\\/uploads\\\/2025\\\/01\\\/BalmainHair_CARE_CC_Illuminating_Mask_Copper_150ml_CS_S_M_CC_IL_C_150_01_1200x1200.jpg\",\"width\":1200,\"height\":1200},{\"@type\":\"BreadcrumbList\",\"@id\":\"https:\\\/\\\/hairdeluxe.ee\\\/fi\\\/product\\\/balmain-hair-tooniv-juuksemask-copper-illuminating-copper-hair-mask-150ml\\\/#breadcrumb\",\"itemListElement\":[{\"@type\":\"ListItem\",\"position\":1,\"name\":\"Home\",\"item\":\"https:\\\/\\\/hairdeluxe.ee\\\/fi\\\/\"},{\"@type\":\"ListItem\",\"position\":2,\"name\":\"Kauppa\",\"item\":\"https:\\\/\\\/hairdeluxe.ee\\\/fi\\\/shop\\\/\"},{\"@type\":\"ListItem\",\"position\":3,\"name\":\"BALMAIN HAIR tooniv juuksemask Copper \\\/ Illuminating Copper Hair Mask 150ml\"}]},{\"@type\":\"WebSite\",\"@id\":\"https:\\\/\\\/hairdeluxe.ee\\\/fi\\\/#website\",\"url\":\"https:\\\/\\\/hairdeluxe.ee\\\/fi\\\/\",\"name\":\"Hair Deluxe\",\"description\":\"Highlight your natural beauty\",\"publisher\":{\"@id\":\"https:\\\/\\\/hairdeluxe.ee\\\/fi\\\/#organization\"},\"potentialAction\":[{\"@type\":\"SearchAction\",\"target\":{\"@type\":\"EntryPoint\",\"urlTemplate\":\"https:\\\/\\\/hairdeluxe.ee\\\/fi\\\/?s={search_term_string}\"},\"query-input\":{\"@type\":\"PropertyValueSpecification\",\"valueRequired\":true,\"valueName\":\"search_term_string\"}}],\"inLanguage\":\"fi\"},{\"@type\":\"Organization\",\"@id\":\"https:\\\/\\\/hairdeluxe.ee\\\/fi\\\/#organization\",\"name\":\"Hair Deluxe\",\"url\":\"https:\\\/\\\/hairdeluxe.ee\\\/fi\\\/\",\"logo\":{\"@type\":\"ImageObject\",\"inLanguage\":\"fi\",\"@id\":\"https:\\\/\\\/hairdeluxe.ee\\\/fi\\\/#\\\/schema\\\/logo\\\/image\\\/\",\"url\":\"https:\\\/\\\/hairdeluxe.ee\\\/wp-content\\\/uploads\\\/2024\\\/06\\\/Hair-Deluxe-Logo-Dark-font.png\",\"contentUrl\":\"https:\\\/\\\/hairdeluxe.ee\\\/wp-content\\\/uploads\\\/2024\\\/06\\\/Hair-Deluxe-Logo-Dark-font.png\",\"width\":467,\"height\":177,\"caption\":\"Hair Deluxe\"},\"image\":{\"@id\":\"https:\\\/\\\/hairdeluxe.ee\\\/fi\\\/#\\\/schema\\\/logo\\\/image\\\/\"},\"sameAs\":[\"https:\\\/\\\/www.facebook.com\\\/blowbartallinn\",\"https:\\\/\\\/www.instagram.com\\\/blowbar_tallinn\"]}]}<\/script>\n<!-- \/ Yoast SEO plugin. -->","yoast_head_json":{"title":"BALMAIN HAIR tooniv juuksemask Copper \/ Illuminating Copper Hair Mask 150ml - Hair Deluxe","description":"Copper Illuminating Hair Mask on loodud soojade vasekarva toonide juustes esiletoomiseks. Samal ajal tagades juuste s\u00fcgavniisutuse","robots":{"index":"index","follow":"follow","max-snippet":"max-snippet:-1","max-image-preview":"max-image-preview:large","max-video-preview":"max-video-preview:-1"},"canonical":"https:\/\/hairdeluxe.ee\/fi\/product\/balmain-hair-tooniv-juuksemask-copper-illuminating-copper-hair-mask-150ml\/","og_locale":"fi_FI","og_type":"article","og_title":"BALMAIN HAIR tooniv juuksemask Copper \/ Illuminating Copper Hair Mask 150ml - Hair Deluxe","og_description":"Copper Illuminating Hair Mask on loodud soojade vasekarva toonide juustes esiletoomiseks. Samal ajal tagades juuste s\u00fcgavniisutuse","og_url":"https:\/\/hairdeluxe.ee\/fi\/product\/balmain-hair-tooniv-juuksemask-copper-illuminating-copper-hair-mask-150ml\/","og_site_name":"Hair Deluxe","article_publisher":"https:\/\/www.facebook.com\/blowbartallinn","article_modified_time":"2025-03-18T19:22:18+00:00","og_image":[{"width":1200,"height":1200,"url":"https:\/\/hairdeluxe.ee\/wp-content\/uploads\/2025\/01\/BalmainHair_CARE_CC_Illuminating_Mask_Copper_150ml_CS_S_M_CC_IL_C_150_01_1200x1200.jpg","type":"image\/jpeg"}],"twitter_card":"summary_large_image","twitter_misc":{"Arvioitu lukuaika":"2 minuuttia"},"schema":{"@context":"https:\/\/schema.org","@graph":[{"@type":"WebPage","@id":"https:\/\/hairdeluxe.ee\/fi\/product\/balmain-hair-tooniv-juuksemask-copper-illuminating-copper-hair-mask-150ml\/","url":"https:\/\/hairdeluxe.ee\/fi\/product\/balmain-hair-tooniv-juuksemask-copper-illuminating-copper-hair-mask-150ml\/","name":"BALMAIN HAIR tooniv juuksemask Copper \/ Illuminating Copper Hair Mask 150ml - Hair Deluxe","isPartOf":{"@id":"https:\/\/hairdeluxe.ee\/fi\/#website"},"primaryImageOfPage":{"@id":"https:\/\/hairdeluxe.ee\/fi\/product\/balmain-hair-tooniv-juuksemask-copper-illuminating-copper-hair-mask-150ml\/#primaryimage"},"image":{"@id":"https:\/\/hairdeluxe.ee\/fi\/product\/balmain-hair-tooniv-juuksemask-copper-illuminating-copper-hair-mask-150ml\/#primaryimage"},"thumbnailUrl":"https:\/\/hairdeluxe.ee\/wp-content\/uploads\/2025\/01\/BalmainHair_CARE_CC_Illuminating_Mask_Copper_150ml_CS_S_M_CC_IL_C_150_01_1200x1200.jpg","datePublished":"2025-01-07T19:01:48+00:00","dateModified":"2025-03-18T19:22:18+00:00","description":"Copper Illuminating Hair Mask on loodud soojade vasekarva toonide juustes esiletoomiseks. Samal ajal tagades juuste s\u00fcgavniisutuse","breadcrumb":{"@id":"https:\/\/hairdeluxe.ee\/fi\/product\/balmain-hair-tooniv-juuksemask-copper-illuminating-copper-hair-mask-150ml\/#breadcrumb"},"inLanguage":"fi","potentialAction":[{"@type":"ReadAction","target":["https:\/\/hairdeluxe.ee\/fi\/product\/balmain-hair-tooniv-juuksemask-copper-illuminating-copper-hair-mask-150ml\/"]}]},{"@type":"ImageObject","inLanguage":"fi","@id":"https:\/\/hairdeluxe.ee\/fi\/product\/balmain-hair-tooniv-juuksemask-copper-illuminating-copper-hair-mask-150ml\/#primaryimage","url":"https:\/\/hairdeluxe.ee\/wp-content\/uploads\/2025\/01\/BalmainHair_CARE_CC_Illuminating_Mask_Copper_150ml_CS_S_M_CC_IL_C_150_01_1200x1200.jpg","contentUrl":"https:\/\/hairdeluxe.ee\/wp-content\/uploads\/2025\/01\/BalmainHair_CARE_CC_Illuminating_Mask_Copper_150ml_CS_S_M_CC_IL_C_150_01_1200x1200.jpg","width":1200,"height":1200},{"@type":"BreadcrumbList","@id":"https:\/\/hairdeluxe.ee\/fi\/product\/balmain-hair-tooniv-juuksemask-copper-illuminating-copper-hair-mask-150ml\/#breadcrumb","itemListElement":[{"@type":"ListItem","position":1,"name":"Home","item":"https:\/\/hairdeluxe.ee\/fi\/"},{"@type":"ListItem","position":2,"name":"Kauppa","item":"https:\/\/hairdeluxe.ee\/fi\/shop\/"},{"@type":"ListItem","position":3,"name":"BALMAIN HAIR tooniv juuksemask Copper \/ Illuminating Copper Hair Mask 150ml"}]},{"@type":"WebSite","@id":"https:\/\/hairdeluxe.ee\/fi\/#website","url":"https:\/\/hairdeluxe.ee\/fi\/","name":"Hair Deluxe","description":"Highlight your natural beauty","publisher":{"@id":"https:\/\/hairdeluxe.ee\/fi\/#organization"},"potentialAction":[{"@type":"SearchAction","target":{"@type":"EntryPoint","urlTemplate":"https:\/\/hairdeluxe.ee\/fi\/?s={search_term_string}"},"query-input":{"@type":"PropertyValueSpecification","valueRequired":true,"valueName":"search_term_string"}}],"inLanguage":"fi"},{"@type":"Organization","@id":"https:\/\/hairdeluxe.ee\/fi\/#organization","name":"Hair Deluxe","url":"https:\/\/hairdeluxe.ee\/fi\/","logo":{"@type":"ImageObject","inLanguage":"fi","@id":"https:\/\/hairdeluxe.ee\/fi\/#\/schema\/logo\/image\/","url":"https:\/\/hairdeluxe.ee\/wp-content\/uploads\/2024\/06\/Hair-Deluxe-Logo-Dark-font.png","contentUrl":"https:\/\/hairdeluxe.ee\/wp-content\/uploads\/2024\/06\/Hair-Deluxe-Logo-Dark-font.png","width":467,"height":177,"caption":"Hair Deluxe"},"image":{"@id":"https:\/\/hairdeluxe.ee\/fi\/#\/schema\/logo\/image\/"},"sameAs":["https:\/\/www.facebook.com\/blowbartallinn","https:\/\/www.instagram.com\/blowbar_tallinn"]}]}},"_links":{"self":[{"href":"https:\/\/hairdeluxe.ee\/fi\/wp-json\/wp\/v2\/product\/50450","targetHints":{"allow":["GET"]}}],"collection":[{"href":"https:\/\/hairdeluxe.ee\/fi\/wp-json\/wp\/v2\/product"}],"about":[{"href":"https:\/\/hairdeluxe.ee\/fi\/wp-json\/wp\/v2\/types\/product"}],"wp:featuredmedia":[{"embeddable":true,"href":"https:\/\/hairdeluxe.ee\/fi\/wp-json\/wp\/v2\/media\/50347"}],"wp:attachment":[{"href":"https:\/\/hairdeluxe.ee\/fi\/wp-json\/wp\/v2\/media?parent=50450"}],"wp:term":[{"taxonomy":"product_brand","embeddable":true,"href":"https:\/\/hairdeluxe.ee\/fi\/wp-json\/wp\/v2\/product_brand?post=50450"},{"taxonomy":"product_cat","embeddable":true,"href":"https:\/\/hairdeluxe.ee\/fi\/wp-json\/wp\/v2\/product_cat?post=50450"},{"taxonomy":"product_tag","embeddable":true,"href":"https:\/\/hairdeluxe.ee\/fi\/wp-json\/wp\/v2\/product_tag?post=50450"}],"curies":[{"name":"wp","href":"https:\/\/api.w.org\/{rel}","templated":true}]}}