{"id":51915,"date":"2025-05-23T05:56:11","date_gmt":"2025-05-23T05:56:11","guid":{"rendered":"https:\/\/hairdeluxe.ee\/?post_type=product&#038;p=51915"},"modified":"2025-11-13T19:18:00","modified_gmt":"2025-11-13T19:18:00","slug":"juukseparfuum-15ml-2","status":"publish","type":"product","link":"https:\/\/hairdeluxe.ee\/fi\/product\/juukseparfuum-15ml-2\/","title":{"rendered":"EAU de Hamptons Juukseparf\u00fc\u00fcm 15ml"},"content":{"rendered":"<p>Ajatust Hamptons\u2019i v\u00f5lust inspireeritud l\u00f5hn avaneb v\u00e4rskendava bergamoti, kardamoni ja ingveri seguga, tuues meelde suvep\u00e4eva v\u00e4rske mere\u00f5hu l\u00f5hna. Kui s\u00fcda paljastab end, kutsub soe kaneeli, k\u00f6\u00f6mne ja \u00f5rnade lillede aroom teid \u00f5itsevasse aiasaia. L\u00f5puks, vetiveri, seedripuu, merevaigu, vanilli ja valge muski alusel\u00f5hn j\u00e4tab endast elegantsi ja ahvatluse j\u00e4lje, peegeldades Hamptons\u2019i ranniku elegantsi.<\/p>\n","protected":false},"excerpt":{"rendered":"<p>See 15ml juukseparf\u00fc\u00fcm on teie lemmik, et nautida mere\u00e4\u00e4rset luksust. Kompaktne pakend sobib ideaalselt teie k\u00e4ekotti. Juukseparf\u00fc\u00fcm pakub aroomisegu soolase mere\u00f5hu ja lillede nootidest, t\u00e4iendades teie stiili elegantsiga k\u00f5ikjal liikvel olles.<\/p>\n","protected":false},"featured_media":51732,"template":"","meta":[],"product_brand":[465],"product_cat":[471,475,192],"product_tag":[470],"class_list":{"0":"post-51915","1":"product","2":"type-product","3":"status-publish","4":"has-post-thumbnail","6":"product_brand-eaude1974","7":"product_cat-eau-de-hamptons","8":"product_cat-eaude1974","9":"product_cat-uued-tooted","10":"product_tag-hair-perfume","12":"first","13":"instock","14":"taxable","15":"shipping-taxable","16":"purchasable","17":"product-type-simple","18":"add-to-wishlist-after_add_to_cart"},"yoast_head":"<!-- This site is optimized with the Yoast SEO plugin v27.3 - https:\/\/yoast.com\/product\/yoast-seo-wordpress\/ -->\n<title>EAU de Hamptons Juukseparf\u00fc\u00fcm 15ml - Hair Deluxe<\/title>\n<meta name=\"description\" content=\"See 15ml juukseparf\u00fc\u00fcm on teie lemmik, et nautida mere\u00e4\u00e4rset luksust. Kompaktne pakend sobib ideaalselt teie k\u00e4ekotti. Juukseparf\u00fc\u00fcm pakub aroomisegu soolase mere\u00f5hu ja lillede nootidest, t\u00e4iendades teie stiili elegantsiga k\u00f5ikjal liikvel olles.\" \/>\n<meta name=\"robots\" content=\"index, follow, max-snippet:-1, max-image-preview:large, max-video-preview:-1\" \/>\n<link rel=\"canonical\" href=\"https:\/\/hairdeluxe.ee\/fi\/product\/juukseparfuum-15ml-2\/\" \/>\n<meta property=\"og:locale\" content=\"fi_FI\" \/>\n<meta property=\"og:type\" content=\"article\" \/>\n<meta property=\"og:title\" content=\"EAU de Hamptons Juukseparf\u00fc\u00fcm 15ml - Hair Deluxe\" \/>\n<meta property=\"og:description\" content=\"See 15ml juukseparf\u00fc\u00fcm on teie lemmik, et nautida mere\u00e4\u00e4rset luksust. Kompaktne pakend sobib ideaalselt teie k\u00e4ekotti. Juukseparf\u00fc\u00fcm pakub aroomisegu soolase mere\u00f5hu ja lillede nootidest, t\u00e4iendades teie stiili elegantsiga k\u00f5ikjal liikvel olles.\" \/>\n<meta property=\"og:url\" content=\"https:\/\/hairdeluxe.ee\/fi\/product\/juukseparfuum-15ml-2\/\" \/>\n<meta property=\"og:site_name\" content=\"Hair Deluxe\" \/>\n<meta property=\"article:publisher\" content=\"https:\/\/www.facebook.com\/blowbartallinn\" \/>\n<meta property=\"article:modified_time\" content=\"2025-11-13T19:18:00+00:00\" \/>\n<meta property=\"og:image\" content=\"https:\/\/hairdeluxe.ee\/wp-content\/uploads\/2025\/05\/EAUde1974_Packshot_Travelsize_bottle_box_Hamptons_800x800.jpg\" \/>\n\t<meta property=\"og:image:width\" content=\"800\" \/>\n\t<meta property=\"og:image:height\" content=\"800\" \/>\n\t<meta property=\"og:image:type\" content=\"image\/jpeg\" \/>\n<meta name=\"twitter:card\" content=\"summary_large_image\" \/>\n<meta name=\"twitter:label1\" content=\"Arvioitu lukuaika\" \/>\n\t<meta name=\"twitter:data1\" content=\"1 minuutti\" \/>\n<script type=\"application\/ld+json\" class=\"yoast-schema-graph\">{\"@context\":\"https:\\\/\\\/schema.org\",\"@graph\":[{\"@type\":\"WebPage\",\"@id\":\"https:\\\/\\\/hairdeluxe.ee\\\/fi\\\/product\\\/juukseparfuum-15ml-2\\\/\",\"url\":\"https:\\\/\\\/hairdeluxe.ee\\\/fi\\\/product\\\/juukseparfuum-15ml-2\\\/\",\"name\":\"EAU de Hamptons Juukseparf\u00fc\u00fcm 15ml - Hair Deluxe\",\"isPartOf\":{\"@id\":\"https:\\\/\\\/hairdeluxe.ee\\\/fi\\\/#website\"},\"primaryImageOfPage\":{\"@id\":\"https:\\\/\\\/hairdeluxe.ee\\\/fi\\\/product\\\/juukseparfuum-15ml-2\\\/#primaryimage\"},\"image\":{\"@id\":\"https:\\\/\\\/hairdeluxe.ee\\\/fi\\\/product\\\/juukseparfuum-15ml-2\\\/#primaryimage\"},\"thumbnailUrl\":\"https:\\\/\\\/hairdeluxe.ee\\\/wp-content\\\/uploads\\\/2025\\\/05\\\/EAUde1974_Packshot_Travelsize_bottle_box_Hamptons_800x800.jpg\",\"datePublished\":\"2025-05-23T05:56:11+00:00\",\"dateModified\":\"2025-11-13T19:18:00+00:00\",\"description\":\"See 15ml juukseparf\u00fc\u00fcm on teie lemmik, et nautida mere\u00e4\u00e4rset luksust. Kompaktne pakend sobib ideaalselt teie k\u00e4ekotti. Juukseparf\u00fc\u00fcm pakub aroomisegu soolase mere\u00f5hu ja lillede nootidest, t\u00e4iendades teie stiili elegantsiga k\u00f5ikjal liikvel olles.\",\"breadcrumb\":{\"@id\":\"https:\\\/\\\/hairdeluxe.ee\\\/fi\\\/product\\\/juukseparfuum-15ml-2\\\/#breadcrumb\"},\"inLanguage\":\"fi\",\"potentialAction\":[{\"@type\":\"ReadAction\",\"target\":[\"https:\\\/\\\/hairdeluxe.ee\\\/fi\\\/product\\\/juukseparfuum-15ml-2\\\/\"]}]},{\"@type\":\"ImageObject\",\"inLanguage\":\"fi\",\"@id\":\"https:\\\/\\\/hairdeluxe.ee\\\/fi\\\/product\\\/juukseparfuum-15ml-2\\\/#primaryimage\",\"url\":\"https:\\\/\\\/hairdeluxe.ee\\\/wp-content\\\/uploads\\\/2025\\\/05\\\/EAUde1974_Packshot_Travelsize_bottle_box_Hamptons_800x800.jpg\",\"contentUrl\":\"https:\\\/\\\/hairdeluxe.ee\\\/wp-content\\\/uploads\\\/2025\\\/05\\\/EAUde1974_Packshot_Travelsize_bottle_box_Hamptons_800x800.jpg\",\"width\":800,\"height\":800},{\"@type\":\"BreadcrumbList\",\"@id\":\"https:\\\/\\\/hairdeluxe.ee\\\/fi\\\/product\\\/juukseparfuum-15ml-2\\\/#breadcrumb\",\"itemListElement\":[{\"@type\":\"ListItem\",\"position\":1,\"name\":\"Home\",\"item\":\"https:\\\/\\\/hairdeluxe.ee\\\/fi\\\/\"},{\"@type\":\"ListItem\",\"position\":2,\"name\":\"Kauppa\",\"item\":\"https:\\\/\\\/hairdeluxe.ee\\\/fi\\\/shop\\\/\"},{\"@type\":\"ListItem\",\"position\":3,\"name\":\"EAU de Hamptons Juukseparf\u00fc\u00fcm 15ml\"}]},{\"@type\":\"WebSite\",\"@id\":\"https:\\\/\\\/hairdeluxe.ee\\\/fi\\\/#website\",\"url\":\"https:\\\/\\\/hairdeluxe.ee\\\/fi\\\/\",\"name\":\"Hair Deluxe\",\"description\":\"Highlight your natural beauty\",\"publisher\":{\"@id\":\"https:\\\/\\\/hairdeluxe.ee\\\/fi\\\/#organization\"},\"potentialAction\":[{\"@type\":\"SearchAction\",\"target\":{\"@type\":\"EntryPoint\",\"urlTemplate\":\"https:\\\/\\\/hairdeluxe.ee\\\/fi\\\/?s={search_term_string}\"},\"query-input\":{\"@type\":\"PropertyValueSpecification\",\"valueRequired\":true,\"valueName\":\"search_term_string\"}}],\"inLanguage\":\"fi\"},{\"@type\":\"Organization\",\"@id\":\"https:\\\/\\\/hairdeluxe.ee\\\/fi\\\/#organization\",\"name\":\"Hair Deluxe\",\"url\":\"https:\\\/\\\/hairdeluxe.ee\\\/fi\\\/\",\"logo\":{\"@type\":\"ImageObject\",\"inLanguage\":\"fi\",\"@id\":\"https:\\\/\\\/hairdeluxe.ee\\\/fi\\\/#\\\/schema\\\/logo\\\/image\\\/\",\"url\":\"https:\\\/\\\/hairdeluxe.ee\\\/wp-content\\\/uploads\\\/2024\\\/06\\\/Hair-Deluxe-Logo-Dark-font.png\",\"contentUrl\":\"https:\\\/\\\/hairdeluxe.ee\\\/wp-content\\\/uploads\\\/2024\\\/06\\\/Hair-Deluxe-Logo-Dark-font.png\",\"width\":467,\"height\":177,\"caption\":\"Hair Deluxe\"},\"image\":{\"@id\":\"https:\\\/\\\/hairdeluxe.ee\\\/fi\\\/#\\\/schema\\\/logo\\\/image\\\/\"},\"sameAs\":[\"https:\\\/\\\/www.facebook.com\\\/blowbartallinn\",\"https:\\\/\\\/www.instagram.com\\\/blowbar_tallinn\"]}]}<\/script>\n<!-- \/ Yoast SEO plugin. -->","yoast_head_json":{"title":"EAU de Hamptons Juukseparf\u00fc\u00fcm 15ml - Hair Deluxe","description":"See 15ml juukseparf\u00fc\u00fcm on teie lemmik, et nautida mere\u00e4\u00e4rset luksust. Kompaktne pakend sobib ideaalselt teie k\u00e4ekotti. Juukseparf\u00fc\u00fcm pakub aroomisegu soolase mere\u00f5hu ja lillede nootidest, t\u00e4iendades teie stiili elegantsiga k\u00f5ikjal liikvel olles.","robots":{"index":"index","follow":"follow","max-snippet":"max-snippet:-1","max-image-preview":"max-image-preview:large","max-video-preview":"max-video-preview:-1"},"canonical":"https:\/\/hairdeluxe.ee\/fi\/product\/juukseparfuum-15ml-2\/","og_locale":"fi_FI","og_type":"article","og_title":"EAU de Hamptons Juukseparf\u00fc\u00fcm 15ml - Hair Deluxe","og_description":"See 15ml juukseparf\u00fc\u00fcm on teie lemmik, et nautida mere\u00e4\u00e4rset luksust. Kompaktne pakend sobib ideaalselt teie k\u00e4ekotti. Juukseparf\u00fc\u00fcm pakub aroomisegu soolase mere\u00f5hu ja lillede nootidest, t\u00e4iendades teie stiili elegantsiga k\u00f5ikjal liikvel olles.","og_url":"https:\/\/hairdeluxe.ee\/fi\/product\/juukseparfuum-15ml-2\/","og_site_name":"Hair Deluxe","article_publisher":"https:\/\/www.facebook.com\/blowbartallinn","article_modified_time":"2025-11-13T19:18:00+00:00","og_image":[{"width":800,"height":800,"url":"https:\/\/hairdeluxe.ee\/wp-content\/uploads\/2025\/05\/EAUde1974_Packshot_Travelsize_bottle_box_Hamptons_800x800.jpg","type":"image\/jpeg"}],"twitter_card":"summary_large_image","twitter_misc":{"Arvioitu lukuaika":"1 minuutti"},"schema":{"@context":"https:\/\/schema.org","@graph":[{"@type":"WebPage","@id":"https:\/\/hairdeluxe.ee\/fi\/product\/juukseparfuum-15ml-2\/","url":"https:\/\/hairdeluxe.ee\/fi\/product\/juukseparfuum-15ml-2\/","name":"EAU de Hamptons Juukseparf\u00fc\u00fcm 15ml - Hair Deluxe","isPartOf":{"@id":"https:\/\/hairdeluxe.ee\/fi\/#website"},"primaryImageOfPage":{"@id":"https:\/\/hairdeluxe.ee\/fi\/product\/juukseparfuum-15ml-2\/#primaryimage"},"image":{"@id":"https:\/\/hairdeluxe.ee\/fi\/product\/juukseparfuum-15ml-2\/#primaryimage"},"thumbnailUrl":"https:\/\/hairdeluxe.ee\/wp-content\/uploads\/2025\/05\/EAUde1974_Packshot_Travelsize_bottle_box_Hamptons_800x800.jpg","datePublished":"2025-05-23T05:56:11+00:00","dateModified":"2025-11-13T19:18:00+00:00","description":"See 15ml juukseparf\u00fc\u00fcm on teie lemmik, et nautida mere\u00e4\u00e4rset luksust. Kompaktne pakend sobib ideaalselt teie k\u00e4ekotti. Juukseparf\u00fc\u00fcm pakub aroomisegu soolase mere\u00f5hu ja lillede nootidest, t\u00e4iendades teie stiili elegantsiga k\u00f5ikjal liikvel olles.","breadcrumb":{"@id":"https:\/\/hairdeluxe.ee\/fi\/product\/juukseparfuum-15ml-2\/#breadcrumb"},"inLanguage":"fi","potentialAction":[{"@type":"ReadAction","target":["https:\/\/hairdeluxe.ee\/fi\/product\/juukseparfuum-15ml-2\/"]}]},{"@type":"ImageObject","inLanguage":"fi","@id":"https:\/\/hairdeluxe.ee\/fi\/product\/juukseparfuum-15ml-2\/#primaryimage","url":"https:\/\/hairdeluxe.ee\/wp-content\/uploads\/2025\/05\/EAUde1974_Packshot_Travelsize_bottle_box_Hamptons_800x800.jpg","contentUrl":"https:\/\/hairdeluxe.ee\/wp-content\/uploads\/2025\/05\/EAUde1974_Packshot_Travelsize_bottle_box_Hamptons_800x800.jpg","width":800,"height":800},{"@type":"BreadcrumbList","@id":"https:\/\/hairdeluxe.ee\/fi\/product\/juukseparfuum-15ml-2\/#breadcrumb","itemListElement":[{"@type":"ListItem","position":1,"name":"Home","item":"https:\/\/hairdeluxe.ee\/fi\/"},{"@type":"ListItem","position":2,"name":"Kauppa","item":"https:\/\/hairdeluxe.ee\/fi\/shop\/"},{"@type":"ListItem","position":3,"name":"EAU de Hamptons Juukseparf\u00fc\u00fcm 15ml"}]},{"@type":"WebSite","@id":"https:\/\/hairdeluxe.ee\/fi\/#website","url":"https:\/\/hairdeluxe.ee\/fi\/","name":"Hair Deluxe","description":"Highlight your natural beauty","publisher":{"@id":"https:\/\/hairdeluxe.ee\/fi\/#organization"},"potentialAction":[{"@type":"SearchAction","target":{"@type":"EntryPoint","urlTemplate":"https:\/\/hairdeluxe.ee\/fi\/?s={search_term_string}"},"query-input":{"@type":"PropertyValueSpecification","valueRequired":true,"valueName":"search_term_string"}}],"inLanguage":"fi"},{"@type":"Organization","@id":"https:\/\/hairdeluxe.ee\/fi\/#organization","name":"Hair Deluxe","url":"https:\/\/hairdeluxe.ee\/fi\/","logo":{"@type":"ImageObject","inLanguage":"fi","@id":"https:\/\/hairdeluxe.ee\/fi\/#\/schema\/logo\/image\/","url":"https:\/\/hairdeluxe.ee\/wp-content\/uploads\/2024\/06\/Hair-Deluxe-Logo-Dark-font.png","contentUrl":"https:\/\/hairdeluxe.ee\/wp-content\/uploads\/2024\/06\/Hair-Deluxe-Logo-Dark-font.png","width":467,"height":177,"caption":"Hair Deluxe"},"image":{"@id":"https:\/\/hairdeluxe.ee\/fi\/#\/schema\/logo\/image\/"},"sameAs":["https:\/\/www.facebook.com\/blowbartallinn","https:\/\/www.instagram.com\/blowbar_tallinn"]}]}},"_links":{"self":[{"href":"https:\/\/hairdeluxe.ee\/fi\/wp-json\/wp\/v2\/product\/51915","targetHints":{"allow":["GET"]}}],"collection":[{"href":"https:\/\/hairdeluxe.ee\/fi\/wp-json\/wp\/v2\/product"}],"about":[{"href":"https:\/\/hairdeluxe.ee\/fi\/wp-json\/wp\/v2\/types\/product"}],"wp:featuredmedia":[{"embeddable":true,"href":"https:\/\/hairdeluxe.ee\/fi\/wp-json\/wp\/v2\/media\/51732"}],"wp:attachment":[{"href":"https:\/\/hairdeluxe.ee\/fi\/wp-json\/wp\/v2\/media?parent=51915"}],"wp:term":[{"taxonomy":"product_brand","embeddable":true,"href":"https:\/\/hairdeluxe.ee\/fi\/wp-json\/wp\/v2\/product_brand?post=51915"},{"taxonomy":"product_cat","embeddable":true,"href":"https:\/\/hairdeluxe.ee\/fi\/wp-json\/wp\/v2\/product_cat?post=51915"},{"taxonomy":"product_tag","embeddable":true,"href":"https:\/\/hairdeluxe.ee\/fi\/wp-json\/wp\/v2\/product_tag?post=51915"}],"curies":[{"name":"wp","href":"https:\/\/api.w.org\/{rel}","templated":true}]}}