{"id":51926,"date":"2025-05-27T05:56:10","date_gmt":"2025-05-27T05:56:10","guid":{"rendered":"https:\/\/hairdeluxe.ee\/?post_type=product&#038;p=51926"},"modified":"2025-11-13T19:13:36","modified_gmt":"2025-11-13T19:13:36","slug":"niisutav-juuste-viimistlusvahend-100ml","status":"publish","type":"product","link":"https:\/\/hairdeluxe.ee\/fi\/product\/niisutav-juuste-viimistlusvahend-100ml\/","title":{"rendered":"EAU de Santorini Niisutav juuste viimistlusvahend 100ml"},"content":{"rendered":"<p>L\u00f5hn avaneb seguga kardemoni, bergamoti, ingveri ja musta pipra piserdiga. See aroomne sulam \u00e4ratab meeled oma v\u00fcrtsika soojusega, meenutades p\u00e4ikselist p\u00e4rastl\u00f5unat Santorini randadel. Kui s\u00fcda avaneb, p\u00f5imuvad kaneeli, k\u00f6\u00f6mne, puuviljased noodid, lillelised vihjed ja pat\u0161uli, luues ahvatleva buketi sensuaalsusest ja v\u00f5lust. L\u00f5puks \u00fcmbritsevad baasnoodid vetiver, seedripuu, merevaik, vanill, labdanum, valge musk, sandaalipuu ja ka\u0161miir sind luksuslikus embuses, j\u00e4ttes p\u00fcsiva mulje rafineerituse ja peenuse kohta.<\/p>\n","protected":false},"excerpt":{"rendered":"<p>Mitmek\u00fclgne juuste viimistlusvahend. Olgu tegemist juuste f\u00f6\u00f6nitamisega, lokkide viimistlusega v\u00f5i niiskuse lukustamisega juustesse, selle toote kerge koostis tagab suurep\u00e4rase ja juukses\u00f5braliku tulemuse. Silikoonivaba ja vegan-toode toidab juukseid, kaitstes neid kammimise v\u00f5i kuumuse kahjustuste eest. Sobib k\u00f5ikidele juukset\u00fc\u00fcpidele, pakkudes kerget hoidvust, v\u00e4hendades staatilist elektrit ning suurendades juustes vol\u00fc\u00fcmi ja andes siledust ning s\u00e4ra.\u202f\u202fSisaldab EAU de Santorini signatuurl\u00f5hna.<\/p>\n","protected":false},"featured_media":51792,"template":"","meta":[],"product_brand":[465],"product_cat":[469,475,192],"product_tag":[468],"class_list":{"0":"post-51926","1":"product","2":"type-product","3":"status-publish","4":"has-post-thumbnail","6":"product_brand-eaude1974","7":"product_cat-eau-de-santorini","8":"product_cat-eaude1974","9":"product_cat-uued-tooted","10":"product_tag-hair-care","12":"first","13":"instock","14":"taxable","15":"shipping-taxable","16":"purchasable","17":"product-type-simple","18":"add-to-wishlist-after_add_to_cart"},"yoast_head":"<!-- This site is optimized with the Yoast SEO plugin v27.4 - https:\/\/yoast.com\/product\/yoast-seo-wordpress\/ -->\n<title>EAU de Santorini Niisutav juuste viimistlusvahend 100ml - Hair Deluxe<\/title>\n<meta name=\"description\" content=\"Mitmek\u00fclgne juuste viimistlusvahend. Olgu tegemist juuste f\u00f6\u00f6nitamisega, lokkide viimistlusega v\u00f5i niiskuse lukustamisega juustesse, selle toote kerge koostis tagab suurep\u00e4rase ja juukses\u00f5braliku tulemuse. Silikoonivaba ja vegan-toode toidab juukseid, kaitstes neid kammimise v\u00f5i kuumuse kahjustuste eest.\" \/>\n<meta name=\"robots\" content=\"index, follow, max-snippet:-1, max-image-preview:large, max-video-preview:-1\" \/>\n<link rel=\"canonical\" href=\"https:\/\/hairdeluxe.ee\/fi\/product\/niisutav-juuste-viimistlusvahend-100ml\/\" \/>\n<meta property=\"og:locale\" content=\"fi_FI\" \/>\n<meta property=\"og:type\" content=\"article\" \/>\n<meta property=\"og:title\" content=\"EAU de Santorini Niisutav juuste viimistlusvahend 100ml - Hair Deluxe\" \/>\n<meta property=\"og:description\" content=\"Mitmek\u00fclgne juuste viimistlusvahend. Olgu tegemist juuste f\u00f6\u00f6nitamisega, lokkide viimistlusega v\u00f5i niiskuse lukustamisega juustesse, selle toote kerge koostis tagab suurep\u00e4rase ja juukses\u00f5braliku tulemuse. Silikoonivaba ja vegan-toode toidab juukseid, kaitstes neid kammimise v\u00f5i kuumuse kahjustuste eest.\" \/>\n<meta property=\"og:url\" content=\"https:\/\/hairdeluxe.ee\/fi\/product\/niisutav-juuste-viimistlusvahend-100ml\/\" \/>\n<meta property=\"og:site_name\" content=\"Hair Deluxe\" \/>\n<meta property=\"article:publisher\" content=\"https:\/\/www.facebook.com\/blowbartallinn\" \/>\n<meta property=\"article:modified_time\" content=\"2025-11-13T19:13:36+00:00\" \/>\n<meta property=\"og:image\" content=\"https:\/\/hairdeluxe.ee\/wp-content\/uploads\/2025\/06\/EAUde1974_packshots_web_size_HydrateShape_Santorini.png\" \/>\n\t<meta property=\"og:image:width\" content=\"1458\" \/>\n\t<meta property=\"og:image:height\" content=\"1458\" \/>\n\t<meta property=\"og:image:type\" content=\"image\/png\" \/>\n<meta name=\"twitter:card\" content=\"summary_large_image\" \/>\n<meta name=\"twitter:label1\" content=\"Arvioitu lukuaika\" \/>\n\t<meta name=\"twitter:data1\" content=\"1 minuutti\" \/>\n<script type=\"application\/ld+json\" class=\"yoast-schema-graph\">{\"@context\":\"https:\\\/\\\/schema.org\",\"@graph\":[{\"@type\":\"WebPage\",\"@id\":\"https:\\\/\\\/hairdeluxe.ee\\\/fi\\\/product\\\/niisutav-juuste-viimistlusvahend-100ml\\\/\",\"url\":\"https:\\\/\\\/hairdeluxe.ee\\\/fi\\\/product\\\/niisutav-juuste-viimistlusvahend-100ml\\\/\",\"name\":\"EAU de Santorini Niisutav juuste viimistlusvahend 100ml - Hair Deluxe\",\"isPartOf\":{\"@id\":\"https:\\\/\\\/hairdeluxe.ee\\\/fi\\\/#website\"},\"primaryImageOfPage\":{\"@id\":\"https:\\\/\\\/hairdeluxe.ee\\\/fi\\\/product\\\/niisutav-juuste-viimistlusvahend-100ml\\\/#primaryimage\"},\"image\":{\"@id\":\"https:\\\/\\\/hairdeluxe.ee\\\/fi\\\/product\\\/niisutav-juuste-viimistlusvahend-100ml\\\/#primaryimage\"},\"thumbnailUrl\":\"https:\\\/\\\/hairdeluxe.ee\\\/wp-content\\\/uploads\\\/2025\\\/06\\\/EAUde1974_packshots_web_size_HydrateShape_Santorini.png\",\"datePublished\":\"2025-05-27T05:56:10+00:00\",\"dateModified\":\"2025-11-13T19:13:36+00:00\",\"description\":\"Mitmek\u00fclgne juuste viimistlusvahend. Olgu tegemist juuste f\u00f6\u00f6nitamisega, lokkide viimistlusega v\u00f5i niiskuse lukustamisega juustesse, selle toote kerge koostis tagab suurep\u00e4rase ja juukses\u00f5braliku tulemuse. Silikoonivaba ja vegan-toode toidab juukseid, kaitstes neid kammimise v\u00f5i kuumuse kahjustuste eest.\",\"breadcrumb\":{\"@id\":\"https:\\\/\\\/hairdeluxe.ee\\\/fi\\\/product\\\/niisutav-juuste-viimistlusvahend-100ml\\\/#breadcrumb\"},\"inLanguage\":\"fi\",\"potentialAction\":[{\"@type\":\"ReadAction\",\"target\":[\"https:\\\/\\\/hairdeluxe.ee\\\/fi\\\/product\\\/niisutav-juuste-viimistlusvahend-100ml\\\/\"]}]},{\"@type\":\"ImageObject\",\"inLanguage\":\"fi\",\"@id\":\"https:\\\/\\\/hairdeluxe.ee\\\/fi\\\/product\\\/niisutav-juuste-viimistlusvahend-100ml\\\/#primaryimage\",\"url\":\"https:\\\/\\\/hairdeluxe.ee\\\/wp-content\\\/uploads\\\/2025\\\/06\\\/EAUde1974_packshots_web_size_HydrateShape_Santorini.png\",\"contentUrl\":\"https:\\\/\\\/hairdeluxe.ee\\\/wp-content\\\/uploads\\\/2025\\\/06\\\/EAUde1974_packshots_web_size_HydrateShape_Santorini.png\",\"width\":1458,\"height\":1458},{\"@type\":\"BreadcrumbList\",\"@id\":\"https:\\\/\\\/hairdeluxe.ee\\\/fi\\\/product\\\/niisutav-juuste-viimistlusvahend-100ml\\\/#breadcrumb\",\"itemListElement\":[{\"@type\":\"ListItem\",\"position\":1,\"name\":\"Home\",\"item\":\"https:\\\/\\\/hairdeluxe.ee\\\/fi\\\/\"},{\"@type\":\"ListItem\",\"position\":2,\"name\":\"Kauppa\",\"item\":\"https:\\\/\\\/hairdeluxe.ee\\\/fi\\\/shop\\\/\"},{\"@type\":\"ListItem\",\"position\":3,\"name\":\"EAU de Santorini Niisutav juuste viimistlusvahend 100ml\"}]},{\"@type\":\"WebSite\",\"@id\":\"https:\\\/\\\/hairdeluxe.ee\\\/fi\\\/#website\",\"url\":\"https:\\\/\\\/hairdeluxe.ee\\\/fi\\\/\",\"name\":\"Hair Deluxe\",\"description\":\"Highlight your natural beauty\",\"publisher\":{\"@id\":\"https:\\\/\\\/hairdeluxe.ee\\\/fi\\\/#organization\"},\"potentialAction\":[{\"@type\":\"SearchAction\",\"target\":{\"@type\":\"EntryPoint\",\"urlTemplate\":\"https:\\\/\\\/hairdeluxe.ee\\\/fi\\\/?s={search_term_string}\"},\"query-input\":{\"@type\":\"PropertyValueSpecification\",\"valueRequired\":true,\"valueName\":\"search_term_string\"}}],\"inLanguage\":\"fi\"},{\"@type\":\"Organization\",\"@id\":\"https:\\\/\\\/hairdeluxe.ee\\\/fi\\\/#organization\",\"name\":\"Hair Deluxe\",\"url\":\"https:\\\/\\\/hairdeluxe.ee\\\/fi\\\/\",\"logo\":{\"@type\":\"ImageObject\",\"inLanguage\":\"fi\",\"@id\":\"https:\\\/\\\/hairdeluxe.ee\\\/fi\\\/#\\\/schema\\\/logo\\\/image\\\/\",\"url\":\"https:\\\/\\\/hairdeluxe.ee\\\/wp-content\\\/uploads\\\/2024\\\/06\\\/Hair-Deluxe-Logo-Dark-font.png\",\"contentUrl\":\"https:\\\/\\\/hairdeluxe.ee\\\/wp-content\\\/uploads\\\/2024\\\/06\\\/Hair-Deluxe-Logo-Dark-font.png\",\"width\":467,\"height\":177,\"caption\":\"Hair Deluxe\"},\"image\":{\"@id\":\"https:\\\/\\\/hairdeluxe.ee\\\/fi\\\/#\\\/schema\\\/logo\\\/image\\\/\"},\"sameAs\":[\"https:\\\/\\\/www.facebook.com\\\/blowbartallinn\",\"https:\\\/\\\/www.instagram.com\\\/blowbar_tallinn\"]}]}<\/script>\n<!-- \/ Yoast SEO plugin. -->","yoast_head_json":{"title":"EAU de Santorini Niisutav juuste viimistlusvahend 100ml - Hair Deluxe","description":"Mitmek\u00fclgne juuste viimistlusvahend. Olgu tegemist juuste f\u00f6\u00f6nitamisega, lokkide viimistlusega v\u00f5i niiskuse lukustamisega juustesse, selle toote kerge koostis tagab suurep\u00e4rase ja juukses\u00f5braliku tulemuse. Silikoonivaba ja vegan-toode toidab juukseid, kaitstes neid kammimise v\u00f5i kuumuse kahjustuste eest.","robots":{"index":"index","follow":"follow","max-snippet":"max-snippet:-1","max-image-preview":"max-image-preview:large","max-video-preview":"max-video-preview:-1"},"canonical":"https:\/\/hairdeluxe.ee\/fi\/product\/niisutav-juuste-viimistlusvahend-100ml\/","og_locale":"fi_FI","og_type":"article","og_title":"EAU de Santorini Niisutav juuste viimistlusvahend 100ml - Hair Deluxe","og_description":"Mitmek\u00fclgne juuste viimistlusvahend. Olgu tegemist juuste f\u00f6\u00f6nitamisega, lokkide viimistlusega v\u00f5i niiskuse lukustamisega juustesse, selle toote kerge koostis tagab suurep\u00e4rase ja juukses\u00f5braliku tulemuse. Silikoonivaba ja vegan-toode toidab juukseid, kaitstes neid kammimise v\u00f5i kuumuse kahjustuste eest.","og_url":"https:\/\/hairdeluxe.ee\/fi\/product\/niisutav-juuste-viimistlusvahend-100ml\/","og_site_name":"Hair Deluxe","article_publisher":"https:\/\/www.facebook.com\/blowbartallinn","article_modified_time":"2025-11-13T19:13:36+00:00","og_image":[{"width":1458,"height":1458,"url":"https:\/\/hairdeluxe.ee\/wp-content\/uploads\/2025\/06\/EAUde1974_packshots_web_size_HydrateShape_Santorini.png","type":"image\/png"}],"twitter_card":"summary_large_image","twitter_misc":{"Arvioitu lukuaika":"1 minuutti"},"schema":{"@context":"https:\/\/schema.org","@graph":[{"@type":"WebPage","@id":"https:\/\/hairdeluxe.ee\/fi\/product\/niisutav-juuste-viimistlusvahend-100ml\/","url":"https:\/\/hairdeluxe.ee\/fi\/product\/niisutav-juuste-viimistlusvahend-100ml\/","name":"EAU de Santorini Niisutav juuste viimistlusvahend 100ml - Hair Deluxe","isPartOf":{"@id":"https:\/\/hairdeluxe.ee\/fi\/#website"},"primaryImageOfPage":{"@id":"https:\/\/hairdeluxe.ee\/fi\/product\/niisutav-juuste-viimistlusvahend-100ml\/#primaryimage"},"image":{"@id":"https:\/\/hairdeluxe.ee\/fi\/product\/niisutav-juuste-viimistlusvahend-100ml\/#primaryimage"},"thumbnailUrl":"https:\/\/hairdeluxe.ee\/wp-content\/uploads\/2025\/06\/EAUde1974_packshots_web_size_HydrateShape_Santorini.png","datePublished":"2025-05-27T05:56:10+00:00","dateModified":"2025-11-13T19:13:36+00:00","description":"Mitmek\u00fclgne juuste viimistlusvahend. Olgu tegemist juuste f\u00f6\u00f6nitamisega, lokkide viimistlusega v\u00f5i niiskuse lukustamisega juustesse, selle toote kerge koostis tagab suurep\u00e4rase ja juukses\u00f5braliku tulemuse. Silikoonivaba ja vegan-toode toidab juukseid, kaitstes neid kammimise v\u00f5i kuumuse kahjustuste eest.","breadcrumb":{"@id":"https:\/\/hairdeluxe.ee\/fi\/product\/niisutav-juuste-viimistlusvahend-100ml\/#breadcrumb"},"inLanguage":"fi","potentialAction":[{"@type":"ReadAction","target":["https:\/\/hairdeluxe.ee\/fi\/product\/niisutav-juuste-viimistlusvahend-100ml\/"]}]},{"@type":"ImageObject","inLanguage":"fi","@id":"https:\/\/hairdeluxe.ee\/fi\/product\/niisutav-juuste-viimistlusvahend-100ml\/#primaryimage","url":"https:\/\/hairdeluxe.ee\/wp-content\/uploads\/2025\/06\/EAUde1974_packshots_web_size_HydrateShape_Santorini.png","contentUrl":"https:\/\/hairdeluxe.ee\/wp-content\/uploads\/2025\/06\/EAUde1974_packshots_web_size_HydrateShape_Santorini.png","width":1458,"height":1458},{"@type":"BreadcrumbList","@id":"https:\/\/hairdeluxe.ee\/fi\/product\/niisutav-juuste-viimistlusvahend-100ml\/#breadcrumb","itemListElement":[{"@type":"ListItem","position":1,"name":"Home","item":"https:\/\/hairdeluxe.ee\/fi\/"},{"@type":"ListItem","position":2,"name":"Kauppa","item":"https:\/\/hairdeluxe.ee\/fi\/shop\/"},{"@type":"ListItem","position":3,"name":"EAU de Santorini Niisutav juuste viimistlusvahend 100ml"}]},{"@type":"WebSite","@id":"https:\/\/hairdeluxe.ee\/fi\/#website","url":"https:\/\/hairdeluxe.ee\/fi\/","name":"Hair Deluxe","description":"Highlight your natural beauty","publisher":{"@id":"https:\/\/hairdeluxe.ee\/fi\/#organization"},"potentialAction":[{"@type":"SearchAction","target":{"@type":"EntryPoint","urlTemplate":"https:\/\/hairdeluxe.ee\/fi\/?s={search_term_string}"},"query-input":{"@type":"PropertyValueSpecification","valueRequired":true,"valueName":"search_term_string"}}],"inLanguage":"fi"},{"@type":"Organization","@id":"https:\/\/hairdeluxe.ee\/fi\/#organization","name":"Hair Deluxe","url":"https:\/\/hairdeluxe.ee\/fi\/","logo":{"@type":"ImageObject","inLanguage":"fi","@id":"https:\/\/hairdeluxe.ee\/fi\/#\/schema\/logo\/image\/","url":"https:\/\/hairdeluxe.ee\/wp-content\/uploads\/2024\/06\/Hair-Deluxe-Logo-Dark-font.png","contentUrl":"https:\/\/hairdeluxe.ee\/wp-content\/uploads\/2024\/06\/Hair-Deluxe-Logo-Dark-font.png","width":467,"height":177,"caption":"Hair Deluxe"},"image":{"@id":"https:\/\/hairdeluxe.ee\/fi\/#\/schema\/logo\/image\/"},"sameAs":["https:\/\/www.facebook.com\/blowbartallinn","https:\/\/www.instagram.com\/blowbar_tallinn"]}]}},"_links":{"self":[{"href":"https:\/\/hairdeluxe.ee\/fi\/wp-json\/wp\/v2\/product\/51926","targetHints":{"allow":["GET"]}}],"collection":[{"href":"https:\/\/hairdeluxe.ee\/fi\/wp-json\/wp\/v2\/product"}],"about":[{"href":"https:\/\/hairdeluxe.ee\/fi\/wp-json\/wp\/v2\/types\/product"}],"wp:featuredmedia":[{"embeddable":true,"href":"https:\/\/hairdeluxe.ee\/fi\/wp-json\/wp\/v2\/media\/51792"}],"wp:attachment":[{"href":"https:\/\/hairdeluxe.ee\/fi\/wp-json\/wp\/v2\/media?parent=51926"}],"wp:term":[{"taxonomy":"product_brand","embeddable":true,"href":"https:\/\/hairdeluxe.ee\/fi\/wp-json\/wp\/v2\/product_brand?post=51926"},{"taxonomy":"product_cat","embeddable":true,"href":"https:\/\/hairdeluxe.ee\/fi\/wp-json\/wp\/v2\/product_cat?post=51926"},{"taxonomy":"product_tag","embeddable":true,"href":"https:\/\/hairdeluxe.ee\/fi\/wp-json\/wp\/v2\/product_tag?post=51926"}],"curies":[{"name":"wp","href":"https:\/\/api.w.org\/{rel}","templated":true}]}}