{"id":52205,"date":"2025-09-20T20:21:17","date_gmt":"2025-09-20T20:21:17","guid":{"rendered":"https:\/\/hairdeluxe.ee\/?post_type=product&#038;p=52205"},"modified":"2025-10-07T03:55:25","modified_gmt":"2025-10-07T03:55:25","slug":"balmain-hair-komplekt-meestele-homme-styling-set-3-product","status":"publish","type":"product","link":"https:\/\/hairdeluxe.ee\/fi\/product\/balmain-hair-komplekt-meestele-homme-styling-set-3-product\/","title":{"rendered":"BALMAIN HAIR komplekt meestele \/ Homme Styling Set, 3 product"},"content":{"rendered":"<p class=\"p1\"><strong>Styling Gel Medium 100ml:<\/strong> Aqua, Ceteareth-30, Cera Flava, Petrolatum, VP\/VA Copolymer, Microcrystalline Wax, Propylene Glycol, Parfum, Paraffinum Liquidum, Isopropyl Myristate, Glycerin, Lanolin, Cetearyl Alcohol, PVP, Hydrolyzed Keratin, Silk Amino Acids, Pricotone Olamine, Phenoxyethanol, Ethhylhexylglycerin, Sodium Polyacrylate, Hydrogenated Polydecene, Benzyl Salicylate, Citronellol, Coumarin, Limonene, Linalool, Trideceth-6, Sorbic Acid, Benzoic Acid.<\/p>\n<p class=\"p1\"><strong>Homme Hair Perfume 15ml:<\/strong> Alcohol Denat, Parfume, Aqua, Benzoic Acid, Hydrolyced Silk, Argania Spinoza Kernel Oil, Ethylhexyl methoxycinnamate.<\/p>\n","protected":false},"excerpt":{"rendered":"<p>Limited Edition Homme Styling Set on suurep\u00e4rane kombinatsioon parimatest soengu stiliseerimiseks vajalikest toodetest.<\/p>\n<p>See sisaldab:<\/p>\n<p>&#8211; Medium Styling Gel soengugeeli<\/p>\n<p>&#8211; 14K kullaga kaetud Golden Styling Comb juuksekammi<\/p>\n<p>&#8211; Balmain Hair Homme juukseparf\u00fc\u00fcm 15ml.<\/p>\n<p>Styling Gel Medium juuksegeel on professionaalne, kerge geel, mis tagab kauakestva keskmise p\u00fcsivuse. Intensiivse merevaigu- ja puidul\u00f5hnaga veep\u00f5hine koostis pakub v\u00f5imalust luua helbevabu soenguid. Niiskuskindel geel aktiveerib, m\u00e4\u00e4ratleb ja kontrollib loomulikke lokke ilma juukseid koormamata, v\u00f5imaldades teil juukseid vaevata soengusse seada.<\/p>\n<p>Professionaalne 14K kullatud juuksekamm v\u00f5imaldab teil vaevata luua t\u00e4iusliku soengu. Laiad kammipiid sobivad ideaalselt juuste lahtiharutamiseks ja kujundamiseks. See elegantne kamm lisab teie juustele tekstuuri ja s\u00e4ra ning sobib suurep\u00e4raselt m\u00e4rgade juuste \u00f5rnaks lahtiharutamiseks ilma juukseid kahjustamata.<\/p>\n<p>T\u00e4iendage oma soengut Balmain Hair Homme juukseparf\u00fc\u00fcmiga. See rafineeritud parf\u00fc\u00fcm \u00fchendab bergamoti v\u00e4rsked tsitruselised noodid kuiva sandlipuu sooja ja puiduse aroomiga. Rikastatud siidiproteiini ja argaaniaeliksiiriga, mis tagab teie juustele toitva ja taastava toime ning meeldiva aroomi. Selle parf\u00fc\u00fcmi avanoodid on bergamot, greip ja mandariin, millele j\u00e4rgneb olibanumi, musta pipra ja lavendli s\u00fcdamenoodid ning l\u00f5peb pat\u0161uli, vetiveri, merevaigu ja sandlipuu p\u00f5hjaga.<\/p>\n","protected":false},"featured_media":52240,"template":"","meta":[],"product_brand":[],"product_cat":[130,144,158,192],"product_tag":[],"class_list":{"0":"post-52205","1":"product","2":"type-product","3":"status-publish","4":"has-post-thumbnail","6":"product_cat-kinkekomplektid","7":"product_cat-meestele","8":"product_cat-populaarsed","9":"product_cat-uued-tooted","11":"first","12":"instock","13":"taxable","14":"shipping-taxable","15":"purchasable","16":"product-type-simple","17":"add-to-wishlist-after_add_to_cart"},"yoast_head":"<!-- This site is optimized with the Yoast SEO plugin v27.5 - https:\/\/yoast.com\/product\/yoast-seo-wordpress\/ -->\n<title>BALMAIN HAIR komplekt meestele \/ Homme Styling Set, 3 product - Hair Deluxe<\/title>\n<meta name=\"robots\" content=\"index, follow, max-snippet:-1, max-image-preview:large, max-video-preview:-1\" \/>\n<link rel=\"canonical\" href=\"https:\/\/hairdeluxe.ee\/fi\/product\/balmain-hair-komplekt-meestele-homme-styling-set-3-product\/\" \/>\n<meta property=\"og:locale\" content=\"fi_FI\" \/>\n<meta property=\"og:type\" content=\"article\" \/>\n<meta property=\"og:title\" content=\"BALMAIN HAIR komplekt meestele \/ Homme Styling Set, 3 product - Hair Deluxe\" \/>\n<meta property=\"og:description\" content=\"Limited Edition Homme Styling Set on suurep\u00e4rane kombinatsioon parimatest soengu stiliseerimiseks vajalikest toodetest. See sisaldab: - Medium Styling Gel soengugeeli - 14K kullaga kaetud Golden Styling Comb juuksekammi - Balmain Hair Homme juukseparf\u00fc\u00fcm 15ml. Styling Gel Medium juuksegeel on professionaalne, kerge geel, mis tagab kauakestva keskmise p\u00fcsivuse. Intensiivse merevaigu- ja puidul\u00f5hnaga veep\u00f5hine koostis pakub v\u00f5imalust luua helbevabu soenguid. Niiskuskindel geel aktiveerib, m\u00e4\u00e4ratleb ja kontrollib loomulikke lokke ilma juukseid koormamata, v\u00f5imaldades teil juukseid vaevata soengusse seada. Professionaalne 14K kullatud juuksekamm v\u00f5imaldab teil vaevata luua t\u00e4iusliku soengu. Laiad kammipiid sobivad ideaalselt juuste lahtiharutamiseks ja kujundamiseks. See elegantne kamm lisab teie juustele tekstuuri ja s\u00e4ra ning sobib suurep\u00e4raselt m\u00e4rgade juuste \u00f5rnaks lahtiharutamiseks ilma juukseid kahjustamata. T\u00e4iendage oma soengut Balmain Hair Homme juukseparf\u00fc\u00fcmiga. See rafineeritud parf\u00fc\u00fcm \u00fchendab bergamoti v\u00e4rsked tsitruselised noodid kuiva sandlipuu sooja ja puiduse aroomiga. Rikastatud siidiproteiini ja argaaniaeliksiiriga, mis tagab teie juustele toitva ja taastava toime ning meeldiva aroomi. Selle parf\u00fc\u00fcmi avanoodid on bergamot, greip ja mandariin, millele j\u00e4rgneb olibanumi, musta pipra ja lavendli s\u00fcdamenoodid ning l\u00f5peb pat\u0161uli, vetiveri, merevaigu ja sandlipuu p\u00f5hjaga.\" \/>\n<meta property=\"og:url\" content=\"https:\/\/hairdeluxe.ee\/fi\/product\/balmain-hair-komplekt-meestele-homme-styling-set-3-product\/\" \/>\n<meta property=\"og:site_name\" content=\"Hair Deluxe\" \/>\n<meta property=\"article:publisher\" content=\"https:\/\/www.facebook.com\/blowbartallinn\" \/>\n<meta property=\"article:modified_time\" content=\"2025-10-07T03:55:25+00:00\" \/>\n<meta property=\"og:image\" content=\"https:\/\/hairdeluxe.ee\/wp-content\/uploads\/2025\/09\/balmainhair_balmainhomme_limitededition_hommestylingset_le_cs_m_s_set_c4_24_01__1fc5.jpg\" \/>\n\t<meta property=\"og:image:width\" content=\"800\" \/>\n\t<meta property=\"og:image:height\" content=\"800\" \/>\n\t<meta property=\"og:image:type\" content=\"image\/jpeg\" \/>\n<meta name=\"twitter:card\" content=\"summary_large_image\" \/>\n<script type=\"application\/ld+json\" class=\"yoast-schema-graph\">{\"@context\":\"https:\\\/\\\/schema.org\",\"@graph\":[{\"@type\":\"WebPage\",\"@id\":\"https:\\\/\\\/hairdeluxe.ee\\\/fi\\\/product\\\/balmain-hair-komplekt-meestele-homme-styling-set-3-product\\\/\",\"url\":\"https:\\\/\\\/hairdeluxe.ee\\\/fi\\\/product\\\/balmain-hair-komplekt-meestele-homme-styling-set-3-product\\\/\",\"name\":\"BALMAIN HAIR komplekt meestele \\\/ Homme Styling Set, 3 product - Hair Deluxe\",\"isPartOf\":{\"@id\":\"https:\\\/\\\/hairdeluxe.ee\\\/fi\\\/#website\"},\"primaryImageOfPage\":{\"@id\":\"https:\\\/\\\/hairdeluxe.ee\\\/fi\\\/product\\\/balmain-hair-komplekt-meestele-homme-styling-set-3-product\\\/#primaryimage\"},\"image\":{\"@id\":\"https:\\\/\\\/hairdeluxe.ee\\\/fi\\\/product\\\/balmain-hair-komplekt-meestele-homme-styling-set-3-product\\\/#primaryimage\"},\"thumbnailUrl\":\"https:\\\/\\\/hairdeluxe.ee\\\/wp-content\\\/uploads\\\/2025\\\/09\\\/balmainhair_balmainhomme_limitededition_hommestylingset_le_cs_m_s_set_c4_24_01__1fc5.jpg\",\"datePublished\":\"2025-09-20T20:21:17+00:00\",\"dateModified\":\"2025-10-07T03:55:25+00:00\",\"breadcrumb\":{\"@id\":\"https:\\\/\\\/hairdeluxe.ee\\\/fi\\\/product\\\/balmain-hair-komplekt-meestele-homme-styling-set-3-product\\\/#breadcrumb\"},\"inLanguage\":\"fi\",\"potentialAction\":[{\"@type\":\"ReadAction\",\"target\":[\"https:\\\/\\\/hairdeluxe.ee\\\/fi\\\/product\\\/balmain-hair-komplekt-meestele-homme-styling-set-3-product\\\/\"]}]},{\"@type\":\"ImageObject\",\"inLanguage\":\"fi\",\"@id\":\"https:\\\/\\\/hairdeluxe.ee\\\/fi\\\/product\\\/balmain-hair-komplekt-meestele-homme-styling-set-3-product\\\/#primaryimage\",\"url\":\"https:\\\/\\\/hairdeluxe.ee\\\/wp-content\\\/uploads\\\/2025\\\/09\\\/balmainhair_balmainhomme_limitededition_hommestylingset_le_cs_m_s_set_c4_24_01__1fc5.jpg\",\"contentUrl\":\"https:\\\/\\\/hairdeluxe.ee\\\/wp-content\\\/uploads\\\/2025\\\/09\\\/balmainhair_balmainhomme_limitededition_hommestylingset_le_cs_m_s_set_c4_24_01__1fc5.jpg\",\"width\":800,\"height\":800},{\"@type\":\"BreadcrumbList\",\"@id\":\"https:\\\/\\\/hairdeluxe.ee\\\/fi\\\/product\\\/balmain-hair-komplekt-meestele-homme-styling-set-3-product\\\/#breadcrumb\",\"itemListElement\":[{\"@type\":\"ListItem\",\"position\":1,\"name\":\"Home\",\"item\":\"https:\\\/\\\/hairdeluxe.ee\\\/fi\\\/\"},{\"@type\":\"ListItem\",\"position\":2,\"name\":\"Kauppa\",\"item\":\"https:\\\/\\\/hairdeluxe.ee\\\/fi\\\/shop\\\/\"},{\"@type\":\"ListItem\",\"position\":3,\"name\":\"BALMAIN HAIR komplekt meestele \\\/ Homme Styling Set, 3 product\"}]},{\"@type\":\"WebSite\",\"@id\":\"https:\\\/\\\/hairdeluxe.ee\\\/fi\\\/#website\",\"url\":\"https:\\\/\\\/hairdeluxe.ee\\\/fi\\\/\",\"name\":\"Hair Deluxe\",\"description\":\"Highlight your natural beauty\",\"publisher\":{\"@id\":\"https:\\\/\\\/hairdeluxe.ee\\\/fi\\\/#organization\"},\"potentialAction\":[{\"@type\":\"SearchAction\",\"target\":{\"@type\":\"EntryPoint\",\"urlTemplate\":\"https:\\\/\\\/hairdeluxe.ee\\\/fi\\\/?s={search_term_string}\"},\"query-input\":{\"@type\":\"PropertyValueSpecification\",\"valueRequired\":true,\"valueName\":\"search_term_string\"}}],\"inLanguage\":\"fi\"},{\"@type\":\"Organization\",\"@id\":\"https:\\\/\\\/hairdeluxe.ee\\\/fi\\\/#organization\",\"name\":\"Hair Deluxe\",\"url\":\"https:\\\/\\\/hairdeluxe.ee\\\/fi\\\/\",\"logo\":{\"@type\":\"ImageObject\",\"inLanguage\":\"fi\",\"@id\":\"https:\\\/\\\/hairdeluxe.ee\\\/fi\\\/#\\\/schema\\\/logo\\\/image\\\/\",\"url\":\"https:\\\/\\\/hairdeluxe.ee\\\/wp-content\\\/uploads\\\/2024\\\/06\\\/Hair-Deluxe-Logo-Dark-font.png\",\"contentUrl\":\"https:\\\/\\\/hairdeluxe.ee\\\/wp-content\\\/uploads\\\/2024\\\/06\\\/Hair-Deluxe-Logo-Dark-font.png\",\"width\":467,\"height\":177,\"caption\":\"Hair Deluxe\"},\"image\":{\"@id\":\"https:\\\/\\\/hairdeluxe.ee\\\/fi\\\/#\\\/schema\\\/logo\\\/image\\\/\"},\"sameAs\":[\"https:\\\/\\\/www.facebook.com\\\/blowbartallinn\",\"https:\\\/\\\/www.instagram.com\\\/blowbar_tallinn\"]}]}<\/script>\n<!-- \/ Yoast SEO plugin. -->","yoast_head_json":{"title":"BALMAIN HAIR komplekt meestele \/ Homme Styling Set, 3 product - Hair Deluxe","robots":{"index":"index","follow":"follow","max-snippet":"max-snippet:-1","max-image-preview":"max-image-preview:large","max-video-preview":"max-video-preview:-1"},"canonical":"https:\/\/hairdeluxe.ee\/fi\/product\/balmain-hair-komplekt-meestele-homme-styling-set-3-product\/","og_locale":"fi_FI","og_type":"article","og_title":"BALMAIN HAIR komplekt meestele \/ Homme Styling Set, 3 product - Hair Deluxe","og_description":"Limited Edition Homme Styling Set on suurep\u00e4rane kombinatsioon parimatest soengu stiliseerimiseks vajalikest toodetest. See sisaldab: - Medium Styling Gel soengugeeli - 14K kullaga kaetud Golden Styling Comb juuksekammi - Balmain Hair Homme juukseparf\u00fc\u00fcm 15ml. Styling Gel Medium juuksegeel on professionaalne, kerge geel, mis tagab kauakestva keskmise p\u00fcsivuse. Intensiivse merevaigu- ja puidul\u00f5hnaga veep\u00f5hine koostis pakub v\u00f5imalust luua helbevabu soenguid. Niiskuskindel geel aktiveerib, m\u00e4\u00e4ratleb ja kontrollib loomulikke lokke ilma juukseid koormamata, v\u00f5imaldades teil juukseid vaevata soengusse seada. Professionaalne 14K kullatud juuksekamm v\u00f5imaldab teil vaevata luua t\u00e4iusliku soengu. Laiad kammipiid sobivad ideaalselt juuste lahtiharutamiseks ja kujundamiseks. See elegantne kamm lisab teie juustele tekstuuri ja s\u00e4ra ning sobib suurep\u00e4raselt m\u00e4rgade juuste \u00f5rnaks lahtiharutamiseks ilma juukseid kahjustamata. T\u00e4iendage oma soengut Balmain Hair Homme juukseparf\u00fc\u00fcmiga. See rafineeritud parf\u00fc\u00fcm \u00fchendab bergamoti v\u00e4rsked tsitruselised noodid kuiva sandlipuu sooja ja puiduse aroomiga. Rikastatud siidiproteiini ja argaaniaeliksiiriga, mis tagab teie juustele toitva ja taastava toime ning meeldiva aroomi. Selle parf\u00fc\u00fcmi avanoodid on bergamot, greip ja mandariin, millele j\u00e4rgneb olibanumi, musta pipra ja lavendli s\u00fcdamenoodid ning l\u00f5peb pat\u0161uli, vetiveri, merevaigu ja sandlipuu p\u00f5hjaga.","og_url":"https:\/\/hairdeluxe.ee\/fi\/product\/balmain-hair-komplekt-meestele-homme-styling-set-3-product\/","og_site_name":"Hair Deluxe","article_publisher":"https:\/\/www.facebook.com\/blowbartallinn","article_modified_time":"2025-10-07T03:55:25+00:00","og_image":[{"width":800,"height":800,"url":"https:\/\/hairdeluxe.ee\/wp-content\/uploads\/2025\/09\/balmainhair_balmainhomme_limitededition_hommestylingset_le_cs_m_s_set_c4_24_01__1fc5.jpg","type":"image\/jpeg"}],"twitter_card":"summary_large_image","schema":{"@context":"https:\/\/schema.org","@graph":[{"@type":"WebPage","@id":"https:\/\/hairdeluxe.ee\/fi\/product\/balmain-hair-komplekt-meestele-homme-styling-set-3-product\/","url":"https:\/\/hairdeluxe.ee\/fi\/product\/balmain-hair-komplekt-meestele-homme-styling-set-3-product\/","name":"BALMAIN HAIR komplekt meestele \/ Homme Styling Set, 3 product - Hair Deluxe","isPartOf":{"@id":"https:\/\/hairdeluxe.ee\/fi\/#website"},"primaryImageOfPage":{"@id":"https:\/\/hairdeluxe.ee\/fi\/product\/balmain-hair-komplekt-meestele-homme-styling-set-3-product\/#primaryimage"},"image":{"@id":"https:\/\/hairdeluxe.ee\/fi\/product\/balmain-hair-komplekt-meestele-homme-styling-set-3-product\/#primaryimage"},"thumbnailUrl":"https:\/\/hairdeluxe.ee\/wp-content\/uploads\/2025\/09\/balmainhair_balmainhomme_limitededition_hommestylingset_le_cs_m_s_set_c4_24_01__1fc5.jpg","datePublished":"2025-09-20T20:21:17+00:00","dateModified":"2025-10-07T03:55:25+00:00","breadcrumb":{"@id":"https:\/\/hairdeluxe.ee\/fi\/product\/balmain-hair-komplekt-meestele-homme-styling-set-3-product\/#breadcrumb"},"inLanguage":"fi","potentialAction":[{"@type":"ReadAction","target":["https:\/\/hairdeluxe.ee\/fi\/product\/balmain-hair-komplekt-meestele-homme-styling-set-3-product\/"]}]},{"@type":"ImageObject","inLanguage":"fi","@id":"https:\/\/hairdeluxe.ee\/fi\/product\/balmain-hair-komplekt-meestele-homme-styling-set-3-product\/#primaryimage","url":"https:\/\/hairdeluxe.ee\/wp-content\/uploads\/2025\/09\/balmainhair_balmainhomme_limitededition_hommestylingset_le_cs_m_s_set_c4_24_01__1fc5.jpg","contentUrl":"https:\/\/hairdeluxe.ee\/wp-content\/uploads\/2025\/09\/balmainhair_balmainhomme_limitededition_hommestylingset_le_cs_m_s_set_c4_24_01__1fc5.jpg","width":800,"height":800},{"@type":"BreadcrumbList","@id":"https:\/\/hairdeluxe.ee\/fi\/product\/balmain-hair-komplekt-meestele-homme-styling-set-3-product\/#breadcrumb","itemListElement":[{"@type":"ListItem","position":1,"name":"Home","item":"https:\/\/hairdeluxe.ee\/fi\/"},{"@type":"ListItem","position":2,"name":"Kauppa","item":"https:\/\/hairdeluxe.ee\/fi\/shop\/"},{"@type":"ListItem","position":3,"name":"BALMAIN HAIR komplekt meestele \/ Homme Styling Set, 3 product"}]},{"@type":"WebSite","@id":"https:\/\/hairdeluxe.ee\/fi\/#website","url":"https:\/\/hairdeluxe.ee\/fi\/","name":"Hair Deluxe","description":"Highlight your natural beauty","publisher":{"@id":"https:\/\/hairdeluxe.ee\/fi\/#organization"},"potentialAction":[{"@type":"SearchAction","target":{"@type":"EntryPoint","urlTemplate":"https:\/\/hairdeluxe.ee\/fi\/?s={search_term_string}"},"query-input":{"@type":"PropertyValueSpecification","valueRequired":true,"valueName":"search_term_string"}}],"inLanguage":"fi"},{"@type":"Organization","@id":"https:\/\/hairdeluxe.ee\/fi\/#organization","name":"Hair Deluxe","url":"https:\/\/hairdeluxe.ee\/fi\/","logo":{"@type":"ImageObject","inLanguage":"fi","@id":"https:\/\/hairdeluxe.ee\/fi\/#\/schema\/logo\/image\/","url":"https:\/\/hairdeluxe.ee\/wp-content\/uploads\/2024\/06\/Hair-Deluxe-Logo-Dark-font.png","contentUrl":"https:\/\/hairdeluxe.ee\/wp-content\/uploads\/2024\/06\/Hair-Deluxe-Logo-Dark-font.png","width":467,"height":177,"caption":"Hair Deluxe"},"image":{"@id":"https:\/\/hairdeluxe.ee\/fi\/#\/schema\/logo\/image\/"},"sameAs":["https:\/\/www.facebook.com\/blowbartallinn","https:\/\/www.instagram.com\/blowbar_tallinn"]}]}},"_links":{"self":[{"href":"https:\/\/hairdeluxe.ee\/fi\/wp-json\/wp\/v2\/product\/52205","targetHints":{"allow":["GET"]}}],"collection":[{"href":"https:\/\/hairdeluxe.ee\/fi\/wp-json\/wp\/v2\/product"}],"about":[{"href":"https:\/\/hairdeluxe.ee\/fi\/wp-json\/wp\/v2\/types\/product"}],"wp:featuredmedia":[{"embeddable":true,"href":"https:\/\/hairdeluxe.ee\/fi\/wp-json\/wp\/v2\/media\/52240"}],"wp:attachment":[{"href":"https:\/\/hairdeluxe.ee\/fi\/wp-json\/wp\/v2\/media?parent=52205"}],"wp:term":[{"taxonomy":"product_brand","embeddable":true,"href":"https:\/\/hairdeluxe.ee\/fi\/wp-json\/wp\/v2\/product_brand?post=52205"},{"taxonomy":"product_cat","embeddable":true,"href":"https:\/\/hairdeluxe.ee\/fi\/wp-json\/wp\/v2\/product_cat?post=52205"},{"taxonomy":"product_tag","embeddable":true,"href":"https:\/\/hairdeluxe.ee\/fi\/wp-json\/wp\/v2\/product_tag?post=52205"}],"curies":[{"name":"wp","href":"https:\/\/api.w.org\/{rel}","templated":true}]}}